{"id":2612,"date":"2019-01-22T11:43:17","date_gmt":"2019-01-22T11:43:17","guid":{"rendered":"https:\/\/www.clixtell.com\/?page_id=2612"},"modified":"2020-11-01T11:11:41","modified_gmt":"2020-11-01T11:11:41","slug":"2612-2","status":"publish","type":"page","link":"https:\/\/www.clixtell.com\/es\/","title":{"rendered":"Clixtell -Seguimiento de llamadas | Haga clic en protecci\u00f3n contra el fraude | Grabador de v\u00eddeo del sitio web"},"content":{"rendered":"<div class=\"home-content\">\r\n<div class=\"background\"><\/div>\r\n<section>\r\n\t<div class=\"container\">\r\n\t\t<div class=\"main\">\r\n\t\t\t<div class=\"row\">\r\n\t\t\t\t<div class=\"col-md-6\" style=\"padding-top: 16%;\">\r\n\t\t\t\t\t<h1 style=\"color: #fff;\">Domina Tu Marketing Digital<\/h1>\r\n\t\t\t\t\t<h3 style=\"color: #fff; margin-top: 3vh;\"> Rastree Y Registre Llamadas, Detenga La Actividad De Fraude Y Vea Su Sitio Web A Trav\u00e9s De Los Ojos De Sus Visitantes.<\/h3>\r\n\t\t\t\t\t<div class=\"row\" style=\"margin-top: 3vh;\">\r\n                    \t<a href=\"https:\/\/www.clixtell.com\/freetrial\/?plan=1\" class=\"whitecfbtn bigbtn\">Start Free Trial<\/a>\r\n\t\t\t\t\t<\/div>\r\n\t\t\t\t<\/div>\r\n\t\t\t\t<div class=\"col-md-6\" style=\"padding-top: 7%;\">\r\n\t\t\t\t\t<video src=\"https:\/\/statics.clixtell.com\/wp-content\/uploads\/homepage-animation-comp.webm\" autoplay loop playsinline muted type=\"video\/webm\" style=\"position: absolute; left: -100px;\" class=\"mob-img d-none d-md-block\"><\/video>\r\n\t\t\t\t\t<img decoding=\"async\" src=\"https:\/\/statics.clixtell.com\/wp-content\/uploads\/main-illustration@3x-8.png\" class=\"mob-img d-block d-md-none\">\r\n\t\t\t\t<\/div>\r\n\t\t\t<\/div>\r\n\t\t<\/div>\r\n\t<\/div>\r\n<\/div>\r\n<\/section>\r\n<section>\r\n\t<div class=\"container\">\r\n\t\t<h1 class=\"center\">Nuestros Productos<\/h1>\r\n\t\t<div class=\"row mproduct\">\r\n\t\t\t<!--div class=\"col-lg-6 d-block d-lg-none center\">\r\n\t\t\t\t<img decoding=\"async\" src=\"https:\/\/statics.clixtell.com\/wp-content\/uploads\/call-tracking@3x-8.png\" alt=\"call tracking\" class=\"mob-img\">\r\n\t\t\t<\/div-->\r\n\t\t\t<div class=\"col-lg-6\" style=\"padding-top:5%;\">\r\n\t\t\t\t<div class=\"row\"><img decoding=\"async\" src=\"https:\/\/statics.clixtell.com\/wp-content\/uploads\/ct.svg\" \/>\r\n\t\t\t\t<span class=\"title cct\">Seguimiento De Llamadas<\/span><\/div>\r\n\t\t\t\t\t<div class=\"row content\">\r\n\t\t\t\t\t\t<div class=\"product-text\">Nuestro software avanzado de seguimiento de llamadas revela qu\u00e9 palabras clave de b\u00fasqueda, campa\u00f1as y anuncios generan llamadas y conversiones. Vea el viaje completo de su cliente desde la b\u00fasqueda a trav\u00e9s de su sitio web, hasta las llamadas y la conversi\u00f3n. Nuestra poderosa herramienta de an\u00e1lisis de llamadas alimentar\u00e1 su Google Analytics y Google Ads con datos de seguimiento de llamadas que lo ayudar\u00e1n a optimizar las campa\u00f1as y aumentar el retorno de la inversi\u00f3n.<\/div>\r\n\t\t\t\t\t\t<\/div>\r\n\t\t\t\t\t\t<div class=\"row cta\"><a href=\"https:\/\/www.clixtell.com\/es\/seguimiento-de-llamadas\/\"><img decoding=\"async\" src=\"https:\/\/statics.clixtell.com\/wp-content\/uploads\/ctlm.png\" \/><\/a><\/div>\r\n\t\t\t\t\t<\/div>\r\n\t\t\t\t\t<div class=\"col-lg-6 d-none d-lg-block\"><video src=\"https:\/\/statics.clixtell.com\/wp-content\/uploads\/ct-feat.webm\" autoplay loop playsinline muted type=\"video\/webm\"><\/video><\/div>\r\n\t\t\t\t<\/div>\r\n\t\t\t\t<div class=\"row mproduct\">\r\n\t\t\t\t\t<div class=\"col-lg-6 d-none d-lg-block\"><video src=\"https:\/\/statics.clixtell.com\/wp-content\/uploads\/cf-feat.webm\" autoplay loop playsinline muted type=\"video\/webm\"><\/video>\r\n\t\t\t\t\t<\/div>\r\n\t\t\t\t\t<!--div class=\"col-lg-6 d-block d-lg-none center\">\r\n\t\t\t\t\t\t<img decoding=\"async\" src=\"https:\/\/statics.clixtell.com\/wp-content\/uploads\/click-fraud-02@3x.png\" alt=\"click fraud protection software\" class=\"mob-img\">\r\n\t\t\t\t\t<\/div-->\r\n\t\t\t\t\t<div class=\"col-lg-6\" style=\"padding-top: 25px;\">\r\n\t\t\t\t\t\t<div class=\"row\"><img decoding=\"async\" src=\"https:\/\/statics.clixtell.com\/wp-content\/uploads\/cf.svg\" \/>\r\n\t\t\t\t\t\t<span style=\"font-size: 27px; color: #0080ff; letter-spacing: 0.39px; line-height: 53px;\"> Protecci\u00f3n Contra Fraude De Clics<\/span><\/div>\r\n\t\t\t\t\t\t<div class=\"row\" style=\"margin-top: 17px; padding-left: 20px;\">\r\n\t\t\t\t\t\t\t<div class=\"product-text\">Controlamos todas y cada una de las visitas a su sitio web, detectamos el fraude de clics y aseguramos su presupuesto de PPC al bloquear cualquier intento de atacar sus campa\u00f1as de Google Ads y Bing Ads. Con Clixtell, puede evitar de forma inmediata y autom\u00e1tica que los atacantes vean sus anuncios. Nuestro software f\u00e1cil de usar le permite asegurar su presupuesto de Google Ads al evitar constantemente la actividad de fraude de clics.<\/div>\r\n\t\t\t\t\t\t<\/div>\r\n\t\t\t\t\t\t<div class=\"row\" style=\"margin-top: 44px;\"><a href=\"https:\/\/www.clixtell.com\/es\/haga-clic-proteccion\/\"><img decoding=\"async\" src=\"https:\/\/statics.clixtell.com\/wp-content\/uploads\/cflm.png\" \/><\/a><\/div>\r\n\t\t\t\t\t<\/div>\r\n\t\t\t\t<\/div>\r\n\t\t\t\t<div class=\"row mproduct\">\r\n\t\t\t\t\t<!--div class=\"col-lg-6 d-block d-lg-none center\">\r\n\t\t\t\t\t\t<img decoding=\"async\" src=\"https:\/\/statics.clixtell.com\/wp-content\/uploads\/video-recorder@3x.png\" class=\"mob-img\">\r\n\t\t\t\t\t<\/div-->\r\n\t\t\t\t\t<div class=\"col-lg-6\" style=\"padding-top:8%;\">\r\n\t\t\t\t\t\t<div class=\"row\"><img decoding=\"async\" src=\"https:\/\/statics.clixtell.com\/wp-content\/uploads\/wr.svg\" \/>\r\n\t\t\t\t\t\t<span class=\"title\" style=\"color: #b53dff;\">Grabador de Video Del Sitio Web<\/span><\/div>\r\n\t\t\t\t\t\t<div class=\"row content\">\r\n\t\t\t\t\t\t\t<div class=\"product-text\">Observe y comprenda el comportamiento de los visitantes de su sitio web con informaci\u00f3n visual clara y \u00fatil. Nuestro registrador de sesiones le brinda una imagen completa de los visitantes de su sitio web y detalles completos de los movimientos de sus mouse (rat\u00f3n), clics, desplazamientos y escritura de texto. Ahora puede ver su sitio web a trav\u00e9s de los ojos de sus visitantes<\/div>\r\n\t\t\t\t\t\t<\/div>\r\n\t\t\t\t\t\t<div class=\"row cta\"><a href=\"https:\/\/www.clixtell.com\/es\/grabador-del-sitio-web-en-video\/\"><img decoding=\"async\" src=\"https:\/\/statics.clixtell.com\/wp-content\/uploads\/wrlm.png\" \/><\/a><\/div>\r\n\t\t\t\t\t<\/div>\r\n\t\t\t\t\t<div class=\"col-lg-6 d-none d-lg-block\"><video src=\"https:\/\/statics.clixtell.com\/wp-content\/uploads\/vr-feat.webm\" autoplay loop playsinline muted type=\"video\/webm\"><\/video><\/div>\r\n\t\t\t\t<\/div>\r\n\t\t\t<\/div>\r\n<\/section>\r\n<section style=\"margin-top:100px;\">\r\n\t<div class=\"container\">\r\n\t<h1 class=\"center\" style=\"margin-bottom: 53px;\">Sobre Nosotros<\/h1>\r\n\t\t<div class=\"row\">\r\n\t\t\t<div class=\"col-lg-4\">\r\n\t\t\t\t<span class=\"aheader\">Soluciones Avanzadas<\/span>\r\n\t\t\t\t<div style=\"margin-top: 22px;\">\r\n\t\t\t\t<p class=\"acontent\">Clixtell es un l\u00edder mundial en proporcionar soluciones de vanguardia para el seguimiento de llamadas y prevenir el fraude de clics. El historial profesional de la compa\u00f1\u00eda se basa en la experiencia adquirida por a\u00f1os de experiencia&#8230;<\/p>\r\n\t\t\t\t<\/div>\r\n\t\t\t\t<div class=\"alink\"><a href=\"https:\/\/www.clixtell.com\/about-us\/\">M\u00e1s Informaci\u00f3n &gt;<\/a><\/div>\r\n\t\t\t<\/div>\r\n\t\t\t<div class=\"col-lg-4\">\r\n\t\t\t<span class=\"aheader\">Todo Tipo de Negocio<\/span>\r\n\t\t\t<div style=\"margin-top: 22px;\">\r\n\t\t\t\t<p class=\"acontent\">La compa\u00f1\u00eda proporciona soluciones a medida para grandes agencias, as\u00ed como para peque\u00f1as empresas en todo el mundo. Sus planes a prueba de balas y flexibles est\u00e1n dise\u00f1ados para satisfacer a todos los clientes de acuerdo&#8230;<\/p>\r\n\r\n\t\t\t<\/div>\r\n\t\t\t<div class=\"alink\"><a href=\"https:\/\/www.clixtell.com\/about-us\/\">M\u00e1s Informaci\u00f3n &gt;<\/a><\/div>\r\n\t\t<\/div>\r\n\t\t<div class=\"col-lg-4\">\r\n\t\t\t<span class=\"aheader\">Herramientas Avanzadas<\/span>\r\n\t\t\t\t<div style=\"margin-top: 22px;\">\r\n\t\t\t\t\t<p class=\"acontent\">En un mundo din\u00e1mico que tiene que ver con el rendimiento, las conversiones y los resultados, un mundo en el que constantemente necesita ser el primero y esforzarse m\u00e1s que sus competidores&#8230;<\/p>\r\n\r\n\t\t\t\t<\/div>\r\n\t\t\t\t<div class=\"alink\"><a href=\"https:\/\/www.clixtell.com\/about-us\/\">M\u00e1s Informaci\u00f3n &gt;<\/a><\/div>\r\n\t\t\t<\/div>\r\n\t\t<\/div>\r\n\t<\/div>\r\n<\/section>\r\n<script>window.jQuery || document.write('<script src=\"..\/..\/assets\/js\/vendor\/jquery-slim.min.js\"><\\\/script>')<\/script>","protected":false},"excerpt":{"rendered":"Domina Tu Marketing Digital Rastree Y Registre Llamadas, Detenga La Actividad De Fraude Y Vea Su Sitio Web A Trav\u00e9s De Los Ojos De Sus Visitantes. Start Free Trial Nuestros Productos Seguimiento De Llamadas Nuestro software avanzado de seguimiento de llamadas revela qu\u00e9 palabras clave de b\u00fasqueda, campa\u00f1as y anuncios generan llamadas y conversiones. Vea [&hellip;]","protected":false},"author":1,"featured_media":0,"parent":0,"menu_order":0,"comment_status":"closed","ping_status":"closed","template":"","meta":{"footnotes":""},"class_list":["post-2612","page","type-page","status-publish","hentry"],"yoast_head":"<!-- This site is optimized with the Yoast SEO plugin v26.8 - https:\/\/yoast.com\/product\/yoast-seo-wordpress\/ -->\n<title>Clixtell -Seguimiento de llamadas | Haga clic en protecci\u00f3n contra el fraude | Grabador de v\u00eddeo del sitio web<\/title>\n<meta name=\"description\" content=\"Clixtell is a world leader in providing cutting edge solutions for call tracking, detecting &amp; preventing PPC fraud activity, and website video recording.\" \/>\n<meta name=\"robots\" content=\"index, follow, max-snippet:-1, max-image-preview:large, max-video-preview:-1\" \/>\n<link rel=\"canonical\" href=\"https:\/\/www.clixtell.com\/es\/\" \/>\n<meta property=\"og:locale\" content=\"es_ES\" \/>\n<meta property=\"og:type\" content=\"article\" \/>\n<meta property=\"og:title\" content=\"Clixtell -Seguimiento de llamadas | Haga clic en protecci\u00f3n contra el fraude | Grabador de v\u00eddeo del sitio web\" \/>\n<meta property=\"og:description\" content=\"Clixtell is a world leader in providing cutting edge solutions for call tracking, detecting &amp; preventing PPC fraud activity, and website video recording.\" \/>\n<meta property=\"og:url\" content=\"https:\/\/www.clixtell.com\/es\/\" \/>\n<meta property=\"og:site_name\" content=\"Click Fraud Protection | Call Tracking | Website Video Recorder | Clixtell\u2122\" \/>\n<meta property=\"article:publisher\" content=\"http:\/\/facebook.com\/clixtell\" \/>\n<meta property=\"article:modified_time\" content=\"2020-11-01T11:11:41+00:00\" \/>\n<meta property=\"og:image\" content=\"https:\/\/statics.clixtell.com\/wp-content\/uploads\/main-illustration@3x-8.png\" \/>\n<meta name=\"twitter:card\" content=\"summary_large_image\" \/>\n<meta name=\"twitter:site\" content=\"@clixtell\" \/>\n<meta name=\"twitter:label1\" content=\"Tiempo de lectura\" \/>\n\t<meta name=\"twitter:data1\" content=\"2 minutos\" \/>\n<!-- \/ Yoast SEO plugin. -->","yoast_head_json":{"title":"Clixtell -Seguimiento de llamadas | Haga clic en protecci\u00f3n contra el fraude | Grabador de v\u00eddeo del sitio web","description":"Clixtell is a world leader in providing cutting edge solutions for call tracking, detecting & preventing PPC fraud activity, and website video recording.","robots":{"index":"index","follow":"follow","max-snippet":"max-snippet:-1","max-image-preview":"max-image-preview:large","max-video-preview":"max-video-preview:-1"},"canonical":"https:\/\/www.clixtell.com\/es\/","og_locale":"es_ES","og_type":"article","og_title":"Clixtell -Seguimiento de llamadas | Haga clic en protecci\u00f3n contra el fraude | Grabador de v\u00eddeo del sitio web","og_description":"Clixtell is a world leader in providing cutting edge solutions for call tracking, detecting & preventing PPC fraud activity, and website video recording.","og_url":"https:\/\/www.clixtell.com\/es\/","og_site_name":"Click Fraud Protection | Call Tracking | Website Video Recorder | Clixtell\u2122","article_publisher":"http:\/\/facebook.com\/clixtell","article_modified_time":"2020-11-01T11:11:41+00:00","og_image":[{"url":"https:\/\/statics.clixtell.com\/wp-content\/uploads\/main-illustration@3x-8.png","type":"","width":"","height":""}],"twitter_card":"summary_large_image","twitter_site":"@clixtell","twitter_misc":{"Tiempo de lectura":"2 minutos"},"schema":{"@context":"https:\/\/schema.org","@graph":[{"@type":"WebPage","@id":"https:\/\/www.clixtell.com\/es\/","url":"https:\/\/www.clixtell.com\/es\/","name":"Clixtell -Seguimiento de llamadas | Haga clic en protecci\u00f3n contra el fraude | Grabador de v\u00eddeo del sitio web","isPartOf":{"@id":"https:\/\/www.clixtell.com\/es\/#website"},"primaryImageOfPage":{"@id":"https:\/\/www.clixtell.com\/es\/#primaryimage"},"image":{"@id":"https:\/\/www.clixtell.com\/es\/#primaryimage"},"thumbnailUrl":"https:\/\/statics.clixtell.com\/wp-content\/uploads\/main-illustration@3x-8.png","datePublished":"2019-01-22T11:43:17+00:00","dateModified":"2020-11-01T11:11:41+00:00","description":"Clixtell is a world leader in providing cutting edge solutions for call tracking, detecting & preventing PPC fraud activity, and website video recording.","breadcrumb":{"@id":"https:\/\/www.clixtell.com\/es\/#breadcrumb"},"inLanguage":"es","potentialAction":[{"@type":"ReadAction","target":["https:\/\/www.clixtell.com\/es\/"]}]},{"@type":"ImageObject","inLanguage":"es","@id":"https:\/\/www.clixtell.com\/es\/#primaryimage","url":"https:\/\/statics.clixtell.com\/wp-content\/uploads\/main-illustration@3x-8.png","contentUrl":"https:\/\/statics.clixtell.com\/wp-content\/uploads\/main-illustration@3x-8.png"},{"@type":"BreadcrumbList","@id":"https:\/\/www.clixtell.com\/es\/#breadcrumb","itemListElement":[{"@type":"ListItem","position":1,"name":"Home","item":"https:\/\/www.clixtell.com\/es\/"},{"@type":"ListItem","position":2,"name":"Clixtell -Seguimiento de llamadas | Haga clic en protecci\u00f3n contra el fraude | Grabador de v\u00eddeo del sitio web"}]},{"@type":"WebSite","@id":"https:\/\/www.clixtell.com\/es\/#website","url":"https:\/\/www.clixtell.com\/es\/","name":"Click Fraud Protection | Call Tracking | Website Video Recorder | Clixtell\u2122","description":"Safe &amp; Sound Digital Marketing","publisher":{"@id":"https:\/\/www.clixtell.com\/es\/#organization"},"potentialAction":[{"@type":"SearchAction","target":{"@type":"EntryPoint","urlTemplate":"https:\/\/www.clixtell.com\/es\/?s={search_term_string}"},"query-input":{"@type":"PropertyValueSpecification","valueRequired":true,"valueName":"search_term_string"}}],"inLanguage":"es"},{"@type":"Organization","@id":"https:\/\/www.clixtell.com\/es\/#organization","name":"Clixtell","url":"https:\/\/www.clixtell.com\/es\/","logo":{"@type":"ImageObject","inLanguage":"es","@id":"https:\/\/www.clixtell.com\/es\/#\/schema\/logo\/image\/","url":"https:\/\/www.clixtell.com\/wp-content\/uploads\/logoc.png","contentUrl":"https:\/\/www.clixtell.com\/wp-content\/uploads\/logoc.png","width":168,"height":43,"caption":"Clixtell"},"image":{"@id":"https:\/\/www.clixtell.com\/es\/#\/schema\/logo\/image\/"},"sameAs":["http:\/\/facebook.com\/clixtell","https:\/\/x.com\/clixtell"]}]}},"_links":{"self":[{"href":"https:\/\/www.clixtell.com\/es\/wp-json\/wp\/v2\/pages\/2612","targetHints":{"allow":["GET"]}}],"collection":[{"href":"https:\/\/www.clixtell.com\/es\/wp-json\/wp\/v2\/pages"}],"about":[{"href":"https:\/\/www.clixtell.com\/es\/wp-json\/wp\/v2\/types\/page"}],"author":[{"embeddable":true,"href":"https:\/\/www.clixtell.com\/es\/wp-json\/wp\/v2\/users\/1"}],"replies":[{"embeddable":true,"href":"https:\/\/www.clixtell.com\/es\/wp-json\/wp\/v2\/comments?post=2612"}],"version-history":[{"count":0,"href":"https:\/\/www.clixtell.com\/es\/wp-json\/wp\/v2\/pages\/2612\/revisions"}],"wp:attachment":[{"href":"https:\/\/www.clixtell.com\/es\/wp-json\/wp\/v2\/media?parent=2612"}],"curies":[{"name":"wp","href":"https:\/\/api.w.org\/{rel}","templated":true}]}}