{"id":2639,"date":"2019-01-22T13:28:07","date_gmt":"2019-01-22T13:28:07","guid":{"rendered":"https:\/\/www.clixtell.com\/?page_id=2639"},"modified":"2019-01-24T08:01:25","modified_gmt":"2019-01-24T08:01:25","slug":"como-funciona","status":"publish","type":"page","link":"https:\/\/www.clixtell.com\/es\/haga-clic-proteccion\/como-funciona\/","title":{"rendered":"Como Funciona | Protecci\u00f3n automatizada contra el fraude de clics | Clixtell"},"content":{"rendered":"\t<style>\r\n\tp { height: auto; width: auto; color: #000E4D; font-family: Roboto; font-size: 16px; letter-spacing: 0.31px; line-height: 28px; font-weight: 400;}\r\n\th2 { color: #53AAFF; font-size: 25px;\tfont-weight: 400;\tletter-spacing: 0.49px;\tline-height: 28px; }\r\n<\/style>\r\n\r\n\t<div class=\"container mob-marg\">\r\n\t\t<div class=\"row\">\r\n\t\t\t<div class=\"col-lg-8\">\r\n\t\t\t\t<h1 style=\"color: #fff; text-align: left; margin-top:5vh\"><br>C\u00f3mo Podemos Detener Su Actividad de Clics No V\u00e1lidos<\/h1>\r\n\t\t\t\t<h3 style=\"color: #FFFFFF;\">Monitoriza, detecta, protege y potencia tu marketing digital.<\/h3>\r\n\t\t\t<\/div>\r\n\t\t<\/div>\r\n<\/div>\r\n\r\n<\/div>\r\n<\/div>\r\n<\/div><!--header-->\r\n<div class=\"container\" style=\"margin-top: 80px;\">\r\n\t<h1 style=\"color: #0080FF; text-align: center;\">Como Funciona<\/h1>\r\n\t<div class=\"row\" style=\"margin-top: 50px;  padding-bottom: 37px;\">\r\n\t\t<div class=\"col-lg-2\">\r\n\t\t\t<h3 style=\"\tcolor: #0080FF;\tfont-family: Sans-Serif;\tfont-size: 60px; font-weight: 500;\tletter-spacing: 0.59px;\tline-height: 28px; margin-top: 15px;\">01<\/h3>\r\n\t\t\t<h4 style=\"\tcolor: #0080FF;\tfont-family: Roboto; font-size: 24px;\tfont-weight: 500;\tletter-spacing: 0.47px;\tline-height: 28px; margin-top: 15px;\">Configuraci\u00f3n f\u00e1cil<\/h4>\r\n\t\t<\/div>\r\n\t\t<div class=\"col-lg-9\">\r\n\t\t\t<div style=\"width: auto;\tcolor: #000E4D;\tfont-family: Roboto;\tfont-size: 16px;\tletter-spacing: 0.31px;\tline-height: 28px;\">Una vez que se haya registrado, le enviaremos un correo electr\u00f3nico con el nombre de usuario y la contrase\u00f1a de su cuenta. <br><img decoding=\"async\" src=\"https:\/\/statics.clixtell.com\/wp-content\/uploads\/ic_arrow_forward_24px-5.svg\" style=\" margin: 10px;\"> Siga nuestras instrucciones en el asistente de bienvenida <br><img decoding=\"async\" src=\"https:\/\/statics.clixtell.com\/wp-content\/uploads\/ic_arrow_forward_24px-5.svg\" style=\" margin: 10px;\">  Simplemente integre su cuenta de Google Ads. .<br><img decoding=\"async\" src=\"https:\/\/statics.clixtell.com\/wp-content\/uploads\/ic_arrow_forward_24px-5.svg\" style=\" margin: 10px;\"> Inserte un javascript de seguimiento en su sitio web o use nuestro complemento de WordPress <br><img decoding=\"async\" src=\"https:\/\/statics.clixtell.com\/wp-content\/uploads\/ic_arrow_forward_24px-5.svg\" style=\" margin: 10px;\">Establezca su perfil de seguridad. <\/div>\r\n\t\t<\/div>\r\n\t<\/div>\r\n\t<div style=\"height: 1px; border: 1px solid #ECECEC;\"><\/div>\r\n\t<div class=\"row\" style=\"margin-top: 37px;  padding-bottom: 37px;\">\r\n\t\t<div class=\"col-lg-2\">\r\n\t\t\t<h3 style=\"\tcolor: #0080FF;\tfont-family: Sans-Serif;\tfont-size: 60px; font-weight: 500;\tletter-spacing: 0.59px;\tline-height: 28px; margin-top: 15px;\">02<\/h3>\r\n\t\t\t<h4 style=\"\tcolor: #0080FF;\tfont-family: Roboto; font-size: 24px;\tfont-weight: 500;\tletter-spacing: 0.47px;\tline-height: 28px; margin-top: 15px;\">Vigilancia<\/h4>\r\n\t\t<\/div>\r\n\t\t<div class=\"col-lg-9\">\r\n\t\t\t<div style=\"width: auto;\tcolor: #000E4D;\tfont-family: Roboto;\tfont-size: 16px;\tletter-spacing: 0.31px;\tline-height: 28px;\">Clixtell comenzar\u00e1 a monitorear de inmediato todos y cada uno de los clics en su sitio web y campa\u00f1as de marketing digital, analizar\u00e1 cada direcci\u00f3n IP, ID de dispositivo \u00fanica, proveedores de servicios de red, proveedores de VPN, servidores proxy, geolocalizaci\u00f3n, palabras clave, tiempo en la p\u00e1gina y m\u00e1s, registrando todos sus Los visitantes del sitio web por video, buscando actividad de clics no v\u00e1lidos.\r\npage and more, recording all your website visitors by video, searching for invalid click activity. <\/div>\r\n\t\t<\/div>\r\n\t<\/div>\r\n\t<div style=\"box-sizing: border-box;\theight: 1px; border: 1px solid #ECECEC;\"><\/div>\r\n\t<div class=\"row\" style=\"margin-top: 37px;  padding-bottom: 37px;\">\r\n\t\t<div class=\"col-lg-2\">\r\n\t\t\t<h3 style=\"\tcolor: #0080FF;\tfont-family: Sans-Serif;\tfont-size: 60px; font-weight: 500;\tletter-spacing: 0.59px;\tline-height: 28px; margin-top: 15px;\">03<\/h3>\r\n\t\t\t<h4 style=\"\tcolor: #0080FF;\tfont-family: Roboto; font-size: 24px;\tfont-weight: 500;\tletter-spacing: 0.47px;\tline-height: 28px; margin-top: 15px;\">Detector<\/h4>\r\n\t\t<\/div>\r\n\t\t<div class=\"col-lg-9\">\r\n\t\t\t<div style=\"width: auto;\tcolor: #000E4D;\tfont-family: Roboto;\tfont-size: 16px;\tletter-spacing: 0.31px;\tline-height: 28px;\">Nuestro servicio de fraude de clics de Google Ads detecta actividad fraudulenta en sus campa\u00f1as de PPC. Al utilizar nuestro aprendizaje avanzado de m\u00e1quina de fraude de clics combinando con su configuraci\u00f3n de perfil de seguridad personal, podemos bloquear de forma inmediata y autom\u00e1tica cualquier intento de hacer clic en sus anuncios de PPC. <\/div>\r\n\t\t<\/div>\r\n\t<\/div>\r\n\t<div style=\"box-sizing: border-box;\theight: 1px; border: 1px solid #ECECEC;\"><\/div>\r\n\t<div class=\"row\" style=\"margin-top: 37px;  padding-bottom: 37px;\">\r\n\t\t<div class=\"col-lg-2\">\r\n\t\t\t<h3 style=\"\tcolor: #0080FF;\tfont-family: Sans-Serif;\tfont-size: 60px; font-weight: 500;\tletter-spacing: 0.59px;\tline-height: 28px; margin-top: 15px;\">04<\/h3>\r\n\t\t\t<h4 style=\"\tcolor: #0080FF;\tfont-family: Roboto; font-size: 24px;\tfont-weight: 500;\tletter-spacing: 0.47px;\tline-height: 28px; margin-top: 15px;\">Asegurando<\/h4>\r\n\t\t<\/div>\r\n\t\t<div class=\"col-lg-9\">\r\n\t\t\t<div style=\"width: auto;\tcolor: #000E4D;\tfont-family: Roboto;\tfont-size: 16px;\tletter-spacing: 0.31px;\tline-height: 28px;\">Clixtell supervisa, detecta y asegura su presupuesto de publicidad de pago por clic al bloquear cualquier intento de atacar sus campa\u00f1as de Google Ads y Bing Ads e impedir inmediatamente que los atacantes vean sus anuncios patrocinados. Nuestro software f\u00e1cil de usar y poderoso le permite asegurar su presupuesto de Google Ads al evitar constantemente la actividad de fraude de clics. Con Clixtell usted est\u00e1 protegido y seguro 24\/7, por lo que puede estar seguro de que la publicidad y las promociones de su empresa son seguras. <\/div>\r\n\t\t<\/div>\r\n\t<\/div>\r\n<\/div>\r\n<div data-post-id=\"1335\" class=\"insert-page insert-page-1335 \"><\/div>","protected":false},"excerpt":{"rendered":"C\u00f3mo Podemos Detener Su Actividad de Clics No V\u00e1lidos Monitoriza, detecta, protege y potencia tu marketing digital. Como Funciona 01 Configuraci\u00f3n f\u00e1cil Una vez que se haya registrado, le enviaremos un correo electr\u00f3nico con el nombre de usuario y la contrase\u00f1a de su cuenta. Siga nuestras instrucciones en el asistente de bienvenida Simplemente integre su [&hellip;]","protected":false},"author":1,"featured_media":0,"parent":3105,"menu_order":0,"comment_status":"closed","ping_status":"closed","template":"click-fraud.php","meta":{"footnotes":""},"class_list":["post-2639","page","type-page","status-publish","hentry"],"yoast_head":"<!-- This site is optimized with the Yoast SEO plugin v26.8 - https:\/\/yoast.com\/product\/yoast-seo-wordpress\/ -->\n<title>Como Funciona | Protecci\u00f3n automatizada contra el fraude de clics | Clixtell<\/title>\n<meta name=\"description\" content=\"Clixtell monitors, detects and secures your pay-per-click advertising budget by blocking any attempt to attack your Google Ads &amp; Bing Ads campaigns and immediately preventing from attackers to see your sponsored ads.\" \/>\n<meta name=\"robots\" content=\"index, follow, max-snippet:-1, max-image-preview:large, max-video-preview:-1\" \/>\n<link rel=\"canonical\" href=\"https:\/\/www.clixtell.com\/es\/haga-clic-proteccion\/como-funciona\/\" \/>\n<meta property=\"og:locale\" content=\"es_ES\" \/>\n<meta property=\"og:type\" content=\"article\" \/>\n<meta property=\"og:title\" content=\"Como Funciona | Protecci\u00f3n automatizada contra el fraude de clics | Clixtell\" \/>\n<meta property=\"og:description\" content=\"Clixtell monitors, detects and secures your pay-per-click advertising budget by blocking any attempt to attack your Google Ads &amp; Bing Ads campaigns and immediately preventing from attackers to see your sponsored ads.\" \/>\n<meta property=\"og:url\" content=\"https:\/\/www.clixtell.com\/es\/haga-clic-proteccion\/como-funciona\/\" \/>\n<meta property=\"og:site_name\" content=\"Click Fraud Protection | Call Tracking | Website Video Recorder | Clixtell\u2122\" \/>\n<meta property=\"article:publisher\" content=\"http:\/\/facebook.com\/clixtell\" \/>\n<meta property=\"article:modified_time\" content=\"2019-01-24T08:01:25+00:00\" \/>\n<meta property=\"og:image\" content=\"https:\/\/statics.clixtell.com\/wp-content\/uploads\/ic_arrow_forward_24px-5.svg\" \/>\n<meta name=\"twitter:card\" content=\"summary_large_image\" \/>\n<meta name=\"twitter:site\" content=\"@clixtell\" \/>\n<meta name=\"twitter:label1\" content=\"Tiempo de lectura\" \/>\n\t<meta name=\"twitter:data1\" content=\"2 minutos\" \/>\n<!-- \/ Yoast SEO plugin. -->","yoast_head_json":{"title":"Como Funciona | Protecci\u00f3n automatizada contra el fraude de clics | Clixtell","description":"Clixtell monitors, detects and secures your pay-per-click advertising budget by blocking any attempt to attack your Google Ads & Bing Ads campaigns and immediately preventing from attackers to see your sponsored ads.","robots":{"index":"index","follow":"follow","max-snippet":"max-snippet:-1","max-image-preview":"max-image-preview:large","max-video-preview":"max-video-preview:-1"},"canonical":"https:\/\/www.clixtell.com\/es\/haga-clic-proteccion\/como-funciona\/","og_locale":"es_ES","og_type":"article","og_title":"Como Funciona | Protecci\u00f3n automatizada contra el fraude de clics | Clixtell","og_description":"Clixtell monitors, detects and secures your pay-per-click advertising budget by blocking any attempt to attack your Google Ads & Bing Ads campaigns and immediately preventing from attackers to see your sponsored ads.","og_url":"https:\/\/www.clixtell.com\/es\/haga-clic-proteccion\/como-funciona\/","og_site_name":"Click Fraud Protection | Call Tracking | Website Video Recorder | Clixtell\u2122","article_publisher":"http:\/\/facebook.com\/clixtell","article_modified_time":"2019-01-24T08:01:25+00:00","og_image":[{"url":"https:\/\/statics.clixtell.com\/wp-content\/uploads\/ic_arrow_forward_24px-5.svg","type":"","width":"","height":""}],"twitter_card":"summary_large_image","twitter_site":"@clixtell","twitter_misc":{"Tiempo de lectura":"2 minutos"},"schema":{"@context":"https:\/\/schema.org","@graph":[{"@type":"WebPage","@id":"https:\/\/www.clixtell.com\/es\/haga-clic-proteccion\/como-funciona\/","url":"https:\/\/www.clixtell.com\/es\/haga-clic-proteccion\/como-funciona\/","name":"Como Funciona | Protecci\u00f3n automatizada contra el fraude de clics | Clixtell","isPartOf":{"@id":"https:\/\/www.clixtell.com\/es\/#website"},"primaryImageOfPage":{"@id":"https:\/\/www.clixtell.com\/es\/haga-clic-proteccion\/como-funciona\/#primaryimage"},"image":{"@id":"https:\/\/www.clixtell.com\/es\/haga-clic-proteccion\/como-funciona\/#primaryimage"},"thumbnailUrl":"https:\/\/statics.clixtell.com\/wp-content\/uploads\/ic_arrow_forward_24px-5.svg","datePublished":"2019-01-22T13:28:07+00:00","dateModified":"2019-01-24T08:01:25+00:00","description":"Clixtell monitors, detects and secures your pay-per-click advertising budget by blocking any attempt to attack your Google Ads & Bing Ads campaigns and immediately preventing from attackers to see your sponsored ads.","breadcrumb":{"@id":"https:\/\/www.clixtell.com\/es\/haga-clic-proteccion\/como-funciona\/#breadcrumb"},"inLanguage":"es","potentialAction":[{"@type":"ReadAction","target":["https:\/\/www.clixtell.com\/es\/haga-clic-proteccion\/como-funciona\/"]}]},{"@type":"ImageObject","inLanguage":"es","@id":"https:\/\/www.clixtell.com\/es\/haga-clic-proteccion\/como-funciona\/#primaryimage","url":"https:\/\/statics.clixtell.com\/wp-content\/uploads\/ic_arrow_forward_24px-5.svg","contentUrl":"https:\/\/statics.clixtell.com\/wp-content\/uploads\/ic_arrow_forward_24px-5.svg"},{"@type":"BreadcrumbList","@id":"https:\/\/www.clixtell.com\/es\/haga-clic-proteccion\/como-funciona\/#breadcrumb","itemListElement":[{"@type":"ListItem","position":1,"name":"Home","item":"https:\/\/www.clixtell.com\/es\/"},{"@type":"ListItem","position":2,"name":"Clixtell | Haga clic en software de detecci\u00f3n y protecci\u00f3n de fraude","item":"https:\/\/www.clixtell.com\/es\/haga-clic-proteccion\/"},{"@type":"ListItem","position":3,"name":"Como Funciona | Protecci\u00f3n automatizada contra el fraude de clics | Clixtell"}]},{"@type":"WebSite","@id":"https:\/\/www.clixtell.com\/es\/#website","url":"https:\/\/www.clixtell.com\/es\/","name":"Click Fraud Protection | Call Tracking | Website Video Recorder | Clixtell\u2122","description":"Safe &amp; Sound Digital Marketing","publisher":{"@id":"https:\/\/www.clixtell.com\/es\/#organization"},"potentialAction":[{"@type":"SearchAction","target":{"@type":"EntryPoint","urlTemplate":"https:\/\/www.clixtell.com\/es\/?s={search_term_string}"},"query-input":{"@type":"PropertyValueSpecification","valueRequired":true,"valueName":"search_term_string"}}],"inLanguage":"es"},{"@type":"Organization","@id":"https:\/\/www.clixtell.com\/es\/#organization","name":"Clixtell","url":"https:\/\/www.clixtell.com\/es\/","logo":{"@type":"ImageObject","inLanguage":"es","@id":"https:\/\/www.clixtell.com\/es\/#\/schema\/logo\/image\/","url":"https:\/\/www.clixtell.com\/wp-content\/uploads\/logoc.png","contentUrl":"https:\/\/www.clixtell.com\/wp-content\/uploads\/logoc.png","width":168,"height":43,"caption":"Clixtell"},"image":{"@id":"https:\/\/www.clixtell.com\/es\/#\/schema\/logo\/image\/"},"sameAs":["http:\/\/facebook.com\/clixtell","https:\/\/x.com\/clixtell"]}]}},"_links":{"self":[{"href":"https:\/\/www.clixtell.com\/es\/wp-json\/wp\/v2\/pages\/2639","targetHints":{"allow":["GET"]}}],"collection":[{"href":"https:\/\/www.clixtell.com\/es\/wp-json\/wp\/v2\/pages"}],"about":[{"href":"https:\/\/www.clixtell.com\/es\/wp-json\/wp\/v2\/types\/page"}],"author":[{"embeddable":true,"href":"https:\/\/www.clixtell.com\/es\/wp-json\/wp\/v2\/users\/1"}],"replies":[{"embeddable":true,"href":"https:\/\/www.clixtell.com\/es\/wp-json\/wp\/v2\/comments?post=2639"}],"version-history":[{"count":0,"href":"https:\/\/www.clixtell.com\/es\/wp-json\/wp\/v2\/pages\/2639\/revisions"}],"up":[{"embeddable":true,"href":"https:\/\/www.clixtell.com\/es\/wp-json\/wp\/v2\/pages\/3105"}],"wp:attachment":[{"href":"https:\/\/www.clixtell.com\/es\/wp-json\/wp\/v2\/media?parent=2639"}],"curies":[{"name":"wp","href":"https:\/\/api.w.org\/{rel}","templated":true}]}}