{"id":2649,"date":"2019-01-22T14:12:19","date_gmt":"2019-01-22T14:12:19","guid":{"rendered":"https:\/\/www.clixtell.com\/?page_id=2649"},"modified":"2019-06-27T09:21:45","modified_gmt":"2019-06-27T09:21:45","slug":"caracteristicas","status":"publish","type":"page","link":"https:\/\/www.clixtell.com\/es\/haga-clic-proteccion\/caracteristicas\/","title":{"rendered":"Caracter\u00edsticas de Clixtell | Haga clic en software de detecci\u00f3n y protecci\u00f3n de fraude"},"content":{"rendered":"<style>\r\n\tp { height: auto; width: auto; color: #000E4D; font-family: Roboto; font-size: 16px; letter-spacing: 0.31px; line-height: 28px; font-weight: 400;}\r\n\th2 { color: #53AAFF; font-size: 25px;\tfont-weight: 400;\tletter-spacing: 0.49px;\tline-height: 28px; }\r\n<\/style>\r\n\r\n\t<div class=\"container mob-marg\">\r\n\t\t<div class=\"row\">\r\n\t\t\t<div class=\"col-lg-8\">\r\n\t\t\t\t<h1 style=\"color: #fff; text-align: left; margin-top:5vh\"><br>Clixtell haga clic en la protecci\u00f3n contra el fraude bloquear\u00e1 instant\u00e1neamente el 100% de tu actividad inv\u00e1lida<\/h1>\r\n\t\t\t\t<h3 style=\"color: #FFFFFF;\"> Aproveche al m\u00e1ximo sus campa\u00f1as de anuncios de Google con nuestras funciones avanzadas superiores.<\/h3>\r\n\t\t\t<\/div>\r\n\t\t<\/div>\r\n<\/div>\r\n\r\n<\/div>\r\n<\/div>\r\n<section>\r\n\t<div class=\"container\" style=\"margin-top:81px;\">\r\n\t\t<h1 style=\"color: #000E4D; text-align: center;\">Our Top Features<\/h1>\r\n\t\t<div class=\"wrap\">\r\n\t\t\t<div class=\"row\">\r\n\t\t\t\t<div class=\"col-lg-4\">\r\n\t\t\t\t\t<div class=\"fbox\">\r\n\t\t\t\t\t\t<span class=\"num\">01<\/span>\r\n\t\t\t\t\t\t<span class=\"content\">Protecci\u00f3n automatizada contra el fraude de clics<\/span>\r\n\t\t\t\t\t\t<a href=\"https:\/\/www.clixtell.com\/es\/caracteristicas\/automatizada-de-proteccion-contra-fraudes-de-clics\/\"><img decoding=\"async\" src=\"https:\/\/statics.clixtell.com\/wp-content\/uploads\/lmtiny.png\"><\/a>\r\n\t\t\t\t\t<\/div>\r\n\t\t\t\t<\/div>\r\n\t\t\t\t<div class=\"col-lg-4\">\r\n\t\t\t\t\t<div class=\"fbox\">\r\n\t\t\t\t\t\t<span class=\"num\">02<\/span>\r\n\t\t\t\t\t\t<span class=\"content\">24\/7 Haga clic en Detecci\u00f3n de fraude<\/span>\r\n\t\t\t\t\t\t<a href=\"https:\/\/www.clixtell.com\/es\/caracteristicas\/haga-clic-en-deteccion-de-fraude\/\"><img decoding=\"async\" src=\"https:\/\/statics.clixtell.com\/wp-content\/uploads\/lmtiny.png\"><\/a>\r\n\t\t\t\t\t<\/div>\r\n\t\t\t\t<\/div>\r\n\t\t\t\t<div class=\"col-lg-4\">\r\n\t\t\t\t\t<div class=\"fbox\">\r\n\t\t\t\t\t\t<span class=\"num\">03<\/span>\r\n\t\t\t\t\t\t<span class=\"content\">Grabador de video del sitio web<\/span>\r\n\t\t\t\t\t\t<a href=\"https:\/\/www.clixtell.com\/es\/caracteristicas\/grabador-de-video-de-sesion-de-visitante\/\"><img decoding=\"async\" src=\"https:\/\/statics.clixtell.com\/wp-content\/uploads\/lmtiny.png\"><\/a>\r\n\t\t\t\t\t<\/div>\r\n\t\t\t\t<\/div>\r\n\t\t\t<\/div>\r\n\t\t\t<div class=\"row\" style=\"margin-top:75px;\">\r\n\t\t\t\t<div class=\"col-lg-4\">\r\n\t\t\t\t\t<div class=\"fbox\">\r\n\t\t\t\t\t\t<span class=\"num\">04<\/span>\r\n\t\t\t\t\t\t<span class=\"content\">Inteligencia de conversi\u00f3n<\/span>\r\n\t\t\t\t\t\t<a href=\"https:\/\/www.clixtell.com\/es\/caracteristicas\/inteligencia-de-conversion\/\"><img decoding=\"async\" src=\"https:\/\/statics.clixtell.com\/wp-content\/uploads\/lmtiny.png\"><\/a>\r\n\t\t\t\t\t<\/div>\r\n\t\t\t\t<\/div>\r\n\t\t\t\t<div class=\"col-lg-4\">\r\n\t\t\t\t\t<div class=\"fbox\">\r\n\t\t\t\t\t\t<span class=\"num\">05<\/span>\r\n\t\t\t\t\t\t<span class=\"content\">Seguimiento y grabaci\u00f3n de anuncios de clic para llamar<\/span>\r\n\t\t\t\t\t\t<a href=\"https:\/\/www.clixtell.com\/es\/caracteristicas\/seguimiento-de-anuncios-de-clic-para-llamar\/\"><img decoding=\"async\" src=\"https:\/\/statics.clixtell.com\/wp-content\/uploads\/lmtiny.png\"><\/a>\r\n\t\t\t\t\t<\/div>\r\n\t\t\t\t<\/div>\r\n\t\t\t\t<div class=\"col-lg-4\">\r\n\t\t\t\t\t<div class=\"fbox\">\r\n\t\t\t\t\t\t<span class=\"num\">06<\/span>\r\n\t\t\t\t\t\t<span class=\"content\"> Informes de reclamos de reembolso <\/span>\r\n\t\t\t\t\t\t<a href=\"https:\/\/www.clixtell.com\/es\/caracteristicas\/reporte-de-reclamos-de-reembolso\/\"><img decoding=\"async\" src=\"https:\/\/statics.clixtell.com\/wp-content\/uploads\/lmtiny.png\"><\/a>\r\n\t\t\t\t\t<\/div>\r\n\t\t\t\t<\/div>\r\n\t\t\t<\/div>\r\n\t\t<\/div>\r\n\t<\/div>\r\n<\/section>\r\n<div data-post-id=\"1335\" class=\"insert-page insert-page-1335 \"><\/div>\r\n<div class=\"cfg3\" style=\"margin-top:110px;\">\r\n\t<div class=\"container\">\r\n\t<h1 style=\"color: #fff; text-align: center; margin: auto; padding-top:90px;\">Detenga el fraude de clics de Google Ads y aumente la tasa de conversi\u00f3n con estas excelentes funciones:<\/h1>\r\n\t\t<div class=\"row\" style=\"margin:auto; background-color: #FFFFFF; box-shadow: 1px 1px 15px 0 rgba(163,163,163,0.5); margin:50px 5px; padding: 40px;\">\r\n\t\t\t<div class=\"features-list col-sm-3\">\r\n\t\t\t\t24\/7 Protecci\u00f3n autom\u00e1tica contra el fraude de clics<br>\r\n\t\t\t\tTablero de \u00d3rdenes en tiempo real<br>\r\n\t\t\t\t5 minutos de configuraci\u00f3n<br>\r\n\t\t\t\tF\u00e1cil de usar<br>\r\n\t\t\t\tPrueba gratuita y sin compromiso<br>\r\n\t\t\t\tProtecci\u00f3n instant\u00e1nea de los anuncios de Google<br>\r\n\t\t\t\tHaga clic en Aprendizaje autom\u00e1tico de fraude\r\n\t\t\t<\/div>\r\n\t\t\t<div class=\"features-list col-sm-3\">\r\n\t\t\t\tPerfil de seguridad personalizado<br>\r\n\t\t\t\tAlerta de fraude en tiempo real<br>\r\n\t\t\t\tInformes detallados de reembolso<br>\r\n\t\t\t\tTablero en vivo<br>\r\n\t\t\t\tBloqueador de rango de IP avanzado<br>\r\n\t\t\t\tVPNs &#038; Proxies Blocker<br>\r\n\t\t\t\tBloqueador de ID de dispositivo\r\n\t\t\t<\/div>\r\n\t\t\t<div class=\"features-list col-sm-3\">\r\n\t\t\t\tProtecci\u00f3n mejorada de bot<br>\r\n\t\t\t\tBloqueador de proveedores de servicios<br>\r\n\t\t\t\tProtecci\u00f3n de dominios cruzados<br>\r\n\t\t\t\tModo agresivo<br>\r\n\t\t\t\tCampa\u00f1a y seguimiento de palabras clave<br>\r\n\t\t\t\tGrabador de sesi\u00f3n de video<br>\r\n\t\t\t\tInteligencia de conversi\u00f3n<br>\r\n\t\t\t<\/div>\r\n\t\t\t<div class=\"features-list col-sm-3\">\r\n\t\t\t\tGeo-ubicaci\u00f3n de visitantes<br>\r\n\t\t\t\tTiempo de visitante en la p\u00e1gina<br>\r\n\t\t\t\tSeguimiento de clic para llamar<br>\r\n\t\t\t\tGrabador de llamadas<br>\r\n\t\t\t\tIntegraci\u00f3n MCC<br>\r\n\t\t\t\tInformes de an\u00e1lisis personalizados<br>     \r\n\t\t\t\tAplicaci\u00f3n m\u00f3vil para iPhone y Android\r\n\t\t\t<\/div>\r\n\t\t<\/div>\r\n\t<\/div>\r\n<\/div>\r\n<section style=\"margin-top:75px;\" class=\"container\">\r\n<h1 style=\"color: #0080FF; font-weight: bold;text-align:center;\">FAQs<\/h1>\r\n\t\r\n\t<div class=\"faqs\">\r\n\t\t<div class=\"entry\">\r\n\t\t\t<div class=\"question\">\u00bfC\u00f3mo detectas el fraude de clics?<div class=\"collapse plus\">+<\/div><\/div>\r\n\t\t\t<div class=\"answer\">Clixtell supervisa cada clic en su sitio web y campa\u00f1as de PPC, analiza cada direcci\u00f3n IP, ID de dispositivo \u00fanica, proveedores de servicios de red, VPN y proveedores de proxy, geolocalizaci\u00f3n, palabras clave, tiempo en la p\u00e1gina y m\u00e1s, en busca de actividad fraudulenta.\r\nCon nuestro aprendizaje avanzado de la m\u00e1quina de fraude de clics combinada con la configuraci\u00f3n de su perfil de seguridad personal, podemos detectar inmediatamente el fraude de clics y bloquear autom\u00e1ticamente cualquier intento de hacer clic en sus anuncios.\r\n \t\t\t<\/div>\r\n\t\t<\/div>\r\n\t\t<div class=\"entry\">\r\n\t\t\t<div class=\"question\">\u00bfQu\u00e9 es el bloqueador de ID de dispositivo?<div class=\"collapse plus\">+<\/div><\/div>\r\n\t\t\t<div class=\"answer\">El bloqueador de ID de dispositivo es un esc\u00e1ner avanzado que usa un algoritmo inteligente de Clixtell para revisar cada computadora, dispositivo o navegador haciendo clic en sus anuncios pagados. Luego los etiqueta con un ID de dispositivo \u00fanico con un n\u00famero de 16 d\u00edgitos, si el mismo dispositivo hace clic en su anuncio, Clixtell lo bloquear\u00e1 inmediatamente y el atacante no podr\u00e1 ver sus anuncios patrocinados.  <\/div>\r\n\t\t<\/div>\r\n\t\t<div class=\"entry\">\r\n\t\t\t<div class=\"question\">\u00bfQu\u00e9 es el bloqueador de proveedores de servicios?<div class=\"collapse plus\">+<\/div><\/div>\r\n\t\t\t<div class=\"answer\">Nuestro bloqueador de proveedores de servicios supervisa a todos los proveedores de servicios de Internet que han hecho clic en su anuncio. Puede bloquear autom\u00e1ticamente los proveedores de servicios de Internet seg\u00fan la configuraci\u00f3n de seguridad de su cuenta.<\/div>\r\n\t\t<\/div>\r\n\t\t<div class=\"entry\">\r\n\t\t\t<div class=\"question\">\u00bfQu\u00e9 es el VPN \/ Proxy Blocker?<div class=\"collapse plus\">+<\/div><\/div>\r\n\t\t\t<div class=\"answer\">Clixtell analiza cada clic y los verifica utilizando los servidores de datos que buscan VPN, Click Farms, Proxy y los rangos de IP sospechosos que se actualizan diariamente. Cuando se haga una coincidencia, el software bloquear\u00e1 inmediatamente la IP o el rango de acuerdo con la configuraci\u00f3n y las definiciones de seguridad de la cuenta. Una vez bloqueado, ese usuario ya no podr\u00e1 ver y hacer clic en sus anuncios de Google.<\/div>\r\n\t\t<\/div>\r\n\t\t<div class=\"entry\">\r\n\t\t\t<div class=\"question\">\u00bfQu\u00e9 es la grabadora de video de sesi\u00f3n de visitante?<div class=\"collapse plus\">+<\/div><\/div>\r\n\t\t\t<div class=\"answer\">La grabadora de sesiones de Clixtell le brinda una imagen completa de los visitantes de su sitio web, lo que le permite ver su sitio web a trav\u00e9s de los ojos de sus visitantes y obtener detalles completos de los movimientos de sus mouse, clics, desplazamientos y escritura de texto. <\/div>\r\n\t\t<\/div>\r\n\t\t<div class=\"entry\">\r\n\t\t\t<div class=\"question\">W\u00bfQu\u00e9 es el bloqueador de dominios cruzados? <div class=\"collapse plus\">+<\/div><\/div>\r\n\t\t\t<div class=\"answer\">El bloqueador de dominios cruzados de Clixtell protege m\u00faltiples dominios o cuentas como si fueran uno, cualquier violaci\u00f3n en cualquier dominio o cuenta y Clixtell proteger\u00e1 y bloquear\u00e1 la IP de forma inmediata en todas las cuentas, impidiendo que el atacante haga clic en sus anuncios. <\/div>\r\n\t\t<\/div>\r\n\t\t<div class=\"entry\">\r\n\t\t\t<div class=\"question\">\u00bfTienes una aplicaci\u00f3n m\u00f3vil?<div class=\"collapse plus\">+<\/div><\/div>\r\n\t\t\t<div class=\"answer\">S\u00ed, puede descargar la aplicaci\u00f3n m\u00f3vil Clixtell de forma gratuita desde Apple Store y Google Play, obtener informaci\u00f3n en vivo sobre el tr\u00e1fico y hacer clic en las alertas de bloqueo de fraudes directamente en su m\u00f3vil.<\/div>\r\n\t\t<\/div>\r\n\t<\/div>\r\n\t\r\n\t<h1 style=\"color: #0080FF;\tfont-family: Roboto;\tfont-size: 25px;letter-spacing: 0.34px;\tline-height: 53px;text-align:center;margin-top:100px;\">\u00bfTiene m\u00e1s preguntas? <\/h1>\r\n\t<a href=\"https:\/\/www.clixtell.com\/es\/preguntas-frecuentes\/\"><img decoding=\"async\" style=\"display:block;margin:auto;\" src=\"https:\/\/statics.clixtell.com\/wp-content\/uploads\/clickhere.png\" alt=\"contact us\"><\/a>\r\n<\/section>\r\n<section>\r\n<div class=\"cfg4\" style=\"padding-top:90px; padding-bottom: 90px;\">\r\n<h1 style=\"text-align: center;\">Se integra con todas las plataformas y aplicaciones populares.<\/h1>\r\n\t<div class=\"container brands center\">\r\n\t\t<div class=\"row\">\r\n\t\t\t<div class=\"col-md-2\">\r\n\t\t\t<img decoding=\"async\" src=\"https:\/\/statics.clixtell.com\/wp-content\/uploads\/tgads.png\" alt=\"google ads tracking\">\r\n\t\t\t<\/div>\r\n\t\t\t<div class=\"col-md-3\">\t\t\t\t\r\n\t\t\t<img decoding=\"async\" src=\"https:\/\/statics.clixtell.com\/wp-content\/uploads\/Bing-Ads-1.png\" alt=\"bing ads tracking\">\r\n\t\t\t<\/div>\r\n\t\t\t<div class=\"col-md-4\">\r\n\t\t\t\t<img decoding=\"async\" src=\"https:\/\/statics.clixtell.com\/wp-content\/uploads\/tga.png\" alt=\"google analytics\">\r\n\t\t\t<\/div>\r\n\t\t\t<div class=\"col-md-3\">\r\n\t\t\t\t<img decoding=\"async\" src=\"https:\/\/statics.clixtell.com\/wp-content\/uploads\/tweeb.png\" alt=\"weebly\">\r\n\t\t\t<\/div>\r\n\t\t<\/div>\r\n\t\t<div class=\"row\">\r\n\t\t\t<div class=\"col-md-3\">\r\n\t\t\t<img decoding=\"async\" src=\"https:\/\/statics.clixtell.com\/wp-content\/uploads\/twp.png\" alt=\"wordpress\">\r\n\t\t\t\t<\/div>\r\n\t\t\t<div class=\"col-md-3\">\r\n\t\t\t<img decoding=\"async\" src=\"https:\/\/statics.clixtell.com\/wp-content\/uploads\/twix.png\" alt=\"wix\">\r\n\t\t\t<\/div>\r\n\t\t\t<div class=\"col-md-3\">\r\n\t\t\t\t<img decoding=\"async\" src=\"https:\/\/statics.clixtell.com\/wp-content\/uploads\/tjoom.png\" alt=\"joomla\">\r\n\t\t\t<\/div>\r\n\t\t\t<div class=\"col-md-3\">\r\n\t\t\t\t<img decoding=\"async\" src=\"https:\/\/statics.clixtell.com\/wp-content\/uploads\/tshop.png\" alt=\"shopify\">\r\n\t\t\t<\/div>\r\n\t\t<\/div>\r\n\t<\/div>\r\n<\/div>\r\n<\/section>\r\n<div data-post-id=\"1335\" class=\"insert-page insert-page-1335 \"><\/div>\r\n<script>\r\n\r\n\twindow.addEventListener('DOMContentLoaded',function() {\r\n\t\r\n\t\t$('.faqs .entry').on('click', function(el) {\r\n\t\t\tvar index = $(this).index();\r\n\t\t\tif($('.faqs .entry .answer').eq(index).css('display') == \"block\") {\r\n\t\t\t\t$('.faqs .entry .answer').eq(index).hide();\r\n\t\t\t$('.faqs .entry .collapse').eq(index).html('+');\r\n\t\t\t}\r\n\t\t\telse {\r\n\t\t\t$('.faqs .entry .answer').eq(index).show();\r\n\t\t\t$('.faqs .entry .collapse').eq(index).html('-');\r\n\t\t\t\t}\r\n\t\t\t\/*for(var x=0;x <= $('.faqs .entry').length; x++) {\r\n\t\t\t\t}\r\n\t\t\t\t\r\n\t\t\t}*\/\r\n\t\t});\r\n\t\t\r\n\t\t\r\n\t\r\n\t\r\n\t\r\n\t}, false);\r\n<\/script>","protected":false},"excerpt":{"rendered":"Clixtell haga clic en la protecci\u00f3n contra el fraude bloquear\u00e1 instant\u00e1neamente el 100% de tu actividad inv\u00e1lida Aproveche al m\u00e1ximo sus campa\u00f1as de anuncios de Google con nuestras funciones avanzadas superiores. Our Top Features 01 Protecci\u00f3n automatizada contra el fraude de clics 02 24\/7 Haga clic en Detecci\u00f3n de fraude 03 Grabador de video del [&hellip;]","protected":false},"author":1,"featured_media":0,"parent":3105,"menu_order":0,"comment_status":"closed","ping_status":"closed","template":"click-fraud.php","meta":{"footnotes":""},"class_list":["post-2649","page","type-page","status-publish","hentry"],"yoast_head":"<!-- This site is optimized with the Yoast SEO plugin v26.8 - https:\/\/yoast.com\/product\/yoast-seo-wordpress\/ -->\n<title>Caracter\u00edsticas de Clixtell | Haga clic en software de detecci\u00f3n y protecci\u00f3n de fraude<\/title>\n<meta name=\"description\" content=\"Our click fraud protection software will instantly block 100% of your invalid activity. Get the most from your Google Ads campaignswith our top advanced features.\" \/>\n<meta name=\"robots\" content=\"index, follow, max-snippet:-1, max-image-preview:large, max-video-preview:-1\" \/>\n<link rel=\"canonical\" href=\"https:\/\/www.clixtell.com\/es\/haga-clic-proteccion\/caracteristicas\/\" \/>\n<meta property=\"og:locale\" content=\"es_ES\" \/>\n<meta property=\"og:type\" content=\"article\" \/>\n<meta property=\"og:title\" content=\"Caracter\u00edsticas de Clixtell | Haga clic en software de detecci\u00f3n y protecci\u00f3n de fraude\" \/>\n<meta property=\"og:description\" content=\"Our click fraud protection software will instantly block 100% of your invalid activity. Get the most from your Google Ads campaignswith our top advanced features.\" \/>\n<meta property=\"og:url\" content=\"https:\/\/www.clixtell.com\/es\/haga-clic-proteccion\/caracteristicas\/\" \/>\n<meta property=\"og:site_name\" content=\"Click Fraud Protection | Call Tracking | Website Video Recorder | Clixtell\u2122\" \/>\n<meta property=\"article:publisher\" content=\"http:\/\/facebook.com\/clixtell\" \/>\n<meta property=\"article:modified_time\" content=\"2019-06-27T09:21:45+00:00\" \/>\n<meta property=\"og:image\" content=\"https:\/\/statics.clixtell.com\/wp-content\/uploads\/lmtiny.png\" \/>\n<meta name=\"twitter:card\" content=\"summary_large_image\" \/>\n<meta name=\"twitter:site\" content=\"@clixtell\" \/>\n<meta name=\"twitter:label1\" content=\"Tiempo de lectura\" \/>\n\t<meta name=\"twitter:data1\" content=\"4 minutos\" \/>\n<!-- \/ Yoast SEO plugin. -->","yoast_head_json":{"title":"Caracter\u00edsticas de Clixtell | Haga clic en software de detecci\u00f3n y protecci\u00f3n de fraude","description":"Our click fraud protection software will instantly block 100% of your invalid activity. Get the most from your Google Ads campaignswith our top advanced features.","robots":{"index":"index","follow":"follow","max-snippet":"max-snippet:-1","max-image-preview":"max-image-preview:large","max-video-preview":"max-video-preview:-1"},"canonical":"https:\/\/www.clixtell.com\/es\/haga-clic-proteccion\/caracteristicas\/","og_locale":"es_ES","og_type":"article","og_title":"Caracter\u00edsticas de Clixtell | Haga clic en software de detecci\u00f3n y protecci\u00f3n de fraude","og_description":"Our click fraud protection software will instantly block 100% of your invalid activity. Get the most from your Google Ads campaignswith our top advanced features.","og_url":"https:\/\/www.clixtell.com\/es\/haga-clic-proteccion\/caracteristicas\/","og_site_name":"Click Fraud Protection | Call Tracking | Website Video Recorder | Clixtell\u2122","article_publisher":"http:\/\/facebook.com\/clixtell","article_modified_time":"2019-06-27T09:21:45+00:00","og_image":[{"url":"https:\/\/statics.clixtell.com\/wp-content\/uploads\/lmtiny.png","type":"","width":"","height":""}],"twitter_card":"summary_large_image","twitter_site":"@clixtell","twitter_misc":{"Tiempo de lectura":"4 minutos"},"schema":{"@context":"https:\/\/schema.org","@graph":[{"@type":"WebPage","@id":"https:\/\/www.clixtell.com\/es\/haga-clic-proteccion\/caracteristicas\/","url":"https:\/\/www.clixtell.com\/es\/haga-clic-proteccion\/caracteristicas\/","name":"Caracter\u00edsticas de Clixtell | Haga clic en software de detecci\u00f3n y protecci\u00f3n de fraude","isPartOf":{"@id":"https:\/\/www.clixtell.com\/es\/#website"},"primaryImageOfPage":{"@id":"https:\/\/www.clixtell.com\/es\/haga-clic-proteccion\/caracteristicas\/#primaryimage"},"image":{"@id":"https:\/\/www.clixtell.com\/es\/haga-clic-proteccion\/caracteristicas\/#primaryimage"},"thumbnailUrl":"https:\/\/statics.clixtell.com\/wp-content\/uploads\/lmtiny.png","datePublished":"2019-01-22T14:12:19+00:00","dateModified":"2019-06-27T09:21:45+00:00","description":"Our click fraud protection software will instantly block 100% of your invalid activity. Get the most from your Google Ads campaignswith our top advanced features.","breadcrumb":{"@id":"https:\/\/www.clixtell.com\/es\/haga-clic-proteccion\/caracteristicas\/#breadcrumb"},"inLanguage":"es","potentialAction":[{"@type":"ReadAction","target":["https:\/\/www.clixtell.com\/es\/haga-clic-proteccion\/caracteristicas\/"]}]},{"@type":"ImageObject","inLanguage":"es","@id":"https:\/\/www.clixtell.com\/es\/haga-clic-proteccion\/caracteristicas\/#primaryimage","url":"https:\/\/statics.clixtell.com\/wp-content\/uploads\/lmtiny.png","contentUrl":"https:\/\/statics.clixtell.com\/wp-content\/uploads\/lmtiny.png"},{"@type":"BreadcrumbList","@id":"https:\/\/www.clixtell.com\/es\/haga-clic-proteccion\/caracteristicas\/#breadcrumb","itemListElement":[{"@type":"ListItem","position":1,"name":"Home","item":"https:\/\/www.clixtell.com\/es\/"},{"@type":"ListItem","position":2,"name":"Clixtell | Haga clic en software de detecci\u00f3n y protecci\u00f3n de fraude","item":"https:\/\/www.clixtell.com\/es\/haga-clic-proteccion\/"},{"@type":"ListItem","position":3,"name":"Caracter\u00edsticas de Clixtell | Haga clic en software de detecci\u00f3n y protecci\u00f3n de fraude"}]},{"@type":"WebSite","@id":"https:\/\/www.clixtell.com\/es\/#website","url":"https:\/\/www.clixtell.com\/es\/","name":"Click Fraud Protection | Call Tracking | Website Video Recorder | Clixtell\u2122","description":"Safe &amp; Sound Digital Marketing","publisher":{"@id":"https:\/\/www.clixtell.com\/es\/#organization"},"potentialAction":[{"@type":"SearchAction","target":{"@type":"EntryPoint","urlTemplate":"https:\/\/www.clixtell.com\/es\/?s={search_term_string}"},"query-input":{"@type":"PropertyValueSpecification","valueRequired":true,"valueName":"search_term_string"}}],"inLanguage":"es"},{"@type":"Organization","@id":"https:\/\/www.clixtell.com\/es\/#organization","name":"Clixtell","url":"https:\/\/www.clixtell.com\/es\/","logo":{"@type":"ImageObject","inLanguage":"es","@id":"https:\/\/www.clixtell.com\/es\/#\/schema\/logo\/image\/","url":"https:\/\/www.clixtell.com\/wp-content\/uploads\/logoc.png","contentUrl":"https:\/\/www.clixtell.com\/wp-content\/uploads\/logoc.png","width":168,"height":43,"caption":"Clixtell"},"image":{"@id":"https:\/\/www.clixtell.com\/es\/#\/schema\/logo\/image\/"},"sameAs":["http:\/\/facebook.com\/clixtell","https:\/\/x.com\/clixtell"]}]}},"_links":{"self":[{"href":"https:\/\/www.clixtell.com\/es\/wp-json\/wp\/v2\/pages\/2649","targetHints":{"allow":["GET"]}}],"collection":[{"href":"https:\/\/www.clixtell.com\/es\/wp-json\/wp\/v2\/pages"}],"about":[{"href":"https:\/\/www.clixtell.com\/es\/wp-json\/wp\/v2\/types\/page"}],"author":[{"embeddable":true,"href":"https:\/\/www.clixtell.com\/es\/wp-json\/wp\/v2\/users\/1"}],"replies":[{"embeddable":true,"href":"https:\/\/www.clixtell.com\/es\/wp-json\/wp\/v2\/comments?post=2649"}],"version-history":[{"count":0,"href":"https:\/\/www.clixtell.com\/es\/wp-json\/wp\/v2\/pages\/2649\/revisions"}],"up":[{"embeddable":true,"href":"https:\/\/www.clixtell.com\/es\/wp-json\/wp\/v2\/pages\/3105"}],"wp:attachment":[{"href":"https:\/\/www.clixtell.com\/es\/wp-json\/wp\/v2\/media?parent=2649"}],"curies":[{"name":"wp","href":"https:\/\/api.w.org\/{rel}","templated":true}]}}