{"id":2664,"date":"2019-01-23T09:09:05","date_gmt":"2019-01-23T09:09:05","guid":{"rendered":"https:\/\/www.clixtell.com\/?page_id=2664"},"modified":"2020-11-01T11:26:37","modified_gmt":"2020-11-01T11:26:37","slug":"automatizada-de-proteccion-contra-fraudes-de-clics","status":"publish","type":"page","link":"https:\/\/www.clixtell.com\/es\/haga-clic-proteccion\/caracteristicas\/automatizada-de-proteccion-contra-fraudes-de-clics\/","title":{"rendered":"Protecci\u00f3n automatizada contra el fraude de clics | Haga clic en software de protecci\u00f3n contra fraudes | Clixtell"},"content":{"rendered":"\t<div class=\"container  mob-marg\">\r\n\t\t<h1 style=\"color: #fff; margin-top:10vh\">Bloquear inmediatamente toda actividad de clics no v\u00e1lidos <\/h1>\r\n\t\t<h3 style=\"color: #fff; margin-top: 3vh;\">En sus campa\u00f1as Google Ads y Bing Ads utilizando nuestro<br> software automatizado de protecci\u00f3n contra el fraude de clics.<\/h3>\r\n\t<\/div>\r\n<\/div>\r\n<\/div>\r\n<section class=\"container\" style=\"max-width: 897px; margin-top: 80px;\">\r\n\t<h1 style=\"color: #0080FF; text-align: center;\">Protecci\u00f3n Automatizada Contra El Fraude De Clics<\/h1>\r\n\t<div style=\"color: #000E4D; font-size: 16px; letter-spacing: 0.31px; line-height: 28px; margin-top: 35px;\"> Nuestro software automatizado de protecci\u00f3n contra el fraude de clics le brinda seguridad completa para sus campa\u00f1as de Google Ads y Bing Ads. Sabemos que cada negocio es diferente, es por eso que nuestro software le permite definir cu\u00e1ntos clics pagados le permite a cada usuario combinando con nuestro aprendizaje avanzado de m\u00e1quina de fraude de clics. Clixtell es el \u00fanico proveedor de software que le permite aplicar reglas de seguridad ilimitadas de forma inmediata y autom\u00e1tica. Al utilizar las preferencias de seguridad de su empresa, podemos protegerle las campa\u00f1as y el presupuesto de Google Ads, ahorr\u00e1ndole mucho dinero.<br><br> \r\n\tAl implementar nuestro software, podr\u00e1 recibir datos en vivo en su panel analizando cada direcci\u00f3n IP, ID de dispositivo \u00fanica, proveedores de servicios de red, proveedores de VPN, geolocalizaci\u00f3n, palabras clave, tiempo en la p\u00e1gina y m\u00e1s, inmediatamente bloqueamos cualquier intento de atacar su Google Campa\u00f1as de anuncios, evitando que el atacante vea sus anuncios pagados.<br><br>\r\n\r\n\tPodemos registrar todos los visitantes de su sitio web por video, buscando actividad de clics no v\u00e1lidos.\r\nNuestra configuraci\u00f3n junto con sus preferencias privadas para su negocio le brinda una protecci\u00f3n total para sus campa\u00f1as de PPC, con informaci\u00f3n no disponible en otras plataformas de detecci\u00f3n y protecci\u00f3n de fraudes.\r\nNuestros clientes en todo el mundo reportan un aumento dram\u00e1tico en su R.O.I desde que comenzaron a usar Clixtell. As\u00ed es como lo hacemos:<br><br>\r\n\t<img decoding=\"async\" src=\"https:\/\/statics.clixtell.com\/wp-content\/uploads\/ic_arrow_forward_24px.svg\" style=\"padding:10px\">Establezca cu\u00e1ntos clics pagados permite para cada visitante.<br> \r\n    <img decoding=\"async\" src=\"https:\/\/statics.clixtell.com\/wp-content\/uploads\/ic_arrow_forward_24px.svg\" style=\"padding:10px\">Detectamos, monitoreamos, registramos y bloqueamos inmediatamente la actividad no v\u00e1lida en sus campa\u00f1as.<br>\r\n    <img decoding=\"async\" src=\"https:\/\/statics.clixtell.com\/wp-content\/uploads\/ic_arrow_forward_24px.svg\" style=\"padding:10px\">Prevenir y detener autom\u00e1ticamente las estafas de Google Ads.<br>\r\n    <img decoding=\"async\" src=\"https:\/\/statics.clixtell.com\/wp-content\/uploads\/ic_arrow_forward_24px.svg\" style=\"padding:10px\">Vea y descargue an\u00e1lisis de sitios web interesantes y haga clic en registros e informes de datos de fraude.<br>\r\n\t<\/div>\r\n<\/section>\r\n<div data-post-id=\"1335\" class=\"insert-page insert-page-1335 \"><\/div>","protected":false},"excerpt":{"rendered":"Bloquear inmediatamente toda actividad de clics no v\u00e1lidos En sus campa\u00f1as Google Ads y Bing Ads utilizando nuestro software automatizado de protecci\u00f3n contra el fraude de clics. Protecci\u00f3n Automatizada Contra El Fraude De Clics Nuestro software automatizado de protecci\u00f3n contra el fraude de clics le brinda seguridad completa para sus campa\u00f1as de Google Ads y [&hellip;]","protected":false},"author":1,"featured_media":0,"parent":2649,"menu_order":0,"comment_status":"closed","ping_status":"closed","template":"click-fraud.php","meta":{"footnotes":""},"class_list":["post-2664","page","type-page","status-publish","hentry"],"yoast_head":"<!-- This site is optimized with the Yoast SEO plugin v26.8 - https:\/\/yoast.com\/product\/yoast-seo-wordpress\/ -->\n<title>Protecci\u00f3n automatizada contra el fraude de clics | Haga clic en software de protecci\u00f3n contra fraudes | Clixtell<\/title>\n<meta name=\"description\" content=\"Block all invalid click activity immediately, secure your Google Ads &amp; Bing Ads campaigns with our automated click fraud protection software.\" \/>\n<meta name=\"robots\" content=\"index, follow, max-snippet:-1, max-image-preview:large, max-video-preview:-1\" \/>\n<link rel=\"canonical\" href=\"https:\/\/www.clixtell.com\/es\/haga-clic-proteccion\/caracteristicas\/automatizada-de-proteccion-contra-fraudes-de-clics\/\" \/>\n<meta property=\"og:locale\" content=\"es_ES\" \/>\n<meta property=\"og:type\" content=\"article\" \/>\n<meta property=\"og:title\" content=\"Protecci\u00f3n automatizada contra el fraude de clics | Haga clic en software de protecci\u00f3n contra fraudes | Clixtell\" \/>\n<meta property=\"og:description\" content=\"Block all invalid click activity immediately, secure your Google Ads &amp; Bing Ads campaigns with our automated click fraud protection software.\" \/>\n<meta property=\"og:url\" content=\"https:\/\/www.clixtell.com\/es\/haga-clic-proteccion\/caracteristicas\/automatizada-de-proteccion-contra-fraudes-de-clics\/\" \/>\n<meta property=\"og:site_name\" content=\"Click Fraud Protection | Call Tracking | Website Video Recorder | Clixtell\u2122\" \/>\n<meta property=\"article:publisher\" content=\"http:\/\/facebook.com\/clixtell\" \/>\n<meta property=\"article:modified_time\" content=\"2020-11-01T11:26:37+00:00\" \/>\n<meta property=\"og:image\" content=\"https:\/\/statics.clixtell.com\/wp-content\/uploads\/ic_arrow_forward_24px.svg\" \/>\n<meta name=\"twitter:card\" content=\"summary_large_image\" \/>\n<meta name=\"twitter:site\" content=\"@clixtell\" \/>\n<meta name=\"twitter:label1\" content=\"Tiempo de lectura\" \/>\n\t<meta name=\"twitter:data1\" content=\"2 minutos\" \/>\n<!-- \/ Yoast SEO plugin. -->","yoast_head_json":{"title":"Protecci\u00f3n automatizada contra el fraude de clics | Haga clic en software de protecci\u00f3n contra fraudes | Clixtell","description":"Block all invalid click activity immediately, secure your Google Ads & Bing Ads campaigns with our automated click fraud protection software.","robots":{"index":"index","follow":"follow","max-snippet":"max-snippet:-1","max-image-preview":"max-image-preview:large","max-video-preview":"max-video-preview:-1"},"canonical":"https:\/\/www.clixtell.com\/es\/haga-clic-proteccion\/caracteristicas\/automatizada-de-proteccion-contra-fraudes-de-clics\/","og_locale":"es_ES","og_type":"article","og_title":"Protecci\u00f3n automatizada contra el fraude de clics | Haga clic en software de protecci\u00f3n contra fraudes | Clixtell","og_description":"Block all invalid click activity immediately, secure your Google Ads & Bing Ads campaigns with our automated click fraud protection software.","og_url":"https:\/\/www.clixtell.com\/es\/haga-clic-proteccion\/caracteristicas\/automatizada-de-proteccion-contra-fraudes-de-clics\/","og_site_name":"Click Fraud Protection | Call Tracking | Website Video Recorder | Clixtell\u2122","article_publisher":"http:\/\/facebook.com\/clixtell","article_modified_time":"2020-11-01T11:26:37+00:00","og_image":[{"url":"https:\/\/statics.clixtell.com\/wp-content\/uploads\/ic_arrow_forward_24px.svg","type":"","width":"","height":""}],"twitter_card":"summary_large_image","twitter_site":"@clixtell","twitter_misc":{"Tiempo de lectura":"2 minutos"},"schema":{"@context":"https:\/\/schema.org","@graph":[{"@type":"WebPage","@id":"https:\/\/www.clixtell.com\/es\/haga-clic-proteccion\/caracteristicas\/automatizada-de-proteccion-contra-fraudes-de-clics\/","url":"https:\/\/www.clixtell.com\/es\/haga-clic-proteccion\/caracteristicas\/automatizada-de-proteccion-contra-fraudes-de-clics\/","name":"Protecci\u00f3n automatizada contra el fraude de clics | Haga clic en software de protecci\u00f3n contra fraudes | Clixtell","isPartOf":{"@id":"https:\/\/www.clixtell.com\/es\/#website"},"primaryImageOfPage":{"@id":"https:\/\/www.clixtell.com\/es\/haga-clic-proteccion\/caracteristicas\/automatizada-de-proteccion-contra-fraudes-de-clics\/#primaryimage"},"image":{"@id":"https:\/\/www.clixtell.com\/es\/haga-clic-proteccion\/caracteristicas\/automatizada-de-proteccion-contra-fraudes-de-clics\/#primaryimage"},"thumbnailUrl":"https:\/\/statics.clixtell.com\/wp-content\/uploads\/ic_arrow_forward_24px.svg","datePublished":"2019-01-23T09:09:05+00:00","dateModified":"2020-11-01T11:26:37+00:00","description":"Block all invalid click activity immediately, secure your Google Ads & Bing Ads campaigns with our automated click fraud protection software.","breadcrumb":{"@id":"https:\/\/www.clixtell.com\/es\/haga-clic-proteccion\/caracteristicas\/automatizada-de-proteccion-contra-fraudes-de-clics\/#breadcrumb"},"inLanguage":"es","potentialAction":[{"@type":"ReadAction","target":["https:\/\/www.clixtell.com\/es\/haga-clic-proteccion\/caracteristicas\/automatizada-de-proteccion-contra-fraudes-de-clics\/"]}]},{"@type":"ImageObject","inLanguage":"es","@id":"https:\/\/www.clixtell.com\/es\/haga-clic-proteccion\/caracteristicas\/automatizada-de-proteccion-contra-fraudes-de-clics\/#primaryimage","url":"https:\/\/statics.clixtell.com\/wp-content\/uploads\/ic_arrow_forward_24px.svg","contentUrl":"https:\/\/statics.clixtell.com\/wp-content\/uploads\/ic_arrow_forward_24px.svg"},{"@type":"BreadcrumbList","@id":"https:\/\/www.clixtell.com\/es\/haga-clic-proteccion\/caracteristicas\/automatizada-de-proteccion-contra-fraudes-de-clics\/#breadcrumb","itemListElement":[{"@type":"ListItem","position":1,"name":"Home","item":"https:\/\/www.clixtell.com\/es\/"},{"@type":"ListItem","position":2,"name":"Clixtell | Haga clic en software de detecci\u00f3n y protecci\u00f3n de fraude","item":"https:\/\/www.clixtell.com\/es\/haga-clic-proteccion\/"},{"@type":"ListItem","position":3,"name":"Caracter\u00edsticas de Clixtell | Haga clic en software de detecci\u00f3n y protecci\u00f3n de fraude","item":"https:\/\/www.clixtell.com\/es\/haga-clic-proteccion\/caracteristicas\/"},{"@type":"ListItem","position":4,"name":"Protecci\u00f3n automatizada contra el fraude de clics | Haga clic en software de protecci\u00f3n contra fraudes | Clixtell"}]},{"@type":"WebSite","@id":"https:\/\/www.clixtell.com\/es\/#website","url":"https:\/\/www.clixtell.com\/es\/","name":"Click Fraud Protection | Call Tracking | Website Video Recorder | Clixtell\u2122","description":"Safe &amp; Sound Digital Marketing","publisher":{"@id":"https:\/\/www.clixtell.com\/es\/#organization"},"potentialAction":[{"@type":"SearchAction","target":{"@type":"EntryPoint","urlTemplate":"https:\/\/www.clixtell.com\/es\/?s={search_term_string}"},"query-input":{"@type":"PropertyValueSpecification","valueRequired":true,"valueName":"search_term_string"}}],"inLanguage":"es"},{"@type":"Organization","@id":"https:\/\/www.clixtell.com\/es\/#organization","name":"Clixtell","url":"https:\/\/www.clixtell.com\/es\/","logo":{"@type":"ImageObject","inLanguage":"es","@id":"https:\/\/www.clixtell.com\/es\/#\/schema\/logo\/image\/","url":"https:\/\/www.clixtell.com\/wp-content\/uploads\/logoc.png","contentUrl":"https:\/\/www.clixtell.com\/wp-content\/uploads\/logoc.png","width":168,"height":43,"caption":"Clixtell"},"image":{"@id":"https:\/\/www.clixtell.com\/es\/#\/schema\/logo\/image\/"},"sameAs":["http:\/\/facebook.com\/clixtell","https:\/\/x.com\/clixtell"]}]}},"_links":{"self":[{"href":"https:\/\/www.clixtell.com\/es\/wp-json\/wp\/v2\/pages\/2664","targetHints":{"allow":["GET"]}}],"collection":[{"href":"https:\/\/www.clixtell.com\/es\/wp-json\/wp\/v2\/pages"}],"about":[{"href":"https:\/\/www.clixtell.com\/es\/wp-json\/wp\/v2\/types\/page"}],"author":[{"embeddable":true,"href":"https:\/\/www.clixtell.com\/es\/wp-json\/wp\/v2\/users\/1"}],"replies":[{"embeddable":true,"href":"https:\/\/www.clixtell.com\/es\/wp-json\/wp\/v2\/comments?post=2664"}],"version-history":[{"count":0,"href":"https:\/\/www.clixtell.com\/es\/wp-json\/wp\/v2\/pages\/2664\/revisions"}],"up":[{"embeddable":true,"href":"https:\/\/www.clixtell.com\/es\/wp-json\/wp\/v2\/pages\/2649"}],"wp:attachment":[{"href":"https:\/\/www.clixtell.com\/es\/wp-json\/wp\/v2\/media?parent=2664"}],"curies":[{"name":"wp","href":"https:\/\/api.w.org\/{rel}","templated":true}]}}