{"id":2675,"date":"2019-01-23T09:28:50","date_gmt":"2019-01-23T09:28:50","guid":{"rendered":"https:\/\/www.clixtell.com\/?page_id=2675"},"modified":"2019-01-23T19:16:21","modified_gmt":"2019-01-23T19:16:21","slug":"haga-clic-en-deteccion-de-fraude","status":"publish","type":"page","link":"https:\/\/www.clixtell.com\/es\/haga-clic-proteccion\/caracteristicas\/haga-clic-en-deteccion-de-fraude\/","title":{"rendered":"Haga clic en detecci\u00f3n de fraude | Haga clic en software de detecci\u00f3n y protecci\u00f3n contra fraudes | Clixtell"},"content":{"rendered":"<div class=\"container  mob-marg\">\r\n\t\t<h1 style=\"color: #fff; margin-top:10vh\">Analizar cada clic de sus campa\u00f1as de PPC<br>\r\ny cada visita a su sitio web<\/h1>\r\n\t\t<h3 style=\"color: #fff; margin-top: 3vh;\">Supervisar, detectar y DETENER la actividad fraudulenta de anuncios de Google y anuncios de Bing.<\/h3>\r\n\t<\/div>\r\n<\/div>\r\n<\/div>\r\n<section class=\"container\" style=\"max-width: 897px; margin-top: 80px;\">\r\n\t<h1 style=\"color: #0080FF; text-align: center;\">24\/7 Haga clic en Detecci\u00f3n de fraude<\/h1>\r\n\t<div style=\"color: #000E4D; font-size: 16px; letter-spacing: 0.31px; line-height: 28px; margin-top: 35px;\">Nuestro software de detecci\u00f3n de fraude de clics controla de forma activa 24\/7 cada clic de sus campa\u00f1as de PPC y cada visita a su sitio web, desde Google Ads, Bing Ads, Facebook, Twitter, Taboola, Outbrain, b\u00fasqueda org\u00e1nica, Directo y m\u00e1s.  <br><br>\r\n\tLe permitimos establecer el perfil de seguridad para su cuenta mientras nuestro algoritmo de detecci\u00f3n de fraude de clics analiza constantemente su tr\u00e1fico PPC. Si se detecta un dispositivo o una IP por violar cualquier regla de seguridad, se bloquear\u00e1 de inmediato y se le prohibir\u00e1 ver sus anuncios pagados. <br><br>\r\n\tNuestros detectores de fraude est\u00e1n dise\u00f1ados para manejar todos los bots de clics recientes, redes privadas virtuales (VPN) y servidores proxy. La activaci\u00f3n del bloqueador de rango de Clixtell detectar\u00e1 y bloquear\u00e1 autom\u00e1ticamente los rangos de IP sospechosos. Nuestro modo de defensa de \u00faltima generaci\u00f3n est\u00e1 dise\u00f1ado para detener los ataques de clics maliciosos realizados por piratas inform\u00e1ticos o robots.<br><br>\r\n\tSe ha demostrado que esta estrategia aumenta el ROI en las campa\u00f1as de Google Ads y Bing Ads para muchas empresas en todo el mundo.<br><br>\r\n\t<\/div>\r\n<\/section>\r\n<div data-post-id=\"1335\" class=\"insert-page insert-page-1335 \"><\/div>","protected":false},"excerpt":{"rendered":"Analizar cada clic de sus campa\u00f1as de PPC y cada visita a su sitio web Supervisar, detectar y DETENER la actividad fraudulenta de anuncios de Google y anuncios de Bing. 24\/7 Haga clic en Detecci\u00f3n de fraude Nuestro software de detecci\u00f3n de fraude de clics controla de forma activa 24\/7 cada clic de sus campa\u00f1as [&hellip;]","protected":false},"author":1,"featured_media":0,"parent":2649,"menu_order":0,"comment_status":"closed","ping_status":"closed","template":"click-fraud.php","meta":{"footnotes":""},"class_list":["post-2675","page","type-page","status-publish","hentry"],"yoast_head":"<!-- This site is optimized with the Yoast SEO plugin v26.8 - https:\/\/yoast.com\/product\/yoast-seo-wordpress\/ -->\n<title>Haga clic en detecci\u00f3n de fraude | Haga clic en software de detecci\u00f3n y protecci\u00f3n contra fraudes | Clixtell<\/title>\n<meta name=\"description\" content=\"Analyze every click from your PPC campaigns, and every visit to your webiste. Monitor, detect and STOP Google Ads &amp; Bing ads fraudulent activity.\" \/>\n<meta name=\"robots\" content=\"index, follow, max-snippet:-1, max-image-preview:large, max-video-preview:-1\" \/>\n<link rel=\"canonical\" href=\"https:\/\/www.clixtell.com\/es\/haga-clic-proteccion\/caracteristicas\/haga-clic-en-deteccion-de-fraude\/\" \/>\n<meta property=\"og:locale\" content=\"es_ES\" \/>\n<meta property=\"og:type\" content=\"article\" \/>\n<meta property=\"og:title\" content=\"Haga clic en detecci\u00f3n de fraude | Haga clic en software de detecci\u00f3n y protecci\u00f3n contra fraudes | Clixtell\" \/>\n<meta property=\"og:description\" content=\"Analyze every click from your PPC campaigns, and every visit to your webiste. Monitor, detect and STOP Google Ads &amp; Bing ads fraudulent activity.\" \/>\n<meta property=\"og:url\" content=\"https:\/\/www.clixtell.com\/es\/haga-clic-proteccion\/caracteristicas\/haga-clic-en-deteccion-de-fraude\/\" \/>\n<meta property=\"og:site_name\" content=\"Click Fraud Protection | Call Tracking | Website Video Recorder | Clixtell\u2122\" \/>\n<meta property=\"article:publisher\" content=\"http:\/\/facebook.com\/clixtell\" \/>\n<meta property=\"article:modified_time\" content=\"2019-01-23T19:16:21+00:00\" \/>\n<meta name=\"twitter:card\" content=\"summary_large_image\" \/>\n<meta name=\"twitter:site\" content=\"@clixtell\" \/>\n<meta name=\"twitter:label1\" content=\"Tiempo de lectura\" \/>\n\t<meta name=\"twitter:data1\" content=\"1 minuto\" \/>\n<!-- \/ Yoast SEO plugin. -->","yoast_head_json":{"title":"Haga clic en detecci\u00f3n de fraude | Haga clic en software de detecci\u00f3n y protecci\u00f3n contra fraudes | Clixtell","description":"Analyze every click from your PPC campaigns, and every visit to your webiste. Monitor, detect and STOP Google Ads & Bing ads fraudulent activity.","robots":{"index":"index","follow":"follow","max-snippet":"max-snippet:-1","max-image-preview":"max-image-preview:large","max-video-preview":"max-video-preview:-1"},"canonical":"https:\/\/www.clixtell.com\/es\/haga-clic-proteccion\/caracteristicas\/haga-clic-en-deteccion-de-fraude\/","og_locale":"es_ES","og_type":"article","og_title":"Haga clic en detecci\u00f3n de fraude | Haga clic en software de detecci\u00f3n y protecci\u00f3n contra fraudes | Clixtell","og_description":"Analyze every click from your PPC campaigns, and every visit to your webiste. Monitor, detect and STOP Google Ads & Bing ads fraudulent activity.","og_url":"https:\/\/www.clixtell.com\/es\/haga-clic-proteccion\/caracteristicas\/haga-clic-en-deteccion-de-fraude\/","og_site_name":"Click Fraud Protection | Call Tracking | Website Video Recorder | Clixtell\u2122","article_publisher":"http:\/\/facebook.com\/clixtell","article_modified_time":"2019-01-23T19:16:21+00:00","twitter_card":"summary_large_image","twitter_site":"@clixtell","twitter_misc":{"Tiempo de lectura":"1 minuto"},"schema":{"@context":"https:\/\/schema.org","@graph":[{"@type":"WebPage","@id":"https:\/\/www.clixtell.com\/es\/haga-clic-proteccion\/caracteristicas\/haga-clic-en-deteccion-de-fraude\/","url":"https:\/\/www.clixtell.com\/es\/haga-clic-proteccion\/caracteristicas\/haga-clic-en-deteccion-de-fraude\/","name":"Haga clic en detecci\u00f3n de fraude | Haga clic en software de detecci\u00f3n y protecci\u00f3n contra fraudes | Clixtell","isPartOf":{"@id":"https:\/\/www.clixtell.com\/es\/#website"},"datePublished":"2019-01-23T09:28:50+00:00","dateModified":"2019-01-23T19:16:21+00:00","description":"Analyze every click from your PPC campaigns, and every visit to your webiste. Monitor, detect and STOP Google Ads & Bing ads fraudulent activity.","breadcrumb":{"@id":"https:\/\/www.clixtell.com\/es\/haga-clic-proteccion\/caracteristicas\/haga-clic-en-deteccion-de-fraude\/#breadcrumb"},"inLanguage":"es","potentialAction":[{"@type":"ReadAction","target":["https:\/\/www.clixtell.com\/es\/haga-clic-proteccion\/caracteristicas\/haga-clic-en-deteccion-de-fraude\/"]}]},{"@type":"BreadcrumbList","@id":"https:\/\/www.clixtell.com\/es\/haga-clic-proteccion\/caracteristicas\/haga-clic-en-deteccion-de-fraude\/#breadcrumb","itemListElement":[{"@type":"ListItem","position":1,"name":"Home","item":"https:\/\/www.clixtell.com\/es\/"},{"@type":"ListItem","position":2,"name":"Clixtell | Haga clic en software de detecci\u00f3n y protecci\u00f3n de fraude","item":"https:\/\/www.clixtell.com\/es\/haga-clic-proteccion\/"},{"@type":"ListItem","position":3,"name":"Caracter\u00edsticas de Clixtell | Haga clic en software de detecci\u00f3n y protecci\u00f3n de fraude","item":"https:\/\/www.clixtell.com\/es\/haga-clic-proteccion\/caracteristicas\/"},{"@type":"ListItem","position":4,"name":"Haga clic en detecci\u00f3n de fraude | Haga clic en software de detecci\u00f3n y protecci\u00f3n contra fraudes | Clixtell"}]},{"@type":"WebSite","@id":"https:\/\/www.clixtell.com\/es\/#website","url":"https:\/\/www.clixtell.com\/es\/","name":"Click Fraud Protection | Call Tracking | Website Video Recorder | Clixtell\u2122","description":"Safe &amp; Sound Digital Marketing","publisher":{"@id":"https:\/\/www.clixtell.com\/es\/#organization"},"potentialAction":[{"@type":"SearchAction","target":{"@type":"EntryPoint","urlTemplate":"https:\/\/www.clixtell.com\/es\/?s={search_term_string}"},"query-input":{"@type":"PropertyValueSpecification","valueRequired":true,"valueName":"search_term_string"}}],"inLanguage":"es"},{"@type":"Organization","@id":"https:\/\/www.clixtell.com\/es\/#organization","name":"Clixtell","url":"https:\/\/www.clixtell.com\/es\/","logo":{"@type":"ImageObject","inLanguage":"es","@id":"https:\/\/www.clixtell.com\/es\/#\/schema\/logo\/image\/","url":"https:\/\/www.clixtell.com\/wp-content\/uploads\/logoc.png","contentUrl":"https:\/\/www.clixtell.com\/wp-content\/uploads\/logoc.png","width":168,"height":43,"caption":"Clixtell"},"image":{"@id":"https:\/\/www.clixtell.com\/es\/#\/schema\/logo\/image\/"},"sameAs":["http:\/\/facebook.com\/clixtell","https:\/\/x.com\/clixtell"]}]}},"_links":{"self":[{"href":"https:\/\/www.clixtell.com\/es\/wp-json\/wp\/v2\/pages\/2675","targetHints":{"allow":["GET"]}}],"collection":[{"href":"https:\/\/www.clixtell.com\/es\/wp-json\/wp\/v2\/pages"}],"about":[{"href":"https:\/\/www.clixtell.com\/es\/wp-json\/wp\/v2\/types\/page"}],"author":[{"embeddable":true,"href":"https:\/\/www.clixtell.com\/es\/wp-json\/wp\/v2\/users\/1"}],"replies":[{"embeddable":true,"href":"https:\/\/www.clixtell.com\/es\/wp-json\/wp\/v2\/comments?post=2675"}],"version-history":[{"count":0,"href":"https:\/\/www.clixtell.com\/es\/wp-json\/wp\/v2\/pages\/2675\/revisions"}],"up":[{"embeddable":true,"href":"https:\/\/www.clixtell.com\/es\/wp-json\/wp\/v2\/pages\/2649"}],"wp:attachment":[{"href":"https:\/\/www.clixtell.com\/es\/wp-json\/wp\/v2\/media?parent=2675"}],"curies":[{"name":"wp","href":"https:\/\/api.w.org\/{rel}","templated":true}]}}