{"id":2683,"date":"2019-01-23T12:31:40","date_gmt":"2019-01-23T12:31:40","guid":{"rendered":"https:\/\/www.clixtell.com\/?page_id=2683"},"modified":"2019-01-24T08:00:40","modified_gmt":"2019-01-24T08:00:40","slug":"grabador-de-video-de-sesion-de-visitante","status":"publish","type":"page","link":"https:\/\/www.clixtell.com\/es\/haga-clic-proteccion\/caracteristicas\/grabador-de-video-de-sesion-de-visitante\/","title":{"rendered":"Grabador de v\u00eddeo del sitio web | Haga clic en software de protecci\u00f3n contra fraudes | Clixtell"},"content":{"rendered":"<div class=\"container mob-marg\">\r\n\t\t<h1 style=\"color: #fff; text-align: left; margin-top:10vh\">Observa y entiende el comportamiento<br>de tus visitantes\r\n<\/h1>\r\n\t\t<h3 style=\"color: #fff; font-size: 22px; margin-top: 3vh;\">Con ideas visuales claras y \u00fatiles.<\/h3>\r\n\t<\/div>\r\n<\/div>\r\n<\/div>\r\n<section class=\"container\" style=\"max-width: 897px; margin-top: 80px;\">\r\n\t<h1 style=\"color: #0080FF; text-align: center;\">Grabador de video de sesi\u00f3n de visitante<\/h1>\r\n\t<div style=\"color: #000E4D; font-size: 16px; letter-spacing: 0.31px; line-height: 28px; margin-top: 35px;\">La grabadora de sesiones de Clixtell le brinda una imagen completa de los visitantes de su sitio web y detalles completos de los movimientos de sus mouse, clics, desplazamientos y escritura de texto. Ahora puede ver su sitio web a trav\u00e9s de los ojos de sus visitantes.\r\n <br><br>\r\n\tClixtell le ofrece la posibilidad de ver a cada visitante de su sitio web, ver repeticiones y descubrir con qu\u00e9 interact\u00faan y qu\u00e9 los hace salir.\r\n <br><br>\r\n\tCon nuestra grabadora de sesiones, puede registrar los movimientos reales del mouse a medida que los visitantes se mueven a trav\u00e9s de las p\u00e1ginas de su sitio web. Puede ver d\u00f3nde hicieron clic, con qu\u00e9 frecuencia subieron y bajaron una p\u00e1gina y c\u00f3mo interactuaron con los formularios y enlaces.\r\n <br><br>\r\n\t<\/div>\r\n<\/section>\r\n<div data-post-id=\"1335\" class=\"insert-page insert-page-1335 \"><\/div>","protected":false},"excerpt":{"rendered":"Observa y entiende el comportamientode tus visitantes Con ideas visuales claras y \u00fatiles. Grabador de video de sesi\u00f3n de visitante La grabadora de sesiones de Clixtell le brinda una imagen completa de los visitantes de su sitio web y detalles completos de los movimientos de sus mouse, clics, desplazamientos y escritura de texto. Ahora puede [&hellip;]","protected":false},"author":1,"featured_media":0,"parent":2649,"menu_order":0,"comment_status":"closed","ping_status":"closed","template":"click-fraud.php","meta":{"footnotes":""},"class_list":["post-2683","page","type-page","status-publish","hentry"],"yoast_head":"<!-- This site is optimized with the Yoast SEO plugin v26.8 - https:\/\/yoast.com\/product\/yoast-seo-wordpress\/ -->\n<title>Grabador de v\u00eddeo del sitio web | Haga clic en software de protecci\u00f3n contra fraudes | Clixtell<\/title>\n<meta name=\"description\" content=\"Clixtell session recorder provides you a complete picture of your website visitors and full details of their mouse movements, clicks, scrolls and text writing.\" \/>\n<meta name=\"robots\" content=\"index, follow, max-snippet:-1, max-image-preview:large, max-video-preview:-1\" \/>\n<link rel=\"canonical\" href=\"https:\/\/www.clixtell.com\/es\/haga-clic-proteccion\/caracteristicas\/grabador-de-video-de-sesion-de-visitante\/\" \/>\n<meta property=\"og:locale\" content=\"es_ES\" \/>\n<meta property=\"og:type\" content=\"article\" \/>\n<meta property=\"og:title\" content=\"Grabador de v\u00eddeo del sitio web | Haga clic en software de protecci\u00f3n contra fraudes | Clixtell\" \/>\n<meta property=\"og:description\" content=\"Clixtell session recorder provides you a complete picture of your website visitors and full details of their mouse movements, clicks, scrolls and text writing.\" \/>\n<meta property=\"og:url\" content=\"https:\/\/www.clixtell.com\/es\/haga-clic-proteccion\/caracteristicas\/grabador-de-video-de-sesion-de-visitante\/\" \/>\n<meta property=\"og:site_name\" content=\"Click Fraud Protection | Call Tracking | Website Video Recorder | Clixtell\u2122\" \/>\n<meta property=\"article:publisher\" content=\"http:\/\/facebook.com\/clixtell\" \/>\n<meta property=\"article:modified_time\" content=\"2019-01-24T08:00:40+00:00\" \/>\n<meta name=\"twitter:card\" content=\"summary_large_image\" \/>\n<meta name=\"twitter:site\" content=\"@clixtell\" \/>\n<meta name=\"twitter:label1\" content=\"Tiempo de lectura\" \/>\n\t<meta name=\"twitter:data1\" content=\"1 minuto\" \/>\n<!-- \/ Yoast SEO plugin. -->","yoast_head_json":{"title":"Grabador de v\u00eddeo del sitio web | Haga clic en software de protecci\u00f3n contra fraudes | Clixtell","description":"Clixtell session recorder provides you a complete picture of your website visitors and full details of their mouse movements, clicks, scrolls and text writing.","robots":{"index":"index","follow":"follow","max-snippet":"max-snippet:-1","max-image-preview":"max-image-preview:large","max-video-preview":"max-video-preview:-1"},"canonical":"https:\/\/www.clixtell.com\/es\/haga-clic-proteccion\/caracteristicas\/grabador-de-video-de-sesion-de-visitante\/","og_locale":"es_ES","og_type":"article","og_title":"Grabador de v\u00eddeo del sitio web | Haga clic en software de protecci\u00f3n contra fraudes | Clixtell","og_description":"Clixtell session recorder provides you a complete picture of your website visitors and full details of their mouse movements, clicks, scrolls and text writing.","og_url":"https:\/\/www.clixtell.com\/es\/haga-clic-proteccion\/caracteristicas\/grabador-de-video-de-sesion-de-visitante\/","og_site_name":"Click Fraud Protection | Call Tracking | Website Video Recorder | Clixtell\u2122","article_publisher":"http:\/\/facebook.com\/clixtell","article_modified_time":"2019-01-24T08:00:40+00:00","twitter_card":"summary_large_image","twitter_site":"@clixtell","twitter_misc":{"Tiempo de lectura":"1 minuto"},"schema":{"@context":"https:\/\/schema.org","@graph":[{"@type":"WebPage","@id":"https:\/\/www.clixtell.com\/es\/haga-clic-proteccion\/caracteristicas\/grabador-de-video-de-sesion-de-visitante\/","url":"https:\/\/www.clixtell.com\/es\/haga-clic-proteccion\/caracteristicas\/grabador-de-video-de-sesion-de-visitante\/","name":"Grabador de v\u00eddeo del sitio web | Haga clic en software de protecci\u00f3n contra fraudes | Clixtell","isPartOf":{"@id":"https:\/\/www.clixtell.com\/es\/#website"},"datePublished":"2019-01-23T12:31:40+00:00","dateModified":"2019-01-24T08:00:40+00:00","description":"Clixtell session recorder provides you a complete picture of your website visitors and full details of their mouse movements, clicks, scrolls and text writing.","breadcrumb":{"@id":"https:\/\/www.clixtell.com\/es\/haga-clic-proteccion\/caracteristicas\/grabador-de-video-de-sesion-de-visitante\/#breadcrumb"},"inLanguage":"es","potentialAction":[{"@type":"ReadAction","target":["https:\/\/www.clixtell.com\/es\/haga-clic-proteccion\/caracteristicas\/grabador-de-video-de-sesion-de-visitante\/"]}]},{"@type":"BreadcrumbList","@id":"https:\/\/www.clixtell.com\/es\/haga-clic-proteccion\/caracteristicas\/grabador-de-video-de-sesion-de-visitante\/#breadcrumb","itemListElement":[{"@type":"ListItem","position":1,"name":"Home","item":"https:\/\/www.clixtell.com\/es\/"},{"@type":"ListItem","position":2,"name":"Clixtell | Haga clic en software de detecci\u00f3n y protecci\u00f3n de fraude","item":"https:\/\/www.clixtell.com\/es\/haga-clic-proteccion\/"},{"@type":"ListItem","position":3,"name":"Caracter\u00edsticas de Clixtell | Haga clic en software de detecci\u00f3n y protecci\u00f3n de fraude","item":"https:\/\/www.clixtell.com\/es\/haga-clic-proteccion\/caracteristicas\/"},{"@type":"ListItem","position":4,"name":"Grabador de v\u00eddeo del sitio web | Haga clic en software de protecci\u00f3n contra fraudes | Clixtell"}]},{"@type":"WebSite","@id":"https:\/\/www.clixtell.com\/es\/#website","url":"https:\/\/www.clixtell.com\/es\/","name":"Click Fraud Protection | Call Tracking | Website Video Recorder | Clixtell\u2122","description":"Safe &amp; Sound Digital Marketing","publisher":{"@id":"https:\/\/www.clixtell.com\/es\/#organization"},"potentialAction":[{"@type":"SearchAction","target":{"@type":"EntryPoint","urlTemplate":"https:\/\/www.clixtell.com\/es\/?s={search_term_string}"},"query-input":{"@type":"PropertyValueSpecification","valueRequired":true,"valueName":"search_term_string"}}],"inLanguage":"es"},{"@type":"Organization","@id":"https:\/\/www.clixtell.com\/es\/#organization","name":"Clixtell","url":"https:\/\/www.clixtell.com\/es\/","logo":{"@type":"ImageObject","inLanguage":"es","@id":"https:\/\/www.clixtell.com\/es\/#\/schema\/logo\/image\/","url":"https:\/\/www.clixtell.com\/wp-content\/uploads\/logoc.png","contentUrl":"https:\/\/www.clixtell.com\/wp-content\/uploads\/logoc.png","width":168,"height":43,"caption":"Clixtell"},"image":{"@id":"https:\/\/www.clixtell.com\/es\/#\/schema\/logo\/image\/"},"sameAs":["http:\/\/facebook.com\/clixtell","https:\/\/x.com\/clixtell"]}]}},"_links":{"self":[{"href":"https:\/\/www.clixtell.com\/es\/wp-json\/wp\/v2\/pages\/2683","targetHints":{"allow":["GET"]}}],"collection":[{"href":"https:\/\/www.clixtell.com\/es\/wp-json\/wp\/v2\/pages"}],"about":[{"href":"https:\/\/www.clixtell.com\/es\/wp-json\/wp\/v2\/types\/page"}],"author":[{"embeddable":true,"href":"https:\/\/www.clixtell.com\/es\/wp-json\/wp\/v2\/users\/1"}],"replies":[{"embeddable":true,"href":"https:\/\/www.clixtell.com\/es\/wp-json\/wp\/v2\/comments?post=2683"}],"version-history":[{"count":0,"href":"https:\/\/www.clixtell.com\/es\/wp-json\/wp\/v2\/pages\/2683\/revisions"}],"up":[{"embeddable":true,"href":"https:\/\/www.clixtell.com\/es\/wp-json\/wp\/v2\/pages\/2649"}],"wp:attachment":[{"href":"https:\/\/www.clixtell.com\/es\/wp-json\/wp\/v2\/media?parent=2683"}],"curies":[{"name":"wp","href":"https:\/\/api.w.org\/{rel}","templated":true}]}}