{"id":2704,"date":"2019-01-23T13:37:37","date_gmt":"2019-01-23T13:37:37","guid":{"rendered":"https:\/\/www.clixtell.com\/?page_id=2704"},"modified":"2020-11-01T11:08:39","modified_gmt":"2020-11-01T11:08:39","slug":"reporte-de-reclamos-de-reembolso","status":"publish","type":"page","link":"https:\/\/www.clixtell.com\/es\/haga-clic-proteccion\/caracteristicas\/reporte-de-reclamos-de-reembolso\/","title":{"rendered":"Reporte de reclamos de reembolso | Haga clic en software de protecci\u00f3n contra fraudes | Clixtell"},"content":{"rendered":"\t<div class=\"container mob-marg\">\r\n\t\t<h1 style=\"color: #fff; text-align: left; margin-top:10vh\">Obtenga el reembolso completo de Google y Bing<br> por actividad fraudulenta en su cuenta.<\/h1>\r\n\t\t<h3 style=\"color: #fff; margin-top: 3vh;\">Las altas tasas de \u00e9xito para recibir un reembolso completo <br> por actividad no v\u00e1lida utilizando nuestro informe detallado de fraude de clics.<\/h3>\r\n\t<\/div>\r\n<\/div>\r\n<\/div>\r\n<section class=\"container\" style=\"max-width: 897px; margin-top: 80px;\">\r\n\t<h1 style=\"color: #0080FF; text-align: center;\"> Reporte de reclamos de reembolso<\/h1>\r\n\t<div style=\"color: #000E4D; font-size: 16px; letter-spacing: 0.31px; line-height: 28px; margin-top: 35px;\">Clixtell proporciona un informe detallado de fraude de clics personalizado para que demuestre que es una actividad no v\u00e1lida, y aseg\u00farese de obtener el reembolso completo de Google y Bing por actividad fraudulenta.<br><br>\r\n\tLe proporcionamos un servicio integral que le ofrece la oportunidad de recibir un reembolso de Google por actividad no v\u00e1lida en sus campa\u00f1as de anuncios de Google. La mayor\u00eda de las empresas no saben que es posible obtener un reembolso de Google. Para recibir este reembolso, les presentamos un informe completo que demuestra la actividad no v\u00e1lida en sus anuncios.\r\n<br><br>\r\n\tClixtell supervisa y detecta por usted cada direcci\u00f3n IP, ID de dispositivo \u00fanica, proveedores de servicio de red, proveedores de VPN, geolocalizaci\u00f3n, palabras clave, tiempo en la p\u00e1gina, n\u00famero de clics y m\u00e1s, lo que nos permite emitir un informe completo sobre todos los clics no v\u00e1lidos en Sus campa\u00f1as de anuncios de Google. <br><br>\r\n\t<\/div>\r\n<\/section>\r\n<div data-post-id=\"1335\" class=\"insert-page insert-page-1335 \"><\/div>","protected":false},"excerpt":{"rendered":"Obtenga el reembolso completo de Google y Bing por actividad fraudulenta en su cuenta. Las altas tasas de \u00e9xito para recibir un reembolso completo por actividad no v\u00e1lida utilizando nuestro informe detallado de fraude de clics. Reporte de reclamos de reembolso Clixtell proporciona un informe detallado de fraude de clics personalizado para que demuestre que [&hellip;]","protected":false},"author":1,"featured_media":0,"parent":2649,"menu_order":0,"comment_status":"closed","ping_status":"closed","template":"click-fraud.php","meta":{"footnotes":""},"class_list":["post-2704","page","type-page","status-publish","hentry"],"yoast_head":"<!-- This site is optimized with the Yoast SEO plugin v26.8 - https:\/\/yoast.com\/product\/yoast-seo-wordpress\/ -->\n<title>Reporte de reclamos de reembolso | Haga clic en software de protecci\u00f3n contra fraudes | Clixtell<\/title>\n<meta name=\"description\" content=\"Get the full refund from Google and Bing. High success rates for receiving a full refund for invalid activity using our detailed click fraud report.\" \/>\n<meta name=\"robots\" content=\"index, follow, max-snippet:-1, max-image-preview:large, max-video-preview:-1\" \/>\n<link rel=\"canonical\" href=\"https:\/\/www.clixtell.com\/es\/haga-clic-proteccion\/caracteristicas\/reporte-de-reclamos-de-reembolso\/\" \/>\n<meta property=\"og:locale\" content=\"es_ES\" \/>\n<meta property=\"og:type\" content=\"article\" \/>\n<meta property=\"og:title\" content=\"Reporte de reclamos de reembolso | Haga clic en software de protecci\u00f3n contra fraudes | Clixtell\" \/>\n<meta property=\"og:description\" content=\"Get the full refund from Google and Bing. High success rates for receiving a full refund for invalid activity using our detailed click fraud report.\" \/>\n<meta property=\"og:url\" content=\"https:\/\/www.clixtell.com\/es\/haga-clic-proteccion\/caracteristicas\/reporte-de-reclamos-de-reembolso\/\" \/>\n<meta property=\"og:site_name\" content=\"Click Fraud Protection | Call Tracking | Website Video Recorder | Clixtell\u2122\" \/>\n<meta property=\"article:publisher\" content=\"http:\/\/facebook.com\/clixtell\" \/>\n<meta property=\"article:modified_time\" content=\"2020-11-01T11:08:39+00:00\" \/>\n<meta name=\"twitter:card\" content=\"summary_large_image\" \/>\n<meta name=\"twitter:site\" content=\"@clixtell\" \/>\n<meta name=\"twitter:label1\" content=\"Tiempo de lectura\" \/>\n\t<meta name=\"twitter:data1\" content=\"1 minuto\" \/>\n<!-- \/ Yoast SEO plugin. -->","yoast_head_json":{"title":"Reporte de reclamos de reembolso | Haga clic en software de protecci\u00f3n contra fraudes | Clixtell","description":"Get the full refund from Google and Bing. High success rates for receiving a full refund for invalid activity using our detailed click fraud report.","robots":{"index":"index","follow":"follow","max-snippet":"max-snippet:-1","max-image-preview":"max-image-preview:large","max-video-preview":"max-video-preview:-1"},"canonical":"https:\/\/www.clixtell.com\/es\/haga-clic-proteccion\/caracteristicas\/reporte-de-reclamos-de-reembolso\/","og_locale":"es_ES","og_type":"article","og_title":"Reporte de reclamos de reembolso | Haga clic en software de protecci\u00f3n contra fraudes | Clixtell","og_description":"Get the full refund from Google and Bing. High success rates for receiving a full refund for invalid activity using our detailed click fraud report.","og_url":"https:\/\/www.clixtell.com\/es\/haga-clic-proteccion\/caracteristicas\/reporte-de-reclamos-de-reembolso\/","og_site_name":"Click Fraud Protection | Call Tracking | Website Video Recorder | Clixtell\u2122","article_publisher":"http:\/\/facebook.com\/clixtell","article_modified_time":"2020-11-01T11:08:39+00:00","twitter_card":"summary_large_image","twitter_site":"@clixtell","twitter_misc":{"Tiempo de lectura":"1 minuto"},"schema":{"@context":"https:\/\/schema.org","@graph":[{"@type":"WebPage","@id":"https:\/\/www.clixtell.com\/es\/haga-clic-proteccion\/caracteristicas\/reporte-de-reclamos-de-reembolso\/","url":"https:\/\/www.clixtell.com\/es\/haga-clic-proteccion\/caracteristicas\/reporte-de-reclamos-de-reembolso\/","name":"Reporte de reclamos de reembolso | Haga clic en software de protecci\u00f3n contra fraudes | Clixtell","isPartOf":{"@id":"https:\/\/www.clixtell.com\/es\/#website"},"datePublished":"2019-01-23T13:37:37+00:00","dateModified":"2020-11-01T11:08:39+00:00","description":"Get the full refund from Google and Bing. High success rates for receiving a full refund for invalid activity using our detailed click fraud report.","breadcrumb":{"@id":"https:\/\/www.clixtell.com\/es\/haga-clic-proteccion\/caracteristicas\/reporte-de-reclamos-de-reembolso\/#breadcrumb"},"inLanguage":"es","potentialAction":[{"@type":"ReadAction","target":["https:\/\/www.clixtell.com\/es\/haga-clic-proteccion\/caracteristicas\/reporte-de-reclamos-de-reembolso\/"]}]},{"@type":"BreadcrumbList","@id":"https:\/\/www.clixtell.com\/es\/haga-clic-proteccion\/caracteristicas\/reporte-de-reclamos-de-reembolso\/#breadcrumb","itemListElement":[{"@type":"ListItem","position":1,"name":"Home","item":"https:\/\/www.clixtell.com\/es\/"},{"@type":"ListItem","position":2,"name":"Clixtell | Haga clic en software de detecci\u00f3n y protecci\u00f3n de fraude","item":"https:\/\/www.clixtell.com\/es\/haga-clic-proteccion\/"},{"@type":"ListItem","position":3,"name":"Caracter\u00edsticas de Clixtell | Haga clic en software de detecci\u00f3n y protecci\u00f3n de fraude","item":"https:\/\/www.clixtell.com\/es\/haga-clic-proteccion\/caracteristicas\/"},{"@type":"ListItem","position":4,"name":"Reporte de reclamos de reembolso | Haga clic en software de protecci\u00f3n contra fraudes | Clixtell"}]},{"@type":"WebSite","@id":"https:\/\/www.clixtell.com\/es\/#website","url":"https:\/\/www.clixtell.com\/es\/","name":"Click Fraud Protection | Call Tracking | Website Video Recorder | Clixtell\u2122","description":"Safe &amp; Sound Digital Marketing","publisher":{"@id":"https:\/\/www.clixtell.com\/es\/#organization"},"potentialAction":[{"@type":"SearchAction","target":{"@type":"EntryPoint","urlTemplate":"https:\/\/www.clixtell.com\/es\/?s={search_term_string}"},"query-input":{"@type":"PropertyValueSpecification","valueRequired":true,"valueName":"search_term_string"}}],"inLanguage":"es"},{"@type":"Organization","@id":"https:\/\/www.clixtell.com\/es\/#organization","name":"Clixtell","url":"https:\/\/www.clixtell.com\/es\/","logo":{"@type":"ImageObject","inLanguage":"es","@id":"https:\/\/www.clixtell.com\/es\/#\/schema\/logo\/image\/","url":"https:\/\/www.clixtell.com\/wp-content\/uploads\/logoc.png","contentUrl":"https:\/\/www.clixtell.com\/wp-content\/uploads\/logoc.png","width":168,"height":43,"caption":"Clixtell"},"image":{"@id":"https:\/\/www.clixtell.com\/es\/#\/schema\/logo\/image\/"},"sameAs":["http:\/\/facebook.com\/clixtell","https:\/\/x.com\/clixtell"]}]}},"_links":{"self":[{"href":"https:\/\/www.clixtell.com\/es\/wp-json\/wp\/v2\/pages\/2704","targetHints":{"allow":["GET"]}}],"collection":[{"href":"https:\/\/www.clixtell.com\/es\/wp-json\/wp\/v2\/pages"}],"about":[{"href":"https:\/\/www.clixtell.com\/es\/wp-json\/wp\/v2\/types\/page"}],"author":[{"embeddable":true,"href":"https:\/\/www.clixtell.com\/es\/wp-json\/wp\/v2\/users\/1"}],"replies":[{"embeddable":true,"href":"https:\/\/www.clixtell.com\/es\/wp-json\/wp\/v2\/comments?post=2704"}],"version-history":[{"count":0,"href":"https:\/\/www.clixtell.com\/es\/wp-json\/wp\/v2\/pages\/2704\/revisions"}],"up":[{"embeddable":true,"href":"https:\/\/www.clixtell.com\/es\/wp-json\/wp\/v2\/pages\/2649"}],"wp:attachment":[{"href":"https:\/\/www.clixtell.com\/es\/wp-json\/wp\/v2\/media?parent=2704"}],"curies":[{"name":"wp","href":"https:\/\/api.w.org\/{rel}","templated":true}]}}