{"id":2713,"date":"2019-01-24T07:40:45","date_gmt":"2019-01-24T07:40:45","guid":{"rendered":"https:\/\/www.clixtell.com\/?page_id=2713"},"modified":"2019-01-24T07:59:30","modified_gmt":"2019-01-24T07:59:30","slug":"preguntas-frecuentes","status":"publish","type":"page","link":"https:\/\/www.clixtell.com\/es\/haga-clic-proteccion\/preguntas-frecuentes\/","title":{"rendered":"Preguntas frecuentes | Haga clic en software de protecci\u00f3n contra fraudes | Clixtell"},"content":{"rendered":"<style>\r\n\tp { height: auto; width: auto; color: #000E4D; font-family: Roboto; font-size: 16px; letter-spacing: 0.31px; line-height: 28px; font-weight: 400;}\r\n\th2 { color: #53AAFF; font-size: 25px;\tfont-weight: 400;\tletter-spacing: 0.49px;\tline-height: 28px; }\r\n<\/style>\r\n\r\n\t<div class=\"container mob-marg\">\r\n\t\t<div class=\"row\" style=\"padding-top:2h\">\r\n\t\t\t<div class=\"col-lg-8\">\r\n\t\t\t\t<h1 style=\"color: #fff; margin-top:5vh\"><br>Preguntas Frecuentes<\/h1>\r\n\t\t\t\t<h3 style=\"color: #fff;\">Estas son las preguntas que escuchamos mucho en nuestro servicio de protecci\u00f3n contra el fraude de clics y puede encontrar las respuestas a continuaci\u00f3n. Pero si tiene otros, cont\u00e1ctenos, estamos aqu\u00ed para ayudarlo.<\/h3>\r\n\t\t\t<\/div>\r\n\t\t<\/div>\r\n<\/div>\r\n\r\n<\/div>\r\n<\/div>\r\n\r\n<section>\r\n\t<div class=\"container\">\r\n\t<div class=\"tabmenu\">\r\n\t\t<ul style=\"display:inline-block;list-style-type:none;\">\r\n\t\t\t<li class=\"active\" onclick=\"setTab(0);\">Empezando<\/li>\r\n\t\t\t<li onclick=\"setTab(1);\">Nuestras Caracter\u00edsticas<\/li>\r\n\t\t\t<li onclick=\"setTab(2);\">Precios y Planes<\/li>\r\n\t\t\t<li onclick=\"setTab(3);\">General<\/li>\r\n\t\t<\/ul>\r\n\t<\/div>\r\n\t<div class=\"faqs\">\r\n\t\t<div class=\"entry\">\r\n\t\t\t<div class=\"question\">\u00bfQu\u00e9 es el fraude de clics?<div class=\"collapse plus\">+<\/div><\/div>\r\n\t\t\t<div class=\"answer\">El fraude de clics se produce cuando los competidores o el software malintencionado hacen clic sistem\u00e1ticamente en los anuncios patrocinados para causar p\u00e9rdidas financieras y desperdiciar el presupuesto publicitario hasta que los anuncios publican su curso en Internet.<\/div>\r\n\t\t<\/div>\r\n\t\t<div class=\"entry\">\r\n\t\t\t<div class=\"question\">\u00bfPor qu\u00e9 Clixtell?<div class=\"collapse plus\">+<\/div><\/div>\r\n\t\t\t<div class=\"answer\">Clixtell proporciona el servicio de monitoreo y protecci\u00f3n m\u00e1s avanzado para empresas y agencias que realizan campa\u00f1as de PPC. En nuestro software de \u00faltima generaci\u00f3n, encontrar\u00e1 caracter\u00edsticas exclusivas desarrolladas exclusivamente por nosotros que le permiten proteger de forma inmediata y autom\u00e1tica sus campa\u00f1as de Google Ads y Bing Ads. Nuestro software le ofrece una amplia gama de opciones para la configuraci\u00f3n de la cuenta combinada con un panel de control f\u00e1cil, f\u00e1cil de usar y poderoso que proporciona informaci\u00f3n anal\u00edtica precisa y al mismo tiempo bloquea actividades fraudulentas.<\/div>\r\n\t\t<\/div>\r\n\t\t<div class=\"entry\">\r\n\t\t\t<div class=\"question\">\u00bfC\u00f3mo funciona Clixtell?<div class=\"collapse plus\">+<\/div><\/div>\r\n\t\t\t<div class=\"answer\">Despu\u00e9s de registrarse, nuestro asistente de incorporaci\u00f3n lo guiar\u00e1 a trav\u00e9s de nuestro sencillo proceso de activaci\u00f3n. Nuestro amable equipo de soporte tambi\u00e9n est\u00e1 a su disposici\u00f3n para ayudarlo. Clixtell se integrar\u00e1 con su cuenta de Google a trav\u00e9s de API. Una vez que se complete la configuraci\u00f3n de 5 minutos y se establezca su perfil de seguridad, Clixtell comenzar\u00e1 a monitorear cada clic y bloquear\u00e1 autom\u00e1ticamente las actividades no v\u00e1lidas en su cuenta de Google Ads..<\/div>\r\n\t\t<\/div>\r\n\t\t<div class=\"entry\">\r\n\t\t\t<div class=\"question\">\u00bfC\u00f3mo detectas el fraude de clics?<div class=\"collapse plus\">+<\/div><\/div>\r\n\t\t\t<div class=\"answer\">Clixtell supervisa cada clic en su sitio web y desde sus campa\u00f1as de PPC, analiza cada direcci\u00f3n IP, ID de dispositivo \u00fanica, proveedores de servicios de red, VPN y proveedores de proxy, geolocalizaci\u00f3n, palabras clave, tiempo en la p\u00e1gina y m\u00e1s, en busca de actividad fraudulenta.\r\nCon nuestro aprendizaje avanzado de la m\u00e1quina de fraude de clics combinada con la configuraci\u00f3n de su perfil de seguridad personal, podemos detectar inmediatamente el fraude de clics y bloquear autom\u00e1ticamente cualquier intento de hacer clic en sus anuncios. \r\n\t\t\t<\/div>\r\n\t\t<\/div>\r\n\t\t<div class=\"entry\">\r\n\t\t\t<div class=\"question\">\u00bfQu\u00e9 tan r\u00e1pido bloquea una propiedad intelectual fraudulenta?<div class=\"collapse plus\">+<\/div><\/div>\r\n\t\t\t<div class=\"answer\">Inmediatamente, en el momento en que Clixtell identifica una violaci\u00f3n de seguridad, una violaci\u00f3n o una actividad fraudulenta, el software bloquear\u00e1 al atacante de manera instant\u00e1nea y evitar\u00e1 que vuelva a ver sus anuncios pagados.<\/div>\r\n\t\t<\/div>\r\n\t<\/div>\r\n\t\t\r\n\t<div class=\"faqs\" style=\"display:none;\">\r\n\t\t<div class=\"entry\">\r\n\t\t\t<div class=\"question\">\u00bfQu\u00e9 es el bloqueador de ID de dispositivo?<div class=\"collapse plus\">+<\/div><\/div>\r\n\t\t\t<div class=\"answer\">El bloqueador de ID de dispositivo es un esc\u00e1ner avanzado que usa un algoritmo inteligente de Clixtell para revisar cada computadora, dispositivo o navegador haciendo clic en sus anuncios pagados. Luego, los etiqueta con un ID de dispositivo \u00fanico con un n\u00famero de 16 d\u00edgitos, si el mismo dispositivo hace clic en su anuncio, Clixtell lo bloquear\u00e1 de inmediato y el atacante no podr\u00e1 ver sus anuncios de Google. <\/div>\r\n\t\t<\/div>\r\n\t\t<div class=\"entry\">\r\n\t\t\t<div class=\"question\">\u00bfQu\u00e9 es el bloqueador de proveedores de servicios?<div class=\"collapse plus\">+<\/div><\/div>\r\n\t\t\t<div class=\"answer\">Nuestro bloqueador de proveedores de servicios supervisa a todos los proveedores de servicios de Internet que han hecho clic en su anuncio. Puede bloquear autom\u00e1ticamente los proveedores de servicios de Internet seg\u00fan la configuraci\u00f3n de seguridad de su cuenta.<\/div>\r\n\t\t<\/div>\r\n\t\t<div class=\"entry\">\r\n\t\t\t<div class=\"question\">\u00bfQu\u00e9 es el VPN \/ Proxy Blocker?<div class=\"collapse plus\">+<\/div><\/div>\r\n\t\t\t<div class=\"answer\">Clixtell analiza cada clic y los verifica utilizando los servidores de datos que buscan VPN, ClickFarms, Proxy y los rangos de IP sospechosos que se actualizan diariamente. Cuando se haga una coincidencia, el software bloquear\u00e1 inmediatamente la IP o el rango de acuerdo con la configuraci\u00f3n y las definiciones de seguridad de la cuenta. Una vez bloqueado, ese usuario ya no podr\u00e1 ver y hacer clic en sus anuncios de Google. <\/div>\r\n\t\t<\/div>\r\n\t\t<div class=\"entry\">\r\n\t\t\t<div class=\"question\">\u00bfQu\u00e9 es la grabadora de video de sesi\u00f3n de visitante?<div class=\"collapse plus\">+<\/div><\/div>\r\n\t\t\t<div class=\"answer\">La grabadora de sesiones de Clixtell le brinda una imagen completa de los visitantes de su sitio web, lo que le permite ver su sitio web a trav\u00e9s de los ojos de sus visitantes y obtener detalles completos de los movimientos de sus mouse, clics, desplazamientos y escritura de texto. \r\n\t\t\t<\/div>\r\n\t\t<\/div>\r\n\t\t<div class=\"entry\">\r\n\t\t\t<div class=\"question\">\u00bfQu\u00e9 es el bloqueador de dominios cruzados? <div class=\"collapse plus\">+<\/div><\/div>\r\n\t\t\t<div class=\"answer\">El bloqueador de dominios cruzados de Clixtell protege m\u00faltiples dominios o cuentas como si fueran uno, cualquier violaci\u00f3n en cualquier dominio o cuenta y Clixtell proteger\u00e1 y bloquear\u00e1 la IP de forma inmediata en todas las cuentas, impidiendo que el atacante haga clic en sus anuncios. <\/div>\r\n\t\t<\/div>\r\n\t\t<div class=\"entry\">\r\n\t\t\t<div class=\"question\">\u00bfC\u00f3mo realiza el seguimiento de las campa\u00f1as y los anuncios de clic para llamar con la extensi\u00f3n de llamada? <div class=\"collapse plus\">+<\/div><\/div>\r\n\t\t\t<div class=\"answer\">Clixtell le proporciona un n\u00famero de tel\u00e9fono de seguimiento local para sus anuncios de clic de llamada y extensi\u00f3n de llamada que luego monitorear\u00e1, registrar\u00e1 y le proporcionar\u00e1 datos anal\u00edticos completos sobre la eficiencia de su campa\u00f1a, las llamadas entrantes, los clics y las conversiones, y comparar\u00e1 los clics se cargaron a la cantidad de llamadas entrantes que realmente recibi\u00f3, para detectar el fraude de clics y obtener un reembolso de Google en funci\u00f3n de nuestros informes.<\/div>\r\n\t\t<\/div>\r\n\t<\/div>\r\n\t\t\r\n\t<div class=\"faqs\" style=\"display:none;\">\r\n\t\t<div class=\"entry\">\r\n\t\t\t<div class=\"question\">\u00bfTengo alg\u00fan compromiso con su servicio?<div class=\"collapse plus\">+<\/div><\/div>\r\n\t\t\t<div class=\"answer\">No, no hay compromiso con nuestro servicio y puede cancelarlo en cualquier momento.<\/div>\r\n\t\t<\/div>\r\n\t\t<div class=\"entry\">\r\n\t\t\t<div class=\"question\">\u00bfQu\u00e9 pasa si cancelo mi cuenta?<div class=\"collapse plus\">+<\/div><\/div>\r\n\t\t\t<div class=\"answer\">Una vez que cancele su cuenta, todos nuestros servicios, datos y bloques de software que proporcionamos tambi\u00e9n se cancelar\u00e1n y no podremos reconstruirlos.<\/div>\r\n\t\t<\/div>\r\n\t\t<div class=\"entry\">\r\n\t\t\t<div class=\"question\">\u00bfCu\u00e1ntos dominios puedo agregar?<div class=\"collapse plus\">+<\/div><\/div>\r\n\t\t\t<div class=\"answer\">Puede agregar tantos dominios como necesite en un panel, pero es importante para nosotros hacerle saber que nuestro software es por dominio. Nuestro algoritmo inteligente de protecci\u00f3n de m\u00faltiples dominios puede proteger todos sus dominios como si fueran uno, o proteger cada dominio por separado..<\/div>\r\n\t\t<\/div>\r\n\t\t<div class=\"entry\">\r\n\t\t\t<div class=\"question\">Si tengo varios clientes, \u00bfpuedo crear una cuenta separada para cada cliente?<div class=\"collapse plus\">+<\/div><\/div>\r\n\t\t\t<div class=\"answer\">S\u00ed, por supuesto, puede crear cuentas separadas para sus clientes utilizando nuestra cuenta de administrador.\r\nCon nuestro panel de control de cuentas, puede crear f\u00e1cilmente una cuenta separada para cada cliente con diferentes configuraciones e integrar varias cuentas de Google Ads.\r\n\t\t\t<\/div>\r\n\t\t<\/div>\r\n\t\t<div class=\"entry\">\r\n\t\t\t<div class=\"question\">\u00bfPuede Clixtell cobrar a mis clientes directamente?<div class=\"collapse plus\">+<\/div><\/div>\r\n\t\t\t<div class=\"answer\">S\u00ed, Clixtell es interactivo y puede administrar las cuentas de sus clientes usando nuestro administrador de cuentas avanzado para que pueda crear las configuraciones para cada cliente y cada m\u00e9todo de pago por cuenta.    \r\n\t\t\t<\/div>\r\n\t\t<\/div>\r\n\t<\/div>\r\n\t<div class=\"faqs\" style=\"display:none;\">\r\n\t\t<div class=\"entry\">\r\n\t\t\t<div class=\"question\">\u00bfQu\u00e9 motores de b\u00fasqueda (Google Ads, Bing Ads) hacen sobre el fraude de clics?<div class=\"collapse plus\">+<\/div><\/div>\r\n\t\t\t<div class=\"answer\">Los motores de b\u00fasqueda filtran solo parte de la actividad de clics no v\u00e1lidos en las campa\u00f1as de PPC y no lo impiden. Se las arreglan para detectar y filtrar solo las actividades simples de fraude de clics. Google y Bing permiten enviar un informe de actividad completo durante 60 d\u00edas, lo que justifica sospechas de actividad fraudulenta en su cuenta de Google Ads y Bing Ads. Si se confirman las sospechas, los motores de b\u00fasqueda le reembolsar\u00e1n dinero a su cuenta.<\/div>\r\n\t\t<\/div>\r\n\t\t<div class=\"entry\">\r\n\t\t\t<div class=\"question\">\u00bfC\u00f3mo puedo solicitar un reembolso de Google por clics no v\u00e1lidos? <div class=\"collapse plus\">+<\/div><\/div>\r\n\t\t\t<div class=\"answer\">Puede reclamar un reembolso de Google por clics no v\u00e1lidos durante 60 d\u00edas haciendo clic en el siguiente enlace:<\/div>\r\n\t\t<\/div>\r\n\t\t<div class=\"entry\">\r\n\t\t\t<div class=\"question\">\u00bfQu\u00e9 hace que tu informe sea mejor?<div class=\"collapse plus\">+<\/div><\/div>\r\n\t\t\t<div class=\"answer\">Nuestros informes incluyen toda la informaci\u00f3n relevante y precisa para recibir un reembolso completo por actividad no v\u00e1lida. <\/div>\r\n\t\t<\/div>\r\n\t\t<div class=\"entry\">\r\n\t\t\t<div class=\"question\">\u00bfTienes una aplicaci\u00f3n m\u00f3vil?<div class=\"collapse plus\">+<\/div><\/div>\r\n\t\t\t<div class=\"answer\">S\u00ed, puede descargar la aplicaci\u00f3n m\u00f3vil Clima de forma gratuita desde Apple Store y Google Play, obtener informaci\u00f3n en vivo sobre el tr\u00e1fico y hacer clic en las alertas de bloqueo directamente en su m\u00f3vil.\r\n\t\t\t<\/div>\r\n\t\t<\/div>\r\n\t<\/div>\r\n\t<\/div>\r\n<\/section>\r\n<div data-post-id=\"1335\" class=\"insert-page insert-page-1335 \"><\/div>\r\n<script>\r\nwindow.addEventListener('DOMContentLoaded', function() {\r\n\twindow.setTab = function(num) {\r\n\t\tfor(x =0;x <= $('.tabmenu li').length;x++)\r\n\t\t{\r\n\t\t\t$('.tabmenu li').eq(x).attr('class','');\r\n\t\t\t$('.faqs').eq(x).hide();\r\n\t\t}\r\n\t\t\r\n\t\t$('.tabmenu li').eq(num).attr('class','active');\r\n\t\t$('.faqs').eq(num).show();\r\n\t}\r\n\r\n\t\t$('.entry').on('click', function(el) {\r\n\t\t\tvar index = $('.entry').index(this);\r\n\t\t\t\r\n\t\t\tvar collapse = $('.entry').eq(index).children().eq(0).children().eq(0);\r\n\t\t\tvar answer = $('.entry').eq(index).children().eq(1);\r\n\t\t\t\r\n\t\t\tif(answer.css('display') == \"block\") {\r\n\t\t\t\tanswer.hide();\r\n\t\t\t\tcollapse.html('+');\r\n\t\t\t}\r\n\t\t\telse {\r\n\t\t\t\tanswer.show();\r\n\t\t\t\tcollapse.html('-');\r\n\t\t\t}\r\n\t\t\t\/*for(var x=0;x <= $('.faqs .entry').length; x++) {\r\n\t\t\t\t}\r\n\t\t\t\t\r\n\t\t\t}*\/\r\n\t\t});\r\n}, false);\r\n<\/script>","protected":false},"excerpt":{"rendered":"Preguntas Frecuentes Estas son las preguntas que escuchamos mucho en nuestro servicio de protecci\u00f3n contra el fraude de clics y puede encontrar las respuestas a continuaci\u00f3n. Pero si tiene otros, cont\u00e1ctenos, estamos aqu\u00ed para ayudarlo. Empezando Nuestras Caracter\u00edsticas Precios y Planes General \u00bfQu\u00e9 es el fraude de clics?+ El fraude de clics se produce cuando [&hellip;]","protected":false},"author":1,"featured_media":0,"parent":3105,"menu_order":0,"comment_status":"closed","ping_status":"closed","template":"click-fraud.php","meta":{"footnotes":""},"class_list":["post-2713","page","type-page","status-publish","hentry"],"yoast_head":"<!-- This site is optimized with the Yoast SEO plugin v26.8 - https:\/\/yoast.com\/product\/yoast-seo-wordpress\/ -->\n<title>Preguntas frecuentes | Haga clic en software de protecci\u00f3n contra fraudes | Clixtell<\/title>\n<meta name=\"description\" content=\"These are the questions we hear a lot on our click fraud protection service and you can find the answers below. But if you have others, please contact us \u2014 we&#039;re here to assist you.\" \/>\n<meta name=\"robots\" content=\"index, follow, max-snippet:-1, max-image-preview:large, max-video-preview:-1\" \/>\n<link rel=\"canonical\" href=\"https:\/\/www.clixtell.com\/es\/haga-clic-proteccion\/preguntas-frecuentes\/\" \/>\n<meta property=\"og:locale\" content=\"es_ES\" \/>\n<meta property=\"og:type\" content=\"article\" \/>\n<meta property=\"og:title\" content=\"Preguntas frecuentes | Haga clic en software de protecci\u00f3n contra fraudes | Clixtell\" \/>\n<meta property=\"og:description\" content=\"These are the questions we hear a lot on our click fraud protection service and you can find the answers below. But if you have others, please contact us \u2014 we&#039;re here to assist you.\" \/>\n<meta property=\"og:url\" content=\"https:\/\/www.clixtell.com\/es\/haga-clic-proteccion\/preguntas-frecuentes\/\" \/>\n<meta property=\"og:site_name\" content=\"Click Fraud Protection | Call Tracking | Website Video Recorder | Clixtell\u2122\" \/>\n<meta property=\"article:publisher\" content=\"http:\/\/facebook.com\/clixtell\" \/>\n<meta property=\"article:modified_time\" content=\"2019-01-24T07:59:30+00:00\" \/>\n<meta name=\"twitter:card\" content=\"summary_large_image\" \/>\n<meta name=\"twitter:site\" content=\"@clixtell\" \/>\n<meta name=\"twitter:label1\" content=\"Tiempo de lectura\" \/>\n\t<meta name=\"twitter:data1\" content=\"6 minutos\" \/>\n<!-- \/ Yoast SEO plugin. -->","yoast_head_json":{"title":"Preguntas frecuentes | Haga clic en software de protecci\u00f3n contra fraudes | Clixtell","description":"These are the questions we hear a lot on our click fraud protection service and you can find the answers below. But if you have others, please contact us \u2014 we're here to assist you.","robots":{"index":"index","follow":"follow","max-snippet":"max-snippet:-1","max-image-preview":"max-image-preview:large","max-video-preview":"max-video-preview:-1"},"canonical":"https:\/\/www.clixtell.com\/es\/haga-clic-proteccion\/preguntas-frecuentes\/","og_locale":"es_ES","og_type":"article","og_title":"Preguntas frecuentes | Haga clic en software de protecci\u00f3n contra fraudes | Clixtell","og_description":"These are the questions we hear a lot on our click fraud protection service and you can find the answers below. But if you have others, please contact us \u2014 we're here to assist you.","og_url":"https:\/\/www.clixtell.com\/es\/haga-clic-proteccion\/preguntas-frecuentes\/","og_site_name":"Click Fraud Protection | Call Tracking | Website Video Recorder | Clixtell\u2122","article_publisher":"http:\/\/facebook.com\/clixtell","article_modified_time":"2019-01-24T07:59:30+00:00","twitter_card":"summary_large_image","twitter_site":"@clixtell","twitter_misc":{"Tiempo de lectura":"6 minutos"},"schema":{"@context":"https:\/\/schema.org","@graph":[{"@type":"WebPage","@id":"https:\/\/www.clixtell.com\/es\/haga-clic-proteccion\/preguntas-frecuentes\/","url":"https:\/\/www.clixtell.com\/es\/haga-clic-proteccion\/preguntas-frecuentes\/","name":"Preguntas frecuentes | Haga clic en software de protecci\u00f3n contra fraudes | Clixtell","isPartOf":{"@id":"https:\/\/www.clixtell.com\/es\/#website"},"datePublished":"2019-01-24T07:40:45+00:00","dateModified":"2019-01-24T07:59:30+00:00","description":"These are the questions we hear a lot on our click fraud protection service and you can find the answers below. But if you have others, please contact us \u2014 we're here to assist you.","breadcrumb":{"@id":"https:\/\/www.clixtell.com\/es\/haga-clic-proteccion\/preguntas-frecuentes\/#breadcrumb"},"inLanguage":"es","potentialAction":[{"@type":"ReadAction","target":["https:\/\/www.clixtell.com\/es\/haga-clic-proteccion\/preguntas-frecuentes\/"]}]},{"@type":"BreadcrumbList","@id":"https:\/\/www.clixtell.com\/es\/haga-clic-proteccion\/preguntas-frecuentes\/#breadcrumb","itemListElement":[{"@type":"ListItem","position":1,"name":"Home","item":"https:\/\/www.clixtell.com\/es\/"},{"@type":"ListItem","position":2,"name":"Clixtell | Haga clic en software de detecci\u00f3n y protecci\u00f3n de fraude","item":"https:\/\/www.clixtell.com\/es\/haga-clic-proteccion\/"},{"@type":"ListItem","position":3,"name":"Preguntas frecuentes | Haga clic en software de protecci\u00f3n contra fraudes | Clixtell"}]},{"@type":"WebSite","@id":"https:\/\/www.clixtell.com\/es\/#website","url":"https:\/\/www.clixtell.com\/es\/","name":"Click Fraud Protection | Call Tracking | Website Video Recorder | Clixtell\u2122","description":"Safe &amp; Sound Digital Marketing","publisher":{"@id":"https:\/\/www.clixtell.com\/es\/#organization"},"potentialAction":[{"@type":"SearchAction","target":{"@type":"EntryPoint","urlTemplate":"https:\/\/www.clixtell.com\/es\/?s={search_term_string}"},"query-input":{"@type":"PropertyValueSpecification","valueRequired":true,"valueName":"search_term_string"}}],"inLanguage":"es"},{"@type":"Organization","@id":"https:\/\/www.clixtell.com\/es\/#organization","name":"Clixtell","url":"https:\/\/www.clixtell.com\/es\/","logo":{"@type":"ImageObject","inLanguage":"es","@id":"https:\/\/www.clixtell.com\/es\/#\/schema\/logo\/image\/","url":"https:\/\/www.clixtell.com\/wp-content\/uploads\/logoc.png","contentUrl":"https:\/\/www.clixtell.com\/wp-content\/uploads\/logoc.png","width":168,"height":43,"caption":"Clixtell"},"image":{"@id":"https:\/\/www.clixtell.com\/es\/#\/schema\/logo\/image\/"},"sameAs":["http:\/\/facebook.com\/clixtell","https:\/\/x.com\/clixtell"]}]}},"_links":{"self":[{"href":"https:\/\/www.clixtell.com\/es\/wp-json\/wp\/v2\/pages\/2713","targetHints":{"allow":["GET"]}}],"collection":[{"href":"https:\/\/www.clixtell.com\/es\/wp-json\/wp\/v2\/pages"}],"about":[{"href":"https:\/\/www.clixtell.com\/es\/wp-json\/wp\/v2\/types\/page"}],"author":[{"embeddable":true,"href":"https:\/\/www.clixtell.com\/es\/wp-json\/wp\/v2\/users\/1"}],"replies":[{"embeddable":true,"href":"https:\/\/www.clixtell.com\/es\/wp-json\/wp\/v2\/comments?post=2713"}],"version-history":[{"count":0,"href":"https:\/\/www.clixtell.com\/es\/wp-json\/wp\/v2\/pages\/2713\/revisions"}],"up":[{"embeddable":true,"href":"https:\/\/www.clixtell.com\/es\/wp-json\/wp\/v2\/pages\/3105"}],"wp:attachment":[{"href":"https:\/\/www.clixtell.com\/es\/wp-json\/wp\/v2\/media?parent=2713"}],"curies":[{"name":"wp","href":"https:\/\/api.w.org\/{rel}","templated":true}]}}