{"id":2718,"date":"2019-01-24T08:05:20","date_gmt":"2019-01-24T08:05:20","guid":{"rendered":"https:\/\/www.clixtell.com\/?page_id=2718"},"modified":"2020-11-09T10:16:24","modified_gmt":"2020-11-09T10:16:24","slug":"precio","status":"publish","type":"page","link":"https:\/\/www.clixtell.com\/es\/haga-clic-proteccion\/precio\/","title":{"rendered":"Precios Clixtell | Haga clic en software de detecci\u00f3n y protecci\u00f3n de fraude"},"content":{"rendered":"<style>\r\n\tp { height: auto; width: auto; color: #000E4D; font-family: Roboto; font-size: 16px; letter-spacing: 0.31px; line-height: 28px; font-weight: 400;}\r\n\th2 { color: #53AAFF; font-size: 25px;\tfont-weight: 400;\tletter-spacing: 0.49px;\tline-height: 28px; }\r\n<\/style>\r\n\r\n\t<div class=\"container\">\r\n\t\t<div class=\"row\" style=\"padding-top:2vh\">\r\n\t\t\t<div class=\"col-lg-12\">\r\n\t\t\t\t<h1 style=\"color: #fff; text-align: center;\">Potente software de protecci\u00f3n contra fraudes de clics para su negocio<\/h1>\r\n\t\t\t\t<h3 style=\"color: #FFFFFF;text-align:center;\">Prueba gratis de 14 d\u00edas &#8211; Comienza al instante\r\n<\/h3>\r\n\t\t\t\t<div class=\"switchtog\">\r\n\t\t\t\t\t<span class=\"text\">Mensual<\/span> \r\n\t\t\t\t\t<label class=\"switch\">\r\n\t\t\t\t  \t\t<input type=\"checkbox\" onclick=\"togglePrices()\">\r\n\t\t\t\t  \t\t<span class=\"slider round\"><\/span>\r\n\t\t\t\t\t<\/label>\r\n\t\t\t\t\t<span class=\"text\">Anual<\/span>\r\n\t\t\t\t<\/div>\r\n\t\t\t\t<script>\r\n\t\t\t\t\tvar disc = false;\r\n\t\t\t\t\twindow.addEventListener('DOMContentLoaded',function(){$('input[type=\"checkbox\"]').prop('checked',false);},true);\r\n\t\t\t\t\t\r\n\t\t\t\tfunction togglePrices() {\r\n\t\t\t\t$('.price').each(function() {\r\n\t\t\t\t\tvar price = parseInt($(this).text().replace('$',''))\r\n\t\t\t\t\tvar newprice = !disc ? ((price * 80) \/ 100) : ((price * 125) \/ 100)\r\n\t\t\t\t\t$(this).html('<small>$<\/small>' + newprice);\r\n\r\n\t\t\t\t\t});\r\n\t\t\t\t\t$('.roundbtn').each(function() {\r\n\t\t\t\t\t\t\r\n\t\t\t\t\t\tvar link = $(this).attr('onclick').split(\"'\")[1];\r\n\t\t\t\t\t\tif(!disc) {\r\n\t\t\t\t\r\n\t\t\t\t\t\t $(this).attr('onclick','window.location.href = \\'' + link + \"&annual=true'\");\r\n\t\t\t\t\t\t}\r\n\r\n\t\t\t\t\t\telse\r\n\t\t\t\t\t\t{\r\n \t\t\t\t\t\t$(this).attr('onclick','window.location.href = \\'' + link.replace(\"&annual=true\",\"\") + \"'\");\r\n\t\t\t\t\t\t}\r\n\t\t\t\t\t});\r\n\r\n\t\t\t\t\tdisc = !disc;\r\n\t\t\t\t}\r\n\t\t\t\t<\/script>\r\n\t\t\t<\/div>\r\n\t\t<\/div>\r\n<\/div>\r\n\r\n<\/div>\r\n<\/div>\r\n\r\n<section class=\"offsetup\">\r\n\t<div class=\"container\">\r\n\t\t<div class=\"row\">\r\n\t\t\t<div class=\"col-lg-4\">\r\n\t\t\t\t<div class=\"price-box\">\r\n\t\t\t\t\t<div class=\"row\">\r\n\t\t\t\t\t\t<div class=\"col-lg-12\">\r\n\t\t\t\t\t\t\t<h2>Basic<\/h2>\r\n\t\t\t\t\t\t<\/div>\r\n\t\t\t\t\t<\/div>\r\n\t\t\t\t\t<div class=\"row\" style=\"margin-top:35px;\">\r\n\t\t\t\t\t\t<div class=\"col-lg-12\">\r\n\t\t\t\t\t\t\t<span class=\"price\"><small>$<\/small>20<\/span>\r\n\t\t\t\t\t\t\t<span class=\"month\">\/ month<\/span>\r\n\t\t\t\t\t\t\t<span class=\"plan\">Click Monitoring<\/span>\r\n\t\t\t\t\t\t<\/div>\r\n\t\t\t\t\t<\/div>\r\n\t\t\t\t\t<div class=\"cta\">\r\n\t\t\t\t\t\t<div class=\"row\">\r\n\t\t\t\t\t\t\t<div class=\"roundbtn cfbtn\" onclick=\"window.location.href = 'https:\/\/www.clixtell.com\/freetrial\/?plan=0'\">Start Free Trial<\/div>\r\n\t\t\t\t\t\t<\/div>\r\n\t\t\t\t\t<\/div>\r\n\t\t\t\t<\/div>\r\n\t\t\t\t<div class=\"pricing-features\">\r\n\t\t\t\t\t<ul>\r\n\t\t\t\t\t\t<li><strong>Basic plan includes:<\/strong><\/li>\r\n\t\t\t\t\t\t<br>\r\n\t\t\t\t\t\t<li>Free Trial &#038; No Commitment<\/li>\r\n\t\t\t\t\t\t<li>Instant &#038; Easy Setup<\/li>\r\n\t\t\t\t\t\t<li>24\/7 Website Click Monitoring<\/li>\r\n\t\t\t\t\t\t<li>Live Dashboard<\/li>\r\n\t\t\t\t\t\t<li>Google Ads Integration<\/li>\r\n\t\t\t\t\t\t<li>Up to 5000 Ad Clicks<\/li>\r\n\t\t\t\t\t\t<li>PPC Campaign &#038; Keyword Tracking<\/li>\r\n\t\t\t\t\t\t<li>Visitor Timeline<\/li>\r\n\t\t\t\t\t\t<li>Video Session Recorder<\/li>\r\n\t\t\t\t\t\t<li>Service Provider Analyzer<\/li>\r\n\t\t\t\t\t\t<li>Visitor GeoLocation<\/li>\r\n\t\t\t\t\t\t<li>Visitor Time On Page<\/li>\r\n\t\t\t\t\t\t<li>Video Session Recorder<\/li>\r\n                        <li>Web Conversion Intelligence<\/li>\r\n\t\t\t\t\t\t<li>Daily \/ Weekly Email Reports<\/li>\r\n\t\t\t\t\t\t<li>Mobile App iPhone &#038; Android <\/li>\r\n\t\t\t\t\t\t<li>Dedicated Support<\/li>\r\n\t\t\t\t\t<\/ul>\r\n\t\t\t\t<\/div>\r\n\t\t\t<\/div>\r\n\t\t\t<div class=\"col-lg-4\">\r\n\t\t\t\t<div class=\"price-box\">\r\n\t\t\t\t\t<div class=\"row\">\r\n\t\t\t\t\t\t<div class=\"col-lg-12\">\r\n\t\t\t\t\t\t\t<h2 class=\"alt\">Standard<\/h2>\r\n\t\t\t\t\t\t<\/div>\r\n\t\t\t\t\t<\/div>\r\n\t\t\t\t\t<div class=\"row\" style=\"margin-top:35px;\">\r\n\t\t\t\t\t\t<div class=\"col-lg-12\">\r\n\t\t\t\t\t\t\t<span class=\"price alt\"><small>$<\/small>50<\/span>\r\n\t\t\t\t\t\t\t<span class=\"month alt\">\/ month<\/span>\r\n\t\t\t\t\t\t\t<span class=\"plan alt\">Automated Click Fraud Protection<\/span>\r\n\t\t\t\t\t\t<\/div>\r\n\t\t\t\t\t<\/div>\r\n\t\t\t\t\t<div class=\"cta\">\r\n\t\t\t\t\t\t<div class=\"row\">\r\n\t\t\t\t\t\t\t<div class=\"roundbtn cfbtn fullbtn\" onclick=\"window.location.href = 'https:\/\/www.clixtell.com\/freetrial\/?plan=1'\">Start Free Trial<\/div>\r\n\t\t\t\t\t\t<\/div>\r\n\t\t\t\t\t<\/div>\r\n\t\t\t\t<\/div>\r\n\t\t\t\t<div class=\"pricing-features\">\r\n\t\t\t\t\t<ul>\r\n\t\t\t\t\t\t<li><strong>Standard includes all<br>Basic Features +<\/strong><\/li>\r\n\t\t\t\t\t\t<li>Automated Click Fraud Protection<\/li>\r\n\t\t\t\t\t\t<li>Immediate Invalid Activity Blocker<\/li>\r\n\t\t\t\t\t\t<li>Click Fraud Machine Learning<\/li>\r\n\t\t\t\t\t\t<li>Custom Security Profile <\/li>\r\n\t\t\t\t\t\t<li>Up to 10,000 Ad Clicks<\/li>\r\n\t\t\t\t\t\t<li>Service Provider Blocker<\/li>\r\n\t\t\t\t\t\t<li>Advanced IP Range Blocker<\/li>\r\n\t\t\t\t\t\t<li>VPNs &#038; Proxies Blocker<\/li>\r\n\t\t\t\t\t\t<li>Device ID Blocker<\/li>\r\n\t\t\t\t\t\t<li>Enhanced Bot Protection<\/li>\r\n\t\t\t\t\t\t<li>Aggressive Defence Mode<\/li>\r\n\t\t\t\t\t\t<li>Cross Domains Protection<\/li>\r\n\t\t\t\t\t\t<li>Detailed Refund Claim Report<\/li>\r\n\t\t\t\t\t\t<li>Mobile App Click Fraud Blocking Alert<\/li>\r\n\t\t\t\t\t<\/ul>\r\n\t\t\t\t<\/div>\r\n\t\t\t<\/div>\r\n\t\t\t<div class=\"col-lg-4\">\r\n\t\t\t\t<div class=\"price-box\">\r\n\t\t\t\t\t<div class=\"row\">\r\n\t\t\t\t\t\t<div class=\"col-lg-12\">\r\n\t\t\t\t\t\t\t<h2>Advanced<\/h2>\r\n\t\t\t\t\t\t<\/div>\r\n\t\t\t\t\t<\/div>\r\n\t\t\t\t\t<div class=\"row\" style=\"margin-top:35px;\">\r\n\t\t\t\t\t\t<div class=\"col-lg-12\">\r\n\t\t\t\t\t\t\t<span class=\"price\"><small>$<\/small>60<\/span>\r\n\t\t\t\t\t\t\t<span class=\"month\">\/ month<\/span>\r\n\t\t\t\t\t\t\t<span class=\"plan\">Automated Click<br>Fraud Protection +<br>Click To-Call Ads Tracking<\/span>\r\n\t\t\t\t\t\t<\/div>\r\n\t\t\t\t\t<\/div>\r\n\t\t\t\t\t<div class=\"cta\">\r\n\t\t\t\t\t\t<div class=\"row\">\r\n\t\t\t\t\t\t\t<div class=\"roundbtn cfbtn\" onclick=\"window.location.href = 'https:\/\/www.clixtell.com\/freetrial\/?plan=2'\">Start Free Trial<\/div>\r\n\t\t\t\t\t\t<\/div>\r\n\t\t\t\t\t<\/div>\r\n\t\t\t\t<\/div>\r\n\t\t\t\t<div class=\"pricing-features\">\r\n\t\t\t\t\t<ul>\r\n\t\t\t\t\t\t<li><strong>Advanced includes all<br>Standard Features +<\/strong><\/li>\r\n\t\t\t\t\t\t<li>Local Phone Number<\/li>\r\n\t\t\t\t\t\t<li>Click-to-Call \/ Call Extension Tracking<\/li>\r\n\t\t\t\t\t\t<li>Live Call Dashboard<\/li>\r\n\t\t\t\t\t\t<li>Real-Time Call Statistics<\/li>\r\n\t\t\t\t\t\t<li>Call Recordings<\/li>\r\n\t\t\t\t\t\t<li>Call Conversion Intelligence<\/li>\r\n\t\t\t\t\t\t<li>Whisper Messages<\/li>\r\n\t\t\t\t\t\t<li>Custom Call Flow<\/li>\r\n\t\t\t\t\t\t<li>Detailed Call Reports<\/li>\r\n\t\t\t\t\t\t<li>Google Analytics Integration<\/li>\r\n\t\t\t\t\t\t<li>Zapier Integration<\/li>\r\n\t\t\t\t\t<\/ul>\r\n\t\t\t\t\t<div class=\"boxed-feature\">\r\n\t\t\t\t\t\t<strong>Included Advanced Plan:<\/strong>\r\n\t\t\t\t\t\t<ul>\r\n\t\t\t\t\t\t\t<li>1 Local Number<\/li>\r\n\t\t\t\t\t\t\t<li>200 Local Minutes<\/li>\r\n\t\t\t\t\t\t<\/ul>\r\n\t\t\t\t\t<\/div>\r\n\t\t\t\t<\/div>\r\n\t\t\t<\/div>\r\n\t\t<\/div>\r\n\t<\/div>\r\n<\/section>\r\n\r\n<section class=\"cfg4\">\r\n\t<h1 style=\"height: 53px;color: #0080FF;\tfont-family: Roboto;\tfont-size: 35px;\tfont-weight: bold;\tletter-spacing: 0.48px;\tline-height: 53px;text-align:center;padding-top:100px;\">FAQs<\/h1>\r\n\t<div class=\"faqs\">\r\n\t\t<div class=\"entry\">\r\n\t\t\t<div class=\"question\">\u00bfPor qu\u00e9 Clixtell?<div class=\"collapse plus\">+<\/div><\/div>\r\n\t\t\t<div class=\"answer\">Clixtell proporciona el servicio de monitoreo y protecci\u00f3n m\u00e1s avanzado para empresas y agencias que realizan campa\u00f1as de PPC. En nuestro software de \u00faltima generaci\u00f3n, encontrar\u00e1 caracter\u00edsticas exclusivas desarrolladas exclusivamente por nosotros que le permiten proteger de forma inmediata y autom\u00e1tica sus campa\u00f1as de Google Ads y Bing Ads. Nuestro software le ofrece una amplia gama de opciones para la configuraci\u00f3n de la cuenta combinada con un panel de control f\u00e1cil, f\u00e1cil de usar y poderoso que proporciona informaci\u00f3n anal\u00edtica precisa y al mismo tiempo bloquea actividades fraudulentas.<\/div>\r\n\t\t<\/div>\r\n\t\t<div class=\"entry\">\r\n\t\t\t<div class=\"question\">\u00bfTengo alg\u00fan compromiso con su servicio?<div class=\"collapse plus\">+<\/div><\/div>\r\n\t\t\t<div class=\"answer\">No, no hay compromiso con nuestro servicio y puede cancelarlo en cualquier momento. <\/div>\r\n\t\t<\/div>\r\n\t\t<div class=\"entry\">\r\n\t\t\t<div class=\"question\">\u00bfCu\u00e1ntos dominios puedo agregar?<div class=\"collapse plus\">+<\/div><\/div>\r\n\t\t\t<div class=\"answer\">Puede agregar tantos dominios como necesite en un panel, pero nuestros planes son por dominio. Nuestro algoritmo inteligente de protecci\u00f3n de m\u00faltiples dominios puede proteger todos sus dominios como si fueran uno, o proteger cada dominio por separado.<\/div>\r\n\t\t<\/div>\r\n\t\t<div class=\"entry\">\r\n\t\t\t<div class=\"question\">Si tengo varios clientes, \u00bfpuedo crear una cuenta separada para cada cliente?<div class=\"collapse plus\">+<\/div><\/div>\r\n\t\t\t<div class=\"answer\">S\u00ed, por supuesto, puede crear cuentas separadas para sus clientes utilizando nuestra cuenta de administrador.\r\nCon nuestro panel de control de cuentas, puede crear f\u00e1cilmente una cuenta separada para cada cliente con diferentes configuraciones e integrar varias cuentas de Google Ads.\r\n\t\t\t<\/div>\r\n\t\t<\/div>\r\n\t<\/div>\r\n<\/section>\r\n<section>\r\n\t<div class=\"container ctestimonials\">\r\n\t\t <div class=\"fill\">\r\n            <img decoding=\"async\" src=\"https:\/\/statics.clixtell.com\/wp-content\/uploads\/centquote.png\" alt=\"clixtell reviews\">\r\n        <\/div>\r\n\t\t<div class=\"title\">Lo que nuestros clientes est\u00e1n diciendo<\/div>\r\n\t\t<div class=\"container\">\r\n\t\t\t\t<div class=\"col-md-12\" style=\"margin-top:25px\">\r\n\t\t\t\t\t<a class=\"carousel-control-next\" href=\"#carousel\" role=\"button\" data-slide=\"next\" ><img decoding=\"async\" src=\"https:\/\/statics.clixtell.com\/wp-content\/uploads\/arrow_back.svg\" style=\"position: absolute; top: -10%; right: 15px;\"><\/a>\r\n\t\t\t\t\t<div id=\"carousel\" class=\"carousel slide\" data-ride=\"carousel\">\r\n\t\t\t\t\t\t<div class=\"carousel-inner\" style=\"box-shadow: 0 0 15px 0 rgba(215,215,215,0.5);\">\r\n\t\t\t\t\t\t\t<div class=\"carousel-item active\">\r\n\t\t\t\t\t\t\t\t<div class=\"testimonials-back\">\r\n\t\t\t\t\t\t\t\t\t<div class=\"row\">\r\n\t\t\t\t\t\t\t\t\t\t<div class=\"col-md-3 text-center\">\t\t\t\t\t\t\t\t\t\t\r\n\t\t\t\t\t\t\t\t\t\t\t<img decoding=\"async\" src=\"https:\/\/statics.clixtell.com\/wp-content\/uploads\/avatar1.jpg\" alt=\"\" width=\"100\" height=\"100\" class=\"avatar\"><br>\r\n\t\t\t\t\t\t\t\t\t\t\t<h5 style=\"\tcolor: #243066;\tfont-family: Roboto;\tfont-size: 20px;\tfont-weight: 500;\tletter-spacing: 0.39px;\tline-height: 27px; padding: 0;\">Dan Brown<\/h5>\r\n\t\t\t\t\t\t\t\t\t\t<\/div>\r\n\t\t\t\t\t\t\t\t\t\t<div class=\"col-md-9\" style=\"padding: 15px\">\r\n\t\t\t\t\t\t\t\t\t\t\t&#8220;Me sorprendi\u00f3 descubrir la rapidez con la que Clixtell aument\u00f3 nuestro ROI. Aunque es f\u00e1cil de usar y eficiente, proporcion\u00f3 exactamente la informaci\u00f3n que necesit\u00e1bamos para impulsar nuestro marketing digital. Ahora podemos optimizar f\u00e1cilmente nuestros esfuerzos de SEO y PPC, mientras protegemos nuestras campa\u00f1as de la actividad de fraude de clics&#8221;.\r\n\t\t\t\t\t\t\t\t\t\t<\/div>\r\n\t\t\t\t\t\t\t\t\t<\/div>\r\n\t\t\t\t\t\t\t\t<\/div>\r\n\t\t\t\t\t\t\t<\/div>\r\n\t\t\t\t\t\t\t<div class=\"carousel-item\">\r\n\t\t\t\t\t\t\t\t<div class=\"testimonials-back\">\r\n\t\t\t\t\t\t\t\t\t\t<div class=\"carousel-content\">\r\n\t\t\t\t\t\t\t\t\t\t\t<div class=\"row\">\r\n\t\t\t\t\t\t\t\t\t\t\t\t<div class=\"col-md-3 text-center\">\r\n\t\t\t\t\t\t\t\t\t\t\t\t\t<img decoding=\"async\" src=\"https:\/\/statics.clixtell.com\/wp-content\/uploads\/avatar9.jpg\" alt=\"\" width=\"100\" height=\"100\" class=\"avatar\"><br>\r\n\t\t\t\t\t\t\t\t\t\t\t\t\t<h5 style=\"\tcolor: #243066;\tfont-size: 20px; font-weight: 500; letter-spacing: 0.39px;\tline-height: 27px; padding: 0;\">Mark Smith<\/h5>\r\n\t\t\t\t\t\t\t\t\t\t\t\t<\/div>\r\n\t\t\t\t\t\t\t\t\t\t\t\t<div class=\"col-md-9\" style=\"padding: 15px\">\r\n\t\t\t\t\t\t\t\t\t\t\t\t&#8220;Ni siquiera sab\u00edamos la magnitud del fraude de clics que ten\u00edamos&#8221;. Despu\u00e9s de instalar Clixtell, nos dimos cuenta exactamente de d\u00f3nde iba nuestro presupuesto de PPC y bloqueamos los clics no deseados autom\u00e1ticamente. El sistema es potente y f\u00e1cil de usar. \u00a1Un MUST absoluto para cada anunciante de Google Adwords! Muy recomendable&#8221;\r\n\t\t\t\t\t\t\t\t\t\t\t\t<\/div>\r\n\t\t\t\t\t\t\t\t\t\t\t<\/div>\r\n\t\t\t\t\t\t\t\t\t\t<\/div>\r\n\t\t\t\t\t\t\t\t\t<\/div>\r\n\t\t\t\t\t\t\t\t<\/div>\r\n\t\t\t\t\t\t\t<\/div>\r\n\t\t\t\t\t\t\t<ol class=\"carousel-indicators\" style=\"bottom: -50px\">\r\n\t\t\t\t\t\t\t\t<li data-target=\"#carousel\" data-slide-to=\"0\" class=\"active\"><\/li>\r\n\t\t\t\t\t\t\t\t<li data-target=\"#carousel\" data-slide-to=\"1\"><\/li>\r\n\t\t\t\t\t\t\t<\/ol>\r\n\t\t\t\t\t\t<\/div>\r\n\t\t\t\t\t<\/div>\r\n\t\t\t\t<\/div>\r\n\t\t\t<\/div>\r\n\t\t<\/div>\r\n\t<\/div>\r\n<\/section>\r\n<script>\r\n\r\n\twindow.addEventListener('DOMContentLoaded',function() {\r\n\t\r\n\t\t$('.faqs .entry').on('click', function(el) {\r\n\t\t\tvar index = $(this).index();\r\n\t\t\tif($('.faqs .entry .answer').eq(index).css('display') == \"block\") {\r\n\t\t\t\t$('.faqs .entry .answer').eq(index).hide();\r\n\t\t\t$('.faqs .entry .collapse').eq(index).html('+');\r\n\t\t\t}\r\n\t\t\telse {\r\n\t\t\t$('.faqs .entry .answer').eq(index).show();\r\n\t\t\t$('.faqs .entry .collapse').eq(index).html('-');\r\n\t\t\t\t}\r\n\t\t\t\/*for(var x=0;x <= $('.faqs .entry').length; x++) {\r\n\t\t\t\t}\r\n\t\t\t\t\r\n\t\t\t}*\/\r\n\t\t});\r\n\t\t\r\n\t\t\r\n\t\r\n\t\r\n\t\r\n\t}, false);\r\n<\/script>","protected":false},"excerpt":{"rendered":"Potente software de protecci\u00f3n contra fraudes de clics para su negocio Prueba gratis de 14 d\u00edas &#8211; Comienza al instante Mensual Anual Basic $20 \/ month Click Monitoring Start Free Trial Basic plan includes: Free Trial &#038; No Commitment Instant &#038; Easy Setup 24\/7 Website Click Monitoring Live Dashboard Google Ads Integration Up to 5000 [&hellip;]","protected":false},"author":1,"featured_media":0,"parent":3105,"menu_order":0,"comment_status":"closed","ping_status":"closed","template":"pricing.php","meta":{"footnotes":""},"class_list":["post-2718","page","type-page","status-publish","hentry"],"yoast_head":"<!-- This site is optimized with the Yoast SEO plugin v26.8 - https:\/\/yoast.com\/product\/yoast-seo-wordpress\/ -->\n<title>Precios Clixtell | Haga clic en software de detecci\u00f3n y protecci\u00f3n de fraude<\/title>\n<meta name=\"description\" content=\"Powerful click fraud prevention &amp; protection software for your business, 14 day free trial \u2013 get started instantly.\" \/>\n<meta name=\"robots\" content=\"index, follow, max-snippet:-1, max-image-preview:large, max-video-preview:-1\" \/>\n<link rel=\"canonical\" href=\"https:\/\/www.clixtell.com\/es\/haga-clic-proteccion\/precio\/\" \/>\n<meta property=\"og:locale\" content=\"es_ES\" \/>\n<meta property=\"og:type\" content=\"article\" \/>\n<meta property=\"og:title\" content=\"Precios Clixtell | Haga clic en software de detecci\u00f3n y protecci\u00f3n de fraude\" \/>\n<meta property=\"og:description\" content=\"Powerful click fraud prevention &amp; protection software for your business, 14 day free trial \u2013 get started instantly.\" \/>\n<meta property=\"og:url\" content=\"https:\/\/www.clixtell.com\/es\/haga-clic-proteccion\/precio\/\" \/>\n<meta property=\"og:site_name\" content=\"Click Fraud Protection | Call Tracking | Website Video Recorder | Clixtell\u2122\" \/>\n<meta property=\"article:publisher\" content=\"http:\/\/facebook.com\/clixtell\" \/>\n<meta property=\"article:modified_time\" content=\"2020-11-09T10:16:24+00:00\" \/>\n<meta property=\"og:image\" content=\"https:\/\/statics.clixtell.com\/wp-content\/uploads\/centquote.png\" \/>\n<meta name=\"twitter:card\" content=\"summary_large_image\" \/>\n<meta name=\"twitter:site\" content=\"@clixtell\" \/>\n<meta name=\"twitter:label1\" content=\"Tiempo de lectura\" \/>\n\t<meta name=\"twitter:data1\" content=\"3 minutos\" \/>\n<!-- \/ Yoast SEO plugin. -->","yoast_head_json":{"title":"Precios Clixtell | Haga clic en software de detecci\u00f3n y protecci\u00f3n de fraude","description":"Powerful click fraud prevention & protection software for your business, 14 day free trial \u2013 get started instantly.","robots":{"index":"index","follow":"follow","max-snippet":"max-snippet:-1","max-image-preview":"max-image-preview:large","max-video-preview":"max-video-preview:-1"},"canonical":"https:\/\/www.clixtell.com\/es\/haga-clic-proteccion\/precio\/","og_locale":"es_ES","og_type":"article","og_title":"Precios Clixtell | Haga clic en software de detecci\u00f3n y protecci\u00f3n de fraude","og_description":"Powerful click fraud prevention & protection software for your business, 14 day free trial \u2013 get started instantly.","og_url":"https:\/\/www.clixtell.com\/es\/haga-clic-proteccion\/precio\/","og_site_name":"Click Fraud Protection | Call Tracking | Website Video Recorder | Clixtell\u2122","article_publisher":"http:\/\/facebook.com\/clixtell","article_modified_time":"2020-11-09T10:16:24+00:00","og_image":[{"url":"https:\/\/statics.clixtell.com\/wp-content\/uploads\/centquote.png","type":"","width":"","height":""}],"twitter_card":"summary_large_image","twitter_site":"@clixtell","twitter_misc":{"Tiempo de lectura":"3 minutos"},"schema":{"@context":"https:\/\/schema.org","@graph":[{"@type":"WebPage","@id":"https:\/\/www.clixtell.com\/es\/haga-clic-proteccion\/precio\/","url":"https:\/\/www.clixtell.com\/es\/haga-clic-proteccion\/precio\/","name":"Precios Clixtell | Haga clic en software de detecci\u00f3n y protecci\u00f3n de fraude","isPartOf":{"@id":"https:\/\/www.clixtell.com\/es\/#website"},"primaryImageOfPage":{"@id":"https:\/\/www.clixtell.com\/es\/haga-clic-proteccion\/precio\/#primaryimage"},"image":{"@id":"https:\/\/www.clixtell.com\/es\/haga-clic-proteccion\/precio\/#primaryimage"},"thumbnailUrl":"https:\/\/statics.clixtell.com\/wp-content\/uploads\/centquote.png","datePublished":"2019-01-24T08:05:20+00:00","dateModified":"2020-11-09T10:16:24+00:00","description":"Powerful click fraud prevention & protection software for your business, 14 day free trial \u2013 get started instantly.","breadcrumb":{"@id":"https:\/\/www.clixtell.com\/es\/haga-clic-proteccion\/precio\/#breadcrumb"},"inLanguage":"es","potentialAction":[{"@type":"ReadAction","target":["https:\/\/www.clixtell.com\/es\/haga-clic-proteccion\/precio\/"]}]},{"@type":"ImageObject","inLanguage":"es","@id":"https:\/\/www.clixtell.com\/es\/haga-clic-proteccion\/precio\/#primaryimage","url":"https:\/\/statics.clixtell.com\/wp-content\/uploads\/centquote.png","contentUrl":"https:\/\/statics.clixtell.com\/wp-content\/uploads\/centquote.png"},{"@type":"BreadcrumbList","@id":"https:\/\/www.clixtell.com\/es\/haga-clic-proteccion\/precio\/#breadcrumb","itemListElement":[{"@type":"ListItem","position":1,"name":"Home","item":"https:\/\/www.clixtell.com\/es\/"},{"@type":"ListItem","position":2,"name":"Clixtell | Haga clic en software de detecci\u00f3n y protecci\u00f3n de fraude","item":"https:\/\/www.clixtell.com\/es\/haga-clic-proteccion\/"},{"@type":"ListItem","position":3,"name":"Precios Clixtell | Haga clic en software de detecci\u00f3n y protecci\u00f3n de fraude"}]},{"@type":"WebSite","@id":"https:\/\/www.clixtell.com\/es\/#website","url":"https:\/\/www.clixtell.com\/es\/","name":"Click Fraud Protection | Call Tracking | Website Video Recorder | Clixtell\u2122","description":"Safe &amp; Sound Digital Marketing","publisher":{"@id":"https:\/\/www.clixtell.com\/es\/#organization"},"potentialAction":[{"@type":"SearchAction","target":{"@type":"EntryPoint","urlTemplate":"https:\/\/www.clixtell.com\/es\/?s={search_term_string}"},"query-input":{"@type":"PropertyValueSpecification","valueRequired":true,"valueName":"search_term_string"}}],"inLanguage":"es"},{"@type":"Organization","@id":"https:\/\/www.clixtell.com\/es\/#organization","name":"Clixtell","url":"https:\/\/www.clixtell.com\/es\/","logo":{"@type":"ImageObject","inLanguage":"es","@id":"https:\/\/www.clixtell.com\/es\/#\/schema\/logo\/image\/","url":"https:\/\/www.clixtell.com\/wp-content\/uploads\/logoc.png","contentUrl":"https:\/\/www.clixtell.com\/wp-content\/uploads\/logoc.png","width":168,"height":43,"caption":"Clixtell"},"image":{"@id":"https:\/\/www.clixtell.com\/es\/#\/schema\/logo\/image\/"},"sameAs":["http:\/\/facebook.com\/clixtell","https:\/\/x.com\/clixtell"]}]}},"_links":{"self":[{"href":"https:\/\/www.clixtell.com\/es\/wp-json\/wp\/v2\/pages\/2718","targetHints":{"allow":["GET"]}}],"collection":[{"href":"https:\/\/www.clixtell.com\/es\/wp-json\/wp\/v2\/pages"}],"about":[{"href":"https:\/\/www.clixtell.com\/es\/wp-json\/wp\/v2\/types\/page"}],"author":[{"embeddable":true,"href":"https:\/\/www.clixtell.com\/es\/wp-json\/wp\/v2\/users\/1"}],"replies":[{"embeddable":true,"href":"https:\/\/www.clixtell.com\/es\/wp-json\/wp\/v2\/comments?post=2718"}],"version-history":[{"count":0,"href":"https:\/\/www.clixtell.com\/es\/wp-json\/wp\/v2\/pages\/2718\/revisions"}],"up":[{"embeddable":true,"href":"https:\/\/www.clixtell.com\/es\/wp-json\/wp\/v2\/pages\/3105"}],"wp:attachment":[{"href":"https:\/\/www.clixtell.com\/es\/wp-json\/wp\/v2\/media?parent=2718"}],"curies":[{"name":"wp","href":"https:\/\/api.w.org\/{rel}","templated":true}]}}