{"id":2745,"date":"2019-01-24T10:19:49","date_gmt":"2019-01-24T10:19:49","guid":{"rendered":"https:\/\/www.clixtell.com\/?page_id=2745"},"modified":"2019-01-27T10:18:48","modified_gmt":"2019-01-27T10:18:48","slug":"caracteristicas-de-atribucion-de-llamadas","status":"publish","type":"page","link":"https:\/\/www.clixtell.com\/es\/seguimiento-de-llamadas\/caracteristicas-de-atribucion-de-llamadas\/","title":{"rendered":"Atribuci\u00f3n de llamadas | Software de seguimiento y an\u00e1lisis de llamadas | Clixtell"},"content":{"rendered":"<style>\r\n\tp { height: auto; width: auto; color: #000E4D; font-family: Roboto; font-size: 16px; letter-spacing: 0.31px; line-height: 28px; font-weight: 400;}\r\n\th2 { color: #19CBD2; font-size: 25px;\tfont-weight: 400;\tletter-spacing: 0.49px;\tline-height: 28px; }\r\n<\/style>\r\n\r\n\t<div class=\"container\">\r\n\t\t<div class=\"row\" style=\"padding-top:0h\">\r\n\t\t\t<div class=\"col-lg-8 mob-marg\">\r\n\t\t\t\t<h1 style=\"color: #fff; text-align: left; margin-top:5vh\">Rastrea cada llamada a tu negocio<\/h1>\r\n\t\t\t\t<h3 style=\"color: #FFFFFF;\">Nuestro software de seguimiento de llamadas revela qu\u00e9 palabras clave, campa\u00f1as y anuncios generan llamadas y conversiones. <\/h3>\r\n\t\t\t<\/div>\r\n\t\t<\/div>\r\n<\/div>\r\n\r\n<\/div>\r\n<\/div>\r\n<section>\r\n\t<div class=\"container\" style=\"margin-top:81px;\">\r\n\t\t<h1 style=\"color: #000E4D;\ttext-align: center; margin-bottom: 80px;\">Nuestras caracter\u00edsticas de atribuci\u00f3n de llamadas<\/h1>\r\n\t\t<div class=\"wrap\">\r\n\t\t\t<div class=\"row\">\r\n\t\t\t\t<div class=\"col-lg-6\">\r\n\t\t\t\t\t<div class=\"sbox\">\r\n\t\t\t\t\t\t<h2>Inserci\u00f3n din\u00e1mica del tel\u00e9fono<\/h2>\r\n\t\t\t\t\t\t<p>La inserci\u00f3n din\u00e1mica del tel\u00e9fono de Clixtell genera autom\u00e1ticamente un n\u00famero de tel\u00e9fono de seguimiento basado en la fuente que llev\u00f3 a un visitante a su sitio web.\r\n<\/p>\r\n\t\t\t\t\t\t<a href=\"https:\/\/www.clixtell.com\/es\/seguimiento-de-llamadas\/caracteristicas-de-atribucion-de-llamadas\/seguimiento-de-llamadas-de-palabras-clave\/\"><img decoding=\"async\" src=\"https:\/\/statics.clixtell.com\/wp-content\/uploads\/ctlm-e1546158798884.png\" alt=\"learn more\"><\/a>\r\n\t\t\t\t\t<\/div>\r\n\t\t\t\t<\/div>\r\n\t\t\t\t<div class=\"col-lg-6\">\r\n\t\t\t\t\t<div class=\"sbox\">\r\n\t\t\t\t\t\t<h2>Seguimiento de llamadas por palabra clave<\/h2>\r\n\t\t\t\t\t\t<p>ONuestro software de seguimiento de llamadas de palabras clave le muestra qu\u00e9 palabras clave, campa\u00f1as, anuncios y p\u00e1ginas de destino generan llamadas y conversiones.<\/p>\r\n\t\t\t\t\t\t<a href=\"https:\/\/www.clixtell.com\/es\/seguimiento-de-llamadas\/caracteristicas-de-atribucion-de-llamadas\/seguimiento-de-llamadas-de-palabras-clave\/\"><img decoding=\"async\" src=\"https:\/\/statics.clixtell.com\/wp-content\/uploads\/ctlm-e1546158798884.png\" alt=\"learn more\"><\/a>\r\n\t\t\t\t\t<\/div>\r\n\t\t\t\t<\/div>\r\n\t\t\t<\/div>\r\n\t\t\t<div class=\"row\">\r\n\t\t\t\t<div class=\"col-lg-6\">\r\n\t\t\t\t\t<div class=\"sbox\">\r\n\t\t\t\t\t\t<h2>Seguimiento de anuncios de clic para llamar<\/h2>\r\n\t\t\t\t\t\t<p>Nuestra funci\u00f3n para rastrear, medir y grabar correctamente los anuncios de clic para llamar utilizando un n\u00famero de tel\u00e9fono de rastreo puede elegir entre nuestros n\u00fameros locales y gratuitos disponibles de manera instant\u00e1nea y supervisada por Clixtell.<\/p>\r\n\t\t\t\t\t\t<a href=\"https:\/\/www.clixtell.com\/es\/seguimiento-de-llamadas\/caracteristicas-de-atribucion-de-llamadas\/seguimiento-de-anuncios-de-clic-para-llamar\/\"><img decoding=\"async\" src=\"https:\/\/statics.clixtell.com\/wp-content\/uploads\/ctlm-e1546158798884.png\" alt=\"learn more\"><\/a>\r\n\t\t\t\t\t<\/div>\r\n\t\t\t\t<\/div>\r\n\t\t\t\t<div class=\"col-lg-6\">\r\n\t\t\t\t\t<div class=\"sbox\">\r\n\t\t\t\t\t\t<h2>Seguimiento de llamadas est\u00e1ticas y fuera de l\u00ednea<\/h2>\r\n\t\t\t\t\t\t<p>Mida las conversiones en todas y cada una de las plataformas publicitarias de anuncios impresos, TV, radio, marketing por correo electr\u00f3nico o en cualquier lugar que desee.<\/p>\r\n\t\t\t\t\t\t<a href=\"https:\/\/www.clixtell.com\/es\/seguimiento-de-llamadas\/caracteristicas-de-atribucion-de-llamadas\/seguimiento-de-llamadas-estaticas\/\"><img decoding=\"async\" src=\"https:\/\/statics.clixtell.com\/wp-content\/uploads\/ctlm-e1546158798884.png\" alt=\"learn more\"><\/a>\r\n\t\t\t\t\t<\/div>\r\n\t\t\t\t<\/div>\t\t\t\t\r\n\t\t\t<\/div>\r\n\t\t<\/div>\r\n\t<\/div>\r\n<\/section>\r\n<div data-post-id=\"1339\" class=\"insert-page insert-page-1339 \"><\/div>\r\n<div class=\"ctg3\" style=\"margin-top:110px; padding-bottom: 100px;\">\r\n\t<h1 style=\"color: #FFFFFF; text-align: center;margin: auto;padding-top:90px;\">Rastree las llamadas de ventas y aumente la tasa de conversi\u00f3n <br>con estas excelentes funciones:<\/h1>\r\n\t<div class=\"container row\" style=\"margin:auto; background-color: #FFFFFF;\tbox-shadow: 1px 1px 15px 0 rgba(163,163,163,0.5);margin-top:80px; padding: 50px;\">\r\n\t\t<div class=\"features-list col-sm-3\">\r\n\t\t\tPrueba gratis y sin compromiso <br>\r\n\t\t\tInstalaci\u00f3n instant\u00e1nea y f\u00e1cil<br>\r\n\t\t\tN\u00fameros locales y gratuitos<br>\r\n\t\t\tPanel de llamadas en vivo<br>\r\n\t\t\tEstad\u00edstica de llamadas en tiempo real<br>\r\n\t\t\tCronolog\u00eda del visitante<br>\r\n\t\t<\/div>\r\n\t\t<div class=\"features-list col-sm-3\">Custom Security Profile<br>\r\n\t\t\tInserci\u00f3n din\u00e1mica del tel\u00e9fono<br>\r\n\t\t\tFuente \/ seguimiento de llamadas de campa\u00f1a<br>\r\n\t\t\tAn\u00e1lisis de llamadas por palabra clave<br>\r\n\t\t\tSeguimiento de llamadas est\u00e1ticas<br>\r\n\t\t\tGrabaci\u00f3n de llamada<br>\r\n\t\t    Mensajes de susurro<br>\r\n \t\t<\/div>\r\n\t\t<div class=\"features-list col-sm-3\">\r\n\t\t\tInformes detallados de llamadas<br>\r\n\t\t\tFlujo de llamada personalizado<br>\r\n\t\t\tLlamada de inteligencia de conversaci\u00f3n<br>\r\n\t\t\tInteligencia de Conversaci\u00f3n Web<br>\r\n\t\t\tAnalizador de tr\u00e1fico del sitio web<br>\r\n\t\t\tNiveles de acceso de usuario<br>\r\n\t\t<\/div>\r\n\t\t<div class=\"features-list col-sm-3\">\r\n\t\t\tIntegraci\u00f3n de Google Analytics<br>\r\n\t\t\tIntegraci\u00f3n de Google Ads <br>\r\n\t\t\tIntegraci\u00f3n de zapier<br>\r\n\t\t\tGrabador de sesi\u00f3n de video<br>\r\n\t\t\tAplicaci\u00f3n m\u00f3vil iPhone y Android<br>\r\n\t\t\tApoyo dedicado<br>     \r\n\t\t<\/div>\r\n\t<\/div>\r\n<\/div>\r\n<section style=\"margin-top:75px;\">\r\n<h1 style=\"height: 53px; color: #19CBD2; text-align:center;\">FAQs<\/h1>\r\n\t<div class=\"container\">\r\n\t\t<div class=\"faqs\">\r\n\t\t\t<div class=\"entry\">\r\n\t\t\t\t<div class=\"question\">How does Clixtell Call Tracking work?<div class=\"collapse plus\">+<\/div><\/div>\r\n\t\t\t\t<div class=\"answer\">Clixtell call tracking service works by providing you a monitored phone number that clients will call to and then be forwarded to your business phone number. You will get from us recordings of those calls and analytic information that will help you measure you advertising channels. If you have chosen our dynamic phone insertion plan, our software will provide all the vital information you need and will dynamically and automatically switch numbers on your website by your setting. Data collected will be fed into your Analytics and Google Ads. <\/div>\r\n\t\t\t<\/div>\r\n\t\t\t<div class=\"entry\">\r\n\t\t\t\t<div class=\"question\">Why do i need to track calls for my campaigns ?<div class=\"collapse plus\">+<\/div><\/div>\r\n\t\t\t\t<div class=\"answer\">You need to track calls for your website because by monitoring calls especially on PPC campaigns you will get vital information about your advertising channels and easily understand what&#8217;s really working. Our call tracking will show you where calls are coming from, which campaigns are converting so you can easily optimize your PPC campaigns, improve conversion rate and increase sales.<\/div>\r\n\t\t\t<\/div>\r\n\t\t\t<div class=\"entry\">\r\n\t\t\t\t<div class=\"question\">Do i have any commitment to your call tracking service ?<div class=\"collapse plus\">+<\/div><\/div>\r\n\t\t\t\t<div class=\"answer\">No, there is no commitment to our service and you can disconnect at any time. <\/div>\r\n\t\t\t<\/div>\r\n\t\t<\/div>\t\r\n\t\t<h1 style=\"color: #19CBD2; font-size: 25px;\tfont-weight: bold;\tletter-spacing: 0.34px;\tline-height: 53px;text-align:center;margin-top:100px;\">Have more questions?<\/h1>\r\n\t\t<a href=\"#\"><img decoding=\"async\" style=\"display:block;margin:auto;\" src=\"https:\/\/statics.clixtell.com\/wp-content\/uploads\/clickhere.png\" alt=\"contact us\"><\/a>\r\n\t<\/div>\r\n<\/section>\r\n<section>\r\n<div style=\"background-color: rgb(72,169,230,0.09);padding-top:90px; padding-bottom: 90px;\">\r\n<h1 style=\"color: #000E4D; text-align: center;\">Integrate with all platforms and popular applications<\/h1>\r\n\t<div class=\"brands\">\r\n\t\t<div class=\"row\">\r\n\t\t\t<img decoding=\"async\" src=\"https:\/\/statics.clixtell.com\/wp-content\/uploads\/tgads.png\" alt=\"google ads tracking\">\r\n\t\t\t<img decoding=\"async\" src=\"https:\/\/statics.clixtell.com\/wp-content\/uploads\/Bing-Ads-1.png\" alt=\"bing ads tracking\">\r\n\t\t\t<img decoding=\"async\" src=\"https:\/\/statics.clixtell.com\/wp-content\/uploads\/tga.png\" alt=\"google analytics\">\r\n\t\t\t<img decoding=\"async\" src=\"https:\/\/statics.clixtell.com\/wp-content\/uploads\/tweeb.png\" alt=\"weebly\">\r\n\t\t<\/div>\r\n\t\t<div class=\"row\">\r\n\t\t\t<img decoding=\"async\" src=\"https:\/\/statics.clixtell.com\/wp-content\/uploads\/twp.png\" alt=\"wordpress\">\r\n\t\t\t<img decoding=\"async\" src=\"https:\/\/statics.clixtell.com\/wp-content\/uploads\/twix.png\" alt=\"wix\">\r\n\t\t\t<img decoding=\"async\" src=\"https:\/\/statics.clixtell.com\/wp-content\/uploads\/tjoom.png\" alt=\"joomla\">\r\n\t\t\t<img decoding=\"async\" src=\"https:\/\/statics.clixtell.com\/wp-content\/uploads\/tshop.png\" alt=\"shopify\">\r\n\t\t<\/div>\r\n\t\t<\/div>\r\n<\/div>\r\n<\/section>\r\n<div data-post-id=\"1339\" class=\"insert-page insert-page-1339 \"><\/div>\r\n<script>\r\n\r\n\twindow.addEventListener('DOMContentLoaded',function() {\r\n\t\r\n\t\t$('.faqs .entry').on('click', function(el) {\r\n\t\t\tvar index = $(this).index();\r\n\t\t\tif($('.faqs .entry .answer').eq(index).css('display') == \"block\") {\r\n\t\t\t\t$('.faqs .entry .answer').eq(index).hide();\r\n\t\t\t$('.faqs .entry .collapse').eq(index).html('+');\r\n\t\t\t}\r\n\t\t\telse {\r\n\t\t\t$('.faqs .entry .answer').eq(index).show();\r\n\t\t\t$('.faqs .entry .collapse').eq(index).html('-');\r\n\t\t\t\t}\r\n\t\t\t\/*for(var x=0;x <= $('.faqs .entry').length; x++) {\r\n\t\t\t\t}\r\n\t\t\t\t\r\n\t\t\t}*\/\r\n\t\t});\r\n\t\t\r\n\t\t\r\n\t\r\n\t\r\n\t\r\n\t}, false);\r\n<\/script>","protected":false},"excerpt":{"rendered":"Rastrea cada llamada a tu negocio Nuestro software de seguimiento de llamadas revela qu\u00e9 palabras clave, campa\u00f1as y anuncios generan llamadas y conversiones. Nuestras caracter\u00edsticas de atribuci\u00f3n de llamadas Inserci\u00f3n din\u00e1mica del tel\u00e9fono La inserci\u00f3n din\u00e1mica del tel\u00e9fono de Clixtell genera autom\u00e1ticamente un n\u00famero de tel\u00e9fono de seguimiento basado en la fuente que llev\u00f3 a [&hellip;]","protected":false},"author":1,"featured_media":0,"parent":2735,"menu_order":0,"comment_status":"closed","ping_status":"closed","template":"call-tracking.php","meta":{"footnotes":""},"class_list":["post-2745","page","type-page","status-publish","hentry"],"yoast_head":"<!-- This site is optimized with the Yoast SEO plugin v26.8 - https:\/\/yoast.com\/product\/yoast-seo-wordpress\/ -->\n<title>Atribuci\u00f3n de llamadas | Software de seguimiento y an\u00e1lisis de llamadas | Clixtell<\/title>\n<meta name=\"description\" content=\"Track every call to your business, our call tracking software reveals which keywords, campaigns and ads drives into calls and conversions.\" \/>\n<meta name=\"robots\" content=\"index, follow, max-snippet:-1, max-image-preview:large, max-video-preview:-1\" \/>\n<link rel=\"canonical\" href=\"https:\/\/www.clixtell.com\/es\/seguimiento-de-llamadas\/caracteristicas-de-atribucion-de-llamadas\/\" \/>\n<meta property=\"og:locale\" content=\"es_ES\" \/>\n<meta property=\"og:type\" content=\"article\" \/>\n<meta property=\"og:title\" content=\"Atribuci\u00f3n de llamadas | Software de seguimiento y an\u00e1lisis de llamadas | Clixtell\" \/>\n<meta property=\"og:description\" content=\"Track every call to your business, our call tracking software reveals which keywords, campaigns and ads drives into calls and conversions.\" \/>\n<meta property=\"og:url\" content=\"https:\/\/www.clixtell.com\/es\/seguimiento-de-llamadas\/caracteristicas-de-atribucion-de-llamadas\/\" \/>\n<meta property=\"og:site_name\" content=\"Click Fraud Protection | Call Tracking | Website Video Recorder | Clixtell\u2122\" \/>\n<meta property=\"article:publisher\" content=\"http:\/\/facebook.com\/clixtell\" \/>\n<meta property=\"article:modified_time\" content=\"2019-01-27T10:18:48+00:00\" \/>\n<meta property=\"og:image\" content=\"https:\/\/statics.clixtell.com\/wp-content\/uploads\/ctlm-e1546158798884.png\" \/>\n<meta name=\"twitter:card\" content=\"summary_large_image\" \/>\n<meta name=\"twitter:site\" content=\"@clixtell\" \/>\n<meta name=\"twitter:label1\" content=\"Tiempo de lectura\" \/>\n\t<meta name=\"twitter:data1\" content=\"3 minutos\" \/>\n<!-- \/ Yoast SEO plugin. -->","yoast_head_json":{"title":"Atribuci\u00f3n de llamadas | Software de seguimiento y an\u00e1lisis de llamadas | Clixtell","description":"Track every call to your business, our call tracking software reveals which keywords, campaigns and ads drives into calls and conversions.","robots":{"index":"index","follow":"follow","max-snippet":"max-snippet:-1","max-image-preview":"max-image-preview:large","max-video-preview":"max-video-preview:-1"},"canonical":"https:\/\/www.clixtell.com\/es\/seguimiento-de-llamadas\/caracteristicas-de-atribucion-de-llamadas\/","og_locale":"es_ES","og_type":"article","og_title":"Atribuci\u00f3n de llamadas | Software de seguimiento y an\u00e1lisis de llamadas | Clixtell","og_description":"Track every call to your business, our call tracking software reveals which keywords, campaigns and ads drives into calls and conversions.","og_url":"https:\/\/www.clixtell.com\/es\/seguimiento-de-llamadas\/caracteristicas-de-atribucion-de-llamadas\/","og_site_name":"Click Fraud Protection | Call Tracking | Website Video Recorder | Clixtell\u2122","article_publisher":"http:\/\/facebook.com\/clixtell","article_modified_time":"2019-01-27T10:18:48+00:00","og_image":[{"url":"https:\/\/statics.clixtell.com\/wp-content\/uploads\/ctlm-e1546158798884.png","type":"","width":"","height":""}],"twitter_card":"summary_large_image","twitter_site":"@clixtell","twitter_misc":{"Tiempo de lectura":"3 minutos"},"schema":{"@context":"https:\/\/schema.org","@graph":[{"@type":"WebPage","@id":"https:\/\/www.clixtell.com\/es\/seguimiento-de-llamadas\/caracteristicas-de-atribucion-de-llamadas\/","url":"https:\/\/www.clixtell.com\/es\/seguimiento-de-llamadas\/caracteristicas-de-atribucion-de-llamadas\/","name":"Atribuci\u00f3n de llamadas | Software de seguimiento y an\u00e1lisis de llamadas | Clixtell","isPartOf":{"@id":"https:\/\/www.clixtell.com\/es\/#website"},"primaryImageOfPage":{"@id":"https:\/\/www.clixtell.com\/es\/seguimiento-de-llamadas\/caracteristicas-de-atribucion-de-llamadas\/#primaryimage"},"image":{"@id":"https:\/\/www.clixtell.com\/es\/seguimiento-de-llamadas\/caracteristicas-de-atribucion-de-llamadas\/#primaryimage"},"thumbnailUrl":"https:\/\/statics.clixtell.com\/wp-content\/uploads\/ctlm-e1546158798884.png","datePublished":"2019-01-24T10:19:49+00:00","dateModified":"2019-01-27T10:18:48+00:00","description":"Track every call to your business, our call tracking software reveals which keywords, campaigns and ads drives into calls and conversions.","breadcrumb":{"@id":"https:\/\/www.clixtell.com\/es\/seguimiento-de-llamadas\/caracteristicas-de-atribucion-de-llamadas\/#breadcrumb"},"inLanguage":"es","potentialAction":[{"@type":"ReadAction","target":["https:\/\/www.clixtell.com\/es\/seguimiento-de-llamadas\/caracteristicas-de-atribucion-de-llamadas\/"]}]},{"@type":"ImageObject","inLanguage":"es","@id":"https:\/\/www.clixtell.com\/es\/seguimiento-de-llamadas\/caracteristicas-de-atribucion-de-llamadas\/#primaryimage","url":"https:\/\/statics.clixtell.com\/wp-content\/uploads\/ctlm-e1546158798884.png","contentUrl":"https:\/\/statics.clixtell.com\/wp-content\/uploads\/ctlm-e1546158798884.png"},{"@type":"BreadcrumbList","@id":"https:\/\/www.clixtell.com\/es\/seguimiento-de-llamadas\/caracteristicas-de-atribucion-de-llamadas\/#breadcrumb","itemListElement":[{"@type":"ListItem","position":1,"name":"Home","item":"https:\/\/www.clixtell.com\/es\/"},{"@type":"ListItem","position":2,"name":"Clixtell | Software de seguimiento y an\u00e1lisis de llamadas","item":"https:\/\/www.clixtell.com\/es\/seguimiento-de-llamadas\/"},{"@type":"ListItem","position":3,"name":"Atribuci\u00f3n de llamadas | Software de seguimiento y an\u00e1lisis de llamadas | Clixtell"}]},{"@type":"WebSite","@id":"https:\/\/www.clixtell.com\/es\/#website","url":"https:\/\/www.clixtell.com\/es\/","name":"Click Fraud Protection | Call Tracking | Website Video Recorder | Clixtell\u2122","description":"Safe &amp; Sound Digital Marketing","publisher":{"@id":"https:\/\/www.clixtell.com\/es\/#organization"},"potentialAction":[{"@type":"SearchAction","target":{"@type":"EntryPoint","urlTemplate":"https:\/\/www.clixtell.com\/es\/?s={search_term_string}"},"query-input":{"@type":"PropertyValueSpecification","valueRequired":true,"valueName":"search_term_string"}}],"inLanguage":"es"},{"@type":"Organization","@id":"https:\/\/www.clixtell.com\/es\/#organization","name":"Clixtell","url":"https:\/\/www.clixtell.com\/es\/","logo":{"@type":"ImageObject","inLanguage":"es","@id":"https:\/\/www.clixtell.com\/es\/#\/schema\/logo\/image\/","url":"https:\/\/www.clixtell.com\/wp-content\/uploads\/logoc.png","contentUrl":"https:\/\/www.clixtell.com\/wp-content\/uploads\/logoc.png","width":168,"height":43,"caption":"Clixtell"},"image":{"@id":"https:\/\/www.clixtell.com\/es\/#\/schema\/logo\/image\/"},"sameAs":["http:\/\/facebook.com\/clixtell","https:\/\/x.com\/clixtell"]}]}},"_links":{"self":[{"href":"https:\/\/www.clixtell.com\/es\/wp-json\/wp\/v2\/pages\/2745","targetHints":{"allow":["GET"]}}],"collection":[{"href":"https:\/\/www.clixtell.com\/es\/wp-json\/wp\/v2\/pages"}],"about":[{"href":"https:\/\/www.clixtell.com\/es\/wp-json\/wp\/v2\/types\/page"}],"author":[{"embeddable":true,"href":"https:\/\/www.clixtell.com\/es\/wp-json\/wp\/v2\/users\/1"}],"replies":[{"embeddable":true,"href":"https:\/\/www.clixtell.com\/es\/wp-json\/wp\/v2\/comments?post=2745"}],"version-history":[{"count":0,"href":"https:\/\/www.clixtell.com\/es\/wp-json\/wp\/v2\/pages\/2745\/revisions"}],"up":[{"embeddable":true,"href":"https:\/\/www.clixtell.com\/es\/wp-json\/wp\/v2\/pages\/2735"}],"wp:attachment":[{"href":"https:\/\/www.clixtell.com\/es\/wp-json\/wp\/v2\/media?parent=2745"}],"curies":[{"name":"wp","href":"https:\/\/api.w.org\/{rel}","templated":true}]}}