{"id":2817,"date":"2019-01-27T07:58:13","date_gmt":"2019-01-27T07:58:13","guid":{"rendered":"https:\/\/www.clixtell.com\/?page_id=2817"},"modified":"2019-01-27T07:59:12","modified_gmt":"2019-01-27T07:59:12","slug":"insercion-dinamica-del-telefono","status":"publish","type":"page","link":"https:\/\/www.clixtell.com\/es\/seguimiento-de-llamadas\/caracteristicas-de-atribucion-de-llamadas\/insercion-dinamica-del-telefono\/","title":{"rendered":"Inserci\u00f3n din\u00e1mica del tel\u00e9fono | Software de seguimiento y an\u00e1lisis de llamadas | Clixtell"},"content":{"rendered":"<div class=\"container mob-marg\">\r\n\t\t<h1 style=\"color: #fff; margin-top:10vh\">Rastrear y maximizar ventas y ganancias\r\nCon nuestro<br>seguimiento din\u00e1mico de llamadas en vivo<\/h1>\r\n\t\t<h3 style=\"color: #fff;\">Mida qu\u00e9 campa\u00f1as, palabras clave y anuncios generan llamadas y conversiones.<\/h3>\r\n\t<\/div>\r\n<\/div>\r\n<\/div>\r\n<section class=\"container\" style=\"max-width: 897px; margin-top: 80px;\">\r\n\t<h1 style=\"color: #19CBD2; text-align: center;\">Inserci\u00f3n din\u00e1mica del tel\u00e9fono<\/h1>\r\n\t<div style=\"color: #000E4D; font-size: 16px; letter-spacing: 0.31px; line-height: 28px; margin-top: 35px;\"> La inserci\u00f3n din\u00e1mica del tel\u00e9fono de Clixtell genera autom\u00e1ticamente un n\u00famero de tel\u00e9fono de seguimiento basado en la fuente que llev\u00f3 a un visitante a su sitio web. Esta tecnolog\u00eda avanzada permite crear sus configuraciones personales y ajustarlas a cada plataforma publicitaria, como Google Ads, Bing Ads, Yahoo, Yelp, Facebook, Taboola, Outbrain, Organic o cualquier otro canal. <br><br>\r\n\tNuestro software analizar\u00e1 y le proporcionar\u00e1 informaci\u00f3n en tiempo real con respecto a las llamadas a su sitio web, el tr\u00e1fico, las conversiones y una valiosa informaci\u00f3n sobre el rendimiento de sus canales de publicidad. Los datos recopilados se ingresar\u00e1n en su cuenta de Analytics.<br><br>\r\n\tPuede establecer un n\u00famero de tel\u00e9fono para cada canal o visitante, mientras que nuestro software de seguimiento de llamadas intercambiar\u00e1 din\u00e1micamente el n\u00famero de tel\u00e9fono en su sitio web y mostrar\u00e1 un n\u00famero de tel\u00e9fono de seguimiento de su grupo por usuario.<br><br>\r\n\tAdem\u00e1s, un visitante que haya llamado a su empresa utilizando un n\u00famero de seguimiento seguir\u00e1 viendo el mismo n\u00famero de tel\u00e9fono durante toda la sesi\u00f3n o cada vez que visite su sitio web.<br><br>\r\n\t<\/div>\r\n<\/section>\r\n<div data-post-id=\"1339\" class=\"insert-page insert-page-1339 \"><\/div>","protected":false},"excerpt":{"rendered":"Rastrear y maximizar ventas y ganancias Con nuestroseguimiento din\u00e1mico de llamadas en vivo Mida qu\u00e9 campa\u00f1as, palabras clave y anuncios generan llamadas y conversiones. Inserci\u00f3n din\u00e1mica del tel\u00e9fono La inserci\u00f3n din\u00e1mica del tel\u00e9fono de Clixtell genera autom\u00e1ticamente un n\u00famero de tel\u00e9fono de seguimiento basado en la fuente que llev\u00f3 a un visitante a su sitio [&hellip;]","protected":false},"author":1,"featured_media":0,"parent":2745,"menu_order":0,"comment_status":"closed","ping_status":"closed","template":"call-tracking.php","meta":{"footnotes":""},"class_list":["post-2817","page","type-page","status-publish","hentry"],"yoast_head":"<!-- This site is optimized with the Yoast SEO plugin v26.8 - https:\/\/yoast.com\/product\/yoast-seo-wordpress\/ -->\n<title>Inserci\u00f3n din\u00e1mica del tel\u00e9fono | Software de seguimiento y an\u00e1lisis de llamadas | Clixtell<\/title>\n<meta name=\"description\" content=\"Clixtell\u2019s dynamic phone insertion automatically generates a tracking phone number based on the source that led a visitor to your website.\" \/>\n<meta name=\"robots\" content=\"index, follow, max-snippet:-1, max-image-preview:large, max-video-preview:-1\" \/>\n<link rel=\"canonical\" href=\"https:\/\/www.clixtell.com\/es\/seguimiento-de-llamadas\/caracteristicas-de-atribucion-de-llamadas\/insercion-dinamica-del-telefono\/\" \/>\n<meta property=\"og:locale\" content=\"es_ES\" \/>\n<meta property=\"og:type\" content=\"article\" \/>\n<meta property=\"og:title\" content=\"Inserci\u00f3n din\u00e1mica del tel\u00e9fono | Software de seguimiento y an\u00e1lisis de llamadas | Clixtell\" \/>\n<meta property=\"og:description\" content=\"Clixtell\u2019s dynamic phone insertion automatically generates a tracking phone number based on the source that led a visitor to your website.\" \/>\n<meta property=\"og:url\" content=\"https:\/\/www.clixtell.com\/es\/seguimiento-de-llamadas\/caracteristicas-de-atribucion-de-llamadas\/insercion-dinamica-del-telefono\/\" \/>\n<meta property=\"og:site_name\" content=\"Click Fraud Protection | Call Tracking | Website Video Recorder | Clixtell\u2122\" \/>\n<meta property=\"article:publisher\" content=\"http:\/\/facebook.com\/clixtell\" \/>\n<meta property=\"article:modified_time\" content=\"2019-01-27T07:59:12+00:00\" \/>\n<meta name=\"twitter:card\" content=\"summary_large_image\" \/>\n<meta name=\"twitter:site\" content=\"@clixtell\" \/>\n<meta name=\"twitter:label1\" content=\"Tiempo de lectura\" \/>\n\t<meta name=\"twitter:data1\" content=\"1 minuto\" \/>\n<!-- \/ Yoast SEO plugin. -->","yoast_head_json":{"title":"Inserci\u00f3n din\u00e1mica del tel\u00e9fono | Software de seguimiento y an\u00e1lisis de llamadas | Clixtell","description":"Clixtell\u2019s dynamic phone insertion automatically generates a tracking phone number based on the source that led a visitor to your website.","robots":{"index":"index","follow":"follow","max-snippet":"max-snippet:-1","max-image-preview":"max-image-preview:large","max-video-preview":"max-video-preview:-1"},"canonical":"https:\/\/www.clixtell.com\/es\/seguimiento-de-llamadas\/caracteristicas-de-atribucion-de-llamadas\/insercion-dinamica-del-telefono\/","og_locale":"es_ES","og_type":"article","og_title":"Inserci\u00f3n din\u00e1mica del tel\u00e9fono | Software de seguimiento y an\u00e1lisis de llamadas | Clixtell","og_description":"Clixtell\u2019s dynamic phone insertion automatically generates a tracking phone number based on the source that led a visitor to your website.","og_url":"https:\/\/www.clixtell.com\/es\/seguimiento-de-llamadas\/caracteristicas-de-atribucion-de-llamadas\/insercion-dinamica-del-telefono\/","og_site_name":"Click Fraud Protection | Call Tracking | Website Video Recorder | Clixtell\u2122","article_publisher":"http:\/\/facebook.com\/clixtell","article_modified_time":"2019-01-27T07:59:12+00:00","twitter_card":"summary_large_image","twitter_site":"@clixtell","twitter_misc":{"Tiempo de lectura":"1 minuto"},"schema":{"@context":"https:\/\/schema.org","@graph":[{"@type":"WebPage","@id":"https:\/\/www.clixtell.com\/es\/seguimiento-de-llamadas\/caracteristicas-de-atribucion-de-llamadas\/insercion-dinamica-del-telefono\/","url":"https:\/\/www.clixtell.com\/es\/seguimiento-de-llamadas\/caracteristicas-de-atribucion-de-llamadas\/insercion-dinamica-del-telefono\/","name":"Inserci\u00f3n din\u00e1mica del tel\u00e9fono | Software de seguimiento y an\u00e1lisis de llamadas | Clixtell","isPartOf":{"@id":"https:\/\/www.clixtell.com\/es\/#website"},"datePublished":"2019-01-27T07:58:13+00:00","dateModified":"2019-01-27T07:59:12+00:00","description":"Clixtell\u2019s dynamic phone insertion automatically generates a tracking phone number based on the source that led a visitor to your website.","breadcrumb":{"@id":"https:\/\/www.clixtell.com\/es\/seguimiento-de-llamadas\/caracteristicas-de-atribucion-de-llamadas\/insercion-dinamica-del-telefono\/#breadcrumb"},"inLanguage":"es","potentialAction":[{"@type":"ReadAction","target":["https:\/\/www.clixtell.com\/es\/seguimiento-de-llamadas\/caracteristicas-de-atribucion-de-llamadas\/insercion-dinamica-del-telefono\/"]}]},{"@type":"BreadcrumbList","@id":"https:\/\/www.clixtell.com\/es\/seguimiento-de-llamadas\/caracteristicas-de-atribucion-de-llamadas\/insercion-dinamica-del-telefono\/#breadcrumb","itemListElement":[{"@type":"ListItem","position":1,"name":"Home","item":"https:\/\/www.clixtell.com\/es\/"},{"@type":"ListItem","position":2,"name":"Clixtell | Software de seguimiento y an\u00e1lisis de llamadas","item":"https:\/\/www.clixtell.com\/es\/seguimiento-de-llamadas\/"},{"@type":"ListItem","position":3,"name":"Atribuci\u00f3n de llamadas | Software de seguimiento y an\u00e1lisis de llamadas | Clixtell","item":"https:\/\/www.clixtell.com\/es\/seguimiento-de-llamadas\/caracteristicas-de-atribucion-de-llamadas\/"},{"@type":"ListItem","position":4,"name":"Inserci\u00f3n din\u00e1mica del tel\u00e9fono | Software de seguimiento y an\u00e1lisis de llamadas | Clixtell"}]},{"@type":"WebSite","@id":"https:\/\/www.clixtell.com\/es\/#website","url":"https:\/\/www.clixtell.com\/es\/","name":"Click Fraud Protection | Call Tracking | Website Video Recorder | Clixtell\u2122","description":"Safe &amp; Sound Digital Marketing","publisher":{"@id":"https:\/\/www.clixtell.com\/es\/#organization"},"potentialAction":[{"@type":"SearchAction","target":{"@type":"EntryPoint","urlTemplate":"https:\/\/www.clixtell.com\/es\/?s={search_term_string}"},"query-input":{"@type":"PropertyValueSpecification","valueRequired":true,"valueName":"search_term_string"}}],"inLanguage":"es"},{"@type":"Organization","@id":"https:\/\/www.clixtell.com\/es\/#organization","name":"Clixtell","url":"https:\/\/www.clixtell.com\/es\/","logo":{"@type":"ImageObject","inLanguage":"es","@id":"https:\/\/www.clixtell.com\/es\/#\/schema\/logo\/image\/","url":"https:\/\/www.clixtell.com\/wp-content\/uploads\/logoc.png","contentUrl":"https:\/\/www.clixtell.com\/wp-content\/uploads\/logoc.png","width":168,"height":43,"caption":"Clixtell"},"image":{"@id":"https:\/\/www.clixtell.com\/es\/#\/schema\/logo\/image\/"},"sameAs":["http:\/\/facebook.com\/clixtell","https:\/\/x.com\/clixtell"]}]}},"_links":{"self":[{"href":"https:\/\/www.clixtell.com\/es\/wp-json\/wp\/v2\/pages\/2817","targetHints":{"allow":["GET"]}}],"collection":[{"href":"https:\/\/www.clixtell.com\/es\/wp-json\/wp\/v2\/pages"}],"about":[{"href":"https:\/\/www.clixtell.com\/es\/wp-json\/wp\/v2\/types\/page"}],"author":[{"embeddable":true,"href":"https:\/\/www.clixtell.com\/es\/wp-json\/wp\/v2\/users\/1"}],"replies":[{"embeddable":true,"href":"https:\/\/www.clixtell.com\/es\/wp-json\/wp\/v2\/comments?post=2817"}],"version-history":[{"count":0,"href":"https:\/\/www.clixtell.com\/es\/wp-json\/wp\/v2\/pages\/2817\/revisions"}],"up":[{"embeddable":true,"href":"https:\/\/www.clixtell.com\/es\/wp-json\/wp\/v2\/pages\/2745"}],"wp:attachment":[{"href":"https:\/\/www.clixtell.com\/es\/wp-json\/wp\/v2\/media?parent=2817"}],"curies":[{"name":"wp","href":"https:\/\/api.w.org\/{rel}","templated":true}]}}