{"id":2824,"date":"2019-01-27T08:26:13","date_gmt":"2019-01-27T08:26:13","guid":{"rendered":"https:\/\/www.clixtell.com\/?page_id=2824"},"modified":"2019-01-27T08:28:01","modified_gmt":"2019-01-27T08:28:01","slug":"seguimiento-de-llamadas-de-palabras-clave","status":"publish","type":"page","link":"https:\/\/www.clixtell.com\/es\/seguimiento-de-llamadas\/caracteristicas-de-atribucion-de-llamadas\/seguimiento-de-llamadas-de-palabras-clave\/","title":{"rendered":"Seguimiento de llamadas por palabra clave | Software de seguimiento y an\u00e1lisis de llamadas | Clixtell"},"content":{"rendered":"<div class=\"container mob-marg\">\r\n\t\t<h1 style=\"color: #fff; text-align: left; margin-top:10vh\">Optimice sus campa\u00f1as de PPC <br>con nuestro seguimiento de llamadas de palabras clave<\/h1>\r\n\t\t<h3 style=\"color: #fff;\">Optimizar el rendimiento de palabras clave utilizando la informaci\u00f3n de conversi\u00f3n de llamadas.<\/h3>\r\n\t<\/div>\r\n<\/div>\r\n<\/div>\r\n<section class=\"container\" style=\"max-width: 897px; margin-top: 80px;\">\r\n\t<h1 style=\"color: #19CBD2; text-align: center;\">Seguimiento de llamadas por palabra clave<\/h1>\r\n\t<div style=\"color: #000E4D; font-size: 16px; letter-spacing: 0.31px; line-height: 28px; margin-top: 35px;\"> Our Nuestro software de seguimiento de llamadas de palabras clave le muestra qu\u00e9 palabras clave, campa\u00f1as, anuncios y p\u00e1ginas de destino generan llamadas y conversiones. <br>\r\n\tAl utilizar esta informaci\u00f3n, podr\u00e1 optimizar sus campa\u00f1as y palabras clave con datos de llamadas s\u00f3lidos.<br>\r\n\tNuestro seguimiento de llamadas de palabras clave es una caracter\u00edstica poderosa y \u00fatil, la mayor\u00eda de nuestros clientes utilizan este servicio avanzado y se benefician de su ventaja. <br><br>\r\n\r\n\tA cada visitante de su sitio web se le asigna autom\u00e1ticamente un n\u00famero de seguimiento de su grupo, adem\u00e1s, el visitante es el \u00fanico que ve ese n\u00famero de tel\u00e9fono durante la visita a su sitio web.<br>\r\n\tNuestro software de seguimiento de llamadas le mostrar\u00e1 qu\u00e9 anuncios, palabras clave y p\u00e1ginas llevaron a los visitantes de su sitio a llamar a su negocio.<br><br> \r\n\tLos datos recopilados por Clixtell se incluyen en Google Analytics y Google Ads para una revisi\u00f3n adicional.<br><br>\r\n\t<\/div>\r\n<\/section>\r\n<div data-post-id=\"1339\" class=\"insert-page insert-page-1339 \"><\/div>","protected":false},"excerpt":{"rendered":"Optimice sus campa\u00f1as de PPC con nuestro seguimiento de llamadas de palabras clave Optimizar el rendimiento de palabras clave utilizando la informaci\u00f3n de conversi\u00f3n de llamadas. Seguimiento de llamadas por palabra clave Our Nuestro software de seguimiento de llamadas de palabras clave le muestra qu\u00e9 palabras clave, campa\u00f1as, anuncios y p\u00e1ginas de destino generan llamadas [&hellip;]","protected":false},"author":1,"featured_media":0,"parent":2745,"menu_order":0,"comment_status":"closed","ping_status":"closed","template":"call-tracking.php","meta":{"footnotes":""},"class_list":["post-2824","page","type-page","status-publish","hentry"],"yoast_head":"<!-- This site is optimized with the Yoast SEO plugin v26.8 - https:\/\/yoast.com\/product\/yoast-seo-wordpress\/ -->\n<title>Seguimiento de llamadas por palabra clave | Software de seguimiento y an\u00e1lisis de llamadas | Clixtell<\/title>\n<meta name=\"description\" content=\"Our keyword call tracking software shows you what keywords, campaigns, ads and landing pages are producing calls and conversions.\" \/>\n<meta name=\"robots\" content=\"index, follow, max-snippet:-1, max-image-preview:large, max-video-preview:-1\" \/>\n<link rel=\"canonical\" href=\"https:\/\/www.clixtell.com\/es\/seguimiento-de-llamadas\/caracteristicas-de-atribucion-de-llamadas\/seguimiento-de-llamadas-de-palabras-clave\/\" \/>\n<meta property=\"og:locale\" content=\"es_ES\" \/>\n<meta property=\"og:type\" content=\"article\" \/>\n<meta property=\"og:title\" content=\"Seguimiento de llamadas por palabra clave | Software de seguimiento y an\u00e1lisis de llamadas | Clixtell\" \/>\n<meta property=\"og:description\" content=\"Our keyword call tracking software shows you what keywords, campaigns, ads and landing pages are producing calls and conversions.\" \/>\n<meta property=\"og:url\" content=\"https:\/\/www.clixtell.com\/es\/seguimiento-de-llamadas\/caracteristicas-de-atribucion-de-llamadas\/seguimiento-de-llamadas-de-palabras-clave\/\" \/>\n<meta property=\"og:site_name\" content=\"Click Fraud Protection | Call Tracking | Website Video Recorder | Clixtell\u2122\" \/>\n<meta property=\"article:publisher\" content=\"http:\/\/facebook.com\/clixtell\" \/>\n<meta property=\"article:modified_time\" content=\"2019-01-27T08:28:01+00:00\" \/>\n<meta name=\"twitter:card\" content=\"summary_large_image\" \/>\n<meta name=\"twitter:site\" content=\"@clixtell\" \/>\n<meta name=\"twitter:label1\" content=\"Tiempo de lectura\" \/>\n\t<meta name=\"twitter:data1\" content=\"1 minuto\" \/>\n<!-- \/ Yoast SEO plugin. -->","yoast_head_json":{"title":"Seguimiento de llamadas por palabra clave | Software de seguimiento y an\u00e1lisis de llamadas | Clixtell","description":"Our keyword call tracking software shows you what keywords, campaigns, ads and landing pages are producing calls and conversions.","robots":{"index":"index","follow":"follow","max-snippet":"max-snippet:-1","max-image-preview":"max-image-preview:large","max-video-preview":"max-video-preview:-1"},"canonical":"https:\/\/www.clixtell.com\/es\/seguimiento-de-llamadas\/caracteristicas-de-atribucion-de-llamadas\/seguimiento-de-llamadas-de-palabras-clave\/","og_locale":"es_ES","og_type":"article","og_title":"Seguimiento de llamadas por palabra clave | Software de seguimiento y an\u00e1lisis de llamadas | Clixtell","og_description":"Our keyword call tracking software shows you what keywords, campaigns, ads and landing pages are producing calls and conversions.","og_url":"https:\/\/www.clixtell.com\/es\/seguimiento-de-llamadas\/caracteristicas-de-atribucion-de-llamadas\/seguimiento-de-llamadas-de-palabras-clave\/","og_site_name":"Click Fraud Protection | Call Tracking | Website Video Recorder | Clixtell\u2122","article_publisher":"http:\/\/facebook.com\/clixtell","article_modified_time":"2019-01-27T08:28:01+00:00","twitter_card":"summary_large_image","twitter_site":"@clixtell","twitter_misc":{"Tiempo de lectura":"1 minuto"},"schema":{"@context":"https:\/\/schema.org","@graph":[{"@type":"WebPage","@id":"https:\/\/www.clixtell.com\/es\/seguimiento-de-llamadas\/caracteristicas-de-atribucion-de-llamadas\/seguimiento-de-llamadas-de-palabras-clave\/","url":"https:\/\/www.clixtell.com\/es\/seguimiento-de-llamadas\/caracteristicas-de-atribucion-de-llamadas\/seguimiento-de-llamadas-de-palabras-clave\/","name":"Seguimiento de llamadas por palabra clave | Software de seguimiento y an\u00e1lisis de llamadas | Clixtell","isPartOf":{"@id":"https:\/\/www.clixtell.com\/es\/#website"},"datePublished":"2019-01-27T08:26:13+00:00","dateModified":"2019-01-27T08:28:01+00:00","description":"Our keyword call tracking software shows you what keywords, campaigns, ads and landing pages are producing calls and conversions.","breadcrumb":{"@id":"https:\/\/www.clixtell.com\/es\/seguimiento-de-llamadas\/caracteristicas-de-atribucion-de-llamadas\/seguimiento-de-llamadas-de-palabras-clave\/#breadcrumb"},"inLanguage":"es","potentialAction":[{"@type":"ReadAction","target":["https:\/\/www.clixtell.com\/es\/seguimiento-de-llamadas\/caracteristicas-de-atribucion-de-llamadas\/seguimiento-de-llamadas-de-palabras-clave\/"]}]},{"@type":"BreadcrumbList","@id":"https:\/\/www.clixtell.com\/es\/seguimiento-de-llamadas\/caracteristicas-de-atribucion-de-llamadas\/seguimiento-de-llamadas-de-palabras-clave\/#breadcrumb","itemListElement":[{"@type":"ListItem","position":1,"name":"Home","item":"https:\/\/www.clixtell.com\/es\/"},{"@type":"ListItem","position":2,"name":"Clixtell | Software de seguimiento y an\u00e1lisis de llamadas","item":"https:\/\/www.clixtell.com\/es\/seguimiento-de-llamadas\/"},{"@type":"ListItem","position":3,"name":"Atribuci\u00f3n de llamadas | Software de seguimiento y an\u00e1lisis de llamadas | Clixtell","item":"https:\/\/www.clixtell.com\/es\/seguimiento-de-llamadas\/caracteristicas-de-atribucion-de-llamadas\/"},{"@type":"ListItem","position":4,"name":"Seguimiento de llamadas por palabra clave | Software de seguimiento y an\u00e1lisis de llamadas | Clixtell"}]},{"@type":"WebSite","@id":"https:\/\/www.clixtell.com\/es\/#website","url":"https:\/\/www.clixtell.com\/es\/","name":"Click Fraud Protection | Call Tracking | Website Video Recorder | Clixtell\u2122","description":"Safe &amp; Sound Digital Marketing","publisher":{"@id":"https:\/\/www.clixtell.com\/es\/#organization"},"potentialAction":[{"@type":"SearchAction","target":{"@type":"EntryPoint","urlTemplate":"https:\/\/www.clixtell.com\/es\/?s={search_term_string}"},"query-input":{"@type":"PropertyValueSpecification","valueRequired":true,"valueName":"search_term_string"}}],"inLanguage":"es"},{"@type":"Organization","@id":"https:\/\/www.clixtell.com\/es\/#organization","name":"Clixtell","url":"https:\/\/www.clixtell.com\/es\/","logo":{"@type":"ImageObject","inLanguage":"es","@id":"https:\/\/www.clixtell.com\/es\/#\/schema\/logo\/image\/","url":"https:\/\/www.clixtell.com\/wp-content\/uploads\/logoc.png","contentUrl":"https:\/\/www.clixtell.com\/wp-content\/uploads\/logoc.png","width":168,"height":43,"caption":"Clixtell"},"image":{"@id":"https:\/\/www.clixtell.com\/es\/#\/schema\/logo\/image\/"},"sameAs":["http:\/\/facebook.com\/clixtell","https:\/\/x.com\/clixtell"]}]}},"_links":{"self":[{"href":"https:\/\/www.clixtell.com\/es\/wp-json\/wp\/v2\/pages\/2824","targetHints":{"allow":["GET"]}}],"collection":[{"href":"https:\/\/www.clixtell.com\/es\/wp-json\/wp\/v2\/pages"}],"about":[{"href":"https:\/\/www.clixtell.com\/es\/wp-json\/wp\/v2\/types\/page"}],"author":[{"embeddable":true,"href":"https:\/\/www.clixtell.com\/es\/wp-json\/wp\/v2\/users\/1"}],"replies":[{"embeddable":true,"href":"https:\/\/www.clixtell.com\/es\/wp-json\/wp\/v2\/comments?post=2824"}],"version-history":[{"count":0,"href":"https:\/\/www.clixtell.com\/es\/wp-json\/wp\/v2\/pages\/2824\/revisions"}],"up":[{"embeddable":true,"href":"https:\/\/www.clixtell.com\/es\/wp-json\/wp\/v2\/pages\/2745"}],"wp:attachment":[{"href":"https:\/\/www.clixtell.com\/es\/wp-json\/wp\/v2\/media?parent=2824"}],"curies":[{"name":"wp","href":"https:\/\/api.w.org\/{rel}","templated":true}]}}