{"id":2830,"date":"2019-01-27T08:59:21","date_gmt":"2019-01-27T08:59:21","guid":{"rendered":"https:\/\/www.clixtell.com\/?page_id=2830"},"modified":"2019-01-27T08:59:21","modified_gmt":"2019-01-27T08:59:21","slug":"seguimiento-de-anuncios-de-clic-para-llamar","status":"publish","type":"page","link":"https:\/\/www.clixtell.com\/es\/seguimiento-de-llamadas\/caracteristicas-de-atribucion-de-llamadas\/seguimiento-de-anuncios-de-clic-para-llamar\/","title":{"rendered":"Seguimiento de anuncios de clic para llamar | Software de seguimiento de llamadas | Clixtell"},"content":{"rendered":"<div class=\"container mob-marg\">\r\n\t\t<h1 style=\"color: #fff; margin-top:10vh\">Analizar cada clic<br>Rastrea cada llamada telef\u00f3nica<\/h1>\r\n\t\t<h3 style=\"color: #fff;margin-top: 3vh;\">Rastrea, mide y registra tus anuncios de clic para llamar.<\/h3>\r\n\t<\/div>\r\n<\/div>\r\n<\/div>\r\n<section class=\"container\" style=\"max-width: 897px; margin-top: 80px;\">\r\n\t<h1 style=\"color: #19CBD2; text-align: center;\">Seguimiento de anuncios de clic para llamar<\/h1>\r\n\t<div style=\"color: #000E4D; font-size: 16px; letter-spacing: 0.31px; line-height: 28px; margin-top: 35px;\"> Nuestra funci\u00f3n exclusiva para rastrear, medir y grabar correctamente los anuncios de clic para llamar utilizando un n\u00famero de tel\u00e9fono de rastreo puede elegir entre nuestros n\u00fameros locales y gratuitos disponibles de manera instant\u00e1nea y monitoreada por Clixtell, lo que le permite comparar entre la cantidad de clics. En su anuncio, a la cantidad de llamadas entrantes que realmente recibi\u00f3, obtenga informaci\u00f3n valiosa sobre las llamadas telef\u00f3nicas y obtenga un reembolso de Google por sus gastos en fraudes de clics utilizando nuestro informe detallado, de este modo puede garantizar y proteger su presupuesto publicitario.<br><br>\r\n\tClixtell analiza todos los datos entrantes para brindarle un conocimiento en tiempo real sobre sus anuncios de clic de llamada.<br><br>\r\n\tNuestro software asigna n\u00fameros de seguimiento en sus anuncios que incluyen caracter\u00edsticas como: grabaci\u00f3n de llamadas, identificador de llamadas, susurros, historial de llamadas, adecuado para peque\u00f1as y medianas empresas y grandes organizaciones. <br><br>\r\n\t<\/div>\r\n<\/section>\r\n<div data-post-id=\"1339\" class=\"insert-page insert-page-1339 \"><\/div>","protected":false},"excerpt":{"rendered":"Analizar cada clicRastrea cada llamada telef\u00f3nica Rastrea, mide y registra tus anuncios de clic para llamar. Seguimiento de anuncios de clic para llamar Nuestra funci\u00f3n exclusiva para rastrear, medir y grabar correctamente los anuncios de clic para llamar utilizando un n\u00famero de tel\u00e9fono de rastreo puede elegir entre nuestros n\u00fameros locales y gratuitos disponibles de [&hellip;]","protected":false},"author":1,"featured_media":0,"parent":2745,"menu_order":0,"comment_status":"closed","ping_status":"closed","template":"call-tracking.php","meta":{"footnotes":""},"class_list":["post-2830","page","type-page","status-publish","hentry"],"yoast_head":"<!-- This site is optimized with the Yoast SEO plugin v26.8 - https:\/\/yoast.com\/product\/yoast-seo-wordpress\/ -->\n<title>Seguimiento de anuncios de clic para llamar | Software de seguimiento de llamadas | Clixtell<\/title>\n<meta name=\"description\" content=\"Our exclusive feature for properly tracking, measuring and recording click-to-call ads by using a tracking phone number you can choose from our local &amp; toll free numbers available to you instantly and monitored by Clixtell.\" \/>\n<meta name=\"robots\" content=\"index, follow, max-snippet:-1, max-image-preview:large, max-video-preview:-1\" \/>\n<link rel=\"canonical\" href=\"https:\/\/www.clixtell.com\/es\/seguimiento-de-llamadas\/caracteristicas-de-atribucion-de-llamadas\/seguimiento-de-anuncios-de-clic-para-llamar\/\" \/>\n<meta property=\"og:locale\" content=\"es_ES\" \/>\n<meta property=\"og:type\" content=\"article\" \/>\n<meta property=\"og:title\" content=\"Seguimiento de anuncios de clic para llamar | Software de seguimiento de llamadas | Clixtell\" \/>\n<meta property=\"og:description\" content=\"Our exclusive feature for properly tracking, measuring and recording click-to-call ads by using a tracking phone number you can choose from our local &amp; toll free numbers available to you instantly and monitored by Clixtell.\" \/>\n<meta property=\"og:url\" content=\"https:\/\/www.clixtell.com\/es\/seguimiento-de-llamadas\/caracteristicas-de-atribucion-de-llamadas\/seguimiento-de-anuncios-de-clic-para-llamar\/\" \/>\n<meta property=\"og:site_name\" content=\"Click Fraud Protection | Call Tracking | Website Video Recorder | Clixtell\u2122\" \/>\n<meta property=\"article:publisher\" content=\"http:\/\/facebook.com\/clixtell\" \/>\n<meta name=\"twitter:card\" content=\"summary_large_image\" \/>\n<meta name=\"twitter:site\" content=\"@clixtell\" \/>\n<meta name=\"twitter:label1\" content=\"Tiempo de lectura\" \/>\n\t<meta name=\"twitter:data1\" content=\"1 minuto\" \/>\n<!-- \/ Yoast SEO plugin. -->","yoast_head_json":{"title":"Seguimiento de anuncios de clic para llamar | Software de seguimiento de llamadas | Clixtell","description":"Our exclusive feature for properly tracking, measuring and recording click-to-call ads by using a tracking phone number you can choose from our local & toll free numbers available to you instantly and monitored by Clixtell.","robots":{"index":"index","follow":"follow","max-snippet":"max-snippet:-1","max-image-preview":"max-image-preview:large","max-video-preview":"max-video-preview:-1"},"canonical":"https:\/\/www.clixtell.com\/es\/seguimiento-de-llamadas\/caracteristicas-de-atribucion-de-llamadas\/seguimiento-de-anuncios-de-clic-para-llamar\/","og_locale":"es_ES","og_type":"article","og_title":"Seguimiento de anuncios de clic para llamar | Software de seguimiento de llamadas | Clixtell","og_description":"Our exclusive feature for properly tracking, measuring and recording click-to-call ads by using a tracking phone number you can choose from our local & toll free numbers available to you instantly and monitored by Clixtell.","og_url":"https:\/\/www.clixtell.com\/es\/seguimiento-de-llamadas\/caracteristicas-de-atribucion-de-llamadas\/seguimiento-de-anuncios-de-clic-para-llamar\/","og_site_name":"Click Fraud Protection | Call Tracking | Website Video Recorder | Clixtell\u2122","article_publisher":"http:\/\/facebook.com\/clixtell","twitter_card":"summary_large_image","twitter_site":"@clixtell","twitter_misc":{"Tiempo de lectura":"1 minuto"},"schema":{"@context":"https:\/\/schema.org","@graph":[{"@type":"WebPage","@id":"https:\/\/www.clixtell.com\/es\/seguimiento-de-llamadas\/caracteristicas-de-atribucion-de-llamadas\/seguimiento-de-anuncios-de-clic-para-llamar\/","url":"https:\/\/www.clixtell.com\/es\/seguimiento-de-llamadas\/caracteristicas-de-atribucion-de-llamadas\/seguimiento-de-anuncios-de-clic-para-llamar\/","name":"Seguimiento de anuncios de clic para llamar | Software de seguimiento de llamadas | Clixtell","isPartOf":{"@id":"https:\/\/www.clixtell.com\/es\/#website"},"datePublished":"2019-01-27T08:59:21+00:00","description":"Our exclusive feature for properly tracking, measuring and recording click-to-call ads by using a tracking phone number you can choose from our local & toll free numbers available to you instantly and monitored by Clixtell.","breadcrumb":{"@id":"https:\/\/www.clixtell.com\/es\/seguimiento-de-llamadas\/caracteristicas-de-atribucion-de-llamadas\/seguimiento-de-anuncios-de-clic-para-llamar\/#breadcrumb"},"inLanguage":"es","potentialAction":[{"@type":"ReadAction","target":["https:\/\/www.clixtell.com\/es\/seguimiento-de-llamadas\/caracteristicas-de-atribucion-de-llamadas\/seguimiento-de-anuncios-de-clic-para-llamar\/"]}]},{"@type":"BreadcrumbList","@id":"https:\/\/www.clixtell.com\/es\/seguimiento-de-llamadas\/caracteristicas-de-atribucion-de-llamadas\/seguimiento-de-anuncios-de-clic-para-llamar\/#breadcrumb","itemListElement":[{"@type":"ListItem","position":1,"name":"Home","item":"https:\/\/www.clixtell.com\/es\/"},{"@type":"ListItem","position":2,"name":"Clixtell | Software de seguimiento y an\u00e1lisis de llamadas","item":"https:\/\/www.clixtell.com\/es\/seguimiento-de-llamadas\/"},{"@type":"ListItem","position":3,"name":"Atribuci\u00f3n de llamadas | Software de seguimiento y an\u00e1lisis de llamadas | Clixtell","item":"https:\/\/www.clixtell.com\/es\/seguimiento-de-llamadas\/caracteristicas-de-atribucion-de-llamadas\/"},{"@type":"ListItem","position":4,"name":"Seguimiento de anuncios de clic para llamar | Software de seguimiento de llamadas | Clixtell"}]},{"@type":"WebSite","@id":"https:\/\/www.clixtell.com\/es\/#website","url":"https:\/\/www.clixtell.com\/es\/","name":"Click Fraud Protection | Call Tracking | Website Video Recorder | Clixtell\u2122","description":"Safe &amp; Sound Digital Marketing","publisher":{"@id":"https:\/\/www.clixtell.com\/es\/#organization"},"potentialAction":[{"@type":"SearchAction","target":{"@type":"EntryPoint","urlTemplate":"https:\/\/www.clixtell.com\/es\/?s={search_term_string}"},"query-input":{"@type":"PropertyValueSpecification","valueRequired":true,"valueName":"search_term_string"}}],"inLanguage":"es"},{"@type":"Organization","@id":"https:\/\/www.clixtell.com\/es\/#organization","name":"Clixtell","url":"https:\/\/www.clixtell.com\/es\/","logo":{"@type":"ImageObject","inLanguage":"es","@id":"https:\/\/www.clixtell.com\/es\/#\/schema\/logo\/image\/","url":"https:\/\/www.clixtell.com\/wp-content\/uploads\/logoc.png","contentUrl":"https:\/\/www.clixtell.com\/wp-content\/uploads\/logoc.png","width":168,"height":43,"caption":"Clixtell"},"image":{"@id":"https:\/\/www.clixtell.com\/es\/#\/schema\/logo\/image\/"},"sameAs":["http:\/\/facebook.com\/clixtell","https:\/\/x.com\/clixtell"]}]}},"_links":{"self":[{"href":"https:\/\/www.clixtell.com\/es\/wp-json\/wp\/v2\/pages\/2830","targetHints":{"allow":["GET"]}}],"collection":[{"href":"https:\/\/www.clixtell.com\/es\/wp-json\/wp\/v2\/pages"}],"about":[{"href":"https:\/\/www.clixtell.com\/es\/wp-json\/wp\/v2\/types\/page"}],"author":[{"embeddable":true,"href":"https:\/\/www.clixtell.com\/es\/wp-json\/wp\/v2\/users\/1"}],"replies":[{"embeddable":true,"href":"https:\/\/www.clixtell.com\/es\/wp-json\/wp\/v2\/comments?post=2830"}],"version-history":[{"count":0,"href":"https:\/\/www.clixtell.com\/es\/wp-json\/wp\/v2\/pages\/2830\/revisions"}],"up":[{"embeddable":true,"href":"https:\/\/www.clixtell.com\/es\/wp-json\/wp\/v2\/pages\/2745"}],"wp:attachment":[{"href":"https:\/\/www.clixtell.com\/es\/wp-json\/wp\/v2\/media?parent=2830"}],"curies":[{"name":"wp","href":"https:\/\/api.w.org\/{rel}","templated":true}]}}