{"id":2833,"date":"2019-01-27T09:05:52","date_gmt":"2019-01-27T09:05:52","guid":{"rendered":"https:\/\/www.clixtell.com\/?page_id=2833"},"modified":"2019-01-27T09:05:52","modified_gmt":"2019-01-27T09:05:52","slug":"seguimiento-de-llamadas-estaticas","status":"publish","type":"page","link":"https:\/\/www.clixtell.com\/es\/seguimiento-de-llamadas\/caracteristicas-de-atribucion-de-llamadas\/seguimiento-de-llamadas-estaticas\/","title":{"rendered":"Seguimiento de llamadas est\u00e1tico | Software de seguimiento de llamadas | Clixtell"},"content":{"rendered":"<div class=\"container mob-marg\">\r\n\t\t<h1 style=\"color: #fff; margin-top:10vh\">Rastrea, mide y registra cada llamada  <br> a tu negocio desde cualquier canal <\/h1>\r\n\t\t<h3 style=\"color: #fff; margin-top:3vh\">N\u00fameros de tel\u00e9fono a pedido para todas sus necesidades de marketing.<\/h3>\r\n\t<\/div>\r\n<\/div>\r\n<\/div>\r\n<section class=\"container\" style=\"max-width: 897px; margin-top: 80px;\">\r\n\t<h1 style=\"color: #19CBD2; text-align: center;\">Seguimiento de llamadas est\u00e1ticas y fuera de l\u00ednea<\/h1>\r\n\t<div style=\"color: #000E4D; font-size: 16px; letter-spacing: 0.31px; line-height: 28px; margin-top: 35px;\">El servicio de seguimiento de llamadas de Clixtell generar\u00e1 para usted datos esenciales que puede utilizar m\u00e1s adelante para mejorar el rendimiento de sus anuncios. Puede lograrlo asignando un n\u00famero de tel\u00e9fono de rastreo para rastrear las llamadas telef\u00f3nicas y medir las conversiones en todas y cada una de las plataformas publicitarias de anuncios impresos, TV, radio, marketing por correo electr\u00f3nico o en cualquier lugar que desee.\r\n <br><br>\r\n\t<\/div>\r\n<\/section>\r\n<div data-post-id=\"1339\" class=\"insert-page insert-page-1339 \"><\/div>","protected":false},"excerpt":{"rendered":"Rastrea, mide y registra cada llamada a tu negocio desde cualquier canal N\u00fameros de tel\u00e9fono a pedido para todas sus necesidades de marketing. Seguimiento de llamadas est\u00e1ticas y fuera de l\u00ednea El servicio de seguimiento de llamadas de Clixtell generar\u00e1 para usted datos esenciales que puede utilizar m\u00e1s adelante para mejorar el rendimiento de sus [&hellip;]","protected":false},"author":1,"featured_media":0,"parent":2745,"menu_order":0,"comment_status":"closed","ping_status":"closed","template":"call-tracking.php","meta":{"footnotes":""},"class_list":["post-2833","page","type-page","status-publish","hentry"],"yoast_head":"<!-- This site is optimized with the Yoast SEO plugin v26.8 - https:\/\/yoast.com\/product\/yoast-seo-wordpress\/ -->\n<title>Seguimiento de llamadas est\u00e1tico | Software de seguimiento de llamadas | Clixtell<\/title>\n<meta name=\"description\" content=\"Track, measure and eecord every call to your business from any channel. On-demand phone numbers for all your marketing needs.\" \/>\n<meta name=\"robots\" content=\"index, follow, max-snippet:-1, max-image-preview:large, max-video-preview:-1\" \/>\n<link rel=\"canonical\" href=\"https:\/\/www.clixtell.com\/es\/seguimiento-de-llamadas\/caracteristicas-de-atribucion-de-llamadas\/seguimiento-de-llamadas-estaticas\/\" \/>\n<meta property=\"og:locale\" content=\"es_ES\" \/>\n<meta property=\"og:type\" content=\"article\" \/>\n<meta property=\"og:title\" content=\"Seguimiento de llamadas est\u00e1tico | Software de seguimiento de llamadas | Clixtell\" \/>\n<meta property=\"og:description\" content=\"Track, measure and eecord every call to your business from any channel. On-demand phone numbers for all your marketing needs.\" \/>\n<meta property=\"og:url\" content=\"https:\/\/www.clixtell.com\/es\/seguimiento-de-llamadas\/caracteristicas-de-atribucion-de-llamadas\/seguimiento-de-llamadas-estaticas\/\" \/>\n<meta property=\"og:site_name\" content=\"Click Fraud Protection | Call Tracking | Website Video Recorder | Clixtell\u2122\" \/>\n<meta property=\"article:publisher\" content=\"http:\/\/facebook.com\/clixtell\" \/>\n<meta name=\"twitter:card\" content=\"summary_large_image\" \/>\n<meta name=\"twitter:site\" content=\"@clixtell\" \/>\n<meta name=\"twitter:label1\" content=\"Tiempo de lectura\" \/>\n\t<meta name=\"twitter:data1\" content=\"1 minuto\" \/>\n<!-- \/ Yoast SEO plugin. -->","yoast_head_json":{"title":"Seguimiento de llamadas est\u00e1tico | Software de seguimiento de llamadas | Clixtell","description":"Track, measure and eecord every call to your business from any channel. On-demand phone numbers for all your marketing needs.","robots":{"index":"index","follow":"follow","max-snippet":"max-snippet:-1","max-image-preview":"max-image-preview:large","max-video-preview":"max-video-preview:-1"},"canonical":"https:\/\/www.clixtell.com\/es\/seguimiento-de-llamadas\/caracteristicas-de-atribucion-de-llamadas\/seguimiento-de-llamadas-estaticas\/","og_locale":"es_ES","og_type":"article","og_title":"Seguimiento de llamadas est\u00e1tico | Software de seguimiento de llamadas | Clixtell","og_description":"Track, measure and eecord every call to your business from any channel. On-demand phone numbers for all your marketing needs.","og_url":"https:\/\/www.clixtell.com\/es\/seguimiento-de-llamadas\/caracteristicas-de-atribucion-de-llamadas\/seguimiento-de-llamadas-estaticas\/","og_site_name":"Click Fraud Protection | Call Tracking | Website Video Recorder | Clixtell\u2122","article_publisher":"http:\/\/facebook.com\/clixtell","twitter_card":"summary_large_image","twitter_site":"@clixtell","twitter_misc":{"Tiempo de lectura":"1 minuto"},"schema":{"@context":"https:\/\/schema.org","@graph":[{"@type":"WebPage","@id":"https:\/\/www.clixtell.com\/es\/seguimiento-de-llamadas\/caracteristicas-de-atribucion-de-llamadas\/seguimiento-de-llamadas-estaticas\/","url":"https:\/\/www.clixtell.com\/es\/seguimiento-de-llamadas\/caracteristicas-de-atribucion-de-llamadas\/seguimiento-de-llamadas-estaticas\/","name":"Seguimiento de llamadas est\u00e1tico | Software de seguimiento de llamadas | Clixtell","isPartOf":{"@id":"https:\/\/www.clixtell.com\/es\/#website"},"datePublished":"2019-01-27T09:05:52+00:00","description":"Track, measure and eecord every call to your business from any channel. On-demand phone numbers for all your marketing needs.","breadcrumb":{"@id":"https:\/\/www.clixtell.com\/es\/seguimiento-de-llamadas\/caracteristicas-de-atribucion-de-llamadas\/seguimiento-de-llamadas-estaticas\/#breadcrumb"},"inLanguage":"es","potentialAction":[{"@type":"ReadAction","target":["https:\/\/www.clixtell.com\/es\/seguimiento-de-llamadas\/caracteristicas-de-atribucion-de-llamadas\/seguimiento-de-llamadas-estaticas\/"]}]},{"@type":"BreadcrumbList","@id":"https:\/\/www.clixtell.com\/es\/seguimiento-de-llamadas\/caracteristicas-de-atribucion-de-llamadas\/seguimiento-de-llamadas-estaticas\/#breadcrumb","itemListElement":[{"@type":"ListItem","position":1,"name":"Home","item":"https:\/\/www.clixtell.com\/es\/"},{"@type":"ListItem","position":2,"name":"Clixtell | Software de seguimiento y an\u00e1lisis de llamadas","item":"https:\/\/www.clixtell.com\/es\/seguimiento-de-llamadas\/"},{"@type":"ListItem","position":3,"name":"Atribuci\u00f3n de llamadas | Software de seguimiento y an\u00e1lisis de llamadas | Clixtell","item":"https:\/\/www.clixtell.com\/es\/seguimiento-de-llamadas\/caracteristicas-de-atribucion-de-llamadas\/"},{"@type":"ListItem","position":4,"name":"Seguimiento de llamadas est\u00e1tico | Software de seguimiento de llamadas | Clixtell"}]},{"@type":"WebSite","@id":"https:\/\/www.clixtell.com\/es\/#website","url":"https:\/\/www.clixtell.com\/es\/","name":"Click Fraud Protection | Call Tracking | Website Video Recorder | Clixtell\u2122","description":"Safe &amp; Sound Digital Marketing","publisher":{"@id":"https:\/\/www.clixtell.com\/es\/#organization"},"potentialAction":[{"@type":"SearchAction","target":{"@type":"EntryPoint","urlTemplate":"https:\/\/www.clixtell.com\/es\/?s={search_term_string}"},"query-input":{"@type":"PropertyValueSpecification","valueRequired":true,"valueName":"search_term_string"}}],"inLanguage":"es"},{"@type":"Organization","@id":"https:\/\/www.clixtell.com\/es\/#organization","name":"Clixtell","url":"https:\/\/www.clixtell.com\/es\/","logo":{"@type":"ImageObject","inLanguage":"es","@id":"https:\/\/www.clixtell.com\/es\/#\/schema\/logo\/image\/","url":"https:\/\/www.clixtell.com\/wp-content\/uploads\/logoc.png","contentUrl":"https:\/\/www.clixtell.com\/wp-content\/uploads\/logoc.png","width":168,"height":43,"caption":"Clixtell"},"image":{"@id":"https:\/\/www.clixtell.com\/es\/#\/schema\/logo\/image\/"},"sameAs":["http:\/\/facebook.com\/clixtell","https:\/\/x.com\/clixtell"]}]}},"_links":{"self":[{"href":"https:\/\/www.clixtell.com\/es\/wp-json\/wp\/v2\/pages\/2833","targetHints":{"allow":["GET"]}}],"collection":[{"href":"https:\/\/www.clixtell.com\/es\/wp-json\/wp\/v2\/pages"}],"about":[{"href":"https:\/\/www.clixtell.com\/es\/wp-json\/wp\/v2\/types\/page"}],"author":[{"embeddable":true,"href":"https:\/\/www.clixtell.com\/es\/wp-json\/wp\/v2\/users\/1"}],"replies":[{"embeddable":true,"href":"https:\/\/www.clixtell.com\/es\/wp-json\/wp\/v2\/comments?post=2833"}],"version-history":[{"count":0,"href":"https:\/\/www.clixtell.com\/es\/wp-json\/wp\/v2\/pages\/2833\/revisions"}],"up":[{"embeddable":true,"href":"https:\/\/www.clixtell.com\/es\/wp-json\/wp\/v2\/pages\/2745"}],"wp:attachment":[{"href":"https:\/\/www.clixtell.com\/es\/wp-json\/wp\/v2\/media?parent=2833"}],"curies":[{"name":"wp","href":"https:\/\/api.w.org\/{rel}","templated":true}]}}