{"id":2840,"date":"2019-01-27T10:17:04","date_gmt":"2019-01-27T10:17:04","guid":{"rendered":"https:\/\/www.clixtell.com\/?page_id=2840"},"modified":"2019-01-27T10:21:19","modified_gmt":"2019-01-27T10:21:19","slug":"analitica-de-llamadas","status":"publish","type":"page","link":"https:\/\/www.clixtell.com\/es\/seguimiento-de-llamadas\/analitica-de-llamadas\/","title":{"rendered":"Anal\u00edtica de llamadas | Software de seguimiento de llamadas | Clixtell"},"content":{"rendered":"<style>\r\n\tp { height: auto; width: auto; color: #000E4D; font-family: Roboto; font-size: 16px; letter-spacing: 0.31px; line-height: 28px; font-weight: 400;}\r\n\th2 { color: #19CBD2; font-size: 25px;\tfont-weight: 400;\tletter-spacing: 0.49px;\tline-height: 28px; }\r\n<\/style>\r\n\r\n\t<div class=\"container\">\r\n\t\t<div class=\"row mob-marg\">\r\n\t\t\t<div class=\"col-lg-8\">\r\n\t\t\t\t<h1 style=\"color: #fff; margin-top:5vh\">Vea y registre el viaje completo de su cliente desde la b\u00fasqueda al hacer clic y llamar.<\/h1>\r\n\t\t\t\t<h3 style=\"color: #FFFFFF;\">TLa soluci\u00f3n definitiva para medir el esfuerzo<br>y la eficacia de su marketing.<\/h3>\r\n\t\t\t<\/div>\r\n\t\t<\/div>\r\n<\/div>\r\n\r\n<\/div>\r\n<\/div>\r\n<section>\r\n\t<div class=\"container\" style=\"margin-top:81px;\">\r\n\t\t<h1 style=\"color: #000E4D;\ttext-align: center; margin-bottom: 80px;\">Nuestras caracter\u00edsticas de Call Analytics<\/h1>\r\n\t\t<div class=\"wrap\">\r\n\t\t\t<div class=\"row\">\r\n\t\t\t\t<div class=\"col-lg-6\">\r\n\t\t\t\t\t<div class=\"sbox\">\r\n\t\t\t\t\t\t<h2>panel de llamadas en vivo<\/h2>\r\n\t\t\t\t\t\t<p>Nuestro sencillo panel de control de llamadas le permite saber qu\u00e9 campa\u00f1as, palabras clave y anuncios son los que m\u00e1s generan llamadas y clientes potenciales.<\/p>\r\n\t\t\t\t\t\t<a href=\"https:\/\/www.clixtell.com\/es\/seguimiento-de-llamadas\/analitica-de-llamadas\/panel-de-llamadas-en-vivo\/\"><img decoding=\"async\" src=\"https:\/\/statics.clixtell.com\/wp-content\/uploads\/ctlm-e1546158798884.png\" alt=\"learn more\"><\/a>\r\n\t\t\t\t\t<\/div>\r\n\t\t\t\t<\/div>\r\n\t\t\t\t<div class=\"col-lg-6\">\r\n\t\t\t\t\t<div class=\"sbox\">\r\n\t\t\t\t\t\t<h2>Grabador de llamadas<\/h2>\r\n\t\t\t\t\t\t<p>Graba tus llamadas de ventas con Clixtell. Nuestro registrador de llamadas se incluye con cada cuenta de seguimiento de llamadas.<\/p>\r\n\t\t\t\t\t\t<a href=\"https:\/\/www.clixtell.com\/es\/seguimiento-de-llamadas\/analitica-de-llamadas\/grabador-de-llamadas\/\"><img decoding=\"async\" src=\"https:\/\/statics.clixtell.com\/wp-content\/uploads\/ctlm-e1546158798884.png\" alt=\"learn more\"><\/a>\r\n\t\t\t\t\t<\/div>\r\n\t\t\t\t<\/div>\r\n\t\t\t<\/div>\r\n\t\t\t<div class=\"row\">\r\n\t\t\t\t<div class=\"col-lg-6\">\r\n\t\t\t\t\t<div class=\"sbox\">\r\n\t\t\t\t\t\t<h2>Informes detallados de llamadas<\/h2>\r\n\t\t\t\t\t\t<p>El software avanzado de Clixtell le proporciona informes detallados que cubren todos los aspectos de su actividad de llamadas.<\/p>\r\n\t\t\t\t\t\t<a href=\"https:\/\/www.clixtell.com\/es\/seguimiento-de-llamadas\/analitica-de-llamadas\/informes-detallados-de-llamadas\/\"><img decoding=\"async\" src=\"https:\/\/statics.clixtell.com\/wp-content\/uploads\/ctlm-e1546158798884.png\" alt=\"learn more\"><\/a>\r\n\t\t\t\t\t<\/div>\r\n\t\t\t\t<\/div>\r\n\t\t\t\t<div class=\"col-lg-6\">\r\n\t\t\t\t\t<div class=\"sbox\">\r\n\t\t\t\t\t\t<h2>Inteligencia de conversaci\u00f3n<\/h2>\r\n\t\t\t\t\t\t<p>Nuestro an\u00e1lisis de conversaci\u00f3n le permite ver de inmediato las campa\u00f1as, palabras clave, anuncios y p\u00e1ginas que m\u00e1s convierten.<\/p>\r\n\t\t\t\t\t\t<a href=\"https:\/\/www.clixtell.com\/es\/seguimiento-de-llamadas\/analitica-de-llamadas\/inteligencia-de-conversacion\/\"><img decoding=\"async\" src=\"https:\/\/statics.clixtell.com\/wp-content\/uploads\/ctlm-e1546158798884.png\" alt=\"learn more\"><\/a>\r\n\t\t\t\t\t<\/div>\r\n\t\t\t\t<\/div>\t\t\t\t\r\n\t\t\t<\/div>\r\n\t\t<\/div>\r\n\t<\/div>\r\n<\/section>\r\n<div data-post-id=\"1339\" class=\"insert-page insert-page-1339 \"><\/div>\r\n<div class=\"ctg3\" style=\"margin-top:110px;\">\r\n\t<h1 style=\"color: #FFFFFF;\ttext-align: center;margin: auto;padding-top:90px;\">Rastree las llamadas de ventas y aumente la tasa de conversi\u00f3n <br>con estas excelentes funciones:<\/h1>\r\n\t<div class=\"container row\" style=\"margin:auto;background-color: #FFFFFF;\tbox-shadow: 1px 1px 15px 0 rgba(163,163,163,0.5);margin-top:80px; padding: 50px;\">\r\n\t\t<div class=\"features-list col-sm-3\">\r\n\t\t\tPrueba gratis y sin compromiso <br>\r\n\t\t\tInstalaci\u00f3n instant\u00e1nea y f\u00e1cil<br>\r\n\t\t\tN\u00fameros locales y gratuitos<br>\r\n\t\t\tPanel de llamadas en vivo<br>\r\n\t\t\tEstad\u00edstica de llamadas en tiempo real<br>\r\n\t\t\tCronolog\u00eda del visitante<br>\r\n\t\t<\/div>\r\n\t\t<div class=\"features-list col-sm-3\">Custom Security Profile<br>\r\n\t\t\tInserci\u00f3n din\u00e1mica del tel\u00e9fono<br>\r\n\t\t\tFuente \/ seguimiento de llamadas de campa\u00f1a<br>\r\n\t\t\tAn\u00e1lisis de llamadas por palabra clave<br>\r\n\t\t\tSeguimiento de llamadas est\u00e1ticas<br>\r\n\t\t\tGrabaci\u00f3n de llamada<br>\r\n\t\t    Mensajes de susurro<br>\r\n \t\t<\/div>\r\n\t\t<div class=\"features-list col-sm-3\">\r\n\t\t\tInformes detallados de llamadas<br>\r\n\t\t\tFlujo de llamada personalizado<br>\r\n\t\t\tLlamada de inteligencia de conversaci\u00f3n<br>\r\n\t\t\tInteligencia de Conversaci\u00f3n Web<br>\r\n\t\t\tAnalizador de tr\u00e1fico del sitio web<br>\r\n\t\t\tNiveles de acceso de usuario<br>\r\n\t\t<\/div>\r\n\t\t<div class=\"features-list col-sm-3\">\r\n\t\t\tIntegraci\u00f3n de Google Analytics<br>\r\n\t\t\tIntegraci\u00f3n de Google Ads <br>\r\n\t\t\tIntegraci\u00f3n de zapier<br>\r\n\t\t\tGrabador de sesi\u00f3n de video<br>\r\n\t\t\tAplicaci\u00f3n m\u00f3vil iPhone y Android<br>\r\n\t\t\tApoyo dedicado<br>     \r\n\t\t<\/div>\r\n\t<\/div>\r\n<\/div>\r\n<section style=\"margin-top:75px;\">\r\n<h1 style=\"text-align:center;\">FAQs<\/h1>\r\n\t\t<div class=\"faqs\">\r\n\t\t\t<div class=\"entry\">\r\n\t\t\t\t<div class=\"question\">What\u2019s the dynamic phone insertion solution?<div class=\"collapse plus\">+<\/div><\/div>\r\n\t\t\t\t<div class=\"answer\">Dynamic Phone Insertion is an advanced solution enabling to monitor and track calls and conversions on a business website. Once the Java script or our WP- Plugin is implemented in the website and local phone numbers have been chosen the software will automatically change the websites number with one of the tracking phone numbers ones according to your account settings. This solution will provide you with important analytic information about incoming calls, from which channels, campaigns, keywords and enable you to improve optimization. The software will feed your Google Ads and Analytic account with all the data, or send it wherever you choose via simple Zapier integration.  <\/div>\r\n\t\t\t<\/div>\r\n\t\t\t<div class=\"entry\">\r\n\t\t\t\t<div class=\"question\">Can i port a phone number into my Clixtell account?<div class=\"collapse plus\">+<\/div><\/div>\r\n\t\t\t\t<div class=\"answer\">Yes, you can port your phone number to your Clixtell account. In order to port your phone numbers we will need a signed request and scanned letter of authorization, list of all phone numbers you want to port with the destination number each number should forward to, and copy of recent phone bill . \r\n\t\t\t\tThis process usually takes between one to two weeks.<\/div>\r\n\t\t\t<\/div>\r\n\t\t\t<div class=\"entry\">\r\n\t\t\t\t<div class=\"question\">Do you have toll-free numbers available?<div class=\"collapse plus\">+<\/div><\/div>\r\n\t\t\t\t<div class=\"answer\">Yes, we have within our system 800, 866, 888, 887 toll-free numbers, which are available for you to use immediately. <\/div>\r\n\t\t\t<\/div>\r\n\t\t<\/div>\r\n\t\t<h1 style=\"color: #19CBD2; font-size: 25px;\tfont-weight: bold;\tletter-spacing: 0.34px;\tline-height: 53px;text-align:center;margin-top:100px;\">Have more questions?<\/h1>\r\n\t\t<a href=\"#\"><img decoding=\"async\" style=\"display:block;margin:auto;\" src=\"https:\/\/statics.clixtell.com\/wp-content\/uploads\/clickhere.png\" alt=\"contact us\"><\/a>\r\n\t<\/div>\r\n<\/section>\r\n<section>\r\n<div style=\"background-color: rgb(72,169,230,0.09);padding-top:90px;\">\r\n<h1 style=\"color: #000E4D;\ttext-align: center;\">Integrate with all platforms and popular applications<\/h1>\r\n\t<div class=\"brands\">\r\n\t\t<div class=\"row\">\r\n\t\t\t<img decoding=\"async\" src=\"https:\/\/statics.clixtell.com\/wp-content\/uploads\/tgads.png\" alt=\"google ads tracking\">\r\n\t\t\t<img decoding=\"async\" src=\"https:\/\/statics.clixtell.com\/wp-content\/uploads\/Bing-Ads-1.png\" alt=\"bing ads tracking\">\r\n\t\t\t<img decoding=\"async\" src=\"https:\/\/statics.clixtell.com\/wp-content\/uploads\/tga.png\" alt=\"google analytics\">\r\n\t\t\t<img decoding=\"async\" src=\"https:\/\/statics.clixtell.com\/wp-content\/uploads\/tweeb.png\" alt=\"weebly\">\r\n\t\t<\/div>\r\n\t\t<div class=\"row\">\r\n\t\t\t<img decoding=\"async\" src=\"https:\/\/statics.clixtell.com\/wp-content\/uploads\/twp.png\" alt=\"wordpress\">\r\n\t\t\t<img decoding=\"async\" src=\"https:\/\/statics.clixtell.com\/wp-content\/uploads\/twix.png\" alt=\"wix\">\r\n\t\t\t<img decoding=\"async\" src=\"https:\/\/statics.clixtell.com\/wp-content\/uploads\/tjoom.png\" alt=\"joomla\">\r\n\t\t\t<img decoding=\"async\" src=\"https:\/\/statics.clixtell.com\/wp-content\/uploads\/tshop.png\" alt=\"shopify\">\r\n\t\t<\/div>\r\n\t\t<\/div>\r\n<\/div>\r\n<\/section>\r\n<div data-post-id=\"1339\" class=\"insert-page insert-page-1339 \"><\/div>\r\n\r\n<script>\r\n\r\n\twindow.addEventListener('DOMContentLoaded',function() {\r\n\t\r\n\t\t$('.faqs .entry').on('click', function(el) {\r\n\t\t\tvar index = $(this).index();\r\n\t\t\tif($('.faqs .entry .answer').eq(index).css('display') == \"block\") {\r\n\t\t\t\t$('.faqs .entry .answer').eq(index).hide();\r\n\t\t\t$('.faqs .entry .collapse').eq(index).html('+');\r\n\t\t\t}\r\n\t\t\telse {\r\n\t\t\t$('.faqs .entry .answer').eq(index).show();\r\n\t\t\t$('.faqs .entry .collapse').eq(index).html('-');\r\n\t\t\t\t}\r\n\t\t\t\/*for(var x=0;x <= $('.faqs .entry').length; x++) {\r\n\t\t\t\t}\r\n\t\t\t\t\r\n\t\t\t}*\/\r\n\t\t});\r\n\t\t\r\n\t\t\r\n\t\r\n\t\r\n\t\r\n\t}, false);\r\n<\/script>","protected":false},"excerpt":{"rendered":"Vea y registre el viaje completo de su cliente desde la b\u00fasqueda al hacer clic y llamar. TLa soluci\u00f3n definitiva para medir el esfuerzoy la eficacia de su marketing. Nuestras caracter\u00edsticas de Call Analytics panel de llamadas en vivo Nuestro sencillo panel de control de llamadas le permite saber qu\u00e9 campa\u00f1as, palabras clave y anuncios [&hellip;]","protected":false},"author":1,"featured_media":0,"parent":2735,"menu_order":0,"comment_status":"closed","ping_status":"closed","template":"call-tracking.php","meta":{"footnotes":""},"class_list":["post-2840","page","type-page","status-publish","hentry"],"yoast_head":"<!-- This site is optimized with the Yoast SEO plugin v26.8 - https:\/\/yoast.com\/product\/yoast-seo-wordpress\/ -->\n<title>Anal\u00edtica de llamadas | Software de seguimiento de llamadas | Clixtell<\/title>\n<meta name=\"description\" content=\"Watch and record your customer\u2019s full journey from search to click and call. The ultimate solution for measuring the effort and effectiveness of your marketing.\" \/>\n<meta name=\"robots\" content=\"index, follow, max-snippet:-1, max-image-preview:large, max-video-preview:-1\" \/>\n<link rel=\"canonical\" href=\"https:\/\/www.clixtell.com\/es\/seguimiento-de-llamadas\/analitica-de-llamadas\/\" \/>\n<meta property=\"og:locale\" content=\"es_ES\" \/>\n<meta property=\"og:type\" content=\"article\" \/>\n<meta property=\"og:title\" content=\"Anal\u00edtica de llamadas | Software de seguimiento de llamadas | Clixtell\" \/>\n<meta property=\"og:description\" content=\"Watch and record your customer\u2019s full journey from search to click and call. The ultimate solution for measuring the effort and effectiveness of your marketing.\" \/>\n<meta property=\"og:url\" content=\"https:\/\/www.clixtell.com\/es\/seguimiento-de-llamadas\/analitica-de-llamadas\/\" \/>\n<meta property=\"og:site_name\" content=\"Click Fraud Protection | Call Tracking | Website Video Recorder | Clixtell\u2122\" \/>\n<meta property=\"article:publisher\" content=\"http:\/\/facebook.com\/clixtell\" \/>\n<meta property=\"article:modified_time\" content=\"2019-01-27T10:21:19+00:00\" \/>\n<meta property=\"og:image\" content=\"https:\/\/statics.clixtell.com\/wp-content\/uploads\/ctlm-e1546158798884.png\" \/>\n<meta name=\"twitter:card\" content=\"summary_large_image\" \/>\n<meta name=\"twitter:site\" content=\"@clixtell\" \/>\n<meta name=\"twitter:label1\" content=\"Tiempo de lectura\" \/>\n\t<meta name=\"twitter:data1\" content=\"3 minutos\" \/>\n<!-- \/ Yoast SEO plugin. -->","yoast_head_json":{"title":"Anal\u00edtica de llamadas | Software de seguimiento de llamadas | Clixtell","description":"Watch and record your customer\u2019s full journey from search to click and call. The ultimate solution for measuring the effort and effectiveness of your marketing.","robots":{"index":"index","follow":"follow","max-snippet":"max-snippet:-1","max-image-preview":"max-image-preview:large","max-video-preview":"max-video-preview:-1"},"canonical":"https:\/\/www.clixtell.com\/es\/seguimiento-de-llamadas\/analitica-de-llamadas\/","og_locale":"es_ES","og_type":"article","og_title":"Anal\u00edtica de llamadas | Software de seguimiento de llamadas | Clixtell","og_description":"Watch and record your customer\u2019s full journey from search to click and call. The ultimate solution for measuring the effort and effectiveness of your marketing.","og_url":"https:\/\/www.clixtell.com\/es\/seguimiento-de-llamadas\/analitica-de-llamadas\/","og_site_name":"Click Fraud Protection | Call Tracking | Website Video Recorder | Clixtell\u2122","article_publisher":"http:\/\/facebook.com\/clixtell","article_modified_time":"2019-01-27T10:21:19+00:00","og_image":[{"url":"https:\/\/statics.clixtell.com\/wp-content\/uploads\/ctlm-e1546158798884.png","type":"","width":"","height":""}],"twitter_card":"summary_large_image","twitter_site":"@clixtell","twitter_misc":{"Tiempo de lectura":"3 minutos"},"schema":{"@context":"https:\/\/schema.org","@graph":[{"@type":"WebPage","@id":"https:\/\/www.clixtell.com\/es\/seguimiento-de-llamadas\/analitica-de-llamadas\/","url":"https:\/\/www.clixtell.com\/es\/seguimiento-de-llamadas\/analitica-de-llamadas\/","name":"Anal\u00edtica de llamadas | Software de seguimiento de llamadas | Clixtell","isPartOf":{"@id":"https:\/\/www.clixtell.com\/es\/#website"},"primaryImageOfPage":{"@id":"https:\/\/www.clixtell.com\/es\/seguimiento-de-llamadas\/analitica-de-llamadas\/#primaryimage"},"image":{"@id":"https:\/\/www.clixtell.com\/es\/seguimiento-de-llamadas\/analitica-de-llamadas\/#primaryimage"},"thumbnailUrl":"https:\/\/statics.clixtell.com\/wp-content\/uploads\/ctlm-e1546158798884.png","datePublished":"2019-01-27T10:17:04+00:00","dateModified":"2019-01-27T10:21:19+00:00","description":"Watch and record your customer\u2019s full journey from search to click and call. The ultimate solution for measuring the effort and effectiveness of your marketing.","breadcrumb":{"@id":"https:\/\/www.clixtell.com\/es\/seguimiento-de-llamadas\/analitica-de-llamadas\/#breadcrumb"},"inLanguage":"es","potentialAction":[{"@type":"ReadAction","target":["https:\/\/www.clixtell.com\/es\/seguimiento-de-llamadas\/analitica-de-llamadas\/"]}]},{"@type":"ImageObject","inLanguage":"es","@id":"https:\/\/www.clixtell.com\/es\/seguimiento-de-llamadas\/analitica-de-llamadas\/#primaryimage","url":"https:\/\/statics.clixtell.com\/wp-content\/uploads\/ctlm-e1546158798884.png","contentUrl":"https:\/\/statics.clixtell.com\/wp-content\/uploads\/ctlm-e1546158798884.png"},{"@type":"BreadcrumbList","@id":"https:\/\/www.clixtell.com\/es\/seguimiento-de-llamadas\/analitica-de-llamadas\/#breadcrumb","itemListElement":[{"@type":"ListItem","position":1,"name":"Home","item":"https:\/\/www.clixtell.com\/es\/"},{"@type":"ListItem","position":2,"name":"Clixtell | Software de seguimiento y an\u00e1lisis de llamadas","item":"https:\/\/www.clixtell.com\/es\/seguimiento-de-llamadas\/"},{"@type":"ListItem","position":3,"name":"Anal\u00edtica de llamadas | Software de seguimiento de llamadas | Clixtell"}]},{"@type":"WebSite","@id":"https:\/\/www.clixtell.com\/es\/#website","url":"https:\/\/www.clixtell.com\/es\/","name":"Click Fraud Protection | Call Tracking | Website Video Recorder | Clixtell\u2122","description":"Safe &amp; Sound Digital Marketing","publisher":{"@id":"https:\/\/www.clixtell.com\/es\/#organization"},"potentialAction":[{"@type":"SearchAction","target":{"@type":"EntryPoint","urlTemplate":"https:\/\/www.clixtell.com\/es\/?s={search_term_string}"},"query-input":{"@type":"PropertyValueSpecification","valueRequired":true,"valueName":"search_term_string"}}],"inLanguage":"es"},{"@type":"Organization","@id":"https:\/\/www.clixtell.com\/es\/#organization","name":"Clixtell","url":"https:\/\/www.clixtell.com\/es\/","logo":{"@type":"ImageObject","inLanguage":"es","@id":"https:\/\/www.clixtell.com\/es\/#\/schema\/logo\/image\/","url":"https:\/\/www.clixtell.com\/wp-content\/uploads\/logoc.png","contentUrl":"https:\/\/www.clixtell.com\/wp-content\/uploads\/logoc.png","width":168,"height":43,"caption":"Clixtell"},"image":{"@id":"https:\/\/www.clixtell.com\/es\/#\/schema\/logo\/image\/"},"sameAs":["http:\/\/facebook.com\/clixtell","https:\/\/x.com\/clixtell"]}]}},"_links":{"self":[{"href":"https:\/\/www.clixtell.com\/es\/wp-json\/wp\/v2\/pages\/2840","targetHints":{"allow":["GET"]}}],"collection":[{"href":"https:\/\/www.clixtell.com\/es\/wp-json\/wp\/v2\/pages"}],"about":[{"href":"https:\/\/www.clixtell.com\/es\/wp-json\/wp\/v2\/types\/page"}],"author":[{"embeddable":true,"href":"https:\/\/www.clixtell.com\/es\/wp-json\/wp\/v2\/users\/1"}],"replies":[{"embeddable":true,"href":"https:\/\/www.clixtell.com\/es\/wp-json\/wp\/v2\/comments?post=2840"}],"version-history":[{"count":0,"href":"https:\/\/www.clixtell.com\/es\/wp-json\/wp\/v2\/pages\/2840\/revisions"}],"up":[{"embeddable":true,"href":"https:\/\/www.clixtell.com\/es\/wp-json\/wp\/v2\/pages\/2735"}],"wp:attachment":[{"href":"https:\/\/www.clixtell.com\/es\/wp-json\/wp\/v2\/media?parent=2840"}],"curies":[{"name":"wp","href":"https:\/\/api.w.org\/{rel}","templated":true}]}}