{"id":2847,"date":"2019-01-27T10:29:16","date_gmt":"2019-01-27T10:29:16","guid":{"rendered":"https:\/\/www.clixtell.com\/?page_id=2847"},"modified":"2019-01-27T10:31:15","modified_gmt":"2019-01-27T10:31:15","slug":"panel-de-llamadas-en-vivo","status":"publish","type":"page","link":"https:\/\/www.clixtell.com\/es\/seguimiento-de-llamadas\/analitica-de-llamadas\/panel-de-llamadas-en-vivo\/","title":{"rendered":"Panel de llamadas en vivo | Seguimiento de llamadas | Clixtell"},"content":{"rendered":"<div class=\"container mob-marg\">\r\n\t\t<h1 style=\"color: #fff; margin-top:10vh\">Tablero de instrumentos intuitivo en vivo<\/h1>\r\n\t\t<h3 style=\"color: #fff; margin-top:3vh\">Mira y escucha todas tus llamadas de negocios desde cualquier lugar.<\/h3>\r\n\t<\/div>\r\n<\/div>\r\n<\/div>\r\n<section class=\"container\" style=\"max-width: 897px; margin-top: 80px;\">\r\n\t<h1 style=\"color: #19CBD2;\ttext-align: center;\">Panel de llamadas en vivo<\/h1>\r\n\t<div style=\"color: #000E4D; font-size: 16px; letter-spacing: 0.31px; line-height: 28px; margin-top: 35px;\">El intuitivo y sencillo panel de llamadas de Clixtell le permite saber qu\u00e9 campa\u00f1as de marketing, palabras clave y anuncios generan llamadas telef\u00f3nicas y clientes potenciales. Aprenda todo sobre la efectividad de la campa\u00f1a, visualice las tendencias de llamadas y optimice el marketing para aumentar las ganancias.<br><br>\r\n\tCon nuestro panel de control en vivo, puede obtener datos valiosos sobre sus llamadas y el tr\u00e1fico del sitio web. Puede escuchar las llamadas grabadas y ver c\u00f3mo se comportan los visitantes en su sitio web antes de la llamada, en qu\u00e9 p\u00e1gina estaban cuando hicieron la llamada e identificar las p\u00e1ginas que entregan llamadas y clientes potenciales. <br><br>\r\n\t<\/div>\r\n<\/section>\r\n<div data-post-id=\"1339\" class=\"insert-page insert-page-1339 \"><\/div>","protected":false},"excerpt":{"rendered":"Tablero de instrumentos intuitivo en vivo Mira y escucha todas tus llamadas de negocios desde cualquier lugar. Panel de llamadas en vivo El intuitivo y sencillo panel de llamadas de Clixtell le permite saber qu\u00e9 campa\u00f1as de marketing, palabras clave y anuncios generan llamadas telef\u00f3nicas y clientes potenciales. Aprenda todo sobre la efectividad de la [&hellip;]","protected":false},"author":1,"featured_media":0,"parent":2840,"menu_order":0,"comment_status":"closed","ping_status":"closed","template":"call-tracking.php","meta":{"footnotes":""},"class_list":["post-2847","page","type-page","status-publish","hentry"],"yoast_head":"<!-- This site is optimized with the Yoast SEO plugin v26.8 - https:\/\/yoast.com\/product\/yoast-seo-wordpress\/ -->\n<title>Panel de llamadas en vivo | Seguimiento de llamadas | Clixtell<\/title>\n<meta name=\"description\" content=\"Clixtell\u2019s intuitive and simple call dashboard lets you know which marketing campaigns, keywords and ads are generating phone calls and leads. See and listen to all your business calls from anywhere.\" \/>\n<meta name=\"robots\" content=\"index, follow, max-snippet:-1, max-image-preview:large, max-video-preview:-1\" \/>\n<link rel=\"canonical\" href=\"https:\/\/www.clixtell.com\/es\/seguimiento-de-llamadas\/analitica-de-llamadas\/panel-de-llamadas-en-vivo\/\" \/>\n<meta property=\"og:locale\" content=\"es_ES\" \/>\n<meta property=\"og:type\" content=\"article\" \/>\n<meta property=\"og:title\" content=\"Panel de llamadas en vivo | Seguimiento de llamadas | Clixtell\" \/>\n<meta property=\"og:description\" content=\"Clixtell\u2019s intuitive and simple call dashboard lets you know which marketing campaigns, keywords and ads are generating phone calls and leads. See and listen to all your business calls from anywhere.\" \/>\n<meta property=\"og:url\" content=\"https:\/\/www.clixtell.com\/es\/seguimiento-de-llamadas\/analitica-de-llamadas\/panel-de-llamadas-en-vivo\/\" \/>\n<meta property=\"og:site_name\" content=\"Click Fraud Protection | Call Tracking | Website Video Recorder | Clixtell\u2122\" \/>\n<meta property=\"article:publisher\" content=\"http:\/\/facebook.com\/clixtell\" \/>\n<meta property=\"article:modified_time\" content=\"2019-01-27T10:31:15+00:00\" \/>\n<meta name=\"twitter:card\" content=\"summary_large_image\" \/>\n<meta name=\"twitter:site\" content=\"@clixtell\" \/>\n<meta name=\"twitter:label1\" content=\"Tiempo de lectura\" \/>\n\t<meta name=\"twitter:data1\" content=\"1 minuto\" \/>\n<!-- \/ Yoast SEO plugin. -->","yoast_head_json":{"title":"Panel de llamadas en vivo | Seguimiento de llamadas | Clixtell","description":"Clixtell\u2019s intuitive and simple call dashboard lets you know which marketing campaigns, keywords and ads are generating phone calls and leads. See and listen to all your business calls from anywhere.","robots":{"index":"index","follow":"follow","max-snippet":"max-snippet:-1","max-image-preview":"max-image-preview:large","max-video-preview":"max-video-preview:-1"},"canonical":"https:\/\/www.clixtell.com\/es\/seguimiento-de-llamadas\/analitica-de-llamadas\/panel-de-llamadas-en-vivo\/","og_locale":"es_ES","og_type":"article","og_title":"Panel de llamadas en vivo | Seguimiento de llamadas | Clixtell","og_description":"Clixtell\u2019s intuitive and simple call dashboard lets you know which marketing campaigns, keywords and ads are generating phone calls and leads. See and listen to all your business calls from anywhere.","og_url":"https:\/\/www.clixtell.com\/es\/seguimiento-de-llamadas\/analitica-de-llamadas\/panel-de-llamadas-en-vivo\/","og_site_name":"Click Fraud Protection | Call Tracking | Website Video Recorder | Clixtell\u2122","article_publisher":"http:\/\/facebook.com\/clixtell","article_modified_time":"2019-01-27T10:31:15+00:00","twitter_card":"summary_large_image","twitter_site":"@clixtell","twitter_misc":{"Tiempo de lectura":"1 minuto"},"schema":{"@context":"https:\/\/schema.org","@graph":[{"@type":"WebPage","@id":"https:\/\/www.clixtell.com\/es\/seguimiento-de-llamadas\/analitica-de-llamadas\/panel-de-llamadas-en-vivo\/","url":"https:\/\/www.clixtell.com\/es\/seguimiento-de-llamadas\/analitica-de-llamadas\/panel-de-llamadas-en-vivo\/","name":"Panel de llamadas en vivo | Seguimiento de llamadas | Clixtell","isPartOf":{"@id":"https:\/\/www.clixtell.com\/es\/#website"},"datePublished":"2019-01-27T10:29:16+00:00","dateModified":"2019-01-27T10:31:15+00:00","description":"Clixtell\u2019s intuitive and simple call dashboard lets you know which marketing campaigns, keywords and ads are generating phone calls and leads. See and listen to all your business calls from anywhere.","breadcrumb":{"@id":"https:\/\/www.clixtell.com\/es\/seguimiento-de-llamadas\/analitica-de-llamadas\/panel-de-llamadas-en-vivo\/#breadcrumb"},"inLanguage":"es","potentialAction":[{"@type":"ReadAction","target":["https:\/\/www.clixtell.com\/es\/seguimiento-de-llamadas\/analitica-de-llamadas\/panel-de-llamadas-en-vivo\/"]}]},{"@type":"BreadcrumbList","@id":"https:\/\/www.clixtell.com\/es\/seguimiento-de-llamadas\/analitica-de-llamadas\/panel-de-llamadas-en-vivo\/#breadcrumb","itemListElement":[{"@type":"ListItem","position":1,"name":"Home","item":"https:\/\/www.clixtell.com\/es\/"},{"@type":"ListItem","position":2,"name":"Clixtell | Software de seguimiento y an\u00e1lisis de llamadas","item":"https:\/\/www.clixtell.com\/es\/seguimiento-de-llamadas\/"},{"@type":"ListItem","position":3,"name":"Anal\u00edtica de llamadas | Software de seguimiento de llamadas | Clixtell","item":"https:\/\/www.clixtell.com\/es\/seguimiento-de-llamadas\/analitica-de-llamadas\/"},{"@type":"ListItem","position":4,"name":"Panel de llamadas en vivo | Seguimiento de llamadas | Clixtell"}]},{"@type":"WebSite","@id":"https:\/\/www.clixtell.com\/es\/#website","url":"https:\/\/www.clixtell.com\/es\/","name":"Click Fraud Protection | Call Tracking | Website Video Recorder | Clixtell\u2122","description":"Safe &amp; Sound Digital Marketing","publisher":{"@id":"https:\/\/www.clixtell.com\/es\/#organization"},"potentialAction":[{"@type":"SearchAction","target":{"@type":"EntryPoint","urlTemplate":"https:\/\/www.clixtell.com\/es\/?s={search_term_string}"},"query-input":{"@type":"PropertyValueSpecification","valueRequired":true,"valueName":"search_term_string"}}],"inLanguage":"es"},{"@type":"Organization","@id":"https:\/\/www.clixtell.com\/es\/#organization","name":"Clixtell","url":"https:\/\/www.clixtell.com\/es\/","logo":{"@type":"ImageObject","inLanguage":"es","@id":"https:\/\/www.clixtell.com\/es\/#\/schema\/logo\/image\/","url":"https:\/\/www.clixtell.com\/wp-content\/uploads\/logoc.png","contentUrl":"https:\/\/www.clixtell.com\/wp-content\/uploads\/logoc.png","width":168,"height":43,"caption":"Clixtell"},"image":{"@id":"https:\/\/www.clixtell.com\/es\/#\/schema\/logo\/image\/"},"sameAs":["http:\/\/facebook.com\/clixtell","https:\/\/x.com\/clixtell"]}]}},"_links":{"self":[{"href":"https:\/\/www.clixtell.com\/es\/wp-json\/wp\/v2\/pages\/2847","targetHints":{"allow":["GET"]}}],"collection":[{"href":"https:\/\/www.clixtell.com\/es\/wp-json\/wp\/v2\/pages"}],"about":[{"href":"https:\/\/www.clixtell.com\/es\/wp-json\/wp\/v2\/types\/page"}],"author":[{"embeddable":true,"href":"https:\/\/www.clixtell.com\/es\/wp-json\/wp\/v2\/users\/1"}],"replies":[{"embeddable":true,"href":"https:\/\/www.clixtell.com\/es\/wp-json\/wp\/v2\/comments?post=2847"}],"version-history":[{"count":0,"href":"https:\/\/www.clixtell.com\/es\/wp-json\/wp\/v2\/pages\/2847\/revisions"}],"up":[{"embeddable":true,"href":"https:\/\/www.clixtell.com\/es\/wp-json\/wp\/v2\/pages\/2840"}],"wp:attachment":[{"href":"https:\/\/www.clixtell.com\/es\/wp-json\/wp\/v2\/media?parent=2847"}],"curies":[{"name":"wp","href":"https:\/\/api.w.org\/{rel}","templated":true}]}}