{"id":2858,"date":"2019-01-27T10:49:47","date_gmt":"2019-01-27T10:49:47","guid":{"rendered":"https:\/\/www.clixtell.com\/?page_id=2858"},"modified":"2019-01-27T10:49:47","modified_gmt":"2019-01-27T10:49:47","slug":"inteligencia-de-conversacion","status":"publish","type":"page","link":"https:\/\/www.clixtell.com\/es\/seguimiento-de-llamadas\/analitica-de-llamadas\/inteligencia-de-conversacion\/","title":{"rendered":"Inteligencia de conversi\u00f3n | Software de seguimiento de llamadas | Clixtell"},"content":{"rendered":"<div class=\"container mob-marg\">\r\n\t\t<h1 style=\"color: #fff; margin-top:10vh\">Rastrea y ve qu\u00e9 canales,<br>palabras clave y anuncios est\u00e1n convirtiendo<\/h1>\r\n\t\t<h3 style=\"color: #fff; margin-top: 3vh;\">Seguimiento de llamadas, formularios y compras por palabra clave y anuncio.<\/h3>\r\n\t<\/div>\r\n<\/div>\r\n<\/div>\r\n<section class=\"container\" style=\"max-width: 897px; margin-top: 80px;\">\r\n\t<h1 style=\"color: #19CBD2; text-align: center;\">Inteligencia de conversaci\u00f3n<\/h1>\r\n\t<div style=\"color: #000E4D; font-size: 16px; letter-spacing: 0.31px; line-height: 28px; margin-top: 35px;\">Con nuestra inteligencia de conversaci\u00f3n, puede realizar un seguimiento de todos los tipos de conversi\u00f3n, desde formularios web a clientes potenciales de llamadas telef\u00f3nicas, lo que le permite centrarse solo en lo que realmente est\u00e1 convirtiendo y gastar el presupuesto solo en lo que realmente funciona, para que pueda maximizar el ROI f\u00e1cilmente. <br><br>\r\n\tEl an\u00e1lisis de conversaci\u00f3n de Clixtell le permite ver de inmediato las campa\u00f1as, palabras clave, anuncios y p\u00e1ginas que m\u00e1s se convierten. Ahora puede ahorrar tiempo y dejar de medir manualmente sus clics y llamadas, y comprender f\u00e1cilmente y rastrear adecuadamente los clientes potenciales, y aumentar su tasa de conversi\u00f3n.\r\n <br><br>\r\n\t<\/div>\r\n<\/section>\r\n<div data-post-id=\"1339\" class=\"insert-page insert-page-1339 \"><\/div>","protected":false},"excerpt":{"rendered":"Rastrea y ve qu\u00e9 canales,palabras clave y anuncios est\u00e1n convirtiendo Seguimiento de llamadas, formularios y compras por palabra clave y anuncio. Inteligencia de conversaci\u00f3n Con nuestra inteligencia de conversaci\u00f3n, puede realizar un seguimiento de todos los tipos de conversi\u00f3n, desde formularios web a clientes potenciales de llamadas telef\u00f3nicas, lo que le permite centrarse solo en [&hellip;]","protected":false},"author":1,"featured_media":0,"parent":2840,"menu_order":0,"comment_status":"closed","ping_status":"closed","template":"call-tracking.php","meta":{"footnotes":""},"class_list":["post-2858","page","type-page","status-publish","hentry"],"yoast_head":"<!-- This site is optimized with the Yoast SEO plugin v26.8 - https:\/\/yoast.com\/product\/yoast-seo-wordpress\/ -->\n<title>Inteligencia de conversi\u00f3n | Software de seguimiento de llamadas | Clixtell<\/title>\n<meta name=\"description\" content=\"With our conversation intelligence you can track all types of conversion, enabling you to focus only on what\u2019s really converting, so you can easily maximize ROI.\" \/>\n<meta name=\"robots\" content=\"index, follow, max-snippet:-1, max-image-preview:large, max-video-preview:-1\" \/>\n<link rel=\"canonical\" href=\"https:\/\/www.clixtell.com\/es\/seguimiento-de-llamadas\/analitica-de-llamadas\/inteligencia-de-conversacion\/\" \/>\n<meta property=\"og:locale\" content=\"es_ES\" \/>\n<meta property=\"og:type\" content=\"article\" \/>\n<meta property=\"og:title\" content=\"Inteligencia de conversi\u00f3n | Software de seguimiento de llamadas | Clixtell\" \/>\n<meta property=\"og:description\" content=\"With our conversation intelligence you can track all types of conversion, enabling you to focus only on what\u2019s really converting, so you can easily maximize ROI.\" \/>\n<meta property=\"og:url\" content=\"https:\/\/www.clixtell.com\/es\/seguimiento-de-llamadas\/analitica-de-llamadas\/inteligencia-de-conversacion\/\" \/>\n<meta property=\"og:site_name\" content=\"Click Fraud Protection | Call Tracking | Website Video Recorder | Clixtell\u2122\" \/>\n<meta property=\"article:publisher\" content=\"http:\/\/facebook.com\/clixtell\" \/>\n<meta name=\"twitter:card\" content=\"summary_large_image\" \/>\n<meta name=\"twitter:site\" content=\"@clixtell\" \/>\n<meta name=\"twitter:label1\" content=\"Tiempo de lectura\" \/>\n\t<meta name=\"twitter:data1\" content=\"1 minuto\" \/>\n<!-- \/ Yoast SEO plugin. -->","yoast_head_json":{"title":"Inteligencia de conversi\u00f3n | Software de seguimiento de llamadas | Clixtell","description":"With our conversation intelligence you can track all types of conversion, enabling you to focus only on what\u2019s really converting, so you can easily maximize ROI.","robots":{"index":"index","follow":"follow","max-snippet":"max-snippet:-1","max-image-preview":"max-image-preview:large","max-video-preview":"max-video-preview:-1"},"canonical":"https:\/\/www.clixtell.com\/es\/seguimiento-de-llamadas\/analitica-de-llamadas\/inteligencia-de-conversacion\/","og_locale":"es_ES","og_type":"article","og_title":"Inteligencia de conversi\u00f3n | Software de seguimiento de llamadas | Clixtell","og_description":"With our conversation intelligence you can track all types of conversion, enabling you to focus only on what\u2019s really converting, so you can easily maximize ROI.","og_url":"https:\/\/www.clixtell.com\/es\/seguimiento-de-llamadas\/analitica-de-llamadas\/inteligencia-de-conversacion\/","og_site_name":"Click Fraud Protection | Call Tracking | Website Video Recorder | Clixtell\u2122","article_publisher":"http:\/\/facebook.com\/clixtell","twitter_card":"summary_large_image","twitter_site":"@clixtell","twitter_misc":{"Tiempo de lectura":"1 minuto"},"schema":{"@context":"https:\/\/schema.org","@graph":[{"@type":"WebPage","@id":"https:\/\/www.clixtell.com\/es\/seguimiento-de-llamadas\/analitica-de-llamadas\/inteligencia-de-conversacion\/","url":"https:\/\/www.clixtell.com\/es\/seguimiento-de-llamadas\/analitica-de-llamadas\/inteligencia-de-conversacion\/","name":"Inteligencia de conversi\u00f3n | Software de seguimiento de llamadas | Clixtell","isPartOf":{"@id":"https:\/\/www.clixtell.com\/es\/#website"},"datePublished":"2019-01-27T10:49:47+00:00","description":"With our conversation intelligence you can track all types of conversion, enabling you to focus only on what\u2019s really converting, so you can easily maximize ROI.","breadcrumb":{"@id":"https:\/\/www.clixtell.com\/es\/seguimiento-de-llamadas\/analitica-de-llamadas\/inteligencia-de-conversacion\/#breadcrumb"},"inLanguage":"es","potentialAction":[{"@type":"ReadAction","target":["https:\/\/www.clixtell.com\/es\/seguimiento-de-llamadas\/analitica-de-llamadas\/inteligencia-de-conversacion\/"]}]},{"@type":"BreadcrumbList","@id":"https:\/\/www.clixtell.com\/es\/seguimiento-de-llamadas\/analitica-de-llamadas\/inteligencia-de-conversacion\/#breadcrumb","itemListElement":[{"@type":"ListItem","position":1,"name":"Home","item":"https:\/\/www.clixtell.com\/es\/"},{"@type":"ListItem","position":2,"name":"Clixtell | Software de seguimiento y an\u00e1lisis de llamadas","item":"https:\/\/www.clixtell.com\/es\/seguimiento-de-llamadas\/"},{"@type":"ListItem","position":3,"name":"Anal\u00edtica de llamadas | Software de seguimiento de llamadas | Clixtell","item":"https:\/\/www.clixtell.com\/es\/seguimiento-de-llamadas\/analitica-de-llamadas\/"},{"@type":"ListItem","position":4,"name":"Inteligencia de conversi\u00f3n | Software de seguimiento de llamadas | Clixtell"}]},{"@type":"WebSite","@id":"https:\/\/www.clixtell.com\/es\/#website","url":"https:\/\/www.clixtell.com\/es\/","name":"Click Fraud Protection | Call Tracking | Website Video Recorder | Clixtell\u2122","description":"Safe &amp; Sound Digital Marketing","publisher":{"@id":"https:\/\/www.clixtell.com\/es\/#organization"},"potentialAction":[{"@type":"SearchAction","target":{"@type":"EntryPoint","urlTemplate":"https:\/\/www.clixtell.com\/es\/?s={search_term_string}"},"query-input":{"@type":"PropertyValueSpecification","valueRequired":true,"valueName":"search_term_string"}}],"inLanguage":"es"},{"@type":"Organization","@id":"https:\/\/www.clixtell.com\/es\/#organization","name":"Clixtell","url":"https:\/\/www.clixtell.com\/es\/","logo":{"@type":"ImageObject","inLanguage":"es","@id":"https:\/\/www.clixtell.com\/es\/#\/schema\/logo\/image\/","url":"https:\/\/www.clixtell.com\/wp-content\/uploads\/logoc.png","contentUrl":"https:\/\/www.clixtell.com\/wp-content\/uploads\/logoc.png","width":168,"height":43,"caption":"Clixtell"},"image":{"@id":"https:\/\/www.clixtell.com\/es\/#\/schema\/logo\/image\/"},"sameAs":["http:\/\/facebook.com\/clixtell","https:\/\/x.com\/clixtell"]}]}},"_links":{"self":[{"href":"https:\/\/www.clixtell.com\/es\/wp-json\/wp\/v2\/pages\/2858","targetHints":{"allow":["GET"]}}],"collection":[{"href":"https:\/\/www.clixtell.com\/es\/wp-json\/wp\/v2\/pages"}],"about":[{"href":"https:\/\/www.clixtell.com\/es\/wp-json\/wp\/v2\/types\/page"}],"author":[{"embeddable":true,"href":"https:\/\/www.clixtell.com\/es\/wp-json\/wp\/v2\/users\/1"}],"replies":[{"embeddable":true,"href":"https:\/\/www.clixtell.com\/es\/wp-json\/wp\/v2\/comments?post=2858"}],"version-history":[{"count":0,"href":"https:\/\/www.clixtell.com\/es\/wp-json\/wp\/v2\/pages\/2858\/revisions"}],"up":[{"embeddable":true,"href":"https:\/\/www.clixtell.com\/es\/wp-json\/wp\/v2\/pages\/2840"}],"wp:attachment":[{"href":"https:\/\/www.clixtell.com\/es\/wp-json\/wp\/v2\/media?parent=2858"}],"curies":[{"name":"wp","href":"https:\/\/api.w.org\/{rel}","templated":true}]}}