{"id":2866,"date":"2019-01-27T11:15:05","date_gmt":"2019-01-27T11:15:05","guid":{"rendered":"https:\/\/www.clixtell.com\/?page_id=2866"},"modified":"2019-01-27T11:17:42","modified_gmt":"2019-01-27T11:17:42","slug":"obtener-numeros-de-telefono-locales","status":"publish","type":"page","link":"https:\/\/www.clixtell.com\/es\/seguimiento-de-llamadas\/obtener-numeros-de-telefono-locales\/","title":{"rendered":"Obtener n\u00fameros de tel\u00e9fono locales | Seguimiento de llamadas | Clixtell"},"content":{"rendered":"<style>\r\n\tp { height: auto; width: auto; color: #000E4D; font-family: Roboto; font-size: 16px; letter-spacing: 0.31px; line-height: 28px; font-weight: 400;}\r\n\th2 { color: #19CBD2; font-size: 25px;\tfont-weight: 400;\tletter-spacing: 0.49px;\tline-height: 28px; }\r\n<\/style>\r\n\r\n\t<div class=\"container mob-marg\">\r\n\t\t<div class=\"row\">\r\n\t\t\t<div class=\"col-lg-8\">\r\n\t\t\t\t<h1 style=\"color: #fff; margin-top:5vh\">Mida las llamadas telef\u00f3nicas de todos sus canales de marketing, en l\u00ednea y fuera de l\u00ednea.<\/h1>\r\n\t\t\t\t<h3 style=\"color: #FFFFFF;\">Instant\u00e1neamente le proporcionamos miles de n\u00fameros de tel\u00e9fono local y gratuito que puede elegir en cada c\u00f3digo de \u00e1rea. <\/h3>\r\n\t\t\t<\/div>\r\n\t\t<\/div>\r\n<\/div>\r\n\r\n<\/div>\r\n<\/div>\r\n<section>\r\n\t<div class=\"container\" style=\"margin-top:81px;\">\r\n\t\t<h1 style=\"color: #000E4D;\ttext-align: center; margin-bottom: 80px;\">Nuestras caracter\u00edsticas de n\u00fameros de tel\u00e9fono<\/h1>\r\n\t\t<div class=\"wrap\">\r\n\t\t\t<div class=\"row\">\r\n\t\t\t\t<div class=\"col-lg-6\">\r\n\t\t\t\t\t<div class=\"sbox\">\r\n\t\t\t\t\t\t<h2>N\u00fameros locales y l\u00edneas gratuitas<\/h2>\r\n\t\t\t\t\t\t<p>Si necesita un n\u00famero de tel\u00e9fono local en su ciudad natal, en todo el pa\u00eds o un n\u00famero gratuito, lo cubrimos con n\u00fameros de tel\u00e9fono en todo el mundo con m\u00e1s de 1000 c\u00f3digos de \u00e1rea.<\/p>\r\n\t\t\t\t\t\t<a href=\"https:\/\/www.clixtell.com\/es\/seguimiento-de-llamadas\/obtener-numeros-de-telefono-locales\/numeros-locales-y-gratuitos\/\"><img decoding=\"async\" src=\"https:\/\/statics.clixtell.com\/wp-content\/uploads\/ctlm-e1546158798884.png\" alt=\"learn more\"><\/a>\r\n\t\t\t\t\t<\/div>\r\n\t\t\t\t<\/div>\r\n\t\t\t\t<div class=\"col-lg-6\">\r\n\t\t\t\t\t<div class=\"sbox\">\r\n\t\t\t\t\t\t<h2>N\u00famero de puerto<\/h2>\r\n\t\t\t\t\t\t<p>\u00a1Portar un n\u00famero de tel\u00e9fono es GRATIS! Nuestro equipo de soporte dedicado est\u00e1 aqu\u00ed para ayudarlo en cada paso del camino.<\/p>\r\n\t\t\t\t\t\t<a href=\"https:\/\/www.clixtell.com\/es\/seguimiento-de-llamadas\/obtener-numeros-de-telefono-locales\/portar-su-telefono\/\"><img decoding=\"async\" src=\"https:\/\/statics.clixtell.com\/wp-content\/uploads\/ctlm-e1546158798884.png\" alt=\"learn more\"><\/a>\r\n\t\t\t\t\t<\/div>\r\n\t\t\t\t<\/div>\r\n\t\t\t<\/div>\r\n\t\t<\/div>\r\n\t<\/div>\r\n<\/section>\r\n<div data-post-id=\"1339\" class=\"insert-page insert-page-1339 \"><\/div>\r\n<div class=\"ctg3\" style=\"margin-top:110px;\">\r\n\t<h1 style=\"color: #FFFFFF;\ttext-align: center;margin: auto;padding-top:90px;\">Rastree las llamadas de ventas y aumente la tasa de conversi\u00f3n <br>con estas excelentes funciones:<\/h1>\r\n\t<div class=\"container row\" style=\"margin:auto;background-color: #FFFFFF;\tbox-shadow: 1px 1px 15px 0 rgba(163,163,163,0.5);margin-top:80px; padding: 50px;\">\r\n\t\t<div class=\"features-list col-sm-3\">\r\n\t\t\tPrueba gratis y sin compromiso <br>\r\n\t\t\tInstalaci\u00f3n instant\u00e1nea y f\u00e1cil<br>\r\n\t\t\tN\u00fameros locales y gratuitos<br>\r\n\t\t\tPanel de llamadas en vivo<br>\r\n\t\t\tEstad\u00edstica de llamadas en tiempo real<br>\r\n\t\t\tCronolog\u00eda del visitante<br>\r\n\t\t<\/div>\r\n\t\t<div class=\"features-list col-sm-3\">Custom Security Profile<br>\r\n\t\t\tInserci\u00f3n din\u00e1mica del tel\u00e9fono<br>\r\n\t\t\tFuente \/ seguimiento de llamadas de campa\u00f1a<br>\r\n\t\t\tAn\u00e1lisis de llamadas por palabra clave<br>\r\n\t\t\tSeguimiento de llamadas est\u00e1ticas<br>\r\n\t\t\tGrabaci\u00f3n de llamada<br>\r\n\t\t    Mensajes de susurro<br>\r\n \t\t<\/div>\r\n\t\t<div class=\"features-list col-sm-3\">\r\n\t\t\tInformes detallados de llamadas<br>\r\n\t\t\tFlujo de llamada personalizado<br>\r\n\t\t\tLlamada de inteligencia de conversaci\u00f3n<br>\r\n\t\t\tInteligencia de Conversaci\u00f3n Web<br>\r\n\t\t\tAnalizador de tr\u00e1fico del sitio web<br>\r\n\t\t\tNiveles de acceso de usuario<br>\r\n\t\t<\/div>\r\n\t\t<div class=\"features-list col-sm-3\">\r\n\t\t\tIntegraci\u00f3n de Google Analytics<br>\r\n\t\t\tIntegraci\u00f3n de Google Ads <br>\r\n\t\t\tIntegraci\u00f3n de zapier<br>\r\n\t\t\tGrabador de sesi\u00f3n de video<br>\r\n\t\t\tAplicaci\u00f3n m\u00f3vil iPhone y Android<br>\r\n\t\t\tApoyo dedicado<br>     \r\n\t\t<\/div>\r\n\t<\/div>\r\n<\/div>\r\n<section style=\"margin-top:75px;\">\r\n<h1 style=\"height: 53px; color: #19CBD2; font-size: 35px;\tfont-weight: bold;\tletter-spacing: 0.48px;\tline-height: 53px;text-align:center;\">FAQs<\/h1>\r\n\t<div class=\"container\">\r\n\t<div class=\"faqs\">\r\n\t\t<div class=\"entry\">\r\n\t\t\t<div class=\"question\">How long does it take to activate my phone number?<div class=\"collapse plus\">+<\/div><\/div>\r\n\t\t\t<div class=\"answer\">The tracking phone numbers are activated immediately. <\/div>\r\n\t\t<\/div>\r\n\t\t<div class=\"entry\">\r\n\t\t\t<div class=\"question\">What\u2019s the static call tracking solution?<div class=\"collapse plus\">+<\/div><\/div>\r\n\t\t\t<div class=\"answer\">Our static call tracking solution is a single tracking phone number you can use anywhere to monitor calls. It can be on your website or on any advertising channel such as: radio, email, billboards and more. With this number you can receive information on incoming calls. Detailed reports and call recordings.<\/div>\r\n\t\t<\/div>\r\n\t\t<div class=\"entry\">\r\n\t\t\t<div class=\"question\">Can Clixtell charge my clients directly?<div class=\"collapse plus\">+<\/div><\/div>\r\n\t\t\t<div class=\"answer\">Yes, Clixtell is interactive and can manage your clients accounts by using our advanced account manager so you can create the settings for each client and each payment method per account. <\/div>\r\n\t\t<\/div>\r\n\t<\/div>\r\n\t\r\n\t<h1 style=\"color: #19CBD2; font-size: 25px;\tfont-weight: bold;\tletter-spacing: 0.34px;\tline-height: 53px;text-align:center;margin-top:100px;\">Have more questions?<\/h1>\r\n\t<a href=\"#\"><img decoding=\"async\" style=\"display:block;margin:auto;\" src=\"https:\/\/statics.clixtell.com\/wp-content\/uploads\/clickhere.png\" alt=\"contact us\"><\/a>\r\n\t<\/div>\r\n<\/section>\r\n<section>\r\n<div style=\" background-color: rgb(72,169,230,0.09);padding-top:90px; padding-bottom: 90px;\">\r\n<h1 style=\"color: #000E4D;\ttext-align: center;\">Integrate with all platforms and popular applications<\/h1>\r\n\t<div class=\"brands\">\r\n\t\t<div class=\"row\">\r\n\t\t\t<img decoding=\"async\" src=\"https:\/\/statics.clixtell.com\/wp-content\/uploads\/tgads.png\" alt=\"google ads tracking\">\r\n\t\t\t<img decoding=\"async\" src=\"https:\/\/statics.clixtell.com\/wp-content\/uploads\/Bing-Ads-1.png\" alt=\"bing ads tracking\">\r\n\t\t\t<img decoding=\"async\" src=\"https:\/\/statics.clixtell.com\/wp-content\/uploads\/tga.png\" alt=\"google analytics\">\r\n\t\t\t<img decoding=\"async\" src=\"https:\/\/statics.clixtell.com\/wp-content\/uploads\/tweeb.png\" alt=\"weebly\">\r\n\t\t<\/div>\r\n\t\t<div class=\"row\">\r\n\t\t\t<img decoding=\"async\" src=\"https:\/\/statics.clixtell.com\/wp-content\/uploads\/twp.png\" alt=\"wordpress\">\r\n\t\t\t<img decoding=\"async\" src=\"https:\/\/statics.clixtell.com\/wp-content\/uploads\/twix.png\" alt=\"wix\">\r\n\t\t\t<img decoding=\"async\" src=\"https:\/\/statics.clixtell.com\/wp-content\/uploads\/tjoom.png\" alt=\"joomla\">\r\n\t\t\t<img decoding=\"async\" src=\"https:\/\/statics.clixtell.com\/wp-content\/uploads\/tshop.png\" alt=\"shopify\">\r\n\t\t<\/div>\r\n\t\t<\/div>\r\n<\/div>\r\n<div data-post-id=\"1339\" class=\"insert-page insert-page-1339 \"><\/div>\r\n<script>\r\n\r\n\twindow.addEventListener('DOMContentLoaded',function() {\r\n\t\t\r\n\t\t$('.faqs .entry').on('click', function(el) {\r\n\t\t\tvar index = $(this).index();\r\n\t\t\tif($('.faqs .entry .answer').eq(index).css('display') == \"block\") {\r\n\t\t\t\t$('.faqs .entry .answer').eq(index).hide();\r\n\t\t\t$('.faqs .entry .collapse').eq(index).html('+');\r\n\t\t\t}\r\n\t\t\telse {\r\n\t\t\t$('.faqs .entry .answer').eq(index).show();\r\n\t\t\t$('.faqs .entry .collapse').eq(index).html('-');\r\n\t\t\t\t}\r\n\t\t\t\/*for(var x=0;x <= $('.faqs .entry').length; x++) {\r\n\t\t\t\t}\r\n\t\t\t\t\r\n\t\t\t}*\/\r\n\t\t});\r\n\t\t\r\n\t\t\r\n\t\r\n\t\r\n\t\r\n\t}, false);\r\n<\/script>","protected":false},"excerpt":{"rendered":"Mida las llamadas telef\u00f3nicas de todos sus canales de marketing, en l\u00ednea y fuera de l\u00ednea. Instant\u00e1neamente le proporcionamos miles de n\u00fameros de tel\u00e9fono local y gratuito que puede elegir en cada c\u00f3digo de \u00e1rea. Nuestras caracter\u00edsticas de n\u00fameros de tel\u00e9fono N\u00fameros locales y l\u00edneas gratuitas Si necesita un n\u00famero de tel\u00e9fono local en su [&hellip;]","protected":false},"author":1,"featured_media":0,"parent":2735,"menu_order":0,"comment_status":"closed","ping_status":"closed","template":"call-tracking.php","meta":{"footnotes":""},"class_list":["post-2866","page","type-page","status-publish","hentry"],"yoast_head":"<!-- This site is optimized with the Yoast SEO plugin v26.8 - https:\/\/yoast.com\/product\/yoast-seo-wordpress\/ -->\n<title>Obtener n\u00fameros de tel\u00e9fono locales | Seguimiento de llamadas | Clixtell<\/title>\n<meta name=\"description\" content=\"Weather you need a local phone number in your hometown, across the country or a toll-free number, we\u2019ve got you covered with phone numbers around the world with more than 1000 area codes.\" \/>\n<meta name=\"robots\" content=\"index, follow, max-snippet:-1, max-image-preview:large, max-video-preview:-1\" \/>\n<link rel=\"canonical\" href=\"https:\/\/www.clixtell.com\/es\/seguimiento-de-llamadas\/obtener-numeros-de-telefono-locales\/\" \/>\n<meta property=\"og:locale\" content=\"es_ES\" \/>\n<meta property=\"og:type\" content=\"article\" \/>\n<meta property=\"og:title\" content=\"Obtener n\u00fameros de tel\u00e9fono locales | Seguimiento de llamadas | Clixtell\" \/>\n<meta property=\"og:description\" content=\"Weather you need a local phone number in your hometown, across the country or a toll-free number, we\u2019ve got you covered with phone numbers around the world with more than 1000 area codes.\" \/>\n<meta property=\"og:url\" content=\"https:\/\/www.clixtell.com\/es\/seguimiento-de-llamadas\/obtener-numeros-de-telefono-locales\/\" \/>\n<meta property=\"og:site_name\" content=\"Click Fraud Protection | Call Tracking | Website Video Recorder | Clixtell\u2122\" \/>\n<meta property=\"article:publisher\" content=\"http:\/\/facebook.com\/clixtell\" \/>\n<meta property=\"article:modified_time\" content=\"2019-01-27T11:17:42+00:00\" \/>\n<meta property=\"og:image\" content=\"https:\/\/statics.clixtell.com\/wp-content\/uploads\/ctlm-e1546158798884.png\" \/>\n<meta name=\"twitter:card\" content=\"summary_large_image\" \/>\n<meta name=\"twitter:site\" content=\"@clixtell\" \/>\n<meta name=\"twitter:label1\" content=\"Tiempo de lectura\" \/>\n\t<meta name=\"twitter:data1\" content=\"2 minutos\" \/>\n<!-- \/ Yoast SEO plugin. -->","yoast_head_json":{"title":"Obtener n\u00fameros de tel\u00e9fono locales | Seguimiento de llamadas | Clixtell","description":"Weather you need a local phone number in your hometown, across the country or a toll-free number, we\u2019ve got you covered with phone numbers around the world with more than 1000 area codes.","robots":{"index":"index","follow":"follow","max-snippet":"max-snippet:-1","max-image-preview":"max-image-preview:large","max-video-preview":"max-video-preview:-1"},"canonical":"https:\/\/www.clixtell.com\/es\/seguimiento-de-llamadas\/obtener-numeros-de-telefono-locales\/","og_locale":"es_ES","og_type":"article","og_title":"Obtener n\u00fameros de tel\u00e9fono locales | Seguimiento de llamadas | Clixtell","og_description":"Weather you need a local phone number in your hometown, across the country or a toll-free number, we\u2019ve got you covered with phone numbers around the world with more than 1000 area codes.","og_url":"https:\/\/www.clixtell.com\/es\/seguimiento-de-llamadas\/obtener-numeros-de-telefono-locales\/","og_site_name":"Click Fraud Protection | Call Tracking | Website Video Recorder | Clixtell\u2122","article_publisher":"http:\/\/facebook.com\/clixtell","article_modified_time":"2019-01-27T11:17:42+00:00","og_image":[{"url":"https:\/\/statics.clixtell.com\/wp-content\/uploads\/ctlm-e1546158798884.png","type":"","width":"","height":""}],"twitter_card":"summary_large_image","twitter_site":"@clixtell","twitter_misc":{"Tiempo de lectura":"2 minutos"},"schema":{"@context":"https:\/\/schema.org","@graph":[{"@type":"WebPage","@id":"https:\/\/www.clixtell.com\/es\/seguimiento-de-llamadas\/obtener-numeros-de-telefono-locales\/","url":"https:\/\/www.clixtell.com\/es\/seguimiento-de-llamadas\/obtener-numeros-de-telefono-locales\/","name":"Obtener n\u00fameros de tel\u00e9fono locales | Seguimiento de llamadas | Clixtell","isPartOf":{"@id":"https:\/\/www.clixtell.com\/es\/#website"},"primaryImageOfPage":{"@id":"https:\/\/www.clixtell.com\/es\/seguimiento-de-llamadas\/obtener-numeros-de-telefono-locales\/#primaryimage"},"image":{"@id":"https:\/\/www.clixtell.com\/es\/seguimiento-de-llamadas\/obtener-numeros-de-telefono-locales\/#primaryimage"},"thumbnailUrl":"https:\/\/statics.clixtell.com\/wp-content\/uploads\/ctlm-e1546158798884.png","datePublished":"2019-01-27T11:15:05+00:00","dateModified":"2019-01-27T11:17:42+00:00","description":"Weather you need a local phone number in your hometown, across the country or a toll-free number, we\u2019ve got you covered with phone numbers around the world with more than 1000 area codes.","breadcrumb":{"@id":"https:\/\/www.clixtell.com\/es\/seguimiento-de-llamadas\/obtener-numeros-de-telefono-locales\/#breadcrumb"},"inLanguage":"es","potentialAction":[{"@type":"ReadAction","target":["https:\/\/www.clixtell.com\/es\/seguimiento-de-llamadas\/obtener-numeros-de-telefono-locales\/"]}]},{"@type":"ImageObject","inLanguage":"es","@id":"https:\/\/www.clixtell.com\/es\/seguimiento-de-llamadas\/obtener-numeros-de-telefono-locales\/#primaryimage","url":"https:\/\/statics.clixtell.com\/wp-content\/uploads\/ctlm-e1546158798884.png","contentUrl":"https:\/\/statics.clixtell.com\/wp-content\/uploads\/ctlm-e1546158798884.png"},{"@type":"BreadcrumbList","@id":"https:\/\/www.clixtell.com\/es\/seguimiento-de-llamadas\/obtener-numeros-de-telefono-locales\/#breadcrumb","itemListElement":[{"@type":"ListItem","position":1,"name":"Home","item":"https:\/\/www.clixtell.com\/es\/"},{"@type":"ListItem","position":2,"name":"Clixtell | Software de seguimiento y an\u00e1lisis de llamadas","item":"https:\/\/www.clixtell.com\/es\/seguimiento-de-llamadas\/"},{"@type":"ListItem","position":3,"name":"Obtener n\u00fameros de tel\u00e9fono locales | Seguimiento de llamadas | Clixtell"}]},{"@type":"WebSite","@id":"https:\/\/www.clixtell.com\/es\/#website","url":"https:\/\/www.clixtell.com\/es\/","name":"Click Fraud Protection | Call Tracking | Website Video Recorder | Clixtell\u2122","description":"Safe &amp; Sound Digital Marketing","publisher":{"@id":"https:\/\/www.clixtell.com\/es\/#organization"},"potentialAction":[{"@type":"SearchAction","target":{"@type":"EntryPoint","urlTemplate":"https:\/\/www.clixtell.com\/es\/?s={search_term_string}"},"query-input":{"@type":"PropertyValueSpecification","valueRequired":true,"valueName":"search_term_string"}}],"inLanguage":"es"},{"@type":"Organization","@id":"https:\/\/www.clixtell.com\/es\/#organization","name":"Clixtell","url":"https:\/\/www.clixtell.com\/es\/","logo":{"@type":"ImageObject","inLanguage":"es","@id":"https:\/\/www.clixtell.com\/es\/#\/schema\/logo\/image\/","url":"https:\/\/www.clixtell.com\/wp-content\/uploads\/logoc.png","contentUrl":"https:\/\/www.clixtell.com\/wp-content\/uploads\/logoc.png","width":168,"height":43,"caption":"Clixtell"},"image":{"@id":"https:\/\/www.clixtell.com\/es\/#\/schema\/logo\/image\/"},"sameAs":["http:\/\/facebook.com\/clixtell","https:\/\/x.com\/clixtell"]}]}},"_links":{"self":[{"href":"https:\/\/www.clixtell.com\/es\/wp-json\/wp\/v2\/pages\/2866","targetHints":{"allow":["GET"]}}],"collection":[{"href":"https:\/\/www.clixtell.com\/es\/wp-json\/wp\/v2\/pages"}],"about":[{"href":"https:\/\/www.clixtell.com\/es\/wp-json\/wp\/v2\/types\/page"}],"author":[{"embeddable":true,"href":"https:\/\/www.clixtell.com\/es\/wp-json\/wp\/v2\/users\/1"}],"replies":[{"embeddable":true,"href":"https:\/\/www.clixtell.com\/es\/wp-json\/wp\/v2\/comments?post=2866"}],"version-history":[{"count":0,"href":"https:\/\/www.clixtell.com\/es\/wp-json\/wp\/v2\/pages\/2866\/revisions"}],"up":[{"embeddable":true,"href":"https:\/\/www.clixtell.com\/es\/wp-json\/wp\/v2\/pages\/2735"}],"wp:attachment":[{"href":"https:\/\/www.clixtell.com\/es\/wp-json\/wp\/v2\/media?parent=2866"}],"curies":[{"name":"wp","href":"https:\/\/api.w.org\/{rel}","templated":true}]}}