{"id":2871,"date":"2019-01-27T11:26:11","date_gmt":"2019-01-27T11:26:11","guid":{"rendered":"https:\/\/www.clixtell.com\/?page_id=2871"},"modified":"2019-01-27T11:26:11","modified_gmt":"2019-01-27T11:26:11","slug":"numeros-locales-y-gratuitos","status":"publish","type":"page","link":"https:\/\/www.clixtell.com\/es\/seguimiento-de-llamadas\/obtener-numeros-de-telefono-locales\/numeros-locales-y-gratuitos\/","title":{"rendered":"N\u00fameros locales y gratuitos | Software de seguimiento de llamadas | Clixtell"},"content":{"rendered":"<div class=\"container mob-marg\">\r\n\t\t<h1 style=\"color: #fff; margin-top:10vh\">Rastrear y ver qu\u00e9 canales, <br> palabras clave y anuncios est\u00e1n convirtiendo<\/h1>\r\n\t\t<h3 style=\"color: #fff;margin-top: 3vh;\">Elija su n\u00famero de tel\u00e9fono de miles de n\u00fameros <br>  disponibles al instante en cualquier c\u00f3digo de \u00e1rea.<\/h3>\r\n\t<\/div>\r\n<\/div>\r\n<\/div>\r\n<section class=\"container\" style=\"max-width: 897px; margin-top: 80px;\">\r\n\t<h1 style=\"color: #19CBD2; text-align: center;\">N\u00fameros locales y l\u00edneas gratuitas<\/h1>\r\n\t<div style=\"color: #000E4D; font-size: 16px; letter-spacing: 0.31px; line-height: 28px; margin-top: 35px;\"> \r\n\t<h5 style=\"padding: 0px\">N\u00fameros de tel\u00e9fono locales<\/h5>\r\n\tSi necesita un n\u00famero de tel\u00e9fono local en su ciudad natal o en todo el pa\u00eds, lo cubrimos con n\u00fameros de tel\u00e9fono en todo el mundo con m\u00e1s de 1000 c\u00f3digos de \u00e1rea. Nuestro servicio de seguimiento de llamadas cubre pa\u00edses como Estados Unidos, Canad\u00e1, Inglaterra, Alemania, Espa\u00f1a, Francia, Australia, Nueva Zelanda, Sud\u00e1frica, Israel y m\u00e1s.<br><br>\r\n\t<h5 style=\"padding: 0px\">L\u00edneas gratuitas<\/h5>\r\n\tSi su campa\u00f1a de marketing requiere un n\u00famero gratuito, tenemos miles de n\u00fameros de tel\u00e9fono 800, 888, 877 y 866 disponibles para usted de inmediato. Nuestros n\u00fameros de tel\u00e9fono est\u00e1n listos para llamadas al instante.<br><br>\r\n\t<\/div>\r\n<\/section>\r\n<div data-post-id=\"1339\" class=\"insert-page insert-page-1339 \"><\/div>","protected":false},"excerpt":{"rendered":"Rastrear y ver qu\u00e9 canales, palabras clave y anuncios est\u00e1n convirtiendo Elija su n\u00famero de tel\u00e9fono de miles de n\u00fameros disponibles al instante en cualquier c\u00f3digo de \u00e1rea. N\u00fameros locales y l\u00edneas gratuitas N\u00fameros de tel\u00e9fono locales Si necesita un n\u00famero de tel\u00e9fono local en su ciudad natal o en todo el pa\u00eds, lo cubrimos [&hellip;]","protected":false},"author":1,"featured_media":0,"parent":2866,"menu_order":0,"comment_status":"closed","ping_status":"closed","template":"call-tracking.php","meta":{"footnotes":""},"class_list":["post-2871","page","type-page","status-publish","hentry"],"yoast_head":"<!-- This site is optimized with the Yoast SEO plugin v26.8 - https:\/\/yoast.com\/product\/yoast-seo-wordpress\/ -->\n<title>N\u00fameros locales y gratuitos | Software de seguimiento de llamadas | Clixtell<\/title>\n<meta name=\"description\" content=\"Choose your phone number from thousandsof instantly available numbers in any area code.\" \/>\n<meta name=\"robots\" content=\"index, follow, max-snippet:-1, max-image-preview:large, max-video-preview:-1\" \/>\n<link rel=\"canonical\" href=\"https:\/\/www.clixtell.com\/es\/seguimiento-de-llamadas\/obtener-numeros-de-telefono-locales\/numeros-locales-y-gratuitos\/\" \/>\n<meta property=\"og:locale\" content=\"es_ES\" \/>\n<meta property=\"og:type\" content=\"article\" \/>\n<meta property=\"og:title\" content=\"N\u00fameros locales y gratuitos | Software de seguimiento de llamadas | Clixtell\" \/>\n<meta property=\"og:description\" content=\"Choose your phone number from thousandsof instantly available numbers in any area code.\" \/>\n<meta property=\"og:url\" content=\"https:\/\/www.clixtell.com\/es\/seguimiento-de-llamadas\/obtener-numeros-de-telefono-locales\/numeros-locales-y-gratuitos\/\" \/>\n<meta property=\"og:site_name\" content=\"Click Fraud Protection | Call Tracking | Website Video Recorder | Clixtell\u2122\" \/>\n<meta property=\"article:publisher\" content=\"http:\/\/facebook.com\/clixtell\" \/>\n<meta name=\"twitter:card\" content=\"summary_large_image\" \/>\n<meta name=\"twitter:site\" content=\"@clixtell\" \/>\n<meta name=\"twitter:label1\" content=\"Tiempo de lectura\" \/>\n\t<meta name=\"twitter:data1\" content=\"1 minuto\" \/>\n<!-- \/ Yoast SEO plugin. -->","yoast_head_json":{"title":"N\u00fameros locales y gratuitos | Software de seguimiento de llamadas | Clixtell","description":"Choose your phone number from thousandsof instantly available numbers in any area code.","robots":{"index":"index","follow":"follow","max-snippet":"max-snippet:-1","max-image-preview":"max-image-preview:large","max-video-preview":"max-video-preview:-1"},"canonical":"https:\/\/www.clixtell.com\/es\/seguimiento-de-llamadas\/obtener-numeros-de-telefono-locales\/numeros-locales-y-gratuitos\/","og_locale":"es_ES","og_type":"article","og_title":"N\u00fameros locales y gratuitos | Software de seguimiento de llamadas | Clixtell","og_description":"Choose your phone number from thousandsof instantly available numbers in any area code.","og_url":"https:\/\/www.clixtell.com\/es\/seguimiento-de-llamadas\/obtener-numeros-de-telefono-locales\/numeros-locales-y-gratuitos\/","og_site_name":"Click Fraud Protection | Call Tracking | Website Video Recorder | Clixtell\u2122","article_publisher":"http:\/\/facebook.com\/clixtell","twitter_card":"summary_large_image","twitter_site":"@clixtell","twitter_misc":{"Tiempo de lectura":"1 minuto"},"schema":{"@context":"https:\/\/schema.org","@graph":[{"@type":"WebPage","@id":"https:\/\/www.clixtell.com\/es\/seguimiento-de-llamadas\/obtener-numeros-de-telefono-locales\/numeros-locales-y-gratuitos\/","url":"https:\/\/www.clixtell.com\/es\/seguimiento-de-llamadas\/obtener-numeros-de-telefono-locales\/numeros-locales-y-gratuitos\/","name":"N\u00fameros locales y gratuitos | Software de seguimiento de llamadas | Clixtell","isPartOf":{"@id":"https:\/\/www.clixtell.com\/es\/#website"},"datePublished":"2019-01-27T11:26:11+00:00","description":"Choose your phone number from thousandsof instantly available numbers in any area code.","breadcrumb":{"@id":"https:\/\/www.clixtell.com\/es\/seguimiento-de-llamadas\/obtener-numeros-de-telefono-locales\/numeros-locales-y-gratuitos\/#breadcrumb"},"inLanguage":"es","potentialAction":[{"@type":"ReadAction","target":["https:\/\/www.clixtell.com\/es\/seguimiento-de-llamadas\/obtener-numeros-de-telefono-locales\/numeros-locales-y-gratuitos\/"]}]},{"@type":"BreadcrumbList","@id":"https:\/\/www.clixtell.com\/es\/seguimiento-de-llamadas\/obtener-numeros-de-telefono-locales\/numeros-locales-y-gratuitos\/#breadcrumb","itemListElement":[{"@type":"ListItem","position":1,"name":"Home","item":"https:\/\/www.clixtell.com\/es\/"},{"@type":"ListItem","position":2,"name":"Clixtell | Software de seguimiento y an\u00e1lisis de llamadas","item":"https:\/\/www.clixtell.com\/es\/seguimiento-de-llamadas\/"},{"@type":"ListItem","position":3,"name":"Obtener n\u00fameros de tel\u00e9fono locales | Seguimiento de llamadas | Clixtell","item":"https:\/\/www.clixtell.com\/es\/seguimiento-de-llamadas\/obtener-numeros-de-telefono-locales\/"},{"@type":"ListItem","position":4,"name":"N\u00fameros locales y gratuitos | Software de seguimiento de llamadas | Clixtell"}]},{"@type":"WebSite","@id":"https:\/\/www.clixtell.com\/es\/#website","url":"https:\/\/www.clixtell.com\/es\/","name":"Click Fraud Protection | Call Tracking | Website Video Recorder | Clixtell\u2122","description":"Safe &amp; Sound Digital Marketing","publisher":{"@id":"https:\/\/www.clixtell.com\/es\/#organization"},"potentialAction":[{"@type":"SearchAction","target":{"@type":"EntryPoint","urlTemplate":"https:\/\/www.clixtell.com\/es\/?s={search_term_string}"},"query-input":{"@type":"PropertyValueSpecification","valueRequired":true,"valueName":"search_term_string"}}],"inLanguage":"es"},{"@type":"Organization","@id":"https:\/\/www.clixtell.com\/es\/#organization","name":"Clixtell","url":"https:\/\/www.clixtell.com\/es\/","logo":{"@type":"ImageObject","inLanguage":"es","@id":"https:\/\/www.clixtell.com\/es\/#\/schema\/logo\/image\/","url":"https:\/\/www.clixtell.com\/wp-content\/uploads\/logoc.png","contentUrl":"https:\/\/www.clixtell.com\/wp-content\/uploads\/logoc.png","width":168,"height":43,"caption":"Clixtell"},"image":{"@id":"https:\/\/www.clixtell.com\/es\/#\/schema\/logo\/image\/"},"sameAs":["http:\/\/facebook.com\/clixtell","https:\/\/x.com\/clixtell"]}]}},"_links":{"self":[{"href":"https:\/\/www.clixtell.com\/es\/wp-json\/wp\/v2\/pages\/2871","targetHints":{"allow":["GET"]}}],"collection":[{"href":"https:\/\/www.clixtell.com\/es\/wp-json\/wp\/v2\/pages"}],"about":[{"href":"https:\/\/www.clixtell.com\/es\/wp-json\/wp\/v2\/types\/page"}],"author":[{"embeddable":true,"href":"https:\/\/www.clixtell.com\/es\/wp-json\/wp\/v2\/users\/1"}],"replies":[{"embeddable":true,"href":"https:\/\/www.clixtell.com\/es\/wp-json\/wp\/v2\/comments?post=2871"}],"version-history":[{"count":0,"href":"https:\/\/www.clixtell.com\/es\/wp-json\/wp\/v2\/pages\/2871\/revisions"}],"up":[{"embeddable":true,"href":"https:\/\/www.clixtell.com\/es\/wp-json\/wp\/v2\/pages\/2866"}],"wp:attachment":[{"href":"https:\/\/www.clixtell.com\/es\/wp-json\/wp\/v2\/media?parent=2871"}],"curies":[{"name":"wp","href":"https:\/\/api.w.org\/{rel}","templated":true}]}}