{"id":2878,"date":"2019-01-27T11:31:49","date_gmt":"2019-01-27T11:31:49","guid":{"rendered":"https:\/\/www.clixtell.com\/?page_id=2878"},"modified":"2020-11-01T11:41:28","modified_gmt":"2020-11-01T11:41:28","slug":"portar-su-telefono","status":"publish","type":"page","link":"https:\/\/www.clixtell.com\/es\/seguimiento-de-llamadas\/obtener-numeros-de-telefono-locales\/portar-su-telefono\/","title":{"rendered":"Portar su tel\u00e9fono"},"content":{"rendered":"<div class=\"container mob-marg\">\r\n\t\t<h1 style=\"color: #fff; margin-top:10vh\">Puerto su propio n\u00famero a la red de Clixtell<\/h1>\r\n\t\t<h3 style=\"color: #fff; margin-top: 3vh;\">Ay comienza a rastrear y grabar todas las llamadas a \u00e9l.<\/h3>\r\n\t<\/div>\r\n<\/div>\r\n<\/div>\r\n<section class=\"container\" style=\"max-width: 897px; margin-top: 80px;\">\r\n\t<h1 style=\"color: #19CBD2; text-align: center;\">Portar su tel\u00e9fono <\/h1>\r\n\t<div style=\"color: #000E4D; font-size: 16px; letter-spacing: 0.31px; line-height: 28px; margin-top: 35px;\"> Si tiene un n\u00famero de tel\u00e9fono de marca o un n\u00famero que le encanta, puede transferirlo a Clixtell y rastrear sus llamadas. En Clixtell, hemos transferido con \u00e9xito miles de n\u00fameros de tel\u00e9fono para empresas de todo el mundo, ahora utilizando nuestro software de seguimiento de llamadas. Esta es su oportunidad de asegurarse de que su negocio se beneficie de todas las ventajas que ofrecemos.<br><br>\r\n\t\u00a1Portar un n\u00famero de tel\u00e9fono es GRATIS! Nuestro equipo de soporte dedicado est\u00e1 aqu\u00ed para ayudarlo en cada paso del camino.<br><br>\r\n\tAl usar cualquier n\u00famero para el seguimiento de llamadas, ya sea que busque alejar su n\u00famero de tel\u00e9fono de su compa\u00f1\u00eda de seguimiento de llamadas actual o conectar sus n\u00fameros de tel\u00e9fono existentes a los n\u00fameros de seguimiento de llamadas, estamos aqu\u00ed para ayudarlo. <br><br>\r\n\tPara transferir sus n\u00fameros, env\u00ede un correo electr\u00f3nico a nuestro equipo de soporte con lo siguiente: <br><br>\r\n\t<img decoding=\"async\" src=\"https:\/\/statics.clixtell.com\/wp-content\/uploads\/ic_arrow_forward_24px.svg\" style=\"padding:10px\">Una solicitud firmada y una carta escaneada de autorizaci\u00f3n. <br>\r\n\t<img decoding=\"async\" src=\"https:\/\/statics.clixtell.com\/wp-content\/uploads\/ic_arrow_forward_24px.svg\" style=\"padding:10px\">Una copia de sus facturas telef\u00f3nicas recientes.<br>\r\n\t<img decoding=\"async\" src=\"https:\/\/statics.clixtell.com\/wp-content\/uploads\/ic_arrow_forward_24px.svg\" style=\"padding:10px\">Una lista de sus n\u00fameros de tel\u00e9fono que desea transferir, con el n\u00famero de tel\u00e9fono de destino al que cada n\u00famero debe reenviar. <br><br>\r\n\tA lo largo de todo el proceso, sus n\u00fameros permanecer\u00e1n activos y nuestro equipo de soporte le proporcionar\u00e1 un tiempo estimado de puerto. Una vez que su n\u00famero de tel\u00e9fono se haya transferido, se puede configurar como cualquier otro n\u00famero de tel\u00e9fono de seguimiento que tenga en su cuenta de Clixtell.<br><br>\r\n\t<\/div>\r\n<\/section>\r\n<div data-post-id=\"1339\" class=\"insert-page insert-page-1339 \"><\/div>","protected":false},"excerpt":{"rendered":"Puerto su propio n\u00famero a la red de Clixtell Ay comienza a rastrear y grabar todas las llamadas a \u00e9l. Portar su tel\u00e9fono Si tiene un n\u00famero de tel\u00e9fono de marca o un n\u00famero que le encanta, puede transferirlo a Clixtell y rastrear sus llamadas. En Clixtell, hemos transferido con \u00e9xito miles de n\u00fameros de [&hellip;]","protected":false},"author":1,"featured_media":0,"parent":2866,"menu_order":0,"comment_status":"closed","ping_status":"closed","template":"call-tracking.php","meta":{"footnotes":""},"class_list":["post-2878","page","type-page","status-publish","hentry"],"yoast_head":"<!-- This site is optimized with the Yoast SEO plugin v26.8 - https:\/\/yoast.com\/product\/yoast-seo-wordpress\/ -->\n<title>Portar su tel\u00e9fono<\/title>\n<meta name=\"description\" content=\"Port your own number to Clixtell&#039;s network, and start tracking and recording all calls to it.\" \/>\n<meta name=\"robots\" content=\"index, follow, max-snippet:-1, max-image-preview:large, max-video-preview:-1\" \/>\n<link rel=\"canonical\" href=\"https:\/\/www.clixtell.com\/es\/seguimiento-de-llamadas\/obtener-numeros-de-telefono-locales\/portar-su-telefono\/\" \/>\n<meta property=\"og:locale\" content=\"es_ES\" \/>\n<meta property=\"og:type\" content=\"article\" \/>\n<meta property=\"og:title\" content=\"Portar su tel\u00e9fono\" \/>\n<meta property=\"og:description\" content=\"Port your own number to Clixtell&#039;s network, and start tracking and recording all calls to it.\" \/>\n<meta property=\"og:url\" content=\"https:\/\/www.clixtell.com\/es\/seguimiento-de-llamadas\/obtener-numeros-de-telefono-locales\/portar-su-telefono\/\" \/>\n<meta property=\"og:site_name\" content=\"Click Fraud Protection | Call Tracking | Website Video Recorder | Clixtell\u2122\" \/>\n<meta property=\"article:publisher\" content=\"http:\/\/facebook.com\/clixtell\" \/>\n<meta property=\"article:modified_time\" content=\"2020-11-01T11:41:28+00:00\" \/>\n<meta property=\"og:image\" content=\"https:\/\/statics.clixtell.com\/wp-content\/uploads\/ic_arrow_forward_24px.svg\" \/>\n<meta name=\"twitter:card\" content=\"summary_large_image\" \/>\n<meta name=\"twitter:site\" content=\"@clixtell\" \/>\n<meta name=\"twitter:label1\" content=\"Tiempo de lectura\" \/>\n\t<meta name=\"twitter:data1\" content=\"1 minuto\" \/>\n<!-- \/ Yoast SEO plugin. -->","yoast_head_json":{"title":"Portar su tel\u00e9fono","description":"Port your own number to Clixtell's network, and start tracking and recording all calls to it.","robots":{"index":"index","follow":"follow","max-snippet":"max-snippet:-1","max-image-preview":"max-image-preview:large","max-video-preview":"max-video-preview:-1"},"canonical":"https:\/\/www.clixtell.com\/es\/seguimiento-de-llamadas\/obtener-numeros-de-telefono-locales\/portar-su-telefono\/","og_locale":"es_ES","og_type":"article","og_title":"Portar su tel\u00e9fono","og_description":"Port your own number to Clixtell's network, and start tracking and recording all calls to it.","og_url":"https:\/\/www.clixtell.com\/es\/seguimiento-de-llamadas\/obtener-numeros-de-telefono-locales\/portar-su-telefono\/","og_site_name":"Click Fraud Protection | Call Tracking | Website Video Recorder | Clixtell\u2122","article_publisher":"http:\/\/facebook.com\/clixtell","article_modified_time":"2020-11-01T11:41:28+00:00","og_image":[{"url":"https:\/\/statics.clixtell.com\/wp-content\/uploads\/ic_arrow_forward_24px.svg","type":"","width":"","height":""}],"twitter_card":"summary_large_image","twitter_site":"@clixtell","twitter_misc":{"Tiempo de lectura":"1 minuto"},"schema":{"@context":"https:\/\/schema.org","@graph":[{"@type":"WebPage","@id":"https:\/\/www.clixtell.com\/es\/seguimiento-de-llamadas\/obtener-numeros-de-telefono-locales\/portar-su-telefono\/","url":"https:\/\/www.clixtell.com\/es\/seguimiento-de-llamadas\/obtener-numeros-de-telefono-locales\/portar-su-telefono\/","name":"Portar su tel\u00e9fono","isPartOf":{"@id":"https:\/\/www.clixtell.com\/es\/#website"},"primaryImageOfPage":{"@id":"https:\/\/www.clixtell.com\/es\/seguimiento-de-llamadas\/obtener-numeros-de-telefono-locales\/portar-su-telefono\/#primaryimage"},"image":{"@id":"https:\/\/www.clixtell.com\/es\/seguimiento-de-llamadas\/obtener-numeros-de-telefono-locales\/portar-su-telefono\/#primaryimage"},"thumbnailUrl":"https:\/\/statics.clixtell.com\/wp-content\/uploads\/ic_arrow_forward_24px.svg","datePublished":"2019-01-27T11:31:49+00:00","dateModified":"2020-11-01T11:41:28+00:00","description":"Port your own number to Clixtell's network, and start tracking and recording all calls to it.","breadcrumb":{"@id":"https:\/\/www.clixtell.com\/es\/seguimiento-de-llamadas\/obtener-numeros-de-telefono-locales\/portar-su-telefono\/#breadcrumb"},"inLanguage":"es","potentialAction":[{"@type":"ReadAction","target":["https:\/\/www.clixtell.com\/es\/seguimiento-de-llamadas\/obtener-numeros-de-telefono-locales\/portar-su-telefono\/"]}]},{"@type":"ImageObject","inLanguage":"es","@id":"https:\/\/www.clixtell.com\/es\/seguimiento-de-llamadas\/obtener-numeros-de-telefono-locales\/portar-su-telefono\/#primaryimage","url":"https:\/\/statics.clixtell.com\/wp-content\/uploads\/ic_arrow_forward_24px.svg","contentUrl":"https:\/\/statics.clixtell.com\/wp-content\/uploads\/ic_arrow_forward_24px.svg"},{"@type":"BreadcrumbList","@id":"https:\/\/www.clixtell.com\/es\/seguimiento-de-llamadas\/obtener-numeros-de-telefono-locales\/portar-su-telefono\/#breadcrumb","itemListElement":[{"@type":"ListItem","position":1,"name":"Home","item":"https:\/\/www.clixtell.com\/es\/"},{"@type":"ListItem","position":2,"name":"Clixtell | Software de seguimiento y an\u00e1lisis de llamadas","item":"https:\/\/www.clixtell.com\/es\/seguimiento-de-llamadas\/"},{"@type":"ListItem","position":3,"name":"Obtener n\u00fameros de tel\u00e9fono locales | Seguimiento de llamadas | Clixtell","item":"https:\/\/www.clixtell.com\/es\/seguimiento-de-llamadas\/obtener-numeros-de-telefono-locales\/"},{"@type":"ListItem","position":4,"name":"Portar su tel\u00e9fono"}]},{"@type":"WebSite","@id":"https:\/\/www.clixtell.com\/es\/#website","url":"https:\/\/www.clixtell.com\/es\/","name":"Click Fraud Protection | Call Tracking | Website Video Recorder | Clixtell\u2122","description":"Safe &amp; Sound Digital Marketing","publisher":{"@id":"https:\/\/www.clixtell.com\/es\/#organization"},"potentialAction":[{"@type":"SearchAction","target":{"@type":"EntryPoint","urlTemplate":"https:\/\/www.clixtell.com\/es\/?s={search_term_string}"},"query-input":{"@type":"PropertyValueSpecification","valueRequired":true,"valueName":"search_term_string"}}],"inLanguage":"es"},{"@type":"Organization","@id":"https:\/\/www.clixtell.com\/es\/#organization","name":"Clixtell","url":"https:\/\/www.clixtell.com\/es\/","logo":{"@type":"ImageObject","inLanguage":"es","@id":"https:\/\/www.clixtell.com\/es\/#\/schema\/logo\/image\/","url":"https:\/\/www.clixtell.com\/wp-content\/uploads\/logoc.png","contentUrl":"https:\/\/www.clixtell.com\/wp-content\/uploads\/logoc.png","width":168,"height":43,"caption":"Clixtell"},"image":{"@id":"https:\/\/www.clixtell.com\/es\/#\/schema\/logo\/image\/"},"sameAs":["http:\/\/facebook.com\/clixtell","https:\/\/x.com\/clixtell"]}]}},"_links":{"self":[{"href":"https:\/\/www.clixtell.com\/es\/wp-json\/wp\/v2\/pages\/2878","targetHints":{"allow":["GET"]}}],"collection":[{"href":"https:\/\/www.clixtell.com\/es\/wp-json\/wp\/v2\/pages"}],"about":[{"href":"https:\/\/www.clixtell.com\/es\/wp-json\/wp\/v2\/types\/page"}],"author":[{"embeddable":true,"href":"https:\/\/www.clixtell.com\/es\/wp-json\/wp\/v2\/users\/1"}],"replies":[{"embeddable":true,"href":"https:\/\/www.clixtell.com\/es\/wp-json\/wp\/v2\/comments?post=2878"}],"version-history":[{"count":0,"href":"https:\/\/www.clixtell.com\/es\/wp-json\/wp\/v2\/pages\/2878\/revisions"}],"up":[{"embeddable":true,"href":"https:\/\/www.clixtell.com\/es\/wp-json\/wp\/v2\/pages\/2866"}],"wp:attachment":[{"href":"https:\/\/www.clixtell.com\/es\/wp-json\/wp\/v2\/media?parent=2878"}],"curies":[{"name":"wp","href":"https:\/\/api.w.org\/{rel}","templated":true}]}}