{"id":2889,"date":"2019-01-27T12:50:36","date_gmt":"2019-01-27T12:50:36","guid":{"rendered":"https:\/\/www.clixtell.com\/?page_id=2889"},"modified":"2019-06-27T10:07:15","modified_gmt":"2019-06-27T10:07:15","slug":"grabador-del-sitio-web-en-video","status":"publish","type":"page","link":"https:\/\/www.clixtell.com\/es\/grabador-del-sitio-web-en-video\/","title":{"rendered":"Clixtell | Software de grabaci\u00f3n de video para sitios web"},"content":{"rendered":"<style>\r\n\th5 a { color: #fff; padding: 0px; }\r\n<\/style>\r\n\r\n<div class=\"recorder-header\">\r\n\t<div class=\"container\" style=\"padding-top:80px\">        \r\n\t<nav class=\"navbar navbar-expand-lg navbar-light\" style=\"border-top:1px solid white;margin-top:18px;\">\r\n          \r\n\t\t\t<a href=\"https:\/\/www.clixtell.com\/es\/grabador-del-sitio-web-en-video\/\"><h5 style=\"color: #fff; padding: 0px;\" >Website Video Recorder<\/h5><\/a>\r\n\t\t <button class=\"navbar-toggler mnavt\" type=\"button\" data-toggle=\"collapse\" data-target=\"#navbarNavAltMarkup1\" aria-controls=\"navbarNavAltMarkup1\" aria-expanded=\"false\" aria-label=\"Toggle navigation\">\r\n                <span class=\"navbar-toggler-icon\"><\/span>\r\n            <\/button>\r\n\t\t\t<div class=\"collapse navbar-collapse justify-content-end\" id=\"navbarNavAltMarkup1\">\r\n\t\t\t\t<div class=\"navbar-nav abs\">\r\n\t\t\t\t\t<a class=\"nav-item nav-link\" href=\"https:\/\/www.clixtell.com\/es\/grabador-del-sitio-web-en-video\/como-funciona\/\">How it Works<\/a>\r\n\t\t\t\t\t<a class=\"nav-item nav-link\" href=\"https:\/\/www.clixtell.com\/website-video-recorder\/pricing\/\">Pricing<\/a>\r\n\t\t\t\t\t<a class=\"nav-item nav-link\" href=\"https:\/\/www.clixtell.com\/freetrial\/?plan=6\">Free Trial<\/a>\r\n\t\t\t\t <\/div>\r\n\t\t\t<\/div>\r\n        <\/nav>\r\n\t<\/div>\r\n\t<div class=\"container\">\r\n\t\t<div class=\"row home-content mob-pad\">\r\n\t\t\t<div class=\"col-md-6 \">\r\n\t\t\t\t<h1 class=\"fix-marg\" style=\"color: #fff; margin-top: 16%;\">Observa y comprende el comportamiento de los visitantes de su sitio web<\/h1>\r\n\t\t\t\t<h3 style=\"color: #fff;margin-top: 3vh;\">Wcon informaci\u00f3n visual clara y \u00fatil.<\/h3>\r\n\t\t\t\t<div class=\"row\" style=\"margin-top: 3vh;\">\r\n\t\t\t\t<a href=\"https:\/\/www.clixtell.com\/freetrial\/?plan=6\" class=\"bigbtn whiterecbtn\">Start Free Trial<\/a> <a href=\"https:\/\/www.clixtell.com\/book-a-demo\/\" class=\"bigbtn whitebtn\">Request a Demo<\/a><\/div>\r\n\t\t\t\t<\/div>\r\n\t\t\t<div class=\"col-md-6 center d-none d-md-block\"><video src=\"https:\/\/statics.clixtell.com\/wp-content\/uploads\/video-recorder-main-animation-comp.webm\" autoplay loop playsinline muted type=\"video\/webm\" class=\"img-fluid\"><\/div>\r\n\t\t\t<div class=\"col-md-6 mob-pad d-block d-md-none center\"><img decoding=\"async\" src=\"https:\/\/statics.clixtell.com\/wp-content\/uploads\/video-recorder@3x.png\" class=\"img-fluid\"><\/div>\r\n\t\t<\/div>\r\n\t<\/div>\r\n<\/div>\r\n<section class=\"recorder-features\" style=\"margin-top: 100px\">\r\n\t<div class=\"container\" style=\"max-width: 1400px\">\r\n\t\t<div class=\"row\">\r\n\t\t\t<h1 style=\"color: #B53DFF; text-align: center; flex: auto;\">Grabador del sitio web en video<\/h1>\r\n\t\t<\/div>\r\n\t\t<div class=\"row\">\r\n\t\t\t<div class=\"col-lg-4\">\r\n\t\t\t\t<div class=\"feature box\">\r\n\t\t\t\t\t<h2>Grabar todas las sesiones de visitantes<\/h2>\r\n\t\t\t\t\tCon nuestra grabadora de sesiones de video, puede grabar los movimientos reales del mouse a medida que los visitantes se mueven a trav\u00e9s de las p\u00e1ginas de su sitio web. Puede ver d\u00f3nde hicieron clic, con qu\u00e9 frecuencia se movieron hacia arriba y hacia abajo en una p\u00e1gina y c\u00f3mo interactuaron con los formularios y enlaces.\r\n\t\t\t\t<\/div>\r\n\t\t\t\t<div class=\"feature box\">\r\n\t\t\t\t\t<h2>impulsar resultados<\/h2>\r\nMejore las tasas de conversi\u00f3n en l\u00ednea descubriendo cu\u00e1ndo y por qu\u00e9 abandonan sus visitantes. Encuentre las mayores oportunidades de mejora identificando las p\u00e1ginas y los pasos que la mayor\u00eda de los visitantes abandonan su sitio.\r\n\t\t\t\t<\/div>\r\n\t\t\t\t<div class=\"feature box\">\r\n\t\t\t\t\t<h2>Identificar problemas<\/h2>\r\n\t\t\t\t\tIdentifique los problemas de usabilidad del sitio web observando las grabaciones de visitantes reales en su sitio cuando hacen clic, tocan, mueven el cursor y navegan a trav\u00e9s de p\u00e1ginas y formularios.\r\n\t\t\t\t<\/div>\r\n\t\t\t<\/div>\r\n\t\t\t<div class=\"col-lg-4\">\r\n\t\t\t\t<img decoding=\"async\" src=\"\">\r\n\t\t\t<\/div>\r\n\t\t\t<div class=\"col-lg-4\">\r\n\t\t\t\t<div class=\"feature box\">\r\n\t\t\t\t\t<h2>Mejorar UX \/ UI<\/h2>\r\n\t\t\t\t\tMejore la experiencia del usuario del sitio web al ver su sitio de la forma en que lo hacen sus usuarios, en diferentes dispositivos, sistemas operativos y navegadores. Identificar y abordar los problemas de compatibilidad y la interfaz de usuario.\r\n\t\t\t\t<\/div>\r\n\t\t\t\t<div class=\"feature box\">\r\n\t\t\t\t\t<h2>Inteligencia de conversi\u00f3n<\/h2>\r\nCon nuestra funci\u00f3n de inteligencia de conversaci\u00f3n, puede realizar un seguimiento de todos los tipos de conversi\u00f3n, desde formularios web a clientes potenciales de llamadas telef\u00f3nicas, lo que le permite concentrarse solo en lo que realmente est\u00e1 convirtiendo.\r\n\t\t\t\t<\/div>\r\n\t\t\t\t<div class=\"feature box\">\r\n\t\t\t\t\t<h2>Bloquear Bots<\/h2>\r\nIdentifique y bloquee los bots de clic y los estafadores que ingresan a su sitio web. Identifique las direcciones IP maliciosas utilizadas por los competidores o piratas inform\u00e1ticos para desperdiciar su presupuesto P.P.C.\r\n\t\t\t\t<\/div>\r\n\t\t\t<\/div>\r\n\t\t<\/div>\r\n\t<\/div>\r\n<\/section>\r\n<section class=\"customers\" style=\"margin-top:150px\">\r\n\t<div class=\"wrap\">\r\n\t\t<h1 style=\"color: #B53DFF; padding-top:95px; text-align: center;\">  Lo que nuestros clientes est\u00e1n diciendo<\/h1>\r\n\t\t\t<div class=\"container\">\r\n\t\t\t\t<div class=\"col-md-12\" style=\"margin-top:25px\">\r\n\t\t\t\t\t<a class=\"carousel-control-next\" href=\"#carousel\" role=\"button\" data-slide=\"next\" ><img decoding=\"async\" src=\"https:\/\/statics.clixtell.com\/wp-content\/uploads\/arrow_back.svg\" style=\"position: absolute; top: -10%; right: 15px;\"><\/a>\r\n\t\t\t\t\t<div id=\"carousel\" class=\"carousel slide\" data-ride=\"carousel\">\r\n\t\t\t\t\t\t<div class=\"carousel-inner\">\r\n\t\t\t\t\t\t\t<div class=\"carousel-item active\">\r\n\t\t\t\t\t\t\t\t<div class=\"testimonials-back\">\r\n\t\t\t\t\t\t\t\t\t<div class=\"row\">\r\n\t\t\t\t\t\t\t\t\t\t<div class=\"col-md-3 text-center\">\t\t\t\t\t\t\t\t\t\t\r\n\t\t\t\t\t\t\t\t\t\t\t<img decoding=\"async\" src=\"https:\/\/statics.clixtell.com\/wp-content\/uploads\/girl-657753_640.png\" alt=\"\" width=\"100\" height=\"100\" class=\"avatar\"><br>\r\n\t\t\t\t\t\t\t\t\t\t\t<h5 style=\"\tcolor: #243066;\tfont-family: Roboto;\tfont-size: 20px;\tfont-weight: 500;\tletter-spacing: 0.39px;\tline-height: 27px; padding: 0;\">Anna Butler<\/h5>\r\n\t\t\t\t\t\t\t\t\t\t<\/div>\r\n\t\t\t\t\t\t\t\t\t\t<div class=\"col-md-9\" style=\"padding: 15px\">\r\n&#8220;Clixtell lo tiene todo, me gusta mucho la combinaci\u00f3n de captura de video y las funciones de protecci\u00f3n contra el fraude PPC. Tambi\u00e9n aprecio lo accesible que ha estado el equipo a mis necesidades, siempre r\u00e1pido para responder a un chat o correo electr\u00f3nico. Clixtell trabaja y hace exactamente lo que dice que har\u00e1 &#8220;.\t\t\t\t\t\t\t\t\t\t\r\n\t\t\t\t\t\t\t\t\t\t<\/div>\r\n\t\t\t\t\t\t\t\t\t<\/div>\r\n\t\t\t\t\t\t\t\t<\/div>\r\n\t\t\t\t\t\t\t<\/div>\r\n\t\t\t\t\t\t\t<div class=\"carousel-item\">\r\n\t\t\t\t\t\t\t\t<div class=\"testimonials-back\">\r\n\t\t\t\t\t\t\t\t\t\t<div class=\"carousel-content\">\r\n\t\t\t\t\t\t\t\t\t\t\t<div class=\"row\">\r\n\t\t\t\t\t\t\t\t\t\t\t\t<div class=\"col-md-3 text-center\">\r\n\t\t\t\t\t\t\t\t\t\t\t\t\t<img decoding=\"async\" src=\"https:\/\/statics.clixtell.com\/wp-content\/uploads\/2017\/03\/avatar8.jpg\" alt=\"\" width=\"100\" height=\"100\" class=\"avatar\"><br>\r\n\t\t\t\t\t\t\t\t\t\t\t\t\t<h5 style=\"\tcolor: #243066;\tfont-size: 20px; font-weight: 500; letter-spacing: 0.39px;\tline-height: 27px; padding: 0;\">Eric Friedman<\/h5>\r\n\t\t\t\t\t\t\t\t\t\t\t\t<\/div>\r\n\t\t\t\t\t\t\t\t\t\t\t\t<div class=\"col-md-9\" style=\"padding: 15px\">\r\n&#8220;Clixtell es altamente recomendado, la funci\u00f3n de grabaci\u00f3n de visitantes funciona de manera excelente y revisar las sesiones es excelente con sus otras funciones de monitoreo. Le brinda una gran cantidad de informaci\u00f3n para poder tomar decisiones m\u00e1s informadas mientras ejecuta campa\u00f1as de Anuncios de Google y Anuncios de Facebook&#8221;.\t\t\t\t\t\t\t\t\t\t\t\t<\/div>\r\n\t\t\t\t\t\t\t\t\t\t\t<\/div>\r\n\t\t\t\t\t\t\t\t\t\t<\/div>\r\n\t\t\t\t\t\t\t\t\t<\/div>\r\n\t\t\t\t\t\t\t\t<\/div>\r\n\t\t\t\t\t\t\t<\/div>\r\n\t\t\t\t\t\t\t<ol class=\"carousel-indicators\" style=\"bottom: -50px\">\r\n\t\t\t\t\t\t\t\t<li data-target=\"#carousel\" data-slide-to=\"0\" class=\"active\"><\/li>\r\n\t\t\t\t\t\t\t\t<li data-target=\"#carousel\" data-slide-to=\"1\"><\/li>\r\n\t\t\t\t\t\t\t<\/ol>\r\n\t\t\t\t\t\t<\/div>\r\n\t\t\t\t\t<\/div>\r\n\t\t\t\t<\/div>\r\n\t\t\t<\/div>\r\n\t\t\t<div class=\"container\" style=\"margin-bottom: 75px; text-align: center;\">\r\n\t\t\t\t<div class=\"container\">\r\n\t\t\t\t\t<div class=\"row\" style=\"margin-top: 75px;\">\r\n\t\t\t\t\t\t<div class=\"col-sm-3\"><img decoding=\"async\" src=\"https:\/\/statics.clixtell.com\/wp-content\/uploads\/2018\/12\/586efabc87dadaa6bf8d2a3f.png\" alt=\"google ads\" class=\"logos\"><\/div>\r\n\t\t\t\t\t\t<div class=\"col-sm-3\"><img decoding=\"async\" src=\"https:\/\/statics.clixtell.com\/wp-content\/uploads\/2018\/12\/Bing-Ads.png\" alt=\"bing ads\" class=\"logos\"><\/div>\r\n\t\t\t\t\t\t<div class=\"col-sm-3\"><img decoding=\"async\" src=\"https:\/\/statics.clixtell.com\/wp-content\/uploads\/2018\/12\/facebook-logo.png\" alt=\"google\" class=\"logos\"><\/div>\r\n\t\t\t\t\t\t<div class=\"col-sm-3\"><img decoding=\"async\" src=\"https:\/\/statics.clixtell.com\/wp-content\/uploads\/2018\/12\/Yahoo-logo.png\" alt=\"yahoo\" class=\"logos\"><\/div>\r\n\t\t\t\t\t<\/div>\r\n\t\t\t\t\t<div class=\"row\">\r\n\t\t\t\t\t\t<div class=\"col-sm-3\"><img decoding=\"async\" src=\"https:\/\/statics.clixtell.com\/wp-content\/uploads\/2018\/12\/facebook-logo-copy.png\" alt=\"facebook logo\" class=\"logos\"><\/div>\r\n\t\t\t\t\t\t<div class=\"col-sm-3\"><img decoding=\"async\" src=\"https:\/\/statics.clixtell.com\/wp-content\/uploads\/2018\/12\/Twitter_2010_logo_-_from_Commons.svg_.png\" alt=\"twitter tracking\" class=\"logos\"><\/div>\r\n\t\t\t\t\t\t<div class=\"col-md-3\"><img decoding=\"async\" src=\"https:\/\/statics.clixtell.com\/wp-content\/uploads\/2018\/12\/Bitmap.png\" alt=\"outbrain tracking\" class=\"logos\"><\/div>\r\n\t\t\t\t\t\t<div class=\"col-sm-3\"><img decoding=\"async\" src=\"https:\/\/statics.clixtell.com\/wp-content\/uploads\/Bitmap.png\" alt=\"taboola tracking\" class=\"logos\"><\/div>\r\n\t\t\t\t\t<\/div>\r\n\t\t\t\t<\/div>\r\n\t\t\t<\/div>\r\n\t\t<\/div>\r\n<\/section>\r\n<div data-post-id=\"1316\" class=\"insert-page insert-page-1316 \"><\/div>","protected":false},"excerpt":{"rendered":"Website Video Recorder How it Works Pricing Free Trial Observa y comprende el comportamiento de los visitantes de su sitio web Wcon informaci\u00f3n visual clara y \u00fatil. Start Free Trial Request a Demo Grabador del sitio web en video Grabar todas las sesiones de visitantes Con nuestra grabadora de sesiones de video, puede grabar los [&hellip;]","protected":false},"author":1,"featured_media":0,"parent":0,"menu_order":0,"comment_status":"closed","ping_status":"closed","template":"","meta":{"footnotes":""},"class_list":["post-2889","page","type-page","status-publish","hentry"],"yoast_head":"<!-- This site is optimized with the Yoast SEO plugin v26.8 - https:\/\/yoast.com\/product\/yoast-seo-wordpress\/ -->\n<title>Clixtell | Software de grabaci\u00f3n de video para sitios web<\/title>\n<meta name=\"description\" content=\"With our video session recorder you can record actual mouse movements as visitors move across pages on your website. You can see where they clicked, how often they moved up and down on a page, and how the interacted with forms and links.\" \/>\n<meta name=\"robots\" content=\"index, follow, max-snippet:-1, max-image-preview:large, max-video-preview:-1\" \/>\n<link rel=\"canonical\" href=\"https:\/\/www.clixtell.com\/es\/grabador-del-sitio-web-en-video\/\" \/>\n<meta property=\"og:locale\" content=\"es_ES\" \/>\n<meta property=\"og:type\" content=\"article\" \/>\n<meta property=\"og:title\" content=\"Clixtell | Software de grabaci\u00f3n de video para sitios web\" \/>\n<meta property=\"og:description\" content=\"With our video session recorder you can record actual mouse movements as visitors move across pages on your website. You can see where they clicked, how often they moved up and down on a page, and how the interacted with forms and links.\" \/>\n<meta property=\"og:url\" content=\"https:\/\/www.clixtell.com\/es\/grabador-del-sitio-web-en-video\/\" \/>\n<meta property=\"og:site_name\" content=\"Click Fraud Protection | Call Tracking | Website Video Recorder | Clixtell\u2122\" \/>\n<meta property=\"article:publisher\" content=\"http:\/\/facebook.com\/clixtell\" \/>\n<meta property=\"article:modified_time\" content=\"2019-06-27T10:07:15+00:00\" \/>\n<meta property=\"og:image\" content=\"https:\/\/statics.clixtell.com\/wp-content\/uploads\/video-recorder@3x.png\" \/>\n<meta name=\"twitter:card\" content=\"summary_large_image\" \/>\n<meta name=\"twitter:site\" content=\"@clixtell\" \/>\n<meta name=\"twitter:label1\" content=\"Tiempo de lectura\" \/>\n\t<meta name=\"twitter:data1\" content=\"2 minutos\" \/>\n<!-- \/ Yoast SEO plugin. -->","yoast_head_json":{"title":"Clixtell | Software de grabaci\u00f3n de video para sitios web","description":"With our video session recorder you can record actual mouse movements as visitors move across pages on your website. You can see where they clicked, how often they moved up and down on a page, and how the interacted with forms and links.","robots":{"index":"index","follow":"follow","max-snippet":"max-snippet:-1","max-image-preview":"max-image-preview:large","max-video-preview":"max-video-preview:-1"},"canonical":"https:\/\/www.clixtell.com\/es\/grabador-del-sitio-web-en-video\/","og_locale":"es_ES","og_type":"article","og_title":"Clixtell | Software de grabaci\u00f3n de video para sitios web","og_description":"With our video session recorder you can record actual mouse movements as visitors move across pages on your website. You can see where they clicked, how often they moved up and down on a page, and how the interacted with forms and links.","og_url":"https:\/\/www.clixtell.com\/es\/grabador-del-sitio-web-en-video\/","og_site_name":"Click Fraud Protection | Call Tracking | Website Video Recorder | Clixtell\u2122","article_publisher":"http:\/\/facebook.com\/clixtell","article_modified_time":"2019-06-27T10:07:15+00:00","og_image":[{"url":"https:\/\/statics.clixtell.com\/wp-content\/uploads\/video-recorder@3x.png","type":"","width":"","height":""}],"twitter_card":"summary_large_image","twitter_site":"@clixtell","twitter_misc":{"Tiempo de lectura":"2 minutos"},"schema":{"@context":"https:\/\/schema.org","@graph":[{"@type":"WebPage","@id":"https:\/\/www.clixtell.com\/es\/grabador-del-sitio-web-en-video\/","url":"https:\/\/www.clixtell.com\/es\/grabador-del-sitio-web-en-video\/","name":"Clixtell | Software de grabaci\u00f3n de video para sitios web","isPartOf":{"@id":"https:\/\/www.clixtell.com\/es\/#website"},"primaryImageOfPage":{"@id":"https:\/\/www.clixtell.com\/es\/grabador-del-sitio-web-en-video\/#primaryimage"},"image":{"@id":"https:\/\/www.clixtell.com\/es\/grabador-del-sitio-web-en-video\/#primaryimage"},"thumbnailUrl":"https:\/\/statics.clixtell.com\/wp-content\/uploads\/video-recorder@3x.png","datePublished":"2019-01-27T12:50:36+00:00","dateModified":"2019-06-27T10:07:15+00:00","description":"With our video session recorder you can record actual mouse movements as visitors move across pages on your website. You can see where they clicked, how often they moved up and down on a page, and how the interacted with forms and links.","breadcrumb":{"@id":"https:\/\/www.clixtell.com\/es\/grabador-del-sitio-web-en-video\/#breadcrumb"},"inLanguage":"es","potentialAction":[{"@type":"ReadAction","target":["https:\/\/www.clixtell.com\/es\/grabador-del-sitio-web-en-video\/"]}]},{"@type":"ImageObject","inLanguage":"es","@id":"https:\/\/www.clixtell.com\/es\/grabador-del-sitio-web-en-video\/#primaryimage","url":"https:\/\/statics.clixtell.com\/wp-content\/uploads\/video-recorder@3x.png","contentUrl":"https:\/\/statics.clixtell.com\/wp-content\/uploads\/video-recorder@3x.png"},{"@type":"BreadcrumbList","@id":"https:\/\/www.clixtell.com\/es\/grabador-del-sitio-web-en-video\/#breadcrumb","itemListElement":[{"@type":"ListItem","position":1,"name":"Home","item":"https:\/\/www.clixtell.com\/es\/"},{"@type":"ListItem","position":2,"name":"Clixtell | Software de grabaci\u00f3n de video para sitios web"}]},{"@type":"WebSite","@id":"https:\/\/www.clixtell.com\/es\/#website","url":"https:\/\/www.clixtell.com\/es\/","name":"Click Fraud Protection | Call Tracking | Website Video Recorder | Clixtell\u2122","description":"Safe &amp; Sound Digital Marketing","publisher":{"@id":"https:\/\/www.clixtell.com\/es\/#organization"},"potentialAction":[{"@type":"SearchAction","target":{"@type":"EntryPoint","urlTemplate":"https:\/\/www.clixtell.com\/es\/?s={search_term_string}"},"query-input":{"@type":"PropertyValueSpecification","valueRequired":true,"valueName":"search_term_string"}}],"inLanguage":"es"},{"@type":"Organization","@id":"https:\/\/www.clixtell.com\/es\/#organization","name":"Clixtell","url":"https:\/\/www.clixtell.com\/es\/","logo":{"@type":"ImageObject","inLanguage":"es","@id":"https:\/\/www.clixtell.com\/es\/#\/schema\/logo\/image\/","url":"https:\/\/www.clixtell.com\/wp-content\/uploads\/logoc.png","contentUrl":"https:\/\/www.clixtell.com\/wp-content\/uploads\/logoc.png","width":168,"height":43,"caption":"Clixtell"},"image":{"@id":"https:\/\/www.clixtell.com\/es\/#\/schema\/logo\/image\/"},"sameAs":["http:\/\/facebook.com\/clixtell","https:\/\/x.com\/clixtell"]}]}},"_links":{"self":[{"href":"https:\/\/www.clixtell.com\/es\/wp-json\/wp\/v2\/pages\/2889","targetHints":{"allow":["GET"]}}],"collection":[{"href":"https:\/\/www.clixtell.com\/es\/wp-json\/wp\/v2\/pages"}],"about":[{"href":"https:\/\/www.clixtell.com\/es\/wp-json\/wp\/v2\/types\/page"}],"author":[{"embeddable":true,"href":"https:\/\/www.clixtell.com\/es\/wp-json\/wp\/v2\/users\/1"}],"replies":[{"embeddable":true,"href":"https:\/\/www.clixtell.com\/es\/wp-json\/wp\/v2\/comments?post=2889"}],"version-history":[{"count":0,"href":"https:\/\/www.clixtell.com\/es\/wp-json\/wp\/v2\/pages\/2889\/revisions"}],"wp:attachment":[{"href":"https:\/\/www.clixtell.com\/es\/wp-json\/wp\/v2\/media?parent=2889"}],"curies":[{"name":"wp","href":"https:\/\/api.w.org\/{rel}","templated":true}]}}