{"id":3049,"date":"2019-01-29T09:08:14","date_gmt":"2019-01-29T09:08:14","guid":{"rendered":"https:\/\/www.clixtell.com\/?page_id=3049"},"modified":"2019-01-29T09:28:40","modified_gmt":"2019-01-29T09:28:40","slug":"agencias","status":"publish","type":"page","link":"https:\/\/www.clixtell.com\/es\/agencias\/","title":{"rendered":"Programa de Agencias Clixtell | Obtenga mejores resultados para sus clientes"},"content":{"rendered":"<style>\r\n\tp { height: auto; width: auto; color: #000E4D; font-family: Roboto; font-size: 16px; letter-spacing: 0.31px; line-height: 28px; font-weight: 400;}\r\n\th2 { color: #53AAFF; font-size: 25px;\tfont-weight: 400;\tletter-spacing: 0.49px;\tline-height: 28px; }\r\n<\/style>\r\n<div class=\"general-header\">\r\n\t<div class=\"container\">\r\n\t\t<div class=\"row\" style=\"padding-top: 15%\">\r\n\t\t\t<div class=\"col-lg-8 mob-marg\">\r\n\t\t\t\t<h1 style=\"color: #fff; margin-top:5vh\">Convi\u00e9rtete en un socio de la agencia de marketing Clixtell <\/h1>\r\n\t\t\t\t<h3 style=\"color: #FFFFFF; margin-top: 3vh;\">Planes de alto volumen y soluciones a medida.<\/h3>\r\n\t\t\t<\/div>\r\n\t\t\t<div class=\"col-lg-4\" style=\"text-align: center\">\r\n\t\t\t\t<img decoding=\"async\" src=\"https:\/\/statics.clixtell.com\/wp-content\/uploads\/itegrations@3x-1.png\" alt=\"easily integrate Clixtell\" style=\"position: relative;\" class=\"img-fluid\">\r\n\t\t\t<\/div>\r\n\t\t<\/div>\r\n\t<\/div>\r\n<\/div>\r\n<section style=\"margin-top: 80px; \">\r\n\t<h1 style=\"color: #53AAFF; text-align: center;\">Nuestro programa de agencias<\/h1>\r\n\t<div class=\"container\" style=\"margin-top: 120px\">\r\n\t\t<div class=\"row\">\r\n\t\t\t<div class=\"col-md-6\">\r\n\t\t\t\t<img decoding=\"async\" src=\"https:\/\/statics.clixtell.com\/wp-content\/uploads\/Group-6.png\" alt=\"clixtell live dashboard\" class=\"d-none d-md-block mob-img\" style=\"position: relative; left:-150px; top: -70px\">\r\n\t\t\t<\/div>\r\n\t\t\t<div class=\"col-md-6\">\r\n\t\t\t\t<h2>Quienes somos<\/h2>\r\n\t\t\t\t<p>Clixtell es una empresa profesional bien establecida que se especializa en la prevenci\u00f3n del fraude de clics, el seguimiento de llamadas y la grabaci\u00f3n de sesiones en el sitio web. Nuestro historial comprobado y nuestros a\u00f1os de experiencia nos han llevado a desarrollar software de vanguardia que ofrece soluciones avanzadas adecuadas para todo tipo de negocios.<\/p>\r\n\t\t\t<\/div>\t\t\r\n\t\t<\/div>\r\n\t<\/div>\r\n<\/section>\r\n<section class=\"offer-back\" >\r\n\t<div class=\"container\" style=\"padding-top: 100px\">\r\n\t\t<div class=\"row\">\r\n\t\t\t<div class=\"col-md-7\">\r\n\t\t\t\t<h2>Lo que ofrecemos<\/h2>\r\n\t\t\t\t<p>Ofrecemos a las grandes agencias un gran volumen, un plan a prueba de balas y un dise\u00f1o personalizado de acuerdo con las necesidades y demandas espec\u00edficas de cada agencia en funci\u00f3n de su campo de experiencia. Nuestras propuestas atractivas le proporcionar\u00e1n un software avanzado que le otorgar\u00e1 una protecci\u00f3n completa contra el fraude de clics junto con el m\u00e1s alto nivel de herramientas de seguimiento y monitoreo.<br>\r\n\t\t\t\tEn un mundo que tiene que ver con el rendimiento, las conversiones y los resultados, un mundo en el que siempre debe estar a la vanguardia y que cree que ya est\u00e1 teniendo un buen desempe\u00f1o, es Clixtell lo que lo impulsa a rendir a\u00fan mejor, logrando mejores resultados que nunca Antes y demu\u00e9stralo a cada uno de tus clientes.<\/p>\r\n\t\t\t<\/div>\t\r\n\t\t\t<div class=\"col-md-4 col-lg-offset-1\">\r\n\t\t\t\t<img decoding=\"async\" src=\"https:\/\/statics.clixtell.com\/wp-content\/uploads\/click-fraud-3.png\" alt=\"click fraud protection dashboard\" class=\"d-none d-md-block\" style=\"position: relative; right:-50px;\">\r\n\t\t\t<\/div>\r\n\t\t<\/div>\r\n\t<\/div>\r\n<\/section>\r\n<section style=\"margin-top: 80px;\">\r\n\t<div class=\"container\">\r\n\t\t<h1 style=\"color: #53AAFF; text-align: center; padding-bottom: 25px;\">Nuestros planes de agencia<\/h1>\r\n\t\t<p style=\"text-align: center; margin-bottom: 55px;\">\r\n Hecho para agencias y comercializadores digitales. <br>Nuestros planes flexibles est\u00e1n dise\u00f1ados para adaptarse al mantenimiento de los proyectos de sus clientes. <\/p>\r\n\t\t<img decoding=\"async\" src=\"https:\/\/statics.clixtell.com\/wp-content\/uploads\/Fill-1-1.png\" alt=\"click fraud protection features\" class=\"d-none d-md-block\" style=\" left: -130px; top: 130px; position: absolute; z-index: -1;\">\r\n\t\t<div class=\"row agency-box\">\r\n\t\t\t<div class=\"col-md-4\">\r\n\t\t\t\t<p style=\"color: #000E4D; font-size: 13px; font-weight: 500; letter-spacing: 0.28px; line-height: 35px;\">Administrador de cuentas para m\u00faltiples dominios <br>Benef\u00edciese de descuentos por volumen en niveles<br>Demuestra el esfuerzo a tus clientes\r\n\t\t\t<\/div>\r\n\t\t\t<div class=\"col-md-4\">\r\n\t\t\t\t<p style=\"color: #000E4D; font-size: 13px; font-weight: 500; letter-spacing: 0.28px; line-height: 35px;\">Protege las campa\u00f1as de PPC de tus clientes. <br> Seguimiento de llamadas y conversiones<br>Optimizar campa\u00f1as, obtener mejores resultados\r\n\r\n\t\t\t<\/div>\r\n\t\t\t<div class=\"col-md-4\">\r\n\t\t\t\t<p style=\"color: #000E4D; font-size: 13px; font-weight: 500; letter-spacing: 0.28px; line-height: 35px;\">Destacarse de la competencia <br> Ahorre tiempo y presupuesto<br>Obtener informes personalizados detallados \r\n\t\t\t<\/div>\r\n\t\t<\/div>\r\n\t\t<img decoding=\"async\" src=\"https:\/\/statics.clixtell.com\/wp-content\/uploads\/cf-fill-right.png\" alt=\"click fraud background\" class=\"d-none d-lg-block\" style=\" right: -500px; top: 50px; position: absolute; z-index: -1;\">\r\n\t<\/div>\r\n<\/section>\r\n<section style=\"margin-top: 200px; padding-bottom: 150px;\">\r\n\t<div class=\"container\" style=\"text-align: center;\">\r\n\t\t<h2>Contactanos<\/h2>\r\n\t\t<p style=\"margin-top: 20px\">Con gusto responderemos cualquier pregunta o consulta que tenga, nos reuniremos para explicar con m\u00e1s detalle c\u00f3mo Clixtell podr\u00eda mejorar su negocio con una oferta simple que seguramente valdr\u00e1 la pena.<\/p>\r\n\t\t<div class=\"col-lg-12\" style=\"margin-top: 40px;\">\r\n\t\t\t<a class=\"fullgbtn bigbtn\" href=\"https:\/\/www.clixtell.com\/book-a-demo\/\">\r\n\t\t\t  Request a Demo\r\n\t\t\t<\/a>\r\n\t\t\t<a class=\"cfbtn bigbtn\" href=\"https:\/\/www.clixtell.com\/contact\/\">\r\n\t\t\t  Contact Us\r\n\t\t\t<\/a>\r\n\t\t<\/div>\r\n\t<\/div>\r\n<\/section>","protected":false},"excerpt":{"rendered":"Convi\u00e9rtete en un socio de la agencia de marketing Clixtell Planes de alto volumen y soluciones a medida. Nuestro programa de agencias Quienes somos Clixtell es una empresa profesional bien establecida que se especializa en la prevenci\u00f3n del fraude de clics, el seguimiento de llamadas y la grabaci\u00f3n de sesiones en el sitio web. Nuestro [&hellip;]","protected":false},"author":1,"featured_media":0,"parent":0,"menu_order":0,"comment_status":"closed","ping_status":"closed","template":"","meta":{"footnotes":""},"class_list":["post-3049","page","type-page","status-publish","hentry"],"yoast_head":"<!-- This site is optimized with the Yoast SEO plugin v26.8 - https:\/\/yoast.com\/product\/yoast-seo-wordpress\/ -->\n<title>Programa de Agencias Clixtell | Obtenga mejores resultados para sus clientes<\/title>\n<meta name=\"description\" content=\"Become a Clixtell marketing agency partner . Drive better results for your clients. High volume plans &amp; custom tailored solutions.\" \/>\n<meta name=\"robots\" content=\"index, follow, max-snippet:-1, max-image-preview:large, max-video-preview:-1\" \/>\n<link rel=\"canonical\" href=\"https:\/\/www.clixtell.com\/es\/agencias\/\" \/>\n<meta property=\"og:locale\" content=\"es_ES\" \/>\n<meta property=\"og:type\" content=\"article\" \/>\n<meta property=\"og:title\" content=\"Programa de Agencias Clixtell | Obtenga mejores resultados para sus clientes\" \/>\n<meta property=\"og:description\" content=\"Become a Clixtell marketing agency partner . Drive better results for your clients. High volume plans &amp; custom tailored solutions.\" \/>\n<meta property=\"og:url\" content=\"https:\/\/www.clixtell.com\/es\/agencias\/\" \/>\n<meta property=\"og:site_name\" content=\"Click Fraud Protection | Call Tracking | Website Video Recorder | Clixtell\u2122\" \/>\n<meta property=\"article:publisher\" content=\"http:\/\/facebook.com\/clixtell\" \/>\n<meta property=\"article:modified_time\" content=\"2019-01-29T09:28:40+00:00\" \/>\n<meta property=\"og:image\" content=\"https:\/\/statics.clixtell.com\/wp-content\/uploads\/itegrations@3x-1.png\" \/>\n<meta name=\"twitter:card\" content=\"summary_large_image\" \/>\n<meta name=\"twitter:site\" content=\"@clixtell\" \/>\n<meta name=\"twitter:label1\" content=\"Tiempo de lectura\" \/>\n\t<meta name=\"twitter:data1\" content=\"2 minutos\" \/>\n<!-- \/ Yoast SEO plugin. -->","yoast_head_json":{"title":"Programa de Agencias Clixtell | Obtenga mejores resultados para sus clientes","description":"Become a Clixtell marketing agency partner . Drive better results for your clients. High volume plans & custom tailored solutions.","robots":{"index":"index","follow":"follow","max-snippet":"max-snippet:-1","max-image-preview":"max-image-preview:large","max-video-preview":"max-video-preview:-1"},"canonical":"https:\/\/www.clixtell.com\/es\/agencias\/","og_locale":"es_ES","og_type":"article","og_title":"Programa de Agencias Clixtell | Obtenga mejores resultados para sus clientes","og_description":"Become a Clixtell marketing agency partner . Drive better results for your clients. High volume plans & custom tailored solutions.","og_url":"https:\/\/www.clixtell.com\/es\/agencias\/","og_site_name":"Click Fraud Protection | Call Tracking | Website Video Recorder | Clixtell\u2122","article_publisher":"http:\/\/facebook.com\/clixtell","article_modified_time":"2019-01-29T09:28:40+00:00","og_image":[{"url":"https:\/\/statics.clixtell.com\/wp-content\/uploads\/itegrations@3x-1.png","type":"","width":"","height":""}],"twitter_card":"summary_large_image","twitter_site":"@clixtell","twitter_misc":{"Tiempo de lectura":"2 minutos"},"schema":{"@context":"https:\/\/schema.org","@graph":[{"@type":"WebPage","@id":"https:\/\/www.clixtell.com\/es\/agencias\/","url":"https:\/\/www.clixtell.com\/es\/agencias\/","name":"Programa de Agencias Clixtell | Obtenga mejores resultados para sus clientes","isPartOf":{"@id":"https:\/\/www.clixtell.com\/es\/#website"},"primaryImageOfPage":{"@id":"https:\/\/www.clixtell.com\/es\/agencias\/#primaryimage"},"image":{"@id":"https:\/\/www.clixtell.com\/es\/agencias\/#primaryimage"},"thumbnailUrl":"https:\/\/statics.clixtell.com\/wp-content\/uploads\/itegrations@3x-1.png","datePublished":"2019-01-29T09:08:14+00:00","dateModified":"2019-01-29T09:28:40+00:00","description":"Become a Clixtell marketing agency partner . Drive better results for your clients. High volume plans & custom tailored solutions.","breadcrumb":{"@id":"https:\/\/www.clixtell.com\/es\/agencias\/#breadcrumb"},"inLanguage":"es","potentialAction":[{"@type":"ReadAction","target":["https:\/\/www.clixtell.com\/es\/agencias\/"]}]},{"@type":"ImageObject","inLanguage":"es","@id":"https:\/\/www.clixtell.com\/es\/agencias\/#primaryimage","url":"https:\/\/statics.clixtell.com\/wp-content\/uploads\/itegrations@3x-1.png","contentUrl":"https:\/\/statics.clixtell.com\/wp-content\/uploads\/itegrations@3x-1.png"},{"@type":"BreadcrumbList","@id":"https:\/\/www.clixtell.com\/es\/agencias\/#breadcrumb","itemListElement":[{"@type":"ListItem","position":1,"name":"Home","item":"https:\/\/www.clixtell.com\/es\/"},{"@type":"ListItem","position":2,"name":"Programa de Agencias Clixtell | Obtenga mejores resultados para sus clientes"}]},{"@type":"WebSite","@id":"https:\/\/www.clixtell.com\/es\/#website","url":"https:\/\/www.clixtell.com\/es\/","name":"Click Fraud Protection | Call Tracking | Website Video Recorder | Clixtell\u2122","description":"Safe &amp; Sound Digital Marketing","publisher":{"@id":"https:\/\/www.clixtell.com\/es\/#organization"},"potentialAction":[{"@type":"SearchAction","target":{"@type":"EntryPoint","urlTemplate":"https:\/\/www.clixtell.com\/es\/?s={search_term_string}"},"query-input":{"@type":"PropertyValueSpecification","valueRequired":true,"valueName":"search_term_string"}}],"inLanguage":"es"},{"@type":"Organization","@id":"https:\/\/www.clixtell.com\/es\/#organization","name":"Clixtell","url":"https:\/\/www.clixtell.com\/es\/","logo":{"@type":"ImageObject","inLanguage":"es","@id":"https:\/\/www.clixtell.com\/es\/#\/schema\/logo\/image\/","url":"https:\/\/www.clixtell.com\/wp-content\/uploads\/logoc.png","contentUrl":"https:\/\/www.clixtell.com\/wp-content\/uploads\/logoc.png","width":168,"height":43,"caption":"Clixtell"},"image":{"@id":"https:\/\/www.clixtell.com\/es\/#\/schema\/logo\/image\/"},"sameAs":["http:\/\/facebook.com\/clixtell","https:\/\/x.com\/clixtell"]}]}},"_links":{"self":[{"href":"https:\/\/www.clixtell.com\/es\/wp-json\/wp\/v2\/pages\/3049","targetHints":{"allow":["GET"]}}],"collection":[{"href":"https:\/\/www.clixtell.com\/es\/wp-json\/wp\/v2\/pages"}],"about":[{"href":"https:\/\/www.clixtell.com\/es\/wp-json\/wp\/v2\/types\/page"}],"author":[{"embeddable":true,"href":"https:\/\/www.clixtell.com\/es\/wp-json\/wp\/v2\/users\/1"}],"replies":[{"embeddable":true,"href":"https:\/\/www.clixtell.com\/es\/wp-json\/wp\/v2\/comments?post=3049"}],"version-history":[{"count":0,"href":"https:\/\/www.clixtell.com\/es\/wp-json\/wp\/v2\/pages\/3049\/revisions"}],"wp:attachment":[{"href":"https:\/\/www.clixtell.com\/es\/wp-json\/wp\/v2\/media?parent=3049"}],"curies":[{"name":"wp","href":"https:\/\/api.w.org\/{rel}","templated":true}]}}