{"id":5583,"date":"2020-11-25T14:58:45","date_gmt":"2020-11-25T14:58:45","guid":{"rendered":"https:\/\/www.clixtell.com\/reserve-une-demo\/"},"modified":"2020-12-01T18:38:10","modified_gmt":"2020-12-01T18:38:10","slug":"reserve-une-demo","status":"publish","type":"page","link":"https:\/\/www.clixtell.com\/fr\/reserve-une-demo\/","title":{"rendered":"Clixtell | R\u00e9servez une d\u00e9mo"},"content":{"rendered":"<div class=\"general-header\">\n\t<div class=\"container\">\n\t\t<div class=\"row\" style=\"padding-top: 15%\">\n\t\t\t<div class=\"col-lg-8 mob-pad\">\n\t\t\t\t<h1 style=\"color: #fff; margin-top:5vh\">R\u00e9servez une d\u00e9mo<\/h1>\n\t\t\t\t<h3 style=\"color: #FFFFFF; margin-top: 3vh;\">Organisez une d\u00e9mo individuelle avec notre expert d\u00e8s aujourd&#8217;hui.<\/h3>\n\t\t\t<\/div>\n\t\t<\/div>\n\t<\/div>\n<\/div>\n<div class=\"container\" style=\"margin-top: 50px; margin-bottom: 50px;\">\n\t<!-- Start of Meetings Embed Script -->\n    <div class=\"meetings-iframe-container\" data-src=\"https:\/\/app.hubspot.com\/meetings\/admin318?embed=true\"><\/div>\n    <script type=\"text\/javascript\" src=\"https:\/\/static.hsappstatic.net\/MeetingsEmbed\/ex\/MeetingsEmbedCode.js\"><\/script>\n  <!-- End of Meetings Embed Script -->\n<\/div>","protected":false},"excerpt":{"rendered":"R\u00e9servez une d\u00e9mo Organisez une d\u00e9mo individuelle avec notre expert d\u00e8s aujourd&#8217;hui.","protected":false},"author":1,"featured_media":0,"parent":0,"menu_order":0,"comment_status":"closed","ping_status":"closed","template":"","meta":{"footnotes":""},"class_list":["post-5583","page","type-page","status-publish","hentry"],"yoast_head":"<!-- This site is optimized with the Yoast SEO plugin v26.8 - https:\/\/yoast.com\/product\/yoast-seo-wordpress\/ -->\n<title>Clixtell | R\u00e9servez une d\u00e9mo<\/title>\n<meta name=\"robots\" content=\"index, follow, max-snippet:-1, max-image-preview:large, max-video-preview:-1\" \/>\n<link rel=\"canonical\" href=\"https:\/\/www.clixtell.com\/fr\/reserve-une-demo\/\" \/>\n<meta property=\"og:locale\" content=\"fr_FR\" \/>\n<meta property=\"og:type\" content=\"article\" \/>\n<meta property=\"og:title\" content=\"Clixtell | R\u00e9servez une d\u00e9mo\" \/>\n<meta property=\"og:description\" content=\"R\u00e9servez une d\u00e9mo Organisez une d\u00e9mo individuelle avec notre expert d\u00e8s aujourd&#8217;hui.\" \/>\n<meta property=\"og:url\" content=\"https:\/\/www.clixtell.com\/fr\/reserve-une-demo\/\" \/>\n<meta property=\"og:site_name\" content=\"Click Fraud Protection | Call Tracking | Website Video Recorder | Clixtell\u2122\" \/>\n<meta property=\"article:publisher\" content=\"http:\/\/facebook.com\/clixtell\" \/>\n<meta property=\"article:modified_time\" content=\"2020-12-01T18:38:10+00:00\" \/>\n<meta name=\"twitter:card\" content=\"summary_large_image\" \/>\n<meta name=\"twitter:site\" content=\"@clixtell\" \/>\n<!-- \/ Yoast SEO plugin. -->","yoast_head_json":{"title":"Clixtell | R\u00e9servez une d\u00e9mo","robots":{"index":"index","follow":"follow","max-snippet":"max-snippet:-1","max-image-preview":"max-image-preview:large","max-video-preview":"max-video-preview:-1"},"canonical":"https:\/\/www.clixtell.com\/fr\/reserve-une-demo\/","og_locale":"fr_FR","og_type":"article","og_title":"Clixtell | R\u00e9servez une d\u00e9mo","og_description":"R\u00e9servez une d\u00e9mo Organisez une d\u00e9mo individuelle avec notre expert d\u00e8s aujourd&#8217;hui.","og_url":"https:\/\/www.clixtell.com\/fr\/reserve-une-demo\/","og_site_name":"Click Fraud Protection | Call Tracking | Website Video Recorder | Clixtell\u2122","article_publisher":"http:\/\/facebook.com\/clixtell","article_modified_time":"2020-12-01T18:38:10+00:00","twitter_card":"summary_large_image","twitter_site":"@clixtell","schema":{"@context":"https:\/\/schema.org","@graph":[{"@type":"WebPage","@id":"https:\/\/www.clixtell.com\/fr\/reserve-une-demo\/","url":"https:\/\/www.clixtell.com\/fr\/reserve-une-demo\/","name":"Clixtell | R\u00e9servez une d\u00e9mo","isPartOf":{"@id":"https:\/\/www.clixtell.com\/fr\/#website"},"datePublished":"2020-11-25T14:58:45+00:00","dateModified":"2020-12-01T18:38:10+00:00","breadcrumb":{"@id":"https:\/\/www.clixtell.com\/fr\/reserve-une-demo\/#breadcrumb"},"inLanguage":"fr-FR","potentialAction":[{"@type":"ReadAction","target":["https:\/\/www.clixtell.com\/fr\/reserve-une-demo\/"]}]},{"@type":"BreadcrumbList","@id":"https:\/\/www.clixtell.com\/fr\/reserve-une-demo\/#breadcrumb","itemListElement":[{"@type":"ListItem","position":1,"name":"Home","item":"https:\/\/www.clixtell.com\/fr\/"},{"@type":"ListItem","position":2,"name":"Clixtell | R\u00e9servez une d\u00e9mo"}]},{"@type":"WebSite","@id":"https:\/\/www.clixtell.com\/fr\/#website","url":"https:\/\/www.clixtell.com\/fr\/","name":"Click Fraud Protection | Call Tracking | Website Video Recorder | Clixtell\u2122","description":"Safe &amp; Sound Digital Marketing","publisher":{"@id":"https:\/\/www.clixtell.com\/fr\/#organization"},"potentialAction":[{"@type":"SearchAction","target":{"@type":"EntryPoint","urlTemplate":"https:\/\/www.clixtell.com\/fr\/?s={search_term_string}"},"query-input":{"@type":"PropertyValueSpecification","valueRequired":true,"valueName":"search_term_string"}}],"inLanguage":"fr-FR"},{"@type":"Organization","@id":"https:\/\/www.clixtell.com\/fr\/#organization","name":"Clixtell","url":"https:\/\/www.clixtell.com\/fr\/","logo":{"@type":"ImageObject","inLanguage":"fr-FR","@id":"https:\/\/www.clixtell.com\/fr\/#\/schema\/logo\/image\/","url":"https:\/\/www.clixtell.com\/wp-content\/uploads\/logoc.png","contentUrl":"https:\/\/www.clixtell.com\/wp-content\/uploads\/logoc.png","width":168,"height":43,"caption":"Clixtell"},"image":{"@id":"https:\/\/www.clixtell.com\/fr\/#\/schema\/logo\/image\/"},"sameAs":["http:\/\/facebook.com\/clixtell","https:\/\/x.com\/clixtell"]}]}},"_links":{"self":[{"href":"https:\/\/www.clixtell.com\/fr\/wp-json\/wp\/v2\/pages\/5583","targetHints":{"allow":["GET"]}}],"collection":[{"href":"https:\/\/www.clixtell.com\/fr\/wp-json\/wp\/v2\/pages"}],"about":[{"href":"https:\/\/www.clixtell.com\/fr\/wp-json\/wp\/v2\/types\/page"}],"author":[{"embeddable":true,"href":"https:\/\/www.clixtell.com\/fr\/wp-json\/wp\/v2\/users\/1"}],"replies":[{"embeddable":true,"href":"https:\/\/www.clixtell.com\/fr\/wp-json\/wp\/v2\/comments?post=5583"}],"version-history":[{"count":0,"href":"https:\/\/www.clixtell.com\/fr\/wp-json\/wp\/v2\/pages\/5583\/revisions"}],"wp:attachment":[{"href":"https:\/\/www.clixtell.com\/fr\/wp-json\/wp\/v2\/media?parent=5583"}],"curies":[{"name":"wp","href":"https:\/\/api.w.org\/{rel}","templated":true}]}}