{"id":5587,"date":"2020-11-25T15:13:09","date_gmt":"2020-11-25T15:13:09","guid":{"rendered":"https:\/\/www.clixtell.com\/enquete-antifraude-click\/"},"modified":"2020-12-07T20:58:05","modified_gmt":"2020-12-07T20:58:05","slug":"enquete-antifraude-click","status":"publish","type":"page","link":"https:\/\/www.clixtell.com\/fr\/enquete-antifraude-click\/","title":{"rendered":"Enqu\u00eate antifraude Click | D\u00e9tection antifraude Click et logiciel de protection | Clixtell"},"content":{"rendered":"<div class=\"about1\">\n\t<div class=\"general-header\">\n\t\t<div class=\"container d-none d-lg-block\" style=\"padding-top:80px\">\n\t\t\t<nav class=\"navbar navbar-expand-lg navbar-light\" style=\"border-top:1px solid white;margin-top:18px;\">\n\t\t\t\t<!--button class=\"navbar-toggler\" type=\"button\" data-toggle=\"collapse\" data-target=\"#navbarNavAltMarkup\" aria-controls=\"navbarNavAltMarkup\" aria-expanded=\"false\" aria-label=\"Toggle navigation\">\n\t\t\t\t\t\t\t\t\t<span class=\"navbar-toggler-icon\"><\/span>\n\t\t\t\t<\/button-->\n\t\t\t\t<div class=\"navbar-collapse justify-content-end\">\n\t\t\t\t   <div class=\"navbar-nav\" style=\"position:relative;\">\n\t\t\t\t\t\t<a class=\"nav-item nav-link\" href=\"https:\/\/www.clixtell.com\/blog\/\">Blog<\/a>\t\t\n\t\t\t\t\t\t<a class=\"nav-item nav-link\" href=\"https:\/\/www.clixtell.com\/fr\/integrations\/\">Int\u00e9grations<\/a>\n\t\t\t\t\t\t<a class=\"nav-item nav-link\" href=\"https:\/\/www.clixtell.com\/fr\/contact-2__trashed\/\">Nous contacter<\/a>\n\t\t\t\t   <\/div>\n\t\t\t\t<\/div>\n\t\t\t<\/nav>\n\t\t<\/div>\n\t\t<div class=\"container header\">\n\t\t\t<div class=\"row\">\n\t\t\t\t<div class=\"col-md-6 mob-pad\">\n\t\t\t\t\t<h1 style=\"color: #fff; text-align: left; font-size: 35px; font-weight: 500; letter-spacing: 0.42px; line-height: 53px; margin-top:5vh\"> Comment demander une enqu\u00eate sur la fraude au clic Google<\/h1>\n\t\t\t\t\t<h3 style=\"color: #FFFFFF; font-size: 22px; letter-spacing: 0.55px; line-height: 37px;font-weight:400;\">Rapports de r\u00e9clamations de remboursement fraude au clic<\/h3>\n\t\t\t\t<\/div>\n\t\t\t\t<div class=\"col-md-6 mob-pad d-none d-md-block\" style=\"text-align: center\">\n\t\t\t\t\t<img decoding=\"async\" src=\"https:\/\/statics.clixtell.com\/wp-content\/uploads\/itegrations@3x.png\" class=\"mob-img\">\n\t\t\t\t<\/div>\n\t\t\t<\/div>\n\t\t<\/div>\n\t<\/div>\n\t<section style=\"margin-top: 120px; margin-bottom: 120px;\">\n\t\t<h1 style=\"color: #53AAFF; font-size: 35px; font-weight: 500; letter-spacing: 0.48px; line-height: 53px; text-align: center;\">Enqu\u00eate sur la fraude au clic<\/h1>\n\t\t<div class=\"container\">\n\t\t\t<div class=\"row\">\n\t\t\t\t<div class=\"col-md-6\">\n\t\t\t\t\t<img decoding=\"async\" src=\"https:\/\/statics.clixtell.com\/wp-content\/uploads\/Group-6-Copy-4.png\">\n\t\t\t\t\t<h2>Comment remplir une r\u00e9clamation<\/h2>\n\t\t\t\t\t<p>Les directives de Google concernant les annonces permettent une enqu\u00eate manuelle sur les fraudes une fois tous les 60 jours. <\/p>\n\t\t\t\t\t<div class=\"row\">\n\t\t\t\t\t\t<div class=\"col-sm-1\"><h2>01<\/h2><\/div>\n\t\t\t\t\t\t<div class=\"col-sm-11\"><p>Dans le tableau de bord de Clixtell, allez dans &#8220;Trafic&#8221; et s\u00e9lectionnez une plage de dates personnalis\u00e9e &#8211; &#8220;les 60 derniers jours&#8221;. <br>\n T\u00e9l\u00e9chargez les r\u00e9sultats dans un fichier excel et m\u00e9morisez l&#8217;emplacement du t\u00e9l\u00e9chargement.<\/p><\/div>\n\t\t\t\t\t<\/div>\n\t\t\t\t\t<div class=\"row\">\n\t\t\t\t\t\t<div class=\"col-sm-1\"><h2>02<\/h2><\/div>\n\t\t\t\t\t\t<div class=\"col-sm-11\"><p>Remplissez le <a href=\"https:\/\/support.google.com\/google-ads\/contact\/click_quality\">Formulaire de qualit\u00e9 de clic<\/a> de Google avec votre adresse \u00e9lectronique et votre num\u00e9ro de compte.<\/p><\/div>\n\t\t\t\t\t<\/div>\n\t\t\t\t\t<div class=\"row\">\n\t\t\t\t\t\t<div class=\"col-sm-1\"><h2>03<\/h2><\/div>\n\t\t\t\t\t\t<div class=\"col-sm-11\"><p>Joignez le rapport de Clixtell sur la demande de remboursement tout en bas (journaux Web).<\/p><\/div>\n\t\t\t\t\t<\/div>\n\t\t\t\t\t<div class=\"row\">\n\t\t\t\t\t\t<div class=\"col-sm-1\"><h2>04<\/h2><\/div>\n\t\t\t\t\t\t<div class=\"col-sm-11\"><p>Bonne chance ! Google m\u00e8nera une enqu\u00eate et devrait r\u00e9pondre dans un d\u00e9lai de deux semaines.<\/p><\/div>\n\t\t\t\t\t<\/div>\n\t\t\t\t<\/div>\n\t\t\t\t<div class=\"col-md-6\">\n\t\t\t\t\t<img decoding=\"async\" src=\"https:\/\/statics.clixtell.com\/wp-content\/uploads\/Group-7.png\" class=\"d-none d-md-block mob-img\" style=\"position: absolute; right: -50px; margin-top:100px;\">\n\t\t\t\t<\/div>\n\t\t\t<\/div>\n\t\t<\/div>\n\t<\/section>\n<\/div>","protected":false},"excerpt":{"rendered":"Blog Int\u00e9grations Nous contacter Comment demander une enqu\u00eate sur la fraude au clic Google Rapports de r\u00e9clamations de remboursement fraude au clic Enqu\u00eate sur la fraude au clic Comment remplir une r\u00e9clamation Les directives de Google concernant les annonces permettent une enqu\u00eate manuelle sur les fraudes une fois tous les 60 jours. 01 Dans le [&hellip;]","protected":false},"author":1,"featured_media":0,"parent":0,"menu_order":0,"comment_status":"closed","ping_status":"closed","template":"","meta":{"footnotes":""},"class_list":["post-5587","page","type-page","status-publish","hentry"],"yoast_head":"<!-- This site is optimized with the Yoast SEO plugin v26.8 - https:\/\/yoast.com\/product\/yoast-seo-wordpress\/ -->\n<title>Enqu\u00eate antifraude Click | D\u00e9tection antifraude Click et logiciel de protection | Clixtell<\/title>\n<meta name=\"description\" content=\"Comment demander une enqu\u00eate antifraude Google Click ?\" \/>\n<meta name=\"robots\" content=\"index, follow, max-snippet:-1, max-image-preview:large, max-video-preview:-1\" \/>\n<link rel=\"canonical\" href=\"https:\/\/www.clixtell.com\/fr\/enquete-antifraude-click\/\" \/>\n<meta property=\"og:locale\" content=\"fr_FR\" \/>\n<meta property=\"og:type\" content=\"article\" \/>\n<meta property=\"og:title\" content=\"Enqu\u00eate antifraude Click | D\u00e9tection antifraude Click et logiciel de protection | Clixtell\" \/>\n<meta property=\"og:description\" content=\"Comment demander une enqu\u00eate antifraude Google Click ?\" \/>\n<meta property=\"og:url\" content=\"https:\/\/www.clixtell.com\/fr\/enquete-antifraude-click\/\" \/>\n<meta property=\"og:site_name\" content=\"Click Fraud Protection | Call Tracking | Website Video Recorder | Clixtell\u2122\" \/>\n<meta property=\"article:publisher\" content=\"http:\/\/facebook.com\/clixtell\" \/>\n<meta property=\"article:modified_time\" content=\"2020-12-07T20:58:05+00:00\" \/>\n<meta property=\"og:image\" content=\"https:\/\/statics.clixtell.com\/wp-content\/uploads\/itegrations@3x.png\" \/>\n<meta name=\"twitter:card\" content=\"summary_large_image\" \/>\n<meta name=\"twitter:site\" content=\"@clixtell\" \/>\n<meta name=\"twitter:label1\" content=\"Dur\u00e9e de lecture estim\u00e9e\" \/>\n\t<meta name=\"twitter:data1\" content=\"1 minute\" \/>\n<!-- \/ Yoast SEO plugin. -->","yoast_head_json":{"title":"Enqu\u00eate antifraude Click | D\u00e9tection antifraude Click et logiciel de protection | Clixtell","description":"Comment demander une enqu\u00eate antifraude Google Click ?","robots":{"index":"index","follow":"follow","max-snippet":"max-snippet:-1","max-image-preview":"max-image-preview:large","max-video-preview":"max-video-preview:-1"},"canonical":"https:\/\/www.clixtell.com\/fr\/enquete-antifraude-click\/","og_locale":"fr_FR","og_type":"article","og_title":"Enqu\u00eate antifraude Click | D\u00e9tection antifraude Click et logiciel de protection | Clixtell","og_description":"Comment demander une enqu\u00eate antifraude Google Click ?","og_url":"https:\/\/www.clixtell.com\/fr\/enquete-antifraude-click\/","og_site_name":"Click Fraud Protection | Call Tracking | Website Video Recorder | Clixtell\u2122","article_publisher":"http:\/\/facebook.com\/clixtell","article_modified_time":"2020-12-07T20:58:05+00:00","og_image":[{"url":"https:\/\/statics.clixtell.com\/wp-content\/uploads\/itegrations@3x.png","type":"","width":"","height":""}],"twitter_card":"summary_large_image","twitter_site":"@clixtell","twitter_misc":{"Dur\u00e9e de lecture estim\u00e9e":"1 minute"},"schema":{"@context":"https:\/\/schema.org","@graph":[{"@type":"WebPage","@id":"https:\/\/www.clixtell.com\/fr\/enquete-antifraude-click\/","url":"https:\/\/www.clixtell.com\/fr\/enquete-antifraude-click\/","name":"Enqu\u00eate antifraude Click | D\u00e9tection antifraude Click et logiciel de protection | Clixtell","isPartOf":{"@id":"https:\/\/www.clixtell.com\/fr\/#website"},"primaryImageOfPage":{"@id":"https:\/\/www.clixtell.com\/fr\/enquete-antifraude-click\/#primaryimage"},"image":{"@id":"https:\/\/www.clixtell.com\/fr\/enquete-antifraude-click\/#primaryimage"},"thumbnailUrl":"https:\/\/statics.clixtell.com\/wp-content\/uploads\/itegrations@3x.png","datePublished":"2020-11-25T15:13:09+00:00","dateModified":"2020-12-07T20:58:05+00:00","description":"Comment demander une enqu\u00eate antifraude Google Click ?","breadcrumb":{"@id":"https:\/\/www.clixtell.com\/fr\/enquete-antifraude-click\/#breadcrumb"},"inLanguage":"fr-FR","potentialAction":[{"@type":"ReadAction","target":["https:\/\/www.clixtell.com\/fr\/enquete-antifraude-click\/"]}]},{"@type":"ImageObject","inLanguage":"fr-FR","@id":"https:\/\/www.clixtell.com\/fr\/enquete-antifraude-click\/#primaryimage","url":"https:\/\/statics.clixtell.com\/wp-content\/uploads\/itegrations@3x.png","contentUrl":"https:\/\/statics.clixtell.com\/wp-content\/uploads\/itegrations@3x.png"},{"@type":"BreadcrumbList","@id":"https:\/\/www.clixtell.com\/fr\/enquete-antifraude-click\/#breadcrumb","itemListElement":[{"@type":"ListItem","position":1,"name":"Home","item":"https:\/\/www.clixtell.com\/fr\/"},{"@type":"ListItem","position":2,"name":"Enqu\u00eate antifraude Click | D\u00e9tection antifraude Click et logiciel de protection | Clixtell"}]},{"@type":"WebSite","@id":"https:\/\/www.clixtell.com\/fr\/#website","url":"https:\/\/www.clixtell.com\/fr\/","name":"Click Fraud Protection | Call Tracking | Website Video Recorder | Clixtell\u2122","description":"Safe &amp; Sound Digital Marketing","publisher":{"@id":"https:\/\/www.clixtell.com\/fr\/#organization"},"potentialAction":[{"@type":"SearchAction","target":{"@type":"EntryPoint","urlTemplate":"https:\/\/www.clixtell.com\/fr\/?s={search_term_string}"},"query-input":{"@type":"PropertyValueSpecification","valueRequired":true,"valueName":"search_term_string"}}],"inLanguage":"fr-FR"},{"@type":"Organization","@id":"https:\/\/www.clixtell.com\/fr\/#organization","name":"Clixtell","url":"https:\/\/www.clixtell.com\/fr\/","logo":{"@type":"ImageObject","inLanguage":"fr-FR","@id":"https:\/\/www.clixtell.com\/fr\/#\/schema\/logo\/image\/","url":"https:\/\/www.clixtell.com\/wp-content\/uploads\/logoc.png","contentUrl":"https:\/\/www.clixtell.com\/wp-content\/uploads\/logoc.png","width":168,"height":43,"caption":"Clixtell"},"image":{"@id":"https:\/\/www.clixtell.com\/fr\/#\/schema\/logo\/image\/"},"sameAs":["http:\/\/facebook.com\/clixtell","https:\/\/x.com\/clixtell"]}]}},"_links":{"self":[{"href":"https:\/\/www.clixtell.com\/fr\/wp-json\/wp\/v2\/pages\/5587","targetHints":{"allow":["GET"]}}],"collection":[{"href":"https:\/\/www.clixtell.com\/fr\/wp-json\/wp\/v2\/pages"}],"about":[{"href":"https:\/\/www.clixtell.com\/fr\/wp-json\/wp\/v2\/types\/page"}],"author":[{"embeddable":true,"href":"https:\/\/www.clixtell.com\/fr\/wp-json\/wp\/v2\/users\/1"}],"replies":[{"embeddable":true,"href":"https:\/\/www.clixtell.com\/fr\/wp-json\/wp\/v2\/comments?post=5587"}],"version-history":[{"count":0,"href":"https:\/\/www.clixtell.com\/fr\/wp-json\/wp\/v2\/pages\/5587\/revisions"}],"wp:attachment":[{"href":"https:\/\/www.clixtell.com\/fr\/wp-json\/wp\/v2\/media?parent=5587"}],"curies":[{"name":"wp","href":"https:\/\/api.w.org\/{rel}","templated":true}]}}