{"id":5594,"date":"2020-11-25T16:36:26","date_gmt":"2020-11-25T16:36:26","guid":{"rendered":"https:\/\/www.clixtell.com\/a-propos\/"},"modified":"2020-12-07T20:58:05","modified_gmt":"2020-12-07T20:58:05","slug":"a-propos","status":"publish","type":"page","link":"https:\/\/www.clixtell.com\/fr\/a-propos\/","title":{"rendered":"Clixtell | A propos"},"content":{"rendered":"<div class=\"about1\">\n\t<div class=\"general-header\">\n\t\t<div class=\"container\">\n\t\t\t<div class=\"row\" style=\"padding-top:15%;\">\n\t\t\t\t<div class=\"col-lg-8 mob-marg mob-pad\">\n\t\t\t\t\t<h1 style=\"color: #fff; text-align: left; margin-top:5vh\">Clixtell est votre tableau de bord unique <br>Pour toutes les demandes de marketing num\u00e9rique<\/h1>\n\t\t\t\t\t<h3 style=\"color: #FFFFFF; font-size: 22px; letter-spacing: 0.55px; line-height: 37px; font-weight: 400; margin-top: 20px;\">Stimuler les conversions, maximiser le ROI<\/h3>\n\t\t\t\t<\/div>\n\t\t\t\t<div class=\"col-lg-4 d-none d-md-block\" style=\"text-align: center\">\n\t\t\t\t\t<img decoding=\"async\" src=\"https:\/\/statics.clixtell.com\/wp-content\/uploads\/itegrations@3x-1.png\" alt=\"easily integrate Clixtell\" style=\"position: relative;\">\n\t\t\t\t<\/div>\n\t\t\t<\/div>\n\t\t<\/div>\n\t<\/div>\n\t<section style=\"margin-top: 80px; margin-bottom: 150px;\">\n\t\t<h1 style=\"color: #53AAFF; font-size: 35px; font-weight: 500; letter-spacing: 0.48px; line-height: 53px; text-align: center;\">\u00c0 propos de nous<\/h1>\n\t\t<div class=\"container\" style=\"margin-top: 50px\">\n\t\t\t<div class=\"col-lg-12\">\n\t\t\t\t<p>Clixtell est une soci\u00e9t\u00e9 de logiciels-services qui fournit des solutions avanc\u00e9es aux entreprises et aux agences de marketing num\u00e9rique. Elle est sp\u00e9cialis\u00e9e dans la d\u00e9tection et la pr\u00e9vention des clics invalides dans les campagnes publicitaires de Google Ads &amp; Bing Ads et les services de suivi des appels. L&#8217;exp\u00e9rience professionnelle de la soci\u00e9t\u00e9 est bas\u00e9e sur un savoir-faire acquis par des ann\u00e9es d&#8217;exp\u00e9rience dans le d\u00e9veloppement de logiciels de pointe fournissant des solutions bien \u00e9tablies pour tous les types d&#8217;entreprises.<br><br>\n Nous fournissons des solutions sur mesure aux agences de marketing num\u00e9rique ainsi qu&#8217;aux petites entreprises du monde entier. Nos plans rentables et flexibles sont con\u00e7us pour s&#8217;adapter \u00e0 tous les clients en fonction de leurs demandes et besoins sp\u00e9cifiques et de leur domaine de comp\u00e9tence. Dans un monde dynamique o\u00f9 tout est question de performances, de conversions et de r\u00e9sultats, un monde o\u00f9 vous devez constamment \u00eatre le premier et faire plus d&#8217;efforts que vos concurrents, c&#8217;est Clixtell qui peut vous pousser \u00e0 \u00eatre encore plus performant, \u00e0 am\u00e9liorer vos r\u00e9sultats, \u00e0 r\u00e9aliser plus que jamais et \u00e0 le prouver \u00e0 chacun de vos clients. <br><br> \n Les outils avanc\u00e9s de Clixtell pour la publicit\u00e9 en ligne \u00e0 l&#8217;\u00e8re num\u00e9rique lui ont valu la r\u00e9putation mondiale d&#8217;une entreprise en constante croissance et am\u00e9lioration qui s&#8217;efforce de fournir une exp\u00e9rience publicitaire s\u00fbre et transparente \u00e0 toutes les entreprises et agences. L&#8217;entreprise contribue \u00e0 optimiser et \u00e0 prot\u00e9ger les campagnes de PPC, \u00e0 suivre les appels, \u00e0 augmenter les ventes et les b\u00e9n\u00e9fices et \u00e0 am\u00e9liorer la fid\u00e9lisation des clients. Cela se fait \u00e9galement en offrant aux clients des propositions attrayantes qui leur assureront une protection totale contre la fraude au clic ainsi que le plus haut niveau d&#8217;outils de suivi et de contr\u00f4le.<\/p>\n\t\t\t<\/div>\n\t\t<\/div>\n\t<\/section>\n<\/div>","protected":false},"excerpt":{"rendered":"Clixtell est votre tableau de bord unique Pour toutes les demandes de marketing num\u00e9rique Stimuler les conversions, maximiser le ROI \u00c0 propos de nous Clixtell est une soci\u00e9t\u00e9 de logiciels-services qui fournit des solutions avanc\u00e9es aux entreprises et aux agences de marketing num\u00e9rique. Elle est sp\u00e9cialis\u00e9e dans la d\u00e9tection et la pr\u00e9vention des clics invalides [&hellip;]","protected":false},"author":1,"featured_media":0,"parent":0,"menu_order":0,"comment_status":"closed","ping_status":"closed","template":"","meta":{"footnotes":""},"class_list":["post-5594","page","type-page","status-publish","hentry"],"yoast_head":"<!-- This site is optimized with the Yoast SEO plugin v26.8 - https:\/\/yoast.com\/product\/yoast-seo-wordpress\/ -->\n<title>Clixtell | A propos<\/title>\n<meta name=\"description\" content=\"Clixtell est un leader mondial dans la fourniture de solutions de pointe pour le suivi d&#039;appels et la pr\u00e9vention antifraude de clics. L&#039;enregistrement de suivi professionnel de la soci\u00e9t\u00e9 repose sur un savoir-faire acquis par les ann\u00e9es d&#039;exp\u00e9rience dans le d\u00e9veloppement d&#039;un logiciel de pointe fournissant des solutions bien pens\u00e9es convenant \u00e0 tout type d&#039;entreprises.\" \/>\n<meta name=\"robots\" content=\"index, follow, max-snippet:-1, max-image-preview:large, max-video-preview:-1\" \/>\n<link rel=\"canonical\" href=\"https:\/\/www.clixtell.com\/fr\/a-propos\/\" \/>\n<meta property=\"og:locale\" content=\"fr_FR\" \/>\n<meta property=\"og:type\" content=\"article\" \/>\n<meta property=\"og:title\" content=\"Clixtell | A propos\" \/>\n<meta property=\"og:description\" content=\"Clixtell est un leader mondial dans la fourniture de solutions de pointe pour le suivi d&#039;appels et la pr\u00e9vention antifraude de clics. L&#039;enregistrement de suivi professionnel de la soci\u00e9t\u00e9 repose sur un savoir-faire acquis par les ann\u00e9es d&#039;exp\u00e9rience dans le d\u00e9veloppement d&#039;un logiciel de pointe fournissant des solutions bien pens\u00e9es convenant \u00e0 tout type d&#039;entreprises.\" \/>\n<meta property=\"og:url\" content=\"https:\/\/www.clixtell.com\/fr\/a-propos\/\" \/>\n<meta property=\"og:site_name\" content=\"Click Fraud Protection | Call Tracking | Website Video Recorder | Clixtell\u2122\" \/>\n<meta property=\"article:publisher\" content=\"http:\/\/facebook.com\/clixtell\" \/>\n<meta property=\"article:modified_time\" content=\"2020-12-07T20:58:05+00:00\" \/>\n<meta property=\"og:image\" content=\"https:\/\/statics.clixtell.com\/wp-content\/uploads\/itegrations@3x-1.png\" \/>\n<meta name=\"twitter:card\" content=\"summary_large_image\" \/>\n<meta name=\"twitter:site\" content=\"@clixtell\" \/>\n<meta name=\"twitter:label1\" content=\"Dur\u00e9e de lecture estim\u00e9e\" \/>\n\t<meta name=\"twitter:data1\" content=\"2 minutes\" \/>\n<!-- \/ Yoast SEO plugin. -->","yoast_head_json":{"title":"Clixtell | A propos","description":"Clixtell est un leader mondial dans la fourniture de solutions de pointe pour le suivi d'appels et la pr\u00e9vention antifraude de clics. L'enregistrement de suivi professionnel de la soci\u00e9t\u00e9 repose sur un savoir-faire acquis par les ann\u00e9es d'exp\u00e9rience dans le d\u00e9veloppement d'un logiciel de pointe fournissant des solutions bien pens\u00e9es convenant \u00e0 tout type d'entreprises.","robots":{"index":"index","follow":"follow","max-snippet":"max-snippet:-1","max-image-preview":"max-image-preview:large","max-video-preview":"max-video-preview:-1"},"canonical":"https:\/\/www.clixtell.com\/fr\/a-propos\/","og_locale":"fr_FR","og_type":"article","og_title":"Clixtell | A propos","og_description":"Clixtell est un leader mondial dans la fourniture de solutions de pointe pour le suivi d'appels et la pr\u00e9vention antifraude de clics. L'enregistrement de suivi professionnel de la soci\u00e9t\u00e9 repose sur un savoir-faire acquis par les ann\u00e9es d'exp\u00e9rience dans le d\u00e9veloppement d'un logiciel de pointe fournissant des solutions bien pens\u00e9es convenant \u00e0 tout type d'entreprises.","og_url":"https:\/\/www.clixtell.com\/fr\/a-propos\/","og_site_name":"Click Fraud Protection | Call Tracking | Website Video Recorder | Clixtell\u2122","article_publisher":"http:\/\/facebook.com\/clixtell","article_modified_time":"2020-12-07T20:58:05+00:00","og_image":[{"url":"https:\/\/statics.clixtell.com\/wp-content\/uploads\/itegrations@3x-1.png","type":"","width":"","height":""}],"twitter_card":"summary_large_image","twitter_site":"@clixtell","twitter_misc":{"Dur\u00e9e de lecture estim\u00e9e":"2 minutes"},"schema":{"@context":"https:\/\/schema.org","@graph":[{"@type":"WebPage","@id":"https:\/\/www.clixtell.com\/fr\/a-propos\/","url":"https:\/\/www.clixtell.com\/fr\/a-propos\/","name":"Clixtell | A propos","isPartOf":{"@id":"https:\/\/www.clixtell.com\/fr\/#website"},"primaryImageOfPage":{"@id":"https:\/\/www.clixtell.com\/fr\/a-propos\/#primaryimage"},"image":{"@id":"https:\/\/www.clixtell.com\/fr\/a-propos\/#primaryimage"},"thumbnailUrl":"https:\/\/statics.clixtell.com\/wp-content\/uploads\/itegrations@3x-1.png","datePublished":"2020-11-25T16:36:26+00:00","dateModified":"2020-12-07T20:58:05+00:00","description":"Clixtell est un leader mondial dans la fourniture de solutions de pointe pour le suivi d'appels et la pr\u00e9vention antifraude de clics. L'enregistrement de suivi professionnel de la soci\u00e9t\u00e9 repose sur un savoir-faire acquis par les ann\u00e9es d'exp\u00e9rience dans le d\u00e9veloppement d'un logiciel de pointe fournissant des solutions bien pens\u00e9es convenant \u00e0 tout type d'entreprises.","breadcrumb":{"@id":"https:\/\/www.clixtell.com\/fr\/a-propos\/#breadcrumb"},"inLanguage":"fr-FR","potentialAction":[{"@type":"ReadAction","target":["https:\/\/www.clixtell.com\/fr\/a-propos\/"]}]},{"@type":"ImageObject","inLanguage":"fr-FR","@id":"https:\/\/www.clixtell.com\/fr\/a-propos\/#primaryimage","url":"https:\/\/statics.clixtell.com\/wp-content\/uploads\/itegrations@3x-1.png","contentUrl":"https:\/\/statics.clixtell.com\/wp-content\/uploads\/itegrations@3x-1.png"},{"@type":"BreadcrumbList","@id":"https:\/\/www.clixtell.com\/fr\/a-propos\/#breadcrumb","itemListElement":[{"@type":"ListItem","position":1,"name":"Home","item":"https:\/\/www.clixtell.com\/fr\/"},{"@type":"ListItem","position":2,"name":"Clixtell | A propos"}]},{"@type":"WebSite","@id":"https:\/\/www.clixtell.com\/fr\/#website","url":"https:\/\/www.clixtell.com\/fr\/","name":"Click Fraud Protection | Call Tracking | Website Video Recorder | Clixtell\u2122","description":"Safe &amp; Sound Digital Marketing","publisher":{"@id":"https:\/\/www.clixtell.com\/fr\/#organization"},"potentialAction":[{"@type":"SearchAction","target":{"@type":"EntryPoint","urlTemplate":"https:\/\/www.clixtell.com\/fr\/?s={search_term_string}"},"query-input":{"@type":"PropertyValueSpecification","valueRequired":true,"valueName":"search_term_string"}}],"inLanguage":"fr-FR"},{"@type":"Organization","@id":"https:\/\/www.clixtell.com\/fr\/#organization","name":"Clixtell","url":"https:\/\/www.clixtell.com\/fr\/","logo":{"@type":"ImageObject","inLanguage":"fr-FR","@id":"https:\/\/www.clixtell.com\/fr\/#\/schema\/logo\/image\/","url":"https:\/\/www.clixtell.com\/wp-content\/uploads\/logoc.png","contentUrl":"https:\/\/www.clixtell.com\/wp-content\/uploads\/logoc.png","width":168,"height":43,"caption":"Clixtell"},"image":{"@id":"https:\/\/www.clixtell.com\/fr\/#\/schema\/logo\/image\/"},"sameAs":["http:\/\/facebook.com\/clixtell","https:\/\/x.com\/clixtell"]}]}},"_links":{"self":[{"href":"https:\/\/www.clixtell.com\/fr\/wp-json\/wp\/v2\/pages\/5594","targetHints":{"allow":["GET"]}}],"collection":[{"href":"https:\/\/www.clixtell.com\/fr\/wp-json\/wp\/v2\/pages"}],"about":[{"href":"https:\/\/www.clixtell.com\/fr\/wp-json\/wp\/v2\/types\/page"}],"author":[{"embeddable":true,"href":"https:\/\/www.clixtell.com\/fr\/wp-json\/wp\/v2\/users\/1"}],"replies":[{"embeddable":true,"href":"https:\/\/www.clixtell.com\/fr\/wp-json\/wp\/v2\/comments?post=5594"}],"version-history":[{"count":0,"href":"https:\/\/www.clixtell.com\/fr\/wp-json\/wp\/v2\/pages\/5594\/revisions"}],"wp:attachment":[{"href":"https:\/\/www.clixtell.com\/fr\/wp-json\/wp\/v2\/media?parent=5594"}],"curies":[{"name":"wp","href":"https:\/\/api.w.org\/{rel}","templated":true}]}}