{"id":5696,"date":"2020-12-07T20:58:05","date_gmt":"2020-12-07T20:58:05","guid":{"rendered":"https:\/\/www.clixtell.com\/?page_id=5696"},"modified":"2020-12-07T20:58:05","modified_gmt":"2020-12-07T20:58:05","slug":"page-daccueil","status":"publish","type":"page","link":"https:\/\/www.clixtell.com\/fr\/","title":{"rendered":"Clixtell &#8211; Suivi des appels | Protection contre la fraude au clic | Enregistreur vid\u00e9o du site web"},"content":{"rendered":"<div class=\"home-content\">\n<div class=\"background\"><\/div>\n<section>\n\t<div class=\"container\">\n\t\t<div class=\"main\">\n\t\t\t<div class=\"row\">\n\t\t\t\t<div class=\"col-md-6\" style=\"padding-top: 16%;\">\n\t\t\t\t\t<h1 style=\"color: #fff;\">Dominez votre marketing num\u00e9rique<\/h1>\n\t\t\t\t\t<h3 style=\"color: #fff; margin-top: 3vh;\">Track &amp; ; Enregistrer les appels, mettre fin aux activit\u00e9s de fraude par clic<br>\n  et regardez votre site web \u00e0 travers<br>\n  Les yeux de vos visiteurs.<\/h3>\n\t\t\t\t\t<div class=\"row\" style=\"margin-top: 3vh;\">\n                    \t<a href=\"https:\/\/www.clixtell.com\/freetrial\/\" class=\"whitecfbtn bigbtn\">D\u00e9marrer l&#8217;essai gratuit<\/a>\n\t\t\t\t\t<\/div>\n\t\t\t\t<\/div>\n\t\t\t\t<div class=\"col-md-6\" style=\"padding-top: 7%;\">\n\t\t\t\t\t<video src=\"https:\/\/statics.clixtell.com\/wp-content\/uploads\/homepage-animation-comp.webm\" autoplay=\"\" loop=\"\" playsinline=\"\" muted=\"\" type=\"video\/webm\" style=\"position: absolute; left: -100px;\" class=\"mob-img d-none d-md-block\"><\/video>\n\t\t\t\t\t<img decoding=\"async\" src=\"https:\/\/statics.clixtell.com\/wp-content\/uploads\/main-illustration@3x-8.png\" class=\"mob-img d-block d-md-none\">\n\t\t\t\t<\/div>\n\t\t\t<\/div>\n\t\t<\/div>\n\t<\/div>\n<\/div>\n<\/section>\n<section>\n\t<div class=\"container\">\n\t\t<h1 class=\"center\">Nos produits<\/h1>\n\t\t<div class=\"row mproduct\">\n\t\t\t<!--div class=\"col-lg-6 d-block d-lg-none center\">\n\t\t\t\t<img decoding=\"async\" src=\"https:\/\/statics.clixtell.com\/wp-content\/uploads\/call-tracking@3x-8.png\" alt=\"call tracking\" class=\"mob-img\">\n\t\t\t<\/div-->\n\t\t\t<div class=\"col-lg-6\" style=\"padding-top:5%;\">\n\t\t\t\t<div class=\"row\"><img decoding=\"async\" src=\"https:\/\/statics.clixtell.com\/wp-content\/uploads\/ct.svg\">\n\t\t\t\t<span class=\"title cct\">Suivi des appels<\/span><\/div>\n\t\t\t\t\t<div class=\"row content\">\n\t\t\t\t\t\t<div class=\"product-text\">Notre logiciel avanc\u00e9 de suivi des appels r\u00e9v\u00e8le quels mots cl\u00e9s de recherche, campagnes et annonces g\u00e9n\u00e8rent des appels et des conversions. Observez le parcours complet de votre client, de la recherche sur votre site web \u00e0 l&#8217;appel et \u00e0 l&#8217;amplification, en passant par la conversion. Notre puissant outil d&#8217;analyse des appels alimentera votre Google Analytics &amp; ; Google Ads avec des donn\u00e9es de suivi des appels qui vous aideront \u00e0 optimiser les campagnes et \u00e0 augmenter le retour sur investissement.<\/div>\n\t\t\t\t\t\t<\/div>\n\t\t\t\t\t\t<div class=\"row cta\"><a href=\"https:\/\/www.clixtell.com\/fr\/suivi-appel\/\"><img decoding=\"async\" src=\"https:\/\/statics.clixtell.com\/wp-content\/uploads\/ctlm.png\"><\/a><\/div>\n\t\t\t\t\t<\/div>\n\t\t\t\t\t<div class=\"col-lg-6 d-none d-lg-block\"><video src=\"https:\/\/statics.clixtell.com\/wp-content\/uploads\/ct-feat.webm\" autoplay=\"\" loop=\"\" playsinline=\"\" muted=\"\" type=\"video\/webm\"><\/video><\/div>\n\t\t\t\t<\/div>\n\t\t\t\t<div class=\"row mproduct\">\n\t\t\t\t\t<div class=\"col-lg-6 d-none d-lg-block\"><video src=\"https:\/\/statics.clixtell.com\/wp-content\/uploads\/cf-feat.webm\" autoplay=\"\" loop=\"\" playsinline=\"\" muted=\"\" type=\"video\/webm\"><\/video>\n\t\t\t\t\t<\/div>\n\t\t\t\t\t<!--div class=\"col-lg-6 d-block d-lg-none center\">\n\t\t\t\t\t\t<img decoding=\"async\" src=\"https:\/\/statics.clixtell.com\/wp-content\/uploads\/click-fraud-02@3x.png\" alt=\"click fraud protection software\" class=\"mob-img\">\n\t\t\t\t\t<\/div-->\n\t\t\t\t\t<div class=\"col-lg-6\" style=\"padding-top: 25px;\">\n\t\t\t\t\t\t<div class=\"row\"><img decoding=\"async\" src=\"https:\/\/statics.clixtell.com\/wp-content\/uploads\/cf.svg\">\n\t\t\t\t\t\t<span style=\"font-size: 27px; color: #0080ff; letter-spacing: 0.39px; line-height: 53px;\">Cliquez sur Protection contre la fraude<\/span><\/div>\n\t\t\t\t\t\t<div class=\"row\" style=\"margin-top: 17px; padding-left: 20px;\">\n\t\t\t\t\t\t\t<div class=\"product-text\">Nous surveillons chaque visite sur votre site web, d\u00e9tectons la fraude au clic et s\u00e9curisons votre budget PPC en bloquant toute tentative d&#8217;attaque de vos campagnes Google Ads &amp; ; Bing Ads. Avec Clixtell, vous pouvez imm\u00e9diatement &amp; ; emp\u00eacher automatiquement les agresseurs de voir vos publicit\u00e9s. Notre logiciel convivial vous permet de s\u00e9curiser votre budget Google Ads en emp\u00eachant constamment les activit\u00e9s de fraude au clic.<\/div>\n\t\t\t\t\t\t<\/div>\n\t\t\t\t\t\t<div class=\"row\" style=\"margin-top: 44px;\"><a href=\"https:\/\/www.clixtell.com\/fr\/protection-fraude-clic\/\"><img decoding=\"async\" src=\"https:\/\/statics.clixtell.com\/wp-content\/uploads\/cflm.png\"><\/a><\/div>\n\t\t\t\t\t<\/div>\n\t\t\t\t<\/div>\n\t\t\t\t<div class=\"row mproduct\">\n\t\t\t\t\t<!--div class=\"col-lg-6 d-block d-lg-none center\">\n\t\t\t\t\t\t<img decoding=\"async\" src=\"https:\/\/statics.clixtell.com\/wp-content\/uploads\/video-recorder@3x.png\" class=\"mob-img\">\n\t\t\t\t\t<\/div-->\n\t\t\t\t\t<div class=\"col-lg-6\" style=\"padding-top:8%;\">\n\t\t\t\t\t\t<div class=\"row\"><img decoding=\"async\" src=\"https:\/\/statics.clixtell.com\/wp-content\/uploads\/wr.svg\">\n\t\t\t\t\t\t<span class=\"title\" style=\"color: #b53dff;\">Enregistreur vid\u00e9o du site web<\/span><\/div>\n\t\t\t\t\t\t<div class=\"row content\">\n\t\t\t\t\t\t\t<div class=\"product-text\">Observez et comprenez le comportement des visiteurs de votre site web gr\u00e2ce \u00e0 des informations visuelles claires et utiles. Notre enregistreur de session vous donne une image compl\u00e8te des visiteurs de votre site web et des d\u00e9tails complets de leurs mouvements de souris, de leurs clics, de leurs d\u00e9filements et de leur \u00e9criture de texte. Vous pouvez d\u00e9sormais voir votre site web \u00e0 travers les yeux de vos visiteurs.<\/div>\n\t\t\t\t\t\t<\/div>\n\t\t\t\t\t\t<div class=\"row cta\"><a href=\"https:\/\/www.clixtell.com\/fr\/enregistreur-video-site-web\/\"><img decoding=\"async\" src=\"https:\/\/statics.clixtell.com\/wp-content\/uploads\/wrlm.png\"><\/a><\/div>\n\t\t\t\t\t<\/div>\n\t\t\t\t\t<div class=\"col-lg-6 d-none d-lg-block\"><video src=\"https:\/\/statics.clixtell.com\/wp-content\/uploads\/vr-feat.webm\" autoplay=\"\" loop=\"\" playsinline=\"\" muted=\"\" type=\"video\/webm\"><\/video><\/div>\n\t\t\t\t<\/div>\n\t\t\t<\/div>\n<\/section>\n<section style=\"margin-top:100px;\">\n\t<div class=\"container\">\n\t<h1 class=\"center\" style=\"margin-bottom: 53px;\">\u00c0 propos de nous<\/h1>\n\t\t<div class=\"row\">\n\t\t\t<div class=\"col-lg-4\">\n\t\t\t\t<span class=\"aheader\">Solutions de pointe<\/span>\n\t\t\t\t<div style=\"margin-top: 22px;\">\n\t\t\t\t<p class=\"acontent\">Clixtell est un leader mondial dans la fourniture de\n  des solutions de pointe pour l&#8217;appel\n  le suivi et la pr\u00e9vention de la fraude au clic.\n  Le parcours professionnel de l&#8217;entreprise\n  L&#8217;enregistrement est bas\u00e9 sur l&#8217;expertise&#8230;<\/p>\n\t\t\t\t<\/div>\n\t\t\t\t<div class=\"alink\"><a href=\"https:\/\/www.clixtell.com\/fr\/a-propos\/\">En savoir plus &gt;<\/a><\/div>\n\t\t\t<\/div>\n\t\t\t<div class=\"col-lg-4\">\n\t\t\t<span class=\"aheader\">Convient \u00e0 tous les types de clients<\/span>\n\t\t\t<div style=\"margin-top: 22px;\">\n\t\t\t\t<p class=\"acontent\">La soci\u00e9t\u00e9 fournit des services sur mesure\n  des solutions pour les grandes agences ainsi que\n  aux petites entreprises du monde entier. Nos plans rentables et flexibles sont con\u00e7us pour convenir \u00e0 tous les clients selon&#8230;<\/p>\n\n\t\t\t<\/div>\n\t\t\t<div class=\"alink\"><a href=\"https:\/\/www.clixtell.com\/fr\/a-propos\/\">En savoir plus &gt;<\/a><\/div>\n\t\t<\/div>\n\t\t<div class=\"col-lg-4\">\n\t\t\t<span class=\"aheader\">Outils avanc\u00e9s<\/span>\n\t\t\t\t<div style=\"margin-top: 22px;\">\n\t\t\t\t\t<p class=\"acontent\">Les outils avanc\u00e9s de Clixtell pour le web\n  la publicit\u00e9 \u00e0 l&#8217;\u00e8re num\u00e9rique ont\n  a apport\u00e9 sa r\u00e9putation mondiale en tant que\n  une croissance et une am\u00e9lioration constantes\n  entreprise qui s&#8217;efforce de fournir un&#8230;<\/p>\n\n\t\t\t\t<\/div>\n\t\t\t\t<div class=\"alink\"><a href=\"https:\/\/www.clixtell.com\/fr\/a-propos\/\">En savoir plus &gt;<\/a><\/div>\n\t\t\t<\/div>\n\t\t<\/div>\n\t<\/div>\n<\/section>\n<script>window.jQuery || document.write(')<script src=\"..\/..\/assets\/js\/vendor\/jquery-slim.min.js\"><\\\/script>')<\/script>\n\t","protected":false},"excerpt":{"rendered":"Dominez votre marketing num\u00e9rique Track &amp; ; Enregistrer les appels, mettre fin aux activit\u00e9s de fraude par clic et regardez votre site web \u00e0 travers Les yeux de vos visiteurs. D\u00e9marrer l&#8217;essai gratuit Nos produits Suivi des appels Notre logiciel avanc\u00e9 de suivi des appels r\u00e9v\u00e8le quels mots cl\u00e9s de recherche, campagnes et annonces g\u00e9n\u00e8rent [&hellip;]","protected":false},"author":1,"featured_media":0,"parent":0,"menu_order":0,"comment_status":"closed","ping_status":"closed","template":"","meta":{"footnotes":""},"class_list":["post-5696","page","type-page","status-publish","hentry"],"yoast_head":"<!-- This site is optimized with the Yoast SEO plugin v26.8 - https:\/\/yoast.com\/product\/yoast-seo-wordpress\/ -->\n<title>Clixtell - Suivi des appels | Protection contre la fraude au clic | Enregistreur vid\u00e9o du site web<\/title>\n<meta name=\"description\" content=\"Clixtell est un leader mondial dans la fourniture de solutions de pointe pour le suivi, la d\u00e9tection et l&#039;amplification des appels, la pr\u00e9vention de la fraude au PPC et l&#039;enregistrement vid\u00e9o de sites web.\" \/>\n<meta name=\"robots\" content=\"index, follow, max-snippet:-1, max-image-preview:large, max-video-preview:-1\" \/>\n<link rel=\"canonical\" href=\"https:\/\/www.clixtell.com\/fr\/\" \/>\n<meta property=\"og:locale\" content=\"fr_FR\" \/>\n<meta property=\"og:type\" content=\"article\" \/>\n<meta property=\"og:title\" content=\"Clixtell - Suivi des appels | Protection contre la fraude au clic | Enregistreur vid\u00e9o du site web\" \/>\n<meta property=\"og:description\" content=\"Clixtell est un leader mondial dans la fourniture de solutions de pointe pour le suivi, la d\u00e9tection et l&#039;amplification des appels, la pr\u00e9vention de la fraude au PPC et l&#039;enregistrement vid\u00e9o de sites web.\" \/>\n<meta property=\"og:url\" content=\"https:\/\/www.clixtell.com\/fr\/\" \/>\n<meta property=\"og:site_name\" content=\"Click Fraud Protection | Call Tracking | Website Video Recorder | Clixtell\u2122\" \/>\n<meta property=\"article:publisher\" content=\"http:\/\/facebook.com\/clixtell\" \/>\n<meta property=\"og:image\" content=\"https:\/\/statics.clixtell.com\/wp-content\/uploads\/main-illustration@3x-8.png\" \/>\n<meta name=\"twitter:card\" content=\"summary_large_image\" \/>\n<meta name=\"twitter:site\" content=\"@clixtell\" \/>\n<meta name=\"twitter:label1\" content=\"Dur\u00e9e de lecture estim\u00e9e\" \/>\n\t<meta name=\"twitter:data1\" content=\"2 minutes\" \/>\n<!-- \/ Yoast SEO plugin. -->","yoast_head_json":{"title":"Clixtell - Suivi des appels | Protection contre la fraude au clic | Enregistreur vid\u00e9o du site web","description":"Clixtell est un leader mondial dans la fourniture de solutions de pointe pour le suivi, la d\u00e9tection et l'amplification des appels, la pr\u00e9vention de la fraude au PPC et l'enregistrement vid\u00e9o de sites web.","robots":{"index":"index","follow":"follow","max-snippet":"max-snippet:-1","max-image-preview":"max-image-preview:large","max-video-preview":"max-video-preview:-1"},"canonical":"https:\/\/www.clixtell.com\/fr\/","og_locale":"fr_FR","og_type":"article","og_title":"Clixtell - Suivi des appels | Protection contre la fraude au clic | Enregistreur vid\u00e9o du site web","og_description":"Clixtell est un leader mondial dans la fourniture de solutions de pointe pour le suivi, la d\u00e9tection et l'amplification des appels, la pr\u00e9vention de la fraude au PPC et l'enregistrement vid\u00e9o de sites web.","og_url":"https:\/\/www.clixtell.com\/fr\/","og_site_name":"Click Fraud Protection | Call Tracking | Website Video Recorder | Clixtell\u2122","article_publisher":"http:\/\/facebook.com\/clixtell","og_image":[{"url":"https:\/\/statics.clixtell.com\/wp-content\/uploads\/main-illustration@3x-8.png","type":"","width":"","height":""}],"twitter_card":"summary_large_image","twitter_site":"@clixtell","twitter_misc":{"Dur\u00e9e de lecture estim\u00e9e":"2 minutes"},"schema":{"@context":"https:\/\/schema.org","@graph":[{"@type":"WebPage","@id":"https:\/\/www.clixtell.com\/fr\/","url":"https:\/\/www.clixtell.com\/fr\/","name":"Clixtell - Suivi des appels | Protection contre la fraude au clic | Enregistreur vid\u00e9o du site web","isPartOf":{"@id":"https:\/\/www.clixtell.com\/fr\/#website"},"primaryImageOfPage":{"@id":"https:\/\/www.clixtell.com\/fr\/#primaryimage"},"image":{"@id":"https:\/\/www.clixtell.com\/fr\/#primaryimage"},"thumbnailUrl":"https:\/\/statics.clixtell.com\/wp-content\/uploads\/main-illustration@3x-8.png","datePublished":"2020-12-07T20:58:05+00:00","description":"Clixtell est un leader mondial dans la fourniture de solutions de pointe pour le suivi, la d\u00e9tection et l'amplification des appels, la pr\u00e9vention de la fraude au PPC et l'enregistrement vid\u00e9o de sites web.","breadcrumb":{"@id":"https:\/\/www.clixtell.com\/fr\/#breadcrumb"},"inLanguage":"fr-FR","potentialAction":[{"@type":"ReadAction","target":["https:\/\/www.clixtell.com\/fr\/"]}]},{"@type":"ImageObject","inLanguage":"fr-FR","@id":"https:\/\/www.clixtell.com\/fr\/#primaryimage","url":"https:\/\/statics.clixtell.com\/wp-content\/uploads\/main-illustration@3x-8.png","contentUrl":"https:\/\/statics.clixtell.com\/wp-content\/uploads\/main-illustration@3x-8.png"},{"@type":"BreadcrumbList","@id":"https:\/\/www.clixtell.com\/fr\/#breadcrumb","itemListElement":[{"@type":"ListItem","position":1,"name":"Home","item":"https:\/\/www.clixtell.com\/fr\/"},{"@type":"ListItem","position":2,"name":"Clixtell &#8211; Suivi des appels | Protection contre la fraude au clic | Enregistreur vid\u00e9o du site web"}]},{"@type":"WebSite","@id":"https:\/\/www.clixtell.com\/fr\/#website","url":"https:\/\/www.clixtell.com\/fr\/","name":"Click Fraud Protection | Call Tracking | Website Video Recorder | Clixtell\u2122","description":"Safe &amp; Sound Digital Marketing","publisher":{"@id":"https:\/\/www.clixtell.com\/fr\/#organization"},"potentialAction":[{"@type":"SearchAction","target":{"@type":"EntryPoint","urlTemplate":"https:\/\/www.clixtell.com\/fr\/?s={search_term_string}"},"query-input":{"@type":"PropertyValueSpecification","valueRequired":true,"valueName":"search_term_string"}}],"inLanguage":"fr-FR"},{"@type":"Organization","@id":"https:\/\/www.clixtell.com\/fr\/#organization","name":"Clixtell","url":"https:\/\/www.clixtell.com\/fr\/","logo":{"@type":"ImageObject","inLanguage":"fr-FR","@id":"https:\/\/www.clixtell.com\/fr\/#\/schema\/logo\/image\/","url":"https:\/\/www.clixtell.com\/wp-content\/uploads\/logoc.png","contentUrl":"https:\/\/www.clixtell.com\/wp-content\/uploads\/logoc.png","width":168,"height":43,"caption":"Clixtell"},"image":{"@id":"https:\/\/www.clixtell.com\/fr\/#\/schema\/logo\/image\/"},"sameAs":["http:\/\/facebook.com\/clixtell","https:\/\/x.com\/clixtell"]}]}},"_links":{"self":[{"href":"https:\/\/www.clixtell.com\/fr\/wp-json\/wp\/v2\/pages\/5696","targetHints":{"allow":["GET"]}}],"collection":[{"href":"https:\/\/www.clixtell.com\/fr\/wp-json\/wp\/v2\/pages"}],"about":[{"href":"https:\/\/www.clixtell.com\/fr\/wp-json\/wp\/v2\/types\/page"}],"author":[{"embeddable":true,"href":"https:\/\/www.clixtell.com\/fr\/wp-json\/wp\/v2\/users\/1"}],"replies":[{"embeddable":true,"href":"https:\/\/www.clixtell.com\/fr\/wp-json\/wp\/v2\/comments?post=5696"}],"version-history":[{"count":0,"href":"https:\/\/www.clixtell.com\/fr\/wp-json\/wp\/v2\/pages\/5696\/revisions"}],"wp:attachment":[{"href":"https:\/\/www.clixtell.com\/fr\/wp-json\/wp\/v2\/media?parent=5696"}],"curies":[{"name":"wp","href":"https:\/\/api.w.org\/{rel}","templated":true}]}}