{"id":5752,"date":"2020-12-07T20:58:04","date_gmt":"2020-12-07T20:58:04","guid":{"rendered":"https:\/\/www.clixtell.com\/?page_id=5752"},"modified":"2020-12-07T20:58:04","modified_gmt":"2020-12-07T20:58:04","slug":"caracteristiques-attribution-appels","status":"publish","type":"page","link":"https:\/\/www.clixtell.com\/fr\/suivi-appel\/caracteristiques-attribution-appels\/","title":{"rendered":"Attribution des appels | Logiciel de suivi et d&#8217;analyse des appels | Clixtell"},"content":{"rendered":"\t<div class=\"container\">\n\t\t<div class=\"row\" style=\"padding-top:0h\">\n\t\t\t<div class=\"col-lg-8 mob-marg\">\n\t\t\t\t<h1 style=\"color: #fff; text-align: left; margin-top:5vh\">Suivez chaque appel vers votre entreprise<\/h1>\n\t\t\t\t<h3 style=\"color: #FFFFFF;\">Notre logiciel de suivi des appels r\u00e9v\u00e8le quels mots-cl\u00e9s,<br>les campagnes et les publicit\u00e9s entra\u00eenent des appels et des conversions. <\/h3>\n\t\t\t<\/div>\n\t\t<\/div>\n\t<\/div>\n<\/div>\n<\/div>\n\n<section>\n\t<div class=\"container\" style=\"margin-top:81px;\">\n\t\t<h1 style=\"color: #000E4D; text-align: center; margin-bottom: 80px;\">Nos fonctions d&#8217;attribution des appels<\/h1>\n\t\t<div class=\"wrap\">\n\t\t\t<div class=\"row\">\n\t\t\t\t<div class=\"col-lg-6\">\n\t\t\t\t\t<div class=\"sbox\">\n\t\t\t\t\t\t<h2>Insertion dynamique t\u00e9l\u00e9phonique<\/h2>\n\t\t\t\t\t\t<p>L&#8217;insertion dynamique t\u00e9l\u00e9phonique de Clixtell g\u00e9n\u00e8re automatiquement un num\u00e9ro de t\u00e9l\u00e9phone de suivi bas\u00e9 sur la source qui a conduit un visiteur \u00e0 votre site web.<\/p>\n\t\t\t\t\t\t<a href=\"https:\/\/www.clixtell.com\/fr\/suivi-appel\/caracteristiques-attribution-appels\/insertion-dynamique-telephonique\/\"><img decoding=\"async\" src=\"https:\/\/statics.clixtell.com\/wp-content\/uploads\/ctlm-e1546158798884.png\" alt=\"learn more\"><\/a>\n\t\t\t\t\t<\/div>\n\t\t\t\t<\/div>\n\t\t\t\t<div class=\"col-lg-6\">\n\t\t\t\t\t<div class=\"sbox\">\n\t\t\t\t\t\t<h2>Suivi des appels par mot-cl\u00e9<\/h2>\n\t\t\t\t\t\t<p>Notre logiciel de suivi des appels par mot-cl\u00e9 vous montre quels mots-cl\u00e9s, campagnes, annonces et pages de renvoi produisent des appels et des conversions.<\/p>\n\t\t\t\t\t\t<a href=\"https:\/\/www.clixtell.com\/fr\/suivi-appel\/caracteristiques-attribution-appels\/suivi-des-appels-par-mot-cle\/\"><img decoding=\"async\" src=\"https:\/\/statics.clixtell.com\/wp-content\/uploads\/ctlm-e1546158798884.png\" alt=\"learn more\"><\/a>\n\t\t\t\t\t<\/div>\n\t\t\t\t<\/div>\n\t\t\t<\/div>\n\t\t\t<div class=\"row\">\n\t\t\t\t<div class=\"col-lg-6\">\n\t\t\t\t\t<div class=\"sbox\">\n\t\t\t\t\t\t<h2>Suivi des annonces &#8220;Click-To-Call&#8221;<\/h2>\n\t\t\t\t\t\t<p>Notre fonction permettant de suivre, de mesurer et d&#8217;enregistrer correctement les clics publicitaires en utilisant un num\u00e9ro de t\u00e9l\u00e9phone de suivi disponible instantan\u00e9ment.<\/p>\n\t\t\t\t\t\t<a href=\"https:\/\/www.clixtell.com\/fr\/suivi-appel\/caracteristiques-attribution-appels\/suivi-click-to-call-annonces\/\"><img decoding=\"async\" src=\"https:\/\/statics.clixtell.com\/wp-content\/uploads\/ctlm-e1546158798884.png\" alt=\"learn more\"><\/a>\n\t\t\t\t\t<\/div>\n\t\t\t\t<\/div>\n\t\t\t\t<div class=\"col-lg-6\">\n\t\t\t\t\t<div class=\"sbox\">\n\t\t\t\t\t\t<h2>Suivi des appels statiques et hors ligne<\/h2>\n\t\t\t\t\t\t<p>mesurer les conversions sur chacune des plateformes publicitaires, qu&#8217;il s&#8217;agisse de publicit\u00e9s imprim\u00e9es, de t\u00e9l\u00e9vision, de radio, de marketing par courriel ou de tout autre support.<\/p>\n\t\t\t\t\t\t<a href=\"https:\/\/www.clixtell.com\/fr\/suivi-appel\/caracteristiques-attribution-appels\/suivi-appel-hors-ligne\/\"><img decoding=\"async\" src=\"https:\/\/statics.clixtell.com\/wp-content\/uploads\/ctlm-e1546158798884.png\" alt=\"learn more\"><\/a>\n\t\t\t\t\t<\/div>\n\t\t\t\t<\/div>\t\t\t\t\n\t\t\t<\/div>\n\t\t<\/div>\n\t<\/div>\n<\/section>\n<div data-post-id=\"1339\" class=\"insert-page insert-page-1339 \"><section style=\"margin-top:100px; margin-bottom: 100px;\">\n\t<div class=\"wrap\" style=\"text-align: center\">\n\t\t<h3 style=\"color: #000E4D; margin:100px; font-size: 20px; font-weight: 500; letter-spacing: 0.39px; line-height: 28px; text-align: center; margin-bottom: 30px;\">Activez votre suivi d&#8217;appel maintenant<\/h3>\n\t\t<a href=\"http:\/\/clixtell.com\/freetrial\/?plan=4\" class=\"bigbtn fullctbtn\">Commencer un essai gratuit<\/a> <a href=\"http:\/\/clixtell.com\/book-a-demo\/\" class=\"bigbtn ctbtn\">Demander une d\u00e9mo<\/a>\n\t<\/div>\n<\/section><\/div>\n<div class=\"ctg3\" style=\"margin-top:110px; padding-bottom: 100px;\">\n\t<h1 style=\"color: #FFFFFF; text-align: center;margin: auto;padding-top:90px;\">Suivre les appels de vente et augmenter le taux de conversion<br> avec ces incroyables caract\u00e9ristiques :<\/h1>\n\t<div class=\"container row\" style=\"margin:auto; background-color: #FFFFFF; box-shadow: 1px 1px 15px 0 rgba(163,163,163,0.5);margin-top:80px; padding: 50px;\">\n\t\t<div class=\"features-list col-sm-3\">\n Essai gratuit et sans engagement <br>\n Installation facile et instantan\u00e9e<br>\n Num\u00e9ros locaux et gratuits<br>\n Tableau de bord des appels en direct<br>\n Statistiques sur les appels en temps r\u00e9el<br>\n Chronologie des visiteurs<br>\n\t\t<\/div>\n\t\t<div class=\"features-list col-sm-3\">Profil de s\u00e9curit\u00e9 personnalis\u00e9<br>\n Insertion dynamique du t\u00e9l\u00e9phone<br>\n Source \/ Suivi des appels de la campagne<br>\n Analyse des appels par mot-cl\u00e9<br>\n Suivi des appels statiques<br>\n Enregistrement d&#8217;appel<br>\n Messages Whisper \n\t\t<\/div>\n\t\t<div class=\"features-list col-sm-3\">\n Rapports d&#8217;appels d\u00e9taill\u00e9s<br>\n Flux d&#8217;appels personnalis\u00e9s<br>\n Conversion intelligente d&#8217;appel<br>\n Conversion intelligente web<br>\n Analyseur du suivi du site web<br>\n Niveaux d&#8217;acc\u00e8s des utilisateurs<br>\n\t\t<\/div>\n\t\t<div class=\"features-list col-sm-3\">\n Int\u00e9gration Google Analytics<br>\n Int\u00e9gration Google AdWords <br>\n Int\u00e9gration Zapier <br>\n Enregistreur de session vid\u00e9o<br>\n Application mobile iPhone &amp; Android<br>\n Support d\u00e9di\u00e9<br>     \n\t\t<\/div>\n\t<\/div>\n<\/div>\n<section style=\"margin-top:75px;\">\n<h1 style=\"height: 53px; color: #19CBD2; text-align:center;\">FAQ<\/h1>\n\t<div class=\"container\">\n\t\t<div class=\"faqs\">\n\t\t\t<div class=\"entry\">\n\t\t\t\t<div class=\"question\">Comment fonctionne le syst\u00e8me de suivi des appels Clixtell ?<div class=\"collapse plus\">+<\/div><\/div>\n\t\t\t\t<div class=\"answer\">Le service de suivi des appels Clixtell fonctionne en vous fournissant un num\u00e9ro de t\u00e9l\u00e9phone surveill\u00e9 que les clients appelleront et qui sera ensuite transmis \u00e0 votre num\u00e9ro de t\u00e9l\u00e9phone professionnel. Nous vous fournirons des enregistrements de ces appels et des informations analytiques qui vous aideront \u00e0 mesurer vos canaux publicitaires. Si vous avez choisi notre plan d&#8217;insertion t\u00e9l\u00e9phonique dynamique, notre logiciel vous fournira toutes les informations vitales dont vous avez besoin et changera dynamiquement et automatiquement les num\u00e9ros sur votre site web en fonction de vos param\u00e8tres. Les donn\u00e9es recueillies seront introduites dans votre syst\u00e8me d&#8217;analyse et vos publicit\u00e9s Google. <\/div>\n\t\t\t<\/div>\n\t\t\t<div class=\"entry\">\n\t\t\t\t<div class=\"question\">Pourquoi ai-je besoin de suivre les appels pour mes campagnes ?<div class=\"collapse plus\">+<\/div><\/div>\n\t\t\t\t<div class=\"answer\">Vous devez suivre les appels pour votre site web parce qu&#8217;en surveillant les appels, en particulier dans le cadre des campagnes PPC, vous obtiendrez des informations essentielles sur vos canaux publicitaires et comprendrez facilement ce qui fonctionne vraiment. Notre suivi des appels vous montrera d&#8217;o\u00f9 viennent les appels, quelles sont les campagnes qui se convertissent afin que vous puissiez facilement optimiser vos campagnes PPC, am\u00e9liorer le taux de conversion et augmenter les ventes.<\/div>\n\t\t\t<\/div>\n\t\t\t<div class=\"entry\">\n\t\t\t\t<div class=\"question\">Ai-je un engagement envers votre service de suivi des appels ?<div class=\"collapse plus\">+<\/div><\/div>\n\t\t\t\t<div class=\"answer\">Non, il n&#8217;y a pas d&#8217;engagement \u00e0 notre service et vous pouvez vous d\u00e9connecter \u00e0 tout moment. <\/div>\n\t\t\t<\/div>\n\t\t<\/div>\t\n\t\t<h1 style=\"color: #19CBD2; font-size: 25px; font-weight: bold; letter-spacing: 0.34px; line-height: 53px;text-align:center;margin-top:100px;\">Vous avez d&#8217;autres questions ?<\/h1>\n\t\t<a href=\"#\"><img decoding=\"async\" style=\"display:block;margin:auto;\" src=\"https:\/\/statics.clixtell.com\/wp-content\/uploads\/clickhere.png\" alt=\"contact us\"><\/a>\n\t<\/div>\n<\/section>\n<section>\n<div style=\"background-color: rgb(72,169,230,0.09);padding-top:90px; padding-bottom: 90px;\">\n<h1 style=\"color: #000E4D; text-align: center;\">S&#8217;int\u00e9grer \u00e0 toutes les plateformes et applications populaires<\/h1>\n\t<div class=\"brands\">\n\t\t<div class=\"row\">\n\t\t\t<img decoding=\"async\" src=\"https:\/\/statics.clixtell.com\/wp-content\/uploads\/tgads.png\" alt=\"google ads tracking\">\n\t\t\t<img decoding=\"async\" src=\"https:\/\/statics.clixtell.com\/wp-content\/uploads\/Bing-Ads-1.png\" alt=\"bing ads tracking\">\n\t\t\t<img decoding=\"async\" src=\"https:\/\/statics.clixtell.com\/wp-content\/uploads\/tga.png\" alt=\"google analytics\">\n\t\t\t<img decoding=\"async\" src=\"https:\/\/statics.clixtell.com\/wp-content\/uploads\/tweeb.png\" alt=\"weebly\">\n\t\t<\/div>\n\t\t<div class=\"row\">\n\t\t\t<img decoding=\"async\" src=\"https:\/\/statics.clixtell.com\/wp-content\/uploads\/twp.png\" alt=\"wordpress\">\n\t\t\t<img decoding=\"async\" src=\"https:\/\/statics.clixtell.com\/wp-content\/uploads\/twix.png\" alt=\"wix\">\n\t\t\t<img decoding=\"async\" src=\"https:\/\/statics.clixtell.com\/wp-content\/uploads\/tjoom.png\" alt=\"joomla\">\n\t\t\t<img decoding=\"async\" src=\"https:\/\/statics.clixtell.com\/wp-content\/uploads\/tshop.png\" alt=\"shopify\">\n\t\t<\/div>\n\t\t<\/div>\n<\/div>\n<\/section>\n<div data-post-id=\"1339\" class=\"insert-page insert-page-1339 \"><section style=\"margin-top:100px; margin-bottom: 100px;\">\n\t<div class=\"wrap\" style=\"text-align: center\">\n\t\t<h3 style=\"color: #000E4D; margin:100px; font-size: 20px; font-weight: 500; letter-spacing: 0.39px; line-height: 28px; text-align: center; margin-bottom: 30px;\">Activez votre suivi d&#8217;appel maintenant<\/h3>\n\t\t<a href=\"http:\/\/clixtell.com\/freetrial\/?plan=4\" class=\"bigbtn fullctbtn\">Commencer un essai gratuit<\/a> <a href=\"http:\/\/clixtell.com\/book-a-demo\/\" class=\"bigbtn ctbtn\">Demander une d\u00e9mo<\/a>\n\t<\/div>\n<\/section><\/div>\n<script>\n\n window.addEventListener('DOMContentLoaded',function() {\n \n $('.faqs .entry').on('click', function(el) {\n var index = $(this).index();\n if($('.faqs .entry .answer').eq(index).css('display') == \"block\") {\n $('.faqs .entry .answer').eq(index).hide();\n $('.faqs .entry .collapse').eq(index).html('+');\n }\n else {\n $('.faqs .entry .answer').eq(index).show();\n $('.faqs .entry .collapse').eq(index).html('-');\n }\n \/*for(var x=0;x <= $('.faqs .entry').length; x++) { } }*\/ }); }, false); <\/script>","protected":false},"excerpt":{"rendered":"Suivez chaque appel vers votre entreprise Notre logiciel de suivi des appels r\u00e9v\u00e8le quels mots-cl\u00e9s,les campagnes et les publicit\u00e9s entra\u00eenent des appels et des conversions. Nos fonctions d&#8217;attribution des appels Insertion dynamique t\u00e9l\u00e9phonique L&#8217;insertion dynamique t\u00e9l\u00e9phonique de Clixtell g\u00e9n\u00e8re automatiquement un num\u00e9ro de t\u00e9l\u00e9phone de suivi bas\u00e9 sur la source qui a conduit un visiteur [&hellip;]","protected":false},"author":1,"featured_media":0,"parent":5825,"menu_order":0,"comment_status":"closed","ping_status":"closed","template":"call-tracking.php","meta":{"footnotes":""},"class_list":["post-5752","page","type-page","status-publish","hentry"],"yoast_head":"<!-- This site is optimized with the Yoast SEO plugin v26.8 - https:\/\/yoast.com\/product\/yoast-seo-wordpress\/ -->\n<title>Attribution des appels | Logiciel de suivi et d&#039;analyse des appels | Clixtell<\/title>\n<meta name=\"description\" content=\"Suivez chaque appel vers votre entreprise, notre logiciel de suivi des appels r\u00e9v\u00e8le quels mots cl\u00e9s, campagnes et publicit\u00e9s sont \u00e0 l&#039;origine des appels et des conversions.\" \/>\n<meta name=\"robots\" content=\"index, follow, max-snippet:-1, max-image-preview:large, max-video-preview:-1\" \/>\n<link rel=\"canonical\" href=\"https:\/\/www.clixtell.com\/fr\/suivi-appel\/caracteristiques-attribution-appels\/\" \/>\n<meta property=\"og:locale\" content=\"fr_FR\" \/>\n<meta property=\"og:type\" content=\"article\" \/>\n<meta property=\"og:title\" content=\"Attribution des appels | Logiciel de suivi et d&#039;analyse des appels | Clixtell\" \/>\n<meta property=\"og:description\" content=\"Suivez chaque appel vers votre entreprise, notre logiciel de suivi des appels r\u00e9v\u00e8le quels mots cl\u00e9s, campagnes et publicit\u00e9s sont \u00e0 l&#039;origine des appels et des conversions.\" \/>\n<meta property=\"og:url\" content=\"https:\/\/www.clixtell.com\/fr\/suivi-appel\/caracteristiques-attribution-appels\/\" \/>\n<meta property=\"og:site_name\" content=\"Click Fraud Protection | Call Tracking | Website Video Recorder | Clixtell\u2122\" \/>\n<meta property=\"article:publisher\" content=\"http:\/\/facebook.com\/clixtell\" \/>\n<meta property=\"og:image\" content=\"https:\/\/statics.clixtell.com\/wp-content\/uploads\/ctlm-e1546158798884.png\" \/>\n<meta name=\"twitter:card\" content=\"summary_large_image\" \/>\n<meta name=\"twitter:site\" content=\"@clixtell\" \/>\n<meta name=\"twitter:label1\" content=\"Dur\u00e9e de lecture estim\u00e9e\" \/>\n\t<meta name=\"twitter:data1\" content=\"3 minutes\" \/>\n<!-- \/ Yoast SEO plugin. -->","yoast_head_json":{"title":"Attribution des appels | Logiciel de suivi et d'analyse des appels | Clixtell","description":"Suivez chaque appel vers votre entreprise, notre logiciel de suivi des appels r\u00e9v\u00e8le quels mots cl\u00e9s, campagnes et publicit\u00e9s sont \u00e0 l'origine des appels et des conversions.","robots":{"index":"index","follow":"follow","max-snippet":"max-snippet:-1","max-image-preview":"max-image-preview:large","max-video-preview":"max-video-preview:-1"},"canonical":"https:\/\/www.clixtell.com\/fr\/suivi-appel\/caracteristiques-attribution-appels\/","og_locale":"fr_FR","og_type":"article","og_title":"Attribution des appels | Logiciel de suivi et d'analyse des appels | Clixtell","og_description":"Suivez chaque appel vers votre entreprise, notre logiciel de suivi des appels r\u00e9v\u00e8le quels mots cl\u00e9s, campagnes et publicit\u00e9s sont \u00e0 l'origine des appels et des conversions.","og_url":"https:\/\/www.clixtell.com\/fr\/suivi-appel\/caracteristiques-attribution-appels\/","og_site_name":"Click Fraud Protection | Call Tracking | Website Video Recorder | Clixtell\u2122","article_publisher":"http:\/\/facebook.com\/clixtell","og_image":[{"url":"https:\/\/statics.clixtell.com\/wp-content\/uploads\/ctlm-e1546158798884.png","type":"","width":"","height":""}],"twitter_card":"summary_large_image","twitter_site":"@clixtell","twitter_misc":{"Dur\u00e9e de lecture estim\u00e9e":"3 minutes"},"schema":{"@context":"https:\/\/schema.org","@graph":[{"@type":"WebPage","@id":"https:\/\/www.clixtell.com\/fr\/suivi-appel\/caracteristiques-attribution-appels\/","url":"https:\/\/www.clixtell.com\/fr\/suivi-appel\/caracteristiques-attribution-appels\/","name":"Attribution des appels | Logiciel de suivi et d'analyse des appels | Clixtell","isPartOf":{"@id":"https:\/\/www.clixtell.com\/fr\/#website"},"primaryImageOfPage":{"@id":"https:\/\/www.clixtell.com\/fr\/suivi-appel\/caracteristiques-attribution-appels\/#primaryimage"},"image":{"@id":"https:\/\/www.clixtell.com\/fr\/suivi-appel\/caracteristiques-attribution-appels\/#primaryimage"},"thumbnailUrl":"https:\/\/statics.clixtell.com\/wp-content\/uploads\/ctlm-e1546158798884.png","datePublished":"2020-12-07T20:58:04+00:00","description":"Suivez chaque appel vers votre entreprise, notre logiciel de suivi des appels r\u00e9v\u00e8le quels mots cl\u00e9s, campagnes et publicit\u00e9s sont \u00e0 l'origine des appels et des conversions.","breadcrumb":{"@id":"https:\/\/www.clixtell.com\/fr\/suivi-appel\/caracteristiques-attribution-appels\/#breadcrumb"},"inLanguage":"fr-FR","potentialAction":[{"@type":"ReadAction","target":["https:\/\/www.clixtell.com\/fr\/suivi-appel\/caracteristiques-attribution-appels\/"]}]},{"@type":"ImageObject","inLanguage":"fr-FR","@id":"https:\/\/www.clixtell.com\/fr\/suivi-appel\/caracteristiques-attribution-appels\/#primaryimage","url":"https:\/\/statics.clixtell.com\/wp-content\/uploads\/ctlm-e1546158798884.png","contentUrl":"https:\/\/statics.clixtell.com\/wp-content\/uploads\/ctlm-e1546158798884.png"},{"@type":"BreadcrumbList","@id":"https:\/\/www.clixtell.com\/fr\/suivi-appel\/caracteristiques-attribution-appels\/#breadcrumb","itemListElement":[{"@type":"ListItem","position":1,"name":"Home","item":"https:\/\/www.clixtell.com\/fr\/"},{"@type":"ListItem","position":2,"name":"Clixtell | Logiciel de suivi et d&rsquo;analyse des appels","item":"https:\/\/www.clixtell.com\/fr\/suivi-appel\/"},{"@type":"ListItem","position":3,"name":"Attribution des appels | Logiciel de suivi et d&rsquo;analyse des appels | Clixtell"}]},{"@type":"WebSite","@id":"https:\/\/www.clixtell.com\/fr\/#website","url":"https:\/\/www.clixtell.com\/fr\/","name":"Click Fraud Protection | Call Tracking | Website Video Recorder | Clixtell\u2122","description":"Safe &amp; Sound Digital Marketing","publisher":{"@id":"https:\/\/www.clixtell.com\/fr\/#organization"},"potentialAction":[{"@type":"SearchAction","target":{"@type":"EntryPoint","urlTemplate":"https:\/\/www.clixtell.com\/fr\/?s={search_term_string}"},"query-input":{"@type":"PropertyValueSpecification","valueRequired":true,"valueName":"search_term_string"}}],"inLanguage":"fr-FR"},{"@type":"Organization","@id":"https:\/\/www.clixtell.com\/fr\/#organization","name":"Clixtell","url":"https:\/\/www.clixtell.com\/fr\/","logo":{"@type":"ImageObject","inLanguage":"fr-FR","@id":"https:\/\/www.clixtell.com\/fr\/#\/schema\/logo\/image\/","url":"https:\/\/www.clixtell.com\/wp-content\/uploads\/logoc.png","contentUrl":"https:\/\/www.clixtell.com\/wp-content\/uploads\/logoc.png","width":168,"height":43,"caption":"Clixtell"},"image":{"@id":"https:\/\/www.clixtell.com\/fr\/#\/schema\/logo\/image\/"},"sameAs":["http:\/\/facebook.com\/clixtell","https:\/\/x.com\/clixtell"]}]}},"_links":{"self":[{"href":"https:\/\/www.clixtell.com\/fr\/wp-json\/wp\/v2\/pages\/5752","targetHints":{"allow":["GET"]}}],"collection":[{"href":"https:\/\/www.clixtell.com\/fr\/wp-json\/wp\/v2\/pages"}],"about":[{"href":"https:\/\/www.clixtell.com\/fr\/wp-json\/wp\/v2\/types\/page"}],"author":[{"embeddable":true,"href":"https:\/\/www.clixtell.com\/fr\/wp-json\/wp\/v2\/users\/1"}],"replies":[{"embeddable":true,"href":"https:\/\/www.clixtell.com\/fr\/wp-json\/wp\/v2\/comments?post=5752"}],"version-history":[{"count":0,"href":"https:\/\/www.clixtell.com\/fr\/wp-json\/wp\/v2\/pages\/5752\/revisions"}],"up":[{"embeddable":true,"href":"https:\/\/www.clixtell.com\/fr\/wp-json\/wp\/v2\/pages\/5825"}],"wp:attachment":[{"href":"https:\/\/www.clixtell.com\/fr\/wp-json\/wp\/v2\/media?parent=5752"}],"curies":[{"name":"wp","href":"https:\/\/api.w.org\/{rel}","templated":true}]}}