{"id":5754,"date":"2020-12-02T15:51:43","date_gmt":"2020-12-02T15:51:43","guid":{"rendered":"https:\/\/www.clixtell.com\/?page_id=5754"},"modified":"2020-12-03T12:25:41","modified_gmt":"2020-12-03T12:25:41","slug":"porter-votre-numero-de-telephone","status":"publish","type":"page","link":"https:\/\/www.clixtell.com\/fr\/suivi-appel\/numeros-de-telephone\/porter-votre-numero-de-telephone\/","title":{"rendered":"Portez votre num\u00e9ro de t\u00e9l\u00e9phone \u00e0 Clixtell | Logiciel de suivi et d&#8217;analyse des appels"},"content":{"rendered":"\t<div class=\"container mob-marg\">\n\t\t<h1 style=\"color: #fff; margin-top:10vh\">Portez votre propre num\u00e9ro sur le r\u00e9seau de Clixtell<\/h1>\n\t\t<h3 style=\"color: #fff; margin-top: 3vh;\">Et commencez \u00e0 suivre et \u00e0 enregistrer tous les appels entrants et sortants.<\/h3>\n\t<\/div>\n<\/div>\n<\/div>\n<section class=\"container\" style=\"max-width: 897px; margin-top: 80px;\">\n\t<h1 style=\"color: #19CBD2; text-align: center;\">Portez votre num\u00e9ro de t\u00e9l\u00e9phone<\/h1>\n\t<div style=\"color: #000E4D; font-size: 16px; letter-spacing: 0.31px; line-height: 28px; margin-top: 35px;\"> Si vous avez un num\u00e9ro de t\u00e9l\u00e9phone de marque ou un num\u00e9ro que vous aimez, vous pouvez le transf\u00e9rer \u00e0 Clixtell et suivre vos appels. Chez Clixtell, nous avons port\u00e9 avec succ\u00e8s des milliers de num\u00e9ros de t\u00e9l\u00e9phone pour des entreprises du monde entier, en utilisant maintenant notre logiciel de suivi des appels. C&#8217;est l&#8217;occasion de vous assurer que votre entreprise b\u00e9n\u00e9ficie de tous les avantages que nous offrons.<br><br>\n Le portage d&#8217;un num\u00e9ro de t\u00e9l\u00e9phone est GRATUIT ! Notre \u00e9quipe de soutien d\u00e9vou\u00e9e est l\u00e0 pour vous aider \u00e0 chaque \u00e9tape.<br><br>\n En utilisant n&#8217;importe quel num\u00e9ro pour le suivi des appels, que vous cherchiez \u00e0 \u00e9loigner votre num\u00e9ro de t\u00e9l\u00e9phone de votre soci\u00e9t\u00e9 de suivi des appels actuelle, ou \u00e0 relier vos num\u00e9ros de t\u00e9l\u00e9phone existants aux num\u00e9ros de suivi des appels, nous sommes l\u00e0 pour vous aider. <br><br>\n Afin de transf\u00e9rer vos num\u00e9ros, veuillez envoyer un courriel \u00e0 notre \u00e9quipe d&#8217;assistance en indiquant ce qui suit : <br><br>\n\t<img decoding=\"async\" src=\"https:\/\/statics.clixtell.com\/wp-content\/uploads\/ic_arrow_forward_24px.svg\" style=\"padding:10px\">Une demande sign\u00e9e et une lettre d&#8217;autorisation scann\u00e9e. <br>\n\t<img decoding=\"async\" src=\"https:\/\/statics.clixtell.com\/wp-content\/uploads\/ic_arrow_forward_24px.svg\" style=\"padding:10px\">Une copie de vos factures de t\u00e9l\u00e9phone r\u00e9centes.<br>\n\t<img decoding=\"async\" src=\"https:\/\/statics.clixtell.com\/wp-content\/uploads\/ic_arrow_forward_24px.svg\" style=\"padding:10px\">Une liste de vos num\u00e9ros de t\u00e9l\u00e9phone que vous souhaitez transf\u00e9rer, avec le num\u00e9ro de t\u00e9l\u00e9phone de destination vers lequel chaque num\u00e9ro doit \u00eatre transf\u00e9r\u00e9. <br><br>\n Tout au long du processus, vos num\u00e9ros resteront actifs et notre \u00e9quipe de soutien vous fournira une estimation du temps de port. Une fois que votre num\u00e9ro de t\u00e9l\u00e9phone a \u00e9t\u00e9 port\u00e9, il peut \u00eatre configur\u00e9 comme n&#8217;importe quel autre num\u00e9ro de t\u00e9l\u00e9phone de suivi que vous avez sur votre compte Clixtell.<br><br>\n\t<\/div>\n<\/section>\n<div data-post-id=\"5599\" class=\"insert-page insert-page-5599 \"><section style=\"margin-top:100px; margin-bottom: 100px;\">\n\t<div class=\"wrap\" style=\"text-align: center\">\n\t\t<h3 style=\"color: #000E4D; margin:100px; font-size: 20px; font-weight: 500; letter-spacing: 0.39px; line-height: 28px; text-align: center; margin-bottom: 30px;\">Activez votre suivi d&#8217;appel maintenant<\/h3>\n\t\t<a href=\"http:\/\/clixtell.com\/freetrial\/?plan=4\" class=\"bigbtn fullctbtn\">Commencer un essai gratuit<\/a> <a href=\"http:\/\/clixtell.com\/book-a-demo\/\" class=\"bigbtn ctbtn\">Demander une d\u00e9mo<\/a>\n\t<\/div>\n<\/section><\/div>","protected":false},"excerpt":{"rendered":"Portez votre propre num\u00e9ro sur le r\u00e9seau de Clixtell Et commencez \u00e0 suivre et \u00e0 enregistrer tous les appels entrants et sortants. Portez votre num\u00e9ro de t\u00e9l\u00e9phone Si vous avez un num\u00e9ro de t\u00e9l\u00e9phone de marque ou un num\u00e9ro que vous aimez, vous pouvez le transf\u00e9rer \u00e0 Clixtell et suivre vos appels. Chez Clixtell, nous [&hellip;]","protected":false},"author":1,"featured_media":0,"parent":5605,"menu_order":0,"comment_status":"closed","ping_status":"closed","template":"call-tracking.php","meta":{"footnotes":""},"class_list":["post-5754","page","type-page","status-publish","hentry"],"yoast_head":"<!-- This site is optimized with the Yoast SEO plugin v26.8 - https:\/\/yoast.com\/product\/yoast-seo-wordpress\/ -->\n<title>Portez votre num\u00e9ro de t\u00e9l\u00e9phone \u00e0 Clixtell | Logiciel de suivi et d&#039;analyse des appels<\/title>\n<meta name=\"description\" content=\"Portez votre propre num\u00e9ro sur le r\u00e9seau de Clixtell, et commencez \u00e0 suivre et \u00e0 enregistrer tous les appels qui y sont pass\u00e9s.\" \/>\n<meta name=\"robots\" content=\"index, follow, max-snippet:-1, max-image-preview:large, max-video-preview:-1\" \/>\n<link rel=\"canonical\" href=\"https:\/\/www.clixtell.com\/fr\/suivi-appel\/numeros-de-telephone\/porter-votre-numero-de-telephone\/\" \/>\n<meta property=\"og:locale\" content=\"fr_FR\" \/>\n<meta property=\"og:type\" content=\"article\" \/>\n<meta property=\"og:title\" content=\"Portez votre num\u00e9ro de t\u00e9l\u00e9phone \u00e0 Clixtell | Logiciel de suivi et d&#039;analyse des appels\" \/>\n<meta property=\"og:description\" content=\"Portez votre propre num\u00e9ro sur le r\u00e9seau de Clixtell, et commencez \u00e0 suivre et \u00e0 enregistrer tous les appels qui y sont pass\u00e9s.\" \/>\n<meta property=\"og:url\" content=\"https:\/\/www.clixtell.com\/fr\/suivi-appel\/numeros-de-telephone\/porter-votre-numero-de-telephone\/\" \/>\n<meta property=\"og:site_name\" content=\"Click Fraud Protection | Call Tracking | Website Video Recorder | Clixtell\u2122\" \/>\n<meta property=\"article:publisher\" content=\"http:\/\/facebook.com\/clixtell\" \/>\n<meta property=\"article:modified_time\" content=\"2020-12-03T12:25:41+00:00\" \/>\n<meta property=\"og:image\" content=\"https:\/\/statics.clixtell.com\/wp-content\/uploads\/ic_arrow_forward_24px.svg\" \/>\n<meta name=\"twitter:card\" content=\"summary_large_image\" \/>\n<meta name=\"twitter:site\" content=\"@clixtell\" \/>\n<meta name=\"twitter:label1\" content=\"Dur\u00e9e de lecture estim\u00e9e\" \/>\n\t<meta name=\"twitter:data1\" content=\"2 minutes\" \/>\n<!-- \/ Yoast SEO plugin. -->","yoast_head_json":{"title":"Portez votre num\u00e9ro de t\u00e9l\u00e9phone \u00e0 Clixtell | Logiciel de suivi et d'analyse des appels","description":"Portez votre propre num\u00e9ro sur le r\u00e9seau de Clixtell, et commencez \u00e0 suivre et \u00e0 enregistrer tous les appels qui y sont pass\u00e9s.","robots":{"index":"index","follow":"follow","max-snippet":"max-snippet:-1","max-image-preview":"max-image-preview:large","max-video-preview":"max-video-preview:-1"},"canonical":"https:\/\/www.clixtell.com\/fr\/suivi-appel\/numeros-de-telephone\/porter-votre-numero-de-telephone\/","og_locale":"fr_FR","og_type":"article","og_title":"Portez votre num\u00e9ro de t\u00e9l\u00e9phone \u00e0 Clixtell | Logiciel de suivi et d'analyse des appels","og_description":"Portez votre propre num\u00e9ro sur le r\u00e9seau de Clixtell, et commencez \u00e0 suivre et \u00e0 enregistrer tous les appels qui y sont pass\u00e9s.","og_url":"https:\/\/www.clixtell.com\/fr\/suivi-appel\/numeros-de-telephone\/porter-votre-numero-de-telephone\/","og_site_name":"Click Fraud Protection | Call Tracking | Website Video Recorder | Clixtell\u2122","article_publisher":"http:\/\/facebook.com\/clixtell","article_modified_time":"2020-12-03T12:25:41+00:00","og_image":[{"url":"https:\/\/statics.clixtell.com\/wp-content\/uploads\/ic_arrow_forward_24px.svg","type":"","width":"","height":""}],"twitter_card":"summary_large_image","twitter_site":"@clixtell","twitter_misc":{"Dur\u00e9e de lecture estim\u00e9e":"2 minutes"},"schema":{"@context":"https:\/\/schema.org","@graph":[{"@type":"WebPage","@id":"https:\/\/www.clixtell.com\/fr\/suivi-appel\/numeros-de-telephone\/porter-votre-numero-de-telephone\/","url":"https:\/\/www.clixtell.com\/fr\/suivi-appel\/numeros-de-telephone\/porter-votre-numero-de-telephone\/","name":"Portez votre num\u00e9ro de t\u00e9l\u00e9phone \u00e0 Clixtell | Logiciel de suivi et d'analyse des appels","isPartOf":{"@id":"https:\/\/www.clixtell.com\/fr\/#website"},"primaryImageOfPage":{"@id":"https:\/\/www.clixtell.com\/fr\/suivi-appel\/numeros-de-telephone\/porter-votre-numero-de-telephone\/#primaryimage"},"image":{"@id":"https:\/\/www.clixtell.com\/fr\/suivi-appel\/numeros-de-telephone\/porter-votre-numero-de-telephone\/#primaryimage"},"thumbnailUrl":"https:\/\/statics.clixtell.com\/wp-content\/uploads\/ic_arrow_forward_24px.svg","datePublished":"2020-12-02T15:51:43+00:00","dateModified":"2020-12-03T12:25:41+00:00","description":"Portez votre propre num\u00e9ro sur le r\u00e9seau de Clixtell, et commencez \u00e0 suivre et \u00e0 enregistrer tous les appels qui y sont pass\u00e9s.","breadcrumb":{"@id":"https:\/\/www.clixtell.com\/fr\/suivi-appel\/numeros-de-telephone\/porter-votre-numero-de-telephone\/#breadcrumb"},"inLanguage":"fr-FR","potentialAction":[{"@type":"ReadAction","target":["https:\/\/www.clixtell.com\/fr\/suivi-appel\/numeros-de-telephone\/porter-votre-numero-de-telephone\/"]}]},{"@type":"ImageObject","inLanguage":"fr-FR","@id":"https:\/\/www.clixtell.com\/fr\/suivi-appel\/numeros-de-telephone\/porter-votre-numero-de-telephone\/#primaryimage","url":"https:\/\/statics.clixtell.com\/wp-content\/uploads\/ic_arrow_forward_24px.svg","contentUrl":"https:\/\/statics.clixtell.com\/wp-content\/uploads\/ic_arrow_forward_24px.svg"},{"@type":"BreadcrumbList","@id":"https:\/\/www.clixtell.com\/fr\/suivi-appel\/numeros-de-telephone\/porter-votre-numero-de-telephone\/#breadcrumb","itemListElement":[{"@type":"ListItem","position":1,"name":"Home","item":"https:\/\/www.clixtell.com\/fr\/"},{"@type":"ListItem","position":2,"name":"Clixtell | Logiciel de suivi et d&rsquo;analyse des appels","item":"https:\/\/www.clixtell.com\/fr\/suivi-appel\/"},{"@type":"ListItem","position":3,"name":"Obtenez des num\u00e9ros de t\u00e9l\u00e9phone locaux | Suivi et analyse des appels | Clixtell","item":"https:\/\/www.clixtell.com\/fr\/suivi-appel\/numeros-de-telephone\/"},{"@type":"ListItem","position":4,"name":"Portez votre num\u00e9ro de t\u00e9l\u00e9phone \u00e0 Clixtell | Logiciel de suivi et d&rsquo;analyse des appels"}]},{"@type":"WebSite","@id":"https:\/\/www.clixtell.com\/fr\/#website","url":"https:\/\/www.clixtell.com\/fr\/","name":"Click Fraud Protection | Call Tracking | Website Video Recorder | Clixtell\u2122","description":"Safe &amp; Sound Digital Marketing","publisher":{"@id":"https:\/\/www.clixtell.com\/fr\/#organization"},"potentialAction":[{"@type":"SearchAction","target":{"@type":"EntryPoint","urlTemplate":"https:\/\/www.clixtell.com\/fr\/?s={search_term_string}"},"query-input":{"@type":"PropertyValueSpecification","valueRequired":true,"valueName":"search_term_string"}}],"inLanguage":"fr-FR"},{"@type":"Organization","@id":"https:\/\/www.clixtell.com\/fr\/#organization","name":"Clixtell","url":"https:\/\/www.clixtell.com\/fr\/","logo":{"@type":"ImageObject","inLanguage":"fr-FR","@id":"https:\/\/www.clixtell.com\/fr\/#\/schema\/logo\/image\/","url":"https:\/\/www.clixtell.com\/wp-content\/uploads\/logoc.png","contentUrl":"https:\/\/www.clixtell.com\/wp-content\/uploads\/logoc.png","width":168,"height":43,"caption":"Clixtell"},"image":{"@id":"https:\/\/www.clixtell.com\/fr\/#\/schema\/logo\/image\/"},"sameAs":["http:\/\/facebook.com\/clixtell","https:\/\/x.com\/clixtell"]}]}},"_links":{"self":[{"href":"https:\/\/www.clixtell.com\/fr\/wp-json\/wp\/v2\/pages\/5754","targetHints":{"allow":["GET"]}}],"collection":[{"href":"https:\/\/www.clixtell.com\/fr\/wp-json\/wp\/v2\/pages"}],"about":[{"href":"https:\/\/www.clixtell.com\/fr\/wp-json\/wp\/v2\/types\/page"}],"author":[{"embeddable":true,"href":"https:\/\/www.clixtell.com\/fr\/wp-json\/wp\/v2\/users\/1"}],"replies":[{"embeddable":true,"href":"https:\/\/www.clixtell.com\/fr\/wp-json\/wp\/v2\/comments?post=5754"}],"version-history":[{"count":0,"href":"https:\/\/www.clixtell.com\/fr\/wp-json\/wp\/v2\/pages\/5754\/revisions"}],"up":[{"embeddable":true,"href":"https:\/\/www.clixtell.com\/fr\/wp-json\/wp\/v2\/pages\/5605"}],"wp:attachment":[{"href":"https:\/\/www.clixtell.com\/fr\/wp-json\/wp\/v2\/media?parent=5754"}],"curies":[{"name":"wp","href":"https:\/\/api.w.org\/{rel}","templated":true}]}}