{"id":5757,"date":"2020-12-03T10:28:17","date_gmt":"2020-12-03T10:28:17","guid":{"rendered":"https:\/\/www.clixtell.com\/?page_id=5757"},"modified":"2020-12-03T12:16:20","modified_gmt":"2020-12-03T12:16:20","slug":"numeros-appel-gratuit-local","status":"publish","type":"page","link":"https:\/\/www.clixtell.com\/fr\/suivi-appel\/numeros-de-telephone\/numeros-appel-gratuit-local\/","title":{"rendered":"Num\u00e9ros locaux et gratuits | Logiciel de suivi et d&#8217;analyse des appels | Clixtell"},"content":{"rendered":"\t<div class=\"container mob-marg\">\n\t\t<h1 style=\"color: #fff; margin-top:10vh\">Suivez et voyez quelles cha\u00eenes,<br>mots de passe et publicit\u00e9s sont convertis<\/h1>\n\t\t<h3 style=\"color: #fff;margin-top: 3vh;\">Choisissez votre num\u00e9ro de t\u00e9l\u00e9phone parmi des centaines<br>d&#8217;autres num\u00e9ros disponibles instantan\u00e9ment dans n&#8217;importe quel indicatif r\u00e9gional.<\/h3>\n\t<\/div>\n<\/div>\n<\/div>\n<section class=\"container\" style=\"max-width: 897px; margin-top: 80px;\">\n\t<h1 style=\"color: #19CBD2; text-align: center;\">Num\u00e9ros locaux et gratuits<\/h1>\n\t<div style=\"color: #000E4D; font-size: 16px; letter-spacing: 0.31px; line-height: 28px; margin-top: 35px;\"> \n\t<h5 style=\"padding: 0px\">Num\u00e9ros de t\u00e9l\u00e9phone locaux<\/h5>\n Si vous avez besoin d&#8217;un num\u00e9ro de t\u00e9l\u00e9phone local dans votre ville ou dans tout le pays, nous vous proposons des num\u00e9ros de t\u00e9l\u00e9phone dans le monde entier avec plus de 1000 indicatifs r\u00e9gionaux. Notre service de suivi des appels couvre des pays tels que les \u00c9tats-Unis, le Canada, l&#8217;Angleterre, l&#8217;Allemagne, l&#8217;Espagne, la France, l&#8217;Australie, la Nouvelle-Z\u00e9lande, l&#8217;Afrique du Sud, Isra\u00ebl et bien d&#8217;autres encore.<br><br>\n\t<h5 style=\"padding: 0px\">Num\u00e9ros gratuits<\/h5>\n Si votre campagne de marketing n\u00e9cessite un num\u00e9ro gratuit, nous avons des milliers de num\u00e9ros de t\u00e9l\u00e9phone 800, 888, 877 et 866 \u00e0 votre disposition imm\u00e9diatement. Nos num\u00e9ros de t\u00e9l\u00e9phone sont pr\u00eats \u00e0 recevoir des appels instantan\u00e9ment.<br><br>\n\t<\/div>\n<\/section>\n<div data-post-id=\"5599\" class=\"insert-page insert-page-5599 \"><section style=\"margin-top:100px; margin-bottom: 100px;\">\n\t<div class=\"wrap\" style=\"text-align: center\">\n\t\t<h3 style=\"color: #000E4D; margin:100px; font-size: 20px; font-weight: 500; letter-spacing: 0.39px; line-height: 28px; text-align: center; margin-bottom: 30px;\">Activez votre suivi d&#8217;appel maintenant<\/h3>\n\t\t<a href=\"http:\/\/clixtell.com\/freetrial\/?plan=4\" class=\"bigbtn fullctbtn\">Commencer un essai gratuit<\/a> <a href=\"http:\/\/clixtell.com\/book-a-demo\/\" class=\"bigbtn ctbtn\">Demander une d\u00e9mo<\/a>\n\t<\/div>\n<\/section><\/div>","protected":false},"excerpt":{"rendered":"Suivez et voyez quelles cha\u00eenes,mots de passe et publicit\u00e9s sont convertis Choisissez votre num\u00e9ro de t\u00e9l\u00e9phone parmi des centainesd&#8217;autres num\u00e9ros disponibles instantan\u00e9ment dans n&#8217;importe quel indicatif r\u00e9gional. Num\u00e9ros locaux et gratuits Num\u00e9ros de t\u00e9l\u00e9phone locaux Si vous avez besoin d&#8217;un num\u00e9ro de t\u00e9l\u00e9phone local dans votre ville ou dans tout le pays, nous vous proposons [&hellip;]","protected":false},"author":1,"featured_media":0,"parent":5605,"menu_order":0,"comment_status":"closed","ping_status":"closed","template":"call-tracking.php","meta":{"footnotes":""},"class_list":["post-5757","page","type-page","status-publish","hentry"],"yoast_head":"<!-- This site is optimized with the Yoast SEO plugin v26.8 - https:\/\/yoast.com\/product\/yoast-seo-wordpress\/ -->\n<title>Num\u00e9ros locaux et gratuits | Logiciel de suivi et d&#039;analyse des appels | Clixtell<\/title>\n<meta name=\"description\" content=\"Choisissez votre num\u00e9ro de t\u00e9l\u00e9phone parmi des milliers de num\u00e9ros disponibles instantan\u00e9ment dans n&#039;importe quel indicatif r\u00e9gional.\" \/>\n<meta name=\"robots\" content=\"index, follow, max-snippet:-1, max-image-preview:large, max-video-preview:-1\" \/>\n<link rel=\"canonical\" href=\"https:\/\/www.clixtell.com\/fr\/suivi-appel\/numeros-de-telephone\/numeros-appel-gratuit-local\/\" \/>\n<meta property=\"og:locale\" content=\"fr_FR\" \/>\n<meta property=\"og:type\" content=\"article\" \/>\n<meta property=\"og:title\" content=\"Num\u00e9ros locaux et gratuits | Logiciel de suivi et d&#039;analyse des appels | Clixtell\" \/>\n<meta property=\"og:description\" content=\"Choisissez votre num\u00e9ro de t\u00e9l\u00e9phone parmi des milliers de num\u00e9ros disponibles instantan\u00e9ment dans n&#039;importe quel indicatif r\u00e9gional.\" \/>\n<meta property=\"og:url\" content=\"https:\/\/www.clixtell.com\/fr\/suivi-appel\/numeros-de-telephone\/numeros-appel-gratuit-local\/\" \/>\n<meta property=\"og:site_name\" content=\"Click Fraud Protection | Call Tracking | Website Video Recorder | Clixtell\u2122\" \/>\n<meta property=\"article:publisher\" content=\"http:\/\/facebook.com\/clixtell\" \/>\n<meta property=\"article:modified_time\" content=\"2020-12-03T12:16:20+00:00\" \/>\n<meta name=\"twitter:card\" content=\"summary_large_image\" \/>\n<meta name=\"twitter:site\" content=\"@clixtell\" \/>\n<meta name=\"twitter:label1\" content=\"Dur\u00e9e de lecture estim\u00e9e\" \/>\n\t<meta name=\"twitter:data1\" content=\"1 minute\" \/>\n<!-- \/ Yoast SEO plugin. -->","yoast_head_json":{"title":"Num\u00e9ros locaux et gratuits | Logiciel de suivi et d'analyse des appels | Clixtell","description":"Choisissez votre num\u00e9ro de t\u00e9l\u00e9phone parmi des milliers de num\u00e9ros disponibles instantan\u00e9ment dans n'importe quel indicatif r\u00e9gional.","robots":{"index":"index","follow":"follow","max-snippet":"max-snippet:-1","max-image-preview":"max-image-preview:large","max-video-preview":"max-video-preview:-1"},"canonical":"https:\/\/www.clixtell.com\/fr\/suivi-appel\/numeros-de-telephone\/numeros-appel-gratuit-local\/","og_locale":"fr_FR","og_type":"article","og_title":"Num\u00e9ros locaux et gratuits | Logiciel de suivi et d'analyse des appels | Clixtell","og_description":"Choisissez votre num\u00e9ro de t\u00e9l\u00e9phone parmi des milliers de num\u00e9ros disponibles instantan\u00e9ment dans n'importe quel indicatif r\u00e9gional.","og_url":"https:\/\/www.clixtell.com\/fr\/suivi-appel\/numeros-de-telephone\/numeros-appel-gratuit-local\/","og_site_name":"Click Fraud Protection | Call Tracking | Website Video Recorder | Clixtell\u2122","article_publisher":"http:\/\/facebook.com\/clixtell","article_modified_time":"2020-12-03T12:16:20+00:00","twitter_card":"summary_large_image","twitter_site":"@clixtell","twitter_misc":{"Dur\u00e9e de lecture estim\u00e9e":"1 minute"},"schema":{"@context":"https:\/\/schema.org","@graph":[{"@type":"WebPage","@id":"https:\/\/www.clixtell.com\/fr\/suivi-appel\/numeros-de-telephone\/numeros-appel-gratuit-local\/","url":"https:\/\/www.clixtell.com\/fr\/suivi-appel\/numeros-de-telephone\/numeros-appel-gratuit-local\/","name":"Num\u00e9ros locaux et gratuits | Logiciel de suivi et d'analyse des appels | Clixtell","isPartOf":{"@id":"https:\/\/www.clixtell.com\/fr\/#website"},"datePublished":"2020-12-03T10:28:17+00:00","dateModified":"2020-12-03T12:16:20+00:00","description":"Choisissez votre num\u00e9ro de t\u00e9l\u00e9phone parmi des milliers de num\u00e9ros disponibles instantan\u00e9ment dans n'importe quel indicatif r\u00e9gional.","breadcrumb":{"@id":"https:\/\/www.clixtell.com\/fr\/suivi-appel\/numeros-de-telephone\/numeros-appel-gratuit-local\/#breadcrumb"},"inLanguage":"fr-FR","potentialAction":[{"@type":"ReadAction","target":["https:\/\/www.clixtell.com\/fr\/suivi-appel\/numeros-de-telephone\/numeros-appel-gratuit-local\/"]}]},{"@type":"BreadcrumbList","@id":"https:\/\/www.clixtell.com\/fr\/suivi-appel\/numeros-de-telephone\/numeros-appel-gratuit-local\/#breadcrumb","itemListElement":[{"@type":"ListItem","position":1,"name":"Home","item":"https:\/\/www.clixtell.com\/fr\/"},{"@type":"ListItem","position":2,"name":"Clixtell | Logiciel de suivi et d&rsquo;analyse des appels","item":"https:\/\/www.clixtell.com\/fr\/suivi-appel\/"},{"@type":"ListItem","position":3,"name":"Obtenez des num\u00e9ros de t\u00e9l\u00e9phone locaux | Suivi et analyse des appels | Clixtell","item":"https:\/\/www.clixtell.com\/fr\/suivi-appel\/numeros-de-telephone\/"},{"@type":"ListItem","position":4,"name":"Num\u00e9ros locaux et gratuits | Logiciel de suivi et d&rsquo;analyse des appels | Clixtell"}]},{"@type":"WebSite","@id":"https:\/\/www.clixtell.com\/fr\/#website","url":"https:\/\/www.clixtell.com\/fr\/","name":"Click Fraud Protection | Call Tracking | Website Video Recorder | Clixtell\u2122","description":"Safe &amp; Sound Digital Marketing","publisher":{"@id":"https:\/\/www.clixtell.com\/fr\/#organization"},"potentialAction":[{"@type":"SearchAction","target":{"@type":"EntryPoint","urlTemplate":"https:\/\/www.clixtell.com\/fr\/?s={search_term_string}"},"query-input":{"@type":"PropertyValueSpecification","valueRequired":true,"valueName":"search_term_string"}}],"inLanguage":"fr-FR"},{"@type":"Organization","@id":"https:\/\/www.clixtell.com\/fr\/#organization","name":"Clixtell","url":"https:\/\/www.clixtell.com\/fr\/","logo":{"@type":"ImageObject","inLanguage":"fr-FR","@id":"https:\/\/www.clixtell.com\/fr\/#\/schema\/logo\/image\/","url":"https:\/\/www.clixtell.com\/wp-content\/uploads\/logoc.png","contentUrl":"https:\/\/www.clixtell.com\/wp-content\/uploads\/logoc.png","width":168,"height":43,"caption":"Clixtell"},"image":{"@id":"https:\/\/www.clixtell.com\/fr\/#\/schema\/logo\/image\/"},"sameAs":["http:\/\/facebook.com\/clixtell","https:\/\/x.com\/clixtell"]}]}},"_links":{"self":[{"href":"https:\/\/www.clixtell.com\/fr\/wp-json\/wp\/v2\/pages\/5757","targetHints":{"allow":["GET"]}}],"collection":[{"href":"https:\/\/www.clixtell.com\/fr\/wp-json\/wp\/v2\/pages"}],"about":[{"href":"https:\/\/www.clixtell.com\/fr\/wp-json\/wp\/v2\/types\/page"}],"author":[{"embeddable":true,"href":"https:\/\/www.clixtell.com\/fr\/wp-json\/wp\/v2\/users\/1"}],"replies":[{"embeddable":true,"href":"https:\/\/www.clixtell.com\/fr\/wp-json\/wp\/v2\/comments?post=5757"}],"version-history":[{"count":0,"href":"https:\/\/www.clixtell.com\/fr\/wp-json\/wp\/v2\/pages\/5757\/revisions"}],"up":[{"embeddable":true,"href":"https:\/\/www.clixtell.com\/fr\/wp-json\/wp\/v2\/pages\/5605"}],"wp:attachment":[{"href":"https:\/\/www.clixtell.com\/fr\/wp-json\/wp\/v2\/media?parent=5757"}],"curies":[{"name":"wp","href":"https:\/\/api.w.org\/{rel}","templated":true}]}}