{"id":5761,"date":"2020-12-02T16:13:39","date_gmt":"2020-12-02T16:13:39","guid":{"rendered":"https:\/\/www.clixtell.com\/?page_id=5761"},"modified":"2020-12-03T12:24:36","modified_gmt":"2020-12-03T12:24:36","slug":"enregistreur-appel","status":"publish","type":"page","link":"https:\/\/www.clixtell.com\/fr\/suivi-appel\/analyses-appel\/enregistreur-appel\/","title":{"rendered":"Enregistreur d&#8217;appel | Logiciel de suivi et d&#8217;analyse des appels | Clixtell"},"content":{"rendered":"\t<div class=\"container mob-marg\">\n\t\t<h1 style=\"color: #fff; margin-top:10vh\">Un tableau de bord en direct clair et intuitif<\/h1>\n\t\t<h3 style=\"color: #fff; margin-top:3vh\">Organisez et contr\u00f4lez le flux de vos appels professionnels en un seul endroit.<\/h3>\n\t<\/div>\n<\/div>\n<\/div>\n<section class=\"container\" style=\"max-width: 897px; margin-top: 80px;\">\n\t<h1 style=\"color: #19CBD2; text-align: center;\">Enregistreur d&#8217;appel<\/h1>\n\t<div style=\"color: #000E4D; font-size: 16px; letter-spacing: 0.31px; line-height: 28px; margin-top: 35px;\">Enregistrez vos appels de vente, notre enregistrement d&#8217;appel est inclus GRATUITEMENT avec chaque compte de suivi d&#8217;appel Clixtell.<br><br>\n La possibilit\u00e9 d&#8217;enregistrer les appels de vente et autres appels li\u00e9s aux affaires donne aux entreprises l&#8217;acc\u00e8s \u00e0 une abondance de possibilit\u00e9s, comme :<br><br>\n\t<img decoding=\"async\" src=\"https:\/\/statics.clixtell.com\/wp-content\/uploads\/ic_arrow_forward_24px.svg\" style=\"padding:10px\">Am\u00e9liorer le service \u00e0 la client\u00e8le et respecter les normes de l&#8217;entreprise<br>\n\t<img decoding=\"async\" src=\"https:\/\/statics.clixtell.com\/wp-content\/uploads\/ic_arrow_forward_24px.svg\" style=\"padding:10px\">Am\u00e9liorer le produit ou le service<br>\n\t<img decoding=\"async\" src=\"https:\/\/statics.clixtell.com\/wp-content\/uploads\/ic_arrow_forward_24px.svg\" style=\"padding:10px\">Formation et assurance qualit\u00e9<br>\n\t<img decoding=\"async\" src=\"https:\/\/statics.clixtell.com\/wp-content\/uploads\/ic_arrow_forward_24px.svg\" style=\"padding:10px\">Am\u00e9liorer les strat\u00e9gies de marketing<br>\n\t<img decoding=\"async\" src=\"https:\/\/statics.clixtell.com\/wp-content\/uploads\/ic_arrow_forward_24px.svg\" style=\"padding:10px\">Saisir les d\u00e9tails et informations manquants<br>\n\t<img decoding=\"async\" src=\"https:\/\/statics.clixtell.com\/wp-content\/uploads\/ic_arrow_forward_24px.svg\" style=\"padding:10px\">R\u00e9soudre les litiges potentiels<br><br>\n\t<\/div>\n<\/section>\n<div data-post-id=\"5599\" class=\"insert-page insert-page-5599 \"><section style=\"margin-top:100px; margin-bottom: 100px;\">\n\t<div class=\"wrap\" style=\"text-align: center\">\n\t\t<h3 style=\"color: #000E4D; margin:100px; font-size: 20px; font-weight: 500; letter-spacing: 0.39px; line-height: 28px; text-align: center; margin-bottom: 30px;\">Activez votre suivi d&#8217;appel maintenant<\/h3>\n\t\t<a href=\"http:\/\/clixtell.com\/freetrial\/?plan=4\" class=\"bigbtn fullctbtn\">Commencer un essai gratuit<\/a> <a href=\"http:\/\/clixtell.com\/book-a-demo\/\" class=\"bigbtn ctbtn\">Demander une d\u00e9mo<\/a>\n\t<\/div>\n<\/section><\/div>","protected":false},"excerpt":{"rendered":"Un tableau de bord en direct clair et intuitif Organisez et contr\u00f4lez le flux de vos appels professionnels en un seul endroit. Enregistreur d&#8217;appel Enregistrez vos appels de vente, notre enregistrement d&#8217;appel est inclus GRATUITEMENT avec chaque compte de suivi d&#8217;appel Clixtell. La possibilit\u00e9 d&#8217;enregistrer les appels de vente et autres appels li\u00e9s aux affaires [&hellip;]","protected":false},"author":1,"featured_media":0,"parent":5788,"menu_order":0,"comment_status":"closed","ping_status":"closed","template":"call-tracking.php","meta":{"footnotes":""},"class_list":["post-5761","page","type-page","status-publish","hentry"],"yoast_head":"<!-- This site is optimized with the Yoast SEO plugin v26.8 - https:\/\/yoast.com\/product\/yoast-seo-wordpress\/ -->\n<title>Enregistreur d&#039;appel | Logiciel de suivi et d&#039;analyse des appels | Clixtell<\/title>\n<meta name=\"description\" content=\"Enregistrez vos appels de vente, notre enregistrement d&#039;appel est inclus avec chaque compte de suivi d&#039;appel Clixtell.\" \/>\n<meta name=\"robots\" content=\"index, follow, max-snippet:-1, max-image-preview:large, max-video-preview:-1\" \/>\n<link rel=\"canonical\" href=\"https:\/\/www.clixtell.com\/fr\/suivi-appel\/analyses-appel\/enregistreur-appel\/\" \/>\n<meta property=\"og:locale\" content=\"fr_FR\" \/>\n<meta property=\"og:type\" content=\"article\" \/>\n<meta property=\"og:title\" content=\"Enregistreur d&#039;appel | Logiciel de suivi et d&#039;analyse des appels | Clixtell\" \/>\n<meta property=\"og:description\" content=\"Enregistrez vos appels de vente, notre enregistrement d&#039;appel est inclus avec chaque compte de suivi d&#039;appel Clixtell.\" \/>\n<meta property=\"og:url\" content=\"https:\/\/www.clixtell.com\/fr\/suivi-appel\/analyses-appel\/enregistreur-appel\/\" \/>\n<meta property=\"og:site_name\" content=\"Click Fraud Protection | Call Tracking | Website Video Recorder | Clixtell\u2122\" \/>\n<meta property=\"article:publisher\" content=\"http:\/\/facebook.com\/clixtell\" \/>\n<meta property=\"article:modified_time\" content=\"2020-12-03T12:24:36+00:00\" \/>\n<meta property=\"og:image\" content=\"https:\/\/statics.clixtell.com\/wp-content\/uploads\/ic_arrow_forward_24px.svg\" \/>\n<meta name=\"twitter:card\" content=\"summary_large_image\" \/>\n<meta name=\"twitter:site\" content=\"@clixtell\" \/>\n<meta name=\"twitter:label1\" content=\"Dur\u00e9e de lecture estim\u00e9e\" \/>\n\t<meta name=\"twitter:data1\" content=\"1 minute\" \/>\n<!-- \/ Yoast SEO plugin. -->","yoast_head_json":{"title":"Enregistreur d'appel | Logiciel de suivi et d'analyse des appels | Clixtell","description":"Enregistrez vos appels de vente, notre enregistrement d'appel est inclus avec chaque compte de suivi d'appel Clixtell.","robots":{"index":"index","follow":"follow","max-snippet":"max-snippet:-1","max-image-preview":"max-image-preview:large","max-video-preview":"max-video-preview:-1"},"canonical":"https:\/\/www.clixtell.com\/fr\/suivi-appel\/analyses-appel\/enregistreur-appel\/","og_locale":"fr_FR","og_type":"article","og_title":"Enregistreur d'appel | Logiciel de suivi et d'analyse des appels | Clixtell","og_description":"Enregistrez vos appels de vente, notre enregistrement d'appel est inclus avec chaque compte de suivi d'appel Clixtell.","og_url":"https:\/\/www.clixtell.com\/fr\/suivi-appel\/analyses-appel\/enregistreur-appel\/","og_site_name":"Click Fraud Protection | Call Tracking | Website Video Recorder | Clixtell\u2122","article_publisher":"http:\/\/facebook.com\/clixtell","article_modified_time":"2020-12-03T12:24:36+00:00","og_image":[{"url":"https:\/\/statics.clixtell.com\/wp-content\/uploads\/ic_arrow_forward_24px.svg","type":"","width":"","height":""}],"twitter_card":"summary_large_image","twitter_site":"@clixtell","twitter_misc":{"Dur\u00e9e de lecture estim\u00e9e":"1 minute"},"schema":{"@context":"https:\/\/schema.org","@graph":[{"@type":"WebPage","@id":"https:\/\/www.clixtell.com\/fr\/suivi-appel\/analyses-appel\/enregistreur-appel\/","url":"https:\/\/www.clixtell.com\/fr\/suivi-appel\/analyses-appel\/enregistreur-appel\/","name":"Enregistreur d'appel | Logiciel de suivi et d'analyse des appels | Clixtell","isPartOf":{"@id":"https:\/\/www.clixtell.com\/fr\/#website"},"primaryImageOfPage":{"@id":"https:\/\/www.clixtell.com\/fr\/suivi-appel\/analyses-appel\/enregistreur-appel\/#primaryimage"},"image":{"@id":"https:\/\/www.clixtell.com\/fr\/suivi-appel\/analyses-appel\/enregistreur-appel\/#primaryimage"},"thumbnailUrl":"https:\/\/statics.clixtell.com\/wp-content\/uploads\/ic_arrow_forward_24px.svg","datePublished":"2020-12-02T16:13:39+00:00","dateModified":"2020-12-03T12:24:36+00:00","description":"Enregistrez vos appels de vente, notre enregistrement d'appel est inclus avec chaque compte de suivi d'appel Clixtell.","breadcrumb":{"@id":"https:\/\/www.clixtell.com\/fr\/suivi-appel\/analyses-appel\/enregistreur-appel\/#breadcrumb"},"inLanguage":"fr-FR","potentialAction":[{"@type":"ReadAction","target":["https:\/\/www.clixtell.com\/fr\/suivi-appel\/analyses-appel\/enregistreur-appel\/"]}]},{"@type":"ImageObject","inLanguage":"fr-FR","@id":"https:\/\/www.clixtell.com\/fr\/suivi-appel\/analyses-appel\/enregistreur-appel\/#primaryimage","url":"https:\/\/statics.clixtell.com\/wp-content\/uploads\/ic_arrow_forward_24px.svg","contentUrl":"https:\/\/statics.clixtell.com\/wp-content\/uploads\/ic_arrow_forward_24px.svg"},{"@type":"BreadcrumbList","@id":"https:\/\/www.clixtell.com\/fr\/suivi-appel\/analyses-appel\/enregistreur-appel\/#breadcrumb","itemListElement":[{"@type":"ListItem","position":1,"name":"Home","item":"https:\/\/www.clixtell.com\/fr\/"},{"@type":"ListItem","position":2,"name":"Clixtell | Logiciel de suivi et d&rsquo;analyse des appels","item":"https:\/\/www.clixtell.com\/fr\/suivi-appel\/"},{"@type":"ListItem","position":3,"name":"Analyses d&rsquo;appels | Logiciel de suivi et d&rsquo;analyse des appels | Clixtell","item":"https:\/\/www.clixtell.com\/fr\/suivi-appel\/analyses-appel\/"},{"@type":"ListItem","position":4,"name":"Enregistreur d&rsquo;appel | Logiciel de suivi et d&rsquo;analyse des appels | Clixtell"}]},{"@type":"WebSite","@id":"https:\/\/www.clixtell.com\/fr\/#website","url":"https:\/\/www.clixtell.com\/fr\/","name":"Click Fraud Protection | Call Tracking | Website Video Recorder | Clixtell\u2122","description":"Safe &amp; Sound Digital Marketing","publisher":{"@id":"https:\/\/www.clixtell.com\/fr\/#organization"},"potentialAction":[{"@type":"SearchAction","target":{"@type":"EntryPoint","urlTemplate":"https:\/\/www.clixtell.com\/fr\/?s={search_term_string}"},"query-input":{"@type":"PropertyValueSpecification","valueRequired":true,"valueName":"search_term_string"}}],"inLanguage":"fr-FR"},{"@type":"Organization","@id":"https:\/\/www.clixtell.com\/fr\/#organization","name":"Clixtell","url":"https:\/\/www.clixtell.com\/fr\/","logo":{"@type":"ImageObject","inLanguage":"fr-FR","@id":"https:\/\/www.clixtell.com\/fr\/#\/schema\/logo\/image\/","url":"https:\/\/www.clixtell.com\/wp-content\/uploads\/logoc.png","contentUrl":"https:\/\/www.clixtell.com\/wp-content\/uploads\/logoc.png","width":168,"height":43,"caption":"Clixtell"},"image":{"@id":"https:\/\/www.clixtell.com\/fr\/#\/schema\/logo\/image\/"},"sameAs":["http:\/\/facebook.com\/clixtell","https:\/\/x.com\/clixtell"]}]}},"_links":{"self":[{"href":"https:\/\/www.clixtell.com\/fr\/wp-json\/wp\/v2\/pages\/5761","targetHints":{"allow":["GET"]}}],"collection":[{"href":"https:\/\/www.clixtell.com\/fr\/wp-json\/wp\/v2\/pages"}],"about":[{"href":"https:\/\/www.clixtell.com\/fr\/wp-json\/wp\/v2\/types\/page"}],"author":[{"embeddable":true,"href":"https:\/\/www.clixtell.com\/fr\/wp-json\/wp\/v2\/users\/1"}],"replies":[{"embeddable":true,"href":"https:\/\/www.clixtell.com\/fr\/wp-json\/wp\/v2\/comments?post=5761"}],"version-history":[{"count":0,"href":"https:\/\/www.clixtell.com\/fr\/wp-json\/wp\/v2\/pages\/5761\/revisions"}],"up":[{"embeddable":true,"href":"https:\/\/www.clixtell.com\/fr\/wp-json\/wp\/v2\/pages\/5788"}],"wp:attachment":[{"href":"https:\/\/www.clixtell.com\/fr\/wp-json\/wp\/v2\/media?parent=5761"}],"curies":[{"name":"wp","href":"https:\/\/api.w.org\/{rel}","templated":true}]}}