{"id":5762,"date":"2020-12-02T16:38:29","date_gmt":"2020-12-02T16:38:29","guid":{"rendered":"https:\/\/www.clixtell.com\/?page_id=5762"},"modified":"2020-12-03T12:24:17","modified_gmt":"2020-12-03T12:24:17","slug":"tableau-de-bord-appels-en-direct","status":"publish","type":"page","link":"https:\/\/www.clixtell.com\/fr\/suivi-appel\/analyses-appel\/tableau-de-bord-appels-en-direct\/","title":{"rendered":"Tableau de bord des appels en direct | Logiciel de suivi et d&#8217;analyse des appels | Clixtell"},"content":{"rendered":"\t<div class=\"container mob-marg\">\n\t\t<h1 style=\"color: #fff; margin-top:10vh\">Un tableau de bord en direct clair et intuitif<\/h1>\n\t\t<h3 style=\"color: #fff; margin-top:3vh\">Observez et \u00e9coutez tous vos appels professionnels, o\u00f9 que vous soyez.<\/h3>\n\t<\/div>\n<\/div>\n<\/div>\n<section class=\"container\" style=\"max-width: 897px; margin-top: 80px;\">\n\t<h1 style=\"color: #19CBD2; text-align: center;\">Tableau de bord des appels en direct<\/h1>\n\t<div style=\"color: #000E4D; font-size: 16px; letter-spacing: 0.31px; line-height: 28px; margin-top: 35px;\">Le tableau de bord d&#8217;appel simple et intuitif de Clixtell vous permet de savoir quelles campagnes de marketing, quels mots cl\u00e9s et quelles annonces g\u00e9n\u00e8rent des appels t\u00e9l\u00e9phoniques et des pistes. Apprenez tout sur l&#8217;efficacit\u00e9 des campagnes, visualisez les tendances des appels et optimisez le marketing pour augmenter les profits.<br><br>\n Gr\u00e2ce \u00e0 notre tableau de bord en direct, vous pouvez obtenir des donn\u00e9es pr\u00e9cieuses sur vos appels et le trafic de votre site web. Vous pouvez \u00e9couter les appels enregistr\u00e9s et voir comment les visiteurs se comportent sur votre site web avant l&#8217;appel, sur quelle page ils se trouvaient lorsqu&#8217;ils ont pass\u00e9 l&#8217;appel et pour identifier les pages qui d\u00e9livrent les appels t\u00e9l\u00e9phoniques et les pistes. <br><br>\n\t<\/div>\n<\/section>\n<div data-post-id=\"5599\" class=\"insert-page insert-page-5599 \"><section style=\"margin-top:100px; margin-bottom: 100px;\">\n\t<div class=\"wrap\" style=\"text-align: center\">\n\t\t<h3 style=\"color: #000E4D; margin:100px; font-size: 20px; font-weight: 500; letter-spacing: 0.39px; line-height: 28px; text-align: center; margin-bottom: 30px;\">Activez votre suivi d&#8217;appel maintenant<\/h3>\n\t\t<a href=\"http:\/\/clixtell.com\/freetrial\/?plan=4\" class=\"bigbtn fullctbtn\">Commencer un essai gratuit<\/a> <a href=\"http:\/\/clixtell.com\/book-a-demo\/\" class=\"bigbtn ctbtn\">Demander une d\u00e9mo<\/a>\n\t<\/div>\n<\/section><\/div>","protected":false},"excerpt":{"rendered":"Un tableau de bord en direct clair et intuitif Observez et \u00e9coutez tous vos appels professionnels, o\u00f9 que vous soyez. Tableau de bord des appels en direct Le tableau de bord d&#8217;appel simple et intuitif de Clixtell vous permet de savoir quelles campagnes de marketing, quels mots cl\u00e9s et quelles annonces g\u00e9n\u00e8rent des appels t\u00e9l\u00e9phoniques [&hellip;]","protected":false},"author":1,"featured_media":0,"parent":5788,"menu_order":0,"comment_status":"closed","ping_status":"closed","template":"call-tracking.php","meta":{"footnotes":""},"class_list":["post-5762","page","type-page","status-publish","hentry"],"yoast_head":"<!-- This site is optimized with the Yoast SEO plugin v26.8 - https:\/\/yoast.com\/product\/yoast-seo-wordpress\/ -->\n<title>Tableau de bord des appels en direct | Logiciel de suivi et d&#039;analyse des appels | Clixtell<\/title>\n<meta name=\"description\" content=\"Le tableau de bord d&#039;appel simple et intuitif de Clixtell vous permet de savoir quelles campagnes de marketing, quels mots cl\u00e9s et quelles annonces g\u00e9n\u00e8rent des appels t\u00e9l\u00e9phoniques et des pistes. Observez et \u00e9coutez tous vos appels professionnels, o\u00f9 que vous soyez.\" \/>\n<meta name=\"robots\" content=\"index, follow, max-snippet:-1, max-image-preview:large, max-video-preview:-1\" \/>\n<link rel=\"canonical\" href=\"https:\/\/www.clixtell.com\/fr\/suivi-appel\/analyses-appel\/tableau-de-bord-appels-en-direct\/\" \/>\n<meta property=\"og:locale\" content=\"fr_FR\" \/>\n<meta property=\"og:type\" content=\"article\" \/>\n<meta property=\"og:title\" content=\"Tableau de bord des appels en direct | Logiciel de suivi et d&#039;analyse des appels | Clixtell\" \/>\n<meta property=\"og:description\" content=\"Le tableau de bord d&#039;appel simple et intuitif de Clixtell vous permet de savoir quelles campagnes de marketing, quels mots cl\u00e9s et quelles annonces g\u00e9n\u00e8rent des appels t\u00e9l\u00e9phoniques et des pistes. Observez et \u00e9coutez tous vos appels professionnels, o\u00f9 que vous soyez.\" \/>\n<meta property=\"og:url\" content=\"https:\/\/www.clixtell.com\/fr\/suivi-appel\/analyses-appel\/tableau-de-bord-appels-en-direct\/\" \/>\n<meta property=\"og:site_name\" content=\"Click Fraud Protection | Call Tracking | Website Video Recorder | Clixtell\u2122\" \/>\n<meta property=\"article:publisher\" content=\"http:\/\/facebook.com\/clixtell\" \/>\n<meta property=\"article:modified_time\" content=\"2020-12-03T12:24:17+00:00\" \/>\n<meta name=\"twitter:card\" content=\"summary_large_image\" \/>\n<meta name=\"twitter:site\" content=\"@clixtell\" \/>\n<meta name=\"twitter:label1\" content=\"Dur\u00e9e de lecture estim\u00e9e\" \/>\n\t<meta name=\"twitter:data1\" content=\"1 minute\" \/>\n<!-- \/ Yoast SEO plugin. -->","yoast_head_json":{"title":"Tableau de bord des appels en direct | Logiciel de suivi et d'analyse des appels | Clixtell","description":"Le tableau de bord d'appel simple et intuitif de Clixtell vous permet de savoir quelles campagnes de marketing, quels mots cl\u00e9s et quelles annonces g\u00e9n\u00e8rent des appels t\u00e9l\u00e9phoniques et des pistes. Observez et \u00e9coutez tous vos appels professionnels, o\u00f9 que vous soyez.","robots":{"index":"index","follow":"follow","max-snippet":"max-snippet:-1","max-image-preview":"max-image-preview:large","max-video-preview":"max-video-preview:-1"},"canonical":"https:\/\/www.clixtell.com\/fr\/suivi-appel\/analyses-appel\/tableau-de-bord-appels-en-direct\/","og_locale":"fr_FR","og_type":"article","og_title":"Tableau de bord des appels en direct | Logiciel de suivi et d'analyse des appels | Clixtell","og_description":"Le tableau de bord d'appel simple et intuitif de Clixtell vous permet de savoir quelles campagnes de marketing, quels mots cl\u00e9s et quelles annonces g\u00e9n\u00e8rent des appels t\u00e9l\u00e9phoniques et des pistes. Observez et \u00e9coutez tous vos appels professionnels, o\u00f9 que vous soyez.","og_url":"https:\/\/www.clixtell.com\/fr\/suivi-appel\/analyses-appel\/tableau-de-bord-appels-en-direct\/","og_site_name":"Click Fraud Protection | Call Tracking | Website Video Recorder | Clixtell\u2122","article_publisher":"http:\/\/facebook.com\/clixtell","article_modified_time":"2020-12-03T12:24:17+00:00","twitter_card":"summary_large_image","twitter_site":"@clixtell","twitter_misc":{"Dur\u00e9e de lecture estim\u00e9e":"1 minute"},"schema":{"@context":"https:\/\/schema.org","@graph":[{"@type":"WebPage","@id":"https:\/\/www.clixtell.com\/fr\/suivi-appel\/analyses-appel\/tableau-de-bord-appels-en-direct\/","url":"https:\/\/www.clixtell.com\/fr\/suivi-appel\/analyses-appel\/tableau-de-bord-appels-en-direct\/","name":"Tableau de bord des appels en direct | Logiciel de suivi et d'analyse des appels | Clixtell","isPartOf":{"@id":"https:\/\/www.clixtell.com\/fr\/#website"},"datePublished":"2020-12-02T16:38:29+00:00","dateModified":"2020-12-03T12:24:17+00:00","description":"Le tableau de bord d'appel simple et intuitif de Clixtell vous permet de savoir quelles campagnes de marketing, quels mots cl\u00e9s et quelles annonces g\u00e9n\u00e8rent des appels t\u00e9l\u00e9phoniques et des pistes. Observez et \u00e9coutez tous vos appels professionnels, o\u00f9 que vous soyez.","breadcrumb":{"@id":"https:\/\/www.clixtell.com\/fr\/suivi-appel\/analyses-appel\/tableau-de-bord-appels-en-direct\/#breadcrumb"},"inLanguage":"fr-FR","potentialAction":[{"@type":"ReadAction","target":["https:\/\/www.clixtell.com\/fr\/suivi-appel\/analyses-appel\/tableau-de-bord-appels-en-direct\/"]}]},{"@type":"BreadcrumbList","@id":"https:\/\/www.clixtell.com\/fr\/suivi-appel\/analyses-appel\/tableau-de-bord-appels-en-direct\/#breadcrumb","itemListElement":[{"@type":"ListItem","position":1,"name":"Home","item":"https:\/\/www.clixtell.com\/fr\/"},{"@type":"ListItem","position":2,"name":"Clixtell | Logiciel de suivi et d&rsquo;analyse des appels","item":"https:\/\/www.clixtell.com\/fr\/suivi-appel\/"},{"@type":"ListItem","position":3,"name":"Analyses d&rsquo;appels | Logiciel de suivi et d&rsquo;analyse des appels | Clixtell","item":"https:\/\/www.clixtell.com\/fr\/suivi-appel\/analyses-appel\/"},{"@type":"ListItem","position":4,"name":"Tableau de bord des appels en direct | Logiciel de suivi et d&rsquo;analyse des appels | Clixtell"}]},{"@type":"WebSite","@id":"https:\/\/www.clixtell.com\/fr\/#website","url":"https:\/\/www.clixtell.com\/fr\/","name":"Click Fraud Protection | Call Tracking | Website Video Recorder | Clixtell\u2122","description":"Safe &amp; Sound Digital Marketing","publisher":{"@id":"https:\/\/www.clixtell.com\/fr\/#organization"},"potentialAction":[{"@type":"SearchAction","target":{"@type":"EntryPoint","urlTemplate":"https:\/\/www.clixtell.com\/fr\/?s={search_term_string}"},"query-input":{"@type":"PropertyValueSpecification","valueRequired":true,"valueName":"search_term_string"}}],"inLanguage":"fr-FR"},{"@type":"Organization","@id":"https:\/\/www.clixtell.com\/fr\/#organization","name":"Clixtell","url":"https:\/\/www.clixtell.com\/fr\/","logo":{"@type":"ImageObject","inLanguage":"fr-FR","@id":"https:\/\/www.clixtell.com\/fr\/#\/schema\/logo\/image\/","url":"https:\/\/www.clixtell.com\/wp-content\/uploads\/logoc.png","contentUrl":"https:\/\/www.clixtell.com\/wp-content\/uploads\/logoc.png","width":168,"height":43,"caption":"Clixtell"},"image":{"@id":"https:\/\/www.clixtell.com\/fr\/#\/schema\/logo\/image\/"},"sameAs":["http:\/\/facebook.com\/clixtell","https:\/\/x.com\/clixtell"]}]}},"_links":{"self":[{"href":"https:\/\/www.clixtell.com\/fr\/wp-json\/wp\/v2\/pages\/5762","targetHints":{"allow":["GET"]}}],"collection":[{"href":"https:\/\/www.clixtell.com\/fr\/wp-json\/wp\/v2\/pages"}],"about":[{"href":"https:\/\/www.clixtell.com\/fr\/wp-json\/wp\/v2\/types\/page"}],"author":[{"embeddable":true,"href":"https:\/\/www.clixtell.com\/fr\/wp-json\/wp\/v2\/users\/1"}],"replies":[{"embeddable":true,"href":"https:\/\/www.clixtell.com\/fr\/wp-json\/wp\/v2\/comments?post=5762"}],"version-history":[{"count":0,"href":"https:\/\/www.clixtell.com\/fr\/wp-json\/wp\/v2\/pages\/5762\/revisions"}],"up":[{"embeddable":true,"href":"https:\/\/www.clixtell.com\/fr\/wp-json\/wp\/v2\/pages\/5788"}],"wp:attachment":[{"href":"https:\/\/www.clixtell.com\/fr\/wp-json\/wp\/v2\/media?parent=5762"}],"curies":[{"name":"wp","href":"https:\/\/api.w.org\/{rel}","templated":true}]}}