{"id":5764,"date":"2020-12-02T18:27:31","date_gmt":"2020-12-02T18:27:31","guid":{"rendered":"https:\/\/www.clixtell.com\/?page_id=5764"},"modified":"2020-12-03T12:23:59","modified_gmt":"2020-12-03T12:23:59","slug":"suivi-appel-hors-ligne","status":"publish","type":"page","link":"https:\/\/www.clixtell.com\/fr\/suivi-appel\/caracteristiques-attribution-appels\/suivi-appel-hors-ligne\/","title":{"rendered":"Suivi des appels hors ligne | Logiciel de suivi et d&#8217;analyse des appels | Clixtell"},"content":{"rendered":"\t<div class=\"container mob-marg\">\n\t\t<h1 style=\"color: #fff; margin-top:10vh\">Suivez, mesurez et enregistrez chaque appel <br> \u00e0 votre entreprise depuis n&#8217;importe quel canal <\/h1>\n\t\t<h3 style=\"color: #fff; margin-top:3vh\">Des num\u00e9ros de t\u00e9l\u00e9phone \u00e0 la demande pour tous vos besoins en mati\u00e8re de marketing.<\/h3>\n\t<\/div>\n<\/div>\n<\/div>\n<section class=\"container\" style=\"max-width: 897px; margin-top: 80px;\">\n\t<h1 style=\"color: #19CBD2; text-align: center;\">Suivi des appels statiques et hors ligne<\/h1>\n\t<div style=\"color: #000E4D; font-size: 16px; letter-spacing: 0.31px; line-height: 28px; margin-top: 35px;\">Le service de suivi des appels de Clixtell g\u00e9n\u00e9rera pour vous des donn\u00e9es essentielles que vous pourrez utiliser ult\u00e9rieurement afin d&#8217;am\u00e9liorer les performances de vos annonces. Vous pouvez y parvenir en attribuant un num\u00e9ro de t\u00e9l\u00e9phone de suivi pour suivre les appels t\u00e9l\u00e9phoniques et pour mesurer les conversions sur chacune des plateformes publicitaires, qu&#8217;il s&#8217;agisse de publicit\u00e9s imprim\u00e9es, de t\u00e9l\u00e9vision, de radio, de marketing par courriel ou de tout autre support. <br><br>\n\t<\/div>\n<\/section>\n<div data-post-id=\"5599\" class=\"insert-page insert-page-5599 \"><section style=\"margin-top:100px; margin-bottom: 100px;\">\n\t<div class=\"wrap\" style=\"text-align: center\">\n\t\t<h3 style=\"color: #000E4D; margin:100px; font-size: 20px; font-weight: 500; letter-spacing: 0.39px; line-height: 28px; text-align: center; margin-bottom: 30px;\">Activez votre suivi d&#8217;appel maintenant<\/h3>\n\t\t<a href=\"http:\/\/clixtell.com\/freetrial\/?plan=4\" class=\"bigbtn fullctbtn\">Commencer un essai gratuit<\/a> <a href=\"http:\/\/clixtell.com\/book-a-demo\/\" class=\"bigbtn ctbtn\">Demander une d\u00e9mo<\/a>\n\t<\/div>\n<\/section><\/div>","protected":false},"excerpt":{"rendered":"Suivez, mesurez et enregistrez chaque appel \u00e0 votre entreprise depuis n&#8217;importe quel canal Des num\u00e9ros de t\u00e9l\u00e9phone \u00e0 la demande pour tous vos besoins en mati\u00e8re de marketing. Suivi des appels statiques et hors ligne Le service de suivi des appels de Clixtell g\u00e9n\u00e9rera pour vous des donn\u00e9es essentielles que vous pourrez utiliser ult\u00e9rieurement afin [&hellip;]","protected":false},"author":1,"featured_media":0,"parent":5752,"menu_order":0,"comment_status":"closed","ping_status":"closed","template":"call-tracking.php","meta":{"footnotes":""},"class_list":["post-5764","page","type-page","status-publish","hentry"],"yoast_head":"<!-- This site is optimized with the Yoast SEO plugin v26.8 - https:\/\/yoast.com\/product\/yoast-seo-wordpress\/ -->\n<title>Suivi des appels hors ligne | Logiciel de suivi et d&#039;analyse des appels | Clixtell<\/title>\n<meta name=\"description\" content=\"Suivez, mesurez et enregistrez chaque appel vers votre entreprise depuis n&#039;importe quel canal. Des num\u00e9ros de t\u00e9l\u00e9phone \u00e0 la demande pour tous vos besoins en mati\u00e8re de marketing.\" \/>\n<meta name=\"robots\" content=\"index, follow, max-snippet:-1, max-image-preview:large, max-video-preview:-1\" \/>\n<link rel=\"canonical\" href=\"https:\/\/www.clixtell.com\/fr\/suivi-appel\/caracteristiques-attribution-appels\/suivi-appel-hors-ligne\/\" \/>\n<meta property=\"og:locale\" content=\"fr_FR\" \/>\n<meta property=\"og:type\" content=\"article\" \/>\n<meta property=\"og:title\" content=\"Suivi des appels hors ligne | Logiciel de suivi et d&#039;analyse des appels | Clixtell\" \/>\n<meta property=\"og:description\" content=\"Suivez, mesurez et enregistrez chaque appel vers votre entreprise depuis n&#039;importe quel canal. Des num\u00e9ros de t\u00e9l\u00e9phone \u00e0 la demande pour tous vos besoins en mati\u00e8re de marketing.\" \/>\n<meta property=\"og:url\" content=\"https:\/\/www.clixtell.com\/fr\/suivi-appel\/caracteristiques-attribution-appels\/suivi-appel-hors-ligne\/\" \/>\n<meta property=\"og:site_name\" content=\"Click Fraud Protection | Call Tracking | Website Video Recorder | Clixtell\u2122\" \/>\n<meta property=\"article:publisher\" content=\"http:\/\/facebook.com\/clixtell\" \/>\n<meta property=\"article:modified_time\" content=\"2020-12-03T12:23:59+00:00\" \/>\n<meta name=\"twitter:card\" content=\"summary_large_image\" \/>\n<meta name=\"twitter:site\" content=\"@clixtell\" \/>\n<meta name=\"twitter:label1\" content=\"Dur\u00e9e de lecture estim\u00e9e\" \/>\n\t<meta name=\"twitter:data1\" content=\"1 minute\" \/>\n<!-- \/ Yoast SEO plugin. -->","yoast_head_json":{"title":"Suivi des appels hors ligne | Logiciel de suivi et d'analyse des appels | Clixtell","description":"Suivez, mesurez et enregistrez chaque appel vers votre entreprise depuis n'importe quel canal. Des num\u00e9ros de t\u00e9l\u00e9phone \u00e0 la demande pour tous vos besoins en mati\u00e8re de marketing.","robots":{"index":"index","follow":"follow","max-snippet":"max-snippet:-1","max-image-preview":"max-image-preview:large","max-video-preview":"max-video-preview:-1"},"canonical":"https:\/\/www.clixtell.com\/fr\/suivi-appel\/caracteristiques-attribution-appels\/suivi-appel-hors-ligne\/","og_locale":"fr_FR","og_type":"article","og_title":"Suivi des appels hors ligne | Logiciel de suivi et d'analyse des appels | Clixtell","og_description":"Suivez, mesurez et enregistrez chaque appel vers votre entreprise depuis n'importe quel canal. Des num\u00e9ros de t\u00e9l\u00e9phone \u00e0 la demande pour tous vos besoins en mati\u00e8re de marketing.","og_url":"https:\/\/www.clixtell.com\/fr\/suivi-appel\/caracteristiques-attribution-appels\/suivi-appel-hors-ligne\/","og_site_name":"Click Fraud Protection | Call Tracking | Website Video Recorder | Clixtell\u2122","article_publisher":"http:\/\/facebook.com\/clixtell","article_modified_time":"2020-12-03T12:23:59+00:00","twitter_card":"summary_large_image","twitter_site":"@clixtell","twitter_misc":{"Dur\u00e9e de lecture estim\u00e9e":"1 minute"},"schema":{"@context":"https:\/\/schema.org","@graph":[{"@type":"WebPage","@id":"https:\/\/www.clixtell.com\/fr\/suivi-appel\/caracteristiques-attribution-appels\/suivi-appel-hors-ligne\/","url":"https:\/\/www.clixtell.com\/fr\/suivi-appel\/caracteristiques-attribution-appels\/suivi-appel-hors-ligne\/","name":"Suivi des appels hors ligne | Logiciel de suivi et d'analyse des appels | Clixtell","isPartOf":{"@id":"https:\/\/www.clixtell.com\/fr\/#website"},"datePublished":"2020-12-02T18:27:31+00:00","dateModified":"2020-12-03T12:23:59+00:00","description":"Suivez, mesurez et enregistrez chaque appel vers votre entreprise depuis n'importe quel canal. Des num\u00e9ros de t\u00e9l\u00e9phone \u00e0 la demande pour tous vos besoins en mati\u00e8re de marketing.","breadcrumb":{"@id":"https:\/\/www.clixtell.com\/fr\/suivi-appel\/caracteristiques-attribution-appels\/suivi-appel-hors-ligne\/#breadcrumb"},"inLanguage":"fr-FR","potentialAction":[{"@type":"ReadAction","target":["https:\/\/www.clixtell.com\/fr\/suivi-appel\/caracteristiques-attribution-appels\/suivi-appel-hors-ligne\/"]}]},{"@type":"BreadcrumbList","@id":"https:\/\/www.clixtell.com\/fr\/suivi-appel\/caracteristiques-attribution-appels\/suivi-appel-hors-ligne\/#breadcrumb","itemListElement":[{"@type":"ListItem","position":1,"name":"Home","item":"https:\/\/www.clixtell.com\/fr\/"},{"@type":"ListItem","position":2,"name":"Clixtell | Logiciel de suivi et d&rsquo;analyse des appels","item":"https:\/\/www.clixtell.com\/fr\/suivi-appel\/"},{"@type":"ListItem","position":3,"name":"Attribution des appels | Logiciel de suivi et d&rsquo;analyse des appels | Clixtell","item":"https:\/\/www.clixtell.com\/fr\/suivi-appel\/caracteristiques-attribution-appels\/"},{"@type":"ListItem","position":4,"name":"Suivi des appels hors ligne | Logiciel de suivi et d&rsquo;analyse des appels | Clixtell"}]},{"@type":"WebSite","@id":"https:\/\/www.clixtell.com\/fr\/#website","url":"https:\/\/www.clixtell.com\/fr\/","name":"Click Fraud Protection | Call Tracking | Website Video Recorder | Clixtell\u2122","description":"Safe &amp; Sound Digital Marketing","publisher":{"@id":"https:\/\/www.clixtell.com\/fr\/#organization"},"potentialAction":[{"@type":"SearchAction","target":{"@type":"EntryPoint","urlTemplate":"https:\/\/www.clixtell.com\/fr\/?s={search_term_string}"},"query-input":{"@type":"PropertyValueSpecification","valueRequired":true,"valueName":"search_term_string"}}],"inLanguage":"fr-FR"},{"@type":"Organization","@id":"https:\/\/www.clixtell.com\/fr\/#organization","name":"Clixtell","url":"https:\/\/www.clixtell.com\/fr\/","logo":{"@type":"ImageObject","inLanguage":"fr-FR","@id":"https:\/\/www.clixtell.com\/fr\/#\/schema\/logo\/image\/","url":"https:\/\/www.clixtell.com\/wp-content\/uploads\/logoc.png","contentUrl":"https:\/\/www.clixtell.com\/wp-content\/uploads\/logoc.png","width":168,"height":43,"caption":"Clixtell"},"image":{"@id":"https:\/\/www.clixtell.com\/fr\/#\/schema\/logo\/image\/"},"sameAs":["http:\/\/facebook.com\/clixtell","https:\/\/x.com\/clixtell"]}]}},"_links":{"self":[{"href":"https:\/\/www.clixtell.com\/fr\/wp-json\/wp\/v2\/pages\/5764","targetHints":{"allow":["GET"]}}],"collection":[{"href":"https:\/\/www.clixtell.com\/fr\/wp-json\/wp\/v2\/pages"}],"about":[{"href":"https:\/\/www.clixtell.com\/fr\/wp-json\/wp\/v2\/types\/page"}],"author":[{"embeddable":true,"href":"https:\/\/www.clixtell.com\/fr\/wp-json\/wp\/v2\/users\/1"}],"replies":[{"embeddable":true,"href":"https:\/\/www.clixtell.com\/fr\/wp-json\/wp\/v2\/comments?post=5764"}],"version-history":[{"count":0,"href":"https:\/\/www.clixtell.com\/fr\/wp-json\/wp\/v2\/pages\/5764\/revisions"}],"up":[{"embeddable":true,"href":"https:\/\/www.clixtell.com\/fr\/wp-json\/wp\/v2\/pages\/5752"}],"wp:attachment":[{"href":"https:\/\/www.clixtell.com\/fr\/wp-json\/wp\/v2\/media?parent=5764"}],"curies":[{"name":"wp","href":"https:\/\/api.w.org\/{rel}","templated":true}]}}