{"id":5766,"date":"2020-12-02T21:51:00","date_gmt":"2020-12-02T21:51:00","guid":{"rendered":"https:\/\/www.clixtell.com\/?page_id=5766"},"modified":"2020-12-03T12:23:40","modified_gmt":"2020-12-03T12:23:40","slug":"suivi-click-to-call-annonces","status":"publish","type":"page","link":"https:\/\/www.clixtell.com\/fr\/suivi-appel\/caracteristiques-attribution-appels\/suivi-click-to-call-annonces\/","title":{"rendered":"Logiciel de suivi des annonces &#8220;Click-To-Call&#8221; | Suivi et analyse des appels | Clixtell"},"content":{"rendered":"\t<div class=\"container mob-marg\">\n\t\t<h1 style=\"color: #fff; margin-top:10vh\">Analysez chaque clic<br>Suivez chaque coup de t\u00e9l\u00e9phone<\/h1>\n\t\t<h3 style=\"color: #fff;margin-top: 3vh;\">Suivez, mesurez et enregistrez vos annonces de click-to-call.<\/h3>\n\t<\/div>\n<\/div>\n<\/div>\n<section class=\"container\" style=\"max-width: 897px; margin-top: 80px;\">\n\t<h1 style=\"color: #19CBD2; text-align: center;\">Suivi des annonces &#8220;Click-To-Call&#8221;<\/h1>\n\t<div style=\"color: #000E4D; font-size: 16px; letter-spacing: 0.31px; line-height: 28px; margin-top: 35px;\"> Notre fonction exclusive de suivi, de mesure et d&#8217;enregistrement des clics sur les annonces en utilisant un num\u00e9ro de t\u00e9l\u00e9phone de suivi que vous pouvez choisir parmi nos num\u00e9ros locaux et gratuits disponibles instantan\u00e9ment et contr\u00f4l\u00e9s par Clixtell, vous permet de comparer le nombre de clics sur votre annonce au nombre d&#8217;appels entrants que vous avez effectivement re\u00e7us, d&#8217;obtenir des informations pr\u00e9cieuses sur les appels t\u00e9l\u00e9phoniques et d&#8217;obtenir un remboursement de Google pour vos d\u00e9penses li\u00e9es \u00e0 la fraude au clic en utilisant notre rapport d\u00e9taill\u00e9, ce qui vous permet de garantir et de prot\u00e9ger votre budget publicitaire.<br><br>\n Clixtell analyse toutes les donn\u00e9es entrantes pour vous fournir des informations en temps r\u00e9el sur vos publicit\u00e9s &#8220;click-to-call&#8221;.<br><br>\n Notre logiciel attribue des num\u00e9ros de suivi sur vos annonces qui comprennent des fonctionnalit\u00e9s telles que : l&#8217;enregistrement des appels, l&#8217;identification de l&#8217;appelant, les chuchotements, l&#8217;historique des appels, adapt\u00e9es aux petites et moyennes entreprises et aux grandes organisations. <br><br>\n\t<\/div>\n<\/section>\n<div data-post-id=\"5599\" class=\"insert-page insert-page-5599 \"><section style=\"margin-top:100px; margin-bottom: 100px;\">\n\t<div class=\"wrap\" style=\"text-align: center\">\n\t\t<h3 style=\"color: #000E4D; margin:100px; font-size: 20px; font-weight: 500; letter-spacing: 0.39px; line-height: 28px; text-align: center; margin-bottom: 30px;\">Activez votre suivi d&#8217;appel maintenant<\/h3>\n\t\t<a href=\"http:\/\/clixtell.com\/freetrial\/?plan=4\" class=\"bigbtn fullctbtn\">Commencer un essai gratuit<\/a> <a href=\"http:\/\/clixtell.com\/book-a-demo\/\" class=\"bigbtn ctbtn\">Demander une d\u00e9mo<\/a>\n\t<\/div>\n<\/section><\/div>","protected":false},"excerpt":{"rendered":"Analysez chaque clicSuivez chaque coup de t\u00e9l\u00e9phone Suivez, mesurez et enregistrez vos annonces de click-to-call. Suivi des annonces &#8220;Click-To-Call&#8221; Notre fonction exclusive de suivi, de mesure et d&#8217;enregistrement des clics sur les annonces en utilisant un num\u00e9ro de t\u00e9l\u00e9phone de suivi que vous pouvez choisir parmi nos num\u00e9ros locaux et gratuits disponibles instantan\u00e9ment et contr\u00f4l\u00e9s [&hellip;]","protected":false},"author":1,"featured_media":0,"parent":5752,"menu_order":0,"comment_status":"closed","ping_status":"closed","template":"call-tracking.php","meta":{"footnotes":""},"class_list":["post-5766","page","type-page","status-publish","hentry"],"yoast_head":"<!-- This site is optimized with the Yoast SEO plugin v26.8 - https:\/\/yoast.com\/product\/yoast-seo-wordpress\/ -->\n<title>Logiciel de suivi des annonces &quot;Click-To-Call&quot; | Suivi et analyse des appels | Clixtell<\/title>\n<meta name=\"description\" content=\"Notre fonction exclusive de suivi, de mesure et d&#039;enregistrement des clics publicitaires en utilisant un num\u00e9ro de t\u00e9l\u00e9phone de suivi que vous pouvez choisir parmi nos num\u00e9ros locaux et gratuits disponibles instantan\u00e9ment et contr\u00f4l\u00e9s par Clixtell.\" \/>\n<meta name=\"robots\" content=\"index, follow, max-snippet:-1, max-image-preview:large, max-video-preview:-1\" \/>\n<link rel=\"canonical\" href=\"https:\/\/www.clixtell.com\/fr\/suivi-appel\/caracteristiques-attribution-appels\/suivi-click-to-call-annonces\/\" \/>\n<meta property=\"og:locale\" content=\"fr_FR\" \/>\n<meta property=\"og:type\" content=\"article\" \/>\n<meta property=\"og:title\" content=\"Logiciel de suivi des annonces &quot;Click-To-Call&quot; | Suivi et analyse des appels | Clixtell\" \/>\n<meta property=\"og:description\" content=\"Notre fonction exclusive de suivi, de mesure et d&#039;enregistrement des clics publicitaires en utilisant un num\u00e9ro de t\u00e9l\u00e9phone de suivi que vous pouvez choisir parmi nos num\u00e9ros locaux et gratuits disponibles instantan\u00e9ment et contr\u00f4l\u00e9s par Clixtell.\" \/>\n<meta property=\"og:url\" content=\"https:\/\/www.clixtell.com\/fr\/suivi-appel\/caracteristiques-attribution-appels\/suivi-click-to-call-annonces\/\" \/>\n<meta property=\"og:site_name\" content=\"Click Fraud Protection | Call Tracking | Website Video Recorder | Clixtell\u2122\" \/>\n<meta property=\"article:publisher\" content=\"http:\/\/facebook.com\/clixtell\" \/>\n<meta property=\"article:modified_time\" content=\"2020-12-03T12:23:40+00:00\" \/>\n<meta name=\"twitter:card\" content=\"summary_large_image\" \/>\n<meta name=\"twitter:site\" content=\"@clixtell\" \/>\n<meta name=\"twitter:label1\" content=\"Dur\u00e9e de lecture estim\u00e9e\" \/>\n\t<meta name=\"twitter:data1\" content=\"1 minute\" \/>\n<!-- \/ Yoast SEO plugin. -->","yoast_head_json":{"title":"Logiciel de suivi des annonces \"Click-To-Call\" | Suivi et analyse des appels | Clixtell","description":"Notre fonction exclusive de suivi, de mesure et d'enregistrement des clics publicitaires en utilisant un num\u00e9ro de t\u00e9l\u00e9phone de suivi que vous pouvez choisir parmi nos num\u00e9ros locaux et gratuits disponibles instantan\u00e9ment et contr\u00f4l\u00e9s par Clixtell.","robots":{"index":"index","follow":"follow","max-snippet":"max-snippet:-1","max-image-preview":"max-image-preview:large","max-video-preview":"max-video-preview:-1"},"canonical":"https:\/\/www.clixtell.com\/fr\/suivi-appel\/caracteristiques-attribution-appels\/suivi-click-to-call-annonces\/","og_locale":"fr_FR","og_type":"article","og_title":"Logiciel de suivi des annonces \"Click-To-Call\" | Suivi et analyse des appels | Clixtell","og_description":"Notre fonction exclusive de suivi, de mesure et d'enregistrement des clics publicitaires en utilisant un num\u00e9ro de t\u00e9l\u00e9phone de suivi que vous pouvez choisir parmi nos num\u00e9ros locaux et gratuits disponibles instantan\u00e9ment et contr\u00f4l\u00e9s par Clixtell.","og_url":"https:\/\/www.clixtell.com\/fr\/suivi-appel\/caracteristiques-attribution-appels\/suivi-click-to-call-annonces\/","og_site_name":"Click Fraud Protection | Call Tracking | Website Video Recorder | Clixtell\u2122","article_publisher":"http:\/\/facebook.com\/clixtell","article_modified_time":"2020-12-03T12:23:40+00:00","twitter_card":"summary_large_image","twitter_site":"@clixtell","twitter_misc":{"Dur\u00e9e de lecture estim\u00e9e":"1 minute"},"schema":{"@context":"https:\/\/schema.org","@graph":[{"@type":"WebPage","@id":"https:\/\/www.clixtell.com\/fr\/suivi-appel\/caracteristiques-attribution-appels\/suivi-click-to-call-annonces\/","url":"https:\/\/www.clixtell.com\/fr\/suivi-appel\/caracteristiques-attribution-appels\/suivi-click-to-call-annonces\/","name":"Logiciel de suivi des annonces \"Click-To-Call\" | Suivi et analyse des appels | Clixtell","isPartOf":{"@id":"https:\/\/www.clixtell.com\/fr\/#website"},"datePublished":"2020-12-02T21:51:00+00:00","dateModified":"2020-12-03T12:23:40+00:00","description":"Notre fonction exclusive de suivi, de mesure et d'enregistrement des clics publicitaires en utilisant un num\u00e9ro de t\u00e9l\u00e9phone de suivi que vous pouvez choisir parmi nos num\u00e9ros locaux et gratuits disponibles instantan\u00e9ment et contr\u00f4l\u00e9s par Clixtell.","breadcrumb":{"@id":"https:\/\/www.clixtell.com\/fr\/suivi-appel\/caracteristiques-attribution-appels\/suivi-click-to-call-annonces\/#breadcrumb"},"inLanguage":"fr-FR","potentialAction":[{"@type":"ReadAction","target":["https:\/\/www.clixtell.com\/fr\/suivi-appel\/caracteristiques-attribution-appels\/suivi-click-to-call-annonces\/"]}]},{"@type":"BreadcrumbList","@id":"https:\/\/www.clixtell.com\/fr\/suivi-appel\/caracteristiques-attribution-appels\/suivi-click-to-call-annonces\/#breadcrumb","itemListElement":[{"@type":"ListItem","position":1,"name":"Home","item":"https:\/\/www.clixtell.com\/fr\/"},{"@type":"ListItem","position":2,"name":"Clixtell | Logiciel de suivi et d&rsquo;analyse des appels","item":"https:\/\/www.clixtell.com\/fr\/suivi-appel\/"},{"@type":"ListItem","position":3,"name":"Attribution des appels | Logiciel de suivi et d&rsquo;analyse des appels | Clixtell","item":"https:\/\/www.clixtell.com\/fr\/suivi-appel\/caracteristiques-attribution-appels\/"},{"@type":"ListItem","position":4,"name":"Logiciel de suivi des annonces \u00ab\u00a0Click-To-Call\u00a0\u00bb | Suivi et analyse des appels | Clixtell"}]},{"@type":"WebSite","@id":"https:\/\/www.clixtell.com\/fr\/#website","url":"https:\/\/www.clixtell.com\/fr\/","name":"Click Fraud Protection | Call Tracking | Website Video Recorder | Clixtell\u2122","description":"Safe &amp; Sound Digital Marketing","publisher":{"@id":"https:\/\/www.clixtell.com\/fr\/#organization"},"potentialAction":[{"@type":"SearchAction","target":{"@type":"EntryPoint","urlTemplate":"https:\/\/www.clixtell.com\/fr\/?s={search_term_string}"},"query-input":{"@type":"PropertyValueSpecification","valueRequired":true,"valueName":"search_term_string"}}],"inLanguage":"fr-FR"},{"@type":"Organization","@id":"https:\/\/www.clixtell.com\/fr\/#organization","name":"Clixtell","url":"https:\/\/www.clixtell.com\/fr\/","logo":{"@type":"ImageObject","inLanguage":"fr-FR","@id":"https:\/\/www.clixtell.com\/fr\/#\/schema\/logo\/image\/","url":"https:\/\/www.clixtell.com\/wp-content\/uploads\/logoc.png","contentUrl":"https:\/\/www.clixtell.com\/wp-content\/uploads\/logoc.png","width":168,"height":43,"caption":"Clixtell"},"image":{"@id":"https:\/\/www.clixtell.com\/fr\/#\/schema\/logo\/image\/"},"sameAs":["http:\/\/facebook.com\/clixtell","https:\/\/x.com\/clixtell"]}]}},"_links":{"self":[{"href":"https:\/\/www.clixtell.com\/fr\/wp-json\/wp\/v2\/pages\/5766","targetHints":{"allow":["GET"]}}],"collection":[{"href":"https:\/\/www.clixtell.com\/fr\/wp-json\/wp\/v2\/pages"}],"about":[{"href":"https:\/\/www.clixtell.com\/fr\/wp-json\/wp\/v2\/types\/page"}],"author":[{"embeddable":true,"href":"https:\/\/www.clixtell.com\/fr\/wp-json\/wp\/v2\/users\/1"}],"replies":[{"embeddable":true,"href":"https:\/\/www.clixtell.com\/fr\/wp-json\/wp\/v2\/comments?post=5766"}],"version-history":[{"count":0,"href":"https:\/\/www.clixtell.com\/fr\/wp-json\/wp\/v2\/pages\/5766\/revisions"}],"up":[{"embeddable":true,"href":"https:\/\/www.clixtell.com\/fr\/wp-json\/wp\/v2\/pages\/5752"}],"wp:attachment":[{"href":"https:\/\/www.clixtell.com\/fr\/wp-json\/wp\/v2\/media?parent=5766"}],"curies":[{"name":"wp","href":"https:\/\/api.w.org\/{rel}","templated":true}]}}