{"id":5768,"date":"2020-12-02T21:55:25","date_gmt":"2020-12-02T21:55:25","guid":{"rendered":"https:\/\/www.clixtell.com\/?page_id=5768"},"modified":"2020-12-03T12:22:59","modified_gmt":"2020-12-03T12:22:59","slug":"suivi-des-appels-par-mot-cle","status":"publish","type":"page","link":"https:\/\/www.clixtell.com\/fr\/suivi-appel\/caracteristiques-attribution-appels\/suivi-des-appels-par-mot-cle\/","title":{"rendered":"Suivi des appels par mots-cl\u00e9s | Logiciel de suivi et d&#8217;analyse des appels | Clixtell"},"content":{"rendered":"\t<div class=\"container mob-marg\">\n\t\t<h1 style=\"color: #fff; text-align: left; margin-top:10vh\">Optimisez vos campagnes PPC<br> Avec notre syst\u00e8me de suivi des appels par mot-cl\u00e9<\/h1>\n\t\t<h3 style=\"color: #fff;\">Optimiser la performance des mots-cl\u00e9s en utilisant la connaissance de la conversion des appels.<\/h3>\n\t<\/div>\n<\/div>\n<\/div>\n<section class=\"container\" style=\"max-width: 897px; margin-top: 80px;\">\n\t<h1 style=\"color: #19CBD2; text-align: center;\">Suivi des appels par mot-cl\u00e9<\/h1>\n\t<div style=\"color: #000E4D; font-size: 16px; letter-spacing: 0.31px; line-height: 28px; margin-top: 35px;\"> Notre logiciel de suivi des appels par mot-cl\u00e9 vous montre quels mots-cl\u00e9s, campagnes, annonces et pages de renvoi produisent des appels et des conversions. <br>\n En utilisant ces informations, vous serez en mesure d&#8217;optimiser vos campagnes et vos mots-cl\u00e9s gr\u00e2ce \u00e0 des donn\u00e9es d&#8217;appel performant.<br>\n Notre suivi des appels par mot-cl\u00e9 est une fonction puissante et utile, la plupart de nos clients utilisent ce service avanc\u00e9 et profitent de son avantage. <br><br>\n\n Chaque visiteur de votre site web se voit automatiquement attribuer un num\u00e9ro de suivi de votre pool. De plus, le visiteur est le seul \u00e0 voir ce num\u00e9ro de t\u00e9l\u00e9phone lors de la visite sur votre site web.<br>\n Notre logiciel de suivi des appels vous indiquera quelles annonces, quels mots cl\u00e9s et quelles pages ont incit\u00e9 les visiteurs de votre site web \u00e0 appeler votre entreprise.<br><br> \n Les donn\u00e9es collect\u00e9es par Clixtell vont dans votre Google Analytics et Google Ads pour un examen plus approfondi.<br><br>\n\t<\/div>\n<\/section>\n<div data-post-id=\"5599\" class=\"insert-page insert-page-5599 \"><section style=\"margin-top:100px; margin-bottom: 100px;\">\n\t<div class=\"wrap\" style=\"text-align: center\">\n\t\t<h3 style=\"color: #000E4D; margin:100px; font-size: 20px; font-weight: 500; letter-spacing: 0.39px; line-height: 28px; text-align: center; margin-bottom: 30px;\">Activez votre suivi d&#8217;appel maintenant<\/h3>\n\t\t<a href=\"http:\/\/clixtell.com\/freetrial\/?plan=4\" class=\"bigbtn fullctbtn\">Commencer un essai gratuit<\/a> <a href=\"http:\/\/clixtell.com\/book-a-demo\/\" class=\"bigbtn ctbtn\">Demander une d\u00e9mo<\/a>\n\t<\/div>\n<\/section><\/div>","protected":false},"excerpt":{"rendered":"Optimisez vos campagnes PPC Avec notre syst\u00e8me de suivi des appels par mot-cl\u00e9 Optimiser la performance des mots-cl\u00e9s en utilisant la connaissance de la conversion des appels. Suivi des appels par mot-cl\u00e9 Notre logiciel de suivi des appels par mot-cl\u00e9 vous montre quels mots-cl\u00e9s, campagnes, annonces et pages de renvoi produisent des appels et des [&hellip;]","protected":false},"author":1,"featured_media":0,"parent":5752,"menu_order":0,"comment_status":"closed","ping_status":"closed","template":"call-tracking.php","meta":{"footnotes":""},"class_list":["post-5768","page","type-page","status-publish","hentry"],"yoast_head":"<!-- This site is optimized with the Yoast SEO plugin v26.8 - https:\/\/yoast.com\/product\/yoast-seo-wordpress\/ -->\n<title>Suivi des appels par mots-cl\u00e9s | Logiciel de suivi et d&#039;analyse des appels | Clixtell<\/title>\n<meta name=\"description\" content=\"Notre logiciel de suivi des appels par mot-cl\u00e9 vous montre quels mots-cl\u00e9s, campagnes, annonces et pages de renvoi produisent des appels et des conversions.\" \/>\n<meta name=\"robots\" content=\"index, follow, max-snippet:-1, max-image-preview:large, max-video-preview:-1\" \/>\n<link rel=\"canonical\" href=\"https:\/\/www.clixtell.com\/fr\/suivi-appel\/caracteristiques-attribution-appels\/suivi-des-appels-par-mot-cle\/\" \/>\n<meta property=\"og:locale\" content=\"fr_FR\" \/>\n<meta property=\"og:type\" content=\"article\" \/>\n<meta property=\"og:title\" content=\"Suivi des appels par mots-cl\u00e9s | Logiciel de suivi et d&#039;analyse des appels | Clixtell\" \/>\n<meta property=\"og:description\" content=\"Notre logiciel de suivi des appels par mot-cl\u00e9 vous montre quels mots-cl\u00e9s, campagnes, annonces et pages de renvoi produisent des appels et des conversions.\" \/>\n<meta property=\"og:url\" content=\"https:\/\/www.clixtell.com\/fr\/suivi-appel\/caracteristiques-attribution-appels\/suivi-des-appels-par-mot-cle\/\" \/>\n<meta property=\"og:site_name\" content=\"Click Fraud Protection | Call Tracking | Website Video Recorder | Clixtell\u2122\" \/>\n<meta property=\"article:publisher\" content=\"http:\/\/facebook.com\/clixtell\" \/>\n<meta property=\"article:modified_time\" content=\"2020-12-03T12:22:59+00:00\" \/>\n<meta name=\"twitter:card\" content=\"summary_large_image\" \/>\n<meta name=\"twitter:site\" content=\"@clixtell\" \/>\n<meta name=\"twitter:label1\" content=\"Dur\u00e9e de lecture estim\u00e9e\" \/>\n\t<meta name=\"twitter:data1\" content=\"1 minute\" \/>\n<!-- \/ Yoast SEO plugin. -->","yoast_head_json":{"title":"Suivi des appels par mots-cl\u00e9s | Logiciel de suivi et d'analyse des appels | Clixtell","description":"Notre logiciel de suivi des appels par mot-cl\u00e9 vous montre quels mots-cl\u00e9s, campagnes, annonces et pages de renvoi produisent des appels et des conversions.","robots":{"index":"index","follow":"follow","max-snippet":"max-snippet:-1","max-image-preview":"max-image-preview:large","max-video-preview":"max-video-preview:-1"},"canonical":"https:\/\/www.clixtell.com\/fr\/suivi-appel\/caracteristiques-attribution-appels\/suivi-des-appels-par-mot-cle\/","og_locale":"fr_FR","og_type":"article","og_title":"Suivi des appels par mots-cl\u00e9s | Logiciel de suivi et d'analyse des appels | Clixtell","og_description":"Notre logiciel de suivi des appels par mot-cl\u00e9 vous montre quels mots-cl\u00e9s, campagnes, annonces et pages de renvoi produisent des appels et des conversions.","og_url":"https:\/\/www.clixtell.com\/fr\/suivi-appel\/caracteristiques-attribution-appels\/suivi-des-appels-par-mot-cle\/","og_site_name":"Click Fraud Protection | Call Tracking | Website Video Recorder | Clixtell\u2122","article_publisher":"http:\/\/facebook.com\/clixtell","article_modified_time":"2020-12-03T12:22:59+00:00","twitter_card":"summary_large_image","twitter_site":"@clixtell","twitter_misc":{"Dur\u00e9e de lecture estim\u00e9e":"1 minute"},"schema":{"@context":"https:\/\/schema.org","@graph":[{"@type":"WebPage","@id":"https:\/\/www.clixtell.com\/fr\/suivi-appel\/caracteristiques-attribution-appels\/suivi-des-appels-par-mot-cle\/","url":"https:\/\/www.clixtell.com\/fr\/suivi-appel\/caracteristiques-attribution-appels\/suivi-des-appels-par-mot-cle\/","name":"Suivi des appels par mots-cl\u00e9s | Logiciel de suivi et d'analyse des appels | Clixtell","isPartOf":{"@id":"https:\/\/www.clixtell.com\/fr\/#website"},"datePublished":"2020-12-02T21:55:25+00:00","dateModified":"2020-12-03T12:22:59+00:00","description":"Notre logiciel de suivi des appels par mot-cl\u00e9 vous montre quels mots-cl\u00e9s, campagnes, annonces et pages de renvoi produisent des appels et des conversions.","breadcrumb":{"@id":"https:\/\/www.clixtell.com\/fr\/suivi-appel\/caracteristiques-attribution-appels\/suivi-des-appels-par-mot-cle\/#breadcrumb"},"inLanguage":"fr-FR","potentialAction":[{"@type":"ReadAction","target":["https:\/\/www.clixtell.com\/fr\/suivi-appel\/caracteristiques-attribution-appels\/suivi-des-appels-par-mot-cle\/"]}]},{"@type":"BreadcrumbList","@id":"https:\/\/www.clixtell.com\/fr\/suivi-appel\/caracteristiques-attribution-appels\/suivi-des-appels-par-mot-cle\/#breadcrumb","itemListElement":[{"@type":"ListItem","position":1,"name":"Home","item":"https:\/\/www.clixtell.com\/fr\/"},{"@type":"ListItem","position":2,"name":"Clixtell | Logiciel de suivi et d&rsquo;analyse des appels","item":"https:\/\/www.clixtell.com\/fr\/suivi-appel\/"},{"@type":"ListItem","position":3,"name":"Attribution des appels | Logiciel de suivi et d&rsquo;analyse des appels | Clixtell","item":"https:\/\/www.clixtell.com\/fr\/suivi-appel\/caracteristiques-attribution-appels\/"},{"@type":"ListItem","position":4,"name":"Suivi des appels par mots-cl\u00e9s | Logiciel de suivi et d&rsquo;analyse des appels | Clixtell"}]},{"@type":"WebSite","@id":"https:\/\/www.clixtell.com\/fr\/#website","url":"https:\/\/www.clixtell.com\/fr\/","name":"Click Fraud Protection | Call Tracking | Website Video Recorder | Clixtell\u2122","description":"Safe &amp; Sound Digital Marketing","publisher":{"@id":"https:\/\/www.clixtell.com\/fr\/#organization"},"potentialAction":[{"@type":"SearchAction","target":{"@type":"EntryPoint","urlTemplate":"https:\/\/www.clixtell.com\/fr\/?s={search_term_string}"},"query-input":{"@type":"PropertyValueSpecification","valueRequired":true,"valueName":"search_term_string"}}],"inLanguage":"fr-FR"},{"@type":"Organization","@id":"https:\/\/www.clixtell.com\/fr\/#organization","name":"Clixtell","url":"https:\/\/www.clixtell.com\/fr\/","logo":{"@type":"ImageObject","inLanguage":"fr-FR","@id":"https:\/\/www.clixtell.com\/fr\/#\/schema\/logo\/image\/","url":"https:\/\/www.clixtell.com\/wp-content\/uploads\/logoc.png","contentUrl":"https:\/\/www.clixtell.com\/wp-content\/uploads\/logoc.png","width":168,"height":43,"caption":"Clixtell"},"image":{"@id":"https:\/\/www.clixtell.com\/fr\/#\/schema\/logo\/image\/"},"sameAs":["http:\/\/facebook.com\/clixtell","https:\/\/x.com\/clixtell"]}]}},"_links":{"self":[{"href":"https:\/\/www.clixtell.com\/fr\/wp-json\/wp\/v2\/pages\/5768","targetHints":{"allow":["GET"]}}],"collection":[{"href":"https:\/\/www.clixtell.com\/fr\/wp-json\/wp\/v2\/pages"}],"about":[{"href":"https:\/\/www.clixtell.com\/fr\/wp-json\/wp\/v2\/types\/page"}],"author":[{"embeddable":true,"href":"https:\/\/www.clixtell.com\/fr\/wp-json\/wp\/v2\/users\/1"}],"replies":[{"embeddable":true,"href":"https:\/\/www.clixtell.com\/fr\/wp-json\/wp\/v2\/comments?post=5768"}],"version-history":[{"count":0,"href":"https:\/\/www.clixtell.com\/fr\/wp-json\/wp\/v2\/pages\/5768\/revisions"}],"up":[{"embeddable":true,"href":"https:\/\/www.clixtell.com\/fr\/wp-json\/wp\/v2\/pages\/5752"}],"wp:attachment":[{"href":"https:\/\/www.clixtell.com\/fr\/wp-json\/wp\/v2\/media?parent=5768"}],"curies":[{"name":"wp","href":"https:\/\/api.w.org\/{rel}","templated":true}]}}