{"id":5775,"date":"2020-12-03T08:48:23","date_gmt":"2020-12-03T08:48:23","guid":{"rendered":"https:\/\/www.clixtell.com\/?page_id=5775"},"modified":"2020-12-03T12:21:29","modified_gmt":"2020-12-03T12:21:29","slug":"conversion-intelligence","status":"publish","type":"page","link":"https:\/\/www.clixtell.com\/fr\/protection-fraude-clic\/caracteristiques\/conversion-intelligence\/","title":{"rendered":"Conversion Intelligence | Logiciel de d\u00e9tection et de protection contre la fraude au clic | Clixtell"},"content":{"rendered":"\t<div class=\"container mob-marg\">\n\t\t<h1 style=\"color: #fff; text-align: left; margin-top:10vh\">Suivez et observez quels cha\u00eenes,<br>mots-cl\u00e9s et publicit\u00e9s sont convertis<\/h1>\n\t\t<h3 style=\"color: #fff; margin-top: 3vh;\">Suivez les appels, les formulaires et les achats par mot-cl\u00e9 et par publicit\u00e9.<\/h3>\n\t<\/div>\n<\/div>\n<\/div>\n<section class=\"container\" style=\"max-width: 897px; margin-top: 80px;\">\n\t<h1 style=\"color: #0080FF; text-align: center;\">Conversion Intelligence<\/h1>\n\t<div style=\"color: #000E4D; font-size: 16px; letter-spacing: 0.31px; line-height: 28px; margin-top: 35px;\">Gr\u00e2ce \u00e0 notre intelligence de conversion, vous pouvez suivre tous les types de conversions, des formulaires web aux appels t\u00e9l\u00e9phoniques, ce qui vous permet de vous concentrer uniquement sur ce qui convertit vraiment et de ne d\u00e9penser votre budget que sur ce qui fonctionne vraiment, afin de maximiser facilement le retour sur investissement.<br><br>\n Les analyses de conversion de Clixtell vous permettent de voir imm\u00e9diatement les campagnes, les mots cl\u00e9s, les annonces et les pages les plus convertissantes. Vous pouvez d\u00e9sormais gagner du temps et cesser de mesurer manuellement vos clics et vos appels, et comprendre facilement votre marketing et suivre correctement les leads, et augmenter votre taux de conversion.<br><br>\n\t<\/div>\n<\/section>\n<div data-post-id=\"5601\" class=\"insert-page insert-page-5601 \"><section style=\"margin-top:105px; margin-bottom: 100px;\">\n\t<div class=\"center\">\n\t\t<h5> Activez votre protection antifraude par clic maintenant<\/h5>\n\t\t<div style=\"margin:auto; margin-top:20px;\">\n\t\t\t <a href=\"http:\/\/clixtell.com\/freetrial\/?plan=1\" class=\"bigbtn fullcfbtn\">Commencer un essai gratuit<\/a> <a href=\"http:\/\/clixtell.com\/book-a-demo\/\" class=\"bigbtn cfbtn\">Demander une d\u00e9mo<\/a>\n\t\t<\/div>\n\t<\/div>\n<\/section><\/div>","protected":false},"excerpt":{"rendered":"Suivez et observez quels cha\u00eenes,mots-cl\u00e9s et publicit\u00e9s sont convertis Suivez les appels, les formulaires et les achats par mot-cl\u00e9 et par publicit\u00e9. Conversion Intelligence Gr\u00e2ce \u00e0 notre intelligence de conversion, vous pouvez suivre tous les types de conversions, des formulaires web aux appels t\u00e9l\u00e9phoniques, ce qui vous permet de vous concentrer uniquement sur ce qui [&hellip;]","protected":false},"author":1,"featured_media":0,"parent":5796,"menu_order":0,"comment_status":"closed","ping_status":"closed","template":"click-fraud.php","meta":{"footnotes":""},"class_list":["post-5775","page","type-page","status-publish","hentry"],"yoast_head":"<!-- This site is optimized with the Yoast SEO plugin v26.8 - https:\/\/yoast.com\/product\/yoast-seo-wordpress\/ -->\n<title>Conversion Intelligence | Logiciel de d\u00e9tection et de protection contre la fraude au clic | Clixtell<\/title>\n<meta name=\"description\" content=\"Les analyses des conversations de Clixtell vous permet de voir imm\u00e9diatement les campagnes, les mots-cl\u00e9s, les publicit\u00e9s et les pages les plus convertissantes. Suivez les appels, les formulaires et les achats par mot-cl\u00e9 et par publicit\u00e9.\" \/>\n<meta name=\"robots\" content=\"index, follow, max-snippet:-1, max-image-preview:large, max-video-preview:-1\" \/>\n<link rel=\"canonical\" href=\"https:\/\/www.clixtell.com\/fr\/protection-fraude-clic\/caracteristiques\/conversion-intelligence\/\" \/>\n<meta property=\"og:locale\" content=\"fr_FR\" \/>\n<meta property=\"og:type\" content=\"article\" \/>\n<meta property=\"og:title\" content=\"Conversion Intelligence | Logiciel de d\u00e9tection et de protection contre la fraude au clic | Clixtell\" \/>\n<meta property=\"og:description\" content=\"Les analyses des conversations de Clixtell vous permet de voir imm\u00e9diatement les campagnes, les mots-cl\u00e9s, les publicit\u00e9s et les pages les plus convertissantes. Suivez les appels, les formulaires et les achats par mot-cl\u00e9 et par publicit\u00e9.\" \/>\n<meta property=\"og:url\" content=\"https:\/\/www.clixtell.com\/fr\/protection-fraude-clic\/caracteristiques\/conversion-intelligence\/\" \/>\n<meta property=\"og:site_name\" content=\"Click Fraud Protection | Call Tracking | Website Video Recorder | Clixtell\u2122\" \/>\n<meta property=\"article:publisher\" content=\"http:\/\/facebook.com\/clixtell\" \/>\n<meta property=\"article:modified_time\" content=\"2020-12-03T12:21:29+00:00\" \/>\n<meta name=\"twitter:card\" content=\"summary_large_image\" \/>\n<meta name=\"twitter:site\" content=\"@clixtell\" \/>\n<meta name=\"twitter:label1\" content=\"Dur\u00e9e de lecture estim\u00e9e\" \/>\n\t<meta name=\"twitter:data1\" content=\"1 minute\" \/>\n<!-- \/ Yoast SEO plugin. -->","yoast_head_json":{"title":"Conversion Intelligence | Logiciel de d\u00e9tection et de protection contre la fraude au clic | Clixtell","description":"Les analyses des conversations de Clixtell vous permet de voir imm\u00e9diatement les campagnes, les mots-cl\u00e9s, les publicit\u00e9s et les pages les plus convertissantes. Suivez les appels, les formulaires et les achats par mot-cl\u00e9 et par publicit\u00e9.","robots":{"index":"index","follow":"follow","max-snippet":"max-snippet:-1","max-image-preview":"max-image-preview:large","max-video-preview":"max-video-preview:-1"},"canonical":"https:\/\/www.clixtell.com\/fr\/protection-fraude-clic\/caracteristiques\/conversion-intelligence\/","og_locale":"fr_FR","og_type":"article","og_title":"Conversion Intelligence | Logiciel de d\u00e9tection et de protection contre la fraude au clic | Clixtell","og_description":"Les analyses des conversations de Clixtell vous permet de voir imm\u00e9diatement les campagnes, les mots-cl\u00e9s, les publicit\u00e9s et les pages les plus convertissantes. Suivez les appels, les formulaires et les achats par mot-cl\u00e9 et par publicit\u00e9.","og_url":"https:\/\/www.clixtell.com\/fr\/protection-fraude-clic\/caracteristiques\/conversion-intelligence\/","og_site_name":"Click Fraud Protection | Call Tracking | Website Video Recorder | Clixtell\u2122","article_publisher":"http:\/\/facebook.com\/clixtell","article_modified_time":"2020-12-03T12:21:29+00:00","twitter_card":"summary_large_image","twitter_site":"@clixtell","twitter_misc":{"Dur\u00e9e de lecture estim\u00e9e":"1 minute"},"schema":{"@context":"https:\/\/schema.org","@graph":[{"@type":"WebPage","@id":"https:\/\/www.clixtell.com\/fr\/protection-fraude-clic\/caracteristiques\/conversion-intelligence\/","url":"https:\/\/www.clixtell.com\/fr\/protection-fraude-clic\/caracteristiques\/conversion-intelligence\/","name":"Conversion Intelligence | Logiciel de d\u00e9tection et de protection contre la fraude au clic | Clixtell","isPartOf":{"@id":"https:\/\/www.clixtell.com\/fr\/#website"},"datePublished":"2020-12-03T08:48:23+00:00","dateModified":"2020-12-03T12:21:29+00:00","description":"Les analyses des conversations de Clixtell vous permet de voir imm\u00e9diatement les campagnes, les mots-cl\u00e9s, les publicit\u00e9s et les pages les plus convertissantes. Suivez les appels, les formulaires et les achats par mot-cl\u00e9 et par publicit\u00e9.","breadcrumb":{"@id":"https:\/\/www.clixtell.com\/fr\/protection-fraude-clic\/caracteristiques\/conversion-intelligence\/#breadcrumb"},"inLanguage":"fr-FR","potentialAction":[{"@type":"ReadAction","target":["https:\/\/www.clixtell.com\/fr\/protection-fraude-clic\/caracteristiques\/conversion-intelligence\/"]}]},{"@type":"BreadcrumbList","@id":"https:\/\/www.clixtell.com\/fr\/protection-fraude-clic\/caracteristiques\/conversion-intelligence\/#breadcrumb","itemListElement":[{"@type":"ListItem","position":1,"name":"Home","item":"https:\/\/www.clixtell.com\/fr\/"},{"@type":"ListItem","position":2,"name":"Clixtell | Logiciel de protection et d\u00e9tection de la fraude au clic","item":"https:\/\/www.clixtell.com\/fr\/protection-fraude-clic\/"},{"@type":"ListItem","position":3,"name":"Caract\u00e9ristiques Clixtell | Logiciel de protection et d\u00e9tection de fraude au clic","item":"https:\/\/www.clixtell.com\/fr\/protection-fraude-clic\/caracteristiques\/"},{"@type":"ListItem","position":4,"name":"Conversion Intelligence | Logiciel de d\u00e9tection et de protection contre la fraude au clic | Clixtell"}]},{"@type":"WebSite","@id":"https:\/\/www.clixtell.com\/fr\/#website","url":"https:\/\/www.clixtell.com\/fr\/","name":"Click Fraud Protection | Call Tracking | Website Video Recorder | Clixtell\u2122","description":"Safe &amp; Sound Digital Marketing","publisher":{"@id":"https:\/\/www.clixtell.com\/fr\/#organization"},"potentialAction":[{"@type":"SearchAction","target":{"@type":"EntryPoint","urlTemplate":"https:\/\/www.clixtell.com\/fr\/?s={search_term_string}"},"query-input":{"@type":"PropertyValueSpecification","valueRequired":true,"valueName":"search_term_string"}}],"inLanguage":"fr-FR"},{"@type":"Organization","@id":"https:\/\/www.clixtell.com\/fr\/#organization","name":"Clixtell","url":"https:\/\/www.clixtell.com\/fr\/","logo":{"@type":"ImageObject","inLanguage":"fr-FR","@id":"https:\/\/www.clixtell.com\/fr\/#\/schema\/logo\/image\/","url":"https:\/\/www.clixtell.com\/wp-content\/uploads\/logoc.png","contentUrl":"https:\/\/www.clixtell.com\/wp-content\/uploads\/logoc.png","width":168,"height":43,"caption":"Clixtell"},"image":{"@id":"https:\/\/www.clixtell.com\/fr\/#\/schema\/logo\/image\/"},"sameAs":["http:\/\/facebook.com\/clixtell","https:\/\/x.com\/clixtell"]}]}},"_links":{"self":[{"href":"https:\/\/www.clixtell.com\/fr\/wp-json\/wp\/v2\/pages\/5775","targetHints":{"allow":["GET"]}}],"collection":[{"href":"https:\/\/www.clixtell.com\/fr\/wp-json\/wp\/v2\/pages"}],"about":[{"href":"https:\/\/www.clixtell.com\/fr\/wp-json\/wp\/v2\/types\/page"}],"author":[{"embeddable":true,"href":"https:\/\/www.clixtell.com\/fr\/wp-json\/wp\/v2\/users\/1"}],"replies":[{"embeddable":true,"href":"https:\/\/www.clixtell.com\/fr\/wp-json\/wp\/v2\/comments?post=5775"}],"version-history":[{"count":0,"href":"https:\/\/www.clixtell.com\/fr\/wp-json\/wp\/v2\/pages\/5775\/revisions"}],"up":[{"embeddable":true,"href":"https:\/\/www.clixtell.com\/fr\/wp-json\/wp\/v2\/pages\/5796"}],"wp:attachment":[{"href":"https:\/\/www.clixtell.com\/fr\/wp-json\/wp\/v2\/media?parent=5775"}],"curies":[{"name":"wp","href":"https:\/\/api.w.org\/{rel}","templated":true}]}}