{"id":5779,"date":"2020-12-03T08:57:44","date_gmt":"2020-12-03T08:57:44","guid":{"rendered":"https:\/\/www.clixtell.com\/?page_id=5779"},"modified":"2020-12-03T12:21:07","modified_gmt":"2020-12-03T12:21:07","slug":"enregistreur-video-visiteur","status":"publish","type":"page","link":"https:\/\/www.clixtell.com\/fr\/protection-fraude-clic\/caracteristiques\/enregistreur-video-visiteur\/","title":{"rendered":"Enregistreur vid\u00e9o pour site web | Logiciel de d\u00e9tection et de protection contre la fraude au clic | Clixtell"},"content":{"rendered":"\t<div class=\"container mob-marg\">\n\t\t<h1 style=\"color: #fff; text-align: left; margin-top:10vh\">Observez et comprenez<br>Le comportement des visiteurs de votre site web<\/h1>\n\t\t<h3 style=\"color: #fff; font-size: 22px; margin-top: 3vh;\">Avec des aper\u00e7us visuels clairs et utiles.<\/h3>\n\t<\/div>\n<\/div>\n<\/div>\n<section class=\"container\" style=\"max-width: 897px; margin-top: 80px;\">\n\t<h1 style=\"color: #0080FF; text-align: center;\">Enregistreur vid\u00e9o de la session des visiteurs<\/h1>\n\t<div style=\"color: #000E4D; font-size: 16px; letter-spacing: 0.31px; line-height: 28px; margin-top: 35px;\">L&#8217;enregistreur de session Clixtell vous donne une image compl\u00e8te des visiteurs de votre site web et tous les d\u00e9tails de leurs mouvements de souris, clics, d\u00e9filements et \u00e9criture de texte. Vous pouvez d\u00e9sormais voir votre site web \u00e0 travers les yeux de vos visiteurs. <br><br>\n Clixtell vous donne la possibilit\u00e9 de voir chaque visiteur de votre site web, de regarder des rediffusions et de d\u00e9couvrir avec quoi ils interagissent et ce qui les fait partir. <br><br>\n Gr\u00e2ce \u00e0 notre enregistreur de session, vous pouvez enregistrer les mouvements r\u00e9els de la souris lorsque les visiteurs se d\u00e9placent sur les pages de votre site web. Vous pouvez voir o\u00f9 ils ont cliqu\u00e9, combien de fois ils se sont d\u00e9plac\u00e9s de haut en bas d&#8217;une page et comment ils ont interagi avec les formulaires et les liens. <br><br>\n\t<\/div>\n<\/section>\n<div data-post-id=\"5601\" class=\"insert-page insert-page-5601 \"><section style=\"margin-top:105px; margin-bottom: 100px;\">\n\t<div class=\"center\">\n\t\t<h5> Activez votre protection antifraude par clic maintenant<\/h5>\n\t\t<div style=\"margin:auto; margin-top:20px;\">\n\t\t\t <a href=\"http:\/\/clixtell.com\/freetrial\/?plan=1\" class=\"bigbtn fullcfbtn\">Commencer un essai gratuit<\/a> <a href=\"http:\/\/clixtell.com\/book-a-demo\/\" class=\"bigbtn cfbtn\">Demander une d\u00e9mo<\/a>\n\t\t<\/div>\n\t<\/div>\n<\/section><\/div>","protected":false},"excerpt":{"rendered":"Observez et comprenezLe comportement des visiteurs de votre site web Avec des aper\u00e7us visuels clairs et utiles. Enregistreur vid\u00e9o de la session des visiteurs L&#8217;enregistreur de session Clixtell vous donne une image compl\u00e8te des visiteurs de votre site web et tous les d\u00e9tails de leurs mouvements de souris, clics, d\u00e9filements et \u00e9criture de texte. Vous [&hellip;]","protected":false},"author":1,"featured_media":0,"parent":5796,"menu_order":0,"comment_status":"closed","ping_status":"closed","template":"click-fraud.php","meta":{"footnotes":""},"class_list":["post-5779","page","type-page","status-publish","hentry"],"yoast_head":"<!-- This site is optimized with the Yoast SEO plugin v26.8 - https:\/\/yoast.com\/product\/yoast-seo-wordpress\/ -->\n<title>Enregistreur vid\u00e9o pour site web | Logiciel de d\u00e9tection et de protection contre la fraude au clic | Clixtell<\/title>\n<meta name=\"description\" content=\"L&#039;enregistreur de session Clixtell vous donne une image compl\u00e8te des visiteurs de votre site web et tous les d\u00e9tails de leurs mouvements de souris, clics, d\u00e9filements et \u00e9criture de texte.\" \/>\n<meta name=\"robots\" content=\"index, follow, max-snippet:-1, max-image-preview:large, max-video-preview:-1\" \/>\n<link rel=\"canonical\" href=\"https:\/\/www.clixtell.com\/fr\/protection-fraude-clic\/caracteristiques\/enregistreur-video-visiteur\/\" \/>\n<meta property=\"og:locale\" content=\"fr_FR\" \/>\n<meta property=\"og:type\" content=\"article\" \/>\n<meta property=\"og:title\" content=\"Enregistreur vid\u00e9o pour site web | Logiciel de d\u00e9tection et de protection contre la fraude au clic | Clixtell\" \/>\n<meta property=\"og:description\" content=\"L&#039;enregistreur de session Clixtell vous donne une image compl\u00e8te des visiteurs de votre site web et tous les d\u00e9tails de leurs mouvements de souris, clics, d\u00e9filements et \u00e9criture de texte.\" \/>\n<meta property=\"og:url\" content=\"https:\/\/www.clixtell.com\/fr\/protection-fraude-clic\/caracteristiques\/enregistreur-video-visiteur\/\" \/>\n<meta property=\"og:site_name\" content=\"Click Fraud Protection | Call Tracking | Website Video Recorder | Clixtell\u2122\" \/>\n<meta property=\"article:publisher\" content=\"http:\/\/facebook.com\/clixtell\" \/>\n<meta property=\"article:modified_time\" content=\"2020-12-03T12:21:07+00:00\" \/>\n<meta name=\"twitter:card\" content=\"summary_large_image\" \/>\n<meta name=\"twitter:site\" content=\"@clixtell\" \/>\n<meta name=\"twitter:label1\" content=\"Dur\u00e9e de lecture estim\u00e9e\" \/>\n\t<meta name=\"twitter:data1\" content=\"1 minute\" \/>\n<!-- \/ Yoast SEO plugin. -->","yoast_head_json":{"title":"Enregistreur vid\u00e9o pour site web | Logiciel de d\u00e9tection et de protection contre la fraude au clic | Clixtell","description":"L'enregistreur de session Clixtell vous donne une image compl\u00e8te des visiteurs de votre site web et tous les d\u00e9tails de leurs mouvements de souris, clics, d\u00e9filements et \u00e9criture de texte.","robots":{"index":"index","follow":"follow","max-snippet":"max-snippet:-1","max-image-preview":"max-image-preview:large","max-video-preview":"max-video-preview:-1"},"canonical":"https:\/\/www.clixtell.com\/fr\/protection-fraude-clic\/caracteristiques\/enregistreur-video-visiteur\/","og_locale":"fr_FR","og_type":"article","og_title":"Enregistreur vid\u00e9o pour site web | Logiciel de d\u00e9tection et de protection contre la fraude au clic | Clixtell","og_description":"L'enregistreur de session Clixtell vous donne une image compl\u00e8te des visiteurs de votre site web et tous les d\u00e9tails de leurs mouvements de souris, clics, d\u00e9filements et \u00e9criture de texte.","og_url":"https:\/\/www.clixtell.com\/fr\/protection-fraude-clic\/caracteristiques\/enregistreur-video-visiteur\/","og_site_name":"Click Fraud Protection | Call Tracking | Website Video Recorder | Clixtell\u2122","article_publisher":"http:\/\/facebook.com\/clixtell","article_modified_time":"2020-12-03T12:21:07+00:00","twitter_card":"summary_large_image","twitter_site":"@clixtell","twitter_misc":{"Dur\u00e9e de lecture estim\u00e9e":"1 minute"},"schema":{"@context":"https:\/\/schema.org","@graph":[{"@type":"WebPage","@id":"https:\/\/www.clixtell.com\/fr\/protection-fraude-clic\/caracteristiques\/enregistreur-video-visiteur\/","url":"https:\/\/www.clixtell.com\/fr\/protection-fraude-clic\/caracteristiques\/enregistreur-video-visiteur\/","name":"Enregistreur vid\u00e9o pour site web | Logiciel de d\u00e9tection et de protection contre la fraude au clic | Clixtell","isPartOf":{"@id":"https:\/\/www.clixtell.com\/fr\/#website"},"datePublished":"2020-12-03T08:57:44+00:00","dateModified":"2020-12-03T12:21:07+00:00","description":"L'enregistreur de session Clixtell vous donne une image compl\u00e8te des visiteurs de votre site web et tous les d\u00e9tails de leurs mouvements de souris, clics, d\u00e9filements et \u00e9criture de texte.","breadcrumb":{"@id":"https:\/\/www.clixtell.com\/fr\/protection-fraude-clic\/caracteristiques\/enregistreur-video-visiteur\/#breadcrumb"},"inLanguage":"fr-FR","potentialAction":[{"@type":"ReadAction","target":["https:\/\/www.clixtell.com\/fr\/protection-fraude-clic\/caracteristiques\/enregistreur-video-visiteur\/"]}]},{"@type":"BreadcrumbList","@id":"https:\/\/www.clixtell.com\/fr\/protection-fraude-clic\/caracteristiques\/enregistreur-video-visiteur\/#breadcrumb","itemListElement":[{"@type":"ListItem","position":1,"name":"Home","item":"https:\/\/www.clixtell.com\/fr\/"},{"@type":"ListItem","position":2,"name":"Clixtell | Logiciel de protection et d\u00e9tection de la fraude au clic","item":"https:\/\/www.clixtell.com\/fr\/protection-fraude-clic\/"},{"@type":"ListItem","position":3,"name":"Caract\u00e9ristiques Clixtell | Logiciel de protection et d\u00e9tection de fraude au clic","item":"https:\/\/www.clixtell.com\/fr\/protection-fraude-clic\/caracteristiques\/"},{"@type":"ListItem","position":4,"name":"Enregistreur vid\u00e9o pour site web | Logiciel de d\u00e9tection et de protection contre la fraude au clic | Clixtell"}]},{"@type":"WebSite","@id":"https:\/\/www.clixtell.com\/fr\/#website","url":"https:\/\/www.clixtell.com\/fr\/","name":"Click Fraud Protection | Call Tracking | Website Video Recorder | Clixtell\u2122","description":"Safe &amp; Sound Digital Marketing","publisher":{"@id":"https:\/\/www.clixtell.com\/fr\/#organization"},"potentialAction":[{"@type":"SearchAction","target":{"@type":"EntryPoint","urlTemplate":"https:\/\/www.clixtell.com\/fr\/?s={search_term_string}"},"query-input":{"@type":"PropertyValueSpecification","valueRequired":true,"valueName":"search_term_string"}}],"inLanguage":"fr-FR"},{"@type":"Organization","@id":"https:\/\/www.clixtell.com\/fr\/#organization","name":"Clixtell","url":"https:\/\/www.clixtell.com\/fr\/","logo":{"@type":"ImageObject","inLanguage":"fr-FR","@id":"https:\/\/www.clixtell.com\/fr\/#\/schema\/logo\/image\/","url":"https:\/\/www.clixtell.com\/wp-content\/uploads\/logoc.png","contentUrl":"https:\/\/www.clixtell.com\/wp-content\/uploads\/logoc.png","width":168,"height":43,"caption":"Clixtell"},"image":{"@id":"https:\/\/www.clixtell.com\/fr\/#\/schema\/logo\/image\/"},"sameAs":["http:\/\/facebook.com\/clixtell","https:\/\/x.com\/clixtell"]}]}},"_links":{"self":[{"href":"https:\/\/www.clixtell.com\/fr\/wp-json\/wp\/v2\/pages\/5779","targetHints":{"allow":["GET"]}}],"collection":[{"href":"https:\/\/www.clixtell.com\/fr\/wp-json\/wp\/v2\/pages"}],"about":[{"href":"https:\/\/www.clixtell.com\/fr\/wp-json\/wp\/v2\/types\/page"}],"author":[{"embeddable":true,"href":"https:\/\/www.clixtell.com\/fr\/wp-json\/wp\/v2\/users\/1"}],"replies":[{"embeddable":true,"href":"https:\/\/www.clixtell.com\/fr\/wp-json\/wp\/v2\/comments?post=5779"}],"version-history":[{"count":0,"href":"https:\/\/www.clixtell.com\/fr\/wp-json\/wp\/v2\/pages\/5779\/revisions"}],"up":[{"embeddable":true,"href":"https:\/\/www.clixtell.com\/fr\/wp-json\/wp\/v2\/pages\/5796"}],"wp:attachment":[{"href":"https:\/\/www.clixtell.com\/fr\/wp-json\/wp\/v2\/media?parent=5779"}],"curies":[{"name":"wp","href":"https:\/\/api.w.org\/{rel}","templated":true}]}}