{"id":5781,"date":"2020-12-03T09:11:14","date_gmt":"2020-12-03T09:11:14","guid":{"rendered":"https:\/\/www.clixtell.com\/?page_id=5781"},"modified":"2020-12-03T12:20:47","modified_gmt":"2020-12-03T12:20:47","slug":"detection-fraude-au-clic","status":"publish","type":"page","link":"https:\/\/www.clixtell.com\/fr\/protection-fraude-clic\/caracteristiques\/detection-fraude-au-clic\/","title":{"rendered":"D\u00e9tection de la fraude au clic | Logiciel de protection et d\u00e9tection de la fraude au clic | Clixtell"},"content":{"rendered":"\t<div class=\"container mob-marg\">\n\t\t<h1 style=\"color: #fff; margin-top:10vh\">Analysez chaque clic de vos campagnes PPC<br>et \u00e0 chaque visite sur votre site web<\/h1>\n\t\t<h3 style=\"color: #fff; margin-top: 3vh;\">Surveillez, d\u00e9tectez et stoppez les publicit\u00e9s de Google Ads &amp; les activit\u00e9s frauduleuses de Bing.<\/h3>\n\t<\/div>\n<\/div>\n<\/div>\n<section class=\"container\" style=\"max-width: 897px; margin-top: 80px;\">\n\t<h1 style=\"color: #0080FF; text-align: center;\">D\u00e9tection des fraudes par clic 24 heures sur 24 et 7 jours sur 7<\/h1>\n\t<div style=\"color: #000E4D; font-size: 16px; letter-spacing: 0.31px; line-height: 28px; margin-top: 35px;\">Notre logiciel de d\u00e9tection de fraude au clic surveille activement 24 heures sur 24 et 7 jours sur 7 chaque clic de vos campagnes PPC et chaque visite sur votre site web qui provient de : Google Ads, Bing Ads, Facebook, Twitter, Taboola, Outbrain, Organic search, Direct et plus encore. <br><br>\n Nous vous permettons de d\u00e9finir le profil de s\u00e9curit\u00e9 de votre compte tandis que notre algorithme de d\u00e9tection des clics frauduleux analyse en permanence le trafic de votre PPC. Si un appareil ou une adresse IP a \u00e9t\u00e9 d\u00e9tect\u00e9 comme ayant viol\u00e9 une r\u00e8gle de s\u00e9curit\u00e9, il sera imm\u00e9diatement bloqu\u00e9 et interdit de voir vos publicit\u00e9s payantes. <br><br>\n Nos d\u00e9tecteurs de fraude sont con\u00e7us pour traiter tous les click bots, les r\u00e9seaux priv\u00e9s virtuels (VPN) et les proxies r\u00e9cents. L&#8217;activation du bloqueur de port\u00e9e de Clixtell permet de d\u00e9tecter et de bloquer automatiquement les plages d&#8217;IP suspectes. Notre mode de d\u00e9fense de pointe est con\u00e7u pour arr\u00eater les attaques malveillantes au clic effectu\u00e9es par des fraudeurs ou des bots. <br><br>\n Il est prouv\u00e9 que cette strat\u00e9gie augmente consid\u00e9rablement le retour sur investissement des campagnes publicitaires de Google Ads &amp; Bing Ads pour de nombreuses entreprises du monde entier.<br><br>\n\t<\/div>\n<\/section>\n<div data-post-id=\"5601\" class=\"insert-page insert-page-5601 \"><section style=\"margin-top:105px; margin-bottom: 100px;\">\n\t<div class=\"center\">\n\t\t<h5> Activez votre protection antifraude par clic maintenant<\/h5>\n\t\t<div style=\"margin:auto; margin-top:20px;\">\n\t\t\t <a href=\"http:\/\/clixtell.com\/freetrial\/?plan=1\" class=\"bigbtn fullcfbtn\">Commencer un essai gratuit<\/a> <a href=\"http:\/\/clixtell.com\/book-a-demo\/\" class=\"bigbtn cfbtn\">Demander une d\u00e9mo<\/a>\n\t\t<\/div>\n\t<\/div>\n<\/section><\/div>","protected":false},"excerpt":{"rendered":"Analysez chaque clic de vos campagnes PPCet \u00e0 chaque visite sur votre site web Surveillez, d\u00e9tectez et stoppez les publicit\u00e9s de Google Ads &amp; les activit\u00e9s frauduleuses de Bing. D\u00e9tection des fraudes par clic 24 heures sur 24 et 7 jours sur 7 Notre logiciel de d\u00e9tection de fraude au clic surveille activement 24 heures [&hellip;]","protected":false},"author":1,"featured_media":0,"parent":5796,"menu_order":0,"comment_status":"closed","ping_status":"closed","template":"click-fraud.php","meta":{"footnotes":""},"class_list":["post-5781","page","type-page","status-publish","hentry"],"yoast_head":"<!-- This site is optimized with the Yoast SEO plugin v26.8 - https:\/\/yoast.com\/product\/yoast-seo-wordpress\/ -->\n<title>D\u00e9tection de la fraude au clic | Logiciel de protection et d\u00e9tection de la fraude au clic | Clixtell<\/title>\n<meta name=\"description\" content=\"Analysez chaque clic de vos campagnes PPC, et chaque visite sur votre site web. Surveillez, d\u00e9tectez et stoppez les publicit\u00e9s de Google Ads &amp; les activit\u00e9s frauduleuses de Bing.\" \/>\n<meta name=\"robots\" content=\"index, follow, max-snippet:-1, max-image-preview:large, max-video-preview:-1\" \/>\n<link rel=\"canonical\" href=\"https:\/\/www.clixtell.com\/fr\/protection-fraude-clic\/caracteristiques\/detection-fraude-au-clic\/\" \/>\n<meta property=\"og:locale\" content=\"fr_FR\" \/>\n<meta property=\"og:type\" content=\"article\" \/>\n<meta property=\"og:title\" content=\"D\u00e9tection de la fraude au clic | Logiciel de protection et d\u00e9tection de la fraude au clic | Clixtell\" \/>\n<meta property=\"og:description\" content=\"Analysez chaque clic de vos campagnes PPC, et chaque visite sur votre site web. Surveillez, d\u00e9tectez et stoppez les publicit\u00e9s de Google Ads &amp; les activit\u00e9s frauduleuses de Bing.\" \/>\n<meta property=\"og:url\" content=\"https:\/\/www.clixtell.com\/fr\/protection-fraude-clic\/caracteristiques\/detection-fraude-au-clic\/\" \/>\n<meta property=\"og:site_name\" content=\"Click Fraud Protection | Call Tracking | Website Video Recorder | Clixtell\u2122\" \/>\n<meta property=\"article:publisher\" content=\"http:\/\/facebook.com\/clixtell\" \/>\n<meta property=\"article:modified_time\" content=\"2020-12-03T12:20:47+00:00\" \/>\n<meta name=\"twitter:card\" content=\"summary_large_image\" \/>\n<meta name=\"twitter:site\" content=\"@clixtell\" \/>\n<meta name=\"twitter:label1\" content=\"Dur\u00e9e de lecture estim\u00e9e\" \/>\n\t<meta name=\"twitter:data1\" content=\"1 minute\" \/>\n<!-- \/ Yoast SEO plugin. -->","yoast_head_json":{"title":"D\u00e9tection de la fraude au clic | Logiciel de protection et d\u00e9tection de la fraude au clic | Clixtell","description":"Analysez chaque clic de vos campagnes PPC, et chaque visite sur votre site web. Surveillez, d\u00e9tectez et stoppez les publicit\u00e9s de Google Ads & les activit\u00e9s frauduleuses de Bing.","robots":{"index":"index","follow":"follow","max-snippet":"max-snippet:-1","max-image-preview":"max-image-preview:large","max-video-preview":"max-video-preview:-1"},"canonical":"https:\/\/www.clixtell.com\/fr\/protection-fraude-clic\/caracteristiques\/detection-fraude-au-clic\/","og_locale":"fr_FR","og_type":"article","og_title":"D\u00e9tection de la fraude au clic | Logiciel de protection et d\u00e9tection de la fraude au clic | Clixtell","og_description":"Analysez chaque clic de vos campagnes PPC, et chaque visite sur votre site web. Surveillez, d\u00e9tectez et stoppez les publicit\u00e9s de Google Ads & les activit\u00e9s frauduleuses de Bing.","og_url":"https:\/\/www.clixtell.com\/fr\/protection-fraude-clic\/caracteristiques\/detection-fraude-au-clic\/","og_site_name":"Click Fraud Protection | Call Tracking | Website Video Recorder | Clixtell\u2122","article_publisher":"http:\/\/facebook.com\/clixtell","article_modified_time":"2020-12-03T12:20:47+00:00","twitter_card":"summary_large_image","twitter_site":"@clixtell","twitter_misc":{"Dur\u00e9e de lecture estim\u00e9e":"1 minute"},"schema":{"@context":"https:\/\/schema.org","@graph":[{"@type":"WebPage","@id":"https:\/\/www.clixtell.com\/fr\/protection-fraude-clic\/caracteristiques\/detection-fraude-au-clic\/","url":"https:\/\/www.clixtell.com\/fr\/protection-fraude-clic\/caracteristiques\/detection-fraude-au-clic\/","name":"D\u00e9tection de la fraude au clic | Logiciel de protection et d\u00e9tection de la fraude au clic | Clixtell","isPartOf":{"@id":"https:\/\/www.clixtell.com\/fr\/#website"},"datePublished":"2020-12-03T09:11:14+00:00","dateModified":"2020-12-03T12:20:47+00:00","description":"Analysez chaque clic de vos campagnes PPC, et chaque visite sur votre site web. Surveillez, d\u00e9tectez et stoppez les publicit\u00e9s de Google Ads & les activit\u00e9s frauduleuses de Bing.","breadcrumb":{"@id":"https:\/\/www.clixtell.com\/fr\/protection-fraude-clic\/caracteristiques\/detection-fraude-au-clic\/#breadcrumb"},"inLanguage":"fr-FR","potentialAction":[{"@type":"ReadAction","target":["https:\/\/www.clixtell.com\/fr\/protection-fraude-clic\/caracteristiques\/detection-fraude-au-clic\/"]}]},{"@type":"BreadcrumbList","@id":"https:\/\/www.clixtell.com\/fr\/protection-fraude-clic\/caracteristiques\/detection-fraude-au-clic\/#breadcrumb","itemListElement":[{"@type":"ListItem","position":1,"name":"Home","item":"https:\/\/www.clixtell.com\/fr\/"},{"@type":"ListItem","position":2,"name":"Clixtell | Logiciel de protection et d\u00e9tection de la fraude au clic","item":"https:\/\/www.clixtell.com\/fr\/protection-fraude-clic\/"},{"@type":"ListItem","position":3,"name":"Caract\u00e9ristiques Clixtell | Logiciel de protection et d\u00e9tection de fraude au clic","item":"https:\/\/www.clixtell.com\/fr\/protection-fraude-clic\/caracteristiques\/"},{"@type":"ListItem","position":4,"name":"D\u00e9tection de la fraude au clic | Logiciel de protection et d\u00e9tection de la fraude au clic | Clixtell"}]},{"@type":"WebSite","@id":"https:\/\/www.clixtell.com\/fr\/#website","url":"https:\/\/www.clixtell.com\/fr\/","name":"Click Fraud Protection | Call Tracking | Website Video Recorder | Clixtell\u2122","description":"Safe &amp; Sound Digital Marketing","publisher":{"@id":"https:\/\/www.clixtell.com\/fr\/#organization"},"potentialAction":[{"@type":"SearchAction","target":{"@type":"EntryPoint","urlTemplate":"https:\/\/www.clixtell.com\/fr\/?s={search_term_string}"},"query-input":{"@type":"PropertyValueSpecification","valueRequired":true,"valueName":"search_term_string"}}],"inLanguage":"fr-FR"},{"@type":"Organization","@id":"https:\/\/www.clixtell.com\/fr\/#organization","name":"Clixtell","url":"https:\/\/www.clixtell.com\/fr\/","logo":{"@type":"ImageObject","inLanguage":"fr-FR","@id":"https:\/\/www.clixtell.com\/fr\/#\/schema\/logo\/image\/","url":"https:\/\/www.clixtell.com\/wp-content\/uploads\/logoc.png","contentUrl":"https:\/\/www.clixtell.com\/wp-content\/uploads\/logoc.png","width":168,"height":43,"caption":"Clixtell"},"image":{"@id":"https:\/\/www.clixtell.com\/fr\/#\/schema\/logo\/image\/"},"sameAs":["http:\/\/facebook.com\/clixtell","https:\/\/x.com\/clixtell"]}]}},"_links":{"self":[{"href":"https:\/\/www.clixtell.com\/fr\/wp-json\/wp\/v2\/pages\/5781","targetHints":{"allow":["GET"]}}],"collection":[{"href":"https:\/\/www.clixtell.com\/fr\/wp-json\/wp\/v2\/pages"}],"about":[{"href":"https:\/\/www.clixtell.com\/fr\/wp-json\/wp\/v2\/types\/page"}],"author":[{"embeddable":true,"href":"https:\/\/www.clixtell.com\/fr\/wp-json\/wp\/v2\/users\/1"}],"replies":[{"embeddable":true,"href":"https:\/\/www.clixtell.com\/fr\/wp-json\/wp\/v2\/comments?post=5781"}],"version-history":[{"count":0,"href":"https:\/\/www.clixtell.com\/fr\/wp-json\/wp\/v2\/pages\/5781\/revisions"}],"up":[{"embeddable":true,"href":"https:\/\/www.clixtell.com\/fr\/wp-json\/wp\/v2\/pages\/5796"}],"wp:attachment":[{"href":"https:\/\/www.clixtell.com\/fr\/wp-json\/wp\/v2\/media?parent=5781"}],"curies":[{"name":"wp","href":"https:\/\/api.w.org\/{rel}","templated":true}]}}