{"id":5787,"date":"2020-12-03T09:42:07","date_gmt":"2020-12-03T09:42:07","guid":{"rendered":"https:\/\/www.clixtell.com\/?page_id=5787"},"modified":"2020-12-03T12:19:58","modified_gmt":"2020-12-03T12:19:58","slug":"comment-ca-marche-2","status":"publish","type":"page","link":"https:\/\/www.clixtell.com\/fr\/suivi-appel\/comment-ca-marche-2\/","title":{"rendered":"Comment \u00e7a marche | Logiciel de suivi et d&#8217;analyse des appels | Clixtell"},"content":{"rendered":"\t\t<div class=\"container\" style=\"margin-top: 10vh\">\n\t\t\t<h1 style=\"color: #FFFFFF; font-size: 35px; font-weight: 400;\">Bloquer imm\u00e9diatement toute activit\u00e9 de clics invalides<\/h1>\n\t\t\t<h3 style=\"color: #FFFFFF; font-size: 22px; font-weight: 400; letter-spacing: 0.55px; line-height: 37px;\">sur vos campagnes Google Ads &amp; Bing Ads en utilisant notre<br> logiciel automatis\u00e9 de protection contre la fraude au clic.<h3>\n\t\t<\/div>\n\t<\/div>\n<\/div><!--header-->\n<div class=\"container\" style=\"margin-top: 80px;\">\n\t<h1 style=\"color: #0080FF; font-family: Roboto; font-size: 35px; font-weight: 500; letter-spacing: 0.48px; line-height: 53px; text-align: center;\">Comment \u00e7a marche<\/h1>\n\t<div class=\"row\" style=\"margin-top: 50px; padding-bottom: 37px;\">\n\t\t<div class=\"col-lg-2\">\n\t\t\t<h3 style=\"  color: #0080FF; font-family: Sans-Serif; font-size: 60px; font-weight: 500; letter-spacing: 0.59px; line-height: 28px; margin-top: 15px;\">01<\/h3>\n\t\t\t<h4 style=\"  color: #0080FF; font-family: Roboto; font-size: 24px; font-weight: 500; letter-spacing: 0.47px; line-height: 28px; margin-top: 15px;\">Param\u00e9trage facile<\/h4>\n\t\t<\/div>\n\t\t<div class=\"col-lg-9\">\n\t\t\t<p style=\"width: auto; color: #000E4D; font-family: Roboto; font-size: 16px; letter-spacing: 0.31px; line-height: 28px;\">Une fois que vous vous serez inscrit, nous vous enverrons un courriel avec votre nom d&#8217;utilisateur et votre mot de passe. <br><img decoding=\"async\" src=\"https:\/\/statics.clixtell.com\/wp-content\/uploads\/ic_arrow_forward_24px-5.svg\" style=\"  margin: 10px;\"> Suivez nos instructions dans l&#8217;assistant d&#8217;accueil. <br><img decoding=\"async\" src=\"https:\/\/statics.clixtell.com\/wp-content\/uploads\/ic_arrow_forward_24px-5.svg\" style=\"  margin: 10px;\"> Il suffit d&#8217;int\u00e9grer votre compte Google Ads, et d&#8217;ins\u00e9rer un javascript de suivi pour<br><img decoding=\"async\" src=\"https:\/\/statics.clixtell.com\/wp-content\/uploads\/ic_arrow_forward_24px-5.svg\" style=\"  margin: 10px;\"> votre site web ou utilisez notre plugin WordPress. <br><img decoding=\"async\" src=\"https:\/\/statics.clixtell.com\/wp-content\/uploads\/ic_arrow_forward_24px-5.svg\" style=\"  margin: 10px;\"> Param\u00e9trez votre profil de s\u00e9curit\u00e9. <\/p>\n\t\t<\/div>\n\t<\/div>\n\t<div style=\"box-sizing: border-box; height: 1px; border: 1px solid #ECECEC;\"><\/div>\n\t<div class=\"row\" style=\"margin-top: 37px; padding-bottom: 37px;\">\n\t\t<div class=\"col-lg-2\">\n\t\t\t<h3 style=\"  color: #0080FF; font-family: Sans-Serif; font-size: 60px; font-weight: 500; letter-spacing: 0.59px; line-height: 28px; margin-top: 15px;\">02<\/h3>\n\t\t\t<h4 style=\"  color: #0080FF; font-family: Roboto; font-size: 24px; font-weight: 500; letter-spacing: 0.47px; line-height: 28px; margin-top: 15px;\">Gestion<\/h4>\n\t\t<\/div>\n\t\t<div class=\"col-lg-9\">\n\t\t\t<p style=\"width: auto; color: #000E4D; font-family: Roboto; font-size: 16px; letter-spacing: 0.31px; line-height: 28px;\">Clixtell commencera imm\u00e9diatement \u00e0 surveiller chaque clic vers votre site web et vos campagnes de marketing num\u00e9rique, en analysant chaque adresse IP, ID de dispositif unique, fournisseurs de services r\u00e9seau, fournisseurs VPN, serveurs proxy, g\u00e9olocalisation, mots cl\u00e9s, temps de pr\u00e9sence sur la page et plus encore, en enregistrant tous les visiteurs de votre site web par vid\u00e9o, en recherchant les activit\u00e9s de clic invalides. <\/p>\n\t\t<\/div>\n\t<\/div>\n\t<div style=\"box-sizing: border-box; height: 1px; border: 1px solid #ECECEC;\"><\/div>\n\t<div class=\"row\" style=\"margin-top: 37px; padding-bottom: 37px;\">\n\t\t<div class=\"col-lg-2\">\n\t\t\t<h3 style=\"  color: #0080FF; font-family: Sans-Serif; font-size: 60px; font-weight: 500; letter-spacing: 0.59px; line-height: 28px; margin-top: 15px;\">03<\/h3>\n\t\t\t<h4 style=\"  color: #0080FF; font-family: Roboto; font-size: 24px; font-weight: 500; letter-spacing: 0.47px; line-height: 28px; margin-top: 15px;\">D\u00e9tection<\/h4>\n\t\t<\/div>\n\t\t<div class=\"col-lg-9\">\n\t\t\t<p style=\"width: auto; color: #000E4D; font-family: Roboto; font-size: 16px; letter-spacing: 0.31px; line-height: 28px;\">Notre service de fraude au clic Google Ads d\u00e9tecte les activit\u00e9s frauduleuses sur vos campagnes PPC. En utilisant notre machine avanc\u00e9e d&#8217;apprentissage de la fraude au clic, combin\u00e9e avec les param\u00e8tres de votre profil de s\u00e9curit\u00e9 personnel, nous pouvons imm\u00e9diatement et automatiquement bloquer toute tentative de clic sur vos annonces PPC. <\/p>\n\t\t<\/div>\n\t<\/div>\n\t<div style=\"box-sizing: border-box; height: 1px; border: 1px solid #ECECEC;\"><\/div>\n\t<div class=\"row\" style=\"margin-top: 37px; padding-bottom: 37px;\">\n\t\t<div class=\"col-lg-2\">\n\t\t\t<h3 style=\"  color: #0080FF; font-family: Sans-Serif; font-size: 60px; font-weight: 500; letter-spacing: 0.59px; line-height: 28px; margin-top: 15px;\">04<\/h3>\n\t\t\t<h4 style=\"  color: #0080FF; font-family: Roboto; font-size: 24px; font-weight: 500; letter-spacing: 0.47px; line-height: 28px; margin-top: 15px;\">S\u00e9curit\u00e9<\/h4>\n\t\t<\/div>\n\t\t<div class=\"col-lg-9\">\n\t\t\t<p style=\"width: auto; color: #000E4D; font-family: Roboto; font-size: 16px; letter-spacing: 0.31px; line-height: 28px;\">Clixtell surveille, d\u00e9tecte et s\u00e9curise votre budget publicitaire de paiement au clic en bloquant toute tentative d&#8217;attaque de vos campagnes Google Ads &amp; Bing Ads et en emp\u00eachant imm\u00e9diatement les fraudeurs de voir vos publicit\u00e9s sponsoris\u00e9es. Notre logiciel convivial et puissant vous permet de s\u00e9curiser votre budget Google Ads en emp\u00eachant constamment les activit\u00e9s de fraude au clic. Avec Clixtell, vous \u00eates prot\u00e9g\u00e9 et s\u00e9curis\u00e9 24 heures sur 24, 7 jours sur 7, vous \u00eates donc assur\u00e9 que la publicit\u00e9 et les promotions de votre entreprise sont s\u00fbres. <\/p>\n\t\t<\/div>\n\t<\/div>\n<\/div>\n<section>\n\t<div class=\"wrap\" style=\"margin:100px; text-align: center\">\n\t\t<div class=\"container\">\n\t\t\t<h3 style=\"color: #000E4D; font-size: 20px; font-weight: 500; letter-spacing: 0.39px; line-height: 28px; text-align: center; margin-bottom: 30px;\">Activez d\u00e8s maintenant votre protection contre la fraude au clic<\/h3>\n\t\t\t<a href=\"#\"><img decoding=\"async\" src=\"https:\/\/statics.clixtell.com\/wp-content\/uploads\/main-copy-3.png\" alt=\"start free trial\" style=\"margin: 5px;\"><\/a> <a href=\"#\"><img decoding=\"async\" src=\"https:\/\/statics.clixtell.com\/wp-content\/uploads\/main-copy-2-2.png\" style=\"margin: 5px;\"><\/a>\n\t\t<\/div>\n\t<\/div>\n<\/section>","protected":false},"excerpt":{"rendered":"Bloquer imm\u00e9diatement toute activit\u00e9 de clics invalides sur vos campagnes Google Ads &amp; Bing Ads en utilisant notre logiciel automatis\u00e9 de protection contre la fraude au clic. Comment \u00e7a marche 01 Param\u00e9trage facile Une fois que vous vous serez inscrit, nous vous enverrons un courriel avec votre nom d&#8217;utilisateur et votre mot de passe. Suivez [&hellip;]","protected":false},"author":1,"featured_media":0,"parent":5825,"menu_order":0,"comment_status":"closed","ping_status":"closed","template":"call-tracking.php","meta":{"footnotes":""},"class_list":["post-5787","page","type-page","status-publish","hentry"],"yoast_head":"<!-- This site is optimized with the Yoast SEO plugin v26.8 - https:\/\/yoast.com\/product\/yoast-seo-wordpress\/ -->\n<title>Comment \u00e7a marche | Logiciel de suivi et d&#039;analyse des appels | Clixtell<\/title>\n<meta name=\"robots\" content=\"index, follow, max-snippet:-1, max-image-preview:large, max-video-preview:-1\" \/>\n<link rel=\"canonical\" href=\"https:\/\/www.clixtell.com\/fr\/suivi-appel\/comment-ca-marche-2\/\" \/>\n<meta property=\"og:locale\" content=\"fr_FR\" \/>\n<meta property=\"og:type\" content=\"article\" \/>\n<meta property=\"og:title\" content=\"Comment \u00e7a marche | Logiciel de suivi et d&#039;analyse des appels | Clixtell\" \/>\n<meta property=\"og:description\" content=\"Bloquer imm\u00e9diatement toute activit\u00e9 de clics invalides sur vos campagnes Google Ads &amp; Bing Ads en utilisant notre logiciel automatis\u00e9 de protection contre la fraude au clic. Comment \u00e7a marche 01 Param\u00e9trage facile Une fois que vous vous serez inscrit, nous vous enverrons un courriel avec votre nom d&#8217;utilisateur et votre mot de passe. Suivez [&hellip;]\" \/>\n<meta property=\"og:url\" content=\"https:\/\/www.clixtell.com\/fr\/suivi-appel\/comment-ca-marche-2\/\" \/>\n<meta property=\"og:site_name\" content=\"Click Fraud Protection | Call Tracking | Website Video Recorder | Clixtell\u2122\" \/>\n<meta property=\"article:publisher\" content=\"http:\/\/facebook.com\/clixtell\" \/>\n<meta property=\"article:modified_time\" content=\"2020-12-03T12:19:58+00:00\" \/>\n<meta property=\"og:image\" content=\"https:\/\/statics.clixtell.com\/wp-content\/uploads\/ic_arrow_forward_24px-5.svg\" \/>\n<meta name=\"twitter:card\" content=\"summary_large_image\" \/>\n<meta name=\"twitter:site\" content=\"@clixtell\" \/>\n<meta name=\"twitter:label1\" content=\"Dur\u00e9e de lecture estim\u00e9e\" \/>\n\t<meta name=\"twitter:data1\" content=\"2 minutes\" \/>\n<!-- \/ Yoast SEO plugin. -->","yoast_head_json":{"title":"Comment \u00e7a marche | Logiciel de suivi et d'analyse des appels | Clixtell","robots":{"index":"index","follow":"follow","max-snippet":"max-snippet:-1","max-image-preview":"max-image-preview:large","max-video-preview":"max-video-preview:-1"},"canonical":"https:\/\/www.clixtell.com\/fr\/suivi-appel\/comment-ca-marche-2\/","og_locale":"fr_FR","og_type":"article","og_title":"Comment \u00e7a marche | Logiciel de suivi et d'analyse des appels | Clixtell","og_description":"Bloquer imm\u00e9diatement toute activit\u00e9 de clics invalides sur vos campagnes Google Ads &amp; Bing Ads en utilisant notre logiciel automatis\u00e9 de protection contre la fraude au clic. Comment \u00e7a marche 01 Param\u00e9trage facile Une fois que vous vous serez inscrit, nous vous enverrons un courriel avec votre nom d&#8217;utilisateur et votre mot de passe. Suivez [&hellip;]","og_url":"https:\/\/www.clixtell.com\/fr\/suivi-appel\/comment-ca-marche-2\/","og_site_name":"Click Fraud Protection | Call Tracking | Website Video Recorder | Clixtell\u2122","article_publisher":"http:\/\/facebook.com\/clixtell","article_modified_time":"2020-12-03T12:19:58+00:00","og_image":[{"url":"https:\/\/statics.clixtell.com\/wp-content\/uploads\/ic_arrow_forward_24px-5.svg","type":"","width":"","height":""}],"twitter_card":"summary_large_image","twitter_site":"@clixtell","twitter_misc":{"Dur\u00e9e de lecture estim\u00e9e":"2 minutes"},"schema":{"@context":"https:\/\/schema.org","@graph":[{"@type":"WebPage","@id":"https:\/\/www.clixtell.com\/fr\/suivi-appel\/comment-ca-marche-2\/","url":"https:\/\/www.clixtell.com\/fr\/suivi-appel\/comment-ca-marche-2\/","name":"Comment \u00e7a marche | Logiciel de suivi et d'analyse des appels | Clixtell","isPartOf":{"@id":"https:\/\/www.clixtell.com\/fr\/#website"},"primaryImageOfPage":{"@id":"https:\/\/www.clixtell.com\/fr\/suivi-appel\/comment-ca-marche-2\/#primaryimage"},"image":{"@id":"https:\/\/www.clixtell.com\/fr\/suivi-appel\/comment-ca-marche-2\/#primaryimage"},"thumbnailUrl":"https:\/\/statics.clixtell.com\/wp-content\/uploads\/ic_arrow_forward_24px-5.svg","datePublished":"2020-12-03T09:42:07+00:00","dateModified":"2020-12-03T12:19:58+00:00","breadcrumb":{"@id":"https:\/\/www.clixtell.com\/fr\/suivi-appel\/comment-ca-marche-2\/#breadcrumb"},"inLanguage":"fr-FR","potentialAction":[{"@type":"ReadAction","target":["https:\/\/www.clixtell.com\/fr\/suivi-appel\/comment-ca-marche-2\/"]}]},{"@type":"ImageObject","inLanguage":"fr-FR","@id":"https:\/\/www.clixtell.com\/fr\/suivi-appel\/comment-ca-marche-2\/#primaryimage","url":"https:\/\/statics.clixtell.com\/wp-content\/uploads\/ic_arrow_forward_24px-5.svg","contentUrl":"https:\/\/statics.clixtell.com\/wp-content\/uploads\/ic_arrow_forward_24px-5.svg"},{"@type":"BreadcrumbList","@id":"https:\/\/www.clixtell.com\/fr\/suivi-appel\/comment-ca-marche-2\/#breadcrumb","itemListElement":[{"@type":"ListItem","position":1,"name":"Home","item":"https:\/\/www.clixtell.com\/fr\/"},{"@type":"ListItem","position":2,"name":"Clixtell | Logiciel de suivi et d&rsquo;analyse des appels","item":"https:\/\/www.clixtell.com\/fr\/suivi-appel\/"},{"@type":"ListItem","position":3,"name":"Comment \u00e7a marche | Logiciel de suivi et d&rsquo;analyse des appels | Clixtell"}]},{"@type":"WebSite","@id":"https:\/\/www.clixtell.com\/fr\/#website","url":"https:\/\/www.clixtell.com\/fr\/","name":"Click Fraud Protection | Call Tracking | Website Video Recorder | Clixtell\u2122","description":"Safe &amp; Sound Digital Marketing","publisher":{"@id":"https:\/\/www.clixtell.com\/fr\/#organization"},"potentialAction":[{"@type":"SearchAction","target":{"@type":"EntryPoint","urlTemplate":"https:\/\/www.clixtell.com\/fr\/?s={search_term_string}"},"query-input":{"@type":"PropertyValueSpecification","valueRequired":true,"valueName":"search_term_string"}}],"inLanguage":"fr-FR"},{"@type":"Organization","@id":"https:\/\/www.clixtell.com\/fr\/#organization","name":"Clixtell","url":"https:\/\/www.clixtell.com\/fr\/","logo":{"@type":"ImageObject","inLanguage":"fr-FR","@id":"https:\/\/www.clixtell.com\/fr\/#\/schema\/logo\/image\/","url":"https:\/\/www.clixtell.com\/wp-content\/uploads\/logoc.png","contentUrl":"https:\/\/www.clixtell.com\/wp-content\/uploads\/logoc.png","width":168,"height":43,"caption":"Clixtell"},"image":{"@id":"https:\/\/www.clixtell.com\/fr\/#\/schema\/logo\/image\/"},"sameAs":["http:\/\/facebook.com\/clixtell","https:\/\/x.com\/clixtell"]}]}},"_links":{"self":[{"href":"https:\/\/www.clixtell.com\/fr\/wp-json\/wp\/v2\/pages\/5787","targetHints":{"allow":["GET"]}}],"collection":[{"href":"https:\/\/www.clixtell.com\/fr\/wp-json\/wp\/v2\/pages"}],"about":[{"href":"https:\/\/www.clixtell.com\/fr\/wp-json\/wp\/v2\/types\/page"}],"author":[{"embeddable":true,"href":"https:\/\/www.clixtell.com\/fr\/wp-json\/wp\/v2\/users\/1"}],"replies":[{"embeddable":true,"href":"https:\/\/www.clixtell.com\/fr\/wp-json\/wp\/v2\/comments?post=5787"}],"version-history":[{"count":0,"href":"https:\/\/www.clixtell.com\/fr\/wp-json\/wp\/v2\/pages\/5787\/revisions"}],"up":[{"embeddable":true,"href":"https:\/\/www.clixtell.com\/fr\/wp-json\/wp\/v2\/pages\/5825"}],"wp:attachment":[{"href":"https:\/\/www.clixtell.com\/fr\/wp-json\/wp\/v2\/media?parent=5787"}],"curies":[{"name":"wp","href":"https:\/\/api.w.org\/{rel}","templated":true}]}}