{"id":5788,"date":"2020-12-03T09:50:04","date_gmt":"2020-12-03T09:50:04","guid":{"rendered":"https:\/\/www.clixtell.com\/?page_id=5788"},"modified":"2020-12-03T12:19:26","modified_gmt":"2020-12-03T12:19:26","slug":"analyses-appel","status":"publish","type":"page","link":"https:\/\/www.clixtell.com\/fr\/suivi-appel\/analyses-appel\/","title":{"rendered":"Analyses d&#8217;appels | Logiciel de suivi et d&#8217;analyse des appels | Clixtell"},"content":{"rendered":"\t<div class=\"container\">\n\t\t<div class=\"row mob-marg\">\n\t\t\t<div class=\"col-lg-8\">\n\t\t\t\t<h1 style=\"color: #fff; margin-top:5vh\">Observez et enregistrez le parcours complet de votre client, de la recherche au clic et \u00e0 l&#8217;appel<\/h1>\n\t\t\t\t<h3 style=\"color: #FFFFFF;\">La solution ultime pour mesurer l&#8217;effort<br>et l&#8217;efficacit\u00e9 de votre marketing.<\/h3>\n\t\t\t<\/div>\n\t\t<\/div>\n<\/div>\n\n<\/div>\n<\/div>\n<section>\n\t<div class=\"container\" style=\"margin-top:81px;\">\n\t\t<h1 style=\"color: #000E4D; text-align: center; margin-bottom: 80px;\">Nos fonctionnalit\u00e9s d&#8217;analyse des appels<\/h1>\n\t\t<div class=\"wrap\">\n\t\t\t<div class=\"row\">\n\t\t\t\t<div class=\"col-lg-6\">\n\t\t\t\t\t<div class=\"sbox\">\n\t\t\t\t\t\t<h2>Tableau de bord des appels en direct<\/h2>\n\t\t\t\t\t\t<p>Notre tableau de bord d&#8217;analyse des appels vous permet de savoir quelles sont les campagnes, les mots-cl\u00e9s et les annonces qui g\u00e9n\u00e8rent des appels t\u00e9l\u00e9phoniques.<\/p>\n\t\t\t\t\t\t<a href=\"https:\/\/www.clixtell.com\/fr\/suivi-appel\/analyses-appel\/tableau-de-bord-appels-en-direct\/\"><img decoding=\"async\" src=\"https:\/\/statics.clixtell.com\/wp-content\/uploads\/ctlm-e1546158798884.png\" alt=\"learn more\"><\/a>\n\t\t\t\t\t<\/div>\n\t\t\t\t<\/div>\n\t\t\t\t<div class=\"col-lg-6\">\n\t\t\t\t\t<div class=\"sbox\">\n\t\t\t\t\t\t<h2>Enregistrement d&#8217;appel<\/h2>\n\t\t\t\t\t\t<p>Enregistrez vos appels de vente avec Clixtell. Notre enregistreur d&#8217;appels est inclus avec chaque compte de suivi d&#8217;appels.<\/p>\n\t\t\t\t\t\t<a href=\"https:\/\/www.clixtell.com\/fr\/suivi-appel\/analyses-appel\/enregistreur-appel\/\"><img decoding=\"async\" src=\"https:\/\/statics.clixtell.com\/wp-content\/uploads\/ctlm-e1546158798884.png\" alt=\"learn more\"><\/a>\n\t\t\t\t\t<\/div>\n\t\t\t\t<\/div>\n\t\t\t<\/div>\n\t\t\t<div class=\"row\">\n\t\t\t\t<div class=\"col-lg-6\">\n\t\t\t\t\t<div class=\"sbox\">\n\t\t\t\t\t\t<h2>Rappels d&#8217;appel d\u00e9taill\u00e9<\/h2>\n\t\t\t\t\t\t<p>Le logiciel avanc\u00e9 de Clixtell vous fournit des rapports d\u00e9taill\u00e9s couvrant tous les aspects de l&#8217;activit\u00e9 de vos appels.<\/p>\n\t\t\t\t\t\t<a href=\"https:\/\/www.clixtell.com\/fr\/suivi-appel\/analyses-appel\/rapports-appels-detailles\/\"><img decoding=\"async\" src=\"https:\/\/statics.clixtell.com\/wp-content\/uploads\/ctlm-e1546158798884.png\" alt=\"learn more\"><\/a>\n\t\t\t\t\t<\/div>\n\t\t\t\t<\/div>\n\t\t\t\t<div class=\"col-lg-6\">\n\t\t\t\t\t<div class=\"sbox\">\n\t\t\t\t\t\t<h2>Conversion Intelligence<\/h2>\n\t\t\t\t\t\t<p>Le logiciel avanc\u00e9 de Clixtell vous fournit des rapports d\u00e9taill\u00e9s couvrant tous les aspects de l&#8217;activit\u00e9 de vos appels.<\/p>\n\t\t\t\t\t\t<a href=\"https:\/\/www.clixtell.com\/fr\/suivi-appel\/analyses-appel\/conversion-intelligence\/\"><img decoding=\"async\" src=\"https:\/\/statics.clixtell.com\/wp-content\/uploads\/ctlm-e1546158798884.png\" alt=\"learn more\"><\/a>\n\t\t\t\t\t<\/div>\n\t\t\t\t<\/div>\t\t\t\t\n\t\t\t<\/div>\n\t\t<\/div>\n\t<\/div>\n<\/section>\n<div data-post-id=\"1339\" class=\"insert-page insert-page-1339 \"><section style=\"margin-top:100px; margin-bottom: 100px;\">\n\t<div class=\"wrap\" style=\"text-align: center\">\n\t\t<h3 style=\"color: #000E4D; margin:100px; font-size: 20px; font-weight: 500; letter-spacing: 0.39px; line-height: 28px; text-align: center; margin-bottom: 30px;\">Activez votre suivi d&#8217;appel maintenant<\/h3>\n\t\t<a href=\"http:\/\/clixtell.com\/freetrial\/?plan=4\" class=\"bigbtn fullctbtn\">Commencer un essai gratuit<\/a> <a href=\"http:\/\/clixtell.com\/book-a-demo\/\" class=\"bigbtn ctbtn\">Demander une d\u00e9mo<\/a>\n\t<\/div>\n<\/section><\/div>\n<div class=\"ctg3\" style=\"margin-top:110px;\">\n\t<h1 style=\"color: #FFFFFF; text-align: center;margin: auto;padding-top:90px;\">Suivre les appels de vente et augmenter le taux de conversion<br> avec ces incroyables caract\u00e9ristiques :<\/h1>\n\t<div class=\"container row\" style=\"margin:auto;background-color: #FFFFFF; box-shadow: 1px 1px 15px 0 rgba(163,163,163,0.5);margin-top:80px; padding: 50px;\">\n\t\t<div class=\"features-list col-sm-3\">\n Essai gratuit et sans engagement <br>\n Installation facile et instantan\u00e9e<br>\n Num\u00e9ros locaux et gratuits<br>\n Tableau de bord des appels en direct<br>\n Statistiques sur les appels en temps r\u00e9el<br>\n Chronologie des visiteurs<br>\n\t\t<\/div>\n\t\t<div class=\"features-list col-sm-3\">Profil de s\u00e9curit\u00e9 personnalis\u00e9<br>\n Insertion dynamique du t\u00e9l\u00e9phone<br>\n Source \/ Suivi des appels de la campagne<br>\n Analyse des appels par mot-cl\u00e9<br>\n Suivi des appels statiques<br>\n Enregistrement d&#8217;appel<br>\n Messages Whisper \n\t\t<\/div>\n\t\t<div class=\"features-list col-sm-3\">\n Rapports d&#8217;appels d\u00e9taill\u00e9s<br>\n Flux d&#8217;appels personnalis\u00e9s<br>\n Conversion intelligente d&#8217;appel<br>\n Conversion intelligente web<br>\n Analyseur du suivi du site web<br>\n Niveaux d&#8217;acc\u00e8s des utilisateurs<br>\n\t\t<\/div>\n\t\t<div class=\"features-list col-sm-3\">\n Int\u00e9gration Google Analytics<br>\n Int\u00e9gration Google AdWords <br>\n Int\u00e9gration Zapier <br>\n Enregistreur de session vid\u00e9o<br>\n Application mobile iPhone &amp; Android<br>\n Support d\u00e9di\u00e9<br>     \n\t\t<\/div>\n\t<\/div>\n<\/div>\n<section style=\"margin-top:75px;\">\n<h1 style=\"text-align:center;\">FAQ<\/h1>\n\t\t<div class=\"faqs\">\n\t\t\t<div class=\"entry\">\n\t\t\t\t<div class=\"question\">Quelle est la solution d&#8217;insertion dynamique t\u00e9l\u00e9phonique ?<div class=\"collapse plus\">+<\/div><\/div>\n\t\t\t\t<div class=\"answer\">L&#8217;insertion dynamique t\u00e9l\u00e9phonique est une solution avanc\u00e9e permettant de surveiller et de suivre les appels et les conversions sur un site web d&#8217;entreprise. Une fois que le script Java ou notre plugin WP est impl\u00e9ment\u00e9 dans le site web et que les num\u00e9ros de t\u00e9l\u00e9phone locaux ont \u00e9t\u00e9 choisis, le logiciel changera automatiquement le num\u00e9ro du site web avec l&#8217;un des num\u00e9ros de t\u00e9l\u00e9phone de suivi en fonction des param\u00e8tres de votre compte. Cette solution vous fournira des informations analytiques importantes sur les appels entrants, les canaux, les campagnes, les mots-cl\u00e9s et vous permettra d&#8217;am\u00e9liorer l&#8217;optimisation. Le logiciel alimentera votre compte Google Ads et Analytic avec toutes les donn\u00e9es, ou les enverra o\u00f9 vous le souhaitez via une simple int\u00e9gration Zapier. <\/div>\n\t\t\t<\/div>\n\t\t\t<div class=\"entry\">\n\t\t\t\t<div class=\"question\">Puis-je transf\u00e9rer un num\u00e9ro de t\u00e9l\u00e9phone sur mon compte Clixtell ?<div class=\"collapse plus\">+<\/div><\/div>\n\t\t\t\t<div class=\"answer\">Oui, vous pouvez transf\u00e9rer votre num\u00e9ro de t\u00e9l\u00e9phone sur votre compte Clixtell. Pour transf\u00e9rer vos num\u00e9ros de t\u00e9l\u00e9phone, nous aurons besoin d&#8217;une demande sign\u00e9e et d&#8217;une lettre d&#8217;autorisation scann\u00e9e, d&#8217;une liste de tous les num\u00e9ros de t\u00e9l\u00e9phone que vous souhaitez transf\u00e9rer avec le num\u00e9ro de destination vers lequel chaque num\u00e9ro doit \u00eatre transf\u00e9r\u00e9, et d&#8217;une copie de la facture de t\u00e9l\u00e9phone r\u00e9cente. \n Ce processus prend g\u00e9n\u00e9ralement entre une et deux semaines.<\/div>\n\t\t\t<\/div>\n\t\t\t<div class=\"entry\">\n\t\t\t\t<div class=\"question\">Avez-vous des num\u00e9ros d&#8217;appel gratuits ?<div class=\"collapse plus\">+<\/div><\/div>\n\t\t\t\t<div class=\"answer\">Oui, nous avons dans notre syst\u00e8me les num\u00e9ros verts 800, 866, 888, 887, que vous pouvez utiliser imm\u00e9diatement. <\/div>\n\t\t\t<\/div>\n\t\t<\/div>\n\t\t<h1 style=\"color: #19CBD2; font-size: 25px; font-weight: bold; letter-spacing: 0.34px; line-height: 53px;text-align:center;margin-top:100px;\">Vous avez d&#8217;autres questions ?<\/h1>\n\t\t<a href=\"#\"><img decoding=\"async\" style=\"display:block;margin:auto;\" src=\"https:\/\/statics.clixtell.com\/wp-content\/uploads\/clickhere.png\" alt=\"contact us\"><\/a>\n\t<\/div>\n<\/section>\n<section>\n<div style=\"background-color: rgb(72,169,230,0.09);padding-top:90px;\">\n<h1 style=\"color: #000E4D; text-align: center;\">S&#8217;int\u00e9grer \u00e0 toutes les plateformes et applications populaires<\/h1>\n\t<div class=\"brands\">\n\t\t<div class=\"row\">\n\t\t\t<img decoding=\"async\" src=\"https:\/\/statics.clixtell.com\/wp-content\/uploads\/tgads.png\" alt=\"google ads tracking\">\n\t\t\t<img decoding=\"async\" src=\"https:\/\/statics.clixtell.com\/wp-content\/uploads\/Bing-Ads-1.png\" alt=\"bing ads tracking\">\n\t\t\t<img decoding=\"async\" src=\"https:\/\/statics.clixtell.com\/wp-content\/uploads\/tga.png\" alt=\"google analytics\">\n\t\t\t<img decoding=\"async\" src=\"https:\/\/statics.clixtell.com\/wp-content\/uploads\/tweeb.png\" alt=\"weebly\">\n\t\t<\/div>\n\t\t<div class=\"row\">\n\t\t\t<img decoding=\"async\" src=\"https:\/\/statics.clixtell.com\/wp-content\/uploads\/twp.png\" alt=\"wordpress\">\n\t\t\t<img decoding=\"async\" src=\"https:\/\/statics.clixtell.com\/wp-content\/uploads\/twix.png\" alt=\"wix\">\n\t\t\t<img decoding=\"async\" src=\"https:\/\/statics.clixtell.com\/wp-content\/uploads\/tjoom.png\" alt=\"joomla\">\n\t\t\t<img decoding=\"async\" src=\"https:\/\/statics.clixtell.com\/wp-content\/uploads\/tshop.png\" alt=\"shopify\">\n\t\t<\/div>\n\t\t<\/div>\n<\/div>\n<\/section>\n<div data-post-id=\"1339\" class=\"insert-page insert-page-1339 \"><section style=\"margin-top:100px; margin-bottom: 100px;\">\n\t<div class=\"wrap\" style=\"text-align: center\">\n\t\t<h3 style=\"color: #000E4D; margin:100px; font-size: 20px; font-weight: 500; letter-spacing: 0.39px; line-height: 28px; text-align: center; margin-bottom: 30px;\">Activez votre suivi d&#8217;appel maintenant<\/h3>\n\t\t<a href=\"http:\/\/clixtell.com\/freetrial\/?plan=4\" class=\"bigbtn fullctbtn\">Commencer un essai gratuit<\/a> <a href=\"http:\/\/clixtell.com\/book-a-demo\/\" class=\"bigbtn ctbtn\">Demander une d\u00e9mo<\/a>\n\t<\/div>\n<\/section><\/div>\n\n<script>\n\n window.addEventListener('DOMContentLoaded',function() {\n \n $('.faqs .entry').on('click', function(el) {\n var index = $(this).index();\n if($('.faqs .entry .answer').eq(index).css('display') == \"block\") {\n $('.faqs .entry .answer').eq(index).hide();\n $('.faqs .entry .collapse').eq(index).html('+');\n }\n else {\n $('.faqs .entry .answer').eq(index).show();\n $('.faqs .entry .collapse').eq(index).html('-');\n }\n \/*for(var x=0;x <= $('.faqs .entry').length; x++) { } }*\/ }); }, false); <\/script>","protected":false},"excerpt":{"rendered":"Observez et enregistrez le parcours complet de votre client, de la recherche au clic et \u00e0 l&#8217;appel La solution ultime pour mesurer l&#8217;effortet l&#8217;efficacit\u00e9 de votre marketing. Nos fonctionnalit\u00e9s d&#8217;analyse des appels Tableau de bord des appels en direct Notre tableau de bord d&#8217;analyse des appels vous permet de savoir quelles sont les campagnes, les [&hellip;]","protected":false},"author":1,"featured_media":0,"parent":5825,"menu_order":0,"comment_status":"closed","ping_status":"closed","template":"call-tracking.php","meta":{"footnotes":""},"class_list":["post-5788","page","type-page","status-publish","hentry"],"yoast_head":"<!-- This site is optimized with the Yoast SEO plugin v26.8 - https:\/\/yoast.com\/product\/yoast-seo-wordpress\/ -->\n<title>Analyses d&#039;appels | Logiciel de suivi et d&#039;analyse des appels | Clixtell<\/title>\n<meta name=\"description\" content=\"Regardez et enregistrez le parcours complet de votre client, de la recherche au clic et \u00e0 l&#039;appel. La solution ultime pour mesurer l&#039;effort et l&#039;efficacit\u00e9 de votre marketing.\" \/>\n<meta name=\"robots\" content=\"index, follow, max-snippet:-1, max-image-preview:large, max-video-preview:-1\" \/>\n<link rel=\"canonical\" href=\"https:\/\/www.clixtell.com\/fr\/suivi-appel\/analyses-appel\/\" \/>\n<meta property=\"og:locale\" content=\"fr_FR\" \/>\n<meta property=\"og:type\" content=\"article\" \/>\n<meta property=\"og:title\" content=\"Analyses d&#039;appels | Logiciel de suivi et d&#039;analyse des appels | Clixtell\" \/>\n<meta property=\"og:description\" content=\"Regardez et enregistrez le parcours complet de votre client, de la recherche au clic et \u00e0 l&#039;appel. La solution ultime pour mesurer l&#039;effort et l&#039;efficacit\u00e9 de votre marketing.\" \/>\n<meta property=\"og:url\" content=\"https:\/\/www.clixtell.com\/fr\/suivi-appel\/analyses-appel\/\" \/>\n<meta property=\"og:site_name\" content=\"Click Fraud Protection | Call Tracking | Website Video Recorder | Clixtell\u2122\" \/>\n<meta property=\"article:publisher\" content=\"http:\/\/facebook.com\/clixtell\" \/>\n<meta property=\"article:modified_time\" content=\"2020-12-03T12:19:26+00:00\" \/>\n<meta property=\"og:image\" content=\"https:\/\/statics.clixtell.com\/wp-content\/uploads\/ctlm-e1546158798884.png\" \/>\n<meta name=\"twitter:card\" content=\"summary_large_image\" \/>\n<meta name=\"twitter:site\" content=\"@clixtell\" \/>\n<meta name=\"twitter:label1\" content=\"Dur\u00e9e de lecture estim\u00e9e\" \/>\n\t<meta name=\"twitter:data1\" content=\"3 minutes\" \/>\n<!-- \/ Yoast SEO plugin. -->","yoast_head_json":{"title":"Analyses d'appels | Logiciel de suivi et d'analyse des appels | Clixtell","description":"Regardez et enregistrez le parcours complet de votre client, de la recherche au clic et \u00e0 l'appel. La solution ultime pour mesurer l'effort et l'efficacit\u00e9 de votre marketing.","robots":{"index":"index","follow":"follow","max-snippet":"max-snippet:-1","max-image-preview":"max-image-preview:large","max-video-preview":"max-video-preview:-1"},"canonical":"https:\/\/www.clixtell.com\/fr\/suivi-appel\/analyses-appel\/","og_locale":"fr_FR","og_type":"article","og_title":"Analyses d'appels | Logiciel de suivi et d'analyse des appels | Clixtell","og_description":"Regardez et enregistrez le parcours complet de votre client, de la recherche au clic et \u00e0 l'appel. La solution ultime pour mesurer l'effort et l'efficacit\u00e9 de votre marketing.","og_url":"https:\/\/www.clixtell.com\/fr\/suivi-appel\/analyses-appel\/","og_site_name":"Click Fraud Protection | Call Tracking | Website Video Recorder | Clixtell\u2122","article_publisher":"http:\/\/facebook.com\/clixtell","article_modified_time":"2020-12-03T12:19:26+00:00","og_image":[{"url":"https:\/\/statics.clixtell.com\/wp-content\/uploads\/ctlm-e1546158798884.png","type":"","width":"","height":""}],"twitter_card":"summary_large_image","twitter_site":"@clixtell","twitter_misc":{"Dur\u00e9e de lecture estim\u00e9e":"3 minutes"},"schema":{"@context":"https:\/\/schema.org","@graph":[{"@type":"WebPage","@id":"https:\/\/www.clixtell.com\/fr\/suivi-appel\/analyses-appel\/","url":"https:\/\/www.clixtell.com\/fr\/suivi-appel\/analyses-appel\/","name":"Analyses d'appels | Logiciel de suivi et d'analyse des appels | Clixtell","isPartOf":{"@id":"https:\/\/www.clixtell.com\/fr\/#website"},"primaryImageOfPage":{"@id":"https:\/\/www.clixtell.com\/fr\/suivi-appel\/analyses-appel\/#primaryimage"},"image":{"@id":"https:\/\/www.clixtell.com\/fr\/suivi-appel\/analyses-appel\/#primaryimage"},"thumbnailUrl":"https:\/\/statics.clixtell.com\/wp-content\/uploads\/ctlm-e1546158798884.png","datePublished":"2020-12-03T09:50:04+00:00","dateModified":"2020-12-03T12:19:26+00:00","description":"Regardez et enregistrez le parcours complet de votre client, de la recherche au clic et \u00e0 l'appel. La solution ultime pour mesurer l'effort et l'efficacit\u00e9 de votre marketing.","breadcrumb":{"@id":"https:\/\/www.clixtell.com\/fr\/suivi-appel\/analyses-appel\/#breadcrumb"},"inLanguage":"fr-FR","potentialAction":[{"@type":"ReadAction","target":["https:\/\/www.clixtell.com\/fr\/suivi-appel\/analyses-appel\/"]}]},{"@type":"ImageObject","inLanguage":"fr-FR","@id":"https:\/\/www.clixtell.com\/fr\/suivi-appel\/analyses-appel\/#primaryimage","url":"https:\/\/statics.clixtell.com\/wp-content\/uploads\/ctlm-e1546158798884.png","contentUrl":"https:\/\/statics.clixtell.com\/wp-content\/uploads\/ctlm-e1546158798884.png"},{"@type":"BreadcrumbList","@id":"https:\/\/www.clixtell.com\/fr\/suivi-appel\/analyses-appel\/#breadcrumb","itemListElement":[{"@type":"ListItem","position":1,"name":"Home","item":"https:\/\/www.clixtell.com\/fr\/"},{"@type":"ListItem","position":2,"name":"Clixtell | Logiciel de suivi et d&rsquo;analyse des appels","item":"https:\/\/www.clixtell.com\/fr\/suivi-appel\/"},{"@type":"ListItem","position":3,"name":"Analyses d&rsquo;appels | Logiciel de suivi et d&rsquo;analyse des appels | Clixtell"}]},{"@type":"WebSite","@id":"https:\/\/www.clixtell.com\/fr\/#website","url":"https:\/\/www.clixtell.com\/fr\/","name":"Click Fraud Protection | Call Tracking | Website Video Recorder | Clixtell\u2122","description":"Safe &amp; Sound Digital Marketing","publisher":{"@id":"https:\/\/www.clixtell.com\/fr\/#organization"},"potentialAction":[{"@type":"SearchAction","target":{"@type":"EntryPoint","urlTemplate":"https:\/\/www.clixtell.com\/fr\/?s={search_term_string}"},"query-input":{"@type":"PropertyValueSpecification","valueRequired":true,"valueName":"search_term_string"}}],"inLanguage":"fr-FR"},{"@type":"Organization","@id":"https:\/\/www.clixtell.com\/fr\/#organization","name":"Clixtell","url":"https:\/\/www.clixtell.com\/fr\/","logo":{"@type":"ImageObject","inLanguage":"fr-FR","@id":"https:\/\/www.clixtell.com\/fr\/#\/schema\/logo\/image\/","url":"https:\/\/www.clixtell.com\/wp-content\/uploads\/logoc.png","contentUrl":"https:\/\/www.clixtell.com\/wp-content\/uploads\/logoc.png","width":168,"height":43,"caption":"Clixtell"},"image":{"@id":"https:\/\/www.clixtell.com\/fr\/#\/schema\/logo\/image\/"},"sameAs":["http:\/\/facebook.com\/clixtell","https:\/\/x.com\/clixtell"]}]}},"_links":{"self":[{"href":"https:\/\/www.clixtell.com\/fr\/wp-json\/wp\/v2\/pages\/5788","targetHints":{"allow":["GET"]}}],"collection":[{"href":"https:\/\/www.clixtell.com\/fr\/wp-json\/wp\/v2\/pages"}],"about":[{"href":"https:\/\/www.clixtell.com\/fr\/wp-json\/wp\/v2\/types\/page"}],"author":[{"embeddable":true,"href":"https:\/\/www.clixtell.com\/fr\/wp-json\/wp\/v2\/users\/1"}],"replies":[{"embeddable":true,"href":"https:\/\/www.clixtell.com\/fr\/wp-json\/wp\/v2\/comments?post=5788"}],"version-history":[{"count":0,"href":"https:\/\/www.clixtell.com\/fr\/wp-json\/wp\/v2\/pages\/5788\/revisions"}],"up":[{"embeddable":true,"href":"https:\/\/www.clixtell.com\/fr\/wp-json\/wp\/v2\/pages\/5825"}],"wp:attachment":[{"href":"https:\/\/www.clixtell.com\/fr\/wp-json\/wp\/v2\/media?parent=5788"}],"curies":[{"name":"wp","href":"https:\/\/api.w.org\/{rel}","templated":true}]}}