{"id":5794,"date":"2020-12-03T09:57:39","date_gmt":"2020-12-03T09:57:39","guid":{"rendered":"https:\/\/www.clixtell.com\/?page_id=5794"},"modified":"2020-12-03T12:18:13","modified_gmt":"2020-12-03T12:18:13","slug":"etudes-de-cas","status":"publish","type":"page","link":"https:\/\/www.clixtell.com\/fr\/etudes-de-cas\/","title":{"rendered":"Etudes de cas &#8211; Suivi d&#8217;appel | Protection contre la fraude au clic | Entregistreur vid\u00e9o site web"},"content":{"rendered":"<div class=\"general-header\">\n\t<div class=\"container\">\n\t\t<div class=\"row\" style=\"padding-top: 15%\">\n\t\t\t<div class=\"col-lg-8 mob-marg\">\n\t\t\t\t<h1 style=\"color: #fff; margin-top:5vh\">Qui clique vraiment sur vos publicit\u00e9s payantes ?<\/h1>\n\t\t\t\t<h3 style=\"color: #FFFFFF; margin-top: 3vh;\">Cliquez sur l&#8217;\u00e9tude de cas sur la protection contre la fraude.<\/h3>\n\t\t\t<\/div>\n\t\t<\/div>\n\t<\/div>\n<\/div>\n<div class=\"container center\" style=\"padding-top: 100px; padding-bottom: 100px;\">\n\t<h2 style=\"color: #0080FF; padding-bottom: 50px; color: #53AAFF; font-size: 35px; font-weight: 500; letter-spacing: 0.48px; line-height: 53px; text-align: center;\">Goldberg Law Firm : <br>Etude de cas<\/h2>\n\t<iframe src=\"https:\/\/www.clixtell.com\/wp-content\/uploads\/Clixtell-Case-Study.pdf\" width=\"800\" height=\"2200\"><\/iframe>\n\t<div data-post-id=\"1335\" class=\"insert-page insert-page-1335 \"><section style=\"margin-top:105px; margin-bottom: 100px;\">\n\t<div class=\"center\">\n\t\t<h5> Activez votre protection antifraude par clic maintenant<\/h5>\n\t\t<div style=\"margin:auto; margin-top:20px;\">\n\t\t\t <a href=\"http:\/\/clixtell.com\/freetrial\/?plan=1\" class=\"bigbtn fullcfbtn\">Commencer un essai gratuit<\/a> <a href=\"http:\/\/clixtell.com\/book-a-demo\/\" class=\"bigbtn cfbtn\">Demander une d\u00e9mo<\/a>\n\t\t<\/div>\n\t<\/div>\n<\/section><\/div>\n<\/div>","protected":false},"excerpt":{"rendered":"Qui clique vraiment sur vos publicit\u00e9s payantes ? Cliquez sur l&#8217;\u00e9tude de cas sur la protection contre la fraude. Goldberg Law Firm : Etude de cas","protected":false},"author":1,"featured_media":0,"parent":0,"menu_order":0,"comment_status":"closed","ping_status":"closed","template":"","meta":{"footnotes":""},"class_list":["post-5794","page","type-page","status-publish","hentry"],"yoast_head":"<!-- This site is optimized with the Yoast SEO plugin v26.8 - https:\/\/yoast.com\/product\/yoast-seo-wordpress\/ -->\n<title>Etudes de cas - Suivi d&#039;appel | Protection contre la fraude au clic | Entregistreur vid\u00e9o site web<\/title>\n<meta name=\"description\" content=\"Avec les \u00e9tudes de cas de Clixtell, vous pouvez apprendre de l&#039;exp\u00e9rience des autres.\" \/>\n<meta name=\"robots\" content=\"index, follow, max-snippet:-1, max-image-preview:large, max-video-preview:-1\" \/>\n<link rel=\"canonical\" href=\"https:\/\/www.clixtell.com\/fr\/etudes-de-cas\/\" \/>\n<meta property=\"og:locale\" content=\"fr_FR\" \/>\n<meta property=\"og:type\" content=\"article\" \/>\n<meta property=\"og:title\" content=\"Etudes de cas - Suivi d&#039;appel | Protection contre la fraude au clic | Entregistreur vid\u00e9o site web\" \/>\n<meta property=\"og:description\" content=\"Avec les \u00e9tudes de cas de Clixtell, vous pouvez apprendre de l&#039;exp\u00e9rience des autres.\" \/>\n<meta property=\"og:url\" content=\"https:\/\/www.clixtell.com\/fr\/etudes-de-cas\/\" \/>\n<meta property=\"og:site_name\" content=\"Click Fraud Protection | Call Tracking | Website Video Recorder | Clixtell\u2122\" \/>\n<meta property=\"article:publisher\" content=\"http:\/\/facebook.com\/clixtell\" \/>\n<meta property=\"article:modified_time\" content=\"2020-12-03T12:18:13+00:00\" \/>\n<meta name=\"twitter:card\" content=\"summary_large_image\" \/>\n<meta name=\"twitter:site\" content=\"@clixtell\" \/>\n<!-- \/ Yoast SEO plugin. -->","yoast_head_json":{"title":"Etudes de cas - Suivi d'appel | Protection contre la fraude au clic | Entregistreur vid\u00e9o site web","description":"Avec les \u00e9tudes de cas de Clixtell, vous pouvez apprendre de l'exp\u00e9rience des autres.","robots":{"index":"index","follow":"follow","max-snippet":"max-snippet:-1","max-image-preview":"max-image-preview:large","max-video-preview":"max-video-preview:-1"},"canonical":"https:\/\/www.clixtell.com\/fr\/etudes-de-cas\/","og_locale":"fr_FR","og_type":"article","og_title":"Etudes de cas - Suivi d'appel | Protection contre la fraude au clic | Entregistreur vid\u00e9o site web","og_description":"Avec les \u00e9tudes de cas de Clixtell, vous pouvez apprendre de l'exp\u00e9rience des autres.","og_url":"https:\/\/www.clixtell.com\/fr\/etudes-de-cas\/","og_site_name":"Click Fraud Protection | Call Tracking | Website Video Recorder | Clixtell\u2122","article_publisher":"http:\/\/facebook.com\/clixtell","article_modified_time":"2020-12-03T12:18:13+00:00","twitter_card":"summary_large_image","twitter_site":"@clixtell","schema":{"@context":"https:\/\/schema.org","@graph":[{"@type":"WebPage","@id":"https:\/\/www.clixtell.com\/fr\/etudes-de-cas\/","url":"https:\/\/www.clixtell.com\/fr\/etudes-de-cas\/","name":"Etudes de cas - Suivi d'appel | Protection contre la fraude au clic | Entregistreur vid\u00e9o site web","isPartOf":{"@id":"https:\/\/www.clixtell.com\/fr\/#website"},"datePublished":"2020-12-03T09:57:39+00:00","dateModified":"2020-12-03T12:18:13+00:00","description":"Avec les \u00e9tudes de cas de Clixtell, vous pouvez apprendre de l'exp\u00e9rience des autres.","breadcrumb":{"@id":"https:\/\/www.clixtell.com\/fr\/etudes-de-cas\/#breadcrumb"},"inLanguage":"fr-FR","potentialAction":[{"@type":"ReadAction","target":["https:\/\/www.clixtell.com\/fr\/etudes-de-cas\/"]}]},{"@type":"BreadcrumbList","@id":"https:\/\/www.clixtell.com\/fr\/etudes-de-cas\/#breadcrumb","itemListElement":[{"@type":"ListItem","position":1,"name":"Home","item":"https:\/\/www.clixtell.com\/fr\/"},{"@type":"ListItem","position":2,"name":"Etudes de cas &#8211; Suivi d&rsquo;appel | Protection contre la fraude au clic | Entregistreur vid\u00e9o site web"}]},{"@type":"WebSite","@id":"https:\/\/www.clixtell.com\/fr\/#website","url":"https:\/\/www.clixtell.com\/fr\/","name":"Click Fraud Protection | Call Tracking | Website Video Recorder | Clixtell\u2122","description":"Safe &amp; Sound Digital Marketing","publisher":{"@id":"https:\/\/www.clixtell.com\/fr\/#organization"},"potentialAction":[{"@type":"SearchAction","target":{"@type":"EntryPoint","urlTemplate":"https:\/\/www.clixtell.com\/fr\/?s={search_term_string}"},"query-input":{"@type":"PropertyValueSpecification","valueRequired":true,"valueName":"search_term_string"}}],"inLanguage":"fr-FR"},{"@type":"Organization","@id":"https:\/\/www.clixtell.com\/fr\/#organization","name":"Clixtell","url":"https:\/\/www.clixtell.com\/fr\/","logo":{"@type":"ImageObject","inLanguage":"fr-FR","@id":"https:\/\/www.clixtell.com\/fr\/#\/schema\/logo\/image\/","url":"https:\/\/www.clixtell.com\/wp-content\/uploads\/logoc.png","contentUrl":"https:\/\/www.clixtell.com\/wp-content\/uploads\/logoc.png","width":168,"height":43,"caption":"Clixtell"},"image":{"@id":"https:\/\/www.clixtell.com\/fr\/#\/schema\/logo\/image\/"},"sameAs":["http:\/\/facebook.com\/clixtell","https:\/\/x.com\/clixtell"]}]}},"_links":{"self":[{"href":"https:\/\/www.clixtell.com\/fr\/wp-json\/wp\/v2\/pages\/5794","targetHints":{"allow":["GET"]}}],"collection":[{"href":"https:\/\/www.clixtell.com\/fr\/wp-json\/wp\/v2\/pages"}],"about":[{"href":"https:\/\/www.clixtell.com\/fr\/wp-json\/wp\/v2\/types\/page"}],"author":[{"embeddable":true,"href":"https:\/\/www.clixtell.com\/fr\/wp-json\/wp\/v2\/users\/1"}],"replies":[{"embeddable":true,"href":"https:\/\/www.clixtell.com\/fr\/wp-json\/wp\/v2\/comments?post=5794"}],"version-history":[{"count":0,"href":"https:\/\/www.clixtell.com\/fr\/wp-json\/wp\/v2\/pages\/5794\/revisions"}],"wp:attachment":[{"href":"https:\/\/www.clixtell.com\/fr\/wp-json\/wp\/v2\/media?parent=5794"}],"curies":[{"name":"wp","href":"https:\/\/api.w.org\/{rel}","templated":true}]}}