{"id":5796,"date":"2020-12-03T10:09:56","date_gmt":"2020-12-03T10:09:56","guid":{"rendered":"https:\/\/www.clixtell.com\/?page_id=5796"},"modified":"2020-12-03T12:17:51","modified_gmt":"2020-12-03T12:17:51","slug":"caracteristiques","status":"publish","type":"page","link":"https:\/\/www.clixtell.com\/fr\/protection-fraude-clic\/caracteristiques\/","title":{"rendered":"Caract\u00e9ristiques Clixtell | Logiciel de protection et d\u00e9tection de fraude au clic"},"content":{"rendered":"\t<div class=\"container mob-marg\">\n\t\t<div class=\"row\">\n\t\t\t<div class=\"col-lg-8\">\n\t\t\t\t<h1 style=\"color: #fff; text-align: left; margin-top:5vh\"><br>Notre logiciel de protection contre la fraude au clic bloque instantan\u00e9ment 100 % de vos activit\u00e9s invalides<\/h1>\n\t\t\t\t<h3 style=\"color: #FFFFFF;\">Tirez le meilleur parti de vos campagnes Google Ads<br>avec nos fonctions les plus avanc\u00e9es.<\/h3>\n\t\t\t<\/div>\n\t\t<\/div>\n<\/div>\n\n<\/div>\n<\/div>\n<section>\n\t<div class=\"container\" style=\"margin-top:81px;\">\n\t\t<h1 style=\"color: #000E4D; text-align: center;\">Nos meilleures caract\u00e9ristiques<\/h1>\n\t\t<div class=\"wrap\">\n\t\t\t<div class=\"row\">\n\t\t\t\t<div class=\"col-lg-4\">\n\t\t\t\t\t<div class=\"fbox\">\n\t\t\t\t\t\t<span class=\"num\">01<\/span>\n\t\t\t\t\t\t<span class=\"content\">Protection automatis\u00e9e contre la fraude au clic<\/span>\n\t\t\t\t\t\t<a href=\"https:\/\/www.clixtell.com\/fr\/protection-fraude-clic\/caracteristiques\/protection-fraude-au-clic-automatise\/\"><img decoding=\"async\" src=\"https:\/\/statics.clixtell.com\/wp-content\/uploads\/lmtiny.png\"><\/a>\n\t\t\t\t\t<\/div>\n\t\t\t\t<\/div>\n\t\t\t\t<div class=\"col-lg-4\">\n\t\t\t\t\t<div class=\"fbox\">\n\t\t\t\t\t\t<span class=\"num\">02<\/span>\n\t\t\t\t\t\t<span class=\"content\">D\u00e9tection des fraudes par clic 24 heures sur 24 et 7 jours sur 7<\/span>\n\t\t\t\t\t\t<a href=\"https:\/\/www.clixtell.com\/fr\/protection-fraude-clic\/caracteristiques\/detection-fraude-au-clic\/\"><img decoding=\"async\" src=\"https:\/\/statics.clixtell.com\/wp-content\/uploads\/lmtiny.png\"><\/a>\n\t\t\t\t\t<\/div>\n\t\t\t\t<\/div>\n\t\t\t\t<div class=\"col-lg-4\">\n\t\t\t\t\t<div class=\"fbox\">\n\t\t\t\t\t\t<span class=\"num\">03<\/span>\n\t\t\t\t\t\t<span class=\"content\">Enregistreur vid\u00e9o du site web<\/span>\n\t\t\t\t\t\t<a href=\"https:\/\/www.clixtell.com\/fr\/protection-fraude-clic\/caracteristiques\/enregistreur-video-visiteur\/\"><img decoding=\"async\" src=\"https:\/\/statics.clixtell.com\/wp-content\/uploads\/lmtiny.png\"><\/a>\n\t\t\t\t\t<\/div>\n\t\t\t\t<\/div>\n\t\t\t<\/div>\n\t\t\t<div class=\"row\" style=\"margin-top:75px;\">\n\t\t\t\t<div class=\"col-lg-4\">\n\t\t\t\t\t<div class=\"fbox\">\n\t\t\t\t\t\t<span class=\"num\">04<\/span>\n\t\t\t\t\t\t<span class=\"content\">Conversion Intelligence<\/span>\n\t\t\t\t\t\t<a href=\"https:\/\/www.clixtell.com\/fr\/protection-fraude-clic\/caracteristiques\/conversion-intelligence\/\"><img decoding=\"async\" src=\"https:\/\/statics.clixtell.com\/wp-content\/uploads\/lmtiny.png\"><\/a>\n\t\t\t\t\t<\/div>\n\t\t\t\t<\/div>\n\t\t\t\t<div class=\"col-lg-4\">\n\t\t\t\t\t<div class=\"fbox\">\n\t\t\t\t\t\t<span class=\"num\">05<\/span>\n\t\t\t\t\t\t<span class=\"content\">Suivi et enregistrement des publicit\u00e9s &#8220;Click-to-Call&#8221;<\/span>\n\t\t\t\t\t\t<a href=\"https:\/\/www.clixtell.com\/fr\/protection-fraude-clic\/caracteristiques\/suivi-click-to-call-annonces\/\"><img decoding=\"async\" src=\"https:\/\/statics.clixtell.com\/wp-content\/uploads\/lmtiny.png\"><\/a>\n\t\t\t\t\t<\/div>\n\t\t\t\t<\/div>\n\t\t\t\t<div class=\"col-lg-4\">\n\t\t\t\t\t<div class=\"fbox\">\n\t\t\t\t\t\t<span class=\"num\">06<\/span>\n\t\t\t\t\t\t<span class=\"content\">Rapports sur les demandes de remboursement des publicit\u00e9s Google <\/span>\n\t\t\t\t\t\t<a href=\"https:\/\/www.clixtell.com\/fr\/protection-fraude-clic\/caracteristiques\/rapports-reclamation-remboursement\/\"><img decoding=\"async\" src=\"https:\/\/statics.clixtell.com\/wp-content\/uploads\/lmtiny.png\"><\/a>\n\t\t\t\t\t<\/div>\n\t\t\t\t<\/div>\n\t\t\t<\/div>\n\t\t<\/div>\n\t<\/div>\n<\/section>\n<div data-post-id=\"1335\" class=\"insert-page insert-page-1335 \"><section style=\"margin-top:105px; margin-bottom: 100px;\">\n\t<div class=\"center\">\n\t\t<h5> Activez votre protection antifraude par clic maintenant<\/h5>\n\t\t<div style=\"margin:auto; margin-top:20px;\">\n\t\t\t <a href=\"http:\/\/clixtell.com\/freetrial\/?plan=1\" class=\"bigbtn fullcfbtn\">Commencer un essai gratuit<\/a> <a href=\"http:\/\/clixtell.com\/book-a-demo\/\" class=\"bigbtn cfbtn\">Demander une d\u00e9mo<\/a>\n\t\t<\/div>\n\t<\/div>\n<\/section><\/div>\n<div class=\"cfg3\" style=\"margin-top:110px;\">\n\t<div class=\"container\">\n\t<h1 style=\"color: #fff; text-align: center; margin: auto; padding-top:90px;\">Arr\u00eatez la fraude aux clics de Google Ads et augmentez le taux de conversion<br> avec ces incroyables caract\u00e9ristiques :<\/h1>\n\t\t<div class=\"row\" style=\"margin:auto; background-color: #FFFFFF; box-shadow: 1px 1px 15px 0 rgba(163,163,163,0.5); margin:50px 5px; padding: 40px;\">\n\t\t\t<div class=\"features-list col-sm-3\">\n Protection autimatique 24h sur 24 7j sur 7<br>\n Bloqueur de fraude imm\u00e9diat<br>\n 5 minutes de pr\u00e9paration<br>\n Facile \u00e0 utiliser<br>\n Essai gratuit et sans engagement<br>\n Protection instantann\u00e9e Google Ads<br>\n Apprentissage de la machine \u00e0 fraude par clic\n\t\t\t<\/div>\n\t\t\t<div class=\"features-list col-sm-3\">\n Profil de s\u00e9curit\u00e9 personnalis\u00e9<br>\n Alerte \u00e0 la fraude en temps r\u00e9el<br>\n Rapports d\u00e9taill\u00e9s sur les demandes de remboursement<br>\n Tableau de bord en direct<br>\n Bloqueur de port\u00e9e IP avanc\u00e9<br>\n Bloqueurs de VPNs &amp; de Proxys<br>\n Bloqueur d&#8217;ID d&#8217;appareil \n\t\t\t<\/div>\n\t\t\t<div class=\"features-list col-sm-3\">\n Protection renforc\u00e9e des bots<br>\n Bloqueur de fournisseurs de services<br>\n Protection des domaines crois\u00e9s<br>\n Mode agressif<br>\n Campagne et suivi des mots-cl\u00e9s<br>\n Enregistreur de session vid\u00e9o<br>\n Conversion Intelligence<br>\n\t\t\t<\/div>\n\t\t\t<div class=\"features-list col-sm-3\">\n G\u00e9olocalisation des visiteurs<br>\n Temps des visiteurs sur la page<br>\n Suivi Click-to-Call<br>\n Enregistreur d&#8217;appel<br>\n Int\u00e9gration MCC<br>\n Rapports d&#8217;analyse personnalis\u00e9s<br>     \n Application mobile iPhone &amp; Android\n\t\t\t<\/div>\n\t\t<\/div>\n\t<\/div>\n<\/div>\n<section style=\"margin-top:75px;\" class=\"container\">\n<h1 style=\"color: #0080FF; font-weight: bold;text-align:center;\">FAQ<\/h1>\n\t\n\t<div class=\"faqs\">\n\t\t<div class=\"entry\">\n\t\t\t<div class=\"question\">Comment d\u00e9tecter la fraude au clic ?<div class=\"collapse plus\">+<\/div><\/div>\n\t\t\t<div class=\"answer\">Clixtell surveille chaque clic vers votre site web et vos campagnes PPC, en analysant chaque adresse IP, l&#8217;ID unique de l&#8217;appareil, les fournisseurs de services r\u00e9seau, les fournisseurs de VPN et de proxy, la g\u00e9olocalisation, les mots cl\u00e9s, le temps pass\u00e9 sur la page et plus encore, en recherchant les activit\u00e9s frauduleuses. Gr\u00e2ce \u00e0 notre apprentissage avanc\u00e9 de la fraude au clic, combin\u00e9 aux param\u00e8tres de votre profil de s\u00e9curit\u00e9 personnel, nous pouvons imm\u00e9diatement d\u00e9tecter la fraude au clic et bloquer automatiquement toute tentative de clic sur vos annonces. \n\t\t\t<\/div>\n\t\t<\/div>\n\t\t<div class=\"entry\">\n\t\t\t<div class=\"question\">Qu&#8217;est-ce que le Bloqueur d&#8217;ID d&#8217;appareil ?<div class=\"collapse plus\">+<\/div><\/div>\n\t\t\t<div class=\"answer\">Le bloqueur d&#8217;ID d&#8217;appareil est un scanner avanc\u00e9 qui utilise un algorithme Clixtell intelligent pour examiner chaque ordinateur, appareil ou navigateur qui clique sur vos publicit\u00e9s payantes. Il les marque ensuite avec un identifiant unique de dispositif \u00e0 16 chiffres. Si le m\u00eame dispositif clique syst\u00e9matiquement sur votre publicit\u00e9, Clixtell la bloquera imm\u00e9diatement et l&#8217;attaquant ne pourra pas voir vos publicit\u00e9s sponsoris\u00e9es. <\/div>\n\t\t<\/div>\n\t\t<div class=\"entry\">\n\t\t\t<div class=\"question\">Qu&#8217;est-ce que le bloqueur de fournisseurs de services ?<div class=\"collapse plus\">+<\/div><\/div>\n\t\t\t<div class=\"answer\">Notre bloqueur de fournisseurs de services surveille tous les fournisseurs de services Internet qui ont cliqu\u00e9 sur votre publicit\u00e9. Vous pouvez bloquer automatiquement les fournisseurs de services internet en fonction des param\u00e8tres de s\u00e9curit\u00e9 de votre compte.<\/div>\n\t\t<\/div>\n\t\t<div class=\"entry\">\n\t\t\t<div class=\"question\">Qu&#8217;est-ce que le bloqueur de VPN \/ Proxy ?<div class=\"collapse plus\">+<\/div><\/div>\n\t\t\t<div class=\"answer\">Clixtell analyse chaque clic et les v\u00e9rifie en utilisant des serveurs de donn\u00e9es qui recherchent les VPN, les Click Farms, les Proxy et les plages d&#8217;IP suspectes qui sont mises \u00e0 jour quotidiennement. Lorsqu&#8217;une correspondance est \u00e9tablie, le logiciel bloque imm\u00e9diatement l&#8217;IP ou la plage selon les param\u00e8tres de s\u00e9curit\u00e9 et les d\u00e9finitions du compte. Une fois bloqu\u00e9, cet utilisateur ne pourra plus voir et cliquer sur vos publicit\u00e9s Google.<\/div>\n\t\t<\/div>\n\t\t<div class=\"entry\">\n\t\t\t<div class=\"question\">Qu&#8217;est-ce que l&#8217;enregistreur vid\u00e9o de site web ?<div class=\"collapse plus\">+<\/div><\/div>\n\t\t\t<div class=\"answer\">L&#8217;enregistreur de session Clixtell vous fournit un tableau complet des visiteurs de votre site web ; il vous permet de voir votre site web \u00e0 travers les yeux de vos visiteurs et d&#8217;obtenir tous les d\u00e9tails de leurs mouvements de souris, de leurs clics, de leur d\u00e9filement et de leur \u00e9criture de texte. <\/div>\n\t\t<\/div>\n\t\t<div class=\"entry\">\n\t\t\t<div class=\"question\">Qu&#8217;est-ce que le bloqueur de domaines crois\u00e9s ? <div class=\"collapse plus\">+<\/div><\/div>\n\t\t\t<div class=\"answer\">Le bloqueur de domaines crois\u00e9s Clixtell prot\u00e8ge plusieurs domaines ou comptes comme s&#8217;il s&#8217;agissait d&#8217;un seul, toute violation dans un domaine ou un compte et Clixtell prot\u00e9gera et bloquera imm\u00e9diatement l&#8217;IP dans tous les comptes, emp\u00eachant l&#8217;attaquant de cliquer sur vos publicit\u00e9s. <\/div>\n\t\t<\/div>\n\t\t<div class=\"entry\">\n\t\t\t<div class=\"question\">Vous avez une application mobile ?<div class=\"collapse plus\">+<\/div><\/div>\n\t\t\t<div class=\"answer\">Oui, vous pouvez t\u00e9l\u00e9charger gratuitement l&#8217;application mobile Clixtell sur l&#8217;Apple Store et Google Play, et obtenir des donn\u00e9es en direct sur le trafic et cliquer sur des alertes de blocage de fraude directement sur votre mobile.<\/div>\n\t\t<\/div>\n\t<\/div>\n\t\n\t<h1 style=\"color: #0080FF; font-family: Roboto; font-size: 25px;letter-spacing: 0.34px; line-height: 53px;text-align:center;margin-top:100px;\">Vous avez d&#8217;autres questions ?<\/h1>\n\t<a href=\"https:\/\/www.clixtell.com\/fr\/protection-fraude-clic\/faq__trashed\/\"><img decoding=\"async\" style=\"display:block;margin:auto;\" src=\"https:\/\/statics.clixtell.com\/wp-content\/uploads\/clickhere.png\" alt=\"contact us\"><\/a>\n<\/section>\n<section>\n<div class=\"cfg4\" style=\"padding-top:90px; padding-bottom: 90px;\">\n<h1 style=\"text-align: center;\">S&#8217;int\u00e9grer \u00e0 toutes les plateformes et applications populaires<\/h1>\n\t<div class=\"container brands center\">\n\t\t<div class=\"row\">\n\t\t\t<div class=\"col-md-2\">\n\t\t\t<img decoding=\"async\" src=\"https:\/\/statics.clixtell.com\/wp-content\/uploads\/tgads.png\" alt=\"google ads tracking\">\n\t\t\t<\/div>\n\t\t\t<div class=\"col-md-3\">\t\t\t\t\n\t\t\t<img decoding=\"async\" src=\"https:\/\/statics.clixtell.com\/wp-content\/uploads\/2018\/12\/Bing-Ads.png\" alt=\"bing ads\">\n\t\t\t<\/div>\n\t\t\t<div class=\"col-md-4\">\n\t\t\t\t<img decoding=\"async\" src=\"https:\/\/statics.clixtell.com\/wp-content\/uploads\/tga.png\" alt=\"google analytics\">\n\t\t\t<\/div>\n\t\t\t<div class=\"col-md-3\">\n\t\t\t\t<img decoding=\"async\" src=\"https:\/\/statics.clixtell.com\/wp-content\/uploads\/tweeb.png\" alt=\"weebly\">\n\t\t\t<\/div>\n\t\t<\/div>\n\t\t<div class=\"row\">\n\t\t\t<div class=\"col-md-3\">\n\t\t\t<img decoding=\"async\" src=\"https:\/\/statics.clixtell.com\/wp-content\/uploads\/twp.png\" alt=\"wordpress\">\n\t\t\t\t<\/div>\n\t\t\t<div class=\"col-md-3\">\n\t\t\t<img decoding=\"async\" src=\"https:\/\/statics.clixtell.com\/wp-content\/uploads\/twix.png\" alt=\"wix\">\n\t\t\t<\/div>\n\t\t\t<div class=\"col-md-3\">\n\t\t\t\t<img decoding=\"async\" src=\"https:\/\/statics.clixtell.com\/wp-content\/uploads\/tjoom.png\" alt=\"joomla\">\n\t\t\t<\/div>\n\t\t\t<div class=\"col-md-3\">\n\t\t\t\t<img decoding=\"async\" src=\"https:\/\/statics.clixtell.com\/wp-content\/uploads\/tshop.png\" alt=\"shopify\">\n\t\t\t<\/div>\n\t\t<\/div>\n\t<\/div>\n<\/div>\n<\/section>\n<div data-post-id=\"1335\" class=\"insert-page insert-page-1335 \"><section style=\"margin-top:105px; margin-bottom: 100px;\">\n\t<div class=\"center\">\n\t\t<h5> Activez votre protection antifraude par clic maintenant<\/h5>\n\t\t<div style=\"margin:auto; margin-top:20px;\">\n\t\t\t <a href=\"http:\/\/clixtell.com\/freetrial\/?plan=1\" class=\"bigbtn fullcfbtn\">Commencer un essai gratuit<\/a> <a href=\"http:\/\/clixtell.com\/book-a-demo\/\" class=\"bigbtn cfbtn\">Demander une d\u00e9mo<\/a>\n\t\t<\/div>\n\t<\/div>\n<\/section><\/div>\n<script>\n\n window.addEventListener('DOMContentLoaded',function() {\n \n $('.faqs .entry').on('click', function(el) {\n var index = $(this).index();\n if($('.faqs .entry .answer').eq(index).css('display') == \"block\") {\n $('.faqs .entry .answer').eq(index).hide();\n $('.faqs .entry .collapse').eq(index).html('+');\n }\n else {\n $('.faqs .entry .answer').eq(index).show();\n $('.faqs .entry .collapse').eq(index).html('-');\n }\n \/*for(var x=0;x <= $('.faqs .entry').length; x++) { } }*\/ }); }, false); <\/script>","protected":false},"excerpt":{"rendered":"Notre logiciel de protection contre la fraude au clic bloque instantan\u00e9ment 100 % de vos activit\u00e9s invalides Tirez le meilleur parti de vos campagnes Google Adsavec nos fonctions les plus avanc\u00e9es. Nos meilleures caract\u00e9ristiques 01 Protection automatis\u00e9e contre la fraude au clic 02 D\u00e9tection des fraudes par clic 24 heures sur 24 et 7 jours [&hellip;]","protected":false},"author":1,"featured_media":0,"parent":5850,"menu_order":0,"comment_status":"closed","ping_status":"closed","template":"click-fraud.php","meta":{"footnotes":""},"class_list":["post-5796","page","type-page","status-publish","hentry"],"yoast_head":"<!-- This site is optimized with the Yoast SEO plugin v26.8 - https:\/\/yoast.com\/product\/yoast-seo-wordpress\/ -->\n<title>Caract\u00e9ristiques Clixtell | Logiciel de protection et d\u00e9tection de fraude au clic<\/title>\n<meta name=\"description\" content=\"Notre logiciel de protection contre la fraude au clic bloquera instantan\u00e9ment 100 % de votre activit\u00e9 invalide. Tirez le meilleur parti de vos campagnes Google Ads gr\u00e2ce \u00e0 nos fonctions les plus avanc\u00e9es.\" \/>\n<meta name=\"robots\" content=\"index, follow, max-snippet:-1, max-image-preview:large, max-video-preview:-1\" \/>\n<link rel=\"canonical\" href=\"https:\/\/www.clixtell.com\/fr\/protection-fraude-clic\/caracteristiques\/\" \/>\n<meta property=\"og:locale\" content=\"fr_FR\" \/>\n<meta property=\"og:type\" content=\"article\" \/>\n<meta property=\"og:title\" content=\"Caract\u00e9ristiques Clixtell | Logiciel de protection et d\u00e9tection de fraude au clic\" \/>\n<meta property=\"og:description\" content=\"Notre logiciel de protection contre la fraude au clic bloquera instantan\u00e9ment 100 % de votre activit\u00e9 invalide. Tirez le meilleur parti de vos campagnes Google Ads gr\u00e2ce \u00e0 nos fonctions les plus avanc\u00e9es.\" \/>\n<meta property=\"og:url\" content=\"https:\/\/www.clixtell.com\/fr\/protection-fraude-clic\/caracteristiques\/\" \/>\n<meta property=\"og:site_name\" content=\"Click Fraud Protection | Call Tracking | Website Video Recorder | Clixtell\u2122\" \/>\n<meta property=\"article:publisher\" content=\"http:\/\/facebook.com\/clixtell\" \/>\n<meta property=\"article:modified_time\" content=\"2020-12-03T12:17:51+00:00\" \/>\n<meta property=\"og:image\" content=\"https:\/\/statics.clixtell.com\/wp-content\/uploads\/lmtiny.png\" \/>\n<meta name=\"twitter:card\" content=\"summary_large_image\" \/>\n<meta name=\"twitter:site\" content=\"@clixtell\" \/>\n<meta name=\"twitter:label1\" content=\"Dur\u00e9e de lecture estim\u00e9e\" \/>\n\t<meta name=\"twitter:data1\" content=\"4 minutes\" \/>\n<!-- \/ Yoast SEO plugin. -->","yoast_head_json":{"title":"Caract\u00e9ristiques Clixtell | Logiciel de protection et d\u00e9tection de fraude au clic","description":"Notre logiciel de protection contre la fraude au clic bloquera instantan\u00e9ment 100 % de votre activit\u00e9 invalide. Tirez le meilleur parti de vos campagnes Google Ads gr\u00e2ce \u00e0 nos fonctions les plus avanc\u00e9es.","robots":{"index":"index","follow":"follow","max-snippet":"max-snippet:-1","max-image-preview":"max-image-preview:large","max-video-preview":"max-video-preview:-1"},"canonical":"https:\/\/www.clixtell.com\/fr\/protection-fraude-clic\/caracteristiques\/","og_locale":"fr_FR","og_type":"article","og_title":"Caract\u00e9ristiques Clixtell | Logiciel de protection et d\u00e9tection de fraude au clic","og_description":"Notre logiciel de protection contre la fraude au clic bloquera instantan\u00e9ment 100 % de votre activit\u00e9 invalide. Tirez le meilleur parti de vos campagnes Google Ads gr\u00e2ce \u00e0 nos fonctions les plus avanc\u00e9es.","og_url":"https:\/\/www.clixtell.com\/fr\/protection-fraude-clic\/caracteristiques\/","og_site_name":"Click Fraud Protection | Call Tracking | Website Video Recorder | Clixtell\u2122","article_publisher":"http:\/\/facebook.com\/clixtell","article_modified_time":"2020-12-03T12:17:51+00:00","og_image":[{"url":"https:\/\/statics.clixtell.com\/wp-content\/uploads\/lmtiny.png","type":"","width":"","height":""}],"twitter_card":"summary_large_image","twitter_site":"@clixtell","twitter_misc":{"Dur\u00e9e de lecture estim\u00e9e":"4 minutes"},"schema":{"@context":"https:\/\/schema.org","@graph":[{"@type":"WebPage","@id":"https:\/\/www.clixtell.com\/fr\/protection-fraude-clic\/caracteristiques\/","url":"https:\/\/www.clixtell.com\/fr\/protection-fraude-clic\/caracteristiques\/","name":"Caract\u00e9ristiques Clixtell | Logiciel de protection et d\u00e9tection de fraude au clic","isPartOf":{"@id":"https:\/\/www.clixtell.com\/fr\/#website"},"primaryImageOfPage":{"@id":"https:\/\/www.clixtell.com\/fr\/protection-fraude-clic\/caracteristiques\/#primaryimage"},"image":{"@id":"https:\/\/www.clixtell.com\/fr\/protection-fraude-clic\/caracteristiques\/#primaryimage"},"thumbnailUrl":"https:\/\/statics.clixtell.com\/wp-content\/uploads\/lmtiny.png","datePublished":"2020-12-03T10:09:56+00:00","dateModified":"2020-12-03T12:17:51+00:00","description":"Notre logiciel de protection contre la fraude au clic bloquera instantan\u00e9ment 100 % de votre activit\u00e9 invalide. Tirez le meilleur parti de vos campagnes Google Ads gr\u00e2ce \u00e0 nos fonctions les plus avanc\u00e9es.","breadcrumb":{"@id":"https:\/\/www.clixtell.com\/fr\/protection-fraude-clic\/caracteristiques\/#breadcrumb"},"inLanguage":"fr-FR","potentialAction":[{"@type":"ReadAction","target":["https:\/\/www.clixtell.com\/fr\/protection-fraude-clic\/caracteristiques\/"]}]},{"@type":"ImageObject","inLanguage":"fr-FR","@id":"https:\/\/www.clixtell.com\/fr\/protection-fraude-clic\/caracteristiques\/#primaryimage","url":"https:\/\/statics.clixtell.com\/wp-content\/uploads\/lmtiny.png","contentUrl":"https:\/\/statics.clixtell.com\/wp-content\/uploads\/lmtiny.png"},{"@type":"BreadcrumbList","@id":"https:\/\/www.clixtell.com\/fr\/protection-fraude-clic\/caracteristiques\/#breadcrumb","itemListElement":[{"@type":"ListItem","position":1,"name":"Home","item":"https:\/\/www.clixtell.com\/fr\/"},{"@type":"ListItem","position":2,"name":"Clixtell | Logiciel de protection et d\u00e9tection de la fraude au clic","item":"https:\/\/www.clixtell.com\/fr\/protection-fraude-clic\/"},{"@type":"ListItem","position":3,"name":"Caract\u00e9ristiques Clixtell | Logiciel de protection et d\u00e9tection de fraude au clic"}]},{"@type":"WebSite","@id":"https:\/\/www.clixtell.com\/fr\/#website","url":"https:\/\/www.clixtell.com\/fr\/","name":"Click Fraud Protection | Call Tracking | Website Video Recorder | Clixtell\u2122","description":"Safe &amp; Sound Digital Marketing","publisher":{"@id":"https:\/\/www.clixtell.com\/fr\/#organization"},"potentialAction":[{"@type":"SearchAction","target":{"@type":"EntryPoint","urlTemplate":"https:\/\/www.clixtell.com\/fr\/?s={search_term_string}"},"query-input":{"@type":"PropertyValueSpecification","valueRequired":true,"valueName":"search_term_string"}}],"inLanguage":"fr-FR"},{"@type":"Organization","@id":"https:\/\/www.clixtell.com\/fr\/#organization","name":"Clixtell","url":"https:\/\/www.clixtell.com\/fr\/","logo":{"@type":"ImageObject","inLanguage":"fr-FR","@id":"https:\/\/www.clixtell.com\/fr\/#\/schema\/logo\/image\/","url":"https:\/\/www.clixtell.com\/wp-content\/uploads\/logoc.png","contentUrl":"https:\/\/www.clixtell.com\/wp-content\/uploads\/logoc.png","width":168,"height":43,"caption":"Clixtell"},"image":{"@id":"https:\/\/www.clixtell.com\/fr\/#\/schema\/logo\/image\/"},"sameAs":["http:\/\/facebook.com\/clixtell","https:\/\/x.com\/clixtell"]}]}},"_links":{"self":[{"href":"https:\/\/www.clixtell.com\/fr\/wp-json\/wp\/v2\/pages\/5796","targetHints":{"allow":["GET"]}}],"collection":[{"href":"https:\/\/www.clixtell.com\/fr\/wp-json\/wp\/v2\/pages"}],"about":[{"href":"https:\/\/www.clixtell.com\/fr\/wp-json\/wp\/v2\/types\/page"}],"author":[{"embeddable":true,"href":"https:\/\/www.clixtell.com\/fr\/wp-json\/wp\/v2\/users\/1"}],"replies":[{"embeddable":true,"href":"https:\/\/www.clixtell.com\/fr\/wp-json\/wp\/v2\/comments?post=5796"}],"version-history":[{"count":0,"href":"https:\/\/www.clixtell.com\/fr\/wp-json\/wp\/v2\/pages\/5796\/revisions"}],"up":[{"embeddable":true,"href":"https:\/\/www.clixtell.com\/fr\/wp-json\/wp\/v2\/pages\/5850"}],"wp:attachment":[{"href":"https:\/\/www.clixtell.com\/fr\/wp-json\/wp\/v2\/media?parent=5796"}],"curies":[{"name":"wp","href":"https:\/\/api.w.org\/{rel}","templated":true}]}}