{"id":5797,"date":"2020-12-03T10:15:57","date_gmt":"2020-12-03T10:15:57","guid":{"rendered":"https:\/\/www.clixtell.com\/?page_id=5797"},"modified":"2020-12-03T12:17:10","modified_gmt":"2020-12-03T12:17:10","slug":"protection-fraude-au-clic-automatise","status":"publish","type":"page","link":"https:\/\/www.clixtell.com\/fr\/protection-fraude-clic\/caracteristiques\/protection-fraude-au-clic-automatise\/","title":{"rendered":"Protection contre la Fraude au Clic Automatis\u00e9 | Logiciel contre la Fraude au clic | Clixtell"},"content":{"rendered":"\t<div class=\"container mob-marg\">\n\t\t<h1 style=\"color: #fff; margin-top:10vh\">Bloquez imm\u00e9diatement toutes les activit\u00e9s de clics invalides<\/h1>\n\t\t<h3 style=\"color: #fff; margin-top: 3vh;\">S\u00e9curisez vos campagnes de Google Ads &amp; Bing Ads avec notre <br>logiciel automatis\u00e9 de protection contre la fraude au clic.<\/h3>\n\t<\/div>\n<\/div>\n<\/div>\n<section class=\"container\" style=\"max-width: 897px; margin-top: 80px;\">\n\t<h1 style=\"color: #0080FF; text-align: center;\">Protection automatis\u00e9e contre la fraude au clic<\/h1>\n\t<div style=\"color: #000E4D; font-size: 16px; letter-spacing: 0.31px; line-height: 28px; margin-top: 35px;\"> Notre logiciel automatis\u00e9 de protection contre la fraude au clic vous offre une s\u00e9curit\u00e9 totale pour vos campagnes Google Ads &amp; Bing Ads. Nous savons que chaque entreprise est diff\u00e9rente, c&#8217;est pourquoi notre logiciel vous permet de d\u00e9finir le nombre de clics pay\u00e9s que vous autorisez pour chaque utilisateur, en combinaison avec notre apprentissage avanc\u00e9 de la machine \u00e0 fraude au clic. Clixtell est le seul fournisseur de logiciels qui vous permet d&#8217;appliquer imm\u00e9diatement et automatiquement des r\u00e8gles de s\u00e9curit\u00e9 illimit\u00e9es. En utilisant les pr\u00e9f\u00e9rences de s\u00e9curit\u00e9 de votre entreprise, nous pouvons prot\u00e9ger vos campagnes et votre budget Google Ads, ce qui vous permet d&#8217;\u00e9conomiser beaucoup d&#8217;argent.<br><br> \n En impl\u00e9mentant notre logiciel, vous pourrez recevoir des donn\u00e9es en direct sur votre tableau de bord analysant chaque adresse IP, identifiant unique de l&#8217;appareil, fournisseurs de services r\u00e9seau, fournisseurs VPN, g\u00e9olocalisation, mots cl\u00e9s, temps pass\u00e9 sur la page et plus encore, nous bloquons imm\u00e9diatement toute tentative d&#8217;attaque de vos campagnes Google Ads, emp\u00eachant ainsi l&#8217;attaquant de voir vos annonces payantes.<br><br>\n\n Nous sommes capable d&#8217;enregistrer tous les visiteurs de votre site web par vid\u00e9o, en recherchant les clics invalides. Nos param\u00e8tres ainsi que vos pr\u00e9f\u00e9rences priv\u00e9es pour votre entreprise vous offrent une protection compl\u00e8te pour vos campagnes de PPC, avec des informations non disponibles sur d&#8217;autres plateformes de d\u00e9tection et de protection contre la fraude.<br>\n Nos clients du monde entier signalent une augmentation spectaculaire de leur R.O.I. depuis qu&#8217;ils ont commenc\u00e9 \u00e0 utiliser Clixtell. Voici comment nous proc\u00e9dons :<br><br>\n\t<img decoding=\"async\" src=\"https:\/\/statics.clixtell.com\/wp-content\/uploads\/ic_arrow_forward_24px.svg\" style=\"padding:10px\">Fixez le nombre de clics pay\u00e9s que vous autorisez pour chaque visiteur<br>\n    <img decoding=\"async\" src=\"https:\/\/statics.clixtell.com\/wp-content\/uploads\/ic_arrow_forward_24px.svg\" style=\"padding:10px\">Nous d\u00e9tectons, surveillons, enregistrons et bloquons imm\u00e9diatement les activit\u00e9s non valables de vos campagnes PPC<br>\n    <img decoding=\"async\" src=\"https:\/\/statics.clixtell.com\/wp-content\/uploads\/ic_arrow_forward_24px.svg\" style=\"padding:10px\">Pr\u00e9venir et arr\u00eater automatiquement les escroqueries de Google Ads<br>\n    <img decoding=\"async\" src=\"https:\/\/statics.clixtell.com\/wp-content\/uploads\/ic_arrow_forward_24px.svg\" style=\"padding:10px\">Consultez et t\u00e9l\u00e9chargez des analyses de sites web et des rapports sur la fraude par clic<br>\n\t<\/div>\n<\/section>\n<div data-post-id=\"5601\" class=\"insert-page insert-page-5601 \"><section style=\"margin-top:105px; margin-bottom: 100px;\">\n\t<div class=\"center\">\n\t\t<h5> Activez votre protection antifraude par clic maintenant<\/h5>\n\t\t<div style=\"margin:auto; margin-top:20px;\">\n\t\t\t <a href=\"http:\/\/clixtell.com\/freetrial\/?plan=1\" class=\"bigbtn fullcfbtn\">Commencer un essai gratuit<\/a> <a href=\"http:\/\/clixtell.com\/book-a-demo\/\" class=\"bigbtn cfbtn\">Demander une d\u00e9mo<\/a>\n\t\t<\/div>\n\t<\/div>\n<\/section><\/div>","protected":false},"excerpt":{"rendered":"Bloquez imm\u00e9diatement toutes les activit\u00e9s de clics invalides S\u00e9curisez vos campagnes de Google Ads &amp; Bing Ads avec notre logiciel automatis\u00e9 de protection contre la fraude au clic. Protection automatis\u00e9e contre la fraude au clic Notre logiciel automatis\u00e9 de protection contre la fraude au clic vous offre une s\u00e9curit\u00e9 totale pour vos campagnes Google Ads [&hellip;]","protected":false},"author":1,"featured_media":0,"parent":5796,"menu_order":0,"comment_status":"closed","ping_status":"closed","template":"click-fraud.php","meta":{"footnotes":""},"class_list":["post-5797","page","type-page","status-publish","hentry"],"yoast_head":"<!-- This site is optimized with the Yoast SEO plugin v26.8 - https:\/\/yoast.com\/product\/yoast-seo-wordpress\/ -->\n<title>Protection contre la Fraude au Clic Automatis\u00e9 | Logiciel contre la Fraude au clic | Clixtell<\/title>\n<meta name=\"description\" content=\"Bloquez imm\u00e9diatement toute activit\u00e9 de clic invalide, s\u00e9curisez vos campagnes Google Ads &amp; Bing Ads avec notre logiciel de protection contre la fraude au clic automatis\u00e9.\" \/>\n<meta name=\"robots\" content=\"index, follow, max-snippet:-1, max-image-preview:large, max-video-preview:-1\" \/>\n<link rel=\"canonical\" href=\"https:\/\/www.clixtell.com\/fr\/protection-fraude-clic\/caracteristiques\/protection-fraude-au-clic-automatise\/\" \/>\n<meta property=\"og:locale\" content=\"fr_FR\" \/>\n<meta property=\"og:type\" content=\"article\" \/>\n<meta property=\"og:title\" content=\"Protection contre la Fraude au Clic Automatis\u00e9 | Logiciel contre la Fraude au clic | Clixtell\" \/>\n<meta property=\"og:description\" content=\"Bloquez imm\u00e9diatement toute activit\u00e9 de clic invalide, s\u00e9curisez vos campagnes Google Ads &amp; Bing Ads avec notre logiciel de protection contre la fraude au clic automatis\u00e9.\" \/>\n<meta property=\"og:url\" content=\"https:\/\/www.clixtell.com\/fr\/protection-fraude-clic\/caracteristiques\/protection-fraude-au-clic-automatise\/\" \/>\n<meta property=\"og:site_name\" content=\"Click Fraud Protection | Call Tracking | Website Video Recorder | Clixtell\u2122\" \/>\n<meta property=\"article:publisher\" content=\"http:\/\/facebook.com\/clixtell\" \/>\n<meta property=\"article:modified_time\" content=\"2020-12-03T12:17:10+00:00\" \/>\n<meta property=\"og:image\" content=\"https:\/\/statics.clixtell.com\/wp-content\/uploads\/ic_arrow_forward_24px.svg\" \/>\n<meta name=\"twitter:card\" content=\"summary_large_image\" \/>\n<meta name=\"twitter:site\" content=\"@clixtell\" \/>\n<meta name=\"twitter:label1\" content=\"Dur\u00e9e de lecture estim\u00e9e\" \/>\n\t<meta name=\"twitter:data1\" content=\"2 minutes\" \/>\n<!-- \/ Yoast SEO plugin. -->","yoast_head_json":{"title":"Protection contre la Fraude au Clic Automatis\u00e9 | Logiciel contre la Fraude au clic | Clixtell","description":"Bloquez imm\u00e9diatement toute activit\u00e9 de clic invalide, s\u00e9curisez vos campagnes Google Ads & Bing Ads avec notre logiciel de protection contre la fraude au clic automatis\u00e9.","robots":{"index":"index","follow":"follow","max-snippet":"max-snippet:-1","max-image-preview":"max-image-preview:large","max-video-preview":"max-video-preview:-1"},"canonical":"https:\/\/www.clixtell.com\/fr\/protection-fraude-clic\/caracteristiques\/protection-fraude-au-clic-automatise\/","og_locale":"fr_FR","og_type":"article","og_title":"Protection contre la Fraude au Clic Automatis\u00e9 | Logiciel contre la Fraude au clic | Clixtell","og_description":"Bloquez imm\u00e9diatement toute activit\u00e9 de clic invalide, s\u00e9curisez vos campagnes Google Ads & Bing Ads avec notre logiciel de protection contre la fraude au clic automatis\u00e9.","og_url":"https:\/\/www.clixtell.com\/fr\/protection-fraude-clic\/caracteristiques\/protection-fraude-au-clic-automatise\/","og_site_name":"Click Fraud Protection | Call Tracking | Website Video Recorder | Clixtell\u2122","article_publisher":"http:\/\/facebook.com\/clixtell","article_modified_time":"2020-12-03T12:17:10+00:00","og_image":[{"url":"https:\/\/statics.clixtell.com\/wp-content\/uploads\/ic_arrow_forward_24px.svg","type":"","width":"","height":""}],"twitter_card":"summary_large_image","twitter_site":"@clixtell","twitter_misc":{"Dur\u00e9e de lecture estim\u00e9e":"2 minutes"},"schema":{"@context":"https:\/\/schema.org","@graph":[{"@type":"WebPage","@id":"https:\/\/www.clixtell.com\/fr\/protection-fraude-clic\/caracteristiques\/protection-fraude-au-clic-automatise\/","url":"https:\/\/www.clixtell.com\/fr\/protection-fraude-clic\/caracteristiques\/protection-fraude-au-clic-automatise\/","name":"Protection contre la Fraude au Clic Automatis\u00e9 | Logiciel contre la Fraude au clic | Clixtell","isPartOf":{"@id":"https:\/\/www.clixtell.com\/fr\/#website"},"primaryImageOfPage":{"@id":"https:\/\/www.clixtell.com\/fr\/protection-fraude-clic\/caracteristiques\/protection-fraude-au-clic-automatise\/#primaryimage"},"image":{"@id":"https:\/\/www.clixtell.com\/fr\/protection-fraude-clic\/caracteristiques\/protection-fraude-au-clic-automatise\/#primaryimage"},"thumbnailUrl":"https:\/\/statics.clixtell.com\/wp-content\/uploads\/ic_arrow_forward_24px.svg","datePublished":"2020-12-03T10:15:57+00:00","dateModified":"2020-12-03T12:17:10+00:00","description":"Bloquez imm\u00e9diatement toute activit\u00e9 de clic invalide, s\u00e9curisez vos campagnes Google Ads & Bing Ads avec notre logiciel de protection contre la fraude au clic automatis\u00e9.","breadcrumb":{"@id":"https:\/\/www.clixtell.com\/fr\/protection-fraude-clic\/caracteristiques\/protection-fraude-au-clic-automatise\/#breadcrumb"},"inLanguage":"fr-FR","potentialAction":[{"@type":"ReadAction","target":["https:\/\/www.clixtell.com\/fr\/protection-fraude-clic\/caracteristiques\/protection-fraude-au-clic-automatise\/"]}]},{"@type":"ImageObject","inLanguage":"fr-FR","@id":"https:\/\/www.clixtell.com\/fr\/protection-fraude-clic\/caracteristiques\/protection-fraude-au-clic-automatise\/#primaryimage","url":"https:\/\/statics.clixtell.com\/wp-content\/uploads\/ic_arrow_forward_24px.svg","contentUrl":"https:\/\/statics.clixtell.com\/wp-content\/uploads\/ic_arrow_forward_24px.svg"},{"@type":"BreadcrumbList","@id":"https:\/\/www.clixtell.com\/fr\/protection-fraude-clic\/caracteristiques\/protection-fraude-au-clic-automatise\/#breadcrumb","itemListElement":[{"@type":"ListItem","position":1,"name":"Home","item":"https:\/\/www.clixtell.com\/fr\/"},{"@type":"ListItem","position":2,"name":"Clixtell | Logiciel de protection et d\u00e9tection de la fraude au clic","item":"https:\/\/www.clixtell.com\/fr\/protection-fraude-clic\/"},{"@type":"ListItem","position":3,"name":"Caract\u00e9ristiques Clixtell | Logiciel de protection et d\u00e9tection de fraude au clic","item":"https:\/\/www.clixtell.com\/fr\/protection-fraude-clic\/caracteristiques\/"},{"@type":"ListItem","position":4,"name":"Protection contre la Fraude au Clic Automatis\u00e9 | Logiciel contre la Fraude au clic | Clixtell"}]},{"@type":"WebSite","@id":"https:\/\/www.clixtell.com\/fr\/#website","url":"https:\/\/www.clixtell.com\/fr\/","name":"Click Fraud Protection | Call Tracking | Website Video Recorder | Clixtell\u2122","description":"Safe &amp; Sound Digital Marketing","publisher":{"@id":"https:\/\/www.clixtell.com\/fr\/#organization"},"potentialAction":[{"@type":"SearchAction","target":{"@type":"EntryPoint","urlTemplate":"https:\/\/www.clixtell.com\/fr\/?s={search_term_string}"},"query-input":{"@type":"PropertyValueSpecification","valueRequired":true,"valueName":"search_term_string"}}],"inLanguage":"fr-FR"},{"@type":"Organization","@id":"https:\/\/www.clixtell.com\/fr\/#organization","name":"Clixtell","url":"https:\/\/www.clixtell.com\/fr\/","logo":{"@type":"ImageObject","inLanguage":"fr-FR","@id":"https:\/\/www.clixtell.com\/fr\/#\/schema\/logo\/image\/","url":"https:\/\/www.clixtell.com\/wp-content\/uploads\/logoc.png","contentUrl":"https:\/\/www.clixtell.com\/wp-content\/uploads\/logoc.png","width":168,"height":43,"caption":"Clixtell"},"image":{"@id":"https:\/\/www.clixtell.com\/fr\/#\/schema\/logo\/image\/"},"sameAs":["http:\/\/facebook.com\/clixtell","https:\/\/x.com\/clixtell"]}]}},"_links":{"self":[{"href":"https:\/\/www.clixtell.com\/fr\/wp-json\/wp\/v2\/pages\/5797","targetHints":{"allow":["GET"]}}],"collection":[{"href":"https:\/\/www.clixtell.com\/fr\/wp-json\/wp\/v2\/pages"}],"about":[{"href":"https:\/\/www.clixtell.com\/fr\/wp-json\/wp\/v2\/types\/page"}],"author":[{"embeddable":true,"href":"https:\/\/www.clixtell.com\/fr\/wp-json\/wp\/v2\/users\/1"}],"replies":[{"embeddable":true,"href":"https:\/\/www.clixtell.com\/fr\/wp-json\/wp\/v2\/comments?post=5797"}],"version-history":[{"count":0,"href":"https:\/\/www.clixtell.com\/fr\/wp-json\/wp\/v2\/pages\/5797\/revisions"}],"up":[{"embeddable":true,"href":"https:\/\/www.clixtell.com\/fr\/wp-json\/wp\/v2\/pages\/5796"}],"wp:attachment":[{"href":"https:\/\/www.clixtell.com\/fr\/wp-json\/wp\/v2\/media?parent=5797"}],"curies":[{"name":"wp","href":"https:\/\/api.w.org\/{rel}","templated":true}]}}