{"id":5798,"date":"2020-12-03T10:24:51","date_gmt":"2020-12-03T10:24:51","guid":{"rendered":"https:\/\/www.clixtell.com\/?page_id=5798"},"modified":"2020-12-03T12:16:51","modified_gmt":"2020-12-03T12:16:51","slug":"integrations","status":"publish","type":"page","link":"https:\/\/www.clixtell.com\/fr\/integrations\/","title":{"rendered":"Int\u00e9grations | Clixtell"},"content":{"rendered":"<div class=\"general-header\">\n\t<div class=\"container d-none d-lg-block\" style=\"padding-top:80px\">\n\t\t<nav class=\"navbar navbar-expand-lg navbar-light\" style=\"border-top:1px solid white;margin-top:18px;\">\n\t\t    <!--button class=\"navbar-toggler\" type=\"button\" data-toggle=\"collapse\" data-target=\"#navbarNavAltMarkup\" aria-controls=\"navbarNavAltMarkup\" aria-expanded=\"false\" aria-label=\"Toggle navigation\">\n\t\t\t\t                <span class=\"navbar-toggler-icon\"><\/span>\n\t\t    <\/button-->\n\t\t \t<div class=\"navbar-collapse justify-content-end\">\n\t\t\t   <div class=\"navbar-nav\" style=\"position:relative;\">\n\t\t\t\t\t<a class=\"nav-item nav-link\" href=\"https:\/\/www.clixtell.com\/blog\/\">Blog<\/a>\t\t\n\t\t\t        <a class=\"nav-item nav-link\" href=\"https:\/\/www.clixtell.com\/fr\/integrations\/\">Int\u00e9grations<\/a>\n\t\t\t        <a class=\"nav-item nav-link\" href=\"https:\/\/www.clixtell.com\/fr\/contact-2__trashed\/\">Nous contacter<\/a>\n\t\t\t   <\/div>\n\t\t\t<\/div>\n\t\t<\/nav>\n\t<\/div>\n\t<div class=\"container header\">\n\t\t<div class=\"row\">\n\t\t\t<div class=\"col-md-6 mob-marg int-mob\">\n\t\t\t\t<h1 style=\"color: #fff; text-align: left; font-weight: 500; letter-spacing: 0.42px; line-height: 53px; margin-top:5vh\"> Int\u00e9grez Clixtell \u00e0 vos outils pr\u00e9f\u00e9r\u00e9s<\/h1>\n\t\t\t\t<h3 style=\"color: #FFFFFF; font-size: 22px; letter-spacing: 0.55px; line-height: 37px;font-weight:400;\">Tirez le meilleur parti de vos applications.<\/h3>\n\t\t\t<\/div>\n\t\t\t<div class=\"col-md-6 mob-pad d-none d-md-block\" style=\"text-align: center\">\n\t\t\t\t<img decoding=\"async\" src=\"https:\/\/statics.clixtell.com\/wp-content\/uploads\/itegrations@3x.png\" class=\"mob-img\">\n\t\t\t<\/div>\n\t\t<\/div>\n\t<\/div>\n<\/div>\n<section style=\"margin-top: 120px;  \">\n\t<h1 style=\"color: #53AAFF; font-size: 35px; font-weight: 500; letter-spacing: 0.48px; line-height: 53px; text-align: center;\">Nos Int\u00e9grations<\/h1>\n\t<div class=\"container\">\n\t\t<div class=\"row\">\n\t\t\t<div class=\"col-md-6\">\n\t\t\t\t<img decoding=\"async\" src=\"https:\/\/statics.clixtell.com\/wp-content\/uploads\/Group-6-Copy-4.png\">\n\t\t\t\t<h2>Int\u00e9gration Google Ads<\/h2>\n\t\t\t\t<p>Clixtell s&#8217;int\u00e8gre directement aux serveurs de Google Ads via l&#8217;API. Nous sommes un partenaire Google certifi\u00e9. Pour int\u00e9grer votre compte : <\/p>\n\t\t\t\t<div class=\"row\">\n\t\t\t\t\t<div class=\"col-sm-1\"><h2>01<\/h2><\/div>\n\t\t\t\t\t<div class=\"col-sm-11\"><p>Sur notre tableau de bord, allez \u00e0 Param\u00e8tres -&gt; Scripts &amp; Int\u00e9grations\n -&gt; Lien du compte. <br>\n Veuillez vous assurer que les bloqueurs de pop-up sont d\u00e9sactiv\u00e9s pour cette page. Google ouvrira une fen\u00eatre pop-up, dans laquelle veuillez vous assurer que le navigateur est connect\u00e9 au bon compte Google Ads.<\/p><\/div>\n\t\t\t\t<\/div>\n\t\t\t\t<div class=\"row\">\n\t\t\t\t\t<div class=\"col-sm-1\"><h2>02<\/h2><\/div>\n\t\t\t\t\t<div class=\"col-sm-11\"><p>Cliquez sur Autoriser, puis sur &#8220;D\u00e9finir le mod\u00e8le de suivi et l&#8217;\u00e9tiquetage automatique&#8221;. Une fois que vous obtenez 2 v\u00e9rifications sur cette page, l&#8217;int\u00e9gration de Google est termin\u00e9e.<\/p><\/div>\n\t\t\t\t<\/div>\n\t\t\t<\/div>\n\t\t\t<div class=\"col-md-6\">\n\t\t\t\t<img decoding=\"async\" src=\"https:\/\/statics.clixtell.com\/wp-content\/uploads\/Group-7.png\" class=\"d-none d-md-block mob-img\" style=\"position: absolute; right: -50px; margin-top:100px;\">\n\t\t\t<\/div>\n\t\t<\/div>\n\t<\/div>\n\t<div class=\"container\" style=\"margin-top: 200px\">\n\t\t<div class=\"row\">\n\t\t\t<div class=\"col-md-6\">\n\t\t\t\t<img decoding=\"async\" src=\"https:\/\/statics.clixtell.com\/wp-content\/uploads\/Group-8.png\" class=\"d-none d-md-block mob-img\" style=\"position: absolute; left:-50px; margin-top:100px;\">\n\t\t\t<\/div>\n\t\t\t<div class=\"col-md-6\">\n\t\t\t\t<img decoding=\"async\" src=\"https:\/\/statics.clixtell.com\/wp-content\/uploads\/Group-6-Copy-8.png\">\n\t\t\t\t<h2>Int\u00e9gration Google Analytics<\/h2>\n\t\t\t\t<p>L&#8217;utilisation de Clixtell avec l&#8217;int\u00e9gration de Google Analytics vous permettra de signaler les appels \u00e0 Analytics comme des conversions. Pour int\u00e9grer votre compte :<\/p>\n\t\t\t\t<div class=\"row\">\n\t\t\t\t\t<div class=\"col-sm-1\"><h2>01<\/h2><\/div>\n\t\t\t\t\t<div class=\"col-sm-11\"><p>Dans votre compte Analytics, cliquez sur &#8220;Admin&#8221;.<\/p><\/div>\n\t\t\t\t<\/div>\n\t\t\t\t<div class=\"row\">\n\t\t\t\t\t<div class=\"col-sm-1\"><h2>02<\/h2><\/div>\n\t\t\t\t\t<div class=\"col-sm-11\"><p>Cliquez sur &#8220;Objectifs&#8221; et ensuite sur &#8220;+ Nouvel objectif&#8221;.<\/p><\/div>\n\t\t\t\t<\/div>\n\t\t\t\t<div class=\"row\">\n\t\t\t\t\t<div class=\"col-sm-1\"><h2>03<\/h2><\/div>\n\t\t\t\t\t<div class=\"col-sm-11\"><p>Appliquez les param\u00e8tres suivants \u00e0 votre nouvel objectif :<br>\n Mise en place des objectifs : Personnalisation \n Type : Ev\u00e8nement Ev\u00e8nement \n Cat\u00e9gorie : Appels<\/p><\/div>\n\t\t\t\t<\/div>\n\t\t\t\t<div class=\"row\">\n\t\t\t\t\t<div class=\"col-sm-1\"><h2>04<\/h2><\/div>\n\t\t\t\t\t<div class=\"col-sm-11\"><p>Sauvez votre nouvel objectif et c&#8217;est tout ! Tous les appels (en ligne et hors ligne) seront signal\u00e9s \u00e0 Analytics.<\/p><\/div>\n\t\t\t\t<\/div>\n\t\t\t<\/div>\t\t\n\t\t<\/div>\n\t\t<div class=\"container\" style=\"margin-top: 200px\">\n\t\t\t<div class=\"row\">\n\t\t\t\t<div class=\"col-md-6\">\n\t\t\t\t\t<img decoding=\"async\" src=\"https:\/\/statics.clixtell.com\/wp-content\/uploads\/Group-6-Copy-9.png\">\n\t\t\t\t\t<h2>Plugin WordPress<\/h2>\n\t\t\t\t\t<p>Installer le script de suivi de Clxitell sur votre site web est facile, et encore plus facile si votre site web est construit sur WordPress ! <\/p>\n\t\t\t\t\t<div class=\"row\">\n\t\t\t\t\t\t<div class=\"col-sm-1\"><h2>01<\/h2><\/div>\n\t\t\t\t\t\t<div class=\"col-sm-11\"><p>T\u00e9l\u00e9chargez notre plugin ici : clixtell-wp <br>\n\t\t\t\t\t\t<\/p><\/div>\n\t\t\t\t\t<\/div>\n\t\t\t\t\t<div class=\"row\">\n\t\t\t\t\t\t<div class=\"col-sm-1\"><h2>02<\/h2><\/div>\n\t\t\t\t\t\t<div class=\"col-sm-11\"><p>Dans le panneau d&#8217;administration de WordPress, allez \u00e0 Plugins &gt; Nouveau <br>T\u00e9l\u00e9charger &amp; Activer et voil\u00e0 ! <br>Commencez \u00e0 suivre chaque visiteur et appelant sur votre site web.<\/p><\/div>\n\t\t\t\t\t<\/div>\n\t\t\t\t<\/div>\n\t\t\t\t<div class=\"col-md-6\">\n\t\t\t\t\t<img decoding=\"async\" src=\"https:\/\/statics.clixtell.com\/wp-content\/uploads\/Group-9.png\" style=\"position: absolute; right:-50px;\" class=\"mob-img d-none d-md-block\">\n\t\t\t\t<\/div>\n\t\t\t<\/div>\n\t\t<\/div>\n\t\t<div class=\"container\" style=\"margin-top: 200px; margin-bottom:350px\">\n\t\t\t<div class=\"row\">\n\t\t\t\t<div class=\"col-md-6\">\n\t\t\t\t\t<img decoding=\"async\" src=\"https:\/\/statics.clixtell.com\/wp-content\/uploads\/Group-10.png\" style=\"position: absolute; left:-50px;\" class=\"d-none d-md-block mob-img\">\n\t\t\t\t<\/div>\n\t\t\t\t<div class=\"col-md-6\">\n\t\t\t\t\t<img decoding=\"async\" src=\"https:\/\/statics.clixtell.com\/wp-content\/uploads\/Group-6-Copy-10.png\">\n\t\t\t\t\t<h2>Int\u00e9gration Zapier<\/h2>\n\t\t\t\t\t<div class=\"row\">\n\t\t\t\t\t\t<div class=\"col-md-12\">\n\t\t\t\t\t\t\t<p>Int\u00e9grez les donn\u00e9es Clixtell \u00e0 plus de 500 applications \u00e0 l&#8217;aide de Zapier.<\/p>\n\t\t\t\t\t\t<\/div>\n\t\t\t\t\t<\/div>\n\t\t\t\t<\/div>\t\t\n\t\t\t<\/div>\n\t\t<\/div>\n\t<\/div>\n<\/section>","protected":false},"excerpt":{"rendered":"Blog Int\u00e9grations Nous contacter Int\u00e9grez Clixtell \u00e0 vos outils pr\u00e9f\u00e9r\u00e9s Tirez le meilleur parti de vos applications. Nos Int\u00e9grations Int\u00e9gration Google Ads Clixtell s&#8217;int\u00e8gre directement aux serveurs de Google Ads via l&#8217;API. Nous sommes un partenaire Google certifi\u00e9. Pour int\u00e9grer votre compte : 01 Sur notre tableau de bord, allez \u00e0 Param\u00e8tres -&gt; Scripts &amp; [&hellip;]","protected":false},"author":1,"featured_media":0,"parent":0,"menu_order":0,"comment_status":"closed","ping_status":"closed","template":"","meta":{"footnotes":""},"class_list":["post-5798","page","type-page","status-publish","hentry"],"yoast_head":"<!-- This site is optimized with the Yoast SEO plugin v26.8 - https:\/\/yoast.com\/product\/yoast-seo-wordpress\/ -->\n<title>Int\u00e9grations | Clixtell<\/title>\n<meta name=\"description\" content=\"Int\u00e9grez Clixtell \u00e0 vos applications pr\u00e9f\u00e9r\u00e9es et tirez le meilleur parti de vos applications.\" \/>\n<meta name=\"robots\" content=\"index, follow, max-snippet:-1, max-image-preview:large, max-video-preview:-1\" \/>\n<link rel=\"canonical\" href=\"https:\/\/www.clixtell.com\/fr\/integrations\/\" \/>\n<meta property=\"og:locale\" content=\"fr_FR\" \/>\n<meta property=\"og:type\" content=\"article\" \/>\n<meta property=\"og:title\" content=\"Int\u00e9grations | Clixtell\" \/>\n<meta property=\"og:description\" content=\"Int\u00e9grez Clixtell \u00e0 vos applications pr\u00e9f\u00e9r\u00e9es et tirez le meilleur parti de vos applications.\" \/>\n<meta property=\"og:url\" content=\"https:\/\/www.clixtell.com\/fr\/integrations\/\" \/>\n<meta property=\"og:site_name\" content=\"Click Fraud Protection | Call Tracking | Website Video Recorder | Clixtell\u2122\" \/>\n<meta property=\"article:publisher\" content=\"http:\/\/facebook.com\/clixtell\" \/>\n<meta property=\"article:modified_time\" content=\"2020-12-03T12:16:51+00:00\" \/>\n<meta property=\"og:image\" content=\"https:\/\/statics.clixtell.com\/wp-content\/uploads\/itegrations@3x.png\" \/>\n<meta name=\"twitter:card\" content=\"summary_large_image\" \/>\n<meta name=\"twitter:site\" content=\"@clixtell\" \/>\n<meta name=\"twitter:label1\" content=\"Dur\u00e9e de lecture estim\u00e9e\" \/>\n\t<meta name=\"twitter:data1\" content=\"1 minute\" \/>\n<!-- \/ Yoast SEO plugin. -->","yoast_head_json":{"title":"Int\u00e9grations | Clixtell","description":"Int\u00e9grez Clixtell \u00e0 vos applications pr\u00e9f\u00e9r\u00e9es et tirez le meilleur parti de vos applications.","robots":{"index":"index","follow":"follow","max-snippet":"max-snippet:-1","max-image-preview":"max-image-preview:large","max-video-preview":"max-video-preview:-1"},"canonical":"https:\/\/www.clixtell.com\/fr\/integrations\/","og_locale":"fr_FR","og_type":"article","og_title":"Int\u00e9grations | Clixtell","og_description":"Int\u00e9grez Clixtell \u00e0 vos applications pr\u00e9f\u00e9r\u00e9es et tirez le meilleur parti de vos applications.","og_url":"https:\/\/www.clixtell.com\/fr\/integrations\/","og_site_name":"Click Fraud Protection | Call Tracking | Website Video Recorder | Clixtell\u2122","article_publisher":"http:\/\/facebook.com\/clixtell","article_modified_time":"2020-12-03T12:16:51+00:00","og_image":[{"url":"https:\/\/statics.clixtell.com\/wp-content\/uploads\/itegrations@3x.png","type":"","width":"","height":""}],"twitter_card":"summary_large_image","twitter_site":"@clixtell","twitter_misc":{"Dur\u00e9e de lecture estim\u00e9e":"1 minute"},"schema":{"@context":"https:\/\/schema.org","@graph":[{"@type":"WebPage","@id":"https:\/\/www.clixtell.com\/fr\/integrations\/","url":"https:\/\/www.clixtell.com\/fr\/integrations\/","name":"Int\u00e9grations | Clixtell","isPartOf":{"@id":"https:\/\/www.clixtell.com\/fr\/#website"},"primaryImageOfPage":{"@id":"https:\/\/www.clixtell.com\/fr\/integrations\/#primaryimage"},"image":{"@id":"https:\/\/www.clixtell.com\/fr\/integrations\/#primaryimage"},"thumbnailUrl":"https:\/\/statics.clixtell.com\/wp-content\/uploads\/itegrations@3x.png","datePublished":"2020-12-03T10:24:51+00:00","dateModified":"2020-12-03T12:16:51+00:00","description":"Int\u00e9grez Clixtell \u00e0 vos applications pr\u00e9f\u00e9r\u00e9es et tirez le meilleur parti de vos applications.","breadcrumb":{"@id":"https:\/\/www.clixtell.com\/fr\/integrations\/#breadcrumb"},"inLanguage":"fr-FR","potentialAction":[{"@type":"ReadAction","target":["https:\/\/www.clixtell.com\/fr\/integrations\/"]}]},{"@type":"ImageObject","inLanguage":"fr-FR","@id":"https:\/\/www.clixtell.com\/fr\/integrations\/#primaryimage","url":"https:\/\/statics.clixtell.com\/wp-content\/uploads\/itegrations@3x.png","contentUrl":"https:\/\/statics.clixtell.com\/wp-content\/uploads\/itegrations@3x.png"},{"@type":"BreadcrumbList","@id":"https:\/\/www.clixtell.com\/fr\/integrations\/#breadcrumb","itemListElement":[{"@type":"ListItem","position":1,"name":"Home","item":"https:\/\/www.clixtell.com\/fr\/"},{"@type":"ListItem","position":2,"name":"Int\u00e9grations | Clixtell"}]},{"@type":"WebSite","@id":"https:\/\/www.clixtell.com\/fr\/#website","url":"https:\/\/www.clixtell.com\/fr\/","name":"Click Fraud Protection | Call Tracking | Website Video Recorder | Clixtell\u2122","description":"Safe &amp; Sound Digital Marketing","publisher":{"@id":"https:\/\/www.clixtell.com\/fr\/#organization"},"potentialAction":[{"@type":"SearchAction","target":{"@type":"EntryPoint","urlTemplate":"https:\/\/www.clixtell.com\/fr\/?s={search_term_string}"},"query-input":{"@type":"PropertyValueSpecification","valueRequired":true,"valueName":"search_term_string"}}],"inLanguage":"fr-FR"},{"@type":"Organization","@id":"https:\/\/www.clixtell.com\/fr\/#organization","name":"Clixtell","url":"https:\/\/www.clixtell.com\/fr\/","logo":{"@type":"ImageObject","inLanguage":"fr-FR","@id":"https:\/\/www.clixtell.com\/fr\/#\/schema\/logo\/image\/","url":"https:\/\/www.clixtell.com\/wp-content\/uploads\/logoc.png","contentUrl":"https:\/\/www.clixtell.com\/wp-content\/uploads\/logoc.png","width":168,"height":43,"caption":"Clixtell"},"image":{"@id":"https:\/\/www.clixtell.com\/fr\/#\/schema\/logo\/image\/"},"sameAs":["http:\/\/facebook.com\/clixtell","https:\/\/x.com\/clixtell"]}]}},"_links":{"self":[{"href":"https:\/\/www.clixtell.com\/fr\/wp-json\/wp\/v2\/pages\/5798","targetHints":{"allow":["GET"]}}],"collection":[{"href":"https:\/\/www.clixtell.com\/fr\/wp-json\/wp\/v2\/pages"}],"about":[{"href":"https:\/\/www.clixtell.com\/fr\/wp-json\/wp\/v2\/types\/page"}],"author":[{"embeddable":true,"href":"https:\/\/www.clixtell.com\/fr\/wp-json\/wp\/v2\/users\/1"}],"replies":[{"embeddable":true,"href":"https:\/\/www.clixtell.com\/fr\/wp-json\/wp\/v2\/comments?post=5798"}],"version-history":[{"count":0,"href":"https:\/\/www.clixtell.com\/fr\/wp-json\/wp\/v2\/pages\/5798\/revisions"}],"wp:attachment":[{"href":"https:\/\/www.clixtell.com\/fr\/wp-json\/wp\/v2\/media?parent=5798"}],"curies":[{"name":"wp","href":"https:\/\/api.w.org\/{rel}","templated":true}]}}