{"id":5799,"date":"2020-12-07T20:58:00","date_gmt":"2020-12-07T20:58:00","guid":{"rendered":"https:\/\/www.clixtell.com\/?page_id=5799"},"modified":"2020-12-07T20:58:00","modified_gmt":"2020-12-07T20:58:00","slug":"agences","status":"publish","type":"page","link":"https:\/\/www.clixtell.com\/fr\/agences\/","title":{"rendered":"Programme des agences de Clixtell | Obtenez de meilleurs r\u00e9sultats pour vos clients"},"content":{"rendered":"<div class=\"general-header\">\n\t<div class=\"container\">\n\t\t<div class=\"row\" style=\"padding-top: 15%\">\n\t\t\t<div class=\"col-lg-8 mob-marg\">\n\t\t\t\t<h1 style=\"color: #fff; margin-top:5vh\">Devenez partenaire de l&#8217;agence de marketing Clixtell,<br>Obtenez de meilleurs r\u00e9sultats pour vos clients.<\/h1>\n\t\t\t\t<h3 style=\"color: #FFFFFF; margin-top: 3vh;\">Plans volumineux et solutions sur mesure.<\/h3>\n\t\t\t<\/div>\n\t\t\t<div class=\"col-lg-4\" style=\"text-align: center\">\n\t\t\t\t<img decoding=\"async\" src=\"https:\/\/statics.clixtell.com\/wp-content\/uploads\/itegrations@3x-1.png\" alt=\"easily integrate Clixtell\" style=\"position: relative;\" class=\"img-fluid\">\n\t\t\t<\/div>\n\t\t<\/div>\n\t<\/div>\n<\/div>\n<section style=\"margin-top: 80px;  \">\n\t<h1 style=\"color: #53AAFF; text-align: center;\">Notre programmes pour les agences<\/h1>\n\t<div class=\"container\" style=\"margin-top: 120px\">\n\t\t<div class=\"row\">\n\t\t\t<div class=\"col-md-6\">\n\t\t\t\t<img decoding=\"async\" src=\"https:\/\/statics.clixtell.com\/wp-content\/uploads\/Group-6.png\" alt=\"clixtell live dashboard\" class=\"d-none d-md-block mob-img\" style=\"position: relative; left:-150px; top: -70px\">\n\t\t\t<\/div>\n\t\t\t<div class=\"col-md-6\">\n\t\t\t\t<h2>Qui nous sommes<\/h2>\n\t\t\t\t<p>Clixtell est une soci\u00e9t\u00e9 professionnelle SaaS bien \u00e9tablie, sp\u00e9cialis\u00e9e dans la pr\u00e9vention de la fraude aux clics, le suivi des appels et l&#8217;enregistrement vid\u00e9o de sites web. \n Nos ant\u00e9c\u00e9dents et nos ann\u00e9es d&#8217;exp\u00e9rience nous ont amen\u00e9s \u00e0 d\u00e9velopper des logiciels de pointe offrant des solutions avanc\u00e9es adapt\u00e9es \u00e0 tous les types d&#8217;entreprises.<\/p>\n\t\t\t<\/div>\t\t\n\t\t<\/div>\n\t<\/div>\n<\/section>\n<section class=\"offer-back\">\n\t<div class=\"container\" style=\"padding-top: 100px\">\n\t\t<div class=\"row\">\n\t\t\t<div class=\"col-md-7\">\n\t\t\t\t<h2>Ce que nous offrons<\/h2>\n\t\t\t\t<p>Nous proposons aux agences de marketing num\u00e9rique des plans \u00e0 grand volume, rentables, flexibles et personnalis\u00e9s en fonction des besoins de chaque agence et des exigences fond\u00e9es sur l&#8217;expertise du client. Nos propositions attrayantes vous fourniront des logiciels avanc\u00e9s qui vous garantiront une protection totale contre la fraude au clic, ainsi que des outils de suivi et de contr\u00f4le du plus haut niveau.<br><br>\n Dans un monde o\u00f9 tout est question de performances, de conversions et de r\u00e9sultats, un monde o\u00f9 vous devez toujours \u00eatre au top et o\u00f9 vous pensez d\u00e9j\u00e0 bien faire, c&#8217;est Clixtell qui peut vous pousser \u00e0 \u00eatre encore plus performant, \u00e0 obtenir de meilleurs r\u00e9sultats que jamais et \u00e0 le prouver \u00e0 chacun de vos clients.<\/p>\n\t\t\t<\/div>\t\n\t\t\t<div class=\"col-md-4 col-lg-offset-1\">\n\t\t\t\t<img decoding=\"async\" src=\"https:\/\/statics.clixtell.com\/wp-content\/uploads\/click-fraud-3.png\" alt=\"click fraud protection dashboard\" class=\"d-none d-md-block\" style=\"position: relative; right:-50px;\">\n\t\t\t<\/div>\n\t\t<\/div>\n\t<\/div>\n<\/section>\n<section style=\"margin-top: 80px;\">\n\t<div class=\"container\">\n\t\t<h1 style=\"color: #53AAFF; text-align: center; padding-bottom: 25px;\">Nos plans d&#8217;agence<\/h1>\n\t\t<p style=\"text-align: center; margin-bottom: 55px;\">Con\u00e7u pour les agences et les sp\u00e9cialistes du marketing num\u00e9rique. <br>Nos plans flexibles sont con\u00e7us pour s&#8217;adapter \u00e0 la p\u00e9rennit\u00e9 des projets de vos clients. <\/p>\n\t\t<img decoding=\"async\" src=\"https:\/\/statics.clixtell.com\/wp-content\/uploads\/Fill-1-1.png\" alt=\"click fraud protection features\" class=\"d-none d-md-block\" style=\"  left: -130px; top: 130px; position: absolute; z-index: -1;\">\n\t\t<div class=\"row agency-box\">\n\t\t\t<div class=\"col-md-4\">\n\t\t\t\t<p style=\"color: #000E4D; font-size: 15px; font-weight: 500; letter-spacing: 0.28px; line-height: 35px;\">Gestion de domaines multiples <br> B\u00e9n\u00e9ficier de rabais de volume \u00e9chelonn\u00e9s<br>Prouver l&#8217;effort \u00e0 vos clients \n\t\t\t<\/div>\n\t\t\t<div class=\"col-md-4\">\n\t\t\t\t<p style=\"color: #000E4D; font-size: 15px; font-weight: 500; letter-spacing: 0.28px; line-height: 35px;\">Prot\u00e9ger vos clients de campagnes PPC <br> Suivi des appels et des conversions <br>Optimiser les campagnes, obtenir de meilleurs r\u00e9sultats \n\t\t\t<\/div>\n\t\t\t<div class=\"col-md-4\">\n\t\t\t\t<p style=\"color: #000E4D; font-size: 15px; font-weight: 500; letter-spacing: 0.28px; line-height: 35px;\">Se d\u00e9marquer de la concurrence <br> Economisez votre temps et votre budget <br>Obtenir des rapports d\u00e9taill\u00e9s personnalis\u00e9s\n\n\t\t\t<\/div>\n\t\t<\/div>\n\t\t<img decoding=\"async\" src=\"https:\/\/statics.clixtell.com\/wp-content\/uploads\/cf-fill-right.png\" alt=\"click fraud background\" class=\"d-none d-lg-block\" style=\"  right: -500px; top: 50px; position: absolute; z-index: -1;\">\n\t<\/div>\n<\/section>\n<section style=\"margin-top: 200px; padding-bottom: 150px;\">\n\t<div class=\"container\" style=\"text-align: center;\">\n\t\t<h2>Parlez-nous !<\/h2>\n\t\t<p style=\"margin-top: 20px\">Nous nous ferons un plaisir de r\u00e9pondre \u00e0 vos questions et demandes, de vous rencontrer, afin de vous expliquer plus en d\u00e9tail<br> comment Clixtell pourrait faire \u00e9voluer votre entreprise gr\u00e2ce \u00e0 une offre simple que vous trouverez s\u00fbrement int\u00e9ressante.<\/p>\n\t\t<div class=\"col-lg-12\" style=\"margin-top: 40px;\">\n\t\t\t<a class=\"fullgbtn bigbtn\" href=\"https:\/\/www.clixtell.com\/fr\/reserve-une-demo\/\">\n Demander une d\u00e9mo\n\t\t\t<\/a>\n\t\t\t<a class=\"cfbtn bigbtn\" href=\"https:\/\/www.clixtell.com\/fr\/contact-2__trashed\/\">\n Nous contacter\n\t\t\t<\/a>\n\t\t<\/div>\n\t<\/div>\n<\/section>","protected":false},"excerpt":{"rendered":"Devenez partenaire de l&#8217;agence de marketing Clixtell,Obtenez de meilleurs r\u00e9sultats pour vos clients. Plans volumineux et solutions sur mesure. Notre programmes pour les agences Qui nous sommes Clixtell est une soci\u00e9t\u00e9 professionnelle SaaS bien \u00e9tablie, sp\u00e9cialis\u00e9e dans la pr\u00e9vention de la fraude aux clics, le suivi des appels et l&#8217;enregistrement vid\u00e9o de sites web. Nos [&hellip;]","protected":false},"author":1,"featured_media":0,"parent":0,"menu_order":0,"comment_status":"closed","ping_status":"closed","template":"","meta":{"footnotes":""},"class_list":["post-5799","page","type-page","status-publish","hentry"],"yoast_head":"<!-- This site is optimized with the Yoast SEO plugin v26.8 - https:\/\/yoast.com\/product\/yoast-seo-wordpress\/ -->\n<title>Programme des agences de Clixtell | Obtenez de meilleurs r\u00e9sultats pour vos clients<\/title>\n<meta name=\"description\" content=\"Devenez partenaire de l&#039;agence de marketing Clixtell. Obtenez de meilleurs r\u00e9sultats pour vos clients. Plans \u00e0 grand volume et solutions sur mesure.\" \/>\n<meta name=\"robots\" content=\"index, follow, max-snippet:-1, max-image-preview:large, max-video-preview:-1\" \/>\n<link rel=\"canonical\" href=\"https:\/\/www.clixtell.com\/fr\/agences\/\" \/>\n<meta property=\"og:locale\" content=\"fr_FR\" \/>\n<meta property=\"og:type\" content=\"article\" \/>\n<meta property=\"og:title\" content=\"Programme des agences de Clixtell | Obtenez de meilleurs r\u00e9sultats pour vos clients\" \/>\n<meta property=\"og:description\" content=\"Devenez partenaire de l&#039;agence de marketing Clixtell. Obtenez de meilleurs r\u00e9sultats pour vos clients. Plans \u00e0 grand volume et solutions sur mesure.\" \/>\n<meta property=\"og:url\" content=\"https:\/\/www.clixtell.com\/fr\/agences\/\" \/>\n<meta property=\"og:site_name\" content=\"Click Fraud Protection | Call Tracking | Website Video Recorder | Clixtell\u2122\" \/>\n<meta property=\"article:publisher\" content=\"http:\/\/facebook.com\/clixtell\" \/>\n<meta property=\"og:image\" content=\"https:\/\/statics.clixtell.com\/wp-content\/uploads\/itegrations@3x-1.png\" \/>\n<meta name=\"twitter:card\" content=\"summary_large_image\" \/>\n<meta name=\"twitter:site\" content=\"@clixtell\" \/>\n<meta name=\"twitter:label1\" content=\"Dur\u00e9e de lecture estim\u00e9e\" \/>\n\t<meta name=\"twitter:data1\" content=\"2 minutes\" \/>\n<!-- \/ Yoast SEO plugin. -->","yoast_head_json":{"title":"Programme des agences de Clixtell | Obtenez de meilleurs r\u00e9sultats pour vos clients","description":"Devenez partenaire de l'agence de marketing Clixtell. Obtenez de meilleurs r\u00e9sultats pour vos clients. Plans \u00e0 grand volume et solutions sur mesure.","robots":{"index":"index","follow":"follow","max-snippet":"max-snippet:-1","max-image-preview":"max-image-preview:large","max-video-preview":"max-video-preview:-1"},"canonical":"https:\/\/www.clixtell.com\/fr\/agences\/","og_locale":"fr_FR","og_type":"article","og_title":"Programme des agences de Clixtell | Obtenez de meilleurs r\u00e9sultats pour vos clients","og_description":"Devenez partenaire de l'agence de marketing Clixtell. Obtenez de meilleurs r\u00e9sultats pour vos clients. Plans \u00e0 grand volume et solutions sur mesure.","og_url":"https:\/\/www.clixtell.com\/fr\/agences\/","og_site_name":"Click Fraud Protection | Call Tracking | Website Video Recorder | Clixtell\u2122","article_publisher":"http:\/\/facebook.com\/clixtell","og_image":[{"url":"https:\/\/statics.clixtell.com\/wp-content\/uploads\/itegrations@3x-1.png","type":"","width":"","height":""}],"twitter_card":"summary_large_image","twitter_site":"@clixtell","twitter_misc":{"Dur\u00e9e de lecture estim\u00e9e":"2 minutes"},"schema":{"@context":"https:\/\/schema.org","@graph":[{"@type":"WebPage","@id":"https:\/\/www.clixtell.com\/fr\/agences\/","url":"https:\/\/www.clixtell.com\/fr\/agences\/","name":"Programme des agences de Clixtell | Obtenez de meilleurs r\u00e9sultats pour vos clients","isPartOf":{"@id":"https:\/\/www.clixtell.com\/fr\/#website"},"primaryImageOfPage":{"@id":"https:\/\/www.clixtell.com\/fr\/agences\/#primaryimage"},"image":{"@id":"https:\/\/www.clixtell.com\/fr\/agences\/#primaryimage"},"thumbnailUrl":"https:\/\/statics.clixtell.com\/wp-content\/uploads\/itegrations@3x-1.png","datePublished":"2020-12-07T20:58:00+00:00","description":"Devenez partenaire de l'agence de marketing Clixtell. Obtenez de meilleurs r\u00e9sultats pour vos clients. Plans \u00e0 grand volume et solutions sur mesure.","breadcrumb":{"@id":"https:\/\/www.clixtell.com\/fr\/agences\/#breadcrumb"},"inLanguage":"fr-FR","potentialAction":[{"@type":"ReadAction","target":["https:\/\/www.clixtell.com\/fr\/agences\/"]}]},{"@type":"ImageObject","inLanguage":"fr-FR","@id":"https:\/\/www.clixtell.com\/fr\/agences\/#primaryimage","url":"https:\/\/statics.clixtell.com\/wp-content\/uploads\/itegrations@3x-1.png","contentUrl":"https:\/\/statics.clixtell.com\/wp-content\/uploads\/itegrations@3x-1.png"},{"@type":"BreadcrumbList","@id":"https:\/\/www.clixtell.com\/fr\/agences\/#breadcrumb","itemListElement":[{"@type":"ListItem","position":1,"name":"Home","item":"https:\/\/www.clixtell.com\/fr\/"},{"@type":"ListItem","position":2,"name":"Programme des agences de Clixtell | Obtenez de meilleurs r\u00e9sultats pour vos clients"}]},{"@type":"WebSite","@id":"https:\/\/www.clixtell.com\/fr\/#website","url":"https:\/\/www.clixtell.com\/fr\/","name":"Click Fraud Protection | Call Tracking | Website Video Recorder | Clixtell\u2122","description":"Safe &amp; Sound Digital Marketing","publisher":{"@id":"https:\/\/www.clixtell.com\/fr\/#organization"},"potentialAction":[{"@type":"SearchAction","target":{"@type":"EntryPoint","urlTemplate":"https:\/\/www.clixtell.com\/fr\/?s={search_term_string}"},"query-input":{"@type":"PropertyValueSpecification","valueRequired":true,"valueName":"search_term_string"}}],"inLanguage":"fr-FR"},{"@type":"Organization","@id":"https:\/\/www.clixtell.com\/fr\/#organization","name":"Clixtell","url":"https:\/\/www.clixtell.com\/fr\/","logo":{"@type":"ImageObject","inLanguage":"fr-FR","@id":"https:\/\/www.clixtell.com\/fr\/#\/schema\/logo\/image\/","url":"https:\/\/www.clixtell.com\/wp-content\/uploads\/logoc.png","contentUrl":"https:\/\/www.clixtell.com\/wp-content\/uploads\/logoc.png","width":168,"height":43,"caption":"Clixtell"},"image":{"@id":"https:\/\/www.clixtell.com\/fr\/#\/schema\/logo\/image\/"},"sameAs":["http:\/\/facebook.com\/clixtell","https:\/\/x.com\/clixtell"]}]}},"_links":{"self":[{"href":"https:\/\/www.clixtell.com\/fr\/wp-json\/wp\/v2\/pages\/5799","targetHints":{"allow":["GET"]}}],"collection":[{"href":"https:\/\/www.clixtell.com\/fr\/wp-json\/wp\/v2\/pages"}],"about":[{"href":"https:\/\/www.clixtell.com\/fr\/wp-json\/wp\/v2\/types\/page"}],"author":[{"embeddable":true,"href":"https:\/\/www.clixtell.com\/fr\/wp-json\/wp\/v2\/users\/1"}],"replies":[{"embeddable":true,"href":"https:\/\/www.clixtell.com\/fr\/wp-json\/wp\/v2\/comments?post=5799"}],"version-history":[{"count":0,"href":"https:\/\/www.clixtell.com\/fr\/wp-json\/wp\/v2\/pages\/5799\/revisions"}],"wp:attachment":[{"href":"https:\/\/www.clixtell.com\/fr\/wp-json\/wp\/v2\/media?parent=5799"}],"curies":[{"name":"wp","href":"https:\/\/api.w.org\/{rel}","templated":true}]}}