{"id":5801,"date":"2020-12-03T10:34:40","date_gmt":"2020-12-03T10:34:40","guid":{"rendered":"https:\/\/www.clixtell.com\/?page_id=5801"},"modified":"2020-12-03T12:15:47","modified_gmt":"2020-12-03T12:15:47","slug":"rapports-appels-detailles","status":"publish","type":"page","link":"https:\/\/www.clixtell.com\/fr\/suivi-appel\/analyses-appel\/rapports-appels-detailles\/","title":{"rendered":"Raooirts d&#8217;appels d\u00e9taill\u00e9s | Suivi des appels &amp; logiciel d&#8217;analyse | Clixtell"},"content":{"rendered":"\t<div class=\"container mob-marg\">\n\t\t<h1 style=\"color: #fff; margin-top:10vh\">Suivez et observez les cha\u00eenes, les mots-cl\u00e9s<br>et les ventes et les appels g\u00e9n\u00e9r\u00e9s par les publicit\u00e9s<\/h1>\n\t\t<h3 style=\"color: #fff;margin-top: 3vh;\">Obtenez des rapports d\u00e9taill\u00e9s personnalis\u00e9s par email, sur l&#8217;application ou dans le tableau de bord en direct.<\/h3>\n\t<\/div>\n<\/div>\n<\/div>\n<section class=\"container\" style=\"max-width: 897px; margin-top: 80px;\">\n\t<h1 style=\"color: #19CBD2; text-align: center;\">Rappels d&#8217;appel d\u00e9taill\u00e9s<\/h1>\n\t<div style=\"color: #000E4D; font-size: 16px; letter-spacing: 0.31px; line-height: 28px; margin-top: 35px;\">Le logiciel avanc\u00e9 de Clixtell vous fournit des rapports d\u00e9taill\u00e9s couvrant tous les aspects de votre activit\u00e9. En utilisant les informations de ces rapports, vous pourrez facilement analyser toutes les donn\u00e9es bas\u00e9es sur vos activit\u00e9s publicitaires. De plus, vous pourrez produire plusieurs rapports en fonction de vos param\u00e8tres personnels, de vos pr\u00e9f\u00e9rences et du type de suivi des appels que vous d\u00e9cidez d&#8217;utiliser.<br><br>\n\t<\/div>\n<\/section>\n<div data-post-id=\"5599\" class=\"insert-page insert-page-5599 \"><section style=\"margin-top:100px; margin-bottom: 100px;\">\n\t<div class=\"wrap\" style=\"text-align: center\">\n\t\t<h3 style=\"color: #000E4D; margin:100px; font-size: 20px; font-weight: 500; letter-spacing: 0.39px; line-height: 28px; text-align: center; margin-bottom: 30px;\">Activez votre suivi d&#8217;appel maintenant<\/h3>\n\t\t<a href=\"http:\/\/clixtell.com\/freetrial\/?plan=4\" class=\"bigbtn fullctbtn\">Commencer un essai gratuit<\/a> <a href=\"http:\/\/clixtell.com\/book-a-demo\/\" class=\"bigbtn ctbtn\">Demander une d\u00e9mo<\/a>\n\t<\/div>\n<\/section><\/div>","protected":false},"excerpt":{"rendered":"Suivez et observez les cha\u00eenes, les mots-cl\u00e9set les ventes et les appels g\u00e9n\u00e9r\u00e9s par les publicit\u00e9s Obtenez des rapports d\u00e9taill\u00e9s personnalis\u00e9s par email, sur l&#8217;application ou dans le tableau de bord en direct. Rappels d&#8217;appel d\u00e9taill\u00e9s Le logiciel avanc\u00e9 de Clixtell vous fournit des rapports d\u00e9taill\u00e9s couvrant tous les aspects de votre activit\u00e9. En utilisant [&hellip;]","protected":false},"author":1,"featured_media":0,"parent":5788,"menu_order":0,"comment_status":"closed","ping_status":"closed","template":"call-tracking.php","meta":{"footnotes":""},"class_list":["post-5801","page","type-page","status-publish","hentry"],"yoast_head":"<!-- This site is optimized with the Yoast SEO plugin v26.8 - https:\/\/yoast.com\/product\/yoast-seo-wordpress\/ -->\n<title>Raooirts d&#039;appels d\u00e9taill\u00e9s | Suivi des appels &amp; logiciel d&#039;analyse | Clixtell<\/title>\n<meta name=\"description\" content=\"Le logiciel avanc\u00e9 de Clixtell vous fournit des rapports d&#039;appel d\u00e9taill\u00e9s couvrant tous les aspects de l&#039;activit\u00e9. Obtenez des rapports d\u00e9taill\u00e9s personnalis\u00e9s par email, sur l&#039;application ou dans le tableau de bord en direct.\" \/>\n<meta name=\"robots\" content=\"index, follow, max-snippet:-1, max-image-preview:large, max-video-preview:-1\" \/>\n<link rel=\"canonical\" href=\"https:\/\/www.clixtell.com\/fr\/suivi-appel\/analyses-appel\/rapports-appels-detailles\/\" \/>\n<meta property=\"og:locale\" content=\"fr_FR\" \/>\n<meta property=\"og:type\" content=\"article\" \/>\n<meta property=\"og:title\" content=\"Raooirts d&#039;appels d\u00e9taill\u00e9s | Suivi des appels &amp; logiciel d&#039;analyse | Clixtell\" \/>\n<meta property=\"og:description\" content=\"Le logiciel avanc\u00e9 de Clixtell vous fournit des rapports d&#039;appel d\u00e9taill\u00e9s couvrant tous les aspects de l&#039;activit\u00e9. Obtenez des rapports d\u00e9taill\u00e9s personnalis\u00e9s par email, sur l&#039;application ou dans le tableau de bord en direct.\" \/>\n<meta property=\"og:url\" content=\"https:\/\/www.clixtell.com\/fr\/suivi-appel\/analyses-appel\/rapports-appels-detailles\/\" \/>\n<meta property=\"og:site_name\" content=\"Click Fraud Protection | Call Tracking | Website Video Recorder | Clixtell\u2122\" \/>\n<meta property=\"article:publisher\" content=\"http:\/\/facebook.com\/clixtell\" \/>\n<meta property=\"article:modified_time\" content=\"2020-12-03T12:15:47+00:00\" \/>\n<meta name=\"twitter:card\" content=\"summary_large_image\" \/>\n<meta name=\"twitter:site\" content=\"@clixtell\" \/>\n<meta name=\"twitter:label1\" content=\"Dur\u00e9e de lecture estim\u00e9e\" \/>\n\t<meta name=\"twitter:data1\" content=\"1 minute\" \/>\n<!-- \/ Yoast SEO plugin. -->","yoast_head_json":{"title":"Raooirts d'appels d\u00e9taill\u00e9s | Suivi des appels &amp; logiciel d'analyse | Clixtell","description":"Le logiciel avanc\u00e9 de Clixtell vous fournit des rapports d'appel d\u00e9taill\u00e9s couvrant tous les aspects de l'activit\u00e9. Obtenez des rapports d\u00e9taill\u00e9s personnalis\u00e9s par email, sur l'application ou dans le tableau de bord en direct.","robots":{"index":"index","follow":"follow","max-snippet":"max-snippet:-1","max-image-preview":"max-image-preview:large","max-video-preview":"max-video-preview:-1"},"canonical":"https:\/\/www.clixtell.com\/fr\/suivi-appel\/analyses-appel\/rapports-appels-detailles\/","og_locale":"fr_FR","og_type":"article","og_title":"Raooirts d'appels d\u00e9taill\u00e9s | Suivi des appels &amp; logiciel d'analyse | Clixtell","og_description":"Le logiciel avanc\u00e9 de Clixtell vous fournit des rapports d'appel d\u00e9taill\u00e9s couvrant tous les aspects de l'activit\u00e9. Obtenez des rapports d\u00e9taill\u00e9s personnalis\u00e9s par email, sur l'application ou dans le tableau de bord en direct.","og_url":"https:\/\/www.clixtell.com\/fr\/suivi-appel\/analyses-appel\/rapports-appels-detailles\/","og_site_name":"Click Fraud Protection | Call Tracking | Website Video Recorder | Clixtell\u2122","article_publisher":"http:\/\/facebook.com\/clixtell","article_modified_time":"2020-12-03T12:15:47+00:00","twitter_card":"summary_large_image","twitter_site":"@clixtell","twitter_misc":{"Dur\u00e9e de lecture estim\u00e9e":"1 minute"},"schema":{"@context":"https:\/\/schema.org","@graph":[{"@type":"WebPage","@id":"https:\/\/www.clixtell.com\/fr\/suivi-appel\/analyses-appel\/rapports-appels-detailles\/","url":"https:\/\/www.clixtell.com\/fr\/suivi-appel\/analyses-appel\/rapports-appels-detailles\/","name":"Raooirts d'appels d\u00e9taill\u00e9s | Suivi des appels &amp; logiciel d'analyse | Clixtell","isPartOf":{"@id":"https:\/\/www.clixtell.com\/fr\/#website"},"datePublished":"2020-12-03T10:34:40+00:00","dateModified":"2020-12-03T12:15:47+00:00","description":"Le logiciel avanc\u00e9 de Clixtell vous fournit des rapports d'appel d\u00e9taill\u00e9s couvrant tous les aspects de l'activit\u00e9. Obtenez des rapports d\u00e9taill\u00e9s personnalis\u00e9s par email, sur l'application ou dans le tableau de bord en direct.","breadcrumb":{"@id":"https:\/\/www.clixtell.com\/fr\/suivi-appel\/analyses-appel\/rapports-appels-detailles\/#breadcrumb"},"inLanguage":"fr-FR","potentialAction":[{"@type":"ReadAction","target":["https:\/\/www.clixtell.com\/fr\/suivi-appel\/analyses-appel\/rapports-appels-detailles\/"]}]},{"@type":"BreadcrumbList","@id":"https:\/\/www.clixtell.com\/fr\/suivi-appel\/analyses-appel\/rapports-appels-detailles\/#breadcrumb","itemListElement":[{"@type":"ListItem","position":1,"name":"Home","item":"https:\/\/www.clixtell.com\/fr\/"},{"@type":"ListItem","position":2,"name":"Clixtell | Logiciel de suivi et d&rsquo;analyse des appels","item":"https:\/\/www.clixtell.com\/fr\/suivi-appel\/"},{"@type":"ListItem","position":3,"name":"Analyses d&rsquo;appels | Logiciel de suivi et d&rsquo;analyse des appels | Clixtell","item":"https:\/\/www.clixtell.com\/fr\/suivi-appel\/analyses-appel\/"},{"@type":"ListItem","position":4,"name":"Raooirts d&rsquo;appels d\u00e9taill\u00e9s | Suivi des appels &amp; logiciel d&rsquo;analyse | Clixtell"}]},{"@type":"WebSite","@id":"https:\/\/www.clixtell.com\/fr\/#website","url":"https:\/\/www.clixtell.com\/fr\/","name":"Click Fraud Protection | Call Tracking | Website Video Recorder | Clixtell\u2122","description":"Safe &amp; Sound Digital Marketing","publisher":{"@id":"https:\/\/www.clixtell.com\/fr\/#organization"},"potentialAction":[{"@type":"SearchAction","target":{"@type":"EntryPoint","urlTemplate":"https:\/\/www.clixtell.com\/fr\/?s={search_term_string}"},"query-input":{"@type":"PropertyValueSpecification","valueRequired":true,"valueName":"search_term_string"}}],"inLanguage":"fr-FR"},{"@type":"Organization","@id":"https:\/\/www.clixtell.com\/fr\/#organization","name":"Clixtell","url":"https:\/\/www.clixtell.com\/fr\/","logo":{"@type":"ImageObject","inLanguage":"fr-FR","@id":"https:\/\/www.clixtell.com\/fr\/#\/schema\/logo\/image\/","url":"https:\/\/www.clixtell.com\/wp-content\/uploads\/logoc.png","contentUrl":"https:\/\/www.clixtell.com\/wp-content\/uploads\/logoc.png","width":168,"height":43,"caption":"Clixtell"},"image":{"@id":"https:\/\/www.clixtell.com\/fr\/#\/schema\/logo\/image\/"},"sameAs":["http:\/\/facebook.com\/clixtell","https:\/\/x.com\/clixtell"]}]}},"_links":{"self":[{"href":"https:\/\/www.clixtell.com\/fr\/wp-json\/wp\/v2\/pages\/5801","targetHints":{"allow":["GET"]}}],"collection":[{"href":"https:\/\/www.clixtell.com\/fr\/wp-json\/wp\/v2\/pages"}],"about":[{"href":"https:\/\/www.clixtell.com\/fr\/wp-json\/wp\/v2\/types\/page"}],"author":[{"embeddable":true,"href":"https:\/\/www.clixtell.com\/fr\/wp-json\/wp\/v2\/users\/1"}],"replies":[{"embeddable":true,"href":"https:\/\/www.clixtell.com\/fr\/wp-json\/wp\/v2\/comments?post=5801"}],"version-history":[{"count":0,"href":"https:\/\/www.clixtell.com\/fr\/wp-json\/wp\/v2\/pages\/5801\/revisions"}],"up":[{"embeddable":true,"href":"https:\/\/www.clixtell.com\/fr\/wp-json\/wp\/v2\/pages\/5788"}],"wp:attachment":[{"href":"https:\/\/www.clixtell.com\/fr\/wp-json\/wp\/v2\/media?parent=5801"}],"curies":[{"name":"wp","href":"https:\/\/api.w.org\/{rel}","templated":true}]}}