{"id":5825,"date":"2020-12-03T12:38:07","date_gmt":"2020-12-03T12:38:07","guid":{"rendered":"https:\/\/www.clixtell.com\/?page_id=5825"},"modified":"2020-12-03T17:34:23","modified_gmt":"2020-12-03T17:34:23","slug":"suivi-appel","status":"publish","type":"page","link":"https:\/\/www.clixtell.com\/fr\/suivi-appel\/","title":{"rendered":"Clixtell | Logiciel de suivi et d&#8217;analyse des appels"},"content":{"rendered":"<div class=\"call-tracking-header\">\n\t<div class=\"container\" style=\"padding-top:80px\">\n\t      <nav class=\"navbar navbar-expand-lg navbar-light\" style=\"border-top:1px solid white;margin-top:18px;\">\n\t\t\t<a href=\"http:\/\/clixtell.com\/call-tracking\/\"><h5 style=\"color: #fff; padding: 0px;\">Suivi des appels<\/h5><\/a>\n\t\t\t  <button class=\"navbar-toggler mnavt\" type=\"button\" data-toggle=\"collapse\" data-target=\"#navbarNavAltMarkup1\" aria-controls=\"navbarNavAltMarkup1\" aria-expanded=\"false\" aria-label=\"Toggle navigation\">\n                <span class=\"navbar-toggler-icon\"><\/span>\n            <\/button>\n\t\t\t\n\t\t         <div class=\"collapse navbar-collapse justify-content-end\" id=\"navbarNavAltMarkup1\">\n\t\t\t\t       <div class=\"navbar-nav abs\">\n\t\t\t\t\t\t\t<a class=\"nav-link dropdown-toggle\" href=\"#\" id=\"navbarDropdownMenuLink1\" data-toggle=\"dropdown\" aria-haspopup=\"true\" aria-expanded=\"false\">Caract\u00e9ristiques <img decoding=\"async\" class=\"expa\" src=\"https:\/\/statics.clixtell.com\/wp-content\/uploads\/exp.png\" alt=\"secondary menu drop\"><img decoding=\"async\" class=\"expb\" src=\"https:\/\/statics.clixtell.com\/wp-content\/uploads\/expb.png\" alt=\"features menu drop\"><\/a>\n\t\t\t\t\t\t\t\t<div class=\"dropdown-menu\" aria-labelledby=\"navbarDropdownMenuLink1\" style=\"width: 900px; left: 260px;\">\n\t\t\t\t\t\t\t\t\t<div class=\"row\">\n\t\t\t\t\t\t\t\t\t\t<div class=\"col-sm-4\">\n\t\t\t\t\t\t\t\t\t\t\t<h5 style=\"  padding:0px;\"><a class=\"dropdown-item colorct\" href=\"http:\/\/clixtell.com\/call-tracking\/call-attribution\/\">Attribution des appels<\/a><\/h5>\n\t\t\t\t\t\t\t\t\t\t\t<a class=\"dropdown-item smallitem\" href=\"http:\/\/clixtell.com\/call-tracking\/call-attribution-features\/dynamic-phone-insertion\/\">Insertion dynamique du t\u00e9l\u00e9phone<\/a>\n\t\t\t\t\t\t\t\t\t\t\t<a class=\"dropdown-item smallitem\" href=\"http:\/\/clixtell.com\/call-tracking\/call-attribution-features\/keyword-call-tracking\/\">Suivi des appels par mot-cl\u00e9<\/a>\n\t\t\t\t\t\t\t\t\t\t\t<a class=\"dropdown-item smallitem\" href=\"http:\/\/clixtell.com\/call-tracking\/call-attribution-features\/click-to-call-ads-tracking\/\">Cliquez pour suivre les publicit\u00e9s d&#8217;appel<\/a>\n\t\t\t\t\t\t\t\t\t\t\t<a class=\"dropdown-item smallitem\" href=\"http:\/\/clixtell.com\/call-tracking\/call-attribution-features\/offline-call-tracking\/\">Suivi des appels statiques et hors ligne<\/a>\n\t\t\t\t\t\t\t\t\t\t<\/div>\n\t\t\t\t\t\t\t\t\t\t<div class=\"col-sm-4\">\n\t\t\t\t\t\t\t\t\t\t\t<h5 style=\"  padding:0px;\"><a class=\"dropdown-item colorct\" href=\"http:\/\/clixtell.com\/call-tracking\/call-analytics\/\">Analyses des appels<\/a><\/h5>\n\t\t\t\t\t\t\t\t\t\t\t<a class=\"dropdown-item smallitem\" href=\"http:\/\/clixtell.com\/call-tracking\/call-analytics\/call-recorder\/\">Enregistrement des appels<\/a>\n\t\t\t\t\t\t\t\t\t\t\t<a class=\"dropdown-item smallitem\" href=\"http:\/\/clixtell.com\/call-tracking\/call-analytics\/conversion-intelligence\/\">Conversion Intelligence<\/a>\n\t\t\t\t\t\t\t\t\t\t\t<a class=\"dropdown-item smallitem\" href=\"http:\/\/clixtell.com\/call-tracking\/call-analytics\/detailed-call-reports\/\">Rapports d&#8217;appel d\u00e9taill\u00e9s<\/a>\n\t\t\t\t\t\t\t\t\t\t\t<a class=\"dropdown-item smallitem\" href=\"http:\/\/clixtell.com\/call-tracking\/call-analytics\/live-call-dashboard\/\">Tableau de bord des appels en direct<\/a>\t\t\t\t\t\t\t\t\t\t\t\n\t\t\t\t\t\t\t\t\t\t<\/div>\n\t\t\t\t\t\t\t\t\t\t<div class=\"col-sm-4\">\n\t\t\t\t\t\t\t\t\t\t\t<h5 style=\"  padding:0px;\"><a class=\"dropdown-item colorct\" href=\"http:\/\/clixtell.com\/call-tracking\/phone-numbers\/\">Num\u00e9ros de t\u00e9l\u00e9phone<\/a><\/h5>\n\t\t\t\t\t\t\t\t\t\t\t<a class=\"dropdown-item smallitem\" href=\"http:\/\/clixtell.com\/call-tracking\/phone-numbers\/local-toll-free-numbers\/\">Num\u00e9ros locaux et gratuits<\/a>\n\t\t\t\t\t\t\t\t\t\t\t<a class=\"dropdown-item smallitem\" href=\"http:\/\/clixtell.com\/call-tracking\/phone-numbers\/port-you-number\/\">Portez votre num\u00e9ro de t\u00e9l\u00e9phone<\/a>\n\t\t\t\t\t\t\t\t\t\t<\/div>\n\t\t\t\t\t\t\t\t\t<\/div>\n\t\t\t\t    \t\t    <\/div>\t\t\t\t\t\t\t\t\t\n\t\t\t\t                    <a class=\"nav-item nav-link\" href=\"http:\/\/clixtell.com\/call-tracking\/faqs\/\">FAQ<\/a>\n\t\t\t\t                    <a class=\"nav-item nav-link\" href=\"http:\/\/clixtell.com\/call-tracking\/pricing\/\">Tarification<\/a>\n\t\t\t\t                    <a class=\"nav-item nav-link\" href=\"http:\/\/clixtell.com\/freetrial\/?plan=4\">Essai gratuit<\/a>\n\t\t\t\t                <\/div>\n\t\t\t\t            <\/div>\n\t\t\t\t        <\/nav>\n\t<\/div>\n\t<div class=\"container\">\n\t\t<div class=\"row\">\n\t\t\t<div class=\"col-md-6 header-content-ct\">\n\t\t\t\t<h1 style=\"color: #fff; text-align: left;\">Tirez le meilleur parti de chaque <br> Appel vers votre entreprise<\/h1>\n\t\t\t\t<h3 style=\"color: #fff; margin-top: 3vh;\">Prouvez l&#8217;effort \u00e0 vos clients avec le<br>premier logiciel de suivi des appels au monde.<\/h3>\n\t\t\t\t<div class=\"row\" style=\"margin-top: 3vh;\">\n\t\t\t\t<a href=\"http:\/\/clixtell.com\/freetrial\/?plan=4\" class=\"bigbtn whitectbtn\">Commencez un essai gratuit de 14 jours<\/a> <a href=\"http:\/\/clixtell.com\/book-a-demo\/\" class=\"bigbtn whitebtn\">Demandez une Demo<\/a><\/div>\t\t\t\t\n\t\t\t\t<\/div>\n\t\t\t<div class=\"col-md-6 mob-pad d-none d-md-block\"><video src=\"https:\/\/statics.clixtell.com\/wp-content\/uploads\/call-tracking-main-animation-comp_2-1.webm\" autoplay loop playsinline muted type=\"video\/webm\" class=\"img-fluid\"><\/div>\n\t\t\t<div class=\"col-md-6 mob-pad d-block d-md-none center\"><img decoding=\"async\" src=\"https:\/\/statics.clixtell.com\/wp-content\/uploads\/call-tracking@3x-8.png\" alt=\"call tracking\" class=\"img-fluid\"><\/div>\n\t\t<\/div>\n\t<\/div>\n<\/div><!--end of header-->\n<section class=\"call-tracking-features\" style=\"margin-top: 100px\">\n\t<div class=\"container\">\n\t\t<h1 style=\"color: #19CBD2; text-align: center; margin-bottom: 80px;\">Suivi des appels<\/h1>\n\t\t<div class=\"row\">\n\t\t\t<div class=\"col-md-4\">\n\t\t\t\t<div class=\"measure ctfbox\">\n\t\t\t\t<a href=\"http:\/\/clixtell.com\/call-tracking\/call-attribution-features\/keyword-call-tracking\/\"><h5>Mesurer<br>Suivi des appels<\/h5><\/a><\/div>\n\t\t\t<\/div>\n\t\t\t<div class=\"col-md-4 \">\n\t\t\t\t<div class=\"intelligence ctfbox\">\n\t\t\t\t<a href=\"http:\/\/clixtell.com\/call-tracking\/call-analytics\/conversion-intelligence\/\"><h5>Conversion<br>Intelligence<\/h5><\/a><\/div>\n\t\t\t<\/div>\n\t\t\t<div class=\"col-md-4 \">\n\t\t\t\t<div class=\"detailed ctfbox\">\t\t\t\t\t\t  \n\t\t\t\t<a href=\"http:\/\/clixtell.com\/call-tracking\/call-analytics\/detailed-call-reports\/\"><h5>Clic d\u00e9taill\u00e9<br>&amp; Rapports des appels<\/h5><\/a><\/div>\n\t\t\t<\/div>\n\t\t<\/div>\n\t\t<div class=\"row align-middle\" style=\"padding-top: 50px\">\n\t\t\t<div class=\"col-md-4 \">\n\t\t\t\t<div class=\"live-dash ctfbox\">\n\t\t\t\t<a href=\"http:\/\/clixtell.com\/call-tracking\/call-analytics\/live-call-dashboard\/\"><h5>En direct<br>Tableau de bord<\/h5><\/a><\/div>\n\t\t\t<\/div>\n\t\t\t<div class=\"col-md-4 \">\n\t\t\t\t<div class=\"record-calls ctfbox\">\n\t\t\t\t<a href=\"http:\/\/clixtell.com\/call-tracking\/call-analytics\/call-recorder\/\"><h5>Enregistrez<br>Appels t\u00e9l\u00e9phoniques<\/h5><\/a><\/div>\n\t\t\t<\/div>\n\t\t\t<div class=\"col-md-4 \">\n\t\t\t\t<div class=\"dynamic ctfbox\">\n\t\t\t\t<a href=\"http:\/\/clixtell.com\/call-tracking\/call-attribution-features\/dynamic-phone-insertion\/\"><h5>Dynamique<br>Insertion t\u00e9l\u00e9phonique<\/h5><\/a><\/div>\n\t\t\t<\/div>\n\t\t<\/div>\n\t<\/div>\n<\/section>\n<section style=\"margin-top:100px\">\n\t<h1 style=\"color: #000E4D; font-size: 35px; font-weight: 500; letter-spacing: 0.48px; line-height: 53px; text-align: center;\">Nos principales caract\u00e9ristiques<\/h1>\n\t<div class=\"wrap\">\n\t\t<div class=\"container\" style=\"padding-top: 50px\">\n\t\t\t<div class=\"row\">\n\t\t\t\t<div class=\"col-md-6\">\n\t\t\t\t<h3 style=\"color: #19CBD2; font-size: 28px; font-weight: 500; letter-spacing: 0.39px; line-height: 53px;\">Attribution des appels<\/h3>\n\t\t\t\t\t<div style=\"color: #000E4D; font-size: 16px; letter-spacing: 0.41px; line-height: 25px;\">\n Le logiciel de suivi des appels de Clixtell r\u00e9v\u00e8le quels mots cl\u00e9s, campagnes et publicit\u00e9s sont \u00e0 l&#8217;origine des appels et des conversions. Mesurez tous les appels t\u00e9l\u00e9phoniques provenant de tous vos canaux de commercialisation, en ligne et hors ligne. Regardez et enregistrez le parcours complet de votre client, de la recherche au clic et \u00e0 l&#8217;appel.\n\t\t\t\t\t<\/div>\n\t\t\t\t\t<a href=\"http:\/\/clixtell.com\/call-tracking\/call-attribution-features\/\"><img decoding=\"async\" src=\"https:\/\/statics.clixtell.com\/wp-content\/uploads\/2018\/12\/main-1.png\" style=\"  margin-left: -4%; margin-top: 7%;\"><\/a>\n\t\t\t\t<\/div>\n\t\t\t\t<div class=\"col-md-6\"><img decoding=\"async\" src=\"https:\/\/statics.clixtell.com\/wp-content\/uploads\/2018\/12\/Group-5.png\" alt=\"call attribution\" style=\"width: 100%\" class=\"d-none d-md-block\"><\/div>\n\t\t\t\t<\/div>\n\t\t\t<\/div>\n\t\t\t<div class=\"container\" style=\"padding-top: 100px\">\n\t\t\t\t<div class=\"row\">\n\t\t\t\t\t<div class=\"col-md-6\"><img decoding=\"async\" src=\"https:\/\/statics.clixtell.com\/wp-content\/uploads\/2018\/12\/Group-4.png\" alt=\"call analytics\" style=\"width: 100%\" class=\"d-none d-md-block\"><\/div>\n\t\t\t\t\t<div class=\"col-md-6\">\n\t\t\t\t\t<h3 style=\"color: #19CBD2; font-size: 28px; font-weight: 500; letter-spacing: 0.39px; line-height: 53px;\">Analyses des appels<\/h3>\n\t\t\t\t\t\t<div style=\"color: #000E4D; font-size: 16px; letter-spacing: 0.41px; line-height: 25px;\">\n Apprenez tout sur l&#8217;efficacit\u00e9 de votre campagne et optimisez le marketing num\u00e9rique pour augmenter vos b\u00e9n\u00e9fices. Notre tableau de bord d&#8217;analyse des appels, simple et intuitif, vous permet de savoir quelles campagnes, quels mots cl\u00e9s et quels canaux sont \u00e0 l&#8217;origine des appels et des pistes, ce qui vous permet de vous concentrer uniquement sur ce qui est r\u00e9ellement converti.<\/div>\n\t\t\t\t\t\t<a href=\"http:\/\/clixtell.com\/call-tracking\/call-analytics\/\"><img decoding=\"async\" src=\"https:\/\/statics.clixtell.com\/wp-content\/uploads\/2018\/12\/main.png\" style=\"  margin-left: -4%; margin-top: 7%;\"><\/a>\n\t\t\t\t\t<\/div>\n\t\t\t\t<\/div>\n\t\t\t<\/div>\n\t\t\t<div class=\"container\" style=\"padding-top: 100px\">\n\t\t\t\t<div class=\"row\">\n\t\t\t\t\t<div class=\"col-md-6\">\n\t\t\t\t\t\t<h3 style=\"color: #19CBD2; font-size: 28px; font-weight: 500; letter-spacing: 0.39px; line-height: 53px;\">Num\u00e9ros de t\u00e9l\u00e9phone<\/h3>\n\t\t\t\t\t\t<div style=\"color: #000E4D; font-size: 16px; letter-spacing: 0.41px; line-height: 25px;\">Que vous ayez besoin d&#8217;un num\u00e9ro de t\u00e9l\u00e9phone local dans votre ville natale, dans tout le pays ou d&#8217;un num\u00e9ro gratuit, nous sommes l\u00e0 pour vous aider.\n Choisissez parmi des milliers de num\u00e9ros de t\u00e9l\u00e9phone locaux et gratuits disponibles instantan\u00e9ment.<\/div>\n\t\t\t\t\t\t<a href=\"http:\/\/clixtell.com\/call-tracking\/phone-numbers\/\"><img decoding=\"async\" src=\"https:\/\/statics.clixtell.com\/wp-content\/uploads\/2018\/12\/main-1.png\" style=\"  margin-left: -4%; margin-top: 7%;\"><\/a>\n\t\t\t\t\t<\/div>\n\t\t\t\t\t<div class=\"col-md-6\"><img decoding=\"async\" src=\"https:\/\/statics.clixtell.com\/wp-content\/uploads\/2018\/12\/Group-3-e1545252918529.png\" alt=\"phone numbers\" style=\"width: 100%\" class=\"d-none d-md-block\"><\/div>\n\t\t\t\t<\/div>\n\t\t\t<\/div>\n\t\t<\/div>\n<\/section>\n<section class=\"customers\" style=\"margin-top:150px\">\n\t<div class=\"wrap\">\n\t\t<h1 style=\"font-size: 35px; font-weight: 500; letter-spacing: 0.48px; line-height: 53px; color: #243066; padding-top:95px; text-align: center;\">Ce que disent nos clients<\/h1>\n\t\t<img decoding=\"async\" src=\"https:\/\/statics.clixtell.com\/wp-content\/uploads\/centquote.png\" alt=\"clixtell reviews\" class=\"d-none d-md-block\" style=\"left: 5%; position: absolute;\">\n\t\t\t<div class=\"container\">\n\t\t\t\t<div class=\"col-md-12\" style=\"margin-top:50px\">\n\t\t\t\t\t<div id=\"carousel\" class=\"carousel slide\" data-ride=\"carousel\">\n\t\t\t\t\t\t<div class=\"carousel-inner\" style=\"  overflow: inherit\">\n\t\t\t\t\t\t\t<div class=\"carousel-item active\">\n\t\t\t\t\t\t\t\t<div class=\"row\">\n\t\t\t\t\t\t\t\t\t<div class=\"col-md-6\">\n\t\t\t\t\t\t\t\t\t\t<div class=\"testimonials-back\">\n\t\t\t\t\t\t\t\t\t\t\t<div class=\"row\">\n &#8220;Clixtell est un logiciel de suivi des appels simple, convivial et puissant. Il me fait gagner du temps et de l&#8217;argent en me permettant de suivre les canaux publicitaires, les campagnes et les mots cl\u00e9s qui ont le plus de succ\u00e8s et qui sont \u00e0 l&#8217;origine des appels. Hautement recommand\u00e9 !&#8221;\n\t\t\t\t\t\t\t\t\t\t\t<\/div>\n\t\t\t\t\t\t\t\t\t\t\t<div class=\"row\">\n\t\t\t\t\t\t\t\t\t\t\t\t<img decoding=\"async\" src=\"https:\/\/statics.clixtell.com\/wp-content\/uploads\/man-3122063_640-e1547417761819.jpg\" alt=\"\" width=\"100\" height=\"100\" class=\"avatar\">\n\t\t\t\t\t\t\t\t\t\t\t\t<div class=\"midmarg\">\n\t\t\t\t\t\t\t\t\t\t\t\t\t<div class=\"name midmarg\">Robert Cruise<\/div> DMarketers\n\t\t\t\t\t\t\t\t\t\t\t\t<\/div>\n\t\t\t\t\t\t\t\t\t\t\t<\/div>\n\t\t\t\t\t\t\t\t\t\t<\/div>\n\t\t\t\t\t\t\t\t\t<\/div>\n\t\t\t\t\t\t\t\t\t<div class=\"col-md-6 d-none d-md-block\">\n\t\t\t\t\t\t\t\t\t\t<div class=\"testimonials-back\">\n\t\t\t\t\t\t\t\t\t\t\t<div class=\"row\">\n &#8220;Clixtell est l&#8217;outil parfait pour suivre les num\u00e9ros de t\u00e9l\u00e9phone de vos efforts de marketing. Nous l&#8217;utilisons actuellement pour toutes nos campagnes publicitaires sur Google. La plateforme nous permet de savoir quels mots-cl\u00e9s sont les plus rentables pour nous. Je vous recommande vivement Clixtell !&#8221;\n\t\t\t\t\t\t\t\t\t\t\t<\/div>\n\t\t\t\t\t\t\t\t\t\t\t<div class=\"row\">\n\t\t\t\t\t\t\t\t\t\t\t<img decoding=\"async\" src=\"https:\/\/statics.clixtell.com\/wp-content\/uploads\/2017\/03\/avatar8.jpg\" alt=\"\" width=\"100\" height=\"100\" class=\"avatar\">\n\t\t\t\t\t\t\t\t\t\t\t\t<div class=\"midmarg\">\n\t\t\t\t\t\t\t\t\t\t\t\t\t<div class=\"name\">David Parker<\/div>SEO Heroes\n\t\t\t\t\t\t\t\t\t\t\t\t<\/div>\n\t\t\t\t\t\t\t\t\t\t\t<\/div>\n\t\t\t\t\t\t\t\t\t\t<\/div>\n\t\t\t\t\t\t\t\t\t<\/div>\n\t\t\t\t\t\t\t\t<\/div>\n\t\t\t\t\t\t\t<\/div>\n\t\t\t\t\t\t\t<div class=\"carousel-item\">\n\t\t\t\t\t\t\t\t<div class=\"row\">\n\t\t\t\t\t\t\t\t\t<div class=\"carousel-content col-lg-6\">\n\t\t\t\t\t\t\t\t\t\t<div class=\"testimonials-back\">\n\t\t\t\t\t\t\t\t\t\t\t<div class=\"row\">\n &#8220;Clixtell a rapidement augment\u00e9 le retour sur investissement de nos campagnes PPC. Tout en \u00e9tant facile \u00e0 utiliser et efficace, il a fourni des informations utiles pour stimuler notre marketing num\u00e9rique. Nous optimisons facilement nos campagnes PPC tout en prot\u00e9geant notre budget toujours croissant contre la fraude au clic. Excellente solution&#8221;.\n\t\t\t\t\t\t\t\t\t\t\t<\/div>\n\t\t\t\t\t\t\t\t\t\t\t<div class=\"row\">\n\t\t\t\t\t\t\t\t\t\t\t<img decoding=\"async\" src=\"https:\/\/statics.clixtell.com\/wp-content\/uploads\/man-1209494_640-e1547417967178.jpg\" alt=\"\" width=\"100\" height=\"100\" class=\"avatar\">\n\t\t\t\t\t\t\t\t\t\t\t\t<div class=\"midmarg\">\n\t\t\t\t\t\t\t\t\t\t\t\t\t<div class=\"name\">Eric Sullivan<\/div>PDG de Mercury Digital\n\t\t\t\t\t\t\t\t\t\t\t\t<\/div>\n\t\t\t\t\t\t\t\t\t\t\t<\/div>\n\t\t\t\t\t\t\t\t\t\t<\/div>\n\t\t\t\t\t\t\t\t\t<\/div>\n\t\t\t\t\t\t\t\t\t<div class=\"carousel-content col-lg-6 d-none d-md-block\">\n\t\t\t\t\t\t\t\t\t\t<div class=\"testimonials-back\">\n\t\t\t\t\t\t\t\t\t\t\t<div class=\"row\">\n &#8220;Nous ne savions m\u00eame pas combien nous payions pour la fraude au clic. Apr\u00e8s avoir install\u00e9 Clixtell, nous avons pu bloquer automatiquement les clics ind\u00e9sirables. Le syst\u00e8me est facile \u00e0 utiliser et puissant. Un must pour tout annonceur de Google Ads &#8211; Hautement recommand\u00e9&#8221;.\n\t\t\t\t\t\t\t\t\t\t\t<\/div>\n\t\t\t\t\t\t\t\t\t\t\t<div class=\"row\">\n\t\t\t\t\t\t\t\t\t\t\t<img decoding=\"async\" src=\"https:\/\/statics.clixtell.com\/wp-content\/uploads\/2017\/03\/avatar5.jpg\" alt=\"\" width=\"100\" height=\"100\" class=\"avatar\">\n\t\t\t\t\t\t\t\t\t\t\t\t<div class=\"midmarg\">\n\t\t\t\t\t\t\t\t\t\t\t\t\t<div class=\"name\">Roy Gonzales<\/div>Un marketing efficace\n\t\t\t\t\t\t\t\t\t\t\t\t<\/div>\n\t\t\t\t\t\t\t\t\t\t\t<\/div>\n\t\t\t\t\t\t\t\t\t\t<\/div>\n\t\t\t\t\t\t\t\t\t<\/div>\n\t\t\t\t\t\t\t\t<\/div>\n\t\t\t\t\t\t\t<\/div>\n\t\t\t\t\t\t\t<ol class=\"carousel-indicators\" style=\"bottom: -50px\">\n\t\t\t\t\t\t\t\t<li data-target=\"#carousel\" data-slide-to=\"0\" class=\"active\">\n\t\t\t\t\t\t\t\t<\/li><li data-target=\"#carousel\" data-slide-to=\"1\">\n\t\t\t\t\t\t\t<\/li><\/ol>\n\t\t\t\t\t\t<\/div>\n\t\t\t\t\t<\/div>\n\t\t\t\t<\/div>\n\t\t\t<\/div>\n\t\t\t<div class=\"container\" style=\"margin-bottom: 75px; text-align: center;\">\n\t\t\t\t<div class=\"container\" style=\"max-width: 90%\">\n\t\t\t\t\t<div class=\"row\" style=\"margin-top: 75px;\">\n\t\t\t\t\t\t<div class=\"col-md-3\"><img decoding=\"async\" src=\"https:\/\/statics.clixtell.com\/wp-content\/uploads\/2018\/12\/586efabc87dadaa6bf8d2a3f.png\" alt=\"google ads\" class=\"logos\"><\/div>\n\t\t\t\t\t\t<div class=\"col-md-3\"><img decoding=\"async\" src=\"https:\/\/statics.clixtell.com\/wp-content\/uploads\/2018\/12\/Bing-Ads.png\" alt=\"bing ads\" class=\"logos\"><\/div>\n\t\t\t\t\t\t<div class=\"col-md-3\"><img decoding=\"async\" src=\"https:\/\/statics.clixtell.com\/wp-content\/uploads\/2018\/12\/facebook-logo.png\" alt=\"google\" class=\"logos\"><\/div>\n\t\t\t\t\t\t<div class=\"col-md-3\"><img decoding=\"async\" src=\"https:\/\/statics.clixtell.com\/wp-content\/uploads\/2018\/12\/Yahoo-logo.png\" alt=\"yahoo\" class=\"logos\"><\/div>\n\t\t\t\t\t<\/div>\n\t\t\t\t\t<div class=\"row\">\n\t\t\t\t\t\t<div class=\"col-md-3\"><img decoding=\"async\" src=\"https:\/\/statics.clixtell.com\/wp-content\/uploads\/2018\/12\/facebook-logo-copy.png\" alt=\"facebook logo\" class=\"logos\"><\/div>\n\t\t\t\t\t\t<div class=\"col-md-3\"><img decoding=\"async\" src=\"https:\/\/statics.clixtell.com\/wp-content\/uploads\/2018\/12\/Twitter_2010_logo_-_from_Commons.svg_.png\" alt=\"twitter tracking\" class=\"logos\"><\/div>\n\t\t\t\t\t\t<div class=\"col-md-3\"><img decoding=\"async\" src=\"https:\/\/statics.clixtell.com\/wp-content\/uploads\/2018\/12\/Bitmap.png\" alt=\"outbrain tracking\" class=\"logos\"><\/div>\n\t\t\t\t\t\t<div class=\"col-md-3\"><img decoding=\"async\" src=\"https:\/\/statics.clixtell.com\/wp-content\/uploads\/Bitmap.png\" alt=\"taboola tracking\" class=\"logos\"><\/div>\n\t\t\t\t\t<\/div>\n\t\t\t\t<\/div>\n\t\t\t<\/div>\n\t\t<\/div>\n<\/section>\n<div data-post-id=\"5599\" class=\"insert-page insert-page-5599 \"><section style=\"margin-top:100px; margin-bottom: 100px;\">\n\t<div class=\"wrap\" style=\"text-align: center\">\n\t\t<h3 style=\"color: #000E4D; margin:100px; font-size: 20px; font-weight: 500; letter-spacing: 0.39px; line-height: 28px; text-align: center; margin-bottom: 30px;\">Activez votre suivi d&#8217;appel maintenant<\/h3>\n\t\t<a href=\"http:\/\/clixtell.com\/freetrial\/?plan=4\" class=\"bigbtn fullctbtn\">Commencer un essai gratuit<\/a> <a href=\"http:\/\/clixtell.com\/book-a-demo\/\" class=\"bigbtn ctbtn\">Demander une d\u00e9mo<\/a>\n\t<\/div>\n<\/section><\/div>","protected":false},"excerpt":{"rendered":"Suivi des appels Caract\u00e9ristiques Attribution des appels Insertion dynamique du t\u00e9l\u00e9phone Suivi des appels par mot-cl\u00e9 Cliquez pour suivre les publicit\u00e9s d&#8217;appel Suivi des appels statiques et hors ligne Analyses des appels Enregistrement des appels Conversion Intelligence Rapports d&#8217;appel d\u00e9taill\u00e9s Tableau de bord des appels en direct Num\u00e9ros de t\u00e9l\u00e9phone Num\u00e9ros locaux et gratuits Portez [&hellip;]","protected":false},"author":1,"featured_media":0,"parent":0,"menu_order":0,"comment_status":"closed","ping_status":"closed","template":"","meta":{"footnotes":""},"class_list":["post-5825","page","type-page","status-publish","hentry"],"yoast_head":"<!-- This site is optimized with the Yoast SEO plugin v26.8 - https:\/\/yoast.com\/product\/yoast-seo-wordpress\/ -->\n<title>Clixtell | Logiciel de suivi et d&#039;analyse des appels<\/title>\n<meta name=\"description\" content=\"Tirez le meilleur parti de chaque appel vers votre entreprise. Prouvez l&#039;effort \u00e0 vos clients avec le premier logiciel de suivi et d&#039;analyse des appels au monde.\" \/>\n<meta name=\"robots\" content=\"index, follow, max-snippet:-1, max-image-preview:large, max-video-preview:-1\" \/>\n<link rel=\"canonical\" href=\"https:\/\/www.clixtell.com\/fr\/suivi-appel\/\" \/>\n<meta property=\"og:locale\" content=\"fr_FR\" \/>\n<meta property=\"og:type\" content=\"article\" \/>\n<meta property=\"og:title\" content=\"Clixtell | Logiciel de suivi et d&#039;analyse des appels\" \/>\n<meta property=\"og:description\" content=\"Tirez le meilleur parti de chaque appel vers votre entreprise. Prouvez l&#039;effort \u00e0 vos clients avec le premier logiciel de suivi et d&#039;analyse des appels au monde.\" \/>\n<meta property=\"og:url\" content=\"https:\/\/www.clixtell.com\/fr\/suivi-appel\/\" \/>\n<meta property=\"og:site_name\" content=\"Click Fraud Protection | Call Tracking | Website Video Recorder | Clixtell\u2122\" \/>\n<meta property=\"article:publisher\" content=\"http:\/\/facebook.com\/clixtell\" \/>\n<meta property=\"article:modified_time\" content=\"2020-12-03T17:34:23+00:00\" \/>\n<meta property=\"og:image\" content=\"https:\/\/statics.clixtell.com\/wp-content\/uploads\/exp.png\" \/>\n<meta name=\"twitter:card\" content=\"summary_large_image\" \/>\n<meta name=\"twitter:site\" content=\"@clixtell\" \/>\n<meta name=\"twitter:label1\" content=\"Dur\u00e9e de lecture estim\u00e9e\" \/>\n\t<meta name=\"twitter:data1\" content=\"3 minutes\" \/>\n<!-- \/ Yoast SEO plugin. -->","yoast_head_json":{"title":"Clixtell | Logiciel de suivi et d'analyse des appels","description":"Tirez le meilleur parti de chaque appel vers votre entreprise. Prouvez l'effort \u00e0 vos clients avec le premier logiciel de suivi et d'analyse des appels au monde.","robots":{"index":"index","follow":"follow","max-snippet":"max-snippet:-1","max-image-preview":"max-image-preview:large","max-video-preview":"max-video-preview:-1"},"canonical":"https:\/\/www.clixtell.com\/fr\/suivi-appel\/","og_locale":"fr_FR","og_type":"article","og_title":"Clixtell | Logiciel de suivi et d'analyse des appels","og_description":"Tirez le meilleur parti de chaque appel vers votre entreprise. Prouvez l'effort \u00e0 vos clients avec le premier logiciel de suivi et d'analyse des appels au monde.","og_url":"https:\/\/www.clixtell.com\/fr\/suivi-appel\/","og_site_name":"Click Fraud Protection | Call Tracking | Website Video Recorder | Clixtell\u2122","article_publisher":"http:\/\/facebook.com\/clixtell","article_modified_time":"2020-12-03T17:34:23+00:00","og_image":[{"url":"https:\/\/statics.clixtell.com\/wp-content\/uploads\/exp.png","type":"","width":"","height":""}],"twitter_card":"summary_large_image","twitter_site":"@clixtell","twitter_misc":{"Dur\u00e9e de lecture estim\u00e9e":"3 minutes"},"schema":{"@context":"https:\/\/schema.org","@graph":[{"@type":"WebPage","@id":"https:\/\/www.clixtell.com\/fr\/suivi-appel\/","url":"https:\/\/www.clixtell.com\/fr\/suivi-appel\/","name":"Clixtell | Logiciel de suivi et d'analyse des appels","isPartOf":{"@id":"https:\/\/www.clixtell.com\/fr\/#website"},"primaryImageOfPage":{"@id":"https:\/\/www.clixtell.com\/fr\/suivi-appel\/#primaryimage"},"image":{"@id":"https:\/\/www.clixtell.com\/fr\/suivi-appel\/#primaryimage"},"thumbnailUrl":"https:\/\/statics.clixtell.com\/wp-content\/uploads\/exp.png","datePublished":"2020-12-03T12:38:07+00:00","dateModified":"2020-12-03T17:34:23+00:00","description":"Tirez le meilleur parti de chaque appel vers votre entreprise. Prouvez l'effort \u00e0 vos clients avec le premier logiciel de suivi et d'analyse des appels au monde.","breadcrumb":{"@id":"https:\/\/www.clixtell.com\/fr\/suivi-appel\/#breadcrumb"},"inLanguage":"fr-FR","potentialAction":[{"@type":"ReadAction","target":["https:\/\/www.clixtell.com\/fr\/suivi-appel\/"]}]},{"@type":"ImageObject","inLanguage":"fr-FR","@id":"https:\/\/www.clixtell.com\/fr\/suivi-appel\/#primaryimage","url":"https:\/\/statics.clixtell.com\/wp-content\/uploads\/exp.png","contentUrl":"https:\/\/statics.clixtell.com\/wp-content\/uploads\/exp.png"},{"@type":"BreadcrumbList","@id":"https:\/\/www.clixtell.com\/fr\/suivi-appel\/#breadcrumb","itemListElement":[{"@type":"ListItem","position":1,"name":"Home","item":"https:\/\/www.clixtell.com\/fr\/"},{"@type":"ListItem","position":2,"name":"Clixtell | Logiciel de suivi et d&rsquo;analyse des appels"}]},{"@type":"WebSite","@id":"https:\/\/www.clixtell.com\/fr\/#website","url":"https:\/\/www.clixtell.com\/fr\/","name":"Click Fraud Protection | Call Tracking | Website Video Recorder | Clixtell\u2122","description":"Safe &amp; Sound Digital Marketing","publisher":{"@id":"https:\/\/www.clixtell.com\/fr\/#organization"},"potentialAction":[{"@type":"SearchAction","target":{"@type":"EntryPoint","urlTemplate":"https:\/\/www.clixtell.com\/fr\/?s={search_term_string}"},"query-input":{"@type":"PropertyValueSpecification","valueRequired":true,"valueName":"search_term_string"}}],"inLanguage":"fr-FR"},{"@type":"Organization","@id":"https:\/\/www.clixtell.com\/fr\/#organization","name":"Clixtell","url":"https:\/\/www.clixtell.com\/fr\/","logo":{"@type":"ImageObject","inLanguage":"fr-FR","@id":"https:\/\/www.clixtell.com\/fr\/#\/schema\/logo\/image\/","url":"https:\/\/www.clixtell.com\/wp-content\/uploads\/logoc.png","contentUrl":"https:\/\/www.clixtell.com\/wp-content\/uploads\/logoc.png","width":168,"height":43,"caption":"Clixtell"},"image":{"@id":"https:\/\/www.clixtell.com\/fr\/#\/schema\/logo\/image\/"},"sameAs":["http:\/\/facebook.com\/clixtell","https:\/\/x.com\/clixtell"]}]}},"_links":{"self":[{"href":"https:\/\/www.clixtell.com\/fr\/wp-json\/wp\/v2\/pages\/5825","targetHints":{"allow":["GET"]}}],"collection":[{"href":"https:\/\/www.clixtell.com\/fr\/wp-json\/wp\/v2\/pages"}],"about":[{"href":"https:\/\/www.clixtell.com\/fr\/wp-json\/wp\/v2\/types\/page"}],"author":[{"embeddable":true,"href":"https:\/\/www.clixtell.com\/fr\/wp-json\/wp\/v2\/users\/1"}],"replies":[{"embeddable":true,"href":"https:\/\/www.clixtell.com\/fr\/wp-json\/wp\/v2\/comments?post=5825"}],"version-history":[{"count":0,"href":"https:\/\/www.clixtell.com\/fr\/wp-json\/wp\/v2\/pages\/5825\/revisions"}],"wp:attachment":[{"href":"https:\/\/www.clixtell.com\/fr\/wp-json\/wp\/v2\/media?parent=5825"}],"curies":[{"name":"wp","href":"https:\/\/api.w.org\/{rel}","templated":true}]}}