{"id":5833,"date":"2020-12-03T12:51:29","date_gmt":"2020-12-03T12:51:29","guid":{"rendered":"https:\/\/www.clixtell.com\/?page_id=5833"},"modified":"2020-12-03T17:33:55","modified_gmt":"2020-12-03T17:33:55","slug":"tarification","status":"publish","type":"page","link":"https:\/\/www.clixtell.com\/fr\/suivi-appel\/tarification\/","title":{"rendered":"Tarification Clixtell | Logiciel de suivi et d&#8217;analyse des appels"},"content":{"rendered":"<style>\n p { height: auto; width: auto; color: #000E4D; font-family: Roboto; font-size: 16px; letter-spacing: 0.31px; line-height: 28px; font-weight: 400;}\n h2 { color: #19CBD2; font-size: 25px; font-weight: 400; letter-spacing: 0.49px; line-height: 28px; }\n h1, .price-box h2, .plan, .month, .price, .faqs .collapse, .ctestimonials .title { color: #19CBD2; }\n<\/style>\n\n\t<div class=\"container mob-marg\">\n\t\t<div class=\"row\">\n\t\t\t<div class=\"col-lg-12\">\n\t\t\t\t<h1 style=\"color: #fff; text-align: center; margin-top:5vh\">Un logiciel puissant de suivi des appels pour votre entreprise<\/h1>\n\t\t\t\t<h3 style=\"color: #FFFFFF; text-align:center;\">14 jours d&#8217;essai gratuit &#8211; commencez imm\u00e9diatement\n\t\t\t\t<\/h3>\n\t\t\t\t\t\t\t\t<div class=\"switchtog\">\n\t\t\t\t\t<span class=\"text\">Mensuel<\/span> \n\t\t\t\t\t<label class=\"switch\">\n\t\t\t\t  \t\t<input type=\"checkbox\" onclick=\"togglePrices()\">\n\t\t\t\t  \t\t<span class=\"slider round\"><\/span>\n\t\t\t\t\t<\/label>\n\t\t\t\t\t<span class=\"text\">Annuel<\/span>\n\t\t\t\t<\/div>\n\t\t\t\t\t<script>\n var disc = false;\n window.addEventListener('DOMContentLoaded',function(){$('input[type=\"checkbox\"]').prop('checked',false);},true);\n \n function togglePrices() {\n $('.price').each(function() {\n var price = parseInt($(this).text().replace('$',''))\n var newprice = !disc ? ((price * 80) \/ 100) : ((price * 125) \/ 100)\n $(this).html('<small>$<\/small>' + newprice);\n\n });\n $('.roundbtn').each(function() {\n \n var link = $(this).attr('onclick').split(\"'\")[1];\n if(!disc) {\n \n $(this).attr('onclick','window.location.href = \\'' + link + \"&annual=true'\");\n }\n\n else\n {\n $(this).attr('onclick','window.location.href = \\'' + link.replace(\"&annual=true\",\"\") + \"'\");\n }\n });\n\n disc = !disc;\n }\n <\/script>\n\t\t\t<\/div>\n\t\t<\/div>\n<\/div>\n\n<\/div>\n<\/div>\n\n<section class=\"offsetup\">\n\t<div class=\"container\">\n\t\t<div class=\"row\">\n\t\t\t<div class=\"col-lg-4\">\n\t\t\t\t<div class=\"price-box\">\n\t\t\t\t\t<div class=\"row\">\n\t\t\t\t\t\t<div class=\"col-lg-12\">\n\t\t\t\t\t\t\t<h2>Basique<\/h2>\n\t\t\t\t\t\t<\/div>\n\t\t\t\t\t<\/div>\n\t\t\t\t\t<div class=\"row\" style=\"margin-top:35px;\">\n\t\t\t\t\t\t<div class=\"col-lg-12\">\n\t\t\t\t\t\t\t<span class=\"price\">10 <small>$<\/small><\/span>\n\t\t\t\t\t\t\t<span class=\"month\">\/ mois<\/span>\n\t\t\t\t\t\t\t<span class=\"plan\">Suivi des appels statiques<\/span>\n\t\t\t\t\t\t<\/div>\n\t\t\t\t\t<\/div>\n\t\t\t\t\t<div class=\"cta\">\n\t\t\t\t\t\t<div class=\"row\">\n\t\t\t\t\t\t\t<div class=\"roundbtn ctbtn\" onclick=\"window.location.href = 'http:\/\/clixtell.com\/freetrial\/?plan=3'\">D\u00e9marrer l&#8217;essai gratuit<\/div>\n\t\t\t\t\t\t<\/div>\n\t\t\t\t\t<\/div>\n\t\t\t\t<\/div>\n\t\t\t\t<div class=\"pricing-features\">\n\t\t\t\t\t<ul>\n\t\t\t\t\t\t<li><strong>Le plan Basique comprend :<\/strong><\/li>\n\t\t\t\t\t\t<br>\n\t\t\t\t\t\t<li>Essai gratuit et sans engagement<\/li>\n\t\t\t\t\t\t<li>Installation facile et instantan\u00e9e<\/li>\n\t\t\t\t\t\t<li>Suivi des appels statiques<\/li>\n\t\t\t\t\t\t<li>Tableau de bord en direct<\/li>\n\t\t\t\t\t\t<li>Statistiques sur les appels en temps r\u00e9els<\/li>\n\t\t\t\t\t\t<li>Chronologie des visiteurs<\/li>\n\t\t\t\t\t\t<li>Enregistrement d&#8217;appel<\/li>\n\t\t\t\t\t\t<li>Messages Whisper<\/li>\n\t\t\t\t\t\t<li>Flux d&#8217;appels personnalis\u00e9s<\/li>\n\t\t\t\t\t\t<li>Rappels d&#8217;appel d\u00e9taill\u00e9<\/li>\n\t\t\t\t\t\t<li>Application mobile iPhone &amp; Android<\/li>\n\t\t\t\t\t\t<li>Support d\u00e9di\u00e9<\/li>\n\t\t\t\t\t<\/ul>\n\t\t\t\t<\/div>\n\t\t\t<div class=\"boxed-feature\">\n\t\t\t\t\t<strong>Le plan Basique comprend :<\/strong>\n\t\t\t\t\t<ul>\n\t\t\t\t\t\t<li>1 num\u00e9ro local <\/li>\n\t\t\t\t\t\t<li>100 minutes locales<\/li>\n\t\t\t\t\t<\/ul>\n\t\t\t\t<\/div>\n\t\t\t<\/div>\n\t\t\t<div class=\"col-lg-4\">\n\t\t\t\t<div class=\"price-box\">\n\t\t\t\t\t<div class=\"row\">\n\t\t\t\t\t\t<div class=\"col-lg-12\">\n\t\t\t\t\t\t\t<h2 class=\"alt\">Standard<\/h2>\n\t\t\t\t\t\t<\/div>\n\t\t\t\t\t<\/div>\n\t\t\t\t\t<div class=\"row\" style=\"margin-top:35px;\">\n\t\t\t\t\t\t<div class=\"col-lg-12\">\n\t\t\t\t\t\t\t<span class=\"price alt\">30 <small>$<\/small><\/span>\n\t\t\t\t\t\t\t<span class=\"month alt\">\/ mois<\/span>\n\t\t\t\t\t\t\t<span class=\"plan alt\">Insertion dynamique du t\u00e9l\u00e9phone<\/span>\n\t\t\t\t\t\t<\/div>\n\t\t\t\t\t<\/div>\n\t\t\t\t\t<div class=\"cta\">\n\t\t\t\t\t\t<div class=\"row\">\n\t\t\t\t\t\t\t<div class=\"roundbtn ctbtn fullctbtn\" onclick=\"window.location.href = 'http:\/\/clixtell.com\/freetrial\/?plan=4'\">D\u00e9marrer l&#8217;essai gratuit<\/div>\n\t\t\t\t\t\t<\/div>\n\t\t\t\t\t<\/div>\n\t\t\t\t<\/div>\n\t\t\t\t<div class=\"pricing-features\">\n\t\t\t\t\t<ul>\n\t\t\t\t\t\t<li><strong>Le plan Standard comprend toutes<br>les caract\u00e9rsitiques du plan Basique +<\/strong><\/li>\t\t\t\n\t\t\t\t\t\t<li>Insertion dynamique du t\u00e9l\u00e9phone<\/li>\n\t\t\t\t\t\t<li>Source \/ Suivi des appels de la campagne<\/li>\n\t\t\t\t\t\t<li>Analyse des appels par mot-cl\u00e9<\/li>\n\t\t\t\t\t\t<li>Surveillance des clics sur les sites web<\/li>\n\t\t\t\t\t\t<li>Conversion intelligente d&#8217;appel<\/li>\n\t\t\t\t\t\t<li>Conversion intelligente web<\/li>\n\t\t\t\t\t\t<li>Int\u00e9gration Google Analytics<\/li>\n\t\t\t\t\t\t<li>Int\u00e9gration Google Ads<\/li>\n\t\t\t\t\t\t<li>Int\u00e9gration Zapier<\/li>\n\t\t\t\t\t\t<li>Plugin WordPress<\/li>\n\t\t\t\t\t<\/ul>\n\t\t\t\t<\/div>\n\t\t\t\t<br><br><br>\n\t\t\t\t<div class=\"boxed-feature\">\n\t\t\t\t\t<strong>Le plan Avanc\u00e9 comprend :<\/strong>\n\t\t\t\t\t<ul>\n\t\t\t\t\t\t<li>5 Num\u00e9ros locaux ou<\/li>\n\t\t\t\t\t\t<li>3 Num\u00e9ros d&#8217;appel gratuits<\/li>\n\t\t\t\t\t\t<li>500 minutes locales<\/li>\n\t\t\t\t\t<\/ul>\n\t\t\t\t<\/div>\t\t\t\n\t\t\t<\/div>\n\t\t\t<div class=\"col-lg-4\">\n\t\t\t\t<div class=\"price-box\">\n\t\t\t\t\t<div class=\"row\">\n\t\t\t\t\t\t<div class=\"col-lg-12\">\n\t\t\t\t\t\t\t<h2>Avanc\u00e9<\/h2>\n\t\t\t\t\t\t<\/div>\n\t\t\t\t\t<\/div>\n\t\t\t\t\t<div class=\"row\" style=\"margin-top:35px;\">\n\t\t\t\t\t\t<div class=\"col-lg-12\">\n\t\t\t\t\t\t\t<span class=\"price\">80<small>$<\/small><\/span>\n\t\t\t\t\t\t\t<span class=\"month\">\/ mois<\/span>\n\t\t\t\t\t\t\t<span class=\"plan\">Combinez nos produits<\/span>\n\t\t\t\t\t\t<\/div>\n\t\t\t\t\t<\/div>\n\t\t\t\t\t<div class=\"cta\">\n\t\t\t\t\t\t<div class=\"row\">\n\t\t\t\t\t\t\t<div class=\"roundbtn ctbtn\" onclick=\"window.location.href = 'http:\/\/clixtell.com\/freetrial\/?plan=5'\">D\u00e9marrer l&#8217;essai gratuit<\/div>\n\t\t\t\t\t\t<\/div>\n\t\t\t\t\t<\/div>\n\t\t\t\t<\/div>\n\t\t\t\t<div class=\"pricing-features\">\n\t\t\t\t\t<ul>\n\t\t\t\t\t\t<li><strong>Le plan Avanc\u00e9 comprend toutes<br>les caract\u00e9ristiques du plan Standard +<\/strong><\/li>\n\t\t\t\t\t\t<li>la protection contre la fraude au clic Google Ads<\/li>\n\t\t\t\t\t\t<li>Enregistreur vid\u00e9o du site web<\/li>\n\t\t\t\t\t<\/ul>\n\t\t\t\t<\/div>\n\t\t\t<\/div>\n\t\t<\/div>\n\t<\/div>\n<\/section>\n\n<section class=\"cfg4\">\n\t<h1 style=\"text-align:center;padding-top:100px;\">FAQ<\/h1>\n\t<div class=\"container\">\n\t<div class=\"faqs\">\n\t\t<div class=\"entry\">\n\t\t\t<div class=\"question\">Comment fonctionne le suivi des appels ?<div class=\"collapse plus\">+<\/div><\/div>\n\t\t\t<div class=\"answer\">Le service de suivi des appels Clixtell fonctionne en vous fournissant un num\u00e9ro de t\u00e9l\u00e9phone surveill\u00e9 que les clients appelleront et qui sera ensuite transmis \u00e0 votre num\u00e9ro de t\u00e9l\u00e9phone professionnel. Vous pouvez voir et \u00e9couter l&#8217;enregistrement de ces appels et obtenir des informations analytiques qui vous aideront \u00e0 mesurer vos canaux publicitaires. Si vous avez choisi notre plan d&#8217;insertion t\u00e9l\u00e9phonique dynamique, Clixtell vous fournira toutes les informations vitales dont vous avez besoin et changera dynamiquement et automatiquement les num\u00e9ros sur votre site web en fonction de vos param\u00e8tres. Les donn\u00e9es recueillies seront introduites dans votre syst\u00e8me d&#8217;analyse et vos publicit\u00e9s Google.<\/div>\t\n\t\t<\/div>\n\t\t<div class=\"entry\">\n\t\t\t<div class=\"question\">Ai-je un engagement \u00e0 votre service ?<div class=\"collapse plus\">+<\/div><\/div>\n\t\t\t<div class=\"answer\">Non, il n&#8217;y a pas d&#8217;engagement \u00e0 notre service et vous pouvez annuler \u00e0 tout moment.<\/div>\t\n\t\t<\/div>\n\t\t<div class=\"entry\">\n\t\t\t<div class=\"question\">Si j&#8217;ai plusieurs clients, puis-je cr\u00e9er un compte distinct pour chaque client ?<div class=\"collapse plus\">+<\/div><\/div>\n\t\t\t<div class=\"answer\">Oui, vous pouvez cr\u00e9er des comptes s\u00e9par\u00e9s pour vos clients en utilisant notre compte de gestionnaire. \n Oui, vous pouvez cr\u00e9er des comptes distincts pour vos clients \u00e0 l&#8217;aide de notre tableau de bord des comptes de gestionnaires, qui vous permet de cr\u00e9er facilement un compte distinct pour chaque client avec des param\u00e8tres diff\u00e9rents et d&#8217;int\u00e9grer plusieurs comptes Google Ads.\n\t\t\t<\/div>\n\t\t<\/div>\n\t<\/div>\n\t<\/div>\n<\/section>\n<section>\n\t<div class=\"container ctestimonials\">\n\t\t <div class=\"fill\">\n            <img decoding=\"async\" src=\"https:\/\/statics.clixtell.com\/wp-content\/uploads\/centquote.png\" alt=\"clixtell reviews\">\n        <\/div>\n\t\t<div class=\"title\">Ce que disent nos clients<\/div>\n\t\t<div class=\"container\">\n\t\t\t\t<div class=\"col-md-12\" style=\"margin-top:25px\">\n\t\t\t\t\t<a class=\"carousel-control-next\" href=\"#carousel\" role=\"button\" data-slide=\"next\"><img decoding=\"async\" src=\"https:\/\/statics.clixtell.com\/wp-content\/uploads\/arrow_back.svg\" style=\"position: absolute; top: -10%; right: 15px;\"><\/a>\n\t\t\t\t\t<div id=\"carousel\" class=\"carousel slide\" data-ride=\"carousel\">\n\t\t\t\t\t\t<div class=\"carousel-inner\" style=\"box-shadow: 0 0 15px 0 rgba(215,215,215,0.5);\">\n\t\t\t\t\t\t\t<div class=\"carousel-item active\">\n\t\t\t\t\t\t\t\t<div class=\"testimonials-back\">\n\t\t\t\t\t\t\t\t\t<div class=\"row\">\n\t\t\t\t\t\t\t\t\t\t<div class=\"col-md-3 text-center\">\t\t\t\t\t\t\t\t\t\t\n\t\t\t\t\t\t\t\t\t\t\t<img decoding=\"async\" src=\"https:\/\/statics.clixtell.com\/wp-content\/uploads\/avatar7.jpg\" alt=\"\" width=\"100\" height=\"100\" class=\"avatar\"><br>\n\t\t\t\t\t\t\t\t\t\t\t<h5 style=\"  color: #243066; font-size: 20px; font-weight: 500; letter-spacing: 0.39px; line-height: 27px; padding: 0;\">Melinda Cruise<\/h5>S&amp;G Legal Group\n\t\t\t\t\t\t\t\t\t\t<\/div>\n\t\t\t\t\t\t\t\t\t\t<div class=\"col-md-9\" style=\"padding: 15px\">\n Je recommande vivement Clixtell \u00e0 tout commercial ou propri\u00e9taire d&#8217;entreprise qui cherche \u00e0 obtenir plus de donn\u00e9es sur les appels t\u00e9l\u00e9phoniques professionnels. Le logiciel nous fournit des informations pr\u00e9cieuses et nous aide \u00e0 prendre de meilleures d\u00e9cisions commerciales concernant nos campagnes Google Ads&#8221;.\n\t\t\t\t\t\t\t\t\t\t<\/div>\n\t\t\t\t\t\t\t\t\t<\/div>\n\t\t\t\t\t\t\t\t<\/div>\n\t\t\t\t\t\t\t<\/div>\n\t\t\t\t\t\t\t<div class=\"carousel-item\">\n\t\t\t\t\t\t\t\t<div class=\"testimonials-back\">\n\t\t\t\t\t\t\t\t\t\t<div class=\"carousel-content\">\n\t\t\t\t\t\t\t\t\t\t\t<div class=\"row\">\n\t\t\t\t\t\t\t\t\t\t\t\t<div class=\"col-md-3 text-center\">\n\t\t\t\t\t\t\t\t\t\t\t\t\t<img decoding=\"async\" src=\"https:\/\/statics.clixtell.com\/wp-content\/uploads\/avatar.jpg\" alt=\"\" width=\"100\" height=\"100\" class=\"avatar\"><br>\n\t\t\t\t\t\t\t\t\t\t\t\t\t<h5 style=\"  color: #243066; font-size: 20px; font-weight: 500; letter-spacing: 0.39px; line-height: 27px; padding: 0;\">Anna S.<\/h5>Sharp Digital\n\t\t\t\t\t\t\t\t\t\t\t\t<\/div>\n\t\t\t\t\t\t\t\t\t\t\t\t<div class=\"col-md-9\" style=\"padding: 15px\">\n Le tableau de bord et l&#8217;application mobile de Clixtell permettent \u00e0 mes clients de suivre tous leurs clics et leurs appels dans une simple application. Nous pouvons choisir les informations auxquelles chaque client a acc\u00e8s &#8211; en nous assurant que nous pouvons nous concentrer sur la maximisation du retour sur investissement pour nos clients. Hautement recommand\u00e9.\n\t\t\t\t\t\t\t\t\t\t\t\t<\/div>\n\t\t\t\t\t\t\t\t\t\t\t<\/div>\n\t\t\t\t\t\t\t\t\t\t<\/div>\n\t\t\t\t\t\t\t\t\t<\/div>\n\t\t\t\t\t\t\t\t<\/div>\n\t\t\t\t\t\t\t<\/div>\n\t\t\t\t\t\t\t<ol class=\"carousel-indicators\" style=\"bottom: -50px;\">\n \t<li data-target=\"#carousel\" data-slide-to=\"0\" class=\"active\">\n \t<\/li><li data-target=\"#carousel\" data-slide-to=\"1\">\n<\/li><\/ol>\n<\/div>\n<\/div>\n<\/div>\n<\/div>\n<div style=\"margin: auto; margin-top: 100px; text-align: center;\">\n<img decoding=\"async\" class=\"img-fluid\" style=\"max-width: 300px; padding: 10px; margin: auto;\" src=\"https:\/\/statics.clixtell.com\/wp-content\/uploads\/trustpilot-stars.png\" alt=\"trustpilot 5 star reviews\">\n<img decoding=\"async\" class=\"img-fluid\" style=\"max-width: 300px; padding: 10px; margin: auto;\" src=\"https:\/\/statics.clixtell.com\/wp-content\/uploads\/capterra-stars.png\" alt=\"capterra 5 star reviews\">\n\n<\/div>\n<\/div>\n<\/section>\n\n<script>\n\n window.addEventListener('DOMContentLoaded',function() {\n \n $('.faqs .entry').on('click', function(el) {\n var index = $(this).index();\n if($('.faqs .entry .answer').eq(index).css('display') == \"block\") {\n $('.faqs .entry .answer').eq(index).hide();\n $('.faqs .entry .collapse').eq(index).html('+');\n }\n else {\n $('.faqs .entry .answer').eq(index).show();\n $('.faqs .entry .collapse').eq(index).html('-');\n }\n \/*for(var x=0;x <= $('.faqs .entry').length; x++) { } }*\/ }); }, false); <\/script>","protected":false},"excerpt":{"rendered":"Un logiciel puissant de suivi des appels pour votre entreprise 14 jours d&#8217;essai gratuit &#8211; commencez imm\u00e9diatement Mensuel Annuel Basique 10 $ \/ mois Suivi des appels statiques D\u00e9marrer l&#8217;essai gratuit Le plan Basique comprend : Essai gratuit et sans engagement Installation facile et instantan\u00e9e Suivi des appels statiques Tableau de bord en direct Statistiques [&hellip;]","protected":false},"author":1,"featured_media":0,"parent":5825,"menu_order":0,"comment_status":"closed","ping_status":"closed","template":"call-tracking.php","meta":{"footnotes":""},"class_list":["post-5833","page","type-page","status-publish","hentry"],"yoast_head":"<!-- This site is optimized with the Yoast SEO plugin v26.8 - https:\/\/yoast.com\/product\/yoast-seo-wordpress\/ -->\n<title>Tarification Clixtell | Logiciel de suivi et d&#039;analyse des appels<\/title>\n<meta name=\"description\" content=\"Un logiciel puissant de suivi des appels pour votre entreprise, un essai gratuit de 14 jours - commencez imm\u00e9diatement.\" \/>\n<meta name=\"robots\" content=\"index, follow, max-snippet:-1, max-image-preview:large, max-video-preview:-1\" \/>\n<link rel=\"canonical\" href=\"https:\/\/www.clixtell.com\/fr\/suivi-appel\/tarification\/\" \/>\n<meta property=\"og:locale\" content=\"fr_FR\" \/>\n<meta property=\"og:type\" content=\"article\" \/>\n<meta property=\"og:title\" content=\"Tarification Clixtell | Logiciel de suivi et d&#039;analyse des appels\" \/>\n<meta property=\"og:description\" content=\"Un logiciel puissant de suivi des appels pour votre entreprise, un essai gratuit de 14 jours - commencez imm\u00e9diatement.\" \/>\n<meta property=\"og:url\" content=\"https:\/\/www.clixtell.com\/fr\/suivi-appel\/tarification\/\" \/>\n<meta property=\"og:site_name\" content=\"Click Fraud Protection | Call Tracking | Website Video Recorder | Clixtell\u2122\" \/>\n<meta property=\"article:publisher\" content=\"http:\/\/facebook.com\/clixtell\" \/>\n<meta property=\"article:modified_time\" content=\"2020-12-03T17:33:55+00:00\" \/>\n<meta property=\"og:image\" content=\"https:\/\/statics.clixtell.com\/wp-content\/uploads\/centquote.png\" \/>\n<meta name=\"twitter:card\" content=\"summary_large_image\" \/>\n<meta name=\"twitter:site\" content=\"@clixtell\" \/>\n<meta name=\"twitter:label1\" content=\"Dur\u00e9e de lecture estim\u00e9e\" \/>\n\t<meta name=\"twitter:data1\" content=\"3 minutes\" \/>\n<!-- \/ Yoast SEO plugin. -->","yoast_head_json":{"title":"Tarification Clixtell | Logiciel de suivi et d'analyse des appels","description":"Un logiciel puissant de suivi des appels pour votre entreprise, un essai gratuit de 14 jours - commencez imm\u00e9diatement.","robots":{"index":"index","follow":"follow","max-snippet":"max-snippet:-1","max-image-preview":"max-image-preview:large","max-video-preview":"max-video-preview:-1"},"canonical":"https:\/\/www.clixtell.com\/fr\/suivi-appel\/tarification\/","og_locale":"fr_FR","og_type":"article","og_title":"Tarification Clixtell | Logiciel de suivi et d'analyse des appels","og_description":"Un logiciel puissant de suivi des appels pour votre entreprise, un essai gratuit de 14 jours - commencez imm\u00e9diatement.","og_url":"https:\/\/www.clixtell.com\/fr\/suivi-appel\/tarification\/","og_site_name":"Click Fraud Protection | Call Tracking | Website Video Recorder | Clixtell\u2122","article_publisher":"http:\/\/facebook.com\/clixtell","article_modified_time":"2020-12-03T17:33:55+00:00","og_image":[{"url":"https:\/\/statics.clixtell.com\/wp-content\/uploads\/centquote.png","type":"","width":"","height":""}],"twitter_card":"summary_large_image","twitter_site":"@clixtell","twitter_misc":{"Dur\u00e9e de lecture estim\u00e9e":"3 minutes"},"schema":{"@context":"https:\/\/schema.org","@graph":[{"@type":"WebPage","@id":"https:\/\/www.clixtell.com\/fr\/suivi-appel\/tarification\/","url":"https:\/\/www.clixtell.com\/fr\/suivi-appel\/tarification\/","name":"Tarification Clixtell | Logiciel de suivi et d'analyse des appels","isPartOf":{"@id":"https:\/\/www.clixtell.com\/fr\/#website"},"primaryImageOfPage":{"@id":"https:\/\/www.clixtell.com\/fr\/suivi-appel\/tarification\/#primaryimage"},"image":{"@id":"https:\/\/www.clixtell.com\/fr\/suivi-appel\/tarification\/#primaryimage"},"thumbnailUrl":"https:\/\/statics.clixtell.com\/wp-content\/uploads\/centquote.png","datePublished":"2020-12-03T12:51:29+00:00","dateModified":"2020-12-03T17:33:55+00:00","description":"Un logiciel puissant de suivi des appels pour votre entreprise, un essai gratuit de 14 jours - commencez imm\u00e9diatement.","breadcrumb":{"@id":"https:\/\/www.clixtell.com\/fr\/suivi-appel\/tarification\/#breadcrumb"},"inLanguage":"fr-FR","potentialAction":[{"@type":"ReadAction","target":["https:\/\/www.clixtell.com\/fr\/suivi-appel\/tarification\/"]}]},{"@type":"ImageObject","inLanguage":"fr-FR","@id":"https:\/\/www.clixtell.com\/fr\/suivi-appel\/tarification\/#primaryimage","url":"https:\/\/statics.clixtell.com\/wp-content\/uploads\/centquote.png","contentUrl":"https:\/\/statics.clixtell.com\/wp-content\/uploads\/centquote.png"},{"@type":"BreadcrumbList","@id":"https:\/\/www.clixtell.com\/fr\/suivi-appel\/tarification\/#breadcrumb","itemListElement":[{"@type":"ListItem","position":1,"name":"Home","item":"https:\/\/www.clixtell.com\/fr\/"},{"@type":"ListItem","position":2,"name":"Clixtell | Logiciel de suivi et d&rsquo;analyse des appels","item":"https:\/\/www.clixtell.com\/fr\/suivi-appel\/"},{"@type":"ListItem","position":3,"name":"Tarification Clixtell | Logiciel de suivi et d&rsquo;analyse des appels"}]},{"@type":"WebSite","@id":"https:\/\/www.clixtell.com\/fr\/#website","url":"https:\/\/www.clixtell.com\/fr\/","name":"Click Fraud Protection | Call Tracking | Website Video Recorder | Clixtell\u2122","description":"Safe &amp; Sound Digital Marketing","publisher":{"@id":"https:\/\/www.clixtell.com\/fr\/#organization"},"potentialAction":[{"@type":"SearchAction","target":{"@type":"EntryPoint","urlTemplate":"https:\/\/www.clixtell.com\/fr\/?s={search_term_string}"},"query-input":{"@type":"PropertyValueSpecification","valueRequired":true,"valueName":"search_term_string"}}],"inLanguage":"fr-FR"},{"@type":"Organization","@id":"https:\/\/www.clixtell.com\/fr\/#organization","name":"Clixtell","url":"https:\/\/www.clixtell.com\/fr\/","logo":{"@type":"ImageObject","inLanguage":"fr-FR","@id":"https:\/\/www.clixtell.com\/fr\/#\/schema\/logo\/image\/","url":"https:\/\/www.clixtell.com\/wp-content\/uploads\/logoc.png","contentUrl":"https:\/\/www.clixtell.com\/wp-content\/uploads\/logoc.png","width":168,"height":43,"caption":"Clixtell"},"image":{"@id":"https:\/\/www.clixtell.com\/fr\/#\/schema\/logo\/image\/"},"sameAs":["http:\/\/facebook.com\/clixtell","https:\/\/x.com\/clixtell"]}]}},"_links":{"self":[{"href":"https:\/\/www.clixtell.com\/fr\/wp-json\/wp\/v2\/pages\/5833","targetHints":{"allow":["GET"]}}],"collection":[{"href":"https:\/\/www.clixtell.com\/fr\/wp-json\/wp\/v2\/pages"}],"about":[{"href":"https:\/\/www.clixtell.com\/fr\/wp-json\/wp\/v2\/types\/page"}],"author":[{"embeddable":true,"href":"https:\/\/www.clixtell.com\/fr\/wp-json\/wp\/v2\/users\/1"}],"replies":[{"embeddable":true,"href":"https:\/\/www.clixtell.com\/fr\/wp-json\/wp\/v2\/comments?post=5833"}],"version-history":[{"count":0,"href":"https:\/\/www.clixtell.com\/fr\/wp-json\/wp\/v2\/pages\/5833\/revisions"}],"up":[{"embeddable":true,"href":"https:\/\/www.clixtell.com\/fr\/wp-json\/wp\/v2\/pages\/5825"}],"wp:attachment":[{"href":"https:\/\/www.clixtell.com\/fr\/wp-json\/wp\/v2\/media?parent=5833"}],"curies":[{"name":"wp","href":"https:\/\/api.w.org\/{rel}","templated":true}]}}