{"id":5853,"date":"2020-12-07T20:58:01","date_gmt":"2020-12-07T20:58:01","guid":{"rendered":"https:\/\/www.clixtell.com\/?page_id=5853"},"modified":"2020-12-07T20:58:01","modified_gmt":"2020-12-07T20:58:01","slug":"enregistreur-video-site-web","status":"publish","type":"page","link":"https:\/\/www.clixtell.com\/fr\/enregistreur-video-site-web\/","title":{"rendered":"Clixtell | Logiciel d&#8217;enregistrement vid\u00e9o pour site web"},"content":{"rendered":"<div class=\"recorder1\">\n\t<div class=\"recorder-header\">\n\t\t<div class=\"container\" style=\"padding-top:80px\">        \n\t\t<nav class=\"navbar navbar-expand-lg navbar-light\" style=\"border-top:1px solid white;margin-top:18px;\">\n\n\t\t\t\t<a href=\"https:\/\/www.clixtell.com\/fr\/enregistreur-video-site-web\/\"><h5 style=\"color: #fff; padding: 0px;\">Enregistreur vid\u00e9o du site web<\/h5><\/a>\n\t\t\t <button class=\"navbar-toggler mnavt\" type=\"button\" data-toggle=\"collapse\" data-target=\"#navbarNavAltMarkup1\" aria-controls=\"navbarNavAltMarkup1\" aria-expanded=\"false\" aria-label=\"Toggle navigation\">\n\t\t\t\t\t<span class=\"navbar-toggler-icon\"><\/span>\n\t\t\t\t<\/button>\n\t\t\t\t<div class=\"collapse navbar-collapse justify-content-end\" id=\"navbarNavAltMarkup1\">\n\t\t\t\t\t<div class=\"navbar-nav abs\">\n\t\t\t\t\t\t<a class=\"nav-item nav-link\" href=\"https:\/\/www.clixtell.com\/fr\/enregistreur-video-site-web\/comment-ca-marche-3\/\">Comment \u00e7a marche<\/a>\n\t\t\t\t\t\t<a class=\"nav-item nav-link\" href=\"https:\/\/www.clixtell.com\/fr\/enregistreur-video-site-web\/tarification\/\">Tarification<\/a>\n\t\t\t\t\t\t<a class=\"nav-item nav-link\" href=\"https:\/\/www.clixtell.com\/freetrial\/?plan=6\">Essai gratuit<\/a>\n\t\t\t\t\t <\/div>\n\t\t\t\t<\/div>\n\t\t\t<\/nav>\n\t\t<\/div>\n\t\t<div class=\"container\">\n\t\t\t<div class=\"row home-content mob-pad\">\n\t\t\t\t<div class=\"col-md-6 \">\n\t\t\t\t\t<h1 class=\"fix-marg\" style=\"color: #fff; margin-top: 16%;\">Observer et comprendre \n Le comportement des visiteurs de votre site web<\/h1>\n\t\t\t\t\t<h3 style=\"color: #fff;margin-top: 3vh;\">Avec des aper\u00e7us visuels clairs et utiles.<\/h3>\n\t\t\t\t\t<div class=\"row\" style=\"margin-top: 3vh;\">\n\t\t\t\t\t<a href=\"https:\/\/www.clixtell.com\/freetrial\/?plan=6\" class=\"bigbtn whiterecbtn\">Commencez un essai gratuit de 14 jours<\/a> <a href=\"https:\/\/www.clixtell.com\/fr\/reserve-une-demo\/\" class=\"bigbtn whitebtn\">Demandez une Demo<\/a><\/div>\n\t\t\t\t\t<\/div>\n\t\t\t\t<div class=\"col-md-6 center d-none d-md-block\"><video src=\"https:\/\/statics.clixtell.com\/wp-content\/uploads\/video-recorder-main-animation-comp.webm\" autoplay loop playsinline muted type=\"video\/webm\" class=\"img-fluid\"><\/div>\n\t\t\t\t<div class=\"col-md-6 mob-pad d-block d-md-none center\"><img decoding=\"async\" src=\"https:\/\/statics.clixtell.com\/wp-content\/uploads\/video-recorder@3x.png\" class=\"img-fluid\"><\/div>\n\t\t\t<\/div>\n\t\t<\/div>\n\t<\/div>\n\t<section class=\"recorder-features\" style=\"margin-top: 100px\">\n\t\t<div class=\"container\" style=\"max-width: 1400px\">\n\t\t\t<div class=\"row\">\n\t\t\t\t<h1 style=\"color: #B53DFF; text-align: center; flex: auto;\">Enregistreur vid\u00e9o du site web<\/h1>\n\t\t\t<\/div>\n\t\t\t<div class=\"row\">\n\t\t\t\t<div class=\"col-lg-4\">\n\t\t\t\t\t<div class=\"feature box\">\n\t\t\t\t\t\t<h2>Enregistrer toutes les sessions des visiteurs<\/h2>\n Gr\u00e2ce \u00e0 notre enregistreur de session vid\u00e9o, vous pouvez enregistrer les mouvements r\u00e9els de la souris lorsque les visiteurs se d\u00e9placent sur les pages de votre site web. Vous pouvez voir o\u00f9 ils ont cliqu\u00e9, combien de fois ils se sont d\u00e9plac\u00e9s de haut en bas sur une page, et comment ils ont interagi avec les formulaires et les liens.\n\t\t\t\t\t<\/div>\n\t\t\t\t\t<div class=\"feature box\">\n\t\t\t\t\t\t<h2>Booster les r\u00e9sultats<\/h2>\n Am\u00e9liorez les taux de conversion en ligne en d\u00e9couvrant quand et pourquoi vos visiteurs abandonnent. Trouvez les plus grandes possibilit\u00e9s d&#8217;am\u00e9lioration en identifiant les pages et les \u00e9tapes que la plupart des visiteurs quittent votre site.\n\t\t\t\t\t<\/div>\n\t\t\t\t\t<div class=\"feature box\">\n\t\t\t\t\t\t<h2>Identifier les probl\u00e8mes<\/h2>\n Identifiez les probl\u00e8mes de convivialit\u00e9 du site web en regardant des enregistrements de visiteurs r\u00e9els sur votre site lorsqu&#8217;ils cliquent, tapent, d\u00e9placent leur curseur et naviguent sur les pages et les formulaires.\n\t\t\t\t\t<\/div>\n\t\t\t\t<\/div>\n\t\t\t\t<div class=\"col-lg-4\">\n\t\t\t\t\t<img decoding=\"async\" src=\"\">\n\t\t\t\t<\/div>\n\t\t\t\t<div class=\"col-lg-4\">\n\t\t\t\t\t<div class=\"feature box\">\n\t\t\t\t\t\t<h2>Am\u00e9liorer UX\/UI<\/h2>\n Am\u00e9liorer l&#8217;exp\u00e9rience des utilisateurs du site web en visualisant votre site de la m\u00eame mani\u00e8re que vos utilisateurs le font &#8211; sur diff\u00e9rents appareils, syst\u00e8mes d&#8217;exploitation et navigateurs. Identifier et traiter les probl\u00e8mes de compatibilit\u00e9 et d&#8217;interface utilisateur.\n\t\t\t\t\t<\/div>\n\t\t\t\t\t<div class=\"feature box\">\n\t\t\t\t\t\t<h2>Conversion Intelligence<\/h2>\n Gr\u00e2ce \u00e0 notre fonction conversion intelligence, vous pouvez suivre tous les types de conversion, des formulaires web aux pistes d&#8217;appels t\u00e9l\u00e9phoniques, ce qui vous permet de vous concentrer uniquement sur ce qui convertit vraiment.\n\t\t\t\t\t<\/div>\n\t\t\t\t\t<div class=\"feature box\">\n\t\t\t\t\t\t<h2>Bloquer les bots<\/h2>\n Identifier et bloquer les &#8220;click bots&#8221; et les fraudeurs pour qu&#8217;ils n&#8217;acc\u00e8dent pas \u00e0 votre site web. Identifier les adresses IP malveillantes utilis\u00e9es par les concurrents ou les pirates pour gaspiller votre budget P.P.C.\n\t\t\t\t\t<\/div>\n\t\t\t\t<\/div>\n\t\t\t<\/div>\n\t\t<\/div>\n\t<\/section>\n\t<section class=\"customers\" style=\"margin-top:150px\">\n\t\t<div class=\"wrap\">\n\t\t\t<h1 style=\"color: #B53DFF; padding-top:95px; text-align: center;\">Ce que disent nos clients<\/h1>\n\t\t\t\t<div class=\"container\">\n\t\t\t\t\t<div class=\"col-md-12\" style=\"margin-top:25px\">\n\t\t\t\t\t\t<a class=\"carousel-control-next\" href=\"#carousel\" role=\"button\" data-slide=\"next\"><img decoding=\"async\" src=\"https:\/\/statics.clixtell.com\/wp-content\/uploads\/arrow_back.svg\" style=\"position: absolute; top: -10%; right: 15px;\"><\/a>\n\t\t\t\t\t\t<div id=\"carousel\" class=\"carousel slide\" data-ride=\"carousel\">\n\t\t\t\t\t\t\t<div class=\"carousel-inner\">\n\t\t\t\t\t\t\t\t<div class=\"carousel-item active\">\n\t\t\t\t\t\t\t\t\t<div class=\"testimonials-back\">\n\t\t\t\t\t\t\t\t\t\t<div class=\"row\">\n\t\t\t\t\t\t\t\t\t\t\t<div class=\"col-md-3 text-center\">\t\t\t\t\t\t\t\t\t\t\n\t\t\t\t\t\t\t\t\t\t\t\t<img decoding=\"async\" src=\"https:\/\/statics.clixtell.com\/wp-content\/uploads\/girl-657753_640.png\" alt=\"\" width=\"100\" height=\"100\" class=\"avatar\"><br>\n\t\t\t\t\t\t\t\t\t\t\t\t<h5 style=\"  color: #243066; font-family: Roboto; font-size: 20px; font-weight: 500; letter-spacing: 0.39px; line-height: 27px; padding: 0;\">Anna Butler<\/h5>\n\t\t\t\t\t\t\t\t\t\t\t<\/div>\n\t\t\t\t\t\t\t\t\t\t\t<div class=\"col-md-9\" style=\"padding: 15px\">\n \u201cClixtell a tout, j&#8217;aime beaucoup la combinaison de la capture vid\u00e9o et des fonctions de protection contre la fraude du PPC. J&#8217;appr\u00e9cie \u00e9galement l&#8217;accessibilit\u00e9 de l&#8217;\u00e9quipe \u00e0 mes besoins &#8211; toujours prompte \u00e0 r\u00e9pondre \u00e0 un chat ou \u00e0 un e-mail. Clixtell travaille et fait exactement ce qu&#8217;il dit qu&#8217;il fera.\u201d\n\n\t\t\t\t\t\t\t\t\t\t\t<\/div>\n\t\t\t\t\t\t\t\t\t\t<\/div>\n\t\t\t\t\t\t\t\t\t<\/div>\n\t\t\t\t\t\t\t\t<\/div>\n\t\t\t\t\t\t\t\t<div class=\"carousel-item\">\n\t\t\t\t\t\t\t\t\t<div class=\"testimonials-back\">\n\t\t\t\t\t\t\t\t\t\t\t<div class=\"carousel-content\">\n\t\t\t\t\t\t\t\t\t\t\t\t<div class=\"row\">\n\t\t\t\t\t\t\t\t\t\t\t\t\t<div class=\"col-md-3 text-center\">\n\t\t\t\t\t\t\t\t\t\t\t\t\t\t<img decoding=\"async\" src=\"https:\/\/statics.clixtell.com\/wp-content\/uploads\/2017\/03\/avatar8.jpg\" alt=\"\" width=\"100\" height=\"100\" class=\"avatar\"><br>\n\t\t\t\t\t\t\t\t\t\t\t\t\t\t<h5 style=\"  color: #243066; font-size: 20px; font-weight: 500; letter-spacing: 0.39px; line-height: 27px; padding: 0;\">Eric Friedman<\/h5>\n\t\t\t\t\t\t\t\t\t\t\t\t\t<\/div>\n\t\t\t\t\t\t\t\t\t\t\t\t\t<div class=\"col-md-9\" style=\"padding: 15px\">\n &#8220;Clixtell est fortement recommand\u00e9, la fonction d&#8217;enregistrement des visiteurs fonctionne parfaitement et l&#8217;examen des sessions est excellent gr\u00e2ce \u00e0 leurs autres fonctions de surveillance. Cela vous donne beaucoup d&#8217;informations pour prendre des d\u00e9cisions plus \u00e9clair\u00e9es lors de la gestion des campagnes publicitaires sur Google et Facebook.&#8221;\n\t\t\t\t\t\t\t\t\t\t\t\t\t<\/div>\n\t\t\t\t\t\t\t\t\t\t\t\t<\/div>\n\t\t\t\t\t\t\t\t\t\t\t<\/div>\n\t\t\t\t\t\t\t\t\t\t<\/div>\n\t\t\t\t\t\t\t\t\t<\/div>\n\t\t\t\t\t\t\t\t<\/div>\n\t\t\t\t\t\t\t\t<ol class=\"carousel-indicators\" style=\"bottom: -50px\">\n\t\t\t\t\t\t\t\t\t<li data-target=\"#carousel\" data-slide-to=\"0\" class=\"active\">\n\t\t\t\t\t\t\t\t\t<\/li><li data-target=\"#carousel\" data-slide-to=\"1\">\n\t\t\t\t\t\t\t\t<\/li><\/ol>\n\t\t\t\t\t\t\t<\/div>\n\t\t\t\t\t\t<\/div>\n\t\t\t\t\t<\/div>\n\t\t\t\t<\/div>\n\t\t\t\t<div class=\"container\" style=\"margin-bottom: 75px; text-align: center;\">\n\t\t\t\t\t<div class=\"container\">\n\t\t\t\t\t\t<div class=\"row\" style=\"margin-top: 75px;\">\n\t\t\t\t\t\t\t<div class=\"col-sm-3\"><img decoding=\"async\" src=\"https:\/\/statics.clixtell.com\/wp-content\/uploads\/2018\/12\/586efabc87dadaa6bf8d2a3f.png\" alt=\"google ads\" class=\"logos\"><\/div>\n\t\t\t\t\t\t\t<div class=\"col-sm-3\"><img decoding=\"async\" src=\"https:\/\/statics.clixtell.com\/wp-content\/uploads\/2018\/12\/Bing-Ads.png\" alt=\"bing ads\" class=\"logos\"><\/div>\n\t\t\t\t\t\t\t<div class=\"col-sm-3\"><img decoding=\"async\" src=\"https:\/\/statics.clixtell.com\/wp-content\/uploads\/2018\/12\/facebook-logo.png\" alt=\"google\" class=\"logos\"><\/div>\n\t\t\t\t\t\t\t<div class=\"col-sm-3\"><img decoding=\"async\" src=\"https:\/\/statics.clixtell.com\/wp-content\/uploads\/2018\/12\/Yahoo-logo.png\" alt=\"yahoo\" class=\"logos\"><\/div>\n\t\t\t\t\t\t<\/div>\n\t\t\t\t\t\t<div class=\"row\">\n\t\t\t\t\t\t\t<div class=\"col-sm-3\"><img decoding=\"async\" src=\"https:\/\/statics.clixtell.com\/wp-content\/uploads\/2018\/12\/facebook-logo-copy.png\" alt=\"facebook logo\" class=\"logos\"><\/div>\n\t\t\t\t\t\t\t<div class=\"col-sm-3\"><img decoding=\"async\" src=\"https:\/\/statics.clixtell.com\/wp-content\/uploads\/2018\/12\/Twitter_2010_logo_-_from_Commons.svg_.png\" alt=\"twitter tracking\" class=\"logos\"><\/div>\n\t\t\t\t\t\t\t<div class=\"col-md-3\"><img decoding=\"async\" src=\"https:\/\/statics.clixtell.com\/wp-content\/uploads\/2018\/12\/Bitmap.png\" alt=\"outbrain tracking\" class=\"logos\"><\/div>\n\t\t\t\t\t\t\t<div class=\"col-sm-3\"><img decoding=\"async\" src=\"https:\/\/statics.clixtell.com\/wp-content\/uploads\/Bitmap.png\" alt=\"taboola tracking\" class=\"logos\"><\/div>\n\t\t\t\t\t\t<\/div>\n\t\t\t\t\t<\/div>\n\t\t\t\t<\/div>\n\t\t\t<\/div>\n\t<\/section>\n<\/div>\n\t<div data-post-id=\"5603\" class=\"insert-page insert-page-5603 \"><section style=\"margin-top:100px; margin-bottom:100px;\">\n\t<div class=\"wrap\">\n\t\t<div class=\"center\">\n\t\t\t<h5 style=\"margin-bottom: 20px;\">Activez votre enregistreur de session vid\u00e9o maintenant<\/h5>\n\t\t\t<a href=\"http:\/\/clixtell.com\/freetrial\/?plan=6\" class=\"bigbtn fullrecbtn\">Commencer un essai gratuit<\/a> <a href=\"http:\/\/clixtell.com\/book-a-demo\/\" class=\"bigbtn recbtn\">Demander une d\u00e9mo<\/a>\n\t\t<\/div>\n\t<\/div>\n<\/section><\/div>","protected":false},"excerpt":{"rendered":"Enregistreur vid\u00e9o du site web Comment \u00e7a marche Tarification Essai gratuit Observer et comprendre Le comportement des visiteurs de votre site web Avec des aper\u00e7us visuels clairs et utiles. Commencez un essai gratuit de 14 jours Demandez une Demo Enregistreur vid\u00e9o du site web Enregistrer toutes les sessions des visiteurs Gr\u00e2ce \u00e0 notre enregistreur de [&hellip;]","protected":false},"author":1,"featured_media":0,"parent":0,"menu_order":0,"comment_status":"closed","ping_status":"closed","template":"","meta":{"footnotes":""},"class_list":["post-5853","page","type-page","status-publish","hentry"],"yoast_head":"<!-- This site is optimized with the Yoast SEO plugin v26.8 - https:\/\/yoast.com\/product\/yoast-seo-wordpress\/ -->\n<title>Clixtell | Logiciel d&#039;enregistrement vid\u00e9o pour site web<\/title>\n<meta name=\"description\" content=\"Gr\u00e2ce \u00e0 notre enregistreur de session vid\u00e9o, vous pouvez enregistrer les mouvements r\u00e9els de la souris lorsque les visiteurs se d\u00e9placent sur les pages de votre site web. Vous pouvez voir o\u00f9 ils ont cliqu\u00e9, combien de fois ils se sont d\u00e9plac\u00e9s de haut en bas sur une page, et comment ils ont interagi avec les formulaires et les liens.\" \/>\n<meta name=\"robots\" content=\"index, follow, max-snippet:-1, max-image-preview:large, max-video-preview:-1\" \/>\n<link rel=\"canonical\" href=\"https:\/\/www.clixtell.com\/fr\/enregistreur-video-site-web\/\" \/>\n<meta property=\"og:locale\" content=\"fr_FR\" \/>\n<meta property=\"og:type\" content=\"article\" \/>\n<meta property=\"og:title\" content=\"Clixtell | Logiciel d&#039;enregistrement vid\u00e9o pour site web\" \/>\n<meta property=\"og:description\" content=\"Gr\u00e2ce \u00e0 notre enregistreur de session vid\u00e9o, vous pouvez enregistrer les mouvements r\u00e9els de la souris lorsque les visiteurs se d\u00e9placent sur les pages de votre site web. Vous pouvez voir o\u00f9 ils ont cliqu\u00e9, combien de fois ils se sont d\u00e9plac\u00e9s de haut en bas sur une page, et comment ils ont interagi avec les formulaires et les liens.\" \/>\n<meta property=\"og:url\" content=\"https:\/\/www.clixtell.com\/fr\/enregistreur-video-site-web\/\" \/>\n<meta property=\"og:site_name\" content=\"Click Fraud Protection | Call Tracking | Website Video Recorder | Clixtell\u2122\" \/>\n<meta property=\"article:publisher\" content=\"http:\/\/facebook.com\/clixtell\" \/>\n<meta property=\"og:image\" content=\"https:\/\/statics.clixtell.com\/wp-content\/uploads\/video-recorder@3x.png\" \/>\n<meta name=\"twitter:card\" content=\"summary_large_image\" \/>\n<meta name=\"twitter:site\" content=\"@clixtell\" \/>\n<meta name=\"twitter:label1\" content=\"Dur\u00e9e de lecture estim\u00e9e\" \/>\n\t<meta name=\"twitter:data1\" content=\"2 minutes\" \/>\n<!-- \/ Yoast SEO plugin. -->","yoast_head_json":{"title":"Clixtell | Logiciel d'enregistrement vid\u00e9o pour site web","description":"Gr\u00e2ce \u00e0 notre enregistreur de session vid\u00e9o, vous pouvez enregistrer les mouvements r\u00e9els de la souris lorsque les visiteurs se d\u00e9placent sur les pages de votre site web. Vous pouvez voir o\u00f9 ils ont cliqu\u00e9, combien de fois ils se sont d\u00e9plac\u00e9s de haut en bas sur une page, et comment ils ont interagi avec les formulaires et les liens.","robots":{"index":"index","follow":"follow","max-snippet":"max-snippet:-1","max-image-preview":"max-image-preview:large","max-video-preview":"max-video-preview:-1"},"canonical":"https:\/\/www.clixtell.com\/fr\/enregistreur-video-site-web\/","og_locale":"fr_FR","og_type":"article","og_title":"Clixtell | Logiciel d'enregistrement vid\u00e9o pour site web","og_description":"Gr\u00e2ce \u00e0 notre enregistreur de session vid\u00e9o, vous pouvez enregistrer les mouvements r\u00e9els de la souris lorsque les visiteurs se d\u00e9placent sur les pages de votre site web. Vous pouvez voir o\u00f9 ils ont cliqu\u00e9, combien de fois ils se sont d\u00e9plac\u00e9s de haut en bas sur une page, et comment ils ont interagi avec les formulaires et les liens.","og_url":"https:\/\/www.clixtell.com\/fr\/enregistreur-video-site-web\/","og_site_name":"Click Fraud Protection | Call Tracking | Website Video Recorder | Clixtell\u2122","article_publisher":"http:\/\/facebook.com\/clixtell","og_image":[{"url":"https:\/\/statics.clixtell.com\/wp-content\/uploads\/video-recorder@3x.png","type":"","width":"","height":""}],"twitter_card":"summary_large_image","twitter_site":"@clixtell","twitter_misc":{"Dur\u00e9e de lecture estim\u00e9e":"2 minutes"},"schema":{"@context":"https:\/\/schema.org","@graph":[{"@type":"WebPage","@id":"https:\/\/www.clixtell.com\/fr\/enregistreur-video-site-web\/","url":"https:\/\/www.clixtell.com\/fr\/enregistreur-video-site-web\/","name":"Clixtell | Logiciel d'enregistrement vid\u00e9o pour site web","isPartOf":{"@id":"https:\/\/www.clixtell.com\/fr\/#website"},"primaryImageOfPage":{"@id":"https:\/\/www.clixtell.com\/fr\/enregistreur-video-site-web\/#primaryimage"},"image":{"@id":"https:\/\/www.clixtell.com\/fr\/enregistreur-video-site-web\/#primaryimage"},"thumbnailUrl":"https:\/\/statics.clixtell.com\/wp-content\/uploads\/video-recorder@3x.png","datePublished":"2020-12-07T20:58:01+00:00","description":"Gr\u00e2ce \u00e0 notre enregistreur de session vid\u00e9o, vous pouvez enregistrer les mouvements r\u00e9els de la souris lorsque les visiteurs se d\u00e9placent sur les pages de votre site web. Vous pouvez voir o\u00f9 ils ont cliqu\u00e9, combien de fois ils se sont d\u00e9plac\u00e9s de haut en bas sur une page, et comment ils ont interagi avec les formulaires et les liens.","breadcrumb":{"@id":"https:\/\/www.clixtell.com\/fr\/enregistreur-video-site-web\/#breadcrumb"},"inLanguage":"fr-FR","potentialAction":[{"@type":"ReadAction","target":["https:\/\/www.clixtell.com\/fr\/enregistreur-video-site-web\/"]}]},{"@type":"ImageObject","inLanguage":"fr-FR","@id":"https:\/\/www.clixtell.com\/fr\/enregistreur-video-site-web\/#primaryimage","url":"https:\/\/statics.clixtell.com\/wp-content\/uploads\/video-recorder@3x.png","contentUrl":"https:\/\/statics.clixtell.com\/wp-content\/uploads\/video-recorder@3x.png"},{"@type":"BreadcrumbList","@id":"https:\/\/www.clixtell.com\/fr\/enregistreur-video-site-web\/#breadcrumb","itemListElement":[{"@type":"ListItem","position":1,"name":"Home","item":"https:\/\/www.clixtell.com\/fr\/"},{"@type":"ListItem","position":2,"name":"Clixtell | Logiciel d&rsquo;enregistrement vid\u00e9o pour site web"}]},{"@type":"WebSite","@id":"https:\/\/www.clixtell.com\/fr\/#website","url":"https:\/\/www.clixtell.com\/fr\/","name":"Click Fraud Protection | Call Tracking | Website Video Recorder | Clixtell\u2122","description":"Safe &amp; Sound Digital Marketing","publisher":{"@id":"https:\/\/www.clixtell.com\/fr\/#organization"},"potentialAction":[{"@type":"SearchAction","target":{"@type":"EntryPoint","urlTemplate":"https:\/\/www.clixtell.com\/fr\/?s={search_term_string}"},"query-input":{"@type":"PropertyValueSpecification","valueRequired":true,"valueName":"search_term_string"}}],"inLanguage":"fr-FR"},{"@type":"Organization","@id":"https:\/\/www.clixtell.com\/fr\/#organization","name":"Clixtell","url":"https:\/\/www.clixtell.com\/fr\/","logo":{"@type":"ImageObject","inLanguage":"fr-FR","@id":"https:\/\/www.clixtell.com\/fr\/#\/schema\/logo\/image\/","url":"https:\/\/www.clixtell.com\/wp-content\/uploads\/logoc.png","contentUrl":"https:\/\/www.clixtell.com\/wp-content\/uploads\/logoc.png","width":168,"height":43,"caption":"Clixtell"},"image":{"@id":"https:\/\/www.clixtell.com\/fr\/#\/schema\/logo\/image\/"},"sameAs":["http:\/\/facebook.com\/clixtell","https:\/\/x.com\/clixtell"]}]}},"_links":{"self":[{"href":"https:\/\/www.clixtell.com\/fr\/wp-json\/wp\/v2\/pages\/5853","targetHints":{"allow":["GET"]}}],"collection":[{"href":"https:\/\/www.clixtell.com\/fr\/wp-json\/wp\/v2\/pages"}],"about":[{"href":"https:\/\/www.clixtell.com\/fr\/wp-json\/wp\/v2\/types\/page"}],"author":[{"embeddable":true,"href":"https:\/\/www.clixtell.com\/fr\/wp-json\/wp\/v2\/users\/1"}],"replies":[{"embeddable":true,"href":"https:\/\/www.clixtell.com\/fr\/wp-json\/wp\/v2\/comments?post=5853"}],"version-history":[{"count":0,"href":"https:\/\/www.clixtell.com\/fr\/wp-json\/wp\/v2\/pages\/5853\/revisions"}],"wp:attachment":[{"href":"https:\/\/www.clixtell.com\/fr\/wp-json\/wp\/v2\/media?parent=5853"}],"curies":[{"name":"wp","href":"https:\/\/api.w.org\/{rel}","templated":true}]}}